{"id":10511,"date":"2017-12-06T00:00:40","date_gmt":"2017-12-05T23:00:40","guid":{"rendered":"http:\/\/www.barbie-secondlife.com\/?page_id=10511"},"modified":"2026-01-01T16:40:20","modified_gmt":"2026-01-01T15:40:20","slug":"evenements","status":"publish","type":"page","link":"https:\/\/www.barbie-secondlife.com\/br\/evenements\/","title":{"rendered":"Eventos"},"content":{"rendered":"\n<h2 class=\"wp-block-heading\"><strong><em>Barbie Eventos<\/em><\/strong><\/h2>\n\n\n\n<p>Aqui est\u00e3o os diferentes eventos que ocorreram em 2017, 2018, 2019, 2020, 2021, 2024 outros est\u00e3o em prepara\u00e7\u00e3o para 2025.<\/p>\n\n\n\n<hr class=\"wp-block-separator has-css-opacity\"\/>\n\n\n\n<p class=\"has-text-align-center has-text-color has-large-font-size\" style=\"color:#e67fb9\"><strong>2025<\/strong><\/p>\n\n\n<div class=\"wp-block-image is-resized\">\n<figure class=\"aligncenter size-full\"><a href=\"https:\/\/www.barbie-secondlife.com\/br\/evenements\/barbies-next-top-model-2025\/\"><img decoding=\"async\" width=\"700\" height=\"184\" data-src=\"https:\/\/www.barbie-secondlife.com\/wp-content\/uploads\/2025\/07\/BNTM-1.gif\" alt=\"Barbie Next's Top Model\" class=\"wp-image-604981 lazyload\" src=\"data:image\/svg+xml;base64,PHN2ZyB3aWR0aD0iMSIgaGVpZ2h0PSIxIiB4bWxucz0iaHR0cDovL3d3dy53My5vcmcvMjAwMC9zdmciPjwvc3ZnPg==\" style=\"--smush-placeholder-width: 700px; --smush-placeholder-aspect-ratio: 700\/184;\" \/><\/a><\/figure>\n<\/div>\n\n\n<hr class=\"wp-block-separator has-css-opacity\"\/>\n\n\n\n<p class=\"has-text-align-center has-text-color has-large-font-size\" style=\"color:#e67fb9\"><strong>2024<\/strong><\/p>\n\n\n<div class=\"wp-block-image is-resized\">\n<figure class=\"aligncenter size-thumbnail\"><a href=\"https:\/\/www.barbie-secondlife.com\/br\/evenements\/barbie-ken-couple-de-lannee-2024\/\"><img decoding=\"async\" width=\"300\" height=\"300\" data-src=\"https:\/\/www.barbie-secondlife.com\/wp-content\/uploads\/2024\/03\/Couple2024-300x300.jpg\" alt=\"Couple 2024 : Barbie Ken\" class=\"wp-image-601386 lazyload\" style=\"--smush-placeholder-width: 300px; --smush-placeholder-aspect-ratio: 300\/300;aspect-ratio:1;object-fit:cover\" data-srcset=\"https:\/\/www.barbie-secondlife.com\/wp-content\/uploads\/2024\/03\/Couple2024-300x300.jpg 300w, https:\/\/www.barbie-secondlife.com\/wp-content\/uploads\/2024\/03\/Couple2024-302x302.jpg 302w, https:\/\/www.barbie-secondlife.com\/wp-content\/uploads\/2024\/03\/Couple2024-200x200.jpg 200w, https:\/\/www.barbie-secondlife.com\/wp-content\/uploads\/2024\/03\/Couple2024-350x350.jpg 350w, https:\/\/www.barbie-secondlife.com\/wp-content\/uploads\/2024\/03\/Couple2024.jpg 500w\" data-sizes=\"(max-width: 300px) 100vw, 300px\" src=\"data:image\/svg+xml;base64,PHN2ZyB3aWR0aD0iMSIgaGVpZ2h0PSIxIiB4bWxucz0iaHR0cDovL3d3dy53My5vcmcvMjAwMC9zdmciPjwvc3ZnPg==\" \/><\/a><\/figure>\n<\/div>\n\n\n<hr class=\"wp-block-separator has-css-opacity\"\/>\n\n\n\n<p class=\"has-text-align-center has-text-color has-large-font-size\" style=\"color:#e67fb9\"><strong>2021<\/strong><\/p>\n\n\n<div class=\"wp-block-image is-resized\">\n<figure class=\"aligncenter size-thumbnail\"><a href=\"https:\/\/www.barbie-secondlife.com\/br\/evenements\/barbie-calendrier-de-lavent-2021\/\"><img decoding=\"async\" width=\"300\" height=\"300\" data-src=\"https:\/\/www.barbie-secondlife.com\/wp-content\/uploads\/2021\/11\/Calendrier_Barbie_500x500-300x300.png\" alt=\"calendrier Avent Barbie\" class=\"wp-image-543745 lazyload\" style=\"--smush-placeholder-width: 300px; --smush-placeholder-aspect-ratio: 300\/300;aspect-ratio:1;object-fit:cover\" data-srcset=\"https:\/\/www.barbie-secondlife.com\/wp-content\/uploads\/2021\/11\/Calendrier_Barbie_500x500-300x300.png 300w, https:\/\/www.barbie-secondlife.com\/wp-content\/uploads\/2021\/11\/Calendrier_Barbie_500x500-302x302.png 302w, https:\/\/www.barbie-secondlife.com\/wp-content\/uploads\/2021\/11\/Calendrier_Barbie_500x500-200x200.png 200w, https:\/\/www.barbie-secondlife.com\/wp-content\/uploads\/2021\/11\/Calendrier_Barbie_500x500-350x350.png 350w, https:\/\/www.barbie-secondlife.com\/wp-content\/uploads\/2021\/11\/Calendrier_Barbie_500x500.png 500w\" data-sizes=\"(max-width: 300px) 100vw, 300px\" src=\"data:image\/svg+xml;base64,PHN2ZyB3aWR0aD0iMSIgaGVpZ2h0PSIxIiB4bWxucz0iaHR0cDovL3d3dy53My5vcmcvMjAwMC9zdmciPjwvc3ZnPg==\" \/><\/a><\/figure>\n<\/div>\n\n\n<figure class=\"wp-block-table aligncenter\"><table><tbody><tr><td class=\"has-text-align-center\" data-align=\"center\"><a href=\"https:\/\/www.barbie-secondlife.com\/br\/evenements\/barbie-photo-shooting-2021\/\"><img decoding=\"async\" width=\"300\" height=\"263\" class=\"wp-image-469299 lazyload\" style=\"--smush-placeholder-width: 300px; --smush-placeholder-aspect-ratio: 300\/263;width: px;\" data-src=\"https:\/\/www.barbie-secondlife.com\/wp-content\/uploads\/2021\/08\/PhotoShooting2021_300px.png\" alt=\"Barbie Photo Shooting 2021\" data-srcset=\"https:\/\/www.barbie-secondlife.com\/wp-content\/uploads\/2021\/08\/PhotoShooting2021_300px.png 300w, https:\/\/www.barbie-secondlife.com\/wp-content\/uploads\/2021\/08\/PhotoShooting2021_300px-200x175.png 200w\" data-sizes=\"(max-width: 300px) 100vw, 300px\" src=\"data:image\/svg+xml;base64,PHN2ZyB3aWR0aD0iMSIgaGVpZ2h0PSIxIiB4bWxucz0iaHR0cDovL3d3dy53My5vcmcvMjAwMC9zdmciPjwvc3ZnPg==\" \/><\/a><\/td><td class=\"has-text-align-center\" data-align=\"center\"><a href=\"https:\/\/www.barbie-secondlife.com\/br\/evenements\/face-a-face\/\"><img decoding=\"async\" width=\"400\" height=\"240\" class=\"wp-image-464566 lazyload\" style=\"--smush-placeholder-width: 400px; --smush-placeholder-aspect-ratio: 400\/240;width: px;\" data-src=\"https:\/\/www.barbie-secondlife.com\/wp-content\/uploads\/2021\/03\/Barbie_EventFacetoFaceHome.jpg\" alt=\"Barbie Evenement 2021 - Face \u00e0 Face\" data-srcset=\"https:\/\/www.barbie-secondlife.com\/wp-content\/uploads\/2021\/03\/Barbie_EventFacetoFaceHome.jpg 400w, https:\/\/www.barbie-secondlife.com\/wp-content\/uploads\/2021\/03\/Barbie_EventFacetoFaceHome-302x181.jpg 302w, https:\/\/www.barbie-secondlife.com\/wp-content\/uploads\/2021\/03\/Barbie_EventFacetoFaceHome-200x120.jpg 200w, https:\/\/www.barbie-secondlife.com\/wp-content\/uploads\/2021\/03\/Barbie_EventFacetoFaceHome-350x210.jpg 350w\" data-sizes=\"(max-width: 400px) 100vw, 400px\" src=\"data:image\/svg+xml;base64,PHN2ZyB3aWR0aD0iMSIgaGVpZ2h0PSIxIiB4bWxucz0iaHR0cDovL3d3dy53My5vcmcvMjAwMC9zdmciPjwvc3ZnPg==\" \/><\/a><\/td><\/tr><\/tbody><\/table><\/figure>\n\n\n\n<hr class=\"wp-block-separator has-css-opacity\"\/>\n\n\n\n<p class=\"has-text-align-center has-text-color has-large-font-size\" style=\"color:#e67fb9\"><strong>2020<\/strong><\/p>\n\n\n\n<div class=\"wp-block-columns is-layout-flex wp-container-core-columns-is-layout-9d6595d7 wp-block-columns-is-layout-flex\">\n<div class=\"wp-block-column is-layout-flow wp-block-column-is-layout-flow\"><div class=\"wp-block-image is-resized\">\n<figure class=\"aligncenter size-thumbnail\"><a href=\"https:\/\/www.barbie-secondlife.com\/br\/evenements\/hairxperience\/\"><img decoding=\"async\" width=\"300\" height=\"300\" data-src=\"https:\/\/www.barbie-secondlife.com\/wp-content\/uploads\/2020\/11\/logo_HairXperience_fondtransparent-300x300.png\" alt=\"\" class=\"wp-image-34167 lazyload\" style=\"--smush-placeholder-width: 300px; --smush-placeholder-aspect-ratio: 300\/300;aspect-ratio:1;object-fit:cover\" data-srcset=\"https:\/\/www.barbie-secondlife.com\/wp-content\/uploads\/2020\/11\/logo_HairXperience_fondtransparent-300x300.png 300w, https:\/\/www.barbie-secondlife.com\/wp-content\/uploads\/2020\/11\/logo_HairXperience_fondtransparent-302x302.png 302w, https:\/\/www.barbie-secondlife.com\/wp-content\/uploads\/2020\/11\/logo_HairXperience_fondtransparent-200x200.png 200w, https:\/\/www.barbie-secondlife.com\/wp-content\/uploads\/2020\/11\/logo_HairXperience_fondtransparent-500x500.png 500w, https:\/\/www.barbie-secondlife.com\/wp-content\/uploads\/2020\/11\/logo_HairXperience_fondtransparent-350x350.png 350w, https:\/\/www.barbie-secondlife.com\/wp-content\/uploads\/2020\/11\/logo_HairXperience_fondtransparent-768x768.png 768w, https:\/\/www.barbie-secondlife.com\/wp-content\/uploads\/2020\/11\/logo_HairXperience_fondtransparent.png 900w\" data-sizes=\"(max-width: 300px) 100vw, 300px\" src=\"data:image\/svg+xml;base64,PHN2ZyB3aWR0aD0iMSIgaGVpZ2h0PSIxIiB4bWxucz0iaHR0cDovL3d3dy53My5vcmcvMjAwMC9zdmciPjwvc3ZnPg==\" \/><\/a><\/figure>\n<\/div><\/div>\n<\/div>\n\n\n\n<div class=\"wp-block-columns is-layout-flex wp-container-core-columns-is-layout-9d6595d7 wp-block-columns-is-layout-flex\">\n<div class=\"wp-block-column is-layout-flow wp-block-column-is-layout-flow\">\n<figure class=\"wp-block-image size-large\"><a href=\"https:\/\/www.barbie-secondlife.com\/br\/evenements\/barbie-basics\/\"><img decoding=\"async\" width=\"300\" height=\"200\" data-src=\"https:\/\/www.barbie-secondlife.com\/wp-content\/uploads\/2020\/05\/Concours_Barbie_Basics_ES_BR_300.jpg\" alt=\"Concurso Barbie Basics\" class=\"wp-image-28637 lazyload\" data-srcset=\"https:\/\/www.barbie-secondlife.com\/wp-content\/uploads\/2020\/05\/Concours_Barbie_Basics_ES_BR_300.jpg 300w, https:\/\/www.barbie-secondlife.com\/wp-content\/uploads\/2020\/05\/Concours_Barbie_Basics_ES_BR_300-200x133.jpg 200w\" data-sizes=\"(max-width: 300px) 100vw, 300px\" src=\"data:image\/svg+xml;base64,PHN2ZyB3aWR0aD0iMSIgaGVpZ2h0PSIxIiB4bWxucz0iaHR0cDovL3d3dy53My5vcmcvMjAwMC9zdmciPjwvc3ZnPg==\" style=\"--smush-placeholder-width: 300px; --smush-placeholder-aspect-ratio: 300\/200;\" \/><\/a><\/figure>\n<\/div>\n\n\n\n<div class=\"wp-block-column is-layout-flow wp-block-column-is-layout-flow\"><div class=\"wp-block-image\">\n<figure class=\"aligncenter size-large\"><a href=\"https:\/\/www.barbie-secondlife.com\/br\/evenements\/misspolynesie2020\/\"><img decoding=\"async\" width=\"300\" height=\"200\" data-src=\"https:\/\/www.barbie-secondlife.com\/wp-content\/uploads\/2020\/05\/MissPolynesie_300_BR.jpg\" alt=\"Miss Barbie Polin\u00e9sia 2020\" class=\"wp-image-28625 lazyload\" data-srcset=\"https:\/\/www.barbie-secondlife.com\/wp-content\/uploads\/2020\/05\/MissPolynesie_300_BR.jpg 300w, https:\/\/www.barbie-secondlife.com\/wp-content\/uploads\/2020\/05\/MissPolynesie_300_BR-200x133.jpg 200w\" data-sizes=\"(max-width: 300px) 100vw, 300px\" src=\"data:image\/svg+xml;base64,PHN2ZyB3aWR0aD0iMSIgaGVpZ2h0PSIxIiB4bWxucz0iaHR0cDovL3d3dy53My5vcmcvMjAwMC9zdmciPjwvc3ZnPg==\" style=\"--smush-placeholder-width: 300px; --smush-placeholder-aspect-ratio: 300\/200;\" \/><\/a><\/figure>\n<\/div><\/div>\n<\/div>\n\n\n\n<hr class=\"wp-block-separator has-css-opacity\"\/>\n\n\n\n<p class=\"has-text-align-center has-text-color has-large-font-size\" style=\"color:#e67fb9\"><strong>2019<\/strong><\/p>\n\n\n\n<div class=\"wp-block-columns is-layout-flex wp-container-core-columns-is-layout-9d6595d7 wp-block-columns-is-layout-flex\">\n<div class=\"wp-block-column is-layout-flow wp-block-column-is-layout-flow\"><div class=\"wp-block-image\">\n<figure class=\"aligncenter size-large\"><a href=\"https:\/\/www.barbie-secondlife.com\/br\/evenements\/bntm\/\"><img decoding=\"async\" width=\"300\" height=\"150\" data-src=\"https:\/\/www.barbie-secondlife.com\/wp-content\/uploads\/2020\/04\/BNTM.jpg\" alt=\"Barbie's Next Top Model\" class=\"wp-image-23972 lazyload\" data-srcset=\"https:\/\/www.barbie-secondlife.com\/wp-content\/uploads\/2020\/04\/BNTM.jpg 300w, https:\/\/www.barbie-secondlife.com\/wp-content\/uploads\/2020\/04\/BNTM-200x100.jpg 200w\" data-sizes=\"(max-width: 300px) 100vw, 300px\" src=\"data:image\/svg+xml;base64,PHN2ZyB3aWR0aD0iMSIgaGVpZ2h0PSIxIiB4bWxucz0iaHR0cDovL3d3dy53My5vcmcvMjAwMC9zdmciPjwvc3ZnPg==\" style=\"--smush-placeholder-width: 300px; --smush-placeholder-aspect-ratio: 300\/150;\" \/><\/a><\/figure>\n<\/div><\/div>\n\n\n\n<div class=\"wp-block-column is-layout-flow wp-block-column-is-layout-flow\"><div class=\"wp-block-image\">\n<figure class=\"aligncenter size-large\"><a href=\"https:\/\/www.barbie-secondlife.com\/br\/evenements\/missunivers2019\/\"><img decoding=\"async\" width=\"300\" height=\"150\" data-src=\"https:\/\/www.barbie-secondlife.com\/wp-content\/uploads\/2020\/04\/MissBarbieUniverse2019.jpg\" alt=\"Miss Barbie Universe 2019\" class=\"wp-image-23970 lazyload\" data-srcset=\"https:\/\/www.barbie-secondlife.com\/wp-content\/uploads\/2020\/04\/MissBarbieUniverse2019.jpg 300w, https:\/\/www.barbie-secondlife.com\/wp-content\/uploads\/2020\/04\/MissBarbieUniverse2019-200x100.jpg 200w\" data-sizes=\"(max-width: 300px) 100vw, 300px\" src=\"data:image\/svg+xml;base64,PHN2ZyB3aWR0aD0iMSIgaGVpZ2h0PSIxIiB4bWxucz0iaHR0cDovL3d3dy53My5vcmcvMjAwMC9zdmciPjwvc3ZnPg==\" style=\"--smush-placeholder-width: 300px; --smush-placeholder-aspect-ratio: 300\/150;\" \/><\/a><\/figure>\n<\/div><\/div>\n<\/div>\n\n\n\n<hr class=\"wp-block-separator has-css-opacity\"\/>\n\n\n\n<p class=\"has-text-align-center has-text-color has-large-font-size\" style=\"color:#e67fb9\"><strong>2018<\/strong><\/p>\n\n\n\n<div class=\"wp-block-columns is-layout-flex wp-container-core-columns-is-layout-9d6595d7 wp-block-columns-is-layout-flex\">\n<div class=\"wp-block-column is-layout-flow wp-block-column-is-layout-flow\"><div class=\"wp-block-image\">\n<figure class=\"aligncenter size-large\"><a href=\"https:\/\/www.barbie-secondlife.com\/br\/evenements\/missbarbie2018\/\"><img decoding=\"async\" width=\"300\" height=\"194\" data-src=\"https:\/\/www.barbie-secondlife.com\/wp-content\/uploads\/2020\/04\/MissBarbie2018.jpg\" alt=\"Miss Barbie 2018\" class=\"wp-image-23971 lazyload\" data-srcset=\"https:\/\/www.barbie-secondlife.com\/wp-content\/uploads\/2020\/04\/MissBarbie2018.jpg 300w, https:\/\/www.barbie-secondlife.com\/wp-content\/uploads\/2020\/04\/MissBarbie2018-200x129.jpg 200w\" data-sizes=\"(max-width: 300px) 100vw, 300px\" src=\"data:image\/svg+xml;base64,PHN2ZyB3aWR0aD0iMSIgaGVpZ2h0PSIxIiB4bWxucz0iaHR0cDovL3d3dy53My5vcmcvMjAwMC9zdmciPjwvc3ZnPg==\" style=\"--smush-placeholder-width: 300px; --smush-placeholder-aspect-ratio: 300\/194;\" \/><\/a><\/figure>\n<\/div><\/div>\n\n\n\n<div class=\"wp-block-column is-layout-flow wp-block-column-is-layout-flow\"><div class=\"wp-block-image\">\n<figure class=\"aligncenter size-large\"><a href=\"https:\/\/www.barbie-secondlife.com\/br\/evenements\/eurovision-2018-lisbonne-portugal\/\"><img decoding=\"async\" width=\"300\" height=\"150\" data-src=\"https:\/\/www.barbie-secondlife.com\/wp-content\/uploads\/2020\/04\/Eurovision2018.jpg\" alt=\"Eurovision 2018\" class=\"wp-image-23969 lazyload\" data-srcset=\"https:\/\/www.barbie-secondlife.com\/wp-content\/uploads\/2020\/04\/Eurovision2018.jpg 300w, https:\/\/www.barbie-secondlife.com\/wp-content\/uploads\/2020\/04\/Eurovision2018-200x100.jpg 200w\" data-sizes=\"(max-width: 300px) 100vw, 300px\" src=\"data:image\/svg+xml;base64,PHN2ZyB3aWR0aD0iMSIgaGVpZ2h0PSIxIiB4bWxucz0iaHR0cDovL3d3dy53My5vcmcvMjAwMC9zdmciPjwvc3ZnPg==\" style=\"--smush-placeholder-width: 300px; --smush-placeholder-aspect-ratio: 300\/150;\" \/><\/a><\/figure>\n<\/div><\/div>\n\n\n\n<div class=\"wp-block-column is-layout-flow wp-block-column-is-layout-flow\"><div class=\"wp-block-image\">\n<figure class=\"aligncenter size-large\"><a href=\"https:\/\/www.barbie-secondlife.com\/br\/evenements\/concours-plus-beau-visage-de-barbie-2018\/\"><img decoding=\"async\" width=\"300\" height=\"150\" data-src=\"https:\/\/www.barbie-secondlife.com\/wp-content\/uploads\/2020\/04\/Visage_Barbie_BR.jpg\" alt=\"Visage Barbie 2018\" class=\"wp-image-23989 lazyload\" data-srcset=\"https:\/\/www.barbie-secondlife.com\/wp-content\/uploads\/2020\/04\/Visage_Barbie_BR.jpg 300w, https:\/\/www.barbie-secondlife.com\/wp-content\/uploads\/2020\/04\/Visage_Barbie_BR-200x100.jpg 200w\" data-sizes=\"(max-width: 300px) 100vw, 300px\" src=\"data:image\/svg+xml;base64,PHN2ZyB3aWR0aD0iMSIgaGVpZ2h0PSIxIiB4bWxucz0iaHR0cDovL3d3dy53My5vcmcvMjAwMC9zdmciPjwvc3ZnPg==\" style=\"--smush-placeholder-width: 300px; --smush-placeholder-aspect-ratio: 300\/150;\" \/><\/a><\/figure>\n<\/div><\/div>\n<\/div>\n\n\n\n<hr class=\"wp-block-separator has-css-opacity\"\/>\n\n\n\n<p class=\"has-text-align-center has-text-color has-large-font-size\" style=\"color:#e67fb9\"><strong>2017<\/strong><\/p>\n\n\n\n<div class=\"wp-block-columns is-layout-flex wp-container-core-columns-is-layout-9d6595d7 wp-block-columns-is-layout-flex\">\n<div class=\"wp-block-column is-layout-flow wp-block-column-is-layout-flow\"><div class=\"wp-block-image\">\n<figure class=\"aligncenter size-large\"><a href=\"https:\/\/www.barbie-secondlife.com\/br\/evenements\/concours-miss-barbie-2017\/\"><img decoding=\"async\" width=\"300\" height=\"150\" data-src=\"https:\/\/www.barbie-secondlife.com\/wp-content\/uploads\/2020\/04\/MissBarbieWorld2017.jpg\" alt=\"Miss Barbie World 2017\" class=\"wp-image-23974 lazyload\" data-srcset=\"https:\/\/www.barbie-secondlife.com\/wp-content\/uploads\/2020\/04\/MissBarbieWorld2017.jpg 300w, https:\/\/www.barbie-secondlife.com\/wp-content\/uploads\/2020\/04\/MissBarbieWorld2017-200x100.jpg 200w\" data-sizes=\"(max-width: 300px) 100vw, 300px\" src=\"data:image\/svg+xml;base64,PHN2ZyB3aWR0aD0iMSIgaGVpZ2h0PSIxIiB4bWxucz0iaHR0cDovL3d3dy53My5vcmcvMjAwMC9zdmciPjwvc3ZnPg==\" style=\"--smush-placeholder-width: 300px; --smush-placeholder-aspect-ratio: 300\/150;\" \/><\/a><\/figure>\n<\/div><\/div>\n\n\n\n<div class=\"wp-block-column is-layout-flow wp-block-column-is-layout-flow\"><div class=\"wp-block-image\">\n<figure class=\"aligncenter size-large\"><a href=\"https:\/\/www.barbie-secondlife.com\/br\/evenements\/eurovision-2017-kiev-ukraine\/\"><img decoding=\"async\" width=\"300\" height=\"150\" data-src=\"https:\/\/www.barbie-secondlife.com\/wp-content\/uploads\/2020\/04\/Eurovision2017.jpg\" alt=\"Eurovision 2017\" class=\"wp-image-23968 lazyload\" data-srcset=\"https:\/\/www.barbie-secondlife.com\/wp-content\/uploads\/2020\/04\/Eurovision2017.jpg 300w, https:\/\/www.barbie-secondlife.com\/wp-content\/uploads\/2020\/04\/Eurovision2017-200x100.jpg 200w\" data-sizes=\"(max-width: 300px) 100vw, 300px\" src=\"data:image\/svg+xml;base64,PHN2ZyB3aWR0aD0iMSIgaGVpZ2h0PSIxIiB4bWxucz0iaHR0cDovL3d3dy53My5vcmcvMjAwMC9zdmciPjwvc3ZnPg==\" style=\"--smush-placeholder-width: 300px; --smush-placeholder-aspect-ratio: 300\/150;\" \/><\/a><\/figure>\n<\/div><\/div>\n<\/div>\n\n\n\n<p><\/p>\n","protected":false},"excerpt":{"rendered":"<p>Barbie Eventos Aqui est\u00e3o os diferentes eventos que ocorreram em 2017, 2018, 2019, 2020, 2021, 2024 outros est\u00e3o em prepara\u00e7\u00e3o para 2025. 2025 2024 2021 2020 2019 2018 2017<\/p>\n","protected":false},"author":1,"featured_media":12260,"parent":0,"menu_order":0,"comment_status":"closed","ping_status":"closed","template":"","meta":{"footnotes":""},"class_list":["post-10511","page","type-page","status-publish","has-post-thumbnail","hentry"],"translation":{"provider":"WPGlobus","version":"3.0.2","language":"br","enabled_languages":["fr","en","es","br","de"],"languages":{"fr":{"title":true,"content":true,"excerpt":false},"en":{"title":true,"content":true,"excerpt":false},"es":{"title":true,"content":true,"excerpt":false},"br":{"title":true,"content":true,"excerpt":false},"de":{"title":true,"content":true,"excerpt":false}}},"_links":{"self":[{"href":"https:\/\/www.barbie-secondlife.com\/br\/wp-json\/wp\/v2\/pages\/10511","targetHints":{"allow":["GET"]}}],"collection":[{"href":"https:\/\/www.barbie-secondlife.com\/br\/wp-json\/wp\/v2\/pages"}],"about":[{"href":"https:\/\/www.barbie-secondlife.com\/br\/wp-json\/wp\/v2\/types\/page"}],"author":[{"embeddable":true,"href":"https:\/\/www.barbie-secondlife.com\/br\/wp-json\/wp\/v2\/users\/1"}],"replies":[{"embeddable":true,"href":"https:\/\/www.barbie-secondlife.com\/br\/wp-json\/wp\/v2\/comments?post=10511"}],"version-history":[{"count":20,"href":"https:\/\/www.barbie-secondlife.com\/br\/wp-json\/wp\/v2\/pages\/10511\/revisions"}],"predecessor-version":[{"id":607818,"href":"https:\/\/www.barbie-secondlife.com\/br\/wp-json\/wp\/v2\/pages\/10511\/revisions\/607818"}],"wp:featuredmedia":[{"embeddable":true,"href":"https:\/\/www.barbie-secondlife.com\/br\/wp-json\/wp\/v2\/media\/12260"}],"wp:attachment":[{"href":"https:\/\/www.barbie-secondlife.com\/br\/wp-json\/wp\/v2\/media?parent=10511"}],"curies":[{"name":"wp","href":"https:\/\/api.w.org\/{rel}","templated":true}]}}