{"id":13696,"date":"2018-10-15T19:36:39","date_gmt":"2018-10-15T17:36:39","guid":{"rendered":"http:\/\/www.barbie-secondlife.com\/?page_id=13696"},"modified":"2022-08-06T15:08:35","modified_gmt":"2022-08-06T13:08:35","slug":"missbarbie2018","status":"publish","type":"page","link":"https:\/\/www.barbie-secondlife.com\/br\/evenements\/missbarbie2018\/","title":{"rendered":"Miss Barbie 2018 &#8211; Sele\u00e7\u00f5es Nacionais"},"content":{"rendered":"\n<h2 class=\"wp-block-heading\"><strong><em>Miss Barbie 2018<\/em><\/strong><\/h2>\n\n\n\n<p>Entre no&nbsp;<span style=\"color: #e67fb9;\"><strong>Miss Barbie 2018&nbsp;<\/strong><\/span>Contest, clique em um dos eventos abaixo para eleger <strong>Miss Barbie 2018 <\/strong>da R\u00fassia, Alemanha, Hungria, Jap\u00e3o, Brasil, Fran\u00e7a, Austr\u00e1lia, Canad\u00e1, EUA, Turquia, \u00c1frica do Sul.<br>As primeiras elei\u00e7\u00f5es s\u00e3o realizadas em <strong>Moscou, Berlim, Istambul, Nova Iorque, Joanesburgo, Paris, Melbourne, Otawa, Rio de Janeiro, Budapeste e T\u00f3quio<\/strong> para eleger sua <strong><span style=\"color: #e67fb9;\">Miss Barbie 2018<\/span><\/strong>.<\/p>\n\n\n\n<hr class=\"wp-block-separator\"\/>\n\n\n\n<p class=\"has-text-align-center has-text-color has-medium-font-size\" style=\"color:#e67fb9\"><strong><a href=\"https:\/\/www.barbie-secondlife.com\/br\/evenements\/miss-barbie-univers-2018-selections-nationales\/miss-barbie-hungary-2018\/\">Miss Barbie Hungary 2018<\/a><\/strong><\/p>\n\n\n\n<figure class=\"wp-block-table\"><table><tbody><tr><td><a href=\"https:\/\/www.barbie-secondlife.com\/br\/evenements\/miss-barbie-univers-2018-selections-nationales\/miss-barbie-hungary-2018\/\"><img decoding=\"async\" class=\"aligncenter wp-image-14544 size-full lazyload\" title=\"Miss Barbie Hungary 2018\" data-src=\"https:\/\/www.barbie-secondlife.com\/wp-content\/uploads\/2018\/10\/Budapest-site.jpg\" alt=\"Miss Barbie Hungary 2018\" width=\"600\" height=\"350\" data-srcset=\"https:\/\/www.barbie-secondlife.com\/wp-content\/uploads\/2018\/10\/Budapest-site.jpg 600w, https:\/\/www.barbie-secondlife.com\/wp-content\/uploads\/2018\/10\/Budapest-site-302x176.jpg 302w, https:\/\/www.barbie-secondlife.com\/wp-content\/uploads\/2018\/10\/Budapest-site-200x117.jpg 200w, https:\/\/www.barbie-secondlife.com\/wp-content\/uploads\/2018\/10\/Budapest-site-500x292.jpg 500w, https:\/\/www.barbie-secondlife.com\/wp-content\/uploads\/2018\/10\/Budapest-site-350x204.jpg 350w\" data-sizes=\"(max-width: 600px) 100vw, 600px\" src=\"data:image\/svg+xml;base64,PHN2ZyB3aWR0aD0iMSIgaGVpZ2h0PSIxIiB4bWxucz0iaHR0cDovL3d3dy53My5vcmcvMjAwMC9zdmciPjwvc3ZnPg==\" style=\"--smush-placeholder-width: 600px; --smush-placeholder-aspect-ratio: 600\/350;\" \/><\/a><\/td><td><h4 style=\"text-align: center;\"><a href=\"https:\/\/www.barbie-secondlife.com\/br\/evenements\/miss-barbie-univers-2018-selections-nationales\/miss-barbie-hungary-2018\/\"><img decoding=\"async\" title=\"Miss Barbie Ilca\" width=\"225\" height=\"300\" class=\"aligncenter wp-image-14566 size-full lazyload\" data-src=\"https:\/\/www.barbie-secondlife.com\/wp-content\/uploads\/2018\/10\/Ilca_face.jpg\" alt=\"Miss Barbie Ilca\" data-srcset=\"https:\/\/www.barbie-secondlife.com\/wp-content\/uploads\/2018\/10\/Ilca_face.jpg 225w, https:\/\/www.barbie-secondlife.com\/wp-content\/uploads\/2018\/10\/Ilca_face-200x267.jpg 200w\" data-sizes=\"(max-width: 225px) 100vw, 225px\" src=\"data:image\/svg+xml;base64,PHN2ZyB3aWR0aD0iMSIgaGVpZ2h0PSIxIiB4bWxucz0iaHR0cDovL3d3dy53My5vcmcvMjAwMC9zdmciPjwvc3ZnPg==\" style=\"--smush-placeholder-width: 225px; --smush-placeholder-aspect-ratio: 225\/300;\" \/><\/a> <\/h4><\/td><\/tr><\/tbody><\/table><\/figure>\n\n\n\n<hr class=\"wp-block-separator\"\/>\n\n\n\n<p class=\"has-text-align-center has-text-color has-medium-font-size\" style=\"color:#e67fb9\"><strong><a href=\"https:\/\/www.barbie-secondlife.com\/br\/evenements\/miss-barbie-univers-2018-selections-nationales\/miss-barbie-russia-2018\/\">Miss Barbie Russia 2018<\/a><\/strong><\/p>\n\n\n\n<figure class=\"wp-block-table\"><table><tbody><tr><td><a href=\"https:\/\/www.barbie-secondlife.com\/br\/evenements\/miss-barbie-univers-2018-selections-nationales\/miss-barbie-russia-2018\/\"><img decoding=\"async\" class=\"aligncenter wp-image-13713 size-full lazyload\" title=\"Miss Barbie Russia 2018\" data-src=\"https:\/\/www.barbie-secondlife.com\/wp-content\/uploads\/2018\/10\/Moscou-site.jpg\" alt=\"Miss Barbie Russia 2018\" width=\"600\" height=\"350\" data-srcset=\"https:\/\/www.barbie-secondlife.com\/wp-content\/uploads\/2018\/10\/Moscou-site.jpg 600w, https:\/\/www.barbie-secondlife.com\/wp-content\/uploads\/2018\/10\/Moscou-site-302x176.jpg 302w, https:\/\/www.barbie-secondlife.com\/wp-content\/uploads\/2018\/10\/Moscou-site-200x117.jpg 200w, https:\/\/www.barbie-secondlife.com\/wp-content\/uploads\/2018\/10\/Moscou-site-500x292.jpg 500w, https:\/\/www.barbie-secondlife.com\/wp-content\/uploads\/2018\/10\/Moscou-site-350x204.jpg 350w\" data-sizes=\"(max-width: 600px) 100vw, 600px\" src=\"data:image\/svg+xml;base64,PHN2ZyB3aWR0aD0iMSIgaGVpZ2h0PSIxIiB4bWxucz0iaHR0cDovL3d3dy53My5vcmcvMjAwMC9zdmciPjwvc3ZnPg==\" style=\"--smush-placeholder-width: 600px; --smush-placeholder-aspect-ratio: 600\/350;\" \/><\/a><\/td><td> <a style=\"font-size: 1.25em; font-weight: 600; text-align: center; font-family: inherit;\" href=\"https:\/\/www.barbie-secondlife.com\/br\/evenements\/miss-barbie-univers-2018-selections-nationales\/miss-barbie-russia-2018\/\"><img decoding=\"async\" title=\"Miss Barbie - Le\u00efla\" width=\"225\" height=\"300\" class=\"aligncenter wp-image-13776 size-full lazyload\" data-src=\"https:\/\/www.barbie-secondlife.com\/wp-content\/uploads\/2018\/10\/Leila_face2.jpg\" alt=\"Miss Barbie - Le\u00efla\" data-srcset=\"https:\/\/www.barbie-secondlife.com\/wp-content\/uploads\/2018\/10\/Leila_face2.jpg 225w, https:\/\/www.barbie-secondlife.com\/wp-content\/uploads\/2018\/10\/Leila_face2-200x267.jpg 200w\" data-sizes=\"(max-width: 225px) 100vw, 225px\" src=\"data:image\/svg+xml;base64,PHN2ZyB3aWR0aD0iMSIgaGVpZ2h0PSIxIiB4bWxucz0iaHR0cDovL3d3dy53My5vcmcvMjAwMC9zdmciPjwvc3ZnPg==\" style=\"--smush-placeholder-width: 225px; --smush-placeholder-aspect-ratio: 225\/300;\" \/><\/a><\/td><\/tr><\/tbody><\/table><\/figure>\n\n\n\n<hr class=\"wp-block-separator\"\/>\n\n\n\n<p class=\"has-text-align-center has-text-color has-medium-font-size\" style=\"color:#e67fb9\"><strong><a href=\"https:\/\/www.barbie-secondlife.com\/br\/evenements\/miss-barbie-univers-2018-selections-nationales\/miss-barbie-germany-2018\/\">Miss Barbie Germany 2018<\/a><\/strong><\/p>\n\n\n\n<figure class=\"wp-block-table\"><table><tbody><tr><td><a href=\"https:\/\/www.barbie-secondlife.com\/br\/evenements\/miss-barbie-univers-2018-selections-nationales\/miss-barbie-germany-2018\/\"><img decoding=\"async\" width=\"600\" height=\"350\" data-src=\"https:\/\/www.barbie-secondlife.com\/wp-content\/uploads\/2018\/10\/Berlin-site.jpg\" alt=\"Miss Barbie Germany 2018\" src=\"data:image\/svg+xml;base64,PHN2ZyB3aWR0aD0iMSIgaGVpZ2h0PSIxIiB4bWxucz0iaHR0cDovL3d3dy53My5vcmcvMjAwMC9zdmciPjwvc3ZnPg==\" class=\"lazyload\" style=\"--smush-placeholder-width: 600px; --smush-placeholder-aspect-ratio: 600\/350;\"><\/a><\/td><td> <a href=\"https:\/\/www.barbie-secondlife.com\/br\/evenements\/miss-barbie-univers-2018-selections-nationales\/miss-barbie-germany-2018\/\"><img decoding=\"async\" width=\"225\" height=\"300\" data-src=\"https:\/\/www.barbie-secondlife.com\/wp-content\/uploads\/2018\/10\/Frederika_face.jpg\" alt=\"Miss Barbie - Frederika\" src=\"data:image\/svg+xml;base64,PHN2ZyB3aWR0aD0iMSIgaGVpZ2h0PSIxIiB4bWxucz0iaHR0cDovL3d3dy53My5vcmcvMjAwMC9zdmciPjwvc3ZnPg==\" class=\"lazyload\" style=\"--smush-placeholder-width: 225px; --smush-placeholder-aspect-ratio: 225\/300;\"><\/a><\/td><\/tr><\/tbody><\/table><\/figure>\n\n\n\n<hr class=\"wp-block-separator\"\/>\n\n\n\n<p class=\"has-text-align-center has-text-color has-medium-font-size\" style=\"color:#e67fb9\"><strong><a href=\"https:\/\/www.barbie-secondlife.com\/br\/evenements\/miss-barbie-univers-2018-selections-nationales\/miss-barbie-japan-2018\/\">Miss Barbie Japan 2018<\/a><\/strong><\/p>\n\n\n\n<figure class=\"wp-block-table\"><table><tbody><tr><td><a href=\"https:\/\/www.barbie-secondlife.com\/br\/evenements\/miss-barbie-univers-2018-selections-nationales\/miss-barbie-japan-2018\/\"><img decoding=\"async\" width=\"600\" height=\"350\" data-src=\"https:\/\/www.barbie-secondlife.com\/wp-content\/uploads\/2018\/10\/Tokyo-site.jpeg\" alt=\"Miss Barbie Japan 2018\" src=\"data:image\/svg+xml;base64,PHN2ZyB3aWR0aD0iMSIgaGVpZ2h0PSIxIiB4bWxucz0iaHR0cDovL3d3dy53My5vcmcvMjAwMC9zdmciPjwvc3ZnPg==\" class=\"lazyload\" style=\"--smush-placeholder-width: 600px; --smush-placeholder-aspect-ratio: 600\/350;\"><\/a><\/td><td> <a href=\"https:\/\/www.barbie-secondlife.com\/br\/evenements\/miss-barbie-univers-2018-selections-nationales\/miss-barbie-japan-2018\/\"><img decoding=\"async\" width=\"225\" height=\"300\" data-src=\"https:\/\/www.barbie-secondlife.com\/wp-content\/uploads\/2018\/10\/Yutsuko_face.jpg\" alt=\"Miss Barbie Yutsuko\" src=\"data:image\/svg+xml;base64,PHN2ZyB3aWR0aD0iMSIgaGVpZ2h0PSIxIiB4bWxucz0iaHR0cDovL3d3dy53My5vcmcvMjAwMC9zdmciPjwvc3ZnPg==\" class=\"lazyload\" style=\"--smush-placeholder-width: 225px; --smush-placeholder-aspect-ratio: 225\/300;\"><\/a><\/td><\/tr><\/tbody><\/table><\/figure>\n\n\n\n<hr class=\"wp-block-separator\"\/>\n\n\n\n<p class=\"has-text-align-center has-text-color has-medium-font-size\" style=\"color:#e67fb9\"><strong><a href=\"https:\/\/www.barbie-secondlife.com\/br\/evenements\/miss-barbie-univers-2018-selections-nationales\/miss-barbie-brazil-2018\/\">Miss Barbie Brazil 2018<\/a><\/strong><\/p>\n\n\n\n<figure class=\"wp-block-table\"><table><tbody><tr><td><a href=\"https:\/\/www.barbie-secondlife.com\/br\/evenements\/miss-barbie-univers-2018-selections-nationales\/miss-barbie-brazil-2018\/\"><img decoding=\"async\" width=\"600\" height=\"350\" data-src=\"https:\/\/www.barbie-secondlife.com\/wp-content\/uploads\/2018\/10\/RiodeJaneiro-site.jpg\" alt=\"Miss Barbie Brazil 2018\" src=\"data:image\/svg+xml;base64,PHN2ZyB3aWR0aD0iMSIgaGVpZ2h0PSIxIiB4bWxucz0iaHR0cDovL3d3dy53My5vcmcvMjAwMC9zdmciPjwvc3ZnPg==\" class=\"lazyload\" style=\"--smush-placeholder-width: 600px; --smush-placeholder-aspect-ratio: 600\/350;\"><\/a><\/td><td> <a style=\"font-size: 1.25em; font-weight: 600; text-align: center; font-family: inherit;\" href=\"https:\/\/www.barbie-secondlife.com\/br\/evenements\/miss-barbie-univers-2018-selections-nationales\/miss-barbie-brazil-2018\/\"><img decoding=\"async\" width=\"225\" height=\"300\" data-src=\"https:\/\/www.barbie-secondlife.com\/wp-content\/uploads\/2018\/10\/AnaClara_face.jpg\" alt=\"Miss Barbie Ana Clara\" src=\"data:image\/svg+xml;base64,PHN2ZyB3aWR0aD0iMSIgaGVpZ2h0PSIxIiB4bWxucz0iaHR0cDovL3d3dy53My5vcmcvMjAwMC9zdmciPjwvc3ZnPg==\" class=\"lazyload\" style=\"--smush-placeholder-width: 225px; --smush-placeholder-aspect-ratio: 225\/300;\"><\/a><\/td><\/tr><\/tbody><\/table><\/figure>\n\n\n\n<hr class=\"wp-block-separator\"\/>\n\n\n\n<p class=\"has-text-align-center has-text-color has-medium-font-size\" style=\"color:#e67fb9\"><strong><a href=\"https:\/\/www.barbie-secondlife.com\/br\/evenements\/miss-barbie-univers-2018-selections-nationales\/miss-barbie-france-2018\/\">Miss Barbie France 2018<\/a><\/strong><\/p>\n\n\n\n<figure class=\"wp-block-table\"><table><tbody><tr><td><a href=\"https:\/\/www.barbie-secondlife.com\/br\/evenements\/miss-barbie-univers-2018-selections-nationales\/miss-barbie-france-2018\/\"><img decoding=\"async\" width=\"600\" height=\"350\" data-src=\"https:\/\/www.barbie-secondlife.com\/wp-content\/uploads\/2018\/10\/Paris-site.jpg\" alt=\"Miss Barbie France 2018\" src=\"data:image\/svg+xml;base64,PHN2ZyB3aWR0aD0iMSIgaGVpZ2h0PSIxIiB4bWxucz0iaHR0cDovL3d3dy53My5vcmcvMjAwMC9zdmciPjwvc3ZnPg==\" class=\"lazyload\" style=\"--smush-placeholder-width: 600px; --smush-placeholder-aspect-ratio: 600\/350;\"><\/a><\/td><td> <a href=\"https:\/\/www.barbie-secondlife.com\/br\/evenements\/miss-barbie-univers-2018-selections-nationales\/miss-barbie-france-2018\/\"><img decoding=\"async\" width=\"225\" height=\"300\" data-src=\"https:\/\/www.barbie-secondlife.com\/wp-content\/uploads\/2018\/10\/Karine_face.jpg\" alt=\"Miss Barbie Karine\" src=\"data:image\/svg+xml;base64,PHN2ZyB3aWR0aD0iMSIgaGVpZ2h0PSIxIiB4bWxucz0iaHR0cDovL3d3dy53My5vcmcvMjAwMC9zdmciPjwvc3ZnPg==\" class=\"lazyload\" style=\"--smush-placeholder-width: 225px; --smush-placeholder-aspect-ratio: 225\/300;\"><\/a><\/td><\/tr><\/tbody><\/table><\/figure>\n\n\n\n<hr class=\"wp-block-separator\"\/>\n\n\n\n<p class=\"has-text-align-center has-text-color has-medium-font-size\" style=\"color:#e67fb9\"><strong><a href=\"https:\/\/www.barbie-secondlife.com\/br\/evenements\/miss-barbie-univers-2018-selections-nationales\/miss-barbie-australia-2018\/\">Miss Barbie Australia 2018<\/a><\/strong><\/p>\n\n\n\n<figure class=\"wp-block-table\"><table><tbody><tr><td><a href=\"https:\/\/www.barbie-secondlife.com\/br\/evenements\/miss-barbie-univers-2018-selections-nationales\/miss-barbie-australia-2018\/\"><img decoding=\"async\" width=\"600\" height=\"350\" data-src=\"https:\/\/www.barbie-secondlife.com\/wp-content\/uploads\/2018\/10\/Melbourne-site.jpg\" alt=\"Miss Barbie Australia 2018\" src=\"data:image\/svg+xml;base64,PHN2ZyB3aWR0aD0iMSIgaGVpZ2h0PSIxIiB4bWxucz0iaHR0cDovL3d3dy53My5vcmcvMjAwMC9zdmciPjwvc3ZnPg==\" class=\"lazyload\" style=\"--smush-placeholder-width: 600px; --smush-placeholder-aspect-ratio: 600\/350;\"><\/a><\/td><td> <a href=\"https:\/\/www.barbie-secondlife.com\/br\/evenements\/miss-barbie-univers-2018-selections-nationales\/miss-barbie-australia-2018\/\"><img decoding=\"async\" width=\"225\" height=\"300\" class=\"wp-image-14296 lazyload\" style=\"--smush-placeholder-width: 225px; --smush-placeholder-aspect-ratio: 225\/300;width: px;\" data-src=\"https:\/\/www.barbie-secondlife.com\/wp-content\/uploads\/2018\/10\/Ashleigh_face.jpg\" alt=\"Miss Barbie Ashleigh\" data-srcset=\"https:\/\/www.barbie-secondlife.com\/wp-content\/uploads\/2018\/10\/Ashleigh_face.jpg 225w, https:\/\/www.barbie-secondlife.com\/wp-content\/uploads\/2018\/10\/Ashleigh_face-200x267.jpg 200w\" data-sizes=\"(max-width: 225px) 100vw, 225px\" src=\"data:image\/svg+xml;base64,PHN2ZyB3aWR0aD0iMSIgaGVpZ2h0PSIxIiB4bWxucz0iaHR0cDovL3d3dy53My5vcmcvMjAwMC9zdmciPjwvc3ZnPg==\" \/><\/a><\/td><\/tr><\/tbody><\/table><\/figure>\n\n\n\n<hr class=\"wp-block-separator\"\/>\n\n\n\n<p class=\"has-text-align-center has-text-color has-medium-font-size\" style=\"color:#e67fb9\"><strong><a href=\"https:\/\/www.barbie-secondlife.com\/br\/evenements\/miss-barbie-univers-2018-selections-nationales\/miss-barbie-canada-2018\/\">Miss Barbie Canada 2018<\/a><\/strong><\/p>\n\n\n\n<figure class=\"wp-block-table\"><table><tbody><tr><td><a href=\"https:\/\/www.barbie-secondlife.com\/br\/evenements\/miss-barbie-univers-2018-selections-nationales\/miss-barbie-canada-2018\/\"><img decoding=\"async\" width=\"600\" height=\"350\" data-src=\"https:\/\/www.barbie-secondlife.com\/wp-content\/uploads\/2018\/10\/Ottawa-site.jpg\" alt=\"Miss Barbie Canada 2018\" src=\"data:image\/svg+xml;base64,PHN2ZyB3aWR0aD0iMSIgaGVpZ2h0PSIxIiB4bWxucz0iaHR0cDovL3d3dy53My5vcmcvMjAwMC9zdmciPjwvc3ZnPg==\" class=\"lazyload\" style=\"--smush-placeholder-width: 600px; --smush-placeholder-aspect-ratio: 600\/350;\"><\/a><\/td><td> <a href=\"https:\/\/www.barbie-secondlife.com\/br\/evenements\/miss-barbie-univers-2018-selections-nationales\/miss-barbie-canada-2018\/\"><img decoding=\"async\" width=\"225\" height=\"300\" class=\"wp-image-14350 lazyload\" style=\"--smush-placeholder-width: 225px; --smush-placeholder-aspect-ratio: 225\/300;width: px;\" data-src=\"https:\/\/www.barbie-secondlife.com\/wp-content\/uploads\/2018\/10\/Axelle_face.jpg\" alt=\"Miss Barbie Axelle\" data-srcset=\"https:\/\/www.barbie-secondlife.com\/wp-content\/uploads\/2018\/10\/Axelle_face.jpg 225w, https:\/\/www.barbie-secondlife.com\/wp-content\/uploads\/2018\/10\/Axelle_face-200x267.jpg 200w\" data-sizes=\"(max-width: 225px) 100vw, 225px\" src=\"data:image\/svg+xml;base64,PHN2ZyB3aWR0aD0iMSIgaGVpZ2h0PSIxIiB4bWxucz0iaHR0cDovL3d3dy53My5vcmcvMjAwMC9zdmciPjwvc3ZnPg==\" \/><\/a><\/td><\/tr><\/tbody><\/table><\/figure>\n\n\n\n<hr class=\"wp-block-separator\"\/>\n\n\n\n<p class=\"has-text-align-center has-text-color has-medium-font-size\" style=\"color:#e67fb9\"><strong><a href=\"https:\/\/www.barbie-secondlife.com\/br\/evenements\/miss-barbie-univers-2018-selections-nationales\/miss-barbie-united-states-2018\/\">Miss Barbie United States 2018<\/a><\/strong><\/p>\n\n\n\n<figure class=\"wp-block-table\"><table><tbody><tr><td><a href=\"https:\/\/www.barbie-secondlife.com\/br\/evenements\/miss-barbie-univers-2018-selections-nationales\/miss-barbie-united-states-2018\/\"><img decoding=\"async\" width=\"600\" height=\"350\" data-src=\"https:\/\/www.barbie-secondlife.com\/wp-content\/uploads\/2018\/10\/NewYork-site.jpg\" alt=\"Miss Barbie United States 2018\" src=\"data:image\/svg+xml;base64,PHN2ZyB3aWR0aD0iMSIgaGVpZ2h0PSIxIiB4bWxucz0iaHR0cDovL3d3dy53My5vcmcvMjAwMC9zdmciPjwvc3ZnPg==\" class=\"lazyload\" style=\"--smush-placeholder-width: 600px; --smush-placeholder-aspect-ratio: 600\/350;\"><\/a><\/td><td> <a href=\"https:\/\/www.barbie-secondlife.com\/br\/evenements\/miss-barbie-univers-2018-selections-nationales\/miss-barbie-united-states-2018\/\"><img decoding=\"async\" width=\"225\" height=\"300\" data-src=\"https:\/\/www.barbie-secondlife.com\/wp-content\/uploads\/2018\/10\/Annabelle_face.jpg\" alt=\"Miss Barbie Annabelle\" src=\"data:image\/svg+xml;base64,PHN2ZyB3aWR0aD0iMSIgaGVpZ2h0PSIxIiB4bWxucz0iaHR0cDovL3d3dy53My5vcmcvMjAwMC9zdmciPjwvc3ZnPg==\" class=\"lazyload\" style=\"--smush-placeholder-width: 225px; --smush-placeholder-aspect-ratio: 225\/300;\"><\/a><\/td><\/tr><\/tbody><\/table><\/figure>\n\n\n\n<hr class=\"wp-block-separator\"\/>\n\n\n\n<p class=\"has-text-align-center has-text-color has-medium-font-size\" style=\"color:#e67fb9\"><strong><a href=\"https:\/\/www.barbie-secondlife.com\/br\/evenements\/missbarbie2018\/miss-barbie-turkey-2018\/\">Miss Barbie Turkey 2018<\/a><\/strong><\/p>\n\n\n\n<figure class=\"wp-block-table\"><table><tbody><tr><td><a href=\"https:\/\/www.barbie-secondlife.com\/br\/evenements\/missbarbie2018\/miss-barbie-turkey-2018\/\"><img decoding=\"async\" width=\"600\" height=\"350\" data-src=\"https:\/\/www.barbie-secondlife.com\/wp-content\/uploads\/2018\/10\/Istanbul-site.jpg\" alt=\"Miss Barbie Turkey 2018\" src=\"data:image\/svg+xml;base64,PHN2ZyB3aWR0aD0iMSIgaGVpZ2h0PSIxIiB4bWxucz0iaHR0cDovL3d3dy53My5vcmcvMjAwMC9zdmciPjwvc3ZnPg==\" class=\"lazyload\" style=\"--smush-placeholder-width: 600px; --smush-placeholder-aspect-ratio: 600\/350;\"><\/a><\/td><td> <a href=\"https:\/\/www.barbie-secondlife.com\/br\/evenements\/missbarbie2018\/miss-barbie-turkey-2018\/\"><img decoding=\"async\" width=\"225\" height=\"300\" data-src=\"https:\/\/www.barbie-secondlife.com\/wp-content\/uploads\/2018\/10\/Paola_face.jpg\" alt=\"Miss Barbie Paola\" src=\"data:image\/svg+xml;base64,PHN2ZyB3aWR0aD0iMSIgaGVpZ2h0PSIxIiB4bWxucz0iaHR0cDovL3d3dy53My5vcmcvMjAwMC9zdmciPjwvc3ZnPg==\" class=\"lazyload\" style=\"--smush-placeholder-width: 225px; --smush-placeholder-aspect-ratio: 225\/300;\"><\/a><\/td><\/tr><\/tbody><\/table><\/figure>\n\n\n\n<hr class=\"wp-block-separator\"\/>\n\n\n\n<p class=\"has-text-align-center has-text-color has-medium-font-size\" style=\"color:#e67fb9\"><strong><a href=\"https:\/\/www.barbie-secondlife.com\/br\/evenements\/miss-barbie-univers-2018-selections-nationales\/miss-barbie-south-africa-2018\/\">Miss Barbie South Africa 2018<\/a><\/strong><\/p>\n\n\n\n<figure class=\"wp-block-table\"><table><tbody><tr><td><a href=\"https:\/\/www.barbie-secondlife.com\/br\/evenements\/miss-barbie-univers-2018-selections-nationales\/miss-barbie-south-africa-2018\/\"><img decoding=\"async\" width=\"600\" height=\"350\" data-src=\"https:\/\/www.barbie-secondlife.com\/wp-content\/uploads\/2018\/10\/Johannesburg-site.jpg\" alt=\"Miss Barbie South Africa 2018\" src=\"data:image\/svg+xml;base64,PHN2ZyB3aWR0aD0iMSIgaGVpZ2h0PSIxIiB4bWxucz0iaHR0cDovL3d3dy53My5vcmcvMjAwMC9zdmciPjwvc3ZnPg==\" class=\"lazyload\" style=\"--smush-placeholder-width: 600px; --smush-placeholder-aspect-ratio: 600\/350;\"><\/a><\/td><td> <a href=\"https:\/\/www.barbie-secondlife.com\/br\/evenements\/miss-barbie-univers-2018-selections-nationales\/miss-barbie-south-africa-2018\/\"><img decoding=\"async\" width=\"225\" height=\"300\" data-src=\"https:\/\/www.barbie-secondlife.com\/wp-content\/uploads\/2018\/10\/Jacklen_face.jpg\" alt=\"Miss Barbie Jacklen\" src=\"data:image\/svg+xml;base64,PHN2ZyB3aWR0aD0iMSIgaGVpZ2h0PSIxIiB4bWxucz0iaHR0cDovL3d3dy53My5vcmcvMjAwMC9zdmciPjwvc3ZnPg==\" class=\"lazyload\" style=\"--smush-placeholder-width: 225px; --smush-placeholder-aspect-ratio: 225\/300;\"><\/a><\/td><\/tr><\/tbody><\/table><\/figure>\n\n\n\n<hr class=\"wp-block-separator\"\/>\n\n\n\n<div class=\"wp-block-columns is-layout-flex wp-container-core-columns-is-layout-9d6595d7 wp-block-columns-is-layout-flex\">\n<div class=\"wp-block-column is-layout-flow wp-block-column-is-layout-flow\">\n<p><\/p>\n<\/div>\n\n\n\n<div class=\"wp-block-column is-layout-flow wp-block-column-is-layout-flow\"><\/div>\n<\/div>\n","protected":false},"excerpt":{"rendered":"<p>Miss Barbie 2018 Entre no&nbsp;Miss Barbie 2018&nbsp;Contest, clique em um dos eventos abaixo para eleger Miss Barbie 2018 da R\u00fassia, Alemanha, Hungria, Jap\u00e3o, Brasil, Fran\u00e7a, Austr\u00e1lia, Canad\u00e1, EUA, Turquia, \u00c1frica do Sul.As primeiras elei\u00e7\u00f5es s\u00e3o realizadas em Moscou, Berlim, Istambul, Nova Iorque, Joanesburgo, Paris, Melbourne, Otawa, Rio de Janeiro, Budapeste e T\u00f3quio para eleger sua [&hellip;]<\/p>\n","protected":false},"author":1,"featured_media":13644,"parent":10511,"menu_order":0,"comment_status":"closed","ping_status":"closed","template":"","meta":{"footnotes":""},"class_list":["post-13696","page","type-page","status-publish","has-post-thumbnail","hentry"],"translation":{"provider":"WPGlobus","version":"3.0.2","language":"br","enabled_languages":["fr","en","es","br","de"],"languages":{"fr":{"title":true,"content":true,"excerpt":false},"en":{"title":true,"content":true,"excerpt":false},"es":{"title":true,"content":true,"excerpt":false},"br":{"title":true,"content":true,"excerpt":false},"de":{"title":true,"content":true,"excerpt":false}}},"_links":{"self":[{"href":"https:\/\/www.barbie-secondlife.com\/br\/wp-json\/wp\/v2\/pages\/13696","targetHints":{"allow":["GET"]}}],"collection":[{"href":"https:\/\/www.barbie-secondlife.com\/br\/wp-json\/wp\/v2\/pages"}],"about":[{"href":"https:\/\/www.barbie-secondlife.com\/br\/wp-json\/wp\/v2\/types\/page"}],"author":[{"embeddable":true,"href":"https:\/\/www.barbie-secondlife.com\/br\/wp-json\/wp\/v2\/users\/1"}],"replies":[{"embeddable":true,"href":"https:\/\/www.barbie-secondlife.com\/br\/wp-json\/wp\/v2\/comments?post=13696"}],"version-history":[{"count":0,"href":"https:\/\/www.barbie-secondlife.com\/br\/wp-json\/wp\/v2\/pages\/13696\/revisions"}],"up":[{"embeddable":true,"href":"https:\/\/www.barbie-secondlife.com\/br\/wp-json\/wp\/v2\/pages\/10511"}],"wp:featuredmedia":[{"embeddable":true,"href":"https:\/\/www.barbie-secondlife.com\/br\/wp-json\/wp\/v2\/media\/13644"}],"wp:attachment":[{"href":"https:\/\/www.barbie-secondlife.com\/br\/wp-json\/wp\/v2\/media?parent=13696"}],"curies":[{"name":"wp","href":"https:\/\/api.w.org\/{rel}","templated":true}]}}