{"id":2,"date":"2016-09-17T18:19:34","date_gmt":"2016-09-17T16:19:34","guid":{"rendered":"http:\/\/barbiesenm.cluster017.ovh.net\/?page_id=2"},"modified":"2024-01-14T01:32:50","modified_gmt":"2024-01-14T00:32:50","slug":"a-propos-du-site","status":"publish","type":"page","link":"https:\/\/www.barbie-secondlife.com\/br\/a-propos-du-site\/","title":{"rendered":"Sobre o Site"},"content":{"rendered":"\n<h2 class=\"wp-block-heading\"><strong><em>Sobre o Site<\/em><\/strong><\/h2>\n\n\n\n<p class=\"has-text-align-center\" style=\"font-size:24px\"><strong>Por que Barbie Second Life ?<\/strong><\/p>\n\n\n\n<p id=\"block-91d99071-cfc9-40b2-a0c3-ceb1959ceed2\">Simplesmente porque os comprei, para alguns, de segunda m\u00e3o e estou tentando reviver esses bonecos em todo o mundo.<br><br>Minha cole\u00e7\u00e3o da Barbie \u00e9 composta por <a href=\"https:\/\/www.barbie-secondlife.com\/br\/collection\/barbie-basics\/\">Barbie Basics<\/a>, <a href=\"https:\/\/www.barbie-secondlife.com\/br\/tag\/extra\/\">Barbie Extra<\/a>, <a href=\"https:\/\/www.barbie-secondlife.com\/br\/collection\/holiday\/holiday-noel\/\">Barbie No\u00ebl (Holidays)<\/a>, <a href=\"https:\/\/www.barbie-secondlife.com\/br\/tag\/looks\/\">Barbie Looks<\/a>, <a href=\"https:\/\/www.barbie-secondlife.com\/br\/tag\/look-city-shine\/\">City Shine<\/a>, <a href=\"https:\/\/www.barbie-secondlife.com\/br\/tag\/city-shopper\/\">Barbie City Shopper<\/a>, <a href=\"https:\/\/www.barbie-secondlife.com\/br\/collection\/dolls-of-the-world\/\">Barbie Dolls of the World<\/a>, <a href=\"https:\/\/www.barbie-secondlife.com\/br\/tag\/top-model\/\">Top Model<\/a>, <a href=\"https:\/\/www.barbie-secondlife.com\/br\/tag\/star-wars\/\">Barbie Star Wars<\/a>, <a href=\"https:\/\/www.barbie-secondlife.com\/br\/collection\/birthday-wishes\/\">Birthday Wishes<\/a>, e outras edi\u00e7\u00f5es limitadas como <a href=\"https:\/\/www.barbie-secondlife.com\/br\/tag\/yves-saint-laurent\/\">Barbie Yves Saint Laurent<\/a> ou <a href=\"https:\/\/www.barbie-secondlife.com\/tag\/platinum-label\/\">Barbie Platinum Label<\/a>.<br><br>F\u00e3s incondicionais da Barbie, n\u00e3o hesitem em discutir comigo no meu site e na nossa paix\u00e3o comum por esta boneca magn\u00edfica.<\/p>\n\n\n\n<p id=\"block-d9816edd-0e32-4083-bcdc-6af2b51617f8\">Eu os encenei como Top Model \/ Model Agency com fotos diferentes. Eles est\u00e3o em mai\u00f4s, vestidos de noite ou at\u00e9 mesmo fora.<\/p>\n\n\n\n<figure class=\"wp-block-table\"><table class=\"has-fixed-layout\"><tbody><tr><td class=\"has-text-align-right\" data-align=\"right\"><img decoding=\"async\" width=\"150\" height=\"236\" class=\"wp-image-3658 lazyload\" style=\"--smush-placeholder-width: 150px; --smush-placeholder-aspect-ratio: 150\/236;width: 150px;\" data-src=\"https:\/\/www.barbie-secondlife.com\/wp-content\/uploads\/2016\/09\/aproposde_gauche2-1.jpg\" alt=\"a propos du site - Barbie Second Life\" data-srcset=\"https:\/\/www.barbie-secondlife.com\/wp-content\/uploads\/2016\/09\/aproposde_gauche2-1.jpg 270w, https:\/\/www.barbie-secondlife.com\/wp-content\/uploads\/2016\/09\/aproposde_gauche2-1-200x315.jpg 200w, https:\/\/www.barbie-secondlife.com\/wp-content\/uploads\/2016\/09\/aproposde_gauche2-1-191x300.jpg 191w, https:\/\/www.barbie-secondlife.com\/wp-content\/uploads\/2016\/09\/aproposde_gauche2-1-151x238.jpg 151w\" data-sizes=\"(max-width: 150px) 100vw, 150px\" src=\"data:image\/svg+xml;base64,PHN2ZyB3aWR0aD0iMSIgaGVpZ2h0PSIxIiB4bWxucz0iaHR0cDovL3d3dy53My5vcmcvMjAwMC9zdmciPjwvc3ZnPg==\" \/><\/td><td><img decoding=\"async\" width=\"150\" height=\"236\" class=\"wp-image-3657 lazyload\" style=\"--smush-placeholder-width: 150px; --smush-placeholder-aspect-ratio: 150\/236;width: 150px;\" data-src=\"https:\/\/www.barbie-secondlife.com\/wp-content\/uploads\/2016\/09\/aproposde_droite2.jpg\" alt=\"a propos du site - Barbie Second Life\" data-srcset=\"https:\/\/www.barbie-secondlife.com\/wp-content\/uploads\/2016\/09\/aproposde_droite2.jpg 270w, https:\/\/www.barbie-secondlife.com\/wp-content\/uploads\/2016\/09\/aproposde_droite2-200x315.jpg 200w, https:\/\/www.barbie-secondlife.com\/wp-content\/uploads\/2016\/09\/aproposde_droite2-191x300.jpg 191w, https:\/\/www.barbie-secondlife.com\/wp-content\/uploads\/2016\/09\/aproposde_droite2-151x238.jpg 151w\" data-sizes=\"(max-width: 150px) 100vw, 150px\" src=\"data:image\/svg+xml;base64,PHN2ZyB3aWR0aD0iMSIgaGVpZ2h0PSIxIiB4bWxucz0iaHR0cDovL3d3dy53My5vcmcvMjAwMC9zdmciPjwvc3ZnPg==\" \/><\/td><\/tr><\/tbody><\/table><\/figure>\n\n\n\n<p>Site criado e colocado online em 2016<\/p>\n","protected":false},"excerpt":{"rendered":"<p>Por qu\u00ea Barbie Second Life ?&#8230;<\/p>\n","protected":false},"author":1,"featured_media":12264,"parent":0,"menu_order":1,"comment_status":"closed","ping_status":"closed","template":"","meta":{"footnotes":""},"class_list":["post-2","page","type-page","status-publish","has-post-thumbnail","hentry"],"translation":{"provider":"WPGlobus","version":"3.0.2","language":"br","enabled_languages":["fr","en","es","br","de"],"languages":{"fr":{"title":true,"content":true,"excerpt":true},"en":{"title":true,"content":true,"excerpt":true},"es":{"title":true,"content":true,"excerpt":true},"br":{"title":true,"content":true,"excerpt":true},"de":{"title":true,"content":true,"excerpt":true}}},"_links":{"self":[{"href":"https:\/\/www.barbie-secondlife.com\/br\/wp-json\/wp\/v2\/pages\/2","targetHints":{"allow":["GET"]}}],"collection":[{"href":"https:\/\/www.barbie-secondlife.com\/br\/wp-json\/wp\/v2\/pages"}],"about":[{"href":"https:\/\/www.barbie-secondlife.com\/br\/wp-json\/wp\/v2\/types\/page"}],"author":[{"embeddable":true,"href":"https:\/\/www.barbie-secondlife.com\/br\/wp-json\/wp\/v2\/users\/1"}],"replies":[{"embeddable":true,"href":"https:\/\/www.barbie-secondlife.com\/br\/wp-json\/wp\/v2\/comments?post=2"}],"version-history":[{"count":5,"href":"https:\/\/www.barbie-secondlife.com\/br\/wp-json\/wp\/v2\/pages\/2\/revisions"}],"predecessor-version":[{"id":600645,"href":"https:\/\/www.barbie-secondlife.com\/br\/wp-json\/wp\/v2\/pages\/2\/revisions\/600645"}],"wp:featuredmedia":[{"embeddable":true,"href":"https:\/\/www.barbie-secondlife.com\/br\/wp-json\/wp\/v2\/media\/12264"}],"wp:attachment":[{"href":"https:\/\/www.barbie-secondlife.com\/br\/wp-json\/wp\/v2\/media?parent=2"}],"curies":[{"name":"wp","href":"https:\/\/api.w.org\/{rel}","templated":true}]}}