{"id":22678,"date":"2020-04-18T00:28:58","date_gmt":"2020-04-17T22:28:58","guid":{"rendered":"http:\/\/www.barbie-secondlife.com\/?page_id=22678"},"modified":"2022-08-06T17:25:57","modified_gmt":"2022-08-06T15:25:57","slug":"galerie-photos","status":"publish","type":"page","link":"https:\/\/www.barbie-secondlife.com\/br\/galerie-photos\/","title":{"rendered":"Galeria de Fotos"},"content":{"rendered":"\n<h2 class=\"wp-block-heading\"><strong><em>Barbie &#8211; Galeria de Fotos<\/em><\/strong><\/h2>\n\n\n\n<p>Descubra mais de 6 000 imagens de Barbie. Retratos, fotos em um n\u00edvel ou situa\u00e7\u00e3o fora para mostrar Barbies. Cada Barbie (e Ken) tem uma galeria de fotos, para visualiz\u00e1-las, clique em uma \u00e1rea do mundo abaixo para exibir apenas a Barbie\/Ken desta \u00e1rea.<\/p>\n\n\n\n<figure class=\"wp-block-table\"><table><tbody><tr><td class=\"has-text-align-center\" data-align=\"center\"><a href=\"https:\/\/www.barbie-secondlife.com\/br\/showroom\/galerie-photos\/amerique-du-nord-centrale\/\"><img decoding=\"async\" class=\"wp-image-22804 lazyload\" style=\"--smush-placeholder-width: 250px; --smush-placeholder-aspect-ratio: 250\/250;width: 150px;\" data-src=\"https:\/\/www.barbie-secondlife.com\/wp-content\/uploads\/2020\/04\/BR_CarteAmeriqueNord.jpg\" alt=\"Picture Gallery North and Central America\" src=\"data:image\/svg+xml;base64,PHN2ZyB3aWR0aD0iMSIgaGVpZ2h0PSIxIiB4bWxucz0iaHR0cDovL3d3dy53My5vcmcvMjAwMC9zdmciPjwvc3ZnPg==\"><\/a><\/td><td class=\"has-text-align-center\" data-align=\"center\"><a href=\"https:\/\/www.barbie-secondlife.com\/br\/showroom\/galerie-photos\/europe-ouest\/\"><img decoding=\"async\" width=\"150\" height=\"150\" class=\"wp-image-22756 lazyload\" style=\"--smush-placeholder-width: 150px; --smush-placeholder-aspect-ratio: 150\/150;width: 150px;\" data-src=\"https:\/\/www.barbie-secondlife.com\/wp-content\/uploads\/2020\/04\/BR_CarteEuropeOuest.jpg\" alt=\"Galerie Photos Europe de l'Ouest\" src=\"data:image\/svg+xml;base64,PHN2ZyB3aWR0aD0iMSIgaGVpZ2h0PSIxIiB4bWxucz0iaHR0cDovL3d3dy53My5vcmcvMjAwMC9zdmciPjwvc3ZnPg==\"><\/a><\/td><td class=\"has-text-align-center\" data-align=\"center\"><a href=\"https:\/\/www.barbie-secondlife.com\/br\/showroom\/galerie-photos\/europe-est\/\"><img decoding=\"async\" width=\"150\" height=\"150\" class=\"wp-image-22755 lazyload\" style=\"--smush-placeholder-width: 150px; --smush-placeholder-aspect-ratio: 150\/150;width: 150px;\" data-src=\"https:\/\/www.barbie-secondlife.com\/wp-content\/uploads\/2020\/04\/BR_CarteEuropeEst.jpg\" alt=\"Galerie Photos Europe de l'Est\" src=\"data:image\/svg+xml;base64,PHN2ZyB3aWR0aD0iMSIgaGVpZ2h0PSIxIiB4bWxucz0iaHR0cDovL3d3dy53My5vcmcvMjAwMC9zdmciPjwvc3ZnPg==\"><\/a><\/td><td class=\"has-text-align-center\" data-align=\"center\"><a href=\"https:\/\/www.barbie-secondlife.com\/br\/showroom\/galerie-photos\/asie\/\"><img decoding=\"async\" width=\"150\" height=\"150\" class=\"wp-image-22754 lazyload\" style=\"--smush-placeholder-width: 150px; --smush-placeholder-aspect-ratio: 150\/150;width: 150px;\" data-src=\"https:\/\/www.barbie-secondlife.com\/wp-content\/uploads\/2020\/04\/BR_CarteAsie.jpg\" alt=\"Galerie Photos Asie\" src=\"data:image\/svg+xml;base64,PHN2ZyB3aWR0aD0iMSIgaGVpZ2h0PSIxIiB4bWxucz0iaHR0cDovL3d3dy53My5vcmcvMjAwMC9zdmciPjwvc3ZnPg==\"><\/a><\/td><\/tr><tr><td class=\"has-text-align-center\" data-align=\"center\"><a href=\"https:\/\/www.barbie-secondlife.com\/br\/showroom\/galerie-photos\/amerique-sud\/\"><img decoding=\"async\" width=\"150\" height=\"150\" class=\"wp-image-22749 lazyload\" style=\"--smush-placeholder-width: 150px; --smush-placeholder-aspect-ratio: 150\/150;width: 150px;\" data-src=\"https:\/\/www.barbie-secondlife.com\/wp-content\/uploads\/2020\/04\/BR_CarteAmeriqueSud.jpg\" alt=\"Galerie Photos Amerique du Sud\" src=\"data:image\/svg+xml;base64,PHN2ZyB3aWR0aD0iMSIgaGVpZ2h0PSIxIiB4bWxucz0iaHR0cDovL3d3dy53My5vcmcvMjAwMC9zdmciPjwvc3ZnPg==\"><\/a><\/td><td class=\"has-text-align-center\" data-align=\"center\"><a href=\"https:\/\/www.barbie-secondlife.com\/br\/showroom\/galerie-photos\/afrique\/\"><img decoding=\"async\" width=\"150\" height=\"150\" class=\"wp-image-22757 lazyload\" style=\"--smush-placeholder-width: 150px; --smush-placeholder-aspect-ratio: 150\/150;width: 150px;\" data-src=\"https:\/\/www.barbie-secondlife.com\/wp-content\/uploads\/2020\/04\/BR_CarteAfrique.jpg\" alt=\"Galerie Photos Afrique\" src=\"data:image\/svg+xml;base64,PHN2ZyB3aWR0aD0iMSIgaGVpZ2h0PSIxIiB4bWxucz0iaHR0cDovL3d3dy53My5vcmcvMjAwMC9zdmciPjwvc3ZnPg==\"><\/a><\/td><td class=\"has-text-align-center\" data-align=\"center\"><a href=\"https:\/\/www.barbie-secondlife.com\/br\/showroom\/galerie-photos\/moyenorient\/\"><img decoding=\"async\" width=\"150\" height=\"150\" class=\"wp-image-22758 lazyload\" style=\"--smush-placeholder-width: 150px; --smush-placeholder-aspect-ratio: 150\/150;width: 150px;\" data-src=\"https:\/\/www.barbie-secondlife.com\/wp-content\/uploads\/2020\/04\/BR_CarteMoyenOrient.jpg\" alt=\"Galerie Photos Moyen Orient\" src=\"data:image\/svg+xml;base64,PHN2ZyB3aWR0aD0iMSIgaGVpZ2h0PSIxIiB4bWxucz0iaHR0cDovL3d3dy53My5vcmcvMjAwMC9zdmciPjwvc3ZnPg==\"><\/a><\/td><td class=\"has-text-align-center\" data-align=\"center\"><a href=\"https:\/\/www.barbie-secondlife.com\/br\/showroom\/galerie-photos\/oceanie\/\"><img decoding=\"async\" width=\"150\" height=\"150\" class=\"wp-image-22759 lazyload\" style=\"--smush-placeholder-width: 150px; --smush-placeholder-aspect-ratio: 150\/150;width: 150px;\" data-src=\"https:\/\/www.barbie-secondlife.com\/wp-content\/uploads\/2020\/04\/BR_CarteOceanie.jpg\" alt=\"Galerie Photos Oc\u00e9anie\" src=\"data:image\/svg+xml;base64,PHN2ZyB3aWR0aD0iMSIgaGVpZ2h0PSIxIiB4bWxucz0iaHR0cDovL3d3dy53My5vcmcvMjAwMC9zdmciPjwvc3ZnPg==\"><\/a><\/td><\/tr><\/tbody><\/table><\/figure>\n\n\n\n<p><strong>\u00daltimas Galerias de Fotos atualizadas<\/strong><\/p>\n\n\n<ul class=\"wp-block-latest-posts__list is-grid columns-4 wp-block-latest-posts\"><li><div class=\"wp-block-latest-posts__featured-image\"><img decoding=\"async\" width=\"350\" height=\"233\" data-src=\"https:\/\/www.barbie-secondlife.com\/wp-content\/uploads\/2026\/04\/Barbie_Han_Article_Profil-350x233.jpg\" class=\"attachment-thumbnail size-thumbnail wp-post-image lazyload\" alt=\"Barbie Fashion Fever Benetton Beijing\" style=\"--smush-placeholder-width: 350px; --smush-placeholder-aspect-ratio: 350\/233;max-width:250px;max-height:214px;\" data-srcset=\"https:\/\/www.barbie-secondlife.com\/wp-content\/uploads\/2026\/04\/Barbie_Han_Article_Profil-350x233.jpg 350w, https:\/\/www.barbie-secondlife.com\/wp-content\/uploads\/2026\/04\/Barbie_Han_Article_Profil-768x512.jpg 768w, https:\/\/www.barbie-secondlife.com\/wp-content\/uploads\/2026\/04\/Barbie_Han_Article_Profil-302x201.jpg 302w, https:\/\/www.barbie-secondlife.com\/wp-content\/uploads\/2026\/04\/Barbie_Han_Article_Profil-500x333.jpg 500w, https:\/\/www.barbie-secondlife.com\/wp-content\/uploads\/2026\/04\/Barbie_Han_Article_Profil-200x133.jpg 200w, https:\/\/www.barbie-secondlife.com\/wp-content\/uploads\/2026\/04\/Barbie_Han_Article_Profil.jpg 1024w\" data-sizes=\"(max-width: 350px) 100vw, 350px\" src=\"data:image\/svg+xml;base64,PHN2ZyB3aWR0aD0iMSIgaGVpZ2h0PSIxIiB4bWxucz0iaHR0cDovL3d3dy53My5vcmcvMjAwMC9zdmciPjwvc3ZnPg==\" \/><\/div><a class=\"wp-block-latest-posts__post-title\" href=\"https:\/\/www.barbie-secondlife.com\/br\/galerie-photos\/asie\/galerie-barbie-han\/\">Galeria &#8211; <a href=\"https:\/\/www.barbie-secondlife.com\/br\/barbie\/world\/asie\/barbie-han\/\">Barbie Han<\/a><\/a><\/li>\n<li><div class=\"wp-block-latest-posts__featured-image\"><img decoding=\"async\" width=\"350\" height=\"233\" data-src=\"https:\/\/www.barbie-secondlife.com\/wp-content\/uploads\/2026\/04\/Barbie_Yu_Article_Profil-350x233.jpg\" class=\"attachment-thumbnail size-thumbnail wp-post-image lazyload\" alt=\"Barbie Hawaiian Fun\" style=\"--smush-placeholder-width: 350px; --smush-placeholder-aspect-ratio: 350\/233;max-width:250px;max-height:214px;\" data-srcset=\"https:\/\/www.barbie-secondlife.com\/wp-content\/uploads\/2026\/04\/Barbie_Yu_Article_Profil-350x233.jpg 350w, https:\/\/www.barbie-secondlife.com\/wp-content\/uploads\/2026\/04\/Barbie_Yu_Article_Profil-768x512.jpg 768w, https:\/\/www.barbie-secondlife.com\/wp-content\/uploads\/2026\/04\/Barbie_Yu_Article_Profil-302x201.jpg 302w, https:\/\/www.barbie-secondlife.com\/wp-content\/uploads\/2026\/04\/Barbie_Yu_Article_Profil-500x333.jpg 500w, https:\/\/www.barbie-secondlife.com\/wp-content\/uploads\/2026\/04\/Barbie_Yu_Article_Profil-200x133.jpg 200w, https:\/\/www.barbie-secondlife.com\/wp-content\/uploads\/2026\/04\/Barbie_Yu_Article_Profil.jpg 1024w\" data-sizes=\"(max-width: 350px) 100vw, 350px\" src=\"data:image\/svg+xml;base64,PHN2ZyB3aWR0aD0iMSIgaGVpZ2h0PSIxIiB4bWxucz0iaHR0cDovL3d3dy53My5vcmcvMjAwMC9zdmciPjwvc3ZnPg==\" \/><\/div><a class=\"wp-block-latest-posts__post-title\" href=\"https:\/\/www.barbie-secondlife.com\/br\/galerie-photos\/asie\/galerie-barbie-yu\/\">Galeria &#8211; <a href=\"https:\/\/www.barbie-secondlife.com\/br\/barbie\/world\/asie\/barbie-yu\/\">Barbie Yu<\/a><\/a><\/li>\n<li><div class=\"wp-block-latest-posts__featured-image\"><img decoding=\"async\" width=\"350\" height=\"233\" data-src=\"https:\/\/www.barbie-secondlife.com\/wp-content\/uploads\/2026\/04\/Barbie_Hilda_Article_Profil-350x233.jpg\" class=\"attachment-thumbnail size-thumbnail wp-post-image lazyload\" alt=\"Barbie Basics 08\" style=\"--smush-placeholder-width: 350px; --smush-placeholder-aspect-ratio: 350\/233;max-width:250px;max-height:214px;\" data-srcset=\"https:\/\/www.barbie-secondlife.com\/wp-content\/uploads\/2026\/04\/Barbie_Hilda_Article_Profil-350x233.jpg 350w, https:\/\/www.barbie-secondlife.com\/wp-content\/uploads\/2026\/04\/Barbie_Hilda_Article_Profil-768x512.jpg 768w, https:\/\/www.barbie-secondlife.com\/wp-content\/uploads\/2026\/04\/Barbie_Hilda_Article_Profil-302x201.jpg 302w, https:\/\/www.barbie-secondlife.com\/wp-content\/uploads\/2026\/04\/Barbie_Hilda_Article_Profil-500x333.jpg 500w, https:\/\/www.barbie-secondlife.com\/wp-content\/uploads\/2026\/04\/Barbie_Hilda_Article_Profil-200x133.jpg 200w, https:\/\/www.barbie-secondlife.com\/wp-content\/uploads\/2026\/04\/Barbie_Hilda_Article_Profil.jpg 1024w\" data-sizes=\"(max-width: 350px) 100vw, 350px\" src=\"data:image\/svg+xml;base64,PHN2ZyB3aWR0aD0iMSIgaGVpZ2h0PSIxIiB4bWxucz0iaHR0cDovL3d3dy53My5vcmcvMjAwMC9zdmciPjwvc3ZnPg==\" \/><\/div><a class=\"wp-block-latest-posts__post-title\" href=\"https:\/\/www.barbie-secondlife.com\/br\/galerie-photos\/amerique-sud\/galerie-barbie-hilda\/\">Galeria &#8211; <a href=\"https:\/\/www.barbie-secondlife.com\/br\/barbie\/world\/amerique-du-sud\/barbie-hilda\/\">Barbie Hilda<\/a><\/a><\/li>\n<li><div class=\"wp-block-latest-posts__featured-image\"><img decoding=\"async\" width=\"350\" height=\"233\" data-src=\"https:\/\/www.barbie-secondlife.com\/wp-content\/uploads\/2026\/04\/Ken_Scott_Article_Profil-1-350x233.jpg\" class=\"attachment-thumbnail size-thumbnail wp-post-image lazyload\" alt=\"Ken Basics 10\" style=\"--smush-placeholder-width: 350px; --smush-placeholder-aspect-ratio: 350\/233;max-width:250px;max-height:214px;\" data-srcset=\"https:\/\/www.barbie-secondlife.com\/wp-content\/uploads\/2026\/04\/Ken_Scott_Article_Profil-1-350x233.jpg 350w, https:\/\/www.barbie-secondlife.com\/wp-content\/uploads\/2026\/04\/Ken_Scott_Article_Profil-1-768x512.jpg 768w, https:\/\/www.barbie-secondlife.com\/wp-content\/uploads\/2026\/04\/Ken_Scott_Article_Profil-1-302x201.jpg 302w, https:\/\/www.barbie-secondlife.com\/wp-content\/uploads\/2026\/04\/Ken_Scott_Article_Profil-1-500x333.jpg 500w, https:\/\/www.barbie-secondlife.com\/wp-content\/uploads\/2026\/04\/Ken_Scott_Article_Profil-1-200x133.jpg 200w, https:\/\/www.barbie-secondlife.com\/wp-content\/uploads\/2026\/04\/Ken_Scott_Article_Profil-1.jpg 1024w\" data-sizes=\"(max-width: 350px) 100vw, 350px\" src=\"data:image\/svg+xml;base64,PHN2ZyB3aWR0aD0iMSIgaGVpZ2h0PSIxIiB4bWxucz0iaHR0cDovL3d3dy53My5vcmcvMjAwMC9zdmciPjwvc3ZnPg==\" \/><\/div><a class=\"wp-block-latest-posts__post-title\" href=\"https:\/\/www.barbie-secondlife.com\/br\/galerie-photos\/europe-ouest\/galerie-ken-scott\/\">Galeria &#8211; <a href=\"https:\/\/www.barbie-secondlife.com\/br\/barbie\/kens-dans-le-monde\/ken-scott\/\">Ken Scott<\/a><\/a><\/li>\n<\/ul>\n\n\n<div class=\"wp-block-buttons is-horizontal is-content-justification-center is-layout-flex wp-container-core-buttons-is-layout-499968f5 wp-block-buttons-is-layout-flex\">\n<div class=\"wp-block-button\"><a class=\"wp-block-button__link has-text-color has-background\" href=\"https:\/\/www.barbie-secondlife.com\/showroom\/galerie-photos\/\" style=\"background:linear-gradient(135deg,rgb(255,206,236) 0%,rgb(230,127,185) 100%);color:#000000\"><strong>Veja todas as Galerias de Fotos<\/strong><\/a><\/div>\n<\/div>\n","protected":false},"excerpt":{"rendered":"<p>Barbie &#8211; Galeria de Fotos Descubra mais de 6 000 imagens de Barbie. Retratos, fotos em um n\u00edvel ou situa\u00e7\u00e3o fora para mostrar Barbies. Cada Barbie (e Ken) tem uma galeria de fotos, para visualiz\u00e1-las, clique em uma \u00e1rea do mundo abaixo para exibir apenas a Barbie\/Ken desta \u00e1rea. \u00daltimas Galerias de Fotos atualizadas<\/p>\n","protected":false},"author":1,"featured_media":22987,"parent":0,"menu_order":0,"comment_status":"closed","ping_status":"closed","template":"","meta":{"footnotes":""},"class_list":["post-22678","page","type-page","status-publish","has-post-thumbnail","hentry"],"translation":{"provider":"WPGlobus","version":"3.0.2","language":"br","enabled_languages":["fr","en","es","br","de"],"languages":{"fr":{"title":true,"content":true,"excerpt":false},"en":{"title":true,"content":true,"excerpt":false},"es":{"title":true,"content":true,"excerpt":false},"br":{"title":true,"content":true,"excerpt":false},"de":{"title":true,"content":true,"excerpt":false}}},"_links":{"self":[{"href":"https:\/\/www.barbie-secondlife.com\/br\/wp-json\/wp\/v2\/pages\/22678","targetHints":{"allow":["GET"]}}],"collection":[{"href":"https:\/\/www.barbie-secondlife.com\/br\/wp-json\/wp\/v2\/pages"}],"about":[{"href":"https:\/\/www.barbie-secondlife.com\/br\/wp-json\/wp\/v2\/types\/page"}],"author":[{"embeddable":true,"href":"https:\/\/www.barbie-secondlife.com\/br\/wp-json\/wp\/v2\/users\/1"}],"replies":[{"embeddable":true,"href":"https:\/\/www.barbie-secondlife.com\/br\/wp-json\/wp\/v2\/comments?post=22678"}],"version-history":[{"count":0,"href":"https:\/\/www.barbie-secondlife.com\/br\/wp-json\/wp\/v2\/pages\/22678\/revisions"}],"wp:featuredmedia":[{"embeddable":true,"href":"https:\/\/www.barbie-secondlife.com\/br\/wp-json\/wp\/v2\/media\/22987"}],"wp:attachment":[{"href":"https:\/\/www.barbie-secondlife.com\/br\/wp-json\/wp\/v2\/media?parent=22678"}],"curies":[{"name":"wp","href":"https:\/\/api.w.org\/{rel}","templated":true}]}}