{"id":23544,"date":"2020-04-21T16:10:24","date_gmt":"2020-04-21T14:10:24","guid":{"rendered":"http:\/\/www.barbie-secondlife.com\/?page_id=23544"},"modified":"2024-01-14T00:18:05","modified_gmt":"2024-01-13T23:18:05","slug":"label","status":"publish","type":"page","link":"https:\/\/www.barbie-secondlife.com\/br\/collection\/label\/","title":{"rendered":"Label"},"content":{"rendered":"\n<h2 class=\"wp-block-heading\"><strong><em>Barbie Label<\/em><\/strong><\/h2>\n\n\n\n<p>Os principais &#8220;Label&#8221; nas cole\u00e7\u00f5es da Barbie. Ainda hoje s\u00e3o usados 4 <strong><a href=\"https:\/\/www.barbie-secondlife.com\/br\/tag\/black-label\/\">Black Label<\/a>, <a href=\"https:\/\/www.barbie-secondlife.com\/br\/tag\/gold-label\/\">Gold Label<\/a>, <a href=\"https:\/\/www.barbie-secondlife.com\/br\/tag\/pink-label\/\">Pink Label<\/a> <\/strong>e o mais prestigiado <strong><a href=\"https:\/\/www.barbie-secondlife.com\/br\/tag\/platinum-label\/\">Platinum Label<\/a><\/strong>. O <strong><a href=\"https:\/\/www.barbie-secondlife.com\/br\/tag\/silver-label\/\">Silver Label<\/a><\/strong> est\u00e1 desaparecido desde 2019.<\/p>\n\n\n\n<hr class=\"wp-block-separator\"\/>\n\n\n\n<figure class=\"wp-block-table\"><table class=\"has-fixed-layout\"><tbody><tr><td class=\"has-text-align-center\" data-align=\"center\"><a href=\"https:\/\/www.barbie-secondlife.com\/br\/tag\/black-label\/\"><img decoding=\"async\" width=\"150\" height=\"150\" class=\"wp-image-27586 lazyload\" style=\"--smush-placeholder-width: 150px; --smush-placeholder-aspect-ratio: 150\/150;width: 150px;\" data-src=\"https:\/\/www.barbie-secondlife.com\/wp-content\/uploads\/2020\/05\/Collection_BlackLabel.jpg\" alt=\"Barbie Collection Black Label\" data-srcset=\"https:\/\/www.barbie-secondlife.com\/wp-content\/uploads\/2020\/05\/Collection_BlackLabel.jpg 300w, https:\/\/www.barbie-secondlife.com\/wp-content\/uploads\/2020\/05\/Collection_BlackLabel-200x200.jpg 200w\" data-sizes=\"(max-width: 150px) 100vw, 150px\" src=\"data:image\/svg+xml;base64,PHN2ZyB3aWR0aD0iMSIgaGVpZ2h0PSIxIiB4bWxucz0iaHR0cDovL3d3dy53My5vcmcvMjAwMC9zdmciPjwvc3ZnPg==\" \/><\/a><\/td><td class=\"has-text-align-center\" data-align=\"center\"><a href=\"https:\/\/www.barbie-secondlife.com\/br\/tag\/gold-label\/\"><img decoding=\"async\" width=\"150\" height=\"150\" class=\"wp-image-27583 lazyload\" style=\"--smush-placeholder-width: 150px; --smush-placeholder-aspect-ratio: 150\/150;width: 150px;\" data-src=\"https:\/\/www.barbie-secondlife.com\/wp-content\/uploads\/2020\/05\/Collection_GoldLabel.jpg\" alt=\"Barbie Collection Gold Label\" data-srcset=\"https:\/\/www.barbie-secondlife.com\/wp-content\/uploads\/2020\/05\/Collection_GoldLabel.jpg 300w, https:\/\/www.barbie-secondlife.com\/wp-content\/uploads\/2020\/05\/Collection_GoldLabel-200x200.jpg 200w\" data-sizes=\"(max-width: 150px) 100vw, 150px\" src=\"data:image\/svg+xml;base64,PHN2ZyB3aWR0aD0iMSIgaGVpZ2h0PSIxIiB4bWxucz0iaHR0cDovL3d3dy53My5vcmcvMjAwMC9zdmciPjwvc3ZnPg==\" \/><\/a><\/td><td class=\"has-text-align-center\" data-align=\"center\"><a href=\"https:\/\/www.barbie-secondlife.com\/br\/tag\/platinum-label\/\"><img decoding=\"async\" width=\"150\" height=\"150\" class=\"wp-image-18396 lazyload\" style=\"--smush-placeholder-width: 150px; --smush-placeholder-aspect-ratio: 150\/150;width: 150px;\" data-src=\"https:\/\/www.barbie-secondlife.com\/wp-content\/uploads\/2019\/04\/Collection_Platinum.jpg\" alt=\"Collection Platinum Label\" data-srcset=\"https:\/\/www.barbie-secondlife.com\/wp-content\/uploads\/2019\/04\/Collection_Platinum.jpg 300w, https:\/\/www.barbie-secondlife.com\/wp-content\/uploads\/2019\/04\/Collection_Platinum-200x200.jpg 200w\" data-sizes=\"(max-width: 150px) 100vw, 150px\" src=\"data:image\/svg+xml;base64,PHN2ZyB3aWR0aD0iMSIgaGVpZ2h0PSIxIiB4bWxucz0iaHR0cDovL3d3dy53My5vcmcvMjAwMC9zdmciPjwvc3ZnPg==\" \/><\/a><\/td><\/tr><\/tbody><\/table><\/figure>\n\n\n\n<hr class=\"wp-block-separator\"\/>\n\n\n\n<figure class=\"wp-block-table\"><table class=\"has-fixed-layout\"><tbody><tr><td class=\"has-text-align-center\" data-align=\"center\"><a href=\"https:\/\/www.barbie-secondlife.com\/br\/tag\/pink-label\/\"><img decoding=\"async\" width=\"150\" height=\"150\" class=\"wp-image-27585 lazyload\" style=\"--smush-placeholder-width: 150px; --smush-placeholder-aspect-ratio: 150\/150;width: 150px;\" data-src=\"https:\/\/www.barbie-secondlife.com\/wp-content\/uploads\/2020\/05\/Collection_PinkLabel.jpg\" alt=\"Barbie Collection Pink Label\" data-srcset=\"https:\/\/www.barbie-secondlife.com\/wp-content\/uploads\/2020\/05\/Collection_PinkLabel.jpg 300w, https:\/\/www.barbie-secondlife.com\/wp-content\/uploads\/2020\/05\/Collection_PinkLabel-200x200.jpg 200w\" data-sizes=\"(max-width: 150px) 100vw, 150px\" src=\"data:image\/svg+xml;base64,PHN2ZyB3aWR0aD0iMSIgaGVpZ2h0PSIxIiB4bWxucz0iaHR0cDovL3d3dy53My5vcmcvMjAwMC9zdmciPjwvc3ZnPg==\" \/><\/a><\/td><td class=\"has-text-align-center\" data-align=\"center\"><a href=\"https:\/\/www.barbie-secondlife.com\/br\/tag\/silver-label\/\"><img decoding=\"async\" width=\"150\" height=\"150\" class=\"wp-image-27584 lazyload\" style=\"--smush-placeholder-width: 150px; --smush-placeholder-aspect-ratio: 150\/150;width: 150px;\" data-src=\"https:\/\/www.barbie-secondlife.com\/wp-content\/uploads\/2020\/05\/Collection_SilverLabel.jpg\" alt=\"Barbie Collection Silver Label\" data-srcset=\"https:\/\/www.barbie-secondlife.com\/wp-content\/uploads\/2020\/05\/Collection_SilverLabel.jpg 300w, https:\/\/www.barbie-secondlife.com\/wp-content\/uploads\/2020\/05\/Collection_SilverLabel-200x200.jpg 200w\" data-sizes=\"(max-width: 150px) 100vw, 150px\" src=\"data:image\/svg+xml;base64,PHN2ZyB3aWR0aD0iMSIgaGVpZ2h0PSIxIiB4bWxucz0iaHR0cDovL3d3dy53My5vcmcvMjAwMC9zdmciPjwvc3ZnPg==\" \/><\/a><\/td><td class=\"has-text-align-center\" data-align=\"center\"><\/td><\/tr><\/tbody><\/table><\/figure>\n\n\n\n<hr class=\"wp-block-separator\"\/>\n\n\n\n<p><span style=\"font-family: lobster; color: #e67fb9;\"><b>Black Label<\/b><\/span> \u00e9 um r\u00f3tulo usado desde 2004, que inclui bonecas de cole\u00e7\u00e3o como Barbie Basics, 60th Anniversary, CityShopper etc \u2026 N\u00e3o possui cota de fabrica\u00e7\u00e3o para este r\u00f3tulo.<\/p>\n\n\n\n<p><b><span style=\"font-family: lobster; color: #e67fb9;\">Gold Label<\/span><\/b> \u00e9 um r\u00f3tulo usado desde 2004, que inclui bonecas como Barbie Star Wars, 40th Anniversary First Black, cultura pop em Pantone etc \u2026 A quantidade produzida mundialmente de bonecas com esta etiqueta variou ao longo do tempo :<br>Entre 2004 e 2014 : <b>20 000<\/b> c\u00f3pias produzidas (ou menos).<br>Entre 2015 e 2017 : <b>10 000<\/b> c\u00f3pias produzidas (ou menos).<br>Desde 2018 : <b>20 000<\/b> c\u00f3pias produzidas (ou menos).<\/p>\n\n\n\n<p><b><span style=\"font-family: lobster; color: #e67fb9;\">Pink Label<\/span><\/b> re\u00fane bonecas Barbie como Barbie Collection on Location, Barbie Grace Kelly etc \u2026, essa etiqueta existe desde 2000 e n\u00e3o tem limite de fabrica\u00e7\u00e3o.<\/p>\n\n\n\n<p><strong><span style=\"font-family: lobster; color: #e67fb9;\">Platinum Label<\/span><\/strong> \u00e9 o r\u00f3tulo menos usado, porque o n\u00famero de manufaturas globais \u00e9 de no m\u00e1ximo <b>5 000<\/b> c\u00f3pias desde 2018 (entre 2004 e 2017, era de <b>1 000<\/b> c\u00f3pias no m\u00e1ximo), a revenda desses Barbies \u00e9 feita em revendedores espec\u00edficos ou em lojas especializadas. Barbie.mattel.com. (ex: Barbie Yves Saint Laurent).<\/p>\n\n\n\n<p><strong><span style=\"font-family: lobster; color: #e67fb9;\">Silver Label<\/span><\/strong> \u00e9 um r\u00f3tulo que foi retirado desde 2019. Entre 2004 e 2014, a cota de produ\u00e7\u00e3o foi de <strong>50 000<\/strong> c\u00f3pias da mesma boneca Barbie (ex: Barbie Hershey, Barbie Dream Seasons). Entre 2015 e 2018, a fabrica\u00e7\u00e3o foi reduzida para <strong>25 000<\/strong> no m\u00e1ximo (ex: Barbie Hudson&#8217;s Bay &#8211; 2016).<\/p>\n","protected":false},"excerpt":{"rendered":"<p>Barbie Label Os principais &#8220;Label&#8221; nas cole\u00e7\u00f5es da Barbie. Ainda hoje s\u00e3o usados 4 Black Label, Gold Label, Pink Label e o mais prestigiado Platinum Label. O Silver Label est\u00e1 desaparecido desde 2019. Black Label \u00e9 um r\u00f3tulo usado desde 2004, que inclui bonecas de cole\u00e7\u00e3o como Barbie Basics, 60th Anniversary, CityShopper etc \u2026 N\u00e3o [&hellip;]<\/p>\n","protected":false},"author":1,"featured_media":469623,"parent":4910,"menu_order":0,"comment_status":"closed","ping_status":"closed","template":"","meta":{"footnotes":""},"class_list":["post-23544","page","type-page","status-publish","has-post-thumbnail","hentry"],"translation":{"provider":"WPGlobus","version":"3.0.2","language":"br","enabled_languages":["fr","en","es","br","de"],"languages":{"fr":{"title":true,"content":true,"excerpt":false},"en":{"title":true,"content":true,"excerpt":false},"es":{"title":true,"content":true,"excerpt":false},"br":{"title":true,"content":true,"excerpt":false},"de":{"title":true,"content":true,"excerpt":false}}},"_links":{"self":[{"href":"https:\/\/www.barbie-secondlife.com\/br\/wp-json\/wp\/v2\/pages\/23544","targetHints":{"allow":["GET"]}}],"collection":[{"href":"https:\/\/www.barbie-secondlife.com\/br\/wp-json\/wp\/v2\/pages"}],"about":[{"href":"https:\/\/www.barbie-secondlife.com\/br\/wp-json\/wp\/v2\/types\/page"}],"author":[{"embeddable":true,"href":"https:\/\/www.barbie-secondlife.com\/br\/wp-json\/wp\/v2\/users\/1"}],"replies":[{"embeddable":true,"href":"https:\/\/www.barbie-secondlife.com\/br\/wp-json\/wp\/v2\/comments?post=23544"}],"version-history":[{"count":3,"href":"https:\/\/www.barbie-secondlife.com\/br\/wp-json\/wp\/v2\/pages\/23544\/revisions"}],"predecessor-version":[{"id":600622,"href":"https:\/\/www.barbie-secondlife.com\/br\/wp-json\/wp\/v2\/pages\/23544\/revisions\/600622"}],"up":[{"embeddable":true,"href":"https:\/\/www.barbie-secondlife.com\/br\/wp-json\/wp\/v2\/pages\/4910"}],"wp:featuredmedia":[{"embeddable":true,"href":"https:\/\/www.barbie-secondlife.com\/br\/wp-json\/wp\/v2\/media\/469623"}],"wp:attachment":[{"href":"https:\/\/www.barbie-secondlife.com\/br\/wp-json\/wp\/v2\/media?parent=23544"}],"curies":[{"name":"wp","href":"https:\/\/api.w.org\/{rel}","templated":true}]}}