{"id":23557,"date":"2020-04-21T16:42:09","date_gmt":"2020-04-21T14:42:09","guid":{"rendered":"http:\/\/www.barbie-secondlife.com\/?page_id=23557"},"modified":"2022-08-06T14:46:18","modified_gmt":"2022-08-06T12:46:18","slug":"look","status":"publish","type":"page","link":"https:\/\/www.barbie-secondlife.com\/br\/collection\/look\/","title":{"rendered":"Look"},"content":{"rendered":"\n<h2 class=\"wp-block-heading\"><strong><em>Barbie Cole\u00e7\u00e3o Look<\/em><\/strong><\/h2>\n\n\n\n<hr class=\"wp-block-separator\"\/>\n\n\n\n<figure class=\"wp-block-table\"><table class=\"has-fixed-layout\"><tbody><tr><td class=\"has-text-align-center\" data-align=\"center\"><a href=\"https:\/\/www.barbie-secondlife.com\/br\/tag\/looks\/\"><img decoding=\"async\" width=\"100\" height=\"253\" class=\"wp-image-468405 lazyload\" style=\"--smush-placeholder-width: 100px; --smush-placeholder-aspect-ratio: 100\/253;width: 100px;\" data-src=\"https:\/\/www.barbie-secondlife.com\/wp-content\/uploads\/2021\/07\/Barbie_Jill_Original.jpg\" alt=\"Barbie Jill\" data-srcset=\"https:\/\/www.barbie-secondlife.com\/wp-content\/uploads\/2021\/07\/Barbie_Jill_Original.jpg 168w, https:\/\/www.barbie-secondlife.com\/wp-content\/uploads\/2021\/07\/Barbie_Jill_Original-119x300.jpg 119w\" data-sizes=\"(max-width: 100px) 100vw, 100px\" src=\"data:image\/svg+xml;base64,PHN2ZyB3aWR0aD0iMSIgaGVpZ2h0PSIxIiB4bWxucz0iaHR0cDovL3d3dy53My5vcmcvMjAwMC9zdmciPjwvc3ZnPg==\" \/><\/a><\/td><td><a href=\"https:\/\/www.barbie-secondlife.com\/br\/tag\/looks\/\">Barbie Looks<\/a><br>Apresentando roupas da moda com detalhes dignos de fotos, as bonecas Barbie Looks inspiram o estilista que est\u00e1 por dentro. Com todas as novas esculturas de rosto. Com um visual novo e personalidade estilosa, as bonecas Barbie Looks s\u00e3o o presente perfeito para estilistas, entusiastas da moda e colecionadores da Barbie.<\/td><\/tr><\/tbody><\/table><\/figure>\n\n\n\n<hr class=\"wp-block-separator\"\/>\n\n\n\n<figure class=\"wp-block-table\"><table class=\"has-fixed-layout\"><tbody><tr><td class=\"has-text-align-left\" data-align=\"left\"><a href=\"https:\/\/www.barbie-secondlife.com\/br\/tag\/city-shopper\/\">Barbie Look &#8211; City Shopper<\/a><br>Elas definitivamente t\u00eam \u201cThe Look! Bem vestida \u00e9 uma obriga\u00e7\u00e3o no mundo das bonecas Barbie. Sempre estilosa e sempre deslumbrante, as bonecas Barbie da cole\u00e7\u00e3o &#8216;City Shopper&#8217; est\u00e3o prontas para ir \u00e0s compras com um vestido elegante, joias, \u00f3culos escuros e, claro, uma bolsa de compras. Elas incorporam a cole\u00e7\u00e3o &#8216;Barbie Look &#8211; City Shopper&#8217;!<\/td><td class=\"has-text-align-center\" data-align=\"center\"><a href=\"https:\/\/www.barbie-secondlife.com\/br\/tag\/city-shopper\/\"><img decoding=\"async\" data-src=\"https:\/\/www.barbie-secondlife.com\/wp-content\/uploads\/2016\/09\/Original-Silje.png\" alt=\"Barbie - Collection City Shopper\" style=\"--smush-placeholder-width: 164px; --smush-placeholder-aspect-ratio: 164\/425;width: 100px;\" src=\"data:image\/svg+xml;base64,PHN2ZyB3aWR0aD0iMSIgaGVpZ2h0PSIxIiB4bWxucz0iaHR0cDovL3d3dy53My5vcmcvMjAwMC9zdmciPjwvc3ZnPg==\" class=\"lazyload\"><\/a><\/td><\/tr><\/tbody><\/table><\/figure>\n\n\n\n<hr class=\"wp-block-separator\"\/>\n\n\n\n<figure class=\"wp-block-table\"><table class=\"has-fixed-layout\"><tbody><tr><td class=\"has-text-align-center\" data-align=\"center\"><a href=\"https:\/\/www.barbie-secondlife.com\/br\/tag\/look-city-shine\/\"><img decoding=\"async\" width=\"80\" height=\"266\" class=\"wp-image-4381 lazyload\" style=\"--smush-placeholder-width: 80px; --smush-placeholder-aspect-ratio: 80\/266;width: 80px;\" data-src=\"https:\/\/www.barbie-secondlife.com\/wp-content\/uploads\/2016\/09\/Original-June.png\" alt=\"Barbie Collection Look - City Shine - Red Dress\" data-srcset=\"https:\/\/www.barbie-secondlife.com\/wp-content\/uploads\/2016\/09\/Original-June.png 128w, https:\/\/www.barbie-secondlife.com\/wp-content\/uploads\/2016\/09\/Original-June-90x300.png 90w\" data-sizes=\"(max-width: 80px) 100vw, 80px\" src=\"data:image\/svg+xml;base64,PHN2ZyB3aWR0aD0iMSIgaGVpZ2h0PSIxIiB4bWxucz0iaHR0cDovL3d3dy53My5vcmcvMjAwMC9zdmciPjwvc3ZnPg==\" \/><\/a><\/td><td><a href=\"https:\/\/www.barbie-secondlife.com\/br\/tag\/look-city-shine\/\">Barbie Look &#8211; City Shine<\/a><br>Quando voc\u00ea \u00e9 um \u00edcone da moda global como a Barbie, sempre tem a roupa perfeita para a ocasi\u00e3o perfeita. Esta cole\u00e7\u00e3o excepcional de bonecas coloridas &#8216;Look &#8211; City Shine&#8217; revela aonde quer que elas v\u00e3o, o que quer que fa\u00e7am, que a boneca Barbie sempre tem &#8220;o look!&#8221;.<\/td><\/tr><\/tbody><\/table><\/figure>\n\n\n\n<hr class=\"wp-block-separator\"\/>\n\n\n\n<figure class=\"wp-block-table\"><table class=\"has-fixed-layout\"><tbody><tr><td class=\"has-text-align-left\" data-align=\"left\"><a href=\"https:\/\/www.barbie-secondlife.com\/br\/tag\/the-look-red-carpet\/\">Barbie The Look Red Carpet<\/a><br>O guarda-roupa da boneca Barbie cont\u00e9m roupas glamorosas para todos os eventos imagin\u00e1veis, desde estreias no tapete vermelho e galas at\u00e9 as festas mais incr\u00edveis do planeta! Cada boneca da cole\u00e7\u00e3o &#8220;The Look Red Carpet&#8221; apresenta moda chique, c\u00edlios enraizados, brincos dram\u00e1ticos, pulseira, bolsa e sapatos.<\/td><td class=\"has-text-align-center\" data-align=\"center\"><a href=\"https:\/\/www.barbie-secondlife.com\/br\/tag\/the-look-red-carpet\/\"><img decoding=\"async\" width=\"80\" height=\"250\" class=\"wp-image-4392 lazyload\" style=\"--smush-placeholder-width: 80px; --smush-placeholder-aspect-ratio: 80\/250;width: 80px;\" data-src=\"https:\/\/www.barbie-secondlife.com\/wp-content\/uploads\/2016\/12\/Original-Mandy.png\" alt=\"Barbie Collection Look - Red Carpet - Black Gown\" data-srcset=\"https:\/\/www.barbie-secondlife.com\/wp-content\/uploads\/2016\/12\/Original-Mandy.png 136w, https:\/\/www.barbie-secondlife.com\/wp-content\/uploads\/2016\/12\/Original-Mandy-96x300.png 96w\" data-sizes=\"(max-width: 80px) 100vw, 80px\" src=\"data:image\/svg+xml;base64,PHN2ZyB3aWR0aD0iMSIgaGVpZ2h0PSIxIiB4bWxucz0iaHR0cDovL3d3dy53My5vcmcvMjAwMC9zdmciPjwvc3ZnPg==\" \/><\/a><\/td><\/tr><\/tbody><\/table><\/figure>\n\n\n\n<hr class=\"wp-block-separator\"\/>\n\n\n\n<figure class=\"wp-block-table\"><table class=\"has-fixed-layout\"><tbody><tr><td class=\"has-text-align-center\" data-align=\"center\"><a href=\"https:\/\/www.barbie-secondlife.com\/br\/tag\/the-barbie-look\/\"><img decoding=\"async\" width=\"100\" height=\"276\" class=\"wp-image-4312 lazyload\" style=\"--smush-placeholder-width: 100px; --smush-placeholder-aspect-ratio: 100\/276;width: 100px;\" data-src=\"https:\/\/www.barbie-secondlife.com\/wp-content\/uploads\/2016\/12\/Original-Rocio.png\" alt=\"The Barbie Look - Festival\" data-srcset=\"https:\/\/www.barbie-secondlife.com\/wp-content\/uploads\/2016\/12\/Original-Rocio.png 154w, https:\/\/www.barbie-secondlife.com\/wp-content\/uploads\/2016\/12\/Original-Rocio-109x300.png 109w, https:\/\/www.barbie-secondlife.com\/wp-content\/uploads\/2016\/12\/Original-Rocio-151x417.png 151w\" data-sizes=\"(max-width: 100px) 100vw, 100px\" src=\"data:image\/svg+xml;base64,PHN2ZyB3aWR0aD0iMSIgaGVpZ2h0PSIxIiB4bWxucz0iaHR0cDovL3d3dy53My5vcmcvMjAwMC9zdmciPjwvc3ZnPg==\" \/><\/a><\/td><td><a href=\"https:\/\/www.barbie-secondlife.com\/br\/tag\/the-barbie-look\/\">The Barbie Look<\/a><br>Ela \u00e9 a sua amiga mais fashion, sempre atualizada, inspirada e infinitamente inspiradora. O sortimento de bonecas Barbie #TheBarbieLook torna a moda divertida, inspirando-se em passarelas internacionais e looks de rua. A boneca Barbie combina seu guarda-roupa invej\u00e1vel com uma imagina\u00e7\u00e3o ativa para criar um estilo pessoal que implora para ser fotografado. O sortimento de bonecas Barbie #TheBarbieLook \u00e9 o ep\u00edtome do glamour com acess\u00f3rios incr\u00edveis que complementam cada roupa.<\/td><\/tr><\/tbody><\/table><\/figure>\n\n\n\n<hr class=\"wp-block-separator\"\/>\n\n\n\n<p><span style=\"font-family: lobster; color: #e67fb9;\"><b>Looks<\/b><\/span> : bonecas lan\u00e7adas em 2021, s\u00e3o 4 Barbies e 2 Ken com trajes dignos dos desfiles.<\/p>\n\n\n\n<p><span style=\"font-family: lobster; color: #e67fb9;\"><b>City Shopper<\/b><\/span> : bonecas lan\u00e7adas em 2012\/2013, elas vestem uma roupa muito elegante para realizar suas grava\u00e7\u00f5es com sua bolsa &#8220;Barbie&#8221;.<\/p>\n\n\n\n<p><b><span style=\"font-family: lobster; color: #e67fb9;\">Look City Shine<\/span><\/b> : bonecas lan\u00e7adas em 2014\/2015, usam vestido de noite, pronto para sair.<\/p>\n\n\n\n<p><b><span style=\"font-family: lobster; color: #e67fb9;\">Look Red Carpet<\/span><\/b> : bonecas lan\u00e7adas em 2013\/2014, convidadas no &#8220;Red Carpet&#8221;, vestiram-se de acordo.<\/p>\n\n\n\n<p><strong><span style=\"font-family: lobster; color: #e67fb9;\">The Barbie Look<\/span><\/strong> : bonecas lan\u00e7adas em 2015\/2016, usam uma roupa de acordo com a ocasi\u00e3o do lan\u00e7amento e o estilo. Cada um \u00e9 \u00fanico.<\/p>\n","protected":false},"excerpt":{"rendered":"<p>Barbie Cole\u00e7\u00e3o Look Barbie LooksApresentando roupas da moda com detalhes dignos de fotos, as bonecas Barbie Looks inspiram o estilista que est\u00e1 por dentro. Com todas as novas esculturas de rosto. Com um visual novo e personalidade estilosa, as bonecas Barbie Looks s\u00e3o o presente perfeito para estilistas, entusiastas da moda e colecionadores da Barbie. [&hellip;]<\/p>\n","protected":false},"author":1,"featured_media":469625,"parent":4910,"menu_order":0,"comment_status":"closed","ping_status":"closed","template":"","meta":{"footnotes":""},"class_list":["post-23557","page","type-page","status-publish","has-post-thumbnail","hentry"],"translation":{"provider":"WPGlobus","version":"3.0.2","language":"br","enabled_languages":["fr","en","es","br","de"],"languages":{"fr":{"title":true,"content":true,"excerpt":false},"en":{"title":true,"content":true,"excerpt":false},"es":{"title":true,"content":true,"excerpt":false},"br":{"title":true,"content":true,"excerpt":false},"de":{"title":true,"content":true,"excerpt":false}}},"_links":{"self":[{"href":"https:\/\/www.barbie-secondlife.com\/br\/wp-json\/wp\/v2\/pages\/23557","targetHints":{"allow":["GET"]}}],"collection":[{"href":"https:\/\/www.barbie-secondlife.com\/br\/wp-json\/wp\/v2\/pages"}],"about":[{"href":"https:\/\/www.barbie-secondlife.com\/br\/wp-json\/wp\/v2\/types\/page"}],"author":[{"embeddable":true,"href":"https:\/\/www.barbie-secondlife.com\/br\/wp-json\/wp\/v2\/users\/1"}],"replies":[{"embeddable":true,"href":"https:\/\/www.barbie-secondlife.com\/br\/wp-json\/wp\/v2\/comments?post=23557"}],"version-history":[{"count":0,"href":"https:\/\/www.barbie-secondlife.com\/br\/wp-json\/wp\/v2\/pages\/23557\/revisions"}],"up":[{"embeddable":true,"href":"https:\/\/www.barbie-secondlife.com\/br\/wp-json\/wp\/v2\/pages\/4910"}],"wp:featuredmedia":[{"embeddable":true,"href":"https:\/\/www.barbie-secondlife.com\/br\/wp-json\/wp\/v2\/media\/469625"}],"wp:attachment":[{"href":"https:\/\/www.barbie-secondlife.com\/br\/wp-json\/wp\/v2\/media?parent=23557"}],"curies":[{"name":"wp","href":"https:\/\/api.w.org\/{rel}","templated":true}]}}