{"id":23825,"date":"2020-04-22T14:31:25","date_gmt":"2020-04-22T12:31:25","guid":{"rendered":"http:\/\/www.barbie-secondlife.com\/?page_id=23825"},"modified":"2026-01-01T19:23:39","modified_gmt":"2026-01-01T18:23:39","slug":"xautres","status":"publish","type":"page","link":"https:\/\/www.barbie-secondlife.com\/br\/collection\/xautres\/","title":{"rendered":"Outras Cole\u00e7\u00f5es"},"content":{"rendered":"\n<h2 class=\"wp-block-heading\"><strong><em>Barbie Cole\u00e7\u00e3o<\/em><\/strong><\/h2>\n\n\n\n<p>Algumas outras cole\u00e7\u00f5es,<strong> <a href=\"https:\/\/www.barbie-secondlife.com\/br\/tag\/avon\/\">Avon<\/a>, Barbie <a href=\"https:\/\/www.barbie-secondlife.com\/br\/tag\/university\/\">University<\/a>, Barbie <a href=\"https:\/\/www.barbie-secondlife.com\/br\/tag\/pop-culture\/\">Pop Culture<\/a>, Barbie <a href=\"https:\/\/www.barbie-secondlife.com\/br\/tag\/so-in-style\/\">So In Style<\/a>, Barbie <a href=\"https:\/\/www.barbie-secondlife.com\/br\/tag\/on-location\/\">On Location<\/a> (South Beach, Monte Carlo, Barcelona, Milan), Barbie <a href=\"https:\/\/www.barbie-secondlife.com\/br\/tag\/top-model\/\">Top Model<\/a> &#8230; <\/strong> Sinta-se livre para usar o m\u00f3dulo de pesquisa no canto superior direito da tela para encontrar outras cole\u00e7\u00f5es de <strong> <a href=\"https:\/\/www.barbie-secondlife.com\/br\/tag\/hello-kitty\/\">Hello Kitty<\/a> <\/strong>, <strong> <a href=\"https:\/\/www.barbie-secondlife.com\/br\/tag\/hard-rock-cafe\/\">Hard Rock Caf\u00e9<\/a> <\/strong>ou at\u00e9 <span style=\"text-decoration: underline;\"><strong><a href=\"https:\/\/www.barbie-secondlife.com\/br\/tag\/birthstone\/\">Birthstone<\/a><\/strong><\/span>\u2026<\/p>\n\n\n\n<hr class=\"wp-block-separator has-css-opacity\"\/>\n\n\n\n<figure class=\"wp-block-table\"><table class=\"has-fixed-layout\"><tbody><tr><td class=\"has-text-align-center\" data-align=\"center\"><a href=\"https:\/\/www.barbie-secondlife.com\/br\/tag\/birthstone\/\"><img decoding=\"async\" width=\"120\" height=\"364\" class=\"wp-image-4668 lazyload\" style=\"--smush-placeholder-width: 120px; --smush-placeholder-aspect-ratio: 120\/364;width: 120px;\" data-src=\"https:\/\/www.barbie-secondlife.com\/wp-content\/uploads\/2016\/09\/Original-MariaLuisa.png\" alt=\"Barbie - Collection - Birthstone - Miss Peridot\" data-srcset=\"https:\/\/www.barbie-secondlife.com\/wp-content\/uploads\/2016\/09\/Original-MariaLuisa.png 140w, https:\/\/www.barbie-secondlife.com\/wp-content\/uploads\/2016\/09\/Original-MariaLuisa-99x300.png 99w\" data-sizes=\"(max-width: 120px) 100vw, 120px\" src=\"data:image\/svg+xml;base64,PHN2ZyB3aWR0aD0iMSIgaGVpZ2h0PSIxIiB4bWxucz0iaHR0cDovL3d3dy53My5vcmcvMjAwMC9zdmciPjwvc3ZnPg==\" \/><\/a><\/td><td><span style=\"text-decoration: underline;\"><strong><a href=\"https:\/\/www.barbie-secondlife.com\/br\/tag\/birthstone\/\">Barbie Birthstone<\/a><\/strong><\/span><br>A cole\u00e7\u00e3o Birthstone \u00e9 uma cole\u00e7\u00e3o dividida em 2 subcategorias, a cole\u00e7\u00e3o \u201cThe Birthstone Collection\u201d e a cole\u00e7\u00e3o \u201cBirthstone Beauties\u201d. \u201cThe Birthstone Collection\u201d \u00e9 uma s\u00e9rie de 36 bonecos lan\u00e7ada em 2003, que representa uma pedra preciosa e um m\u00eas do ano. \u201cBirthstone Beauties\u201d \u00e9 uma s\u00e9rie de 24 bonecos lan\u00e7ada em 2007, que tamb\u00e9m representa uma pedra preciosa, t\u00eam corpo de musa e cabe\u00e7a \u201cSteffie\u201d, s\u00e3o loiras, castanhas, castanhas e vermelhas. Cada um est\u00e1 acompanhado por um cachorrinho.<\/td><\/tr><\/tbody><\/table><\/figure>\n\n\n\n<figure class=\"wp-block-table\"><table class=\"has-fixed-layout\"><tbody><tr><td><span style=\"text-decoration: underline;\"><a href=\"https:\/\/www.barbie-secondlife.com\/br\/tag\/extra\/\"><strong>Barbie Extra<\/strong><\/a><\/span><br>As bonecas Barbie &#8216;Extra&#8217; apresentam modas ousadas e cores vibrantes! Cada boneca Barbie tem seu pr\u00f3prio estilo \u00fanico, l\u00fadico e exagerado. E seus bichinhos, todos diferentes e ador\u00e1veis, tamb\u00e9m t\u00eam muita personalidade! Barbie &#8216;Extra&#8217; permite que as crian\u00e7as explorem a autoexpress\u00e3o atrav\u00e9s do estilo e oferece uma experi\u00eancia de jogo emocionante de moda e estilo. <a href=\"https:\/\/www.barbie-secondlife.com\/br\/tag\/extra\/\">Barbie Extra<\/a>, <a href=\"https:\/\/www.barbie-secondlife.com\/br\/tag\/extra-fly\/\">Barbie Extra Fly<\/a>, <a href=\"https:\/\/www.barbie-secondlife.com\/br\/tag\/extra-fancy\/\">Barbie Extra Fancy<\/a> <\/td><td class=\"has-text-align-center\" data-align=\"center\"><a href=\"https:\/\/www.barbie-secondlife.com\/br\/tag\/extra\/\"><img decoding=\"async\" width=\"200\" height=\"313\" class=\"wp-image-595174 lazyload\" style=\"--smush-placeholder-width: 200px; --smush-placeholder-aspect-ratio: 200\/313;width: 200px;\" data-src=\"https:\/\/www.barbie-secondlife.com\/wp-content\/uploads\/2022\/09\/Barbie_Carla_Original.jpg\" alt=\"Barbie Extra Fancy\" data-srcset=\"https:\/\/www.barbie-secondlife.com\/wp-content\/uploads\/2022\/09\/Barbie_Carla_Original.jpg 272w, https:\/\/www.barbie-secondlife.com\/wp-content\/uploads\/2022\/09\/Barbie_Carla_Original-200x313.jpg 200w, https:\/\/www.barbie-secondlife.com\/wp-content\/uploads\/2022\/09\/Barbie_Carla_Original-192x300.jpg 192w\" data-sizes=\"(max-width: 200px) 100vw, 200px\" src=\"data:image\/svg+xml;base64,PHN2ZyB3aWR0aD0iMSIgaGVpZ2h0PSIxIiB4bWxucz0iaHR0cDovL3d3dy53My5vcmcvMjAwMC9zdmciPjwvc3ZnPg==\" \/><\/a><\/td><\/tr><\/tbody><\/table><\/figure>\n\n\n\n<figure class=\"wp-block-table\"><table class=\"has-fixed-layout\"><tbody><tr><td class=\"has-text-align-center\" data-align=\"center\"><a href=\"https:\/\/www.barbie-secondlife.com\/br\/tag\/so-in-style\/\"><img decoding=\"async\" width=\"120\" height=\"359\" class=\"wp-image-598477 lazyload\" style=\"--smush-placeholder-width: 120px; --smush-placeholder-aspect-ratio: 120\/359;width: 120px;\" data-src=\"https:\/\/www.barbie-secondlife.com\/wp-content\/uploads\/2023\/05\/Barbie_Hamelle_Original.png\" alt=\"Barbie So In Style\" data-srcset=\"https:\/\/www.barbie-secondlife.com\/wp-content\/uploads\/2023\/05\/Barbie_Hamelle_Original.png 142w, https:\/\/www.barbie-secondlife.com\/wp-content\/uploads\/2023\/05\/Barbie_Hamelle_Original-100x300.png 100w\" data-sizes=\"(max-width: 120px) 100vw, 120px\" src=\"data:image\/svg+xml;base64,PHN2ZyB3aWR0aD0iMSIgaGVpZ2h0PSIxIiB4bWxucz0iaHR0cDovL3d3dy53My5vcmcvMjAwMC9zdmciPjwvc3ZnPg==\" \/><\/a><\/td><td><span style=\"text-decoration: underline;\"><strong><a href=\"https:\/\/www.barbie-secondlife.com\/br\/tag\/so-in-style\/\">Barbie So in Style<\/a><\/strong><\/span><br>Barbie &#8220;So In Style&#8221; \u00e9 uma cole\u00e7\u00e3o composta por uma boneca Barbie afro-americana. Esta cole\u00e7\u00e3o foi lan\u00e7ada entre 2009 e 2014 com diferentes variantes com a irm\u00e3 mais nova da Barbie. 6 Barbies est\u00e3o na minha cole\u00e7\u00e3o, incluindo uma Barbie cujo cabelo replantei (rerooting), Olympe Barbie So In Style Trichelle, Trish, Barbie so in style baby phat Kara, Naomi, Barbie So In Style \u2013 Kara, Cherifa, Barbie So In Style \u2013 Grace, Amina, Barbie So In Style baby phat Marisa.<\/td><\/tr><\/tbody><\/table><\/figure>\n\n\n\n<hr class=\"wp-block-separator has-css-opacity\"\/>\n\n\n\n<h2 class=\"wp-block-heading\"><strong><em>Outras Cole\u00e7\u00f5es<\/em><\/strong><\/h2>\n\n\n\n<figure class=\"wp-block-table is-style-stripes\" style=\"font-size:15px\"><table class=\"has-fixed-layout\"><tbody><tr><td class=\"has-text-align-center\" data-align=\"center\"><a href=\"https:\/\/www.barbie-secondlife.com\/br\/tag\/amazing-nails\/\">Amazing Nails<\/a><\/td><td class=\"has-text-align-center\" data-align=\"center\"><a href=\"https:\/\/www.barbie-secondlife.com\/br\/tag\/avon\/\">Avon<\/a><\/td><td class=\"has-text-align-center\" data-align=\"center\"><a href=\"https:\/\/www.barbie-secondlife.com\/br\/tag\/ballet-wishes\/\">Ballet Wishes<\/a><\/td><\/tr><tr><td class=\"has-text-align-center\" data-align=\"center\"><a href=\"https:\/\/www.barbie-secondlife.com\/br\/tag\/cali-girl\/\">Cali Girl<\/a><\/td><td class=\"has-text-align-center\" data-align=\"center\"><a href=\"https:\/\/www.barbie-secondlife.com\/br\/tag\/california-girl\/\">California Girl<\/a><\/td><td class=\"has-text-align-center\" data-align=\"center\"><a href=\"https:\/\/www.barbie-secondlife.com\/br\/tag\/careers\/\">Careers<\/a><\/td><\/tr><tr><td class=\"has-text-align-center\" data-align=\"center\"><a href=\"https:\/\/www.barbie-secondlife.com\/br\/tag\/chromatic-couture\/\">Chromatic Couture<\/a><\/td><td class=\"has-text-align-center\" data-align=\"center\"><a href=\"https:\/\/www.barbie-secondlife.com\/br\/tag\/convention\/\">Convention<\/a><\/td><td class=\"has-text-align-center\" data-align=\"center\"><a href=\"https:\/\/www.barbie-secondlife.com\/br\/tag\/dallas-cowboy\/\">Dallas Cowboy Cheerleaders<\/a><\/td><\/tr><tr><td class=\"has-text-align-center\" data-align=\"center\"><a href=\"https:\/\/www.barbie-secondlife.com\/br\/tag\/deluxe\/\">Deluxe<\/a><\/td><td class=\"has-text-align-center\" data-align=\"center\"><a href=\"https:\/\/www.barbie-secondlife.com\/br\/tag\/dreamtopia\/\">Dreamtopia<\/a><\/td><td class=\"has-text-align-center\" data-align=\"center\"><a href=\"https:\/\/www.barbie-secondlife.com\/br\/tag\/dream-seasons\/\">Dream Seasons<\/a><\/td><\/tr><tr><td class=\"has-text-align-center\" data-align=\"center\"><a href=\"https:\/\/www.barbie-secondlife.com\/br\/tag\/fairytopia\/\">Fairytopia<\/a><\/td><td class=\"has-text-align-center\" data-align=\"center\"><a href=\"https:\/\/www.barbie-secondlife.com\/br\/tag\/fantasy\/\">Fantasy<\/a><\/td><td class=\"has-text-align-center\" data-align=\"center\"><a href=\"https:\/\/www.barbie-secondlife.com\/br\/tag\/fao-schwarz\/\">FAO Schwarz<\/a><\/td><\/tr><tr><td class=\"has-text-align-center\" data-align=\"center\"><a href=\"https:\/\/www.barbie-secondlife.com\/br\/tag\/fashion-fever\/\">Fashion Fever<\/a><\/td><td class=\"has-text-align-center\" data-align=\"center\"><a href=\"https:\/\/www.barbie-secondlife.com\/br\/tag\/fashionistas\/\">Fashionistas<\/a><\/td><td class=\"has-text-align-center\" data-align=\"center\"><a href=\"https:\/\/www.barbie-secondlife.com\/br\/tag\/flavor-obsession\/\">Flavor Obsession<\/a><\/td><\/tr><tr><td class=\"has-text-align-center\" data-align=\"center\"><a href=\"https:\/\/www.barbie-secondlife.com\/br\/tag\/generation-girl\/\">Generation Girl<\/a><\/td><td class=\"has-text-align-center\" data-align=\"center\"><a href=\"https:\/\/www.barbie-secondlife.com\/br\/tag\/graduation-day\/\">Graduation Day<\/a><\/td><td class=\"has-text-align-center\" data-align=\"center\"><a href=\"https:\/\/www.barbie-secondlife.com\/br\/tag\/hairtastic\/\">HairTastic<\/a><\/td><\/tr><tr><td class=\"has-text-align-center\" data-align=\"center\"><a href=\"https:\/\/www.barbie-secondlife.com\/br\/tag\/hard-rock-cafe\/\">Hard Rock Caf\u00e9<\/a><\/td><td class=\"has-text-align-center\" data-align=\"center\"><a href=\"https:\/\/www.barbie-secondlife.com\/br\/tag\/harley-davidson\/\">Harley Davidson<\/a><\/td><td class=\"has-text-align-center\" data-align=\"center\"><a href=\"https:\/\/www.barbie-secondlife.com\/br\/tag\/hello-kitty\/\">Hello Kitty<\/a><\/td><\/tr><tr><td class=\"has-text-align-center\" data-align=\"center\"><a href=\"https:\/\/www.barbie-secondlife.com\/br\/tag\/juicy-couture\/\">Juicy Couture<\/a><\/td><td class=\"has-text-align-center\" data-align=\"center\"><a href=\"https:\/\/www.barbie-secondlife.com\/br\/tag\/loves-the-ocean\/\">Loves the Ocean<\/a><\/td><td class=\"has-text-align-center\" data-align=\"center\"><a href=\"https:\/\/www.barbie-secondlife.com\/br\/tag\/lunar-new-year\/\">Lunar New Year<\/a><\/td><\/tr><tr><td class=\"has-text-align-center\" data-align=\"center\"><a href=\"https:\/\/www.barbie-secondlife.com\/br\/tag\/made-to-move\/\">Made to Move<\/a><\/td><td class=\"has-text-align-center\" data-align=\"center\"><a href=\"https:\/\/www.barbie-secondlife.com\/br\/tag\/model-of-the-moment\/\">Model of the Moment<\/a><\/td><td class=\"has-text-align-center\" data-align=\"center\"><a href=\"https:\/\/www.barbie-secondlife.com\/br\/tag\/on-location\/\">On Location<\/a><\/td><\/tr><tr><td class=\"has-text-align-center\" data-align=\"center\"><a href=\"https:\/\/www.barbie-secondlife.com\/br\/tag\/pop-culture\/\">Pop Culture<\/a><\/td><td class=\"has-text-align-center\" data-align=\"center\"><a href=\"https:\/\/www.barbie-secondlife.com\/br\/tag\/puma\/\">Puma<\/a><\/td><td class=\"has-text-align-center\" data-align=\"center\"><a href=\"https:\/\/www.barbie-secondlife.com\/br\/tag\/really-rose\/\">Really Rosy<\/a><\/td><\/tr><tr><td class=\"has-text-align-center\" data-align=\"center\"><a href=\"https:\/\/www.barbie-secondlife.com\/br\/tag\/rio-de-janeiro\/\">Rio de Janeiro<\/a><\/td><td class=\"has-text-align-center\" data-align=\"center\"><a href=\"https:\/\/www.barbie-secondlife.com\/br\/tag\/rose-splendor\/\">Rose Splendor<\/a><\/td><td class=\"has-text-align-center\" data-align=\"center\"><a href=\"https:\/\/www.barbie-secondlife.com\/br\/tag\/star-doll\/\">Star Doll<\/a><\/td><\/tr><tr><td class=\"has-text-align-center\" data-align=\"center\"><a href=\"https:\/\/www.barbie-secondlife.com\/br\/tag\/ted-lasso\/\">Ted Lasso<\/a><\/td><td class=\"has-text-align-center\" data-align=\"center\"><a href=\"https:\/\/www.barbie-secondlife.com\/br\/tag\/top-model\/\">Top Model<\/a><\/td><td class=\"has-text-align-center\" data-align=\"center\"><a href=\"https:\/\/www.barbie-secondlife.com\/br\/tag\/tribute\/\">Tribute<\/a><\/td><\/tr><tr><td class=\"has-text-align-center\" data-align=\"center\"><a href=\"https:\/\/www.barbie-secondlife.com\/br\/tag\/university\/\">University<\/a><\/td><td class=\"has-text-align-center\" data-align=\"center\"><a href=\"https:\/\/www.barbie-secondlife.com\/br\/tag\/wwe\/\">WWE Catch<\/a><\/td><td class=\"has-text-align-center\" data-align=\"center\"><a href=\"https:\/\/www.barbie-secondlife.com\/br\/tag\/you-can-be-anything\/\">You Can be Anything<\/a><\/td><\/tr><tr><td class=\"has-text-align-center\" data-align=\"center\"><a href=\"https:\/\/www.barbie-secondlife.com\/br\/tag\/zodiac\/\">Zodiac<\/a><\/td><td class=\"has-text-align-center\" data-align=\"center\"><\/td><td class=\"has-text-align-center\" data-align=\"center\"><\/td><\/tr><\/tbody><\/table><\/figure>\n","protected":false},"excerpt":{"rendered":"<p>Barbie Cole\u00e7\u00e3o Algumas outras cole\u00e7\u00f5es, Avon, Barbie University, Barbie Pop Culture, Barbie So In Style, Barbie On Location (South Beach, Monte Carlo, Barcelona, Milan), Barbie Top Model &#8230; Sinta-se livre para usar o m\u00f3dulo de pesquisa no canto superior direito da tela para encontrar outras cole\u00e7\u00f5es de Hello Kitty , Hard Rock Caf\u00e9 ou at\u00e9 [&hellip;]<\/p>\n","protected":false},"author":1,"featured_media":469792,"parent":4910,"menu_order":0,"comment_status":"closed","ping_status":"closed","template":"","meta":{"footnotes":""},"class_list":["post-23825","page","type-page","status-publish","has-post-thumbnail","hentry"],"translation":{"provider":"WPGlobus","version":"3.0.2","language":"br","enabled_languages":["fr","en","es","br","de"],"languages":{"fr":{"title":true,"content":true,"excerpt":false},"en":{"title":true,"content":true,"excerpt":false},"es":{"title":true,"content":true,"excerpt":false},"br":{"title":true,"content":true,"excerpt":false},"de":{"title":true,"content":true,"excerpt":false}}},"_links":{"self":[{"href":"https:\/\/www.barbie-secondlife.com\/br\/wp-json\/wp\/v2\/pages\/23825","targetHints":{"allow":["GET"]}}],"collection":[{"href":"https:\/\/www.barbie-secondlife.com\/br\/wp-json\/wp\/v2\/pages"}],"about":[{"href":"https:\/\/www.barbie-secondlife.com\/br\/wp-json\/wp\/v2\/types\/page"}],"author":[{"embeddable":true,"href":"https:\/\/www.barbie-secondlife.com\/br\/wp-json\/wp\/v2\/users\/1"}],"replies":[{"embeddable":true,"href":"https:\/\/www.barbie-secondlife.com\/br\/wp-json\/wp\/v2\/comments?post=23825"}],"version-history":[{"count":12,"href":"https:\/\/www.barbie-secondlife.com\/br\/wp-json\/wp\/v2\/pages\/23825\/revisions"}],"predecessor-version":[{"id":607825,"href":"https:\/\/www.barbie-secondlife.com\/br\/wp-json\/wp\/v2\/pages\/23825\/revisions\/607825"}],"up":[{"embeddable":true,"href":"https:\/\/www.barbie-secondlife.com\/br\/wp-json\/wp\/v2\/pages\/4910"}],"wp:featuredmedia":[{"embeddable":true,"href":"https:\/\/www.barbie-secondlife.com\/br\/wp-json\/wp\/v2\/media\/469792"}],"wp:attachment":[{"href":"https:\/\/www.barbie-secondlife.com\/br\/wp-json\/wp\/v2\/media?parent=23825"}],"curies":[{"name":"wp","href":"https:\/\/api.w.org\/{rel}","templated":true}]}}