{"id":251688,"date":"2021-01-17T19:16:05","date_gmt":"2021-01-17T18:16:05","guid":{"rendered":"https:\/\/www.barbie-secondlife.com\/?page_id=251688"},"modified":"2022-09-14T21:28:55","modified_gmt":"2022-09-14T19:28:55","slug":"barbie-xmen","status":"publish","type":"page","link":"https:\/\/www.barbie-secondlife.com\/br\/collection\/xautres\/barbie-xmen\/","title":{"rendered":"Xmen (Marvel)"},"content":{"rendered":"\n<h2 class=\"wp-block-heading\"><strong><em>Barbie Xmen Marvel<\/em><\/strong><\/h2>\n\n\n\n<p>Esta cole\u00e7\u00e3o de 3 Barbies celebra o 80\u00ba anivers\u00e1rio da Marvel Comics com uma homenagem \u00e0 lend\u00e1ria Super Hero\u00edna: Storm, Dark Phoenix e Mystique. Esta cole\u00e7\u00e3o excelente foi lan\u00e7ada em 2019 e feita pelo famoso designer Bill Greening<\/p>\n\n\n\n<hr class=\"wp-block-separator has-css-opacity\"\/>\n\n\n\n<div class=\"wp-block-media-text alignwide is-stacked-on-mobile is-vertically-aligned-top is-image-fill\" style=\"grid-template-columns:42% auto\"><figure class=\"wp-block-media-text__media lazyload\" style=\"background-image:inherit;background-position:50% 27%\" data-bg-image=\"url(https:\/\/www.barbie-secondlife.com\/wp-content\/uploads\/2021\/01\/Storm_Tornade.jpg)\"><img decoding=\"async\" width=\"500\" height=\"500\" data-src=\"https:\/\/www.barbie-secondlife.com\/wp-content\/uploads\/2021\/01\/Storm_Tornade.jpg\" alt=\"\" class=\"wp-image-251886 size-full lazyload\" data-srcset=\"https:\/\/www.barbie-secondlife.com\/wp-content\/uploads\/2021\/01\/Storm_Tornade.jpg 500w, https:\/\/www.barbie-secondlife.com\/wp-content\/uploads\/2021\/01\/Storm_Tornade-302x302.jpg 302w, https:\/\/www.barbie-secondlife.com\/wp-content\/uploads\/2021\/01\/Storm_Tornade-200x200.jpg 200w, https:\/\/www.barbie-secondlife.com\/wp-content\/uploads\/2021\/01\/Storm_Tornade-350x350.jpg 350w, https:\/\/www.barbie-secondlife.com\/wp-content\/uploads\/2021\/01\/Storm_Tornade-300x300.jpg 300w\" data-sizes=\"(max-width: 500px) 100vw, 500px\" src=\"data:image\/svg+xml;base64,PHN2ZyB3aWR0aD0iMSIgaGVpZ2h0PSIxIiB4bWxucz0iaHR0cDovL3d3dy53My5vcmcvMjAwMC9zdmciPjwvc3ZnPg==\" style=\"--smush-placeholder-width: 500px; --smush-placeholder-aspect-ratio: 500\/500;\" \/><\/figure><div class=\"wp-block-media-text__content\">\n<div class=\"wp-block-group\"><div class=\"wp-block-group__inner-container is-layout-flow wp-block-group-is-layout-flow\">\n<h2 class=\"has-text-align-center wp-block-heading\"><strong><a href=\"https:\/\/www.barbie-secondlife.com\/br\/barbie\/world\/barbie-storm\/\">Barbie Storm<\/a> <\/strong><\/h2>\n\n\n\n<hr class=\"wp-block-separator has-css-opacity\"\/>\n\n\n\n<p>Nascido Ororo Munroe, Storm \u00e9 um dos mutantes mais poderosos da Terra. Membro dos X-Men, ela faz seus oponentes tremerem com sua habilidade de manipular o tempo e o clima. A boneca Barbie Storm \u00e9 t\u00e3o emocionante quanto o personagem que ela retrata. Esta boneca Barbie colecion\u00e1vel reproduz fielmente o visual ic\u00f4nico de Storm em um macac\u00e3o preto brilhante com capa e botas de cano alto, todas com acabamento em ouro met\u00e1lico. Luvas, um cocar e seu broche ic\u00f4nico completam seu visual feroz. A boneca Barbie Storm foi criada para se parecer com ela, com cabelo platinado e olhos azuis claros. Comemore 80 anos de a\u00e7\u00e3o, paix\u00e3o e quadrinhos da Marvel com a boneca Barbie Storm. Inclui certificado de autenticidade. Cores e decora\u00e7\u00f5es podem variar.<\/p>\n\n\n\n<hr class=\"wp-block-separator has-css-opacity\"\/>\n<\/div><\/div>\n\n\n\n<div class=\"wp-block-columns is-layout-flex wp-container-core-columns-is-layout-9d6595d7 wp-block-columns-is-layout-flex\">\n<div class=\"wp-block-column is-layout-flow wp-block-column-is-layout-flow\">\n<ul class=\"wp-block-list\"><li><strong>Etiqueta<\/strong> <strong>:<\/strong>&nbsp;<a href=\"https:\/\/www.barbie-secondlife.com\/br\/tag\/gold-label\/\">Gold <\/a><a href=\"https:\/\/www.barbie-secondlife.com\/tag\/gold-label\/\">Label<\/a><\/li><li><strong>Designer<\/strong> :&nbsp;<a href=\"https:\/\/www.barbie-secondlife.com\/br\/tag\/bill-greening\/\">Bill Greening<\/a><\/li><li><strong>Data de lan\u00e7amento :<\/strong>&nbsp;<strong><a href=\"https:\/\/www.barbie-secondlife.com\/tag\/2019\/\">2<\/a><a href=\"https:\/\/www.barbie-secondlife.com\/br\/tag\/2019\/\">0<\/a><a href=\"https:\/\/www.barbie-secondlife.com\/tag\/2019\/\">19<\/a><\/strong><\/li><li><strong>Moda :<\/strong>&nbsp;macac\u00e3o, capa, botas<\/li><li><strong>Corpo :<\/strong>&nbsp;Articulado<\/li><li><strong>Rosto :<\/strong>&nbsp;Selma<\/li><li><strong>Cole\u00e7\u00e3o<\/strong> : MARVEL<\/li><li><strong>C\u00f3digo do produto<\/strong> : GLJ52<\/li><\/ul>\n<\/div>\n\n\n\n<div class=\"wp-block-column is-layout-flow wp-block-column-is-layout-flow\">\n<figure class=\"wp-block-image size-large\"><img decoding=\"async\" width=\"332\" height=\"425\" data-src=\"https:\/\/www.barbie-secondlife.com\/wp-content\/uploads\/2021\/01\/Barbie_Storm_Original.jpg\" alt=\"\" class=\"wp-image-251823 lazyload\" data-srcset=\"https:\/\/www.barbie-secondlife.com\/wp-content\/uploads\/2021\/01\/Barbie_Storm_Original.jpg 332w, https:\/\/www.barbie-secondlife.com\/wp-content\/uploads\/2021\/01\/Barbie_Storm_Original-302x387.jpg 302w, https:\/\/www.barbie-secondlife.com\/wp-content\/uploads\/2021\/01\/Barbie_Storm_Original-200x256.jpg 200w, https:\/\/www.barbie-secondlife.com\/wp-content\/uploads\/2021\/01\/Barbie_Storm_Original-234x300.jpg 234w\" data-sizes=\"(max-width: 332px) 100vw, 332px\" src=\"data:image\/svg+xml;base64,PHN2ZyB3aWR0aD0iMSIgaGVpZ2h0PSIxIiB4bWxucz0iaHR0cDovL3d3dy53My5vcmcvMjAwMC9zdmciPjwvc3ZnPg==\" style=\"--smush-placeholder-width: 332px; --smush-placeholder-aspect-ratio: 332\/425;\" \/><\/figure>\n<\/div>\n<\/div>\n<\/div><\/div>\n\n\n\n<hr class=\"wp-block-separator has-css-opacity\"\/>\n\n\n\n<div class=\"wp-block-media-text alignwide is-stacked-on-mobile is-vertically-aligned-top is-image-fill\" style=\"grid-template-columns:42% auto\"><figure class=\"wp-block-media-text__media lazyload\" style=\"background-image:inherit;background-position:50% 43%\" data-bg-image=\"url(https:\/\/www.barbie-secondlife.com\/wp-content\/uploads\/2021\/01\/phoenix-1.jpg)\"><img decoding=\"async\" width=\"500\" height=\"500\" data-src=\"https:\/\/www.barbie-secondlife.com\/wp-content\/uploads\/2021\/01\/phoenix-1.jpg\" alt=\"Barbie Dark Phoenix\" class=\"wp-image-251876 size-full lazyload\" data-srcset=\"https:\/\/www.barbie-secondlife.com\/wp-content\/uploads\/2021\/01\/phoenix-1.jpg 500w, https:\/\/www.barbie-secondlife.com\/wp-content\/uploads\/2021\/01\/phoenix-1-302x302.jpg 302w, https:\/\/www.barbie-secondlife.com\/wp-content\/uploads\/2021\/01\/phoenix-1-200x200.jpg 200w, https:\/\/www.barbie-secondlife.com\/wp-content\/uploads\/2021\/01\/phoenix-1-350x350.jpg 350w, https:\/\/www.barbie-secondlife.com\/wp-content\/uploads\/2021\/01\/phoenix-1-300x300.jpg 300w\" data-sizes=\"(max-width: 500px) 100vw, 500px\" src=\"data:image\/svg+xml;base64,PHN2ZyB3aWR0aD0iMSIgaGVpZ2h0PSIxIiB4bWxucz0iaHR0cDovL3d3dy53My5vcmcvMjAwMC9zdmciPjwvc3ZnPg==\" style=\"--smush-placeholder-width: 500px; --smush-placeholder-aspect-ratio: 500\/500;\" \/><\/figure><div class=\"wp-block-media-text__content\">\n<div class=\"wp-block-group\"><div class=\"wp-block-group__inner-container is-layout-flow wp-block-group-is-layout-flow\">\n<h2 class=\"has-text-align-center wp-block-heading\"><strong><a href=\"https:\/\/www.barbie-secondlife.com\/br\/barbie\/world\/barbie-phoenix\/\">Barbie Dark Phoenix<\/a><\/strong><\/h2>\n\n\n\n<hr class=\"wp-block-separator has-css-opacity\"\/>\n\n\n\n<p>Jean Gray-Summers, Dark Phoenix \u00e9 uma mutante de n\u00edvel \u00f4mega com poderes telep\u00e1ticos e telecin\u00e9ticos. Este personagem amado, que passou por v\u00e1rias mortes e ressurrei\u00e7\u00f5es, luta contra seus dem\u00f4nios pessoais. A boneca Barbie Dark Phoenix \u00e9 t\u00e3o indom\u00e1vel quanto o personagem que ela retrata. Esta boneca Barbie colecion\u00e1vel reproduz fielmente o visual ic\u00f4nico da F\u00eanix Negra com um macac\u00e3o vermelho com detalhes em ouro brilhante, incluindo o s\u00edmbolo da F\u00eanix dourada, botas de cano alto, luvas e um cinto. A boneca Barbie Dark Phoenix foi criada para se parecer com ela, com olhos amarelos brilhantes e longos cabelos ruivos. Comemore 80 anos de a\u00e7\u00e3o, paix\u00e3o e quadrinhos da Marvel com a boneca Barbie Dark Phoenix. Inclui certificado de autenticidade. Cores e decora\u00e7\u00f5es podem variar.<\/p>\n\n\n\n<hr class=\"wp-block-separator has-css-opacity\"\/>\n<\/div><\/div>\n\n\n\n<div class=\"wp-block-columns is-layout-flex wp-container-core-columns-is-layout-9d6595d7 wp-block-columns-is-layout-flex\">\n<div class=\"wp-block-column is-layout-flow wp-block-column-is-layout-flow\">\n<ul class=\"wp-block-list\"><li><strong>Etiqueta<\/strong> <strong>:<\/strong>&nbsp;<a href=\"https:\/\/www.barbie-secondlife.com\/br\/tag\/gold-label\/\">Gold Label<\/a><\/li><li><strong>Designer<\/strong> :&nbsp;<a href=\"https:\/\/www.barbie-secondlife.com\/br\/tag\/bill-greening\/\">Bill Greening<\/a><\/li><li><strong>Data de lan\u00e7amento<\/strong> <strong>:<\/strong>&nbsp;<strong><a href=\"https:\/\/www.barbie-secondlife.com\/br\/tag\/2019\/\">2019<\/a><\/strong><\/li><li><strong>Moda :<\/strong>&nbsp;macac\u00e3o, capa, botas, luvas<\/li><li><strong>Corpo :<\/strong>&nbsp;Articulado<\/li><li><strong>Rosto :<\/strong>&nbsp;Mermaid<\/li><li><strong>Cole\u00e7\u00e3o<\/strong> : MARVEL<\/li><li><strong>C\u00f3digo do produto<\/strong> : GLJ54<\/li><\/ul>\n<\/div>\n\n\n\n<div class=\"wp-block-column is-layout-flow wp-block-column-is-layout-flow\">\n<figure class=\"wp-block-image size-large\"><img decoding=\"async\" width=\"188\" height=\"425\" data-src=\"https:\/\/www.barbie-secondlife.com\/wp-content\/uploads\/2021\/01\/Barbie_Phoenix_Original.png\" alt=\"\" class=\"wp-image-251903 lazyload\" data-srcset=\"https:\/\/www.barbie-secondlife.com\/wp-content\/uploads\/2021\/01\/Barbie_Phoenix_Original.png 188w, https:\/\/www.barbie-secondlife.com\/wp-content\/uploads\/2021\/01\/Barbie_Phoenix_Original-133x300.png 133w\" data-sizes=\"(max-width: 188px) 100vw, 188px\" src=\"data:image\/svg+xml;base64,PHN2ZyB3aWR0aD0iMSIgaGVpZ2h0PSIxIiB4bWxucz0iaHR0cDovL3d3dy53My5vcmcvMjAwMC9zdmciPjwvc3ZnPg==\" style=\"--smush-placeholder-width: 188px; --smush-placeholder-aspect-ratio: 188\/425;\" \/><\/figure>\n<\/div>\n<\/div>\n<\/div><\/div>\n\n\n\n<hr class=\"wp-block-separator has-css-opacity\"\/>\n\n\n\n<div class=\"wp-block-media-text alignwide is-stacked-on-mobile is-vertically-aligned-top is-image-fill\" style=\"grid-template-columns:42% auto\"><figure class=\"wp-block-media-text__media lazyload\" style=\"background-image:inherit;background-position:51% 18%\" data-bg-image=\"url(https:\/\/www.barbie-secondlife.com\/wp-content\/uploads\/2021\/01\/mystique.jpg)\"><img decoding=\"async\" width=\"500\" height=\"500\" data-src=\"https:\/\/www.barbie-secondlife.com\/wp-content\/uploads\/2021\/01\/mystique.jpg\" alt=\"Barbie Mystique\" class=\"wp-image-251877 size-full lazyload\" data-srcset=\"https:\/\/www.barbie-secondlife.com\/wp-content\/uploads\/2021\/01\/mystique.jpg 500w, https:\/\/www.barbie-secondlife.com\/wp-content\/uploads\/2021\/01\/mystique-302x302.jpg 302w, https:\/\/www.barbie-secondlife.com\/wp-content\/uploads\/2021\/01\/mystique-200x200.jpg 200w, https:\/\/www.barbie-secondlife.com\/wp-content\/uploads\/2021\/01\/mystique-350x350.jpg 350w, https:\/\/www.barbie-secondlife.com\/wp-content\/uploads\/2021\/01\/mystique-300x300.jpg 300w\" data-sizes=\"(max-width: 500px) 100vw, 500px\" src=\"data:image\/svg+xml;base64,PHN2ZyB3aWR0aD0iMSIgaGVpZ2h0PSIxIiB4bWxucz0iaHR0cDovL3d3dy53My5vcmcvMjAwMC9zdmciPjwvc3ZnPg==\" style=\"--smush-placeholder-width: 500px; --smush-placeholder-aspect-ratio: 500\/500;\" \/><\/figure><div class=\"wp-block-media-text__content\">\n<div class=\"wp-block-group\"><div class=\"wp-block-group__inner-container is-layout-flow wp-block-group-is-layout-flow\">\n<h2 class=\"has-text-align-center wp-block-heading\"><strong><a href=\"https:\/\/www.barbie-secondlife.com\/br\/barbie\/world\/barbie-mystique\/\">Barbie Mystique<\/a><\/strong><\/h2>\n\n\n\n<hr class=\"wp-block-separator has-css-opacity\"\/>\n\n\n\n<p>Este supervil\u00e3o \u00e9 um mutante nascido com a habilidade de metamorfose. Ela engana seus inimigos copiando a apar\u00eancia e a voz de qualquer pessoa. A boneca Barbie Mystique \u00e9 t\u00e3o atraente quanto o personagem que ela retrata. Esta boneca Barbie colecion\u00e1vel reproduz fielmente a apar\u00eancia ic\u00f4nica do supervil\u00e3o com um vestido branco com fenda nas laterais e um cinto de caveiras. Luvas brancas, botas e a ic\u00f4nica caveira adornando sua testa completam seu traje. A boneca Barbie Mystique foi criada para se parecer com ela, com olhos amarelos penetrantes, pele azul e cabelo ruivo brilhante. Comemore 80 anos de a\u00e7\u00e3o, paix\u00e3o e Marvel Comics com a boneca Barbie Mystique. Inclui certificado de autenticidade. 3 As cores e as decora\u00e7\u00f5es podem variar.<\/p>\n\n\n\n<hr class=\"wp-block-separator has-css-opacity\"\/>\n<\/div><\/div>\n\n\n\n<div class=\"wp-block-columns is-layout-flex wp-container-core-columns-is-layout-9d6595d7 wp-block-columns-is-layout-flex\">\n<div class=\"wp-block-column is-layout-flow wp-block-column-is-layout-flow\">\n<ul class=\"wp-block-list\"><li><strong>Etiqueta<\/strong> <strong>:<\/strong>&nbsp;<a href=\"https:\/\/www.barbie-secondlife.com\/br\/tag\/gold-label\/\">Gold Label<\/a><\/li><li><strong>Designer<\/strong> :&nbsp;<a href=\"https:\/\/www.barbie-secondlife.com\/br\/tag\/bill-greening\/\">Bill Greening<\/a><\/li><li><strong>Data de lan\u00e7amento :<\/strong>&nbsp;<strong><a href=\"https:\/\/www.barbie-secondlife.com\/br\/tag\/2019\/\">2019<\/a><\/strong><\/li><li><strong>Moda :<\/strong>&nbsp;vestido branco, cinto de caveiras<\/li><li><strong>Corpo :<\/strong>&nbsp;Articulado<\/li><li><strong>Rosto :<\/strong>&nbsp;Glimmer of God<\/li><li><strong>Cole\u00e7\u00e3o<\/strong> : MARVEL<\/li><li><strong>C\u00f3digo do produto<\/strong> : GLJ53<\/li><\/ul>\n<\/div>\n\n\n\n<div class=\"wp-block-column is-layout-flow wp-block-column-is-layout-flow\">\n<figure class=\"wp-block-image size-large\"><img decoding=\"async\" width=\"306\" height=\"425\" data-src=\"https:\/\/www.barbie-secondlife.com\/wp-content\/uploads\/2021\/01\/Barbie_Mystique_Original.jpg\" alt=\"\" class=\"wp-image-251906 lazyload\" data-srcset=\"https:\/\/www.barbie-secondlife.com\/wp-content\/uploads\/2021\/01\/Barbie_Mystique_Original.jpg 306w, https:\/\/www.barbie-secondlife.com\/wp-content\/uploads\/2021\/01\/Barbie_Mystique_Original-302x419.jpg 302w, https:\/\/www.barbie-secondlife.com\/wp-content\/uploads\/2021\/01\/Barbie_Mystique_Original-200x278.jpg 200w, https:\/\/www.barbie-secondlife.com\/wp-content\/uploads\/2021\/01\/Barbie_Mystique_Original-216x300.jpg 216w\" data-sizes=\"(max-width: 306px) 100vw, 306px\" src=\"data:image\/svg+xml;base64,PHN2ZyB3aWR0aD0iMSIgaGVpZ2h0PSIxIiB4bWxucz0iaHR0cDovL3d3dy53My5vcmcvMjAwMC9zdmciPjwvc3ZnPg==\" style=\"--smush-placeholder-width: 306px; --smush-placeholder-aspect-ratio: 306\/425;\" \/><\/figure>\n<\/div>\n<\/div>\n<\/div><\/div>\n","protected":false},"excerpt":{"rendered":"<p>Barbie Xmen Marvel Esta cole\u00e7\u00e3o de 3 Barbies celebra o 80\u00ba anivers\u00e1rio da Marvel Comics com uma homenagem \u00e0 lend\u00e1ria Super Hero\u00edna: Storm, Dark Phoenix e Mystique. Esta cole\u00e7\u00e3o excelente foi lan\u00e7ada em 2019 e feita pelo famoso designer Bill Greening<\/p>\n","protected":false},"author":1,"featured_media":252087,"parent":23825,"menu_order":0,"comment_status":"closed","ping_status":"closed","template":"","meta":{"footnotes":""},"class_list":["post-251688","page","type-page","status-publish","has-post-thumbnail","hentry"],"translation":{"provider":"WPGlobus","version":"3.0.2","language":"br","enabled_languages":["fr","en","es","br","de"],"languages":{"fr":{"title":true,"content":true,"excerpt":false},"en":{"title":true,"content":true,"excerpt":false},"es":{"title":true,"content":true,"excerpt":false},"br":{"title":true,"content":true,"excerpt":false},"de":{"title":true,"content":true,"excerpt":false}}},"_links":{"self":[{"href":"https:\/\/www.barbie-secondlife.com\/br\/wp-json\/wp\/v2\/pages\/251688","targetHints":{"allow":["GET"]}}],"collection":[{"href":"https:\/\/www.barbie-secondlife.com\/br\/wp-json\/wp\/v2\/pages"}],"about":[{"href":"https:\/\/www.barbie-secondlife.com\/br\/wp-json\/wp\/v2\/types\/page"}],"author":[{"embeddable":true,"href":"https:\/\/www.barbie-secondlife.com\/br\/wp-json\/wp\/v2\/users\/1"}],"replies":[{"embeddable":true,"href":"https:\/\/www.barbie-secondlife.com\/br\/wp-json\/wp\/v2\/comments?post=251688"}],"version-history":[{"count":0,"href":"https:\/\/www.barbie-secondlife.com\/br\/wp-json\/wp\/v2\/pages\/251688\/revisions"}],"up":[{"embeddable":true,"href":"https:\/\/www.barbie-secondlife.com\/br\/wp-json\/wp\/v2\/pages\/23825"}],"wp:featuredmedia":[{"embeddable":true,"href":"https:\/\/www.barbie-secondlife.com\/br\/wp-json\/wp\/v2\/media\/252087"}],"wp:attachment":[{"href":"https:\/\/www.barbie-secondlife.com\/br\/wp-json\/wp\/v2\/media?parent=251688"}],"curies":[{"name":"wp","href":"https:\/\/api.w.org\/{rel}","templated":true}]}}