{"id":27992,"date":"2020-05-03T15:05:11","date_gmt":"2020-05-03T13:05:11","guid":{"rendered":"https:\/\/www.barbie-secondlife.com\/?page_id=27992"},"modified":"2026-02-16T23:50:59","modified_gmt":"2026-02-16T22:50:59","slug":"barbie-basics","status":"publish","type":"page","link":"https:\/\/www.barbie-secondlife.com\/br\/collection\/barbie-basics\/","title":{"rendered":"Barbie Basics"},"content":{"rendered":"\n<h2 class=\"wp-block-heading\"><strong><em>Barbie Basics<\/em><\/strong><\/h2>\n\n\n\n<p>Uma das cole\u00e7\u00f5es mais famosas da Barbie, designada por\u00a0<a href=\"https:\/\/www.barbie-secondlife.com\/br\/tag\/bill-greening\/\">Bill Greening<\/a> entre <a href=\"https:\/\/www.barbie-secondlife.com\/br\/tag\/2009\/\">2009<\/a> \u00e9 <a href=\"https:\/\/www.barbie-secondlife.com\/br\/tag\/2011\/\">2011<\/a>, <a href=\"https:\/\/www.barbie-secondlife.com\/br\/tag\/2025\/\">2025<\/a> \u00e9 por <a href=\"https:\/\/www.barbie-secondlife.com\/br\/tag\/carlyle-nuera\/\">Carlyle Nuera<\/a> em <a href=\"https:\/\/www.barbie-secondlife.com\/br\/tag\/2025\/\">2025<\/a> \u00e9 <a href=\"https:\/\/www.barbie-secondlife.com\/br\/tag\/2026\/\">2026<\/a>. Existem 9 cole\u00e7\u00f5es de Barbie Basics.<\/p>\n\n\n\n<p>Pelo nome, as bonecas est\u00e3o vestidas com roupas \u201cb\u00e1sicas\u201d que as mulheres costumam ter em seus arm\u00e1rios. A cole\u00e7\u00e3o de estr\u00e9ia apresentava o grampo de moda mais conhecido: o vestidinho preto.<\/p>\n\n\n\n<p>As bonecas de <a href=\"https:\/\/www.barbie-secondlife.com\/br\/tag\/2009\/\">2009<\/a> e <a href=\"https:\/\/www.barbie-secondlife.com\/br\/tag\/2011\/\">2011<\/a> t\u00eam a estrutura corporal &#8220;Model <a href=\"https:\/\/www.barbie-secondlife.com\/br\/tag\/muse\/\">Muse<\/a>&#8220;. Em <a href=\"https:\/\/www.barbie-secondlife.com\/br\/tag\/2025\/\">2025<\/a> \u00e9 <a href=\"https:\/\/www.barbie-secondlife.com\/br\/tag\/2026\/\">2026<\/a>, eles t\u00eam corpos articulados, mas eu os transformei em corpos de &#8220;<a href=\"https:\/\/www.barbie-secondlife.com\/br\/tag\/muse\/\">Musa<\/a>&#8220;.<\/p>\n\n\n\n<p>Barbie Basics \u00e9 uma cole\u00e7\u00e3o <a href=\"https:\/\/www.barbie-secondlife.com\/br\/tag\/black-label\/\">Black Label<\/a>.<\/p>\n\n\n\n<hr class=\"wp-block-separator has-css-opacity\"\/>\n\n\n\n<figure class=\"wp-block-table\"><table class=\"has-fixed-layout\"><tbody><tr><td class=\"has-text-align-center\" data-align=\"center\"><a href=\"https:\/\/www.barbie-secondlife.com\/br\/tag\/basics-2026\/\"><img decoding=\"async\" width=\"100\" height=\"343\" class=\"wp-image-608062 lazyload\" style=\"--smush-placeholder-width: 100px; --smush-placeholder-aspect-ratio: 100\/343;width: 100px;\" data-src=\"https:\/\/www.barbie-secondlife.com\/wp-content\/uploads\/2026\/01\/Barbie_Nubia_Original.png\" alt=\"Barbie Basics &quot;You create Barbie Basics - Neutral&quot; Kit #1\" src=\"data:image\/svg+xml;base64,PHN2ZyB3aWR0aD0iMSIgaGVpZ2h0PSIxIiB4bWxucz0iaHR0cDovL3d3dy53My5vcmcvMjAwMC9zdmciPjwvc3ZnPg==\"><\/a><\/td><td><a href=\"https:\/\/www.barbie-secondlife.com\/br\/tag\/basics-2026\">Basics 2026<\/a><br>reinventa la ic\u00f3nica mu\u00f1eca Barbie en una versi\u00f3n moderna y depurada. Con sus l\u00edneas minimalistas, atuendos atemporales y acabados cuidados, esta colecci\u00f3n destaca la elegancia y la creatividad. Fue dise\u00f1ada en <a href=\"https:\/\/www.barbie-secondlife.com\/br\/tag\/2026\/\">2026<\/a> por\u00a0<a href=\"https:\/\/www.barbie-secondlife.com\/br\/tag\/carlyle-nuera\/\">Carlyle Nuera<\/a>\u00a0y cuenta con 9 mu\u00f1ecas Barbie.<\/td><\/tr><\/tbody><\/table><\/figure>\n\n\n\n<hr class=\"wp-block-separator has-css-opacity\"\/>\n\n\n\n<figure class=\"wp-block-table\"><table class=\"has-fixed-layout\"><tbody><tr><td class=\"has-text-align-left\" data-align=\"left\"><a href=\"https:\/\/www.barbie-secondlife.com\/br\/tag\/basics2025\/\">Basics 2025<\/a><br>Uma cole\u00e7\u00e3o de Barbie Basics com o famoso vestidinho preto. Foi desenhada em <a href=\"https:\/\/www.barbie-secondlife.com\/br\/tag\/2025\/\">2025 <\/a>por <a href=\"https:\/\/www.barbie-secondlife.com\/br\/tag\/bill-greening\/\">Bill Greening<\/a> e apresenta 5 Barbies. Em <a href=\"https:\/\/www.barbie-secondlife.com\/en\/tag\/2025\/\"><\/a><a href=\"https:\/\/www.barbie-secondlife.com\/br\/tag\/2025\/\">2025<\/a>,\u00a0<a href=\"https:\/\/www.barbie-secondlife.com\/br\/tag\/carlyle-nuera\/\">Carlyle Nuera<\/a>\u00a0tamb\u00e9m criou \u201cYou Create Barbie Basics\u201d (Kit #1, #2, #3) com 8 bonecas Barbie.<\/td><td class=\"has-text-align-center\" data-align=\"center\"><a href=\"https:\/\/www.barbie-secondlife.com\/br\/tag\/basics2025\/\"><img decoding=\"async\" width=\"100\" height=\"315\" class=\"wp-image-604373 lazyload\" style=\"--smush-placeholder-width: 100px; --smush-placeholder-aspect-ratio: 100\/315;width: 100px;\" data-src=\"https:\/\/www.barbie-secondlife.com\/wp-content\/uploads\/2025\/04\/Barbie_Greta_Original.png\" alt=\"Barbie Basics n\u00b02 - 2025\" data-srcset=\"https:\/\/www.barbie-secondlife.com\/wp-content\/uploads\/2025\/04\/Barbie_Greta_Original.png 135w, https:\/\/www.barbie-secondlife.com\/wp-content\/uploads\/2025\/04\/Barbie_Greta_Original-95x300.png 95w\" data-sizes=\"(max-width: 100px) 100vw, 100px\" src=\"data:image\/svg+xml;base64,PHN2ZyB3aWR0aD0iMSIgaGVpZ2h0PSIxIiB4bWxucz0iaHR0cDovL3d3dy53My5vcmcvMjAwMC9zdmciPjwvc3ZnPg==\" \/><img decoding=\"async\" width=\"137\" height=\"313\" class=\"wp-image-604502 lazyload\" style=\"--smush-placeholder-width: 137px; --smush-placeholder-aspect-ratio: 137\/313;width: 137px;\" data-src=\"https:\/\/www.barbie-secondlife.com\/wp-content\/uploads\/2025\/04\/Barbie_Iqra_Original.png\" alt=\"Barbie Basics &quot;You create Barbie Basics&quot;\" data-srcset=\"https:\/\/www.barbie-secondlife.com\/wp-content\/uploads\/2025\/04\/Barbie_Iqra_Original.png 186w, https:\/\/www.barbie-secondlife.com\/wp-content\/uploads\/2025\/04\/Barbie_Iqra_Original-131x300.png 131w\" data-sizes=\"(max-width: 137px) 100vw, 137px\" src=\"data:image\/svg+xml;base64,PHN2ZyB3aWR0aD0iMSIgaGVpZ2h0PSIxIiB4bWxucz0iaHR0cDovL3d3dy53My5vcmcvMjAwMC9zdmciPjwvc3ZnPg==\" \/><\/a><\/td><\/tr><\/tbody><\/table><\/figure>\n\n\n\n<hr class=\"wp-block-separator has-css-opacity\"\/>\n\n\n\n<figure class=\"wp-block-table\"><table class=\"has-fixed-layout\"><tbody><tr><td class=\"has-text-align-center\" data-align=\"center\"><a href=\"https:\/\/www.barbie-secondlife.com\/br\/tag\/collection-001\/\"><img decoding=\"async\" width=\"100\" height=\"281\" class=\"wp-image-1928 lazyload\" style=\"--smush-placeholder-width: 100px; --smush-placeholder-aspect-ratio: 100\/281;width: 100px;\" data-src=\"https:\/\/www.barbie-secondlife.com\/wp-content\/uploads\/2016\/09\/Original-Zamira.png\" alt=\"Barbie Basics - Mod\u00e8le n\u00b010 - Collection 001\" data-srcset=\"https:\/\/www.barbie-secondlife.com\/wp-content\/uploads\/2016\/09\/Original-Zamira.png 151w, https:\/\/www.barbie-secondlife.com\/wp-content\/uploads\/2016\/09\/Original-Zamira-107x300.png 107w\" data-sizes=\"(max-width: 100px) 100vw, 100px\" src=\"data:image\/svg+xml;base64,PHN2ZyB3aWR0aD0iMSIgaGVpZ2h0PSIxIiB4bWxucz0iaHR0cDovL3d3dy53My5vcmcvMjAwMC9zdmciPjwvc3ZnPg==\" \/><\/a><\/td><td><a href=\"https:\/\/www.barbie-secondlife.com\/en\/tag\/collection-001\/\"><\/a><a href=\"https:\/\/www.barbie-secondlife.com\/br\/tag\/collection-001\/\">Basics &#8211; Collection 001<\/a><br>Uma cole\u00e7\u00e3o de Barbie Basics com o famoso vestidinho preto. Foi desenhada em <a href=\"https:\/\/www.barbie-secondlife.com\/br\/tag\/200-2009\/\">2009 <\/a>por <a href=\"https:\/\/www.barbie-secondlife.com\/br\/tag\/bill-greening\/\">Bill Greening<\/a> e apresenta 12 Barbies.<\/td><\/tr><\/tbody><\/table><\/figure>\n\n\n\n<hr class=\"wp-block-separator has-css-opacity\"\/>\n\n\n\n<figure class=\"wp-block-table\"><table class=\"has-fixed-layout\"><tbody><tr><td class=\"has-text-align-left\" data-align=\"left\"><a href=\"https:\/\/www.barbie-secondlife.com\/br\/tag\/collection-001-5\/\">Basics &#8211; Collection 001.5<\/a><br>Uma cole\u00e7\u00e3o derivada da Cole\u00e7\u00e3o 001, Os 4 Barbies nesta cole\u00e7\u00e3o (3 est\u00e3o na minha cole\u00e7\u00e3o \u2013 modelo n\u00b01, n\u00b06 e n\u00b013) vestem um vestidinho preto com um toque de rosa, lan\u00e7ado em <a href=\"https:\/\/www.barbie-secondlife.com\/br\/tag\/2010\/\">2010 <\/a>por <a href=\"https:\/\/www.barbie-secondlife.com\/br\/tag\/bill-greening\/\">Bill Greening<\/a>.<\/td><td class=\"has-text-align-center\" data-align=\"center\"><a href=\"https:\/\/www.barbie-secondlife.com\/br\/tag\/collection-001-5\/\"><img decoding=\"async\" width=\"100\" height=\"281\" class=\"wp-image-2038 lazyload\" style=\"--smush-placeholder-width: 100px; --smush-placeholder-aspect-ratio: 100\/281;width: 100px;\" data-src=\"https:\/\/www.barbie-secondlife.com\/wp-content\/uploads\/2016\/09\/Original-Hawa.png\" alt=\"Barbie Basics - Mod\u00e8le n\u00b013 - Collection 001.5\" data-srcset=\"https:\/\/www.barbie-secondlife.com\/wp-content\/uploads\/2016\/09\/Original-Hawa.png 151w, https:\/\/www.barbie-secondlife.com\/wp-content\/uploads\/2016\/09\/Original-Hawa-107x300.png 107w\" data-sizes=\"(max-width: 100px) 100vw, 100px\" src=\"data:image\/svg+xml;base64,PHN2ZyB3aWR0aD0iMSIgaGVpZ2h0PSIxIiB4bWxucz0iaHR0cDovL3d3dy53My5vcmcvMjAwMC9zdmciPjwvc3ZnPg==\" \/><\/a><\/td><\/tr><\/tbody><\/table><\/figure>\n\n\n\n<hr class=\"wp-block-separator has-css-opacity\"\/>\n\n\n\n<figure class=\"wp-block-table\"><table class=\"has-fixed-layout\"><tbody><tr><td class=\"has-text-align-center\" data-align=\"center\"><a href=\"https:\/\/www.barbie-secondlife.com\/br\/tag\/collection-001-5\/\"><img decoding=\"async\" width=\"100\" height=\"281\" class=\"wp-image-1921 lazyload\" style=\"--smush-placeholder-width: 100px; --smush-placeholder-aspect-ratio: 100\/281;width: 100px;\" data-src=\"https:\/\/www.barbie-secondlife.com\/wp-content\/uploads\/2016\/09\/Original-Andrea.png\" alt=\"Barbie Basics - Mod\u00e8le n\u00b02 - Collection 002\" data-srcset=\"https:\/\/www.barbie-secondlife.com\/wp-content\/uploads\/2016\/09\/Original-Andrea.png 151w, https:\/\/www.barbie-secondlife.com\/wp-content\/uploads\/2016\/09\/Original-Andrea-107x300.png 107w\" data-sizes=\"(max-width: 100px) 100vw, 100px\" src=\"data:image\/svg+xml;base64,PHN2ZyB3aWR0aD0iMSIgaGVpZ2h0PSIxIiB4bWxucz0iaHR0cDovL3d3dy53My5vcmcvMjAwMC9zdmciPjwvc3ZnPg==\" \/><\/a><\/td><td><a href=\"https:\/\/www.barbie-secondlife.com\/tag\/collection-001\/\"><\/a><a href=\"https:\/\/www.barbie-secondlife.com\/br\/tag\/collection-002\/\">Basics &#8211; Collection 002<\/a><br>Uma cole\u00e7\u00e3o de Barbie Basics (9) e Ken Basics (3), projetada em <a href=\"https:\/\/www.barbie-secondlife.com\/br\/tag\/2011\/\">2011 <\/a>por <a href=\"https:\/\/www.barbie-secondlife.com\/br\/tag\/bill-greening\/\">Bill Greening<\/a>, todas elas em camisetas e cal\u00e7a jeans.<\/td><\/tr><\/tbody><\/table><\/figure>\n\n\n\n<hr class=\"wp-block-separator has-css-opacity is-style-default\"\/>\n\n\n\n<figure class=\"wp-block-table\"><table class=\"has-fixed-layout\"><tbody><tr><td class=\"has-text-align-left\" data-align=\"left\"><a href=\"https:\/\/www.barbie-secondlife.com\/tag\/collection-001-5\/\"><\/a><a href=\"https:\/\/www.barbie-secondlife.com\/br\/tag\/collection-002-5\/\">Basics &#8211; Collection 002.5<\/a><br>Da cole\u00e7\u00e3o 002, os 3 Barbie Basics (2 est\u00e3o na minha cole\u00e7\u00e3o _ modelo n\u00b04 e n\u00b014) usam jeans com uma blusa brilhante para uma noite chique. Esta cole\u00e7\u00e3o foi lan\u00e7ada em <a href=\"https:\/\/www.barbie-secondlife.com\/br\/tag\/2011\/\">2011 <\/a>e ainda designada por <a href=\"https:\/\/www.barbie-secondlife.com\/br\/tag\/bill-greening\/\">Bill Greening<\/a>.<\/td><td class=\"has-text-align-center\" data-align=\"center\"><a href=\"https:\/\/www.barbie-secondlife.com\/br\/tag\/collection-002-5\/\"><img decoding=\"async\" width=\"80\" height=\"272\" class=\"wp-image-13075 lazyload\" style=\"--smush-placeholder-width: 80px; --smush-placeholder-aspect-ratio: 80\/272;width: 80px;\" data-src=\"https:\/\/www.barbie-secondlife.com\/wp-content\/uploads\/2018\/08\/Barbie_Nicolette_Original.png\" alt=\"\" data-srcset=\"https:\/\/www.barbie-secondlife.com\/wp-content\/uploads\/2018\/08\/Barbie_Nicolette_Original.png 125w, https:\/\/www.barbie-secondlife.com\/wp-content\/uploads\/2018\/08\/Barbie_Nicolette_Original-88x300.png 88w\" data-sizes=\"(max-width: 80px) 100vw, 80px\" src=\"data:image\/svg+xml;base64,PHN2ZyB3aWR0aD0iMSIgaGVpZ2h0PSIxIiB4bWxucz0iaHR0cDovL3d3dy53My5vcmcvMjAwMC9zdmciPjwvc3ZnPg==\" \/><\/a><\/td><\/tr><\/tbody><\/table><\/figure>\n\n\n\n<hr class=\"wp-block-separator has-css-opacity is-style-default\"\/>\n\n\n\n<figure class=\"wp-block-table\"><table class=\"has-fixed-layout\"><tbody><tr><td class=\"has-text-align-center\" data-align=\"center\"><a href=\"https:\/\/www.barbie-secondlife.com\/br\/tag\/collection-003\/\"><img decoding=\"async\" width=\"100\" height=\"226\" class=\"wp-image-3934 lazyload\" style=\"--smush-placeholder-width: 100px; --smush-placeholder-aspect-ratio: 100\/226;width: 100px;\" data-src=\"https:\/\/www.barbie-secondlife.com\/wp-content\/uploads\/2016\/11\/Original_Souraya.png\" alt=\"Barbie Basics - Mod\u00e8le n\u00b02 - Collection 003\" data-srcset=\"https:\/\/www.barbie-secondlife.com\/wp-content\/uploads\/2016\/11\/Original_Souraya.png 188w, https:\/\/www.barbie-secondlife.com\/wp-content\/uploads\/2016\/11\/Original_Souraya-133x300.png 133w, https:\/\/www.barbie-secondlife.com\/wp-content\/uploads\/2016\/11\/Original_Souraya-151x341.png 151w\" data-sizes=\"(max-width: 100px) 100vw, 100px\" src=\"data:image\/svg+xml;base64,PHN2ZyB3aWR0aD0iMSIgaGVpZ2h0PSIxIiB4bWxucz0iaHR0cDovL3d3dy53My5vcmcvMjAwMC9zdmciPjwvc3ZnPg==\" \/><\/a><\/td><td><a href=\"https:\/\/www.barbie-secondlife.com\/tag\/collection-001\/\"><\/a><a href=\"https:\/\/www.barbie-secondlife.com\/tag\/collection-002\/\"><\/a><a href=\"https:\/\/www.barbie-secondlife.com\/br\/tag\/collection-003\/\">Basics &#8211; Collection 003<\/a><br>Uma cole\u00e7\u00e3o de roupas de banho, essas 6 Barbie Basics v\u00e3o \u00e0 praia com suas malas e roupas para aproveitar o sol. <a href=\"https:\/\/www.barbie-secondlife.com\/br\/tag\/bill-greening\/\">Bill Greening<\/a> designou esta cole\u00e7\u00e3o em <a href=\"https:\/\/www.barbie-secondlife.com\/br\/tag\/2011\/\">2011<\/a>.<\/td><\/tr><\/tbody><\/table><\/figure>\n\n\n\n<hr class=\"wp-block-separator has-css-opacity is-style-default\"\/>\n\n\n\n<figure class=\"wp-block-table\"><table class=\"has-fixed-layout\"><tbody><tr><td class=\"has-text-align-left\" data-align=\"left\"><a href=\"https:\/\/www.barbie-secondlife.com\/tag\/collection-001-5\/\"><\/a><a href=\"https:\/\/www.barbie-secondlife.com\/tag\/collection-002-5\/\"><\/a><a href=\"https:\/\/www.barbie-secondlife.com\/br\/tag\/collection-red\/\">Basics &#8211; Collection Red<\/a><br>Uma cole\u00e7\u00e3o de vestido vermelho ou top, em <a href=\"https:\/\/www.barbie-secondlife.com\/br\/tag\/2010\/\">2010<\/a>, tr\u00eas modelos sa\u00edram em vestido vermelho e outras tr\u00eas em jeans vermelho e top branco foram lan\u00e7adas em <a href=\"https:\/\/www.barbie-secondlife.com\/br\/tag\/2011\/\">2011<\/a>, essas duas cole\u00e7\u00f5es de Barbie Basics foram projetadas por <a href=\"https:\/\/www.barbie-secondlife.com\/br\/tag\/bill-greening\/\">Bill Greening<\/a>. (Sinto falta do modelo 3 (jeans vermelho e branco) em minha cole\u00e7\u00e3o).<\/td><td class=\"has-text-align-center\" data-align=\"center\"><a href=\"https:\/\/www.barbie-secondlife.com\/br\/tag\/collection-red\/\"><img decoding=\"async\" width=\"75\" height=\"270\" class=\"wp-image-4393 lazyload\" style=\"--smush-placeholder-width: 75px; --smush-placeholder-aspect-ratio: 75\/270;width: 75px;\" data-src=\"https:\/\/www.barbie-secondlife.com\/wp-content\/uploads\/2016\/12\/Original-Megan.png\" alt=\"Barbie Basics - Mod\u00e8le n\u00b08 - Collection Red\" data-srcset=\"https:\/\/www.barbie-secondlife.com\/wp-content\/uploads\/2016\/12\/Original-Megan.png 118w, https:\/\/www.barbie-secondlife.com\/wp-content\/uploads\/2016\/12\/Original-Megan-83x300.png 83w\" data-sizes=\"(max-width: 75px) 100vw, 75px\" src=\"data:image\/svg+xml;base64,PHN2ZyB3aWR0aD0iMSIgaGVpZ2h0PSIxIiB4bWxucz0iaHR0cDovL3d3dy53My5vcmcvMjAwMC9zdmciPjwvc3ZnPg==\" \/><\/a><\/td><\/tr><\/tbody><\/table><\/figure>\n\n\n\n<hr class=\"wp-block-separator has-css-opacity\"\/>\n\n\n\n<p>Encontre tamb\u00e9m as <a href=\"https:\/\/www.barbie-secondlife.com\/br\/collection\/\">outras cole\u00e7\u00f5es da Barbie<\/a><\/p>\n\n\n\n<p><\/p>\n","protected":false},"excerpt":{"rendered":"<p>Barbie Basics Uma das cole\u00e7\u00f5es mais famosas da Barbie, designada por\u00a0Bill Greening entre 2009 \u00e9 2011, 2025 \u00e9 por Carlyle Nuera em 2025 \u00e9 2026. Existem 9 cole\u00e7\u00f5es de Barbie Basics. Pelo nome, as bonecas est\u00e3o vestidas com roupas \u201cb\u00e1sicas\u201d que as mulheres costumam ter em seus arm\u00e1rios. A cole\u00e7\u00e3o de estr\u00e9ia apresentava o grampo [&hellip;]<\/p>\n","protected":false},"author":2,"featured_media":12253,"parent":4910,"menu_order":0,"comment_status":"closed","ping_status":"closed","template":"","meta":{"footnotes":""},"class_list":["post-27992","page","type-page","status-publish","has-post-thumbnail","hentry"],"translation":{"provider":"WPGlobus","version":"3.0.2","language":"br","enabled_languages":["fr","en","es","br","de"],"languages":{"fr":{"title":true,"content":true,"excerpt":false},"en":{"title":true,"content":true,"excerpt":false},"es":{"title":true,"content":true,"excerpt":false},"br":{"title":true,"content":true,"excerpt":false},"de":{"title":true,"content":true,"excerpt":false}}},"_links":{"self":[{"href":"https:\/\/www.barbie-secondlife.com\/br\/wp-json\/wp\/v2\/pages\/27992","targetHints":{"allow":["GET"]}}],"collection":[{"href":"https:\/\/www.barbie-secondlife.com\/br\/wp-json\/wp\/v2\/pages"}],"about":[{"href":"https:\/\/www.barbie-secondlife.com\/br\/wp-json\/wp\/v2\/types\/page"}],"author":[{"embeddable":true,"href":"https:\/\/www.barbie-secondlife.com\/br\/wp-json\/wp\/v2\/users\/2"}],"replies":[{"embeddable":true,"href":"https:\/\/www.barbie-secondlife.com\/br\/wp-json\/wp\/v2\/comments?post=27992"}],"version-history":[{"count":20,"href":"https:\/\/www.barbie-secondlife.com\/br\/wp-json\/wp\/v2\/pages\/27992\/revisions"}],"predecessor-version":[{"id":608293,"href":"https:\/\/www.barbie-secondlife.com\/br\/wp-json\/wp\/v2\/pages\/27992\/revisions\/608293"}],"up":[{"embeddable":true,"href":"https:\/\/www.barbie-secondlife.com\/br\/wp-json\/wp\/v2\/pages\/4910"}],"wp:featuredmedia":[{"embeddable":true,"href":"https:\/\/www.barbie-secondlife.com\/br\/wp-json\/wp\/v2\/media\/12253"}],"wp:attachment":[{"href":"https:\/\/www.barbie-secondlife.com\/br\/wp-json\/wp\/v2\/media?parent=27992"}],"curies":[{"name":"wp","href":"https:\/\/api.w.org\/{rel}","templated":true}]}}