{"id":34094,"date":"2020-11-09T16:58:57","date_gmt":"2020-11-09T15:58:57","guid":{"rendered":"https:\/\/www.barbie-secondlife.com\/?page_id=34094"},"modified":"2022-08-06T15:08:03","modified_gmt":"2022-08-06T13:08:03","slug":"hairxperience","status":"publish","type":"page","link":"https:\/\/www.barbie-secondlife.com\/br\/evenements\/hairxperience\/","title":{"rendered":"Concurso HairXperience Paris"},"content":{"rendered":"\n<div class=\"wp-block-columns is-layout-flex wp-container-core-columns-is-layout-9d6595d7 wp-block-columns-is-layout-flex\">\n<div class=\"wp-block-column is-layout-flow wp-block-column-is-layout-flow\">\n<h2 class=\"has-text-color wp-block-heading\" style=\"color:#e67fb9\"><strong><em><br>Concurso HairXperience Paris<\/em><\/strong><\/h2>\n\n\n\n<p>Participe da competi\u00e7\u00e3o HairXperience Paris. Voc\u00ea elegeu seus 7 finalistas em cada categoria abaixo (<a href=\"https:\/\/www.barbie-secondlife.com\/br\/evenements\/hairxperience\/tresses\/\">Tran\u00e7as<\/a>, <a href=\"https:\/\/www.barbie-secondlife.com\/br\/evenements\/hairxperience\/carre\/\">Chanel<\/a>, <a href=\"https:\/\/www.barbie-secondlife.com\/br\/evenements\/hairxperience\/frange\/\">Franja<\/a>, Corte <a href=\"https:\/\/www.barbie-secondlife.com\/br\/evenements\/hairxperience\/courts-2\/\">curto<\/a>, Cabelos <a href=\"https:\/\/www.barbie-secondlife.com\/br\/evenements\/hairxperience\/longs-2\/\">compridos<\/a>, <a href=\"https:\/\/www.barbie-secondlife.com\/br\/evenements\/hairxperience\/frises\/\">cacheados <\/a>e <a href=\"https:\/\/www.barbie-secondlife.com\/br\/evenements\/hairxperience\/crepus\/\">crespos<\/a>). A vota\u00e7\u00e3o para a final acabou. Clique no link &#8220;<a href=\"https:\/\/www.barbie-secondlife.com\/br\/evenements\/hairxperience\/la-finale-hairxperience-paris\/\">A Final<\/a>&#8221; para conhecer o resultado da sua vota\u00e7\u00e3o e descobrir a sua <strong>Barbie HairXperience Paris<\/strong>.<\/p>\n<\/div>\n\n\n\n<div class=\"wp-block-column is-layout-flow wp-block-column-is-layout-flow\">\n<figure class=\"wp-block-image size-large is-resized\"><img decoding=\"async\" data-src=\"https:\/\/www.barbie-secondlife.com\/wp-content\/uploads\/2020\/11\/logo_HairXperience_fondtransparent.png\" alt=\"\" class=\"wp-image-34167 lazyload\" width=\"200\" height=\"200\" data-srcset=\"https:\/\/www.barbie-secondlife.com\/wp-content\/uploads\/2020\/11\/logo_HairXperience_fondtransparent.png 900w, https:\/\/www.barbie-secondlife.com\/wp-content\/uploads\/2020\/11\/logo_HairXperience_fondtransparent-302x302.png 302w, https:\/\/www.barbie-secondlife.com\/wp-content\/uploads\/2020\/11\/logo_HairXperience_fondtransparent-200x200.png 200w, https:\/\/www.barbie-secondlife.com\/wp-content\/uploads\/2020\/11\/logo_HairXperience_fondtransparent-500x500.png 500w, https:\/\/www.barbie-secondlife.com\/wp-content\/uploads\/2020\/11\/logo_HairXperience_fondtransparent-350x350.png 350w, https:\/\/www.barbie-secondlife.com\/wp-content\/uploads\/2020\/11\/logo_HairXperience_fondtransparent-300x300.png 300w, https:\/\/www.barbie-secondlife.com\/wp-content\/uploads\/2020\/11\/logo_HairXperience_fondtransparent-768x768.png 768w\" data-sizes=\"(max-width: 200px) 100vw, 200px\" src=\"data:image\/svg+xml;base64,PHN2ZyB3aWR0aD0iMSIgaGVpZ2h0PSIxIiB4bWxucz0iaHR0cDovL3d3dy53My5vcmcvMjAwMC9zdmciPjwvc3ZnPg==\" style=\"--smush-placeholder-width: 200px; --smush-placeholder-aspect-ratio: 200\/200;\" \/><\/figure>\n<\/div>\n<\/div>\n\n\n\n<hr class=\"wp-block-separator\"\/>\n\n\n\n<figure class=\"wp-block-image size-large is-resized\"><a href=\"https:\/\/www.barbie-secondlife.com\/br\/evenements\/hairxperience\/la-finale-hairxperience-paris\/\"><img decoding=\"async\" data-src=\"https:\/\/www.barbie-secondlife.com\/wp-content\/uploads\/2020\/11\/TitreConcoursCheveux_Finale_BR-1024x48.png\" alt=\"HairXperience Paris - Final\" class=\"wp-image-55240 lazyload\" width=\"1024\" height=\"48\" data-srcset=\"https:\/\/www.barbie-secondlife.com\/wp-content\/uploads\/2020\/11\/TitreConcoursCheveux_Finale_BR-1024x48.png 1024w, https:\/\/www.barbie-secondlife.com\/wp-content\/uploads\/2020\/11\/TitreConcoursCheveux_Finale_BR-302x14.png 302w, https:\/\/www.barbie-secondlife.com\/wp-content\/uploads\/2020\/11\/TitreConcoursCheveux_Finale_BR-200x9.png 200w, https:\/\/www.barbie-secondlife.com\/wp-content\/uploads\/2020\/11\/TitreConcoursCheveux_Finale_BR-500x24.png 500w, https:\/\/www.barbie-secondlife.com\/wp-content\/uploads\/2020\/11\/TitreConcoursCheveux_Finale_BR-350x17.png 350w, https:\/\/www.barbie-secondlife.com\/wp-content\/uploads\/2020\/11\/TitreConcoursCheveux_Finale_BR-768x36.png 768w, https:\/\/www.barbie-secondlife.com\/wp-content\/uploads\/2020\/11\/TitreConcoursCheveux_Finale_BR.png 1079w\" data-sizes=\"(max-width: 1024px) 100vw, 1024px\" src=\"data:image\/svg+xml;base64,PHN2ZyB3aWR0aD0iMSIgaGVpZ2h0PSIxIiB4bWxucz0iaHR0cDovL3d3dy53My5vcmcvMjAwMC9zdmciPjwvc3ZnPg==\" style=\"--smush-placeholder-width: 1024px; --smush-placeholder-aspect-ratio: 1024\/48;\" \/><\/a><\/figure>\n\n\n\n<hr class=\"wp-block-separator\"\/>\n\n\n\n<figure class=\"wp-block-image size-large is-resized\"><a href=\"https:\/\/www.barbie-secondlife.com\/br\/evenements\/hairxperience\/tresses\/\"><img decoding=\"async\" data-src=\"https:\/\/www.barbie-secondlife.com\/wp-content\/uploads\/2020\/11\/HairXperience_Tresses_BR-1024x48.png\" alt=\"Tran\u00e7as\" class=\"wp-image-34382 lazyload\" width=\"1024\" height=\"48\" data-srcset=\"https:\/\/www.barbie-secondlife.com\/wp-content\/uploads\/2020\/11\/HairXperience_Tresses_BR-1024x48.png 1024w, https:\/\/www.barbie-secondlife.com\/wp-content\/uploads\/2020\/11\/HairXperience_Tresses_BR-302x14.png 302w, https:\/\/www.barbie-secondlife.com\/wp-content\/uploads\/2020\/11\/HairXperience_Tresses_BR-200x9.png 200w, https:\/\/www.barbie-secondlife.com\/wp-content\/uploads\/2020\/11\/HairXperience_Tresses_BR-500x24.png 500w, https:\/\/www.barbie-secondlife.com\/wp-content\/uploads\/2020\/11\/HairXperience_Tresses_BR-350x17.png 350w, https:\/\/www.barbie-secondlife.com\/wp-content\/uploads\/2020\/11\/HairXperience_Tresses_BR-768x36.png 768w, https:\/\/www.barbie-secondlife.com\/wp-content\/uploads\/2020\/11\/HairXperience_Tresses_BR.png 1079w\" data-sizes=\"(max-width: 1024px) 100vw, 1024px\" src=\"data:image\/svg+xml;base64,PHN2ZyB3aWR0aD0iMSIgaGVpZ2h0PSIxIiB4bWxucz0iaHR0cDovL3d3dy53My5vcmcvMjAwMC9zdmciPjwvc3ZnPg==\" style=\"--smush-placeholder-width: 1024px; --smush-placeholder-aspect-ratio: 1024\/48;\" \/><\/a><\/figure>\n\n\n\n<figure class=\"wp-block-image size-large is-resized\"><a href=\"https:\/\/www.barbie-secondlife.com\/br\/evenements\/hairxperience\/carre\/\"><img decoding=\"async\" data-src=\"https:\/\/www.barbie-secondlife.com\/wp-content\/uploads\/2020\/11\/HairXperience_Carre_BR-1024x48.png\" alt=\"Chanel\" class=\"wp-image-34356 lazyload\" width=\"1024\" height=\"48\" data-srcset=\"https:\/\/www.barbie-secondlife.com\/wp-content\/uploads\/2020\/11\/HairXperience_Carre_BR-1024x48.png 1024w, https:\/\/www.barbie-secondlife.com\/wp-content\/uploads\/2020\/11\/HairXperience_Carre_BR-302x14.png 302w, https:\/\/www.barbie-secondlife.com\/wp-content\/uploads\/2020\/11\/HairXperience_Carre_BR-200x9.png 200w, https:\/\/www.barbie-secondlife.com\/wp-content\/uploads\/2020\/11\/HairXperience_Carre_BR-500x24.png 500w, https:\/\/www.barbie-secondlife.com\/wp-content\/uploads\/2020\/11\/HairXperience_Carre_BR-350x17.png 350w, https:\/\/www.barbie-secondlife.com\/wp-content\/uploads\/2020\/11\/HairXperience_Carre_BR-768x36.png 768w, https:\/\/www.barbie-secondlife.com\/wp-content\/uploads\/2020\/11\/HairXperience_Carre_BR.png 1079w\" data-sizes=\"(max-width: 1024px) 100vw, 1024px\" src=\"data:image\/svg+xml;base64,PHN2ZyB3aWR0aD0iMSIgaGVpZ2h0PSIxIiB4bWxucz0iaHR0cDovL3d3dy53My5vcmcvMjAwMC9zdmciPjwvc3ZnPg==\" style=\"--smush-placeholder-width: 1024px; --smush-placeholder-aspect-ratio: 1024\/48;\" \/><\/a><\/figure>\n\n\n\n<figure class=\"wp-block-image size-large is-resized\"><a href=\"https:\/\/www.barbie-secondlife.com\/br\/evenements\/hairxperience\/frange\/\"><img decoding=\"async\" data-src=\"https:\/\/www.barbie-secondlife.com\/wp-content\/uploads\/2020\/11\/HairXperience_Frange_ES_BR-1024x48.png\" alt=\"Franja\" class=\"wp-image-34369 lazyload\" width=\"1024\" height=\"48\" data-srcset=\"https:\/\/www.barbie-secondlife.com\/wp-content\/uploads\/2020\/11\/HairXperience_Frange_ES_BR-1024x48.png 1024w, https:\/\/www.barbie-secondlife.com\/wp-content\/uploads\/2020\/11\/HairXperience_Frange_ES_BR-302x14.png 302w, https:\/\/www.barbie-secondlife.com\/wp-content\/uploads\/2020\/11\/HairXperience_Frange_ES_BR-200x9.png 200w, https:\/\/www.barbie-secondlife.com\/wp-content\/uploads\/2020\/11\/HairXperience_Frange_ES_BR-500x24.png 500w, https:\/\/www.barbie-secondlife.com\/wp-content\/uploads\/2020\/11\/HairXperience_Frange_ES_BR-350x17.png 350w, https:\/\/www.barbie-secondlife.com\/wp-content\/uploads\/2020\/11\/HairXperience_Frange_ES_BR-768x36.png 768w, https:\/\/www.barbie-secondlife.com\/wp-content\/uploads\/2020\/11\/HairXperience_Frange_ES_BR.png 1079w\" data-sizes=\"(max-width: 1024px) 100vw, 1024px\" src=\"data:image\/svg+xml;base64,PHN2ZyB3aWR0aD0iMSIgaGVpZ2h0PSIxIiB4bWxucz0iaHR0cDovL3d3dy53My5vcmcvMjAwMC9zdmciPjwvc3ZnPg==\" style=\"--smush-placeholder-width: 1024px; --smush-placeholder-aspect-ratio: 1024\/48;\" \/><\/a><\/figure>\n\n\n\n<figure class=\"wp-block-image size-large is-resized\"><a href=\"https:\/\/www.barbie-secondlife.com\/br\/evenements\/hairxperience\/frises\/\"><img decoding=\"async\" data-src=\"https:\/\/www.barbie-secondlife.com\/wp-content\/uploads\/2020\/11\/HairXperience_Frises_BR2-1024x48.png\" alt=\"\" class=\"wp-image-34390 lazyload\" width=\"1024\" height=\"48\" data-srcset=\"https:\/\/www.barbie-secondlife.com\/wp-content\/uploads\/2020\/11\/HairXperience_Frises_BR2-1024x48.png 1024w, https:\/\/www.barbie-secondlife.com\/wp-content\/uploads\/2020\/11\/HairXperience_Frises_BR2-302x14.png 302w, https:\/\/www.barbie-secondlife.com\/wp-content\/uploads\/2020\/11\/HairXperience_Frises_BR2-200x9.png 200w, https:\/\/www.barbie-secondlife.com\/wp-content\/uploads\/2020\/11\/HairXperience_Frises_BR2-500x24.png 500w, https:\/\/www.barbie-secondlife.com\/wp-content\/uploads\/2020\/11\/HairXperience_Frises_BR2-350x17.png 350w, https:\/\/www.barbie-secondlife.com\/wp-content\/uploads\/2020\/11\/HairXperience_Frises_BR2-768x36.png 768w, https:\/\/www.barbie-secondlife.com\/wp-content\/uploads\/2020\/11\/HairXperience_Frises_BR2.png 1079w\" data-sizes=\"(max-width: 1024px) 100vw, 1024px\" src=\"data:image\/svg+xml;base64,PHN2ZyB3aWR0aD0iMSIgaGVpZ2h0PSIxIiB4bWxucz0iaHR0cDovL3d3dy53My5vcmcvMjAwMC9zdmciPjwvc3ZnPg==\" style=\"--smush-placeholder-width: 1024px; --smush-placeholder-aspect-ratio: 1024\/48;\" \/><\/a><\/figure>\n\n\n\n<figure class=\"wp-block-image size-large is-resized\"><a href=\"https:\/\/www.barbie-secondlife.com\/br\/evenements\/hairxperience\/crepus\/\"><img decoding=\"async\" data-src=\"https:\/\/www.barbie-secondlife.com\/wp-content\/uploads\/2020\/11\/HairXperience_Frises_BR-1024x48.png\" alt=\"Crespos\" class=\"wp-image-34370 lazyload\" width=\"1024\" height=\"48\" data-srcset=\"https:\/\/www.barbie-secondlife.com\/wp-content\/uploads\/2020\/11\/HairXperience_Frises_BR-1024x48.png 1024w, https:\/\/www.barbie-secondlife.com\/wp-content\/uploads\/2020\/11\/HairXperience_Frises_BR-302x14.png 302w, https:\/\/www.barbie-secondlife.com\/wp-content\/uploads\/2020\/11\/HairXperience_Frises_BR-200x9.png 200w, https:\/\/www.barbie-secondlife.com\/wp-content\/uploads\/2020\/11\/HairXperience_Frises_BR-500x24.png 500w, https:\/\/www.barbie-secondlife.com\/wp-content\/uploads\/2020\/11\/HairXperience_Frises_BR-350x17.png 350w, https:\/\/www.barbie-secondlife.com\/wp-content\/uploads\/2020\/11\/HairXperience_Frises_BR-768x36.png 768w, https:\/\/www.barbie-secondlife.com\/wp-content\/uploads\/2020\/11\/HairXperience_Frises_BR.png 1079w\" data-sizes=\"(max-width: 1024px) 100vw, 1024px\" src=\"data:image\/svg+xml;base64,PHN2ZyB3aWR0aD0iMSIgaGVpZ2h0PSIxIiB4bWxucz0iaHR0cDovL3d3dy53My5vcmcvMjAwMC9zdmciPjwvc3ZnPg==\" style=\"--smush-placeholder-width: 1024px; --smush-placeholder-aspect-ratio: 1024\/48;\" \/><\/a><\/figure>\n\n\n\n<figure class=\"wp-block-image size-large is-resized\"><a href=\"https:\/\/www.barbie-secondlife.com\/br\/evenements\/hairxperience\/courts-2\/\"><img decoding=\"async\" data-src=\"https:\/\/www.barbie-secondlife.com\/wp-content\/uploads\/2020\/11\/HairXperience_Courts_BR-1024x48.png\" alt=\"Curtos\" class=\"wp-image-34359 lazyload\" width=\"1024\" height=\"48\" data-srcset=\"https:\/\/www.barbie-secondlife.com\/wp-content\/uploads\/2020\/11\/HairXperience_Courts_BR-1024x48.png 1024w, https:\/\/www.barbie-secondlife.com\/wp-content\/uploads\/2020\/11\/HairXperience_Courts_BR-302x14.png 302w, https:\/\/www.barbie-secondlife.com\/wp-content\/uploads\/2020\/11\/HairXperience_Courts_BR-200x9.png 200w, https:\/\/www.barbie-secondlife.com\/wp-content\/uploads\/2020\/11\/HairXperience_Courts_BR-500x24.png 500w, https:\/\/www.barbie-secondlife.com\/wp-content\/uploads\/2020\/11\/HairXperience_Courts_BR-350x17.png 350w, https:\/\/www.barbie-secondlife.com\/wp-content\/uploads\/2020\/11\/HairXperience_Courts_BR-768x36.png 768w, https:\/\/www.barbie-secondlife.com\/wp-content\/uploads\/2020\/11\/HairXperience_Courts_BR.png 1079w\" data-sizes=\"(max-width: 1024px) 100vw, 1024px\" src=\"data:image\/svg+xml;base64,PHN2ZyB3aWR0aD0iMSIgaGVpZ2h0PSIxIiB4bWxucz0iaHR0cDovL3d3dy53My5vcmcvMjAwMC9zdmciPjwvc3ZnPg==\" style=\"--smush-placeholder-width: 1024px; --smush-placeholder-aspect-ratio: 1024\/48;\" \/><\/a><\/figure>\n\n\n\n<figure class=\"wp-block-image size-large is-resized\"><a href=\"https:\/\/www.barbie-secondlife.com\/br\/evenements\/hairxperience\/longs-2\/\"><img decoding=\"async\" data-src=\"https:\/\/www.barbie-secondlife.com\/wp-content\/uploads\/2020\/11\/HairXperience_Longs_BR-1024x48.png\" alt=\"Longos\" class=\"wp-image-34374 lazyload\" width=\"1024\" height=\"48\" data-srcset=\"https:\/\/www.barbie-secondlife.com\/wp-content\/uploads\/2020\/11\/HairXperience_Longs_BR-1024x48.png 1024w, https:\/\/www.barbie-secondlife.com\/wp-content\/uploads\/2020\/11\/HairXperience_Longs_BR-302x14.png 302w, https:\/\/www.barbie-secondlife.com\/wp-content\/uploads\/2020\/11\/HairXperience_Longs_BR-200x9.png 200w, https:\/\/www.barbie-secondlife.com\/wp-content\/uploads\/2020\/11\/HairXperience_Longs_BR-500x24.png 500w, https:\/\/www.barbie-secondlife.com\/wp-content\/uploads\/2020\/11\/HairXperience_Longs_BR-350x17.png 350w, https:\/\/www.barbie-secondlife.com\/wp-content\/uploads\/2020\/11\/HairXperience_Longs_BR-768x36.png 768w, https:\/\/www.barbie-secondlife.com\/wp-content\/uploads\/2020\/11\/HairXperience_Longs_BR.png 1079w\" data-sizes=\"(max-width: 1024px) 100vw, 1024px\" src=\"data:image\/svg+xml;base64,PHN2ZyB3aWR0aD0iMSIgaGVpZ2h0PSIxIiB4bWxucz0iaHR0cDovL3d3dy53My5vcmcvMjAwMC9zdmciPjwvc3ZnPg==\" style=\"--smush-placeholder-width: 1024px; --smush-placeholder-aspect-ratio: 1024\/48;\" \/><\/a><\/figure>\n","protected":false},"excerpt":{"rendered":"<p>Concurso HairXperience Paris Participe da competi\u00e7\u00e3o HairXperience Paris. Voc\u00ea elegeu seus 7 finalistas em cada categoria abaixo (Tran\u00e7as, Chanel, Franja, Corte curto, Cabelos compridos, cacheados e crespos). A vota\u00e7\u00e3o para a final acabou. Clique no link &#8220;A Final&#8221; para conhecer o resultado da sua vota\u00e7\u00e3o e descobrir a sua Barbie HairXperience Paris.<\/p>\n","protected":false},"author":1,"featured_media":34167,"parent":10511,"menu_order":0,"comment_status":"closed","ping_status":"closed","template":"","meta":{"footnotes":""},"class_list":["post-34094","page","type-page","status-publish","has-post-thumbnail","hentry"],"translation":{"provider":"WPGlobus","version":"3.0.2","language":"br","enabled_languages":["fr","en","es","br","de"],"languages":{"fr":{"title":true,"content":true,"excerpt":false},"en":{"title":true,"content":true,"excerpt":false},"es":{"title":true,"content":true,"excerpt":false},"br":{"title":true,"content":true,"excerpt":false},"de":{"title":true,"content":true,"excerpt":false}}},"_links":{"self":[{"href":"https:\/\/www.barbie-secondlife.com\/br\/wp-json\/wp\/v2\/pages\/34094","targetHints":{"allow":["GET"]}}],"collection":[{"href":"https:\/\/www.barbie-secondlife.com\/br\/wp-json\/wp\/v2\/pages"}],"about":[{"href":"https:\/\/www.barbie-secondlife.com\/br\/wp-json\/wp\/v2\/types\/page"}],"author":[{"embeddable":true,"href":"https:\/\/www.barbie-secondlife.com\/br\/wp-json\/wp\/v2\/users\/1"}],"replies":[{"embeddable":true,"href":"https:\/\/www.barbie-secondlife.com\/br\/wp-json\/wp\/v2\/comments?post=34094"}],"version-history":[{"count":0,"href":"https:\/\/www.barbie-secondlife.com\/br\/wp-json\/wp\/v2\/pages\/34094\/revisions"}],"up":[{"embeddable":true,"href":"https:\/\/www.barbie-secondlife.com\/br\/wp-json\/wp\/v2\/pages\/10511"}],"wp:featuredmedia":[{"embeddable":true,"href":"https:\/\/www.barbie-secondlife.com\/br\/wp-json\/wp\/v2\/media\/34167"}],"wp:attachment":[{"href":"https:\/\/www.barbie-secondlife.com\/br\/wp-json\/wp\/v2\/media?parent=34094"}],"curies":[{"name":"wp","href":"https:\/\/api.w.org\/{rel}","templated":true}]}}