{"id":35,"date":"2020-05-01T21:00:00","date_gmt":"2020-05-01T19:00:00","guid":{"rendered":"http:\/\/barbiesenm.cluster017.ovh.net\/?page_id=35"},"modified":"2026-05-14T21:45:12","modified_gmt":"2026-05-14T19:45:12","slug":"homepage","status":"publish","type":"page","link":"https:\/\/www.barbie-secondlife.com\/br\/","title":{"rendered":"Barbie Second Life"},"content":{"rendered":"\n<h2 class=\"wp-block-heading has-text-align-center\"><sup>&#x2728;<\/sup><span style=\"font-size: 200%;\"><span style=\"font-family: lobster; color: #e67fb9;\">Bem-vindo<\/span><\/span><sup>&#x2728;<\/sup><\/h2>\n\n\n\n<hr class=\"wp-block-separator has-css-opacity is-style-default\"\/>\n\n\n\n<h3 class=\"wp-block-heading has-text-align-center\">ao mundo exclusivo da Barbie Second Life.<\/h3>\n\n\n\n<p class=\"has-text-align-center\">Mergulhe em um universo onde cada boneca conta uma hist\u00f3ria, onde cada cole\u00e7\u00e3o \u00e9 uma obra de arte. Descubra <strong>1 107<\/strong> <a href=\"https:\/\/www.barbie-secondlife.com\/br\/barbies\/world\/\">Barbie<\/a> e <strong>79<\/strong> <a href=\"https:\/\/www.barbie-secondlife.com\/br\/barbies\/kens-dans-le-monde\/\">Ken<\/a>, que ir\u00e3o lev\u00e1-lo por todas as regi\u00f5es e pa\u00edses dos 5 continentes.<\/p>\n\n\n\n<hr class=\"wp-block-separator has-css-opacity\"\/>\n\n\n\n<figure class=\"wp-block-gallery has-nested-images columns-default is-cropped wp-block-gallery-1 is-layout-flex wp-block-gallery-is-layout-flex\">\n<figure class=\"wp-block-image size-full\"><a href=\"https:\/\/www.barbie-secondlife.com\/br\/barbies\/world\/\"><img decoding=\"async\" width=\"302\" height=\"850\" data-id=\"597492\" data-src=\"https:\/\/www.barbie-secondlife.com\/wp-content\/uploads\/2023\/02\/BarbieMonde_HomeSection_Full.jpg\" alt=\"Barbie dans le Monde\" class=\"wp-image-597492 lazyload\" data-srcset=\"https:\/\/www.barbie-secondlife.com\/wp-content\/uploads\/2023\/02\/BarbieMonde_HomeSection_Full.jpg 302w, https:\/\/www.barbie-secondlife.com\/wp-content\/uploads\/2023\/02\/BarbieMonde_HomeSection_Full-200x563.jpg 200w, https:\/\/www.barbie-secondlife.com\/wp-content\/uploads\/2023\/02\/BarbieMonde_HomeSection_Full-107x300.jpg 107w\" data-sizes=\"(max-width: 302px) 100vw, 302px\" src=\"data:image\/svg+xml;base64,PHN2ZyB3aWR0aD0iMSIgaGVpZ2h0PSIxIiB4bWxucz0iaHR0cDovL3d3dy53My5vcmcvMjAwMC9zdmciPjwvc3ZnPg==\" style=\"--smush-placeholder-width: 302px; --smush-placeholder-aspect-ratio: 302\/850;\" \/><\/a><\/figure>\n\n\n\n<figure class=\"wp-block-image size-full\"><a href=\"https:\/\/www.barbie-secondlife.com\/br\/attributs\/moule-de-visage-de-barbie\/\"><img decoding=\"async\" width=\"302\" height=\"850\" data-id=\"606801\" data-src=\"https:\/\/www.barbie-secondlife.com\/wp-content\/uploads\/2025\/09\/MoulesVisages_BR.jpg\" alt=\"\" class=\"wp-image-606801 lazyload\" data-srcset=\"https:\/\/www.barbie-secondlife.com\/wp-content\/uploads\/2025\/09\/MoulesVisages_BR.jpg 302w, https:\/\/www.barbie-secondlife.com\/wp-content\/uploads\/2025\/09\/MoulesVisages_BR-107x300.jpg 107w, https:\/\/www.barbie-secondlife.com\/wp-content\/uploads\/2025\/09\/MoulesVisages_BR-200x563.jpg 200w\" data-sizes=\"(max-width: 302px) 100vw, 302px\" src=\"data:image\/svg+xml;base64,PHN2ZyB3aWR0aD0iMSIgaGVpZ2h0PSIxIiB4bWxucz0iaHR0cDovL3d3dy53My5vcmcvMjAwMC9zdmciPjwvc3ZnPg==\" style=\"--smush-placeholder-width: 302px; --smush-placeholder-aspect-ratio: 302\/850;\" \/><\/a><\/figure>\n<\/figure>\n\n\n\n<hr class=\"wp-block-separator has-alpha-channel-opacity is-style-default\"\/>\n\n\n\n<p class=\"has-text-align-center\">Acesse s\u00e9ries limitadas e edi\u00e7\u00f5es raras como <a href=\"https:\/\/www.barbie-secondlife.com\/br\/collection\/barbie-basics\/\">Barbie Basics<\/a>, <a href=\"https:\/\/www.barbie-secondlife.com\/br\/tag\/bmr1959\/\">Barbie BMR1959<\/a>, <a href=\"https:\/\/www.barbie-secondlife.com\/br\/collection\/holiday\/\">Barbie Holiday<\/a>, <a href=\"https:\/\/www.barbie-secondlife.com\/br\/tag\/fashionistas\/\">Barbie Fashionistas<\/a>, <a href=\"https:\/\/www.barbie-secondlife.com\/br\/tag\/signature\/\">Barbie Signature<\/a>, <a href=\"https:\/\/www.barbie-secondlife.com\/br\/tag\/platinum-label\/\">Barbie Platinum Label<\/a>, <a href=\"https:\/\/www.barbie-secondlife.com\/br\/tag\/gold-label\/\">Barbie Gold Label<\/a>, <a href=\"https:\/\/www.barbie-secondlife.com\/br\/tag\/black-label\/\">Barbie Black Label<\/a>, e muitos outros <a href=\"https:\/\/www.barbie-secondlife.com\/br\/collection\/\">cole\u00e7\u00f5es<\/a>.<\/p>\n\n\n<div class=\"wp-block-image\">\n<figure class=\"aligncenter size-full\"><a href=\"https:\/\/www.barbie-secondlife.com\/br\/collection\/\"><img decoding=\"async\" width=\"1200\" height=\"200\" data-src=\"https:\/\/www.barbie-secondlife.com\/wp-content\/uploads\/2025\/09\/BanniereWeb_collection.jpg\" alt=\"\" class=\"wp-image-606809 lazyload\" data-srcset=\"https:\/\/www.barbie-secondlife.com\/wp-content\/uploads\/2025\/09\/BanniereWeb_collection.jpg 1200w, https:\/\/www.barbie-secondlife.com\/wp-content\/uploads\/2025\/09\/BanniereWeb_collection-350x58.jpg 350w, https:\/\/www.barbie-secondlife.com\/wp-content\/uploads\/2025\/09\/BanniereWeb_collection-1024x171.jpg 1024w, https:\/\/www.barbie-secondlife.com\/wp-content\/uploads\/2025\/09\/BanniereWeb_collection-768x128.jpg 768w, https:\/\/www.barbie-secondlife.com\/wp-content\/uploads\/2025\/09\/BanniereWeb_collection-302x50.jpg 302w, https:\/\/www.barbie-secondlife.com\/wp-content\/uploads\/2025\/09\/BanniereWeb_collection-500x83.jpg 500w, https:\/\/www.barbie-secondlife.com\/wp-content\/uploads\/2025\/09\/BanniereWeb_collection-200x33.jpg 200w\" data-sizes=\"(max-width: 1200px) 100vw, 1200px\" src=\"data:image\/svg+xml;base64,PHN2ZyB3aWR0aD0iMSIgaGVpZ2h0PSIxIiB4bWxucz0iaHR0cDovL3d3dy53My5vcmcvMjAwMC9zdmciPjwvc3ZnPg==\" style=\"--smush-placeholder-width: 1200px; --smush-placeholder-aspect-ratio: 1200\/200;\" \/><\/a><\/figure>\n<\/div>\n\n\n<hr class=\"wp-block-separator has-css-opacity\"\/>\n\n\n\n<p class=\"has-text-align-center\">Saiu a <a href=\"https:\/\/www.barbie-secondlife.com\/br\/bsl-magazine\/\">BSL Magazine<\/a> s\u00e3o 14 edi\u00e7\u00f5es dispon\u00edveis, Ken tamb\u00e9m tem sua se\u00e7\u00e3o em Ken no mundo, descubra.<\/p>\n\n\n\n<figure class=\"wp-block-gallery has-nested-images columns-default is-cropped wp-block-gallery-2 is-layout-flex wp-block-gallery-is-layout-flex\">\n<figure class=\"wp-block-image size-full\"><a href=\"https:\/\/www.barbie-secondlife.com\/br\/bsl-magazine\/\"><img decoding=\"async\" width=\"450\" height=\"450\" data-id=\"602329\" data-src=\"https:\/\/www.barbie-secondlife.com\/wp-content\/uploads\/2024\/07\/BSLMagazine_Homepage_Sarah2.jpg\" alt=\"\" class=\"wp-image-602329 lazyload\" data-srcset=\"https:\/\/www.barbie-secondlife.com\/wp-content\/uploads\/2024\/07\/BSLMagazine_Homepage_Sarah2.jpg 450w, https:\/\/www.barbie-secondlife.com\/wp-content\/uploads\/2024\/07\/BSLMagazine_Homepage_Sarah2-302x302.jpg 302w, https:\/\/www.barbie-secondlife.com\/wp-content\/uploads\/2024\/07\/BSLMagazine_Homepage_Sarah2-200x200.jpg 200w, https:\/\/www.barbie-secondlife.com\/wp-content\/uploads\/2024\/07\/BSLMagazine_Homepage_Sarah2-350x350.jpg 350w, https:\/\/www.barbie-secondlife.com\/wp-content\/uploads\/2024\/07\/BSLMagazine_Homepage_Sarah2-300x300.jpg 300w\" data-sizes=\"(max-width: 450px) 100vw, 450px\" src=\"data:image\/svg+xml;base64,PHN2ZyB3aWR0aD0iMSIgaGVpZ2h0PSIxIiB4bWxucz0iaHR0cDovL3d3dy53My5vcmcvMjAwMC9zdmciPjwvc3ZnPg==\" style=\"--smush-placeholder-width: 450px; --smush-placeholder-aspect-ratio: 450\/450;\" \/><\/a><\/figure>\n\n\n\n<figure class=\"wp-block-image size-full\"><a href=\"https:\/\/www.barbie-secondlife.com\/br\/barbies\/kens-dans-le-monde\/\"><img decoding=\"async\" width=\"450\" height=\"450\" data-id=\"525147\" data-src=\"https:\/\/www.barbie-secondlife.com\/wp-content\/uploads\/2021\/11\/Homepage-BSL-KEN2.jpg\" alt=\"Poup\u00e9e Ken\" class=\"wp-image-525147 lazyload\" data-srcset=\"https:\/\/www.barbie-secondlife.com\/wp-content\/uploads\/2021\/11\/Homepage-BSL-KEN2.jpg 450w, https:\/\/www.barbie-secondlife.com\/wp-content\/uploads\/2021\/11\/Homepage-BSL-KEN2-302x302.jpg 302w, https:\/\/www.barbie-secondlife.com\/wp-content\/uploads\/2021\/11\/Homepage-BSL-KEN2-200x200.jpg 200w, https:\/\/www.barbie-secondlife.com\/wp-content\/uploads\/2021\/11\/Homepage-BSL-KEN2-350x350.jpg 350w, https:\/\/www.barbie-secondlife.com\/wp-content\/uploads\/2021\/11\/Homepage-BSL-KEN2-300x300.jpg 300w\" data-sizes=\"(max-width: 450px) 100vw, 450px\" src=\"data:image\/svg+xml;base64,PHN2ZyB3aWR0aD0iMSIgaGVpZ2h0PSIxIiB4bWxucz0iaHR0cDovL3d3dy53My5vcmcvMjAwMC9zdmciPjwvc3ZnPg==\" style=\"--smush-placeholder-width: 450px; --smush-placeholder-aspect-ratio: 450\/450;\" \/><\/a><\/figure>\n<\/figure>\n\n\n\n<hr class=\"wp-block-separator has-css-opacity\"\/>\n\n\n\n<p class=\"has-text-align-center has-medium-font-size\"><span style=\"font-family: lobster; color: #e67fb9;\"><strong>Os tesouros mais recentes da minha cole\u00e7\u00e3o Barbie<\/strong><\/span><\/p>\n\n\n\n<div class=\"alignnormal\"><div id=\"metaslider-id-606776\" style=\"width: 100%;\" class=\"ml-slider-3-109-0 metaslider metaslider-flex metaslider-606776 ml-slider hide-arrows-smartphone hide-arrows-tablet hide-arrows-laptop hide-navigation-smartphone hide-navigation-tablet hide-navigation-laptop has-dots-nav ms-theme-cubic\" role=\"region\" aria-label=\"Diaporama BR\" data-height=\"467\" data-width=\"700\">\n    <div id=\"metaslider_container_606776\">\n        <div id=\"metaslider_606776\">\n            <ul aria-live='off' class='slides'>\n                <li style=\"display: block; width: 100%;\" class=\"slide-606777 ms-image \" aria-roledescription=\"slide\" data-date=\"2025-09-06 16:27:29\" data-filename=\"Barbie_Mirjana_Article_Profil-700x467.jpg\" data-slide-type=\"image\"><a href=\"https:\/\/www.barbie-secondlife.com\/br\/barbie\/world\/europe-est\/barbie-mirjana\/\" target=\"_self\" aria-label=\"View Slide Details\" class=\"metaslider_image_link\"><img decoding=\"async\" data-src=\"https:\/\/www.barbie-secondlife.com\/wp-content\/uploads\/2026\/05\/Barbie_Mirjana_Article_Profil-700x467.jpg\" height=\"467\" width=\"700\" alt=\"Barbie Masters of the Universe Teela\" class=\"slider-606776 slide-606777 msDefaultImage lazyload\" title=\"Barbie Masters of the Universe Teela\" src=\"data:image\/svg+xml;base64,PHN2ZyB3aWR0aD0iMSIgaGVpZ2h0PSIxIiB4bWxucz0iaHR0cDovL3d3dy53My5vcmcvMjAwMC9zdmciPjwvc3ZnPg==\" style=\"--smush-placeholder-width: 700px; --smush-placeholder-aspect-ratio: 700\/467;\" \/><\/a><\/li>\n                <li style=\"display: none; width: 100%;\" class=\"slide-606778 ms-image \" aria-roledescription=\"slide\" data-date=\"2025-09-06 16:27:29\" data-filename=\"Barbie_Aneta_Article_Profil-700x467.jpg\" data-slide-type=\"image\"><a href=\"https:\/\/www.barbie-secondlife.com\/br\/barbie\/world\/europe-est\/barbie-aneta\/\" target=\"_self\" aria-label=\"View Slide Details\" class=\"metaslider_image_link\"><img decoding=\"async\" data-src=\"https:\/\/www.barbie-secondlife.com\/wp-content\/uploads\/2026\/05\/Barbie_Aneta_Article_Profil-700x467.jpg\" height=\"467\" width=\"700\" alt=\"Barbie Stevie Nicks Bella Donna\" class=\"slider-606776 slide-606778 msDefaultImage lazyload\" title=\"Barbie Stevie Nicks Bella Donna\" src=\"data:image\/svg+xml;base64,PHN2ZyB3aWR0aD0iMSIgaGVpZ2h0PSIxIiB4bWxucz0iaHR0cDovL3d3dy53My5vcmcvMjAwMC9zdmciPjwvc3ZnPg==\" style=\"--smush-placeholder-width: 700px; --smush-placeholder-aspect-ratio: 700\/467;\" \/><\/a><\/li>\n                <li style=\"display: none; width: 100%;\" class=\"slide-606779 ms-image \" aria-roledescription=\"slide\" data-date=\"2025-09-06 16:27:29\" data-filename=\"Barbie_Marzena_Article_Profil-700x467.jpg\" data-slide-type=\"image\"><a href=\"https:\/\/www.barbie-secondlife.com\/br\/barbie\/world\/europe-est\/barbie-marzena\/\" target=\"_self\" aria-label=\"View Slide Details\" class=\"metaslider_image_link\"><img decoding=\"async\" data-src=\"https:\/\/www.barbie-secondlife.com\/wp-content\/uploads\/2026\/04\/Barbie_Marzena_Article_Profil-700x467.jpg\" height=\"467\" width=\"700\" alt=\"Barbie Kylie Minogue\" class=\"slider-606776 slide-606779 msDefaultImage lazyload\" title=\"Barbie Kylie Minogue\" src=\"data:image\/svg+xml;base64,PHN2ZyB3aWR0aD0iMSIgaGVpZ2h0PSIxIiB4bWxucz0iaHR0cDovL3d3dy53My5vcmcvMjAwMC9zdmciPjwvc3ZnPg==\" style=\"--smush-placeholder-width: 700px; --smush-placeholder-aspect-ratio: 700\/467;\" \/><\/a><\/li>\n                <li style=\"display: none; width: 100%;\" class=\"slide-606780 ms-image \" aria-roledescription=\"slide\" data-date=\"2025-09-06 16:27:29\" data-filename=\"Barbie_Sanja_Article_Profil-700x467.jpg\" data-slide-type=\"image\"><a href=\"https:\/\/www.barbie-secondlife.com\/br\/barbie\/world\/europe-est\/barbie-sanja\/\" target=\"_self\" aria-label=\"View Slide Details\" class=\"metaslider_image_link\"><img decoding=\"async\" data-src=\"https:\/\/www.barbie-secondlife.com\/wp-content\/uploads\/2026\/04\/Barbie_Sanja_Article_Profil-700x467.jpg\" height=\"467\" width=\"700\" alt=\"Barbie DC Comics Wonder Woman\" class=\"slider-606776 slide-606780 msDefaultImage lazyload\" title=\"Barbie DC Comics Wonder Woman\" src=\"data:image\/svg+xml;base64,PHN2ZyB3aWR0aD0iMSIgaGVpZ2h0PSIxIiB4bWxucz0iaHR0cDovL3d3dy53My5vcmcvMjAwMC9zdmciPjwvc3ZnPg==\" style=\"--smush-placeholder-width: 700px; --smush-placeholder-aspect-ratio: 700\/467;\" \/><\/a><\/li>\n                <li style=\"display: none; width: 100%;\" class=\"slide-606781 ms-image \" aria-roledescription=\"slide\" data-date=\"2025-09-06 16:27:29\" data-filename=\"Ken_Benjamin_Article_Profil-700x467.jpg\" data-slide-type=\"image\"><a href=\"https:\/\/www.barbie-secondlife.com\/br\/barbie\/kens-dans-le-monde\/ken-france\/ken-benjamin\/\" target=\"_self\" aria-label=\"View Slide Details\" class=\"metaslider_image_link\"><img decoding=\"async\" data-src=\"https:\/\/www.barbie-secondlife.com\/wp-content\/uploads\/2026\/05\/Ken_Benjamin_Article_Profil-700x467.jpg\" height=\"467\" width=\"700\" alt=\"Ken Masters of the Universe He-man\" class=\"slider-606776 slide-606781 msDefaultImage lazyload\" title=\"Ken Masters of the Universe He-man\" src=\"data:image\/svg+xml;base64,PHN2ZyB3aWR0aD0iMSIgaGVpZ2h0PSIxIiB4bWxucz0iaHR0cDovL3d3dy53My5vcmcvMjAwMC9zdmciPjwvc3ZnPg==\" style=\"--smush-placeholder-width: 700px; --smush-placeholder-aspect-ratio: 700\/467;\" \/><\/a><\/li>\n            <\/ul>\n        <\/div>\n        \n    <\/div>\n<\/div><\/div>\n\n\n\n<p class=\"has-text-align-center\">Bonecas&nbsp;<a href=\"https:\/\/www.barbie-secondlife.com\/br\/barbies\/kens-dans-le-monde\/\">Ken<\/a> e <a href=\"https:\/\/www.barbie-secondlife.com\/br\/barbies\/world\/\">Barbie<\/a> con cabelos <a href=\"https:\/\/www.barbie-secondlife.com\/br\/10couleur\/blond\/\">lorios<\/a>, <a href=\"https:\/\/www.barbie-secondlife.com\/br\/10couleur\/chatain\/\">castanhos<\/a>, <a href=\"https:\/\/www.barbie-secondlife.com\/br\/10couleur\/roux\/\">ruivos<\/a> e at\u00e9 <a href=\"https:\/\/www.barbie-secondlife.com\/br\/10couleur\/autre\/\">otras cores<\/a>.<\/p>\n\n\n\n<p class=\"has-text-align-center\">Eles t\u00eam cabelos <a href=\"https:\/\/www.barbie-secondlife.com\/br\/45forme_cheveux\/crepus\/\">crespos<\/a>, <a href=\"https:\/\/www.barbie-secondlife.com\/br\/45forme_cheveux\/frises\/\">cacheados<\/a>, <a href=\"https:\/\/www.barbie-secondlife.com\/br\/45forme_cheveux\/raides\/\">lisos<\/a>, <a href=\"https:\/\/www.barbie-secondlife.com\/br\/50longueur-cheveux\/courts\/\">curtos<\/a> ou <a href=\"https:\/\/www.barbie-secondlife.com\/br\/50longueur-cheveux\/longs\/\">longos<\/a> com diferentes <a href=\"https:\/\/www.barbie-secondlife.com\/br\/attributs\/teinte-de-peau-de-barbie\/\">tons de pele<\/a>, <a href=\"https:\/\/www.barbie-secondlife.com\/br\/attributs\/couleur-des-yeux-de-barbie\/\">cores de olhos<\/a> ou <a href=\"https:\/\/www.barbie-secondlife.com\/br\/attributs\/moule-de-visage-de-barbie\/\">formados de rosto<\/a>.<\/p>\n\n\n\n<p class=\"has-text-align-center\">Atribu\u00ed a cada boneca Barbie e a cada boneco Ken um pa\u00eds ou regi\u00e3o do mundo. Voc\u00ea pode filtrar por tipo de cabelo, tom de pele, etc\u2026 no menu <a href=\"https:\/\/www.barbie-secondlife.com\/br\/barbies\/world\/\">Barbie no Mondo<\/a>.<br>&#8211;<br>Visite toda minha cole\u00e7\u00e3o, cada boneca tem sua refer\u00eancia de produto Mattel, suas caracter\u00edsticas, seu molde de rosto. Algumas bonecas Barbie foram transformadas (<a href=\"https:\/\/www.barbie-secondlife.com\/br\/tag\/ooak\/\">ooak<\/a>) ou tiveram seus cabelos replantados (<a href=\"https:\/\/www.barbie-secondlife.com\/br\/tag\/rerooted\/\">rerooted<\/a>), todas t\u00eam corpo de &#8220;<a href=\"https:\/\/www.barbie-secondlife.com\/br\/tag\/muse\/\">Musa<\/a>&#8220;.<br>&#8211;<br>Venha brincar votando nas suas Barbies favoritas no menu <a href=\"https:\/\/www.barbie-secondlife.com\/br\/evenements\/\">Eventos<\/a>.<\/p>\n\n\n\n<hr class=\"wp-block-separator has-css-opacity\"\/>\n","protected":false},"excerpt":{"rendered":"<p>&#x2728;Bem-vindo&#x2728; ao mundo exclusivo da Barbie Second Life. Mergulhe em um universo onde cada boneca conta uma hist\u00f3ria, onde cada cole\u00e7\u00e3o \u00e9 uma obra de arte. Descubra 1 107 Barbie e 79 Ken, que ir\u00e3o lev\u00e1-lo por todas as regi\u00f5es e pa\u00edses dos 5 continentes. Acesse s\u00e9ries limitadas e edi\u00e7\u00f5es raras como Barbie Basics, Barbie [&hellip;]<\/p>\n","protected":false},"author":1,"featured_media":24952,"parent":0,"menu_order":0,"comment_status":"closed","ping_status":"closed","template":"","meta":{"footnotes":""},"class_list":["post-35","page","type-page","status-publish","has-post-thumbnail","hentry"],"translation":{"provider":"WPGlobus","version":"3.0.2","language":"br","enabled_languages":["fr","en","es","br","de"],"languages":{"fr":{"title":true,"content":true,"excerpt":false},"en":{"title":true,"content":true,"excerpt":false},"es":{"title":true,"content":true,"excerpt":false},"br":{"title":true,"content":true,"excerpt":false},"de":{"title":true,"content":true,"excerpt":false}}},"_links":{"self":[{"href":"https:\/\/www.barbie-secondlife.com\/br\/wp-json\/wp\/v2\/pages\/35","targetHints":{"allow":["GET"]}}],"collection":[{"href":"https:\/\/www.barbie-secondlife.com\/br\/wp-json\/wp\/v2\/pages"}],"about":[{"href":"https:\/\/www.barbie-secondlife.com\/br\/wp-json\/wp\/v2\/types\/page"}],"author":[{"embeddable":true,"href":"https:\/\/www.barbie-secondlife.com\/br\/wp-json\/wp\/v2\/users\/1"}],"replies":[{"embeddable":true,"href":"https:\/\/www.barbie-secondlife.com\/br\/wp-json\/wp\/v2\/comments?post=35"}],"version-history":[{"count":20,"href":"https:\/\/www.barbie-secondlife.com\/br\/wp-json\/wp\/v2\/pages\/35\/revisions"}],"predecessor-version":[{"id":609059,"href":"https:\/\/www.barbie-secondlife.com\/br\/wp-json\/wp\/v2\/pages\/35\/revisions\/609059"}],"wp:featuredmedia":[{"embeddable":true,"href":"https:\/\/www.barbie-secondlife.com\/br\/wp-json\/wp\/v2\/media\/24952"}],"wp:attachment":[{"href":"https:\/\/www.barbie-secondlife.com\/br\/wp-json\/wp\/v2\/media?parent=35"}],"curies":[{"name":"wp","href":"https:\/\/api.w.org\/{rel}","templated":true}]}}