{"id":466844,"date":"2021-04-18T12:34:44","date_gmt":"2021-04-18T10:34:44","guid":{"rendered":"https:\/\/www.barbie-secondlife.com\/?page_id=466844"},"modified":"2022-08-06T15:57:58","modified_gmt":"2022-08-06T13:57:58","slug":"face-a-face-finale","status":"publish","type":"page","link":"https:\/\/www.barbie-secondlife.com\/br\/evenements\/face-a-face\/face-a-face-finale\/","title":{"rendered":"Cara a Cara &#8211; Final"},"content":{"rendered":"\n<h2 class=\"wp-block-heading\"><strong><em>Barbie &#8211; Cara a Cara (Final)<\/em><\/strong><\/h2>\n\n\n\n<p>Aqui est\u00e3o as primeiras competidoras desta competi\u00e7\u00e3o &#8220;Cara a Cara&#8221;. Ela vai colocar em oposi\u00e7\u00e3o 2 Barbie, Aqui o primeiro duelo enfrentar\u00e1 <strong><strong><strong><strong>Tessa, <a href=\"https:\/\/www.barbie-secondlife.com\/br\/barbie\/world\/asie\/barbie-tessa\/\">Barbie Dolls of the World&nbsp;\u2013 Princess of the Incas<\/a><\/strong><\/strong> com <strong>Antonina<\/strong>, <a href=\"https:\/\/www.barbie-secondlife.com\/br\/barbie\/world\/europe-est\/barbie-antonina\/\">Barbie&nbsp;75th Anniversary&nbsp;Brunette<\/a><\/strong><\/strong> . Haver\u00e1 um total de 16 Barbies competindo. Cada vencedor enfrentar\u00e1 outro vencedor de outro duelo e assim por diante at\u00e9 encontrar a grande vencedora. Sua Barbie favorita \u00e9&#8230;<\/p>\n\n\n\n<hr class=\"wp-block-separator\"\/>\n\n\n\n<h2 class=\"wp-block-heading\"><strong><span style=\"text-decoration: underline;\">Duelo<\/span><\/strong><\/h2>\n\n\n\n<figure class=\"wp-block-gallery has-nested-images columns-2 is-cropped wp-block-gallery-1 is-layout-flex wp-block-gallery-is-layout-flex\">\n<figure class=\"wp-block-image size-large\"><img decoding=\"async\" width=\"700\" height=\"550\" data-id=\"467567\" data-src=\"https:\/\/www.barbie-secondlife.com\/wp-content\/uploads\/2021\/04\/progression_Tessa_G.gif\" alt=\"Barbie Tessa\" class=\"wp-image-467567 lazyload\" data-srcset=\"https:\/\/www.barbie-secondlife.com\/wp-content\/uploads\/2021\/04\/progression_Tessa_G.gif 700w, https:\/\/www.barbie-secondlife.com\/wp-content\/uploads\/2021\/04\/progression_Tessa_G-302x237.gif 302w, https:\/\/www.barbie-secondlife.com\/wp-content\/uploads\/2021\/04\/progression_Tessa_G-200x157.gif 200w, https:\/\/www.barbie-secondlife.com\/wp-content\/uploads\/2021\/04\/progression_Tessa_G-500x393.gif 500w\" data-sizes=\"(max-width: 700px) 100vw, 700px\" src=\"data:image\/svg+xml;base64,PHN2ZyB3aWR0aD0iMSIgaGVpZ2h0PSIxIiB4bWxucz0iaHR0cDovL3d3dy53My5vcmcvMjAwMC9zdmciPjwvc3ZnPg==\" style=\"--smush-placeholder-width: 700px; --smush-placeholder-aspect-ratio: 700\/550;\" \/><\/figure>\n\n\n\n<figure class=\"wp-block-image size-large\"><img decoding=\"async\" width=\"700\" height=\"550\" data-id=\"467563\" data-src=\"https:\/\/www.barbie-secondlife.com\/wp-content\/uploads\/2021\/04\/progression_Antonina.gif\" alt=\"Barbie Antonina\" class=\"wp-image-467563 lazyload\" src=\"data:image\/svg+xml;base64,PHN2ZyB3aWR0aD0iMSIgaGVpZ2h0PSIxIiB4bWxucz0iaHR0cDovL3d3dy53My5vcmcvMjAwMC9zdmciPjwvc3ZnPg==\" style=\"--smush-placeholder-width: 700px; --smush-placeholder-aspect-ratio: 700\/550;\" \/><\/figure>\n<figcaption class=\"blocks-gallery-caption\"> <\/figcaption><\/figure>\n\n\n\n<figure class=\"wp-block-table\"><table class=\"has-fixed-layout\"><tbody><tr><td><a href=\"https:\/\/www.barbie-secondlife.com\/wp-content\/uploads\/2021\/03\/Evenement2021_Tessa1.jpg\" target=\"_blank\" rel=\"noreferrer noopener\"><img decoding=\"async\" width=\"302\" height=\"850\" class=\"wp-image-464415 lazyload\" style=\"--smush-placeholder-width: 302px; --smush-placeholder-aspect-ratio: 302\/850;width: px;\" data-src=\"https:\/\/www.barbie-secondlife.com\/wp-content\/uploads\/2021\/03\/Evenement2021_Tessa1.jpg\" alt=\"Barbie Tessa\" data-srcset=\"https:\/\/www.barbie-secondlife.com\/wp-content\/uploads\/2021\/03\/Evenement2021_Tessa1.jpg 302w, https:\/\/www.barbie-secondlife.com\/wp-content\/uploads\/2021\/03\/Evenement2021_Tessa1-200x563.jpg 200w, https:\/\/www.barbie-secondlife.com\/wp-content\/uploads\/2021\/03\/Evenement2021_Tessa1-107x300.jpg 107w\" data-sizes=\"(max-width: 302px) 100vw, 302px\" src=\"data:image\/svg+xml;base64,PHN2ZyB3aWR0aD0iMSIgaGVpZ2h0PSIxIiB4bWxucz0iaHR0cDovL3d3dy53My5vcmcvMjAwMC9zdmciPjwvc3ZnPg==\" \/><\/a><\/td><td><a href=\"https:\/\/www.barbie-secondlife.com\/wp-content\/uploads\/2021\/03\/Evenement2021_Tessa2.jpg\" target=\"_blank\" rel=\"noreferrer noopener\"><img decoding=\"async\" width=\"302\" height=\"850\" class=\"wp-image-464416 lazyload\" style=\"--smush-placeholder-width: 302px; --smush-placeholder-aspect-ratio: 302\/850;width: px;\" data-src=\"https:\/\/www.barbie-secondlife.com\/wp-content\/uploads\/2021\/03\/Evenement2021_Tessa2.jpg\" alt=\"Barbie Tessa\" data-srcset=\"https:\/\/www.barbie-secondlife.com\/wp-content\/uploads\/2021\/03\/Evenement2021_Tessa2.jpg 302w, https:\/\/www.barbie-secondlife.com\/wp-content\/uploads\/2021\/03\/Evenement2021_Tessa2-200x563.jpg 200w, https:\/\/www.barbie-secondlife.com\/wp-content\/uploads\/2021\/03\/Evenement2021_Tessa2-107x300.jpg 107w\" data-sizes=\"(max-width: 302px) 100vw, 302px\" src=\"data:image\/svg+xml;base64,PHN2ZyB3aWR0aD0iMSIgaGVpZ2h0PSIxIiB4bWxucz0iaHR0cDovL3d3dy53My5vcmcvMjAwMC9zdmciPjwvc3ZnPg==\" \/><\/a><\/td><td><a href=\"https:\/\/www.barbie-secondlife.com\/wp-content\/uploads\/2021\/03\/Evenement2021_Tessa3.jpg\" target=\"_blank\" rel=\"noreferrer noopener\"><img decoding=\"async\" width=\"302\" height=\"850\" class=\"wp-image-464417 lazyload\" style=\"--smush-placeholder-width: 302px; --smush-placeholder-aspect-ratio: 302\/850;width: px;\" data-src=\"https:\/\/www.barbie-secondlife.com\/wp-content\/uploads\/2021\/03\/Evenement2021_Tessa3.jpg\" alt=\"Barbie Tessa\" data-srcset=\"https:\/\/www.barbie-secondlife.com\/wp-content\/uploads\/2021\/03\/Evenement2021_Tessa3.jpg 302w, https:\/\/www.barbie-secondlife.com\/wp-content\/uploads\/2021\/03\/Evenement2021_Tessa3-200x563.jpg 200w, https:\/\/www.barbie-secondlife.com\/wp-content\/uploads\/2021\/03\/Evenement2021_Tessa3-107x300.jpg 107w\" data-sizes=\"(max-width: 302px) 100vw, 302px\" src=\"data:image\/svg+xml;base64,PHN2ZyB3aWR0aD0iMSIgaGVpZ2h0PSIxIiB4bWxucz0iaHR0cDovL3d3dy53My5vcmcvMjAwMC9zdmciPjwvc3ZnPg==\" \/><\/a><\/td><td><a href=\"https:\/\/www.barbie-secondlife.com\/wp-content\/uploads\/2021\/03\/Evenement2021_Tessa4.jpg\" target=\"_blank\" rel=\"noreferrer noopener\"><img decoding=\"async\" width=\"302\" height=\"850\" class=\"wp-image-464418 lazyload\" style=\"--smush-placeholder-width: 302px; --smush-placeholder-aspect-ratio: 302\/850;width: px;\" data-src=\"https:\/\/www.barbie-secondlife.com\/wp-content\/uploads\/2021\/03\/Evenement2021_Tessa4.jpg\" alt=\"Barbie Tessa\" data-srcset=\"https:\/\/www.barbie-secondlife.com\/wp-content\/uploads\/2021\/03\/Evenement2021_Tessa4.jpg 302w, https:\/\/www.barbie-secondlife.com\/wp-content\/uploads\/2021\/03\/Evenement2021_Tessa4-200x563.jpg 200w, https:\/\/www.barbie-secondlife.com\/wp-content\/uploads\/2021\/03\/Evenement2021_Tessa4-107x300.jpg 107w\" data-sizes=\"(max-width: 302px) 100vw, 302px\" src=\"data:image\/svg+xml;base64,PHN2ZyB3aWR0aD0iMSIgaGVpZ2h0PSIxIiB4bWxucz0iaHR0cDovL3d3dy53My5vcmcvMjAwMC9zdmciPjwvc3ZnPg==\" \/><\/a><\/td><td><a href=\"https:\/\/www.barbie-secondlife.com\/wp-content\/uploads\/2021\/03\/Evenement2021_Antonina1.jpg\" target=\"_blank\" rel=\"noreferrer noopener\"><img decoding=\"async\" width=\"302\" height=\"850\" class=\"wp-image-464375 lazyload\" style=\"--smush-placeholder-width: 302px; --smush-placeholder-aspect-ratio: 302\/850;width: px;\" data-src=\"https:\/\/www.barbie-secondlife.com\/wp-content\/uploads\/2021\/03\/Evenement2021_Antonina1.jpg\" alt=\"Barbie Antonina\" data-srcset=\"https:\/\/www.barbie-secondlife.com\/wp-content\/uploads\/2021\/03\/Evenement2021_Antonina1.jpg 302w, https:\/\/www.barbie-secondlife.com\/wp-content\/uploads\/2021\/03\/Evenement2021_Antonina1-200x563.jpg 200w, https:\/\/www.barbie-secondlife.com\/wp-content\/uploads\/2021\/03\/Evenement2021_Antonina1-107x300.jpg 107w\" data-sizes=\"(max-width: 302px) 100vw, 302px\" src=\"data:image\/svg+xml;base64,PHN2ZyB3aWR0aD0iMSIgaGVpZ2h0PSIxIiB4bWxucz0iaHR0cDovL3d3dy53My5vcmcvMjAwMC9zdmciPjwvc3ZnPg==\" \/><\/a><\/td><td><a href=\"https:\/\/www.barbie-secondlife.com\/wp-content\/uploads\/2021\/03\/Evenement2021_Antonina2.jpg\" target=\"_blank\" rel=\"noreferrer noopener\"><img decoding=\"async\" width=\"302\" height=\"850\" class=\"wp-image-464376 lazyload\" style=\"--smush-placeholder-width: 302px; --smush-placeholder-aspect-ratio: 302\/850;width: px;\" data-src=\"https:\/\/www.barbie-secondlife.com\/wp-content\/uploads\/2021\/03\/Evenement2021_Antonina2.jpg\" alt=\"Barbie Antonina\" data-srcset=\"https:\/\/www.barbie-secondlife.com\/wp-content\/uploads\/2021\/03\/Evenement2021_Antonina2.jpg 302w, https:\/\/www.barbie-secondlife.com\/wp-content\/uploads\/2021\/03\/Evenement2021_Antonina2-200x563.jpg 200w, https:\/\/www.barbie-secondlife.com\/wp-content\/uploads\/2021\/03\/Evenement2021_Antonina2-107x300.jpg 107w\" data-sizes=\"(max-width: 302px) 100vw, 302px\" src=\"data:image\/svg+xml;base64,PHN2ZyB3aWR0aD0iMSIgaGVpZ2h0PSIxIiB4bWxucz0iaHR0cDovL3d3dy53My5vcmcvMjAwMC9zdmciPjwvc3ZnPg==\" \/><\/a><\/td><td><a href=\"https:\/\/www.barbie-secondlife.com\/wp-content\/uploads\/2021\/03\/Evenement2021_Antonina3.jpg\" target=\"_blank\" rel=\"noreferrer noopener\"><img decoding=\"async\" width=\"302\" height=\"850\" class=\"wp-image-464377 lazyload\" style=\"--smush-placeholder-width: 302px; --smush-placeholder-aspect-ratio: 302\/850;width: px;\" data-src=\"https:\/\/www.barbie-secondlife.com\/wp-content\/uploads\/2021\/03\/Evenement2021_Antonina3.jpg\" alt=\"Barbie Antonina\" data-srcset=\"https:\/\/www.barbie-secondlife.com\/wp-content\/uploads\/2021\/03\/Evenement2021_Antonina3.jpg 302w, https:\/\/www.barbie-secondlife.com\/wp-content\/uploads\/2021\/03\/Evenement2021_Antonina3-200x563.jpg 200w, https:\/\/www.barbie-secondlife.com\/wp-content\/uploads\/2021\/03\/Evenement2021_Antonina3-107x300.jpg 107w\" data-sizes=\"(max-width: 302px) 100vw, 302px\" src=\"data:image\/svg+xml;base64,PHN2ZyB3aWR0aD0iMSIgaGVpZ2h0PSIxIiB4bWxucz0iaHR0cDovL3d3dy53My5vcmcvMjAwMC9zdmciPjwvc3ZnPg==\" \/><\/a><\/td><td><a href=\"https:\/\/www.barbie-secondlife.com\/wp-content\/uploads\/2021\/03\/Evenement2021_Antonina4.jpg\" target=\"_blank\" rel=\"noreferrer noopener\"><img decoding=\"async\" width=\"302\" height=\"850\" class=\"wp-image-464378 lazyload\" style=\"--smush-placeholder-width: 302px; --smush-placeholder-aspect-ratio: 302\/850;width: px;\" data-src=\"https:\/\/www.barbie-secondlife.com\/wp-content\/uploads\/2021\/03\/Evenement2021_Antonina4.jpg\" alt=\"Barbie Antonina\" data-srcset=\"https:\/\/www.barbie-secondlife.com\/wp-content\/uploads\/2021\/03\/Evenement2021_Antonina4.jpg 302w, https:\/\/www.barbie-secondlife.com\/wp-content\/uploads\/2021\/03\/Evenement2021_Antonina4-200x563.jpg 200w, https:\/\/www.barbie-secondlife.com\/wp-content\/uploads\/2021\/03\/Evenement2021_Antonina4-107x300.jpg 107w\" data-sizes=\"(max-width: 302px) 100vw, 302px\" src=\"data:image\/svg+xml;base64,PHN2ZyB3aWR0aD0iMSIgaGVpZ2h0PSIxIiB4bWxucz0iaHR0cDovL3d3dy53My5vcmcvMjAwMC9zdmciPjwvc3ZnPg==\" \/><\/a><\/td><\/tr><\/tbody><\/table><\/figure>\n\n\n\n<hr class=\"wp-block-separator\"\/>\n","protected":false},"excerpt":{"rendered":"<p>Barbie &#8211; Cara a Cara (Final) Aqui est\u00e3o as primeiras competidoras desta competi\u00e7\u00e3o &#8220;Cara a Cara&#8221;. Ela vai colocar em oposi\u00e7\u00e3o 2 Barbie, Aqui o primeiro duelo enfrentar\u00e1 Tessa, Barbie Dolls of the World&nbsp;\u2013 Princess of the Incas com Antonina, Barbie&nbsp;75th Anniversary&nbsp;Brunette . Haver\u00e1 um total de 16 Barbies competindo. Cada vencedor enfrentar\u00e1 outro vencedor [&hellip;]<\/p>\n","protected":false},"author":1,"featured_media":464506,"parent":464521,"menu_order":0,"comment_status":"closed","ping_status":"closed","template":"","meta":{"footnotes":""},"class_list":["post-466844","page","type-page","status-publish","has-post-thumbnail","hentry"],"translation":{"provider":"WPGlobus","version":"3.0.2","language":"br","enabled_languages":["fr","en","es","br","de"],"languages":{"fr":{"title":true,"content":true,"excerpt":false},"en":{"title":true,"content":true,"excerpt":false},"es":{"title":true,"content":true,"excerpt":false},"br":{"title":true,"content":true,"excerpt":false},"de":{"title":true,"content":true,"excerpt":false}}},"_links":{"self":[{"href":"https:\/\/www.barbie-secondlife.com\/br\/wp-json\/wp\/v2\/pages\/466844","targetHints":{"allow":["GET"]}}],"collection":[{"href":"https:\/\/www.barbie-secondlife.com\/br\/wp-json\/wp\/v2\/pages"}],"about":[{"href":"https:\/\/www.barbie-secondlife.com\/br\/wp-json\/wp\/v2\/types\/page"}],"author":[{"embeddable":true,"href":"https:\/\/www.barbie-secondlife.com\/br\/wp-json\/wp\/v2\/users\/1"}],"replies":[{"embeddable":true,"href":"https:\/\/www.barbie-secondlife.com\/br\/wp-json\/wp\/v2\/comments?post=466844"}],"version-history":[{"count":0,"href":"https:\/\/www.barbie-secondlife.com\/br\/wp-json\/wp\/v2\/pages\/466844\/revisions"}],"up":[{"embeddable":true,"href":"https:\/\/www.barbie-secondlife.com\/br\/wp-json\/wp\/v2\/pages\/464521"}],"wp:featuredmedia":[{"embeddable":true,"href":"https:\/\/www.barbie-secondlife.com\/br\/wp-json\/wp\/v2\/media\/464506"}],"wp:attachment":[{"href":"https:\/\/www.barbie-secondlife.com\/br\/wp-json\/wp\/v2\/media?parent=466844"}],"curies":[{"name":"wp","href":"https:\/\/api.w.org\/{rel}","templated":true}]}}