{"id":469477,"date":"2021-08-11T22:15:39","date_gmt":"2021-08-11T20:15:39","guid":{"rendered":"https:\/\/www.barbie-secondlife.com\/?page_id=469477"},"modified":"2022-08-06T14:36:40","modified_gmt":"2022-08-06T12:36:40","slug":"holiday","status":"publish","type":"page","link":"https:\/\/www.barbie-secondlife.com\/br\/collection\/holiday\/","title":{"rendered":"Holiday"},"content":{"rendered":"\n<h2 class=\"wp-block-heading\"><strong><em>Barbie Holiday<\/em><\/strong><\/h2>\n\n\n\n<p>Barbie &#8216;<strong>Holiday<\/strong>&#8216; \u00e9 uma cole\u00e7\u00e3o projetada para fazer um belo presente para as festas de fim de ano. Ela sempre usa um lindo vestido muitas vezes vermelho nos \u00faltimos anos (2022-2020-2019-2018-2017). Esta cole\u00e7\u00e3o come\u00e7a em 1988 e desde 2007, o corpo desta barbie muda, torna-se um corpo de &#8216;Musa&#8217;. <a href=\"https:\/\/www.barbie-secondlife.com\/br\/tag\/bob-mackie\/\">Bob Mackie<\/a>, estilista famoso, veste a Barbie Holiday em 2005 e 2006 na cole\u00e7\u00e3o &#8216;<a href=\"https:\/\/www.barbie-secondlife.com\/br\/tag\/special-occasion\/\">Special Occasion<\/a>&#8216;. A cada ano, a cole\u00e7\u00e3o \u201cBarbie <strong>Holiday<\/strong>\u201d \u00e9 composta por 3 bonecas diferentes. Tenho 3 tipos de Barbie de &#8216;Holiday&#8217; na minha cole\u00e7\u00e3o: &#8216;Barbie Holiday Anniversary&#8217;, &#8216;Barbie Holiday Special Occasion&#8217; e &#8216;Barbie Holiday (Natal).<\/p>\n\n\n\n<hr class=\"wp-block-separator\"\/>\n\n\n\n<figure class=\"wp-block-table\"><table class=\"has-fixed-layout\"><tbody><tr><td class=\"has-text-align-center\" data-align=\"center\"><a href=\"https:\/\/www.barbie-secondlife.com\/br\/collection\/holiday\/holiday-noel\/\"><img decoding=\"async\" data-src=\"https:\/\/www.barbie-secondlife.com\/wp-content\/uploads\/2021\/08\/Barbie_AnaKarina_Original.jpg\" alt=\"Barbie Ana Karina\" style=\"--smush-placeholder-width: 349px; --smush-placeholder-aspect-ratio: 349\/425;width: 200px;\" src=\"data:image\/svg+xml;base64,PHN2ZyB3aWR0aD0iMSIgaGVpZ2h0PSIxIiB4bWxucz0iaHR0cDovL3d3dy53My5vcmcvMjAwMC9zdmciPjwvc3ZnPg==\" class=\"lazyload\"><\/a><\/td><td><strong><a href=\"https:\/\/www.barbie-secondlife.com\/br\/collection\/holiday\/holiday-noel\/\">Barbie Holiday (Natal)<\/a><\/strong><br>\u00c9 a mais famosa das cole\u00e7\u00f5es de &#8216;Holiday&#8217;. A cada ano, 3 Barbies comp\u00f5em a s\u00e9rie com uma Barbie Loira, uma Barbie Marrom e uma de cabelos castanhos (Exceto 2022, 4 Barbies). V\u00e1rios <a href=\"https:\/\/www.barbie-secondlife.com\/br\/collection\/designer\/\">designers <\/a>colaboraram nessas cole\u00e7\u00f5es, incluindo <a href=\"https:\/\/www.barbie-secondlife.com\/br\/tag\/bill-greening\/\">Bill Greening<\/a>, <a href=\"https:\/\/www.barbie-secondlife.com\/br\/tag\/linda-kyaw\/\">Linda Kyaw<\/a>, <a href=\"https:\/\/www.barbie-secondlife.com\/br\/tag\/carlyle-nuera\/\">Carlyle Nuera<\/a> e <a href=\"https:\/\/www.barbie-secondlife.com\/br\/tag\/caroline-demersseman\/\">Caroline DeMersseman<\/a>. Todas as minhas Barbies nesta cole\u00e7\u00e3o t\u00eam um corpo de &#8216;<a href=\"https:\/\/www.barbie-secondlife.com\/br\/tag\/muse\/\">Musa<\/a>&#8216;<\/td><\/tr><\/tbody><\/table><\/figure>\n\n\n\n<hr class=\"wp-block-separator\"\/>\n\n\n\n<figure class=\"wp-block-table\"><table class=\"has-fixed-layout\"><tbody><tr><td><strong><a href=\"https:\/\/www.barbie-secondlife.com\/br\/collection\/holiday\/holiday-anniversary\/\">Barbie Holiday Anniversary<\/a><\/strong><br>Esta cole\u00e7\u00e3o \u00e9 lan\u00e7ada na \u00e9poca das comemora\u00e7\u00f5es de fim de ano, mas se prop\u00f5e a celebrar um evento especial para a boneca Barbie, como o <a href=\"https:\/\/www.barbie-secondlife.com\/br\/tag\/50th-anniversary\/\">50\u00ba anivers\u00e1rio<\/a> de seu nascimento ou o <a href=\"https:\/\/www.barbie-secondlife.com\/br\/tag\/20th-anniversary\/\">20\u00ba <\/a>e <a href=\"https:\/\/www.barbie-secondlife.com\/br\/tag\/25th-anniversary\/\">25\u00ba<\/a> anivers\u00e1rio da cria\u00e7\u00e3o da cole\u00e7\u00e3o &#8216;Holiday&#8217;. Diferentes <a href=\"https:\/\/www.barbie-secondlife.com\/br\/collection\/designer\/\">designers <\/a>participaram dessas Barbies, como <a href=\"https:\/\/www.barbie-secondlife.com\/br\/tag\/judy-choi\/\">Judy Choi<\/a> ou <a href=\"https:\/\/www.barbie-secondlife.com\/br\/tag\/sharon-zuckerman\/\">Sharon Zuckerman<\/a>. Todas as minhas Barbies nesta cole\u00e7\u00e3o t\u00eam um corpo de &#8216;<a href=\"https:\/\/www.barbie-secondlife.com\/br\/tag\/muse\/\">Musa<\/a>&#8216;<\/td><td class=\"has-text-align-center\" data-align=\"center\"><a href=\"https:\/\/www.barbie-secondlife.com\/br\/collection\/holiday\/holiday-anniversary\/\"><img decoding=\"async\" width=\"250\" height=\"230\" class=\"wp-image-33888 lazyload\" style=\"--smush-placeholder-width: 250px; --smush-placeholder-aspect-ratio: 250\/230;width: 250px;\" data-src=\"https:\/\/www.barbie-secondlife.com\/wp-content\/uploads\/2016\/09\/Barbie_Agnese_Original.jpg\" alt=\"Barbie Agnese\" data-srcset=\"https:\/\/www.barbie-secondlife.com\/wp-content\/uploads\/2016\/09\/Barbie_Agnese_Original.jpg 461w, https:\/\/www.barbie-secondlife.com\/wp-content\/uploads\/2016\/09\/Barbie_Agnese_Original-302x278.jpg 302w, https:\/\/www.barbie-secondlife.com\/wp-content\/uploads\/2016\/09\/Barbie_Agnese_Original-200x184.jpg 200w, https:\/\/www.barbie-secondlife.com\/wp-content\/uploads\/2016\/09\/Barbie_Agnese_Original-350x323.jpg 350w, https:\/\/www.barbie-secondlife.com\/wp-content\/uploads\/2016\/09\/Barbie_Agnese_Original-325x300.jpg 325w\" data-sizes=\"(max-width: 250px) 100vw, 250px\" src=\"data:image\/svg+xml;base64,PHN2ZyB3aWR0aD0iMSIgaGVpZ2h0PSIxIiB4bWxucz0iaHR0cDovL3d3dy53My5vcmcvMjAwMC9zdmciPjwvc3ZnPg==\" \/><\/a><\/td><\/tr><\/tbody><\/table><\/figure>\n\n\n\n<hr class=\"wp-block-separator\"\/>\n\n\n\n<figure class=\"wp-block-table\"><table class=\"has-fixed-layout\"><tbody><tr><td class=\"has-text-align-center\" data-align=\"center\"><a href=\"https:\/\/www.barbie-secondlife.com\/br\/collection\/holiday\/holiday-special-occasion\/\"><img decoding=\"async\" width=\"220\" height=\"282\" class=\"wp-image-469479 lazyload\" style=\"--smush-placeholder-width: 220px; --smush-placeholder-aspect-ratio: 220\/282;width: 220px;\" data-src=\"https:\/\/www.barbie-secondlife.com\/wp-content\/uploads\/2021\/08\/Yvelise_2000HolidayCelebration.jpg\" alt=\"Barbie Holiday Celebration 2000\" data-srcset=\"https:\/\/www.barbie-secondlife.com\/wp-content\/uploads\/2021\/08\/Yvelise_2000HolidayCelebration.jpg 390w, https:\/\/www.barbie-secondlife.com\/wp-content\/uploads\/2021\/08\/Yvelise_2000HolidayCelebration-302x387.jpg 302w, https:\/\/www.barbie-secondlife.com\/wp-content\/uploads\/2021\/08\/Yvelise_2000HolidayCelebration-200x256.jpg 200w, https:\/\/www.barbie-secondlife.com\/wp-content\/uploads\/2021\/08\/Yvelise_2000HolidayCelebration-350x449.jpg 350w, https:\/\/www.barbie-secondlife.com\/wp-content\/uploads\/2021\/08\/Yvelise_2000HolidayCelebration-234x300.jpg 234w\" data-sizes=\"(max-width: 220px) 100vw, 220px\" src=\"data:image\/svg+xml;base64,PHN2ZyB3aWR0aD0iMSIgaGVpZ2h0PSIxIiB4bWxucz0iaHR0cDovL3d3dy53My5vcmcvMjAwMC9zdmciPjwvc3ZnPg==\" \/><\/a><\/td><td><strong><a href=\"https:\/\/www.barbie-secondlife.com\/br\/collection\/holiday\/holiday-special-occasion\/\">Barbie Holiday Special Occasion<\/a><\/strong><br>Estas bonecas criadas especialmente para celebrar a transi\u00e7\u00e3o para um novo ano, em particular para celebrar o ano 2000 ou para inaugurar a entrada num novo s\u00e9culo (2001). <a href=\"https:\/\/www.barbie-secondlife.com\/br\/tag\/bob-mackie\/\">Bob Mackie<\/a>, famoso <a href=\"https:\/\/www.barbie-secondlife.com\/br\/collection\/designer\/\">designer <\/a>de Barbie colaborou com a Mattel em 2005 e 2006. Modifiquei o corpo dessas Barbies com um corpo de &#8216;<a href=\"https:\/\/www.barbie-secondlife.com\/br\/tag\/muse\/\">Musa<\/a>&#8216;<\/td><\/tr><\/tbody><\/table><\/figure>\n","protected":false},"excerpt":{"rendered":"<p>Barbie Holiday Barbie &#8216;Holiday&#8216; \u00e9 uma cole\u00e7\u00e3o projetada para fazer um belo presente para as festas de fim de ano. Ela sempre usa um lindo vestido muitas vezes vermelho nos \u00faltimos anos (2022-2020-2019-2018-2017). Esta cole\u00e7\u00e3o come\u00e7a em 1988 e desde 2007, o corpo desta barbie muda, torna-se um corpo de &#8216;Musa&#8217;. Bob Mackie, estilista famoso, [&hellip;]<\/p>\n","protected":false},"author":1,"featured_media":469498,"parent":4910,"menu_order":0,"comment_status":"closed","ping_status":"closed","template":"","meta":{"footnotes":""},"class_list":["post-469477","page","type-page","status-publish","has-post-thumbnail","hentry"],"translation":{"provider":"WPGlobus","version":"3.0.2","language":"br","enabled_languages":["fr","en","es","br","de"],"languages":{"fr":{"title":true,"content":true,"excerpt":false},"en":{"title":true,"content":true,"excerpt":false},"es":{"title":true,"content":true,"excerpt":false},"br":{"title":true,"content":true,"excerpt":false},"de":{"title":true,"content":true,"excerpt":false}}},"_links":{"self":[{"href":"https:\/\/www.barbie-secondlife.com\/br\/wp-json\/wp\/v2\/pages\/469477","targetHints":{"allow":["GET"]}}],"collection":[{"href":"https:\/\/www.barbie-secondlife.com\/br\/wp-json\/wp\/v2\/pages"}],"about":[{"href":"https:\/\/www.barbie-secondlife.com\/br\/wp-json\/wp\/v2\/types\/page"}],"author":[{"embeddable":true,"href":"https:\/\/www.barbie-secondlife.com\/br\/wp-json\/wp\/v2\/users\/1"}],"replies":[{"embeddable":true,"href":"https:\/\/www.barbie-secondlife.com\/br\/wp-json\/wp\/v2\/comments?post=469477"}],"version-history":[{"count":0,"href":"https:\/\/www.barbie-secondlife.com\/br\/wp-json\/wp\/v2\/pages\/469477\/revisions"}],"up":[{"embeddable":true,"href":"https:\/\/www.barbie-secondlife.com\/br\/wp-json\/wp\/v2\/pages\/4910"}],"wp:featuredmedia":[{"embeddable":true,"href":"https:\/\/www.barbie-secondlife.com\/br\/wp-json\/wp\/v2\/media\/469498"}],"wp:attachment":[{"href":"https:\/\/www.barbie-secondlife.com\/br\/wp-json\/wp\/v2\/media?parent=469477"}],"curies":[{"name":"wp","href":"https:\/\/api.w.org\/{rel}","templated":true}]}}