{"id":469554,"date":"2021-08-12T13:17:45","date_gmt":"2021-08-12T11:17:45","guid":{"rendered":"https:\/\/www.barbie-secondlife.com\/?page_id=469554"},"modified":"2022-08-06T14:46:22","modified_gmt":"2022-08-06T12:46:22","slug":"holiday-anniversary","status":"publish","type":"page","link":"https:\/\/www.barbie-secondlife.com\/br\/collection\/holiday\/holiday-anniversary\/","title":{"rendered":"Holiday Anniversary"},"content":{"rendered":"\n<h2 class=\"wp-block-heading\"><strong><em>Barbie Holiday Anniversary<\/em><\/strong><\/h2>\n\n\n\n<p>As bonecas Barbie Holiday Anniversary celebram um per\u00edodo festivo do ano e um evento especial relacionado com a hist\u00f3ria da Barbie, o anivers\u00e1rio de sua cria\u00e7\u00e3o ou o anivers\u00e1rio de uma cole\u00e7\u00e3o especial. Aqui est\u00e3o as bonecas da minha cole\u00e7\u00e3o abaixo.<\/p>\n\n\n\n<hr class=\"wp-block-separator\"\/>\n\n\n\n<figure class=\"wp-block-table\"><table class=\"has-fixed-layout\"><tbody><tr><td class=\"has-text-align-center\" data-align=\"center\"><a href=\"https:\/\/www.barbie-secondlife.com\/br\/tag\/50th-anniversary\/\"><img decoding=\"async\" width=\"200\" height=\"188\" class=\"wp-image-469555 lazyload\" style=\"--smush-placeholder-width: 200px; --smush-placeholder-aspect-ratio: 200\/188;width: 200px;\" data-src=\"https:\/\/www.barbie-secondlife.com\/wp-content\/uploads\/2021\/08\/Priscilla.jpg\" alt=\"Barbie Holiday 50th Anniversary\" data-srcset=\"https:\/\/www.barbie-secondlife.com\/wp-content\/uploads\/2021\/08\/Priscilla.jpg 451w, https:\/\/www.barbie-secondlife.com\/wp-content\/uploads\/2021\/08\/Priscilla-302x285.jpg 302w, https:\/\/www.barbie-secondlife.com\/wp-content\/uploads\/2021\/08\/Priscilla-200x188.jpg 200w, https:\/\/www.barbie-secondlife.com\/wp-content\/uploads\/2021\/08\/Priscilla-350x330.jpg 350w, https:\/\/www.barbie-secondlife.com\/wp-content\/uploads\/2021\/08\/Priscilla-318x300.jpg 318w\" data-sizes=\"(max-width: 200px) 100vw, 200px\" src=\"data:image\/svg+xml;base64,PHN2ZyB3aWR0aD0iMSIgaGVpZ2h0PSIxIiB4bWxucz0iaHR0cDovL3d3dy53My5vcmcvMjAwMC9zdmciPjwvc3ZnPg==\" \/><\/a><\/td><td><a href=\"https:\/\/www.barbie-secondlife.com\/br\/tag\/50th-anniversary\/\">Barbie 50th Anniversary<\/a><br>Uma vis\u00e3o da perfei\u00e7\u00e3o das f\u00e9rias de fim de ano! A boneca Barbie do feriado de 2009 brilha como um reflexo de um ano emocionante que comemora o 50\u00ba anivers\u00e1rio da boneca Barbie.<\/td><\/tr><\/tbody><\/table><\/figure>\n\n\n\n<hr class=\"wp-block-separator\"\/>\n\n\n\n<figure class=\"wp-block-table\"><table class=\"has-fixed-layout\"><tbody><tr><td><a href=\"https:\/\/www.barbie-secondlife.com\/br\/tag\/25th-anniversary\/\">Barbie 25th Anniversary<\/a><br>Um mundo invernal de flocos de neve prateados, fam\u00edlia, amigos e muito amor: esta \u00e9poca maravilhosa do ano inspira Barbie h\u00e1 25 anos! Agora ela est\u00e1 comemorando esta temporada deslumbrante. A boneca Barbie de f\u00e9rias 2013 comemora este anivers\u00e1rio de prata com um vestido festivo e cintilante. 3 Barbie comp\u00f5em esta cole\u00e7\u00e3o (2 na minha cole\u00e7\u00e3o)<\/td><td class=\"has-text-align-center\" data-align=\"center\"><a href=\"https:\/\/www.barbie-secondlife.com\/br\/tag\/25th-anniversary\/\"><img decoding=\"async\" width=\"170\" height=\"225\" class=\"wp-image-19071 lazyload\" style=\"--smush-placeholder-width: 170px; --smush-placeholder-aspect-ratio: 170\/225;width: 170px;\" data-src=\"https:\/\/www.barbie-secondlife.com\/wp-content\/uploads\/2019\/07\/Barbie_Celeste_Original.png\" alt=\"Barbie Holiday 25th Anniversary\" data-srcset=\"https:\/\/www.barbie-secondlife.com\/wp-content\/uploads\/2019\/07\/Barbie_Celeste_Original.png 321w, https:\/\/www.barbie-secondlife.com\/wp-content\/uploads\/2019\/07\/Barbie_Celeste_Original-302x400.png 302w, https:\/\/www.barbie-secondlife.com\/wp-content\/uploads\/2019\/07\/Barbie_Celeste_Original-200x265.png 200w, https:\/\/www.barbie-secondlife.com\/wp-content\/uploads\/2019\/07\/Barbie_Celeste_Original-227x300.png 227w\" data-sizes=\"(max-width: 170px) 100vw, 170px\" src=\"data:image\/svg+xml;base64,PHN2ZyB3aWR0aD0iMSIgaGVpZ2h0PSIxIiB4bWxucz0iaHR0cDovL3d3dy53My5vcmcvMjAwMC9zdmciPjwvc3ZnPg==\" \/><\/a><\/td><\/tr><\/tbody><\/table><\/figure>\n\n\n\n<hr class=\"wp-block-separator\"\/>\n\n\n\n<figure class=\"wp-block-table\"><table class=\"has-fixed-layout\"><tbody><tr><td class=\"has-text-align-center\" data-align=\"center\"><a href=\"https:\/\/www.barbie-secondlife.com\/br\/tag\/20th-anniversary\/\"><img decoding=\"async\" width=\"200\" height=\"219\" class=\"wp-image-469558 lazyload\" style=\"--smush-placeholder-width: 200px; --smush-placeholder-aspect-ratio: 200\/219;width: 200px;\" data-src=\"https:\/\/www.barbie-secondlife.com\/wp-content\/uploads\/2021\/08\/Barbie20thanniversary.jpg\" alt=\"Barbie Holiday 20th Anniversary\" data-srcset=\"https:\/\/www.barbie-secondlife.com\/wp-content\/uploads\/2021\/08\/Barbie20thanniversary.jpg 1015w, https:\/\/www.barbie-secondlife.com\/wp-content\/uploads\/2021\/08\/Barbie20thanniversary-302x331.jpg 302w, https:\/\/www.barbie-secondlife.com\/wp-content\/uploads\/2021\/08\/Barbie20thanniversary-200x219.jpg 200w, https:\/\/www.barbie-secondlife.com\/wp-content\/uploads\/2021\/08\/Barbie20thanniversary-500x547.jpg 500w, https:\/\/www.barbie-secondlife.com\/wp-content\/uploads\/2021\/08\/Barbie20thanniversary-350x383.jpg 350w, https:\/\/www.barbie-secondlife.com\/wp-content\/uploads\/2021\/08\/Barbie20thanniversary-936x1024.jpg 936w, https:\/\/www.barbie-secondlife.com\/wp-content\/uploads\/2021\/08\/Barbie20thanniversary-274x300.jpg 274w, https:\/\/www.barbie-secondlife.com\/wp-content\/uploads\/2021\/08\/Barbie20thanniversary-768x841.jpg 768w\" data-sizes=\"(max-width: 200px) 100vw, 200px\" src=\"data:image\/svg+xml;base64,PHN2ZyB3aWR0aD0iMSIgaGVpZ2h0PSIxIiB4bWxucz0iaHR0cDovL3d3dy53My5vcmcvMjAwMC9zdmciPjwvc3ZnPg==\" \/><\/a><\/td><td><a href=\"https:\/\/www.barbie-secondlife.com\/br\/tag\/20th-anniversary\/\">Barbie 20th Anniversary<\/a><br>A boneca Barbie Holiday 2008 \u00e9 uma homenagem a 20 anos de bonecas Barbie com tema natalino! Usando um lindo vestido prata cintilante com brincos de prata, cabelos longos e sedutores puxados para cima e longe de um rosto lindamente pintado. Existem 2 varia\u00e7\u00f5es desta Barbie, uma Barbie loira e uma morena (afro-americana)<\/td><\/tr><\/tbody><\/table><\/figure>\n","protected":false},"excerpt":{"rendered":"<p>Barbie Holiday Anniversary As bonecas Barbie Holiday Anniversary celebram um per\u00edodo festivo do ano e um evento especial relacionado com a hist\u00f3ria da Barbie, o anivers\u00e1rio de sua cria\u00e7\u00e3o ou o anivers\u00e1rio de uma cole\u00e7\u00e3o especial. Aqui est\u00e3o as bonecas da minha cole\u00e7\u00e3o abaixo. Barbie 50th AnniversaryUma vis\u00e3o da perfei\u00e7\u00e3o das f\u00e9rias de fim de [&hellip;]<\/p>\n","protected":false},"author":1,"featured_media":469587,"parent":469477,"menu_order":0,"comment_status":"closed","ping_status":"closed","template":"","meta":{"footnotes":""},"class_list":["post-469554","page","type-page","status-publish","has-post-thumbnail","hentry"],"translation":{"provider":"WPGlobus","version":"3.0.2","language":"br","enabled_languages":["fr","en","es","br","de"],"languages":{"fr":{"title":true,"content":true,"excerpt":false},"en":{"title":true,"content":true,"excerpt":false},"es":{"title":true,"content":true,"excerpt":false},"br":{"title":true,"content":true,"excerpt":false},"de":{"title":true,"content":true,"excerpt":false}}},"_links":{"self":[{"href":"https:\/\/www.barbie-secondlife.com\/br\/wp-json\/wp\/v2\/pages\/469554","targetHints":{"allow":["GET"]}}],"collection":[{"href":"https:\/\/www.barbie-secondlife.com\/br\/wp-json\/wp\/v2\/pages"}],"about":[{"href":"https:\/\/www.barbie-secondlife.com\/br\/wp-json\/wp\/v2\/types\/page"}],"author":[{"embeddable":true,"href":"https:\/\/www.barbie-secondlife.com\/br\/wp-json\/wp\/v2\/users\/1"}],"replies":[{"embeddable":true,"href":"https:\/\/www.barbie-secondlife.com\/br\/wp-json\/wp\/v2\/comments?post=469554"}],"version-history":[{"count":0,"href":"https:\/\/www.barbie-secondlife.com\/br\/wp-json\/wp\/v2\/pages\/469554\/revisions"}],"up":[{"embeddable":true,"href":"https:\/\/www.barbie-secondlife.com\/br\/wp-json\/wp\/v2\/pages\/469477"}],"wp:featuredmedia":[{"embeddable":true,"href":"https:\/\/www.barbie-secondlife.com\/br\/wp-json\/wp\/v2\/media\/469587"}],"wp:attachment":[{"href":"https:\/\/www.barbie-secondlife.com\/br\/wp-json\/wp\/v2\/media?parent=469554"}],"curies":[{"name":"wp","href":"https:\/\/api.w.org\/{rel}","templated":true}]}}