{"id":469594,"date":"2021-08-12T13:33:03","date_gmt":"2021-08-12T11:33:03","guid":{"rendered":"https:\/\/www.barbie-secondlife.com\/?page_id=469594"},"modified":"2024-01-15T16:36:26","modified_gmt":"2024-01-15T15:36:26","slug":"holiday-special-occasion","status":"publish","type":"page","link":"https:\/\/www.barbie-secondlife.com\/br\/collection\/holiday\/holiday-special-occasion\/","title":{"rendered":"Holiday Special Occasion"},"content":{"rendered":"\n<h2 class=\"wp-block-heading\"><strong><em>Barbie Holiday Special Occasion<\/em><\/strong><\/h2>\n\n\n\n<hr class=\"wp-block-separator has-css-opacity\"\/>\n\n\n\n<figure class=\"wp-block-table\"><table class=\"has-fixed-layout\"><tbody><tr><td class=\"has-text-align-center\" data-align=\"center\"><a href=\"https:\/\/www.barbie-secondlife.com\/br\/tag\/holiday-bob-mackie\/\"><img decoding=\"async\" width=\"241\" height=\"425\" class=\"wp-image-19548 lazyload\" style=\"--smush-placeholder-width: 241px; --smush-placeholder-aspect-ratio: 241\/425;width: px;\" data-src=\"https:\/\/www.barbie-secondlife.com\/wp-content\/uploads\/2019\/08\/Barbie_Raven_Original.jpg\" alt=\"Barbie Raven\" data-srcset=\"https:\/\/www.barbie-secondlife.com\/wp-content\/uploads\/2019\/08\/Barbie_Raven_Original.jpg 241w, https:\/\/www.barbie-secondlife.com\/wp-content\/uploads\/2019\/08\/Barbie_Raven_Original-200x353.jpg 200w, https:\/\/www.barbie-secondlife.com\/wp-content\/uploads\/2019\/08\/Barbie_Raven_Original-170x300.jpg 170w\" data-sizes=\"(max-width: 241px) 100vw, 241px\" src=\"data:image\/svg+xml;base64,PHN2ZyB3aWR0aD0iMSIgaGVpZ2h0PSIxIiB4bWxucz0iaHR0cDovL3d3dy53My5vcmcvMjAwMC9zdmciPjwvc3ZnPg==\" \/><\/a><\/td><td><a href=\"https:\/\/www.barbie-secondlife.com\/br\/tag\/holiday-bob-mackie\/\">Barbie Holiday Bob Mackie<\/a><br>A temporada de festas de <strong>2005 <\/strong>traz uma adi\u00e7\u00e3o de tirar o f\u00f4lego \u00e0 tradi\u00e7\u00e3o das bonecas barbie natalinas! Criado pelo aclamado designer Bob Mackie, o vestido \u00e9 lindamente confeccionado em um jacquard com estampa de lantejoulas, tule de cogumelo pregueado, organza f\u00facsia brilhante e cetim rosa. O cinto flocado cor de vinho tem um rebordo prateado. Um padr\u00e3o de glitter estrelado adorna o ombro. O broche, o colar, os brincos e a coroa s\u00e3o os acess\u00f3rios lindos.<br>Em <strong>2006<\/strong>, Bob Mackie apresenta novamente um belo presente para esta temporada especial. A Barbie Holiday de 2006 de Bob Mackie (foto ao lado) parece maravilhosamente sofisticada em um vestido preto e pele falsa branca, embelezada com estrelas multicoloridas festivas. 2006 Holiday Barbie marca a segunda cria\u00e7\u00e3o da boneca Holiday Barbie do Sr. Mackie.<\/td><\/tr><\/tbody><\/table><\/figure>\n\n\n\n<hr class=\"wp-block-separator has-css-opacity\"\/>\n\n\n\n<figure class=\"wp-block-table\"><table class=\"has-fixed-layout\"><tbody><tr><td><a href=\"https:\/\/www.barbie-secondlife.com\/br\/tag\/holiday-celebration\/\">Barbie Holiday Celebration<\/a><br>em <strong>2000<\/strong>, a absolutamente linda boneca Barbie Celebration. Para fazer das primeiras f\u00e9rias do novo mil\u00eanio algo especial para lembrar, ela usa um vestido luxuoso de ouro cintilante com uma an\u00e1gua de tafet\u00e1 cheia. Seu corpete de ouro cintilante e gola de pele falsa luxuosamente macia adicionam uma extraordin\u00e1ria aura de princesa \u00e0 sua beleza. Segurando um enfeite deslumbrante, que homenageia o ano 2000, ela \u00e9 uma \u00f3tima maneira de comemorar este ano importante.<br>Comemorando as festas de fim de ano Barbie <strong>2001 <\/strong>\u00e9 a segunda de uma nova s\u00e9rie de bonecas que simboliza o esp\u00edrito natalino do novo mil\u00eanio. Ela est\u00e1 absolutamente deslumbrante em um vestido branco cintilante incrustado com estrelas de prata e um casaco vermelho enfeitado com colar de joias de pele falsa branca e seus longos cabelos loiros cacheados bem abaixo da cintura.<\/td><td class=\"has-text-align-center\" data-align=\"center\"><a href=\"https:\/\/www.barbie-secondlife.com\/br\/tag\/celebration-holiday\/\"><img decoding=\"async\" width=\"357\" height=\"425\" class=\"wp-image-288789 lazyload\" style=\"--smush-placeholder-width: 357px; --smush-placeholder-aspect-ratio: 357\/425;width: px;\" data-src=\"https:\/\/www.barbie-secondlife.com\/wp-content\/uploads\/2021\/02\/Barbie_Yvelise_Original.jpg\" alt=\"Barbie Yvelise\" data-srcset=\"https:\/\/www.barbie-secondlife.com\/wp-content\/uploads\/2021\/02\/Barbie_Yvelise_Original.jpg 357w, https:\/\/www.barbie-secondlife.com\/wp-content\/uploads\/2021\/02\/Barbie_Yvelise_Original-302x360.jpg 302w, https:\/\/www.barbie-secondlife.com\/wp-content\/uploads\/2021\/02\/Barbie_Yvelise_Original-200x238.jpg 200w, https:\/\/www.barbie-secondlife.com\/wp-content\/uploads\/2021\/02\/Barbie_Yvelise_Original-350x417.jpg 350w, https:\/\/www.barbie-secondlife.com\/wp-content\/uploads\/2021\/02\/Barbie_Yvelise_Original-252x300.jpg 252w\" data-sizes=\"(max-width: 357px) 100vw, 357px\" src=\"data:image\/svg+xml;base64,PHN2ZyB3aWR0aD0iMSIgaGVpZ2h0PSIxIiB4bWxucz0iaHR0cDovL3d3dy53My5vcmcvMjAwMC9zdmciPjwvc3ZnPg==\" \/><\/a><\/td><\/tr><\/tbody><\/table><\/figure>\n\n\n\n<p><\/p>\n","protected":false},"excerpt":{"rendered":"<p>Barbie Holiday Special Occasion Barbie Holiday Bob MackieA temporada de festas de 2005 traz uma adi\u00e7\u00e3o de tirar o f\u00f4lego \u00e0 tradi\u00e7\u00e3o das bonecas barbie natalinas! Criado pelo aclamado designer Bob Mackie, o vestido \u00e9 lindamente confeccionado em um jacquard com estampa de lantejoulas, tule de cogumelo pregueado, organza f\u00facsia brilhante e cetim rosa. O [&hellip;]<\/p>\n","protected":false},"author":1,"featured_media":469616,"parent":469477,"menu_order":0,"comment_status":"closed","ping_status":"closed","template":"","meta":{"footnotes":""},"class_list":["post-469594","page","type-page","status-publish","has-post-thumbnail","hentry"],"translation":{"provider":"WPGlobus","version":"3.0.2","language":"br","enabled_languages":["fr","en","es","br","de"],"languages":{"fr":{"title":true,"content":true,"excerpt":false},"en":{"title":true,"content":true,"excerpt":false},"es":{"title":true,"content":true,"excerpt":false},"br":{"title":true,"content":true,"excerpt":false},"de":{"title":true,"content":true,"excerpt":false}}},"_links":{"self":[{"href":"https:\/\/www.barbie-secondlife.com\/br\/wp-json\/wp\/v2\/pages\/469594","targetHints":{"allow":["GET"]}}],"collection":[{"href":"https:\/\/www.barbie-secondlife.com\/br\/wp-json\/wp\/v2\/pages"}],"about":[{"href":"https:\/\/www.barbie-secondlife.com\/br\/wp-json\/wp\/v2\/types\/page"}],"author":[{"embeddable":true,"href":"https:\/\/www.barbie-secondlife.com\/br\/wp-json\/wp\/v2\/users\/1"}],"replies":[{"embeddable":true,"href":"https:\/\/www.barbie-secondlife.com\/br\/wp-json\/wp\/v2\/comments?post=469594"}],"version-history":[{"count":5,"href":"https:\/\/www.barbie-secondlife.com\/br\/wp-json\/wp\/v2\/pages\/469594\/revisions"}],"predecessor-version":[{"id":600748,"href":"https:\/\/www.barbie-secondlife.com\/br\/wp-json\/wp\/v2\/pages\/469594\/revisions\/600748"}],"up":[{"embeddable":true,"href":"https:\/\/www.barbie-secondlife.com\/br\/wp-json\/wp\/v2\/pages\/469477"}],"wp:featuredmedia":[{"embeddable":true,"href":"https:\/\/www.barbie-secondlife.com\/br\/wp-json\/wp\/v2\/media\/469616"}],"wp:attachment":[{"href":"https:\/\/www.barbie-secondlife.com\/br\/wp-json\/wp\/v2\/media?parent=469594"}],"curies":[{"name":"wp","href":"https:\/\/api.w.org\/{rel}","templated":true}]}}