{"id":469669,"date":"2021-08-13T15:15:59","date_gmt":"2021-08-13T13:15:59","guid":{"rendered":"https:\/\/www.barbie-secondlife.com\/?page_id=469669"},"modified":"2022-10-05T21:38:44","modified_gmt":"2022-10-05T19:38:44","slug":"dolls-of-the-world","status":"publish","type":"page","link":"https:\/\/www.barbie-secondlife.com\/br\/collection\/dolls-of-the-world\/","title":{"rendered":"Dolls of the World"},"content":{"rendered":"\n<h2 class=\"wp-block-heading\"><strong><em>Barbie Dolls of the World<\/em><\/strong><\/h2>\n\n\n\n<p>A cole\u00e7\u00e3o completa de &#8220;Barbie &#8211; Dolls of the World&#8221; inclui 91 bonecas em todos os continentes. As edi\u00e7\u00f5es especiais &#8220;Festivals of the World&#8221; (7 bonecas em 2005 e 2006), &#8220;Landmark Collection&#8221; (4 bonecas com corpo de &#8220;Musa&#8221; em 2010 e 2011) &#8220;The Princess Collection&#8221; (21 bonecas lan\u00e7ados entre 2001 e 2005) s\u00e3o parte desta cole\u00e7\u00e3o. Tudo come\u00e7ou em 1980 e terminou em 2014.<\/p>\n\n\n\n<hr class=\"wp-block-separator has-css-opacity\"\/>\n\n\n\n<figure class=\"wp-block-table\"><table class=\"has-fixed-layout\"><tbody><tr><td class=\"has-text-align-center\" data-align=\"center\"><a href=\"https:\/\/www.barbie-secondlife.com\/br\/tag\/dolls-of-the-world\/\"><img decoding=\"async\" width=\"150\" height=\"298\" class=\"wp-image-467994 lazyload\" style=\"--smush-placeholder-width: 150px; --smush-placeholder-aspect-ratio: 150\/298;width: 150px;\" data-src=\"https:\/\/www.barbie-secondlife.com\/wp-content\/uploads\/2021\/06\/Barbie_Josefina_Original.jpg\" alt=\"Barbie Josefina\" data-srcset=\"https:\/\/www.barbie-secondlife.com\/wp-content\/uploads\/2021\/06\/Barbie_Josefina_Original.jpg 214w, https:\/\/www.barbie-secondlife.com\/wp-content\/uploads\/2021\/06\/Barbie_Josefina_Original-200x397.jpg 200w, https:\/\/www.barbie-secondlife.com\/wp-content\/uploads\/2021\/06\/Barbie_Josefina_Original-151x300.jpg 151w\" data-sizes=\"(max-width: 150px) 100vw, 150px\" src=\"data:image\/svg+xml;base64,PHN2ZyB3aWR0aD0iMSIgaGVpZ2h0PSIxIiB4bWxucz0iaHR0cDovL3d3dy53My5vcmcvMjAwMC9zdmciPjwvc3ZnPg==\" \/><\/a><\/td><td><a href=\"https:\/\/www.barbie-secondlife.com\/br\/tag\/dolls-of-the-world\/\">Barbie Dolls of the World<\/a><br>Das 91 bonecas Barbie da cole\u00e7\u00e3o, 36 est\u00e3o na minha cole\u00e7\u00e3o. Todas as minhas Barbies t\u00eam o corpo de &#8216;Musa&#8217;, que n\u00e3o \u00e9 seu corpo original. Todas elas t\u00eam uma roupa que representa seu pa\u00eds. Esta cole\u00e7\u00e3o comemora a universalidade da boneca Barbie e destaca diferentes culturas e promove a diversidade. Da R\u00fassia \u00e0s Ilhas do Pac\u00edfico, passando pela \u00c1frica, todas as regi\u00f5es do globo est\u00e3o representadas nesta magn\u00edfica cole\u00e7\u00e3o que me inspirou para o meu site. <\/td><\/tr><\/tbody><\/table><\/figure>\n\n\n\n<hr class=\"wp-block-separator has-css-opacity\"\/>\n\n\n\n<figure class=\"wp-block-table\"><table class=\"has-fixed-layout\"><tbody><tr><td><a href=\"https:\/\/www.barbie-secondlife.com\/br\/tag\/festivals-of-the-world\/\">Barbie Dolls of the World &#8211; Festivals of the World<\/a><br>Composta por 7 Barbies, esta cole\u00e7\u00e3o de bonecas nos convida a participar de festivais pelo mundo. 6 bonecas Barbie est\u00e3o na minha cole\u00e7\u00e3o, elas t\u00eam looks com detalhes muito bem pensados \u200b\u200bpara uma representa\u00e7\u00e3o ainda mais realista <\/td><td class=\"has-text-align-center\" data-align=\"center\"><a href=\"https:\/\/www.barbie-secondlife.com\/br\/tag\/festival-of-the-world\/\"><img decoding=\"async\" width=\"150\" height=\"319\" class=\"wp-image-10364 lazyload\" style=\"--smush-placeholder-width: 150px; --smush-placeholder-aspect-ratio: 150\/319;width: 150px;\" data-src=\"https:\/\/www.barbie-secondlife.com\/wp-content\/uploads\/2017\/11\/Queenie_Original.jpeg\" alt=\"Barbie Queenie\" src=\"data:image\/svg+xml;base64,PHN2ZyB3aWR0aD0iMSIgaGVpZ2h0PSIxIiB4bWxucz0iaHR0cDovL3d3dy53My5vcmcvMjAwMC9zdmciPjwvc3ZnPg==\"><\/a><\/td><\/tr><\/tbody><\/table><\/figure>\n\n\n\n<hr class=\"wp-block-separator has-css-opacity\"\/>\n\n\n\n<figure class=\"wp-block-table\"><table class=\"has-fixed-layout\"><tbody><tr><td class=\"has-text-align-center\" data-align=\"center\"><a href=\"https:\/\/www.barbie-secondlife.com\/br\/tag\/landmark\/\"><img decoding=\"async\" width=\"200\" height=\"281\" class=\"wp-image-16309 lazyload\" style=\"--smush-placeholder-width: 200px; --smush-placeholder-aspect-ratio: 200\/281;width: 200px;\" data-src=\"https:\/\/www.barbie-secondlife.com\/wp-content\/uploads\/2019\/02\/Barbie_Julia_Original.png\" alt=\"Barbie Julia\" data-srcset=\"https:\/\/www.barbie-secondlife.com\/wp-content\/uploads\/2019\/02\/Barbie_Julia_Original.png 302w, https:\/\/www.barbie-secondlife.com\/wp-content\/uploads\/2019\/02\/Barbie_Julia_Original-200x281.png 200w, https:\/\/www.barbie-secondlife.com\/wp-content\/uploads\/2019\/02\/Barbie_Julia_Original-213x300.png 213w\" data-sizes=\"(max-width: 200px) 100vw, 200px\" src=\"data:image\/svg+xml;base64,PHN2ZyB3aWR0aD0iMSIgaGVpZ2h0PSIxIiB4bWxucz0iaHR0cDovL3d3dy53My5vcmcvMjAwMC9zdmciPjwvc3ZnPg==\" \/><\/a><\/td><td><a href=\"https:\/\/www.barbie-secondlife.com\/br\/tag\/landmark\/\">Barbie Dolls of the World &#8211; Landmark Collection<\/a><br>Esta cole\u00e7\u00e3o de 4 Barbies ocupa monumentos ic\u00f4nicos do mundo em roupas Barbie, como a Torre Eiffel, Big Ben, Sydney Opera House ou a Est\u00e1tua da Liberdade. Esta \u00e9 a \u00fanica cole\u00e7\u00e3o de &#8216;Barbie &#8211; Dolls of the World&#8217; em que a Mattel usou um corpo de musa. <\/td><\/tr><\/tbody><\/table><\/figure>\n\n\n\n<hr class=\"wp-block-separator has-css-opacity\"\/>\n\n\n\n<figure class=\"wp-block-table\"><table class=\"has-fixed-layout\"><tbody><tr><td><a href=\"https:\/\/www.barbie-secondlife.com\/br\/tag\/princess-collection\/\">Barbie Dolls of the World &#8211; The Princess Collection<\/a><br>Esta \u00e9 a 3\u00aa categoria da cole\u00e7\u00e3o &#8216;Barbie &#8211; Bonecas do Mundo&#8217;. S\u00e3o 21 no total e representam uma princesa de uma civiliza\u00e7\u00e3o, seja da Gr\u00e9cia antiga, do povo inca ou, mais recentemente, dos \u00edndios Navajo. Est\u00e3o na minha cole\u00e7\u00e3o 8 bonecas, todas com uma roupa da sua \u00e9poca e que nos fazem viajar na hist\u00f3ria.<\/td><td class=\"has-text-align-center\" data-align=\"center\"><a href=\"https:\/\/www.barbie-secondlife.com\/br\/tag\/princess-collection\/\"><img decoding=\"async\" width=\"130\" height=\"288\" class=\"wp-image-13111 lazyload\" style=\"--smush-placeholder-width: 130px; --smush-placeholder-aspect-ratio: 130\/288;width: 130px;\" data-src=\"https:\/\/www.barbie-secondlife.com\/wp-content\/uploads\/2018\/08\/Barbie_Eleanor_Original.jpg\" alt=\"\" data-srcset=\"https:\/\/www.barbie-secondlife.com\/wp-content\/uploads\/2018\/08\/Barbie_Eleanor_Original.jpg 192w, https:\/\/www.barbie-secondlife.com\/wp-content\/uploads\/2018\/08\/Barbie_Eleanor_Original-136x300.jpg 136w\" data-sizes=\"(max-width: 130px) 100vw, 130px\" src=\"data:image\/svg+xml;base64,PHN2ZyB3aWR0aD0iMSIgaGVpZ2h0PSIxIiB4bWxucz0iaHR0cDovL3d3dy53My5vcmcvMjAwMC9zdmciPjwvc3ZnPg==\" \/><\/a><\/td><\/tr><\/tbody><\/table><\/figure>\n","protected":false},"excerpt":{"rendered":"<p>Barbie Dolls of the World A cole\u00e7\u00e3o completa de &#8220;Barbie &#8211; Dolls of the World&#8221; inclui 91 bonecas em todos os continentes. As edi\u00e7\u00f5es especiais &#8220;Festivals of the World&#8221; (7 bonecas em 2005 e 2006), &#8220;Landmark Collection&#8221; (4 bonecas com corpo de &#8220;Musa&#8221; em 2010 e 2011) &#8220;The Princess Collection&#8221; (21 bonecas lan\u00e7ados entre 2001 [&hellip;]<\/p>\n","protected":false},"author":1,"featured_media":469705,"parent":4910,"menu_order":0,"comment_status":"closed","ping_status":"closed","template":"","meta":{"footnotes":""},"class_list":["post-469669","page","type-page","status-publish","has-post-thumbnail","hentry"],"translation":{"provider":"WPGlobus","version":"3.0.2","language":"br","enabled_languages":["fr","en","es","br","de"],"languages":{"fr":{"title":true,"content":true,"excerpt":false},"en":{"title":true,"content":true,"excerpt":false},"es":{"title":true,"content":true,"excerpt":false},"br":{"title":true,"content":true,"excerpt":false},"de":{"title":true,"content":true,"excerpt":false}}},"_links":{"self":[{"href":"https:\/\/www.barbie-secondlife.com\/br\/wp-json\/wp\/v2\/pages\/469669","targetHints":{"allow":["GET"]}}],"collection":[{"href":"https:\/\/www.barbie-secondlife.com\/br\/wp-json\/wp\/v2\/pages"}],"about":[{"href":"https:\/\/www.barbie-secondlife.com\/br\/wp-json\/wp\/v2\/types\/page"}],"author":[{"embeddable":true,"href":"https:\/\/www.barbie-secondlife.com\/br\/wp-json\/wp\/v2\/users\/1"}],"replies":[{"embeddable":true,"href":"https:\/\/www.barbie-secondlife.com\/br\/wp-json\/wp\/v2\/comments?post=469669"}],"version-history":[{"count":5,"href":"https:\/\/www.barbie-secondlife.com\/br\/wp-json\/wp\/v2\/pages\/469669\/revisions"}],"predecessor-version":[{"id":595849,"href":"https:\/\/www.barbie-secondlife.com\/br\/wp-json\/wp\/v2\/pages\/469669\/revisions\/595849"}],"up":[{"embeddable":true,"href":"https:\/\/www.barbie-secondlife.com\/br\/wp-json\/wp\/v2\/pages\/4910"}],"wp:featuredmedia":[{"embeddable":true,"href":"https:\/\/www.barbie-secondlife.com\/br\/wp-json\/wp\/v2\/media\/469705"}],"wp:attachment":[{"href":"https:\/\/www.barbie-secondlife.com\/br\/wp-json\/wp\/v2\/media?parent=469669"}],"curies":[{"name":"wp","href":"https:\/\/api.w.org\/{rel}","templated":true}]}}