{"id":470668,"date":"2021-09-11T23:34:14","date_gmt":"2021-09-11T21:34:14","guid":{"rendered":"https:\/\/www.barbie-secondlife.com\/?page_id=470668"},"modified":"2022-08-06T16:09:54","modified_gmt":"2022-08-06T14:09:54","slug":"barbie-photo-shooting-2021-1-4-f","status":"publish","type":"page","link":"https:\/\/www.barbie-secondlife.com\/br\/evenements\/barbie-photo-shooting-2021\/barbie-photo-shooting-2021-1-4-f\/","title":{"rendered":"Barbie &#8211; Photo Shooting 2021 &#8211; 1\/4 F"},"content":{"rendered":"\n<h2 class=\"wp-block-heading\"><strong><em>Barbie &#8211; Photo Shooting 2021 &#8211; 1\/4 F<\/em><\/strong><\/h2>\n\n\n\n<div class=\"wp-block-group\"><div class=\"wp-block-group__inner-container is-layout-flow wp-block-group-is-layout-flow\">\n<div class=\"wp-block-image is-style-default\"><figure class=\"aligncenter size-medium is-resized\"><img decoding=\"async\" data-src=\"https:\/\/www.barbie-secondlife.com\/wp-content\/uploads\/2021\/07\/PhotoShooting2021_sanstexte-350x306.png\" alt=\"Barbie Photo Shooting 2021\" class=\"wp-image-468679 lazyload\" width=\"88\" height=\"77\" data-srcset=\"https:\/\/www.barbie-secondlife.com\/wp-content\/uploads\/2021\/07\/PhotoShooting2021_sanstexte-350x306.png 350w, https:\/\/www.barbie-secondlife.com\/wp-content\/uploads\/2021\/07\/PhotoShooting2021_sanstexte-302x264.png 302w, https:\/\/www.barbie-secondlife.com\/wp-content\/uploads\/2021\/07\/PhotoShooting2021_sanstexte-200x175.png 200w, https:\/\/www.barbie-secondlife.com\/wp-content\/uploads\/2021\/07\/PhotoShooting2021_sanstexte-500x438.png 500w, https:\/\/www.barbie-secondlife.com\/wp-content\/uploads\/2021\/07\/PhotoShooting2021_sanstexte-1024x896.png 1024w, https:\/\/www.barbie-secondlife.com\/wp-content\/uploads\/2021\/07\/PhotoShooting2021_sanstexte-343x300.png 343w, https:\/\/www.barbie-secondlife.com\/wp-content\/uploads\/2021\/07\/PhotoShooting2021_sanstexte-768x672.png 768w, https:\/\/www.barbie-secondlife.com\/wp-content\/uploads\/2021\/07\/PhotoShooting2021_sanstexte.png 1377w\" data-sizes=\"(max-width: 88px) 100vw, 88px\" src=\"data:image\/svg+xml;base64,PHN2ZyB3aWR0aD0iMSIgaGVpZ2h0PSIxIiB4bWxucz0iaHR0cDovL3d3dy53My5vcmcvMjAwMC9zdmciPjwvc3ZnPg==\" style=\"--smush-placeholder-width: 88px; --smush-placeholder-aspect-ratio: 88\/77;\" \/><\/figure><\/div>\n<\/div><\/div>\n\n\n\n<p>Aqui est\u00e3o as <strong>8 <\/strong>bonecas Barbie que voc\u00ea selecionou. Agora voc\u00ea escolher\u00e1 sua Barbie para cada uma das <strong>4<\/strong> combina\u00e7\u00f5es abaixo.<\/p>\n\n\n\n<hr class=\"wp-block-separator\"\/>\n\n\n\n<p class=\"has-text-align-center is-style-large has-medium-font-size\"><strong><span style=\"text-decoration: underline;\">3\u00aa sess\u00e3o de fotos <\/span>: Barbie fotog\u00eanica<\/strong><\/p>\n\n\n\n<p class=\"has-text-align-center\">Vote nas suas <strong>4 Barbies<\/strong> mais fotog\u00eanicas, clicando em &#8220;<strong>VOTE<\/strong>&#8221; abaixo da foto. 1 voto por jogo. Os melhores ir\u00e3o para as semifinais.<br><\/p>\n\n\n\n<hr class=\"wp-block-separator\"\/>\n\n\n\n<p class=\"has-text-align-center has-text-color has-background\" style=\"background-color:#191515;color:#e67fb9;font-size:22px\"><strong>MATCH 1<\/strong><br><strong>Anya<\/strong> vs <strong>Shirisha<\/strong><\/p>\n\n\n\n<figure class=\"wp-block-table\"><table class=\"has-background has-fixed-layout\" style=\"background-color:#f3f4f5\"><tbody><tr><td class=\"has-text-align-center\" data-align=\"center\"><a href=\"https:\/\/www.barbie-secondlife.com\/wp-content\/uploads\/2021\/09\/Anya_PhotoShoot3.jpg\"><img decoding=\"async\" width=\"800\" height=\"600\" class=\"wp-image-470692 lazyload\" style=\"--smush-placeholder-width: 800px; --smush-placeholder-aspect-ratio: 800\/600;width: px;\" data-src=\"https:\/\/www.barbie-secondlife.com\/wp-content\/uploads\/2021\/09\/Anya_PhotoShoot3.jpg\" alt=\"Barbie Anya\" data-srcset=\"https:\/\/www.barbie-secondlife.com\/wp-content\/uploads\/2021\/09\/Anya_PhotoShoot3.jpg 800w, https:\/\/www.barbie-secondlife.com\/wp-content\/uploads\/2021\/09\/Anya_PhotoShoot3-302x227.jpg 302w, https:\/\/www.barbie-secondlife.com\/wp-content\/uploads\/2021\/09\/Anya_PhotoShoot3-200x150.jpg 200w, https:\/\/www.barbie-secondlife.com\/wp-content\/uploads\/2021\/09\/Anya_PhotoShoot3-500x375.jpg 500w, https:\/\/www.barbie-secondlife.com\/wp-content\/uploads\/2021\/09\/Anya_PhotoShoot3-350x263.jpg 350w, https:\/\/www.barbie-secondlife.com\/wp-content\/uploads\/2021\/09\/Anya_PhotoShoot3-768x576.jpg 768w\" data-sizes=\"(max-width: 800px) 100vw, 800px\" src=\"data:image\/svg+xml;base64,PHN2ZyB3aWR0aD0iMSIgaGVpZ2h0PSIxIiB4bWxucz0iaHR0cDovL3d3dy53My5vcmcvMjAwMC9zdmciPjwvc3ZnPg==\" \/><\/a><\/td><td class=\"has-text-align-center\" data-align=\"center\"><a href=\"https:\/\/www.barbie-secondlife.com\/wp-content\/uploads\/2021\/09\/Shirisha_PhotoShoot3.jpg\"><img decoding=\"async\" width=\"800\" height=\"600\" class=\"wp-image-470691 lazyload\" style=\"--smush-placeholder-width: 800px; --smush-placeholder-aspect-ratio: 800\/600;width: px;\" data-src=\"https:\/\/www.barbie-secondlife.com\/wp-content\/uploads\/2021\/09\/Shirisha_PhotoShoot3.jpg\" alt=\"Barbie Shirisha\" data-srcset=\"https:\/\/www.barbie-secondlife.com\/wp-content\/uploads\/2021\/09\/Shirisha_PhotoShoot3.jpg 800w, https:\/\/www.barbie-secondlife.com\/wp-content\/uploads\/2021\/09\/Shirisha_PhotoShoot3-302x227.jpg 302w, https:\/\/www.barbie-secondlife.com\/wp-content\/uploads\/2021\/09\/Shirisha_PhotoShoot3-200x150.jpg 200w, https:\/\/www.barbie-secondlife.com\/wp-content\/uploads\/2021\/09\/Shirisha_PhotoShoot3-500x375.jpg 500w, https:\/\/www.barbie-secondlife.com\/wp-content\/uploads\/2021\/09\/Shirisha_PhotoShoot3-350x263.jpg 350w, https:\/\/www.barbie-secondlife.com\/wp-content\/uploads\/2021\/09\/Shirisha_PhotoShoot3-768x576.jpg 768w\" data-sizes=\"(max-width: 800px) 100vw, 800px\" src=\"data:image\/svg+xml;base64,PHN2ZyB3aWR0aD0iMSIgaGVpZ2h0PSIxIiB4bWxucz0iaHR0cDovL3d3dy53My5vcmcvMjAwMC9zdmciPjwvc3ZnPg==\" \/><\/a><\/td><\/tr><tr><td class=\"has-text-align-center\" data-align=\"center\"><sup>[VOTES : 7]<\/sup><\/td><td class=\"has-text-align-center\" data-align=\"center\"><sup>[VOTES : 9]<\/sup><\/td><\/tr><\/tbody><\/table><\/figure>\n\n\n\n<hr class=\"wp-block-separator\"\/>\n\n\n\n<p class=\"has-text-align-center has-text-color has-background\" style=\"background-color:#191515;color:#e67fb9;font-size:22px\"><strong>MATCH 2<\/strong><br><strong>Dunya<\/strong> vs <strong>Katinka<\/strong><\/p>\n\n\n\n<figure class=\"wp-block-table\"><table class=\"has-background has-fixed-layout\" style=\"background-color:#f3f4f5\"><tbody><tr><td class=\"has-text-align-center\" data-align=\"center\"><a href=\"https:\/\/www.barbie-secondlife.com\/wp-content\/uploads\/2021\/09\/Dunya_PhotoShoot3.jpg\"><img decoding=\"async\" width=\"800\" height=\"600\" class=\"wp-image-470690 lazyload\" style=\"--smush-placeholder-width: 800px; --smush-placeholder-aspect-ratio: 800\/600;width: px;\" data-src=\"https:\/\/www.barbie-secondlife.com\/wp-content\/uploads\/2021\/09\/Dunya_PhotoShoot3.jpg\" alt=\"Barbie Dunya\" data-srcset=\"https:\/\/www.barbie-secondlife.com\/wp-content\/uploads\/2021\/09\/Dunya_PhotoShoot3.jpg 800w, https:\/\/www.barbie-secondlife.com\/wp-content\/uploads\/2021\/09\/Dunya_PhotoShoot3-302x227.jpg 302w, https:\/\/www.barbie-secondlife.com\/wp-content\/uploads\/2021\/09\/Dunya_PhotoShoot3-200x150.jpg 200w, https:\/\/www.barbie-secondlife.com\/wp-content\/uploads\/2021\/09\/Dunya_PhotoShoot3-500x375.jpg 500w, https:\/\/www.barbie-secondlife.com\/wp-content\/uploads\/2021\/09\/Dunya_PhotoShoot3-350x263.jpg 350w, https:\/\/www.barbie-secondlife.com\/wp-content\/uploads\/2021\/09\/Dunya_PhotoShoot3-768x576.jpg 768w\" data-sizes=\"(max-width: 800px) 100vw, 800px\" src=\"data:image\/svg+xml;base64,PHN2ZyB3aWR0aD0iMSIgaGVpZ2h0PSIxIiB4bWxucz0iaHR0cDovL3d3dy53My5vcmcvMjAwMC9zdmciPjwvc3ZnPg==\" \/><\/a><\/td><td class=\"has-text-align-center\" data-align=\"center\"><a href=\"https:\/\/www.barbie-secondlife.com\/wp-content\/uploads\/2021\/09\/Katinka_PhotoShoot3.jpg\"><img decoding=\"async\" width=\"800\" height=\"600\" class=\"wp-image-470689 lazyload\" style=\"--smush-placeholder-width: 800px; --smush-placeholder-aspect-ratio: 800\/600;width: px;\" data-src=\"https:\/\/www.barbie-secondlife.com\/wp-content\/uploads\/2021\/09\/Katinka_PhotoShoot3.jpg\" alt=\"Barbie Katinka\" data-srcset=\"https:\/\/www.barbie-secondlife.com\/wp-content\/uploads\/2021\/09\/Katinka_PhotoShoot3.jpg 800w, https:\/\/www.barbie-secondlife.com\/wp-content\/uploads\/2021\/09\/Katinka_PhotoShoot3-302x227.jpg 302w, https:\/\/www.barbie-secondlife.com\/wp-content\/uploads\/2021\/09\/Katinka_PhotoShoot3-200x150.jpg 200w, https:\/\/www.barbie-secondlife.com\/wp-content\/uploads\/2021\/09\/Katinka_PhotoShoot3-500x375.jpg 500w, https:\/\/www.barbie-secondlife.com\/wp-content\/uploads\/2021\/09\/Katinka_PhotoShoot3-350x263.jpg 350w, https:\/\/www.barbie-secondlife.com\/wp-content\/uploads\/2021\/09\/Katinka_PhotoShoot3-768x576.jpg 768w\" data-sizes=\"(max-width: 800px) 100vw, 800px\" src=\"data:image\/svg+xml;base64,PHN2ZyB3aWR0aD0iMSIgaGVpZ2h0PSIxIiB4bWxucz0iaHR0cDovL3d3dy53My5vcmcvMjAwMC9zdmciPjwvc3ZnPg==\" \/><\/a><\/td><\/tr><tr><td class=\"has-text-align-center\" data-align=\"center\"><sup>[VOTES : 6]<\/sup><\/td><td class=\"has-text-align-center\" data-align=\"center\"><sup>[VOTES : 9]<\/sup><\/td><\/tr><\/tbody><\/table><\/figure>\n\n\n\n<hr class=\"wp-block-separator\"\/>\n\n\n\n<p class=\"has-text-align-center has-text-color has-background\" style=\"background-color:#191515;color:#e67fb9;font-size:22px\"><strong>MATCH 3<\/strong><br><strong>Queenie <\/strong>vs <strong>Jill<\/strong><\/p>\n\n\n\n<figure class=\"wp-block-table\"><table class=\"has-background has-fixed-layout\" style=\"background-color:#f3f4f5\"><tbody><tr><td class=\"has-text-align-center\" data-align=\"center\"><a href=\"https:\/\/www.barbie-secondlife.com\/wp-content\/uploads\/2021\/09\/Queenie_PhotoShoot3.jpg\"><img decoding=\"async\" width=\"800\" height=\"600\" class=\"wp-image-470688 lazyload\" style=\"--smush-placeholder-width: 800px; --smush-placeholder-aspect-ratio: 800\/600;width: px;\" data-src=\"https:\/\/www.barbie-secondlife.com\/wp-content\/uploads\/2021\/09\/Queenie_PhotoShoot3.jpg\" alt=\"Barbie Queenie\" data-srcset=\"https:\/\/www.barbie-secondlife.com\/wp-content\/uploads\/2021\/09\/Queenie_PhotoShoot3.jpg 800w, https:\/\/www.barbie-secondlife.com\/wp-content\/uploads\/2021\/09\/Queenie_PhotoShoot3-302x227.jpg 302w, https:\/\/www.barbie-secondlife.com\/wp-content\/uploads\/2021\/09\/Queenie_PhotoShoot3-200x150.jpg 200w, https:\/\/www.barbie-secondlife.com\/wp-content\/uploads\/2021\/09\/Queenie_PhotoShoot3-500x375.jpg 500w, https:\/\/www.barbie-secondlife.com\/wp-content\/uploads\/2021\/09\/Queenie_PhotoShoot3-350x263.jpg 350w, https:\/\/www.barbie-secondlife.com\/wp-content\/uploads\/2021\/09\/Queenie_PhotoShoot3-768x576.jpg 768w\" data-sizes=\"(max-width: 800px) 100vw, 800px\" src=\"data:image\/svg+xml;base64,PHN2ZyB3aWR0aD0iMSIgaGVpZ2h0PSIxIiB4bWxucz0iaHR0cDovL3d3dy53My5vcmcvMjAwMC9zdmciPjwvc3ZnPg==\" \/><\/a><\/td><td class=\"has-text-align-center\" data-align=\"center\"><a href=\"https:\/\/www.barbie-secondlife.com\/wp-content\/uploads\/2021\/09\/Jill_PhotoShoot3.jpg\"><img decoding=\"async\" width=\"800\" height=\"600\" class=\"wp-image-470687 lazyload\" style=\"--smush-placeholder-width: 800px; --smush-placeholder-aspect-ratio: 800\/600;width: px;\" data-src=\"https:\/\/www.barbie-secondlife.com\/wp-content\/uploads\/2021\/09\/Jill_PhotoShoot3.jpg\" alt=\"Barbie Jill\" data-srcset=\"https:\/\/www.barbie-secondlife.com\/wp-content\/uploads\/2021\/09\/Jill_PhotoShoot3.jpg 800w, https:\/\/www.barbie-secondlife.com\/wp-content\/uploads\/2021\/09\/Jill_PhotoShoot3-302x227.jpg 302w, https:\/\/www.barbie-secondlife.com\/wp-content\/uploads\/2021\/09\/Jill_PhotoShoot3-200x150.jpg 200w, https:\/\/www.barbie-secondlife.com\/wp-content\/uploads\/2021\/09\/Jill_PhotoShoot3-500x375.jpg 500w, https:\/\/www.barbie-secondlife.com\/wp-content\/uploads\/2021\/09\/Jill_PhotoShoot3-350x263.jpg 350w, https:\/\/www.barbie-secondlife.com\/wp-content\/uploads\/2021\/09\/Jill_PhotoShoot3-768x576.jpg 768w\" data-sizes=\"(max-width: 800px) 100vw, 800px\" src=\"data:image\/svg+xml;base64,PHN2ZyB3aWR0aD0iMSIgaGVpZ2h0PSIxIiB4bWxucz0iaHR0cDovL3d3dy53My5vcmcvMjAwMC9zdmciPjwvc3ZnPg==\" \/><\/a><\/td><\/tr><tr><td class=\"has-text-align-center\" data-align=\"center\"><sup>[VOTES : 7]<\/sup><\/td><td class=\"has-text-align-center\" data-align=\"center\"><sup>[VOTES : 8]<\/sup><\/td><\/tr><\/tbody><\/table><\/figure>\n\n\n\n<hr class=\"wp-block-separator\"\/>\n\n\n\n<p class=\"has-text-align-center has-text-color has-background\" style=\"background-color:#191515;color:#e67fb9;font-size:22px\"><strong>MATCH 4<\/strong><br><strong>Astrid <\/strong>vs <strong>Yvonne<\/strong><\/p>\n\n\n\n<figure class=\"wp-block-table\"><table class=\"has-background has-fixed-layout\" style=\"background-color:#f3f4f5\"><tbody><tr><td class=\"has-text-align-center\" data-align=\"center\"><a href=\"https:\/\/www.barbie-secondlife.com\/wp-content\/uploads\/2021\/09\/Astrid_PhotoShoot3.jpg\"><img decoding=\"async\" width=\"800\" height=\"600\" class=\"wp-image-470686 lazyload\" style=\"--smush-placeholder-width: 800px; --smush-placeholder-aspect-ratio: 800\/600;width: px;\" data-src=\"https:\/\/www.barbie-secondlife.com\/wp-content\/uploads\/2021\/09\/Astrid_PhotoShoot3.jpg\" alt=\"Barbie Astrid\" data-srcset=\"https:\/\/www.barbie-secondlife.com\/wp-content\/uploads\/2021\/09\/Astrid_PhotoShoot3.jpg 800w, https:\/\/www.barbie-secondlife.com\/wp-content\/uploads\/2021\/09\/Astrid_PhotoShoot3-302x227.jpg 302w, https:\/\/www.barbie-secondlife.com\/wp-content\/uploads\/2021\/09\/Astrid_PhotoShoot3-200x150.jpg 200w, https:\/\/www.barbie-secondlife.com\/wp-content\/uploads\/2021\/09\/Astrid_PhotoShoot3-500x375.jpg 500w, https:\/\/www.barbie-secondlife.com\/wp-content\/uploads\/2021\/09\/Astrid_PhotoShoot3-350x263.jpg 350w, https:\/\/www.barbie-secondlife.com\/wp-content\/uploads\/2021\/09\/Astrid_PhotoShoot3-768x576.jpg 768w\" data-sizes=\"(max-width: 800px) 100vw, 800px\" src=\"data:image\/svg+xml;base64,PHN2ZyB3aWR0aD0iMSIgaGVpZ2h0PSIxIiB4bWxucz0iaHR0cDovL3d3dy53My5vcmcvMjAwMC9zdmciPjwvc3ZnPg==\" \/><\/a><\/td><td class=\"has-text-align-center\" data-align=\"center\"><a href=\"https:\/\/www.barbie-secondlife.com\/wp-content\/uploads\/2021\/09\/Yvonne_PhotoShoot3.jpg\"><img decoding=\"async\" width=\"800\" height=\"600\" class=\"wp-image-470693 lazyload\" style=\"--smush-placeholder-width: 800px; --smush-placeholder-aspect-ratio: 800\/600;width: px;\" data-src=\"https:\/\/www.barbie-secondlife.com\/wp-content\/uploads\/2021\/09\/Yvonne_PhotoShoot3.jpg\" alt=\"Barbie Yvonne\" data-srcset=\"https:\/\/www.barbie-secondlife.com\/wp-content\/uploads\/2021\/09\/Yvonne_PhotoShoot3.jpg 800w, https:\/\/www.barbie-secondlife.com\/wp-content\/uploads\/2021\/09\/Yvonne_PhotoShoot3-302x227.jpg 302w, https:\/\/www.barbie-secondlife.com\/wp-content\/uploads\/2021\/09\/Yvonne_PhotoShoot3-200x150.jpg 200w, https:\/\/www.barbie-secondlife.com\/wp-content\/uploads\/2021\/09\/Yvonne_PhotoShoot3-500x375.jpg 500w, https:\/\/www.barbie-secondlife.com\/wp-content\/uploads\/2021\/09\/Yvonne_PhotoShoot3-350x263.jpg 350w, https:\/\/www.barbie-secondlife.com\/wp-content\/uploads\/2021\/09\/Yvonne_PhotoShoot3-768x576.jpg 768w\" data-sizes=\"(max-width: 800px) 100vw, 800px\" src=\"data:image\/svg+xml;base64,PHN2ZyB3aWR0aD0iMSIgaGVpZ2h0PSIxIiB4bWxucz0iaHR0cDovL3d3dy53My5vcmcvMjAwMC9zdmciPjwvc3ZnPg==\" \/><\/a><\/td><\/tr><tr><td class=\"has-text-align-center\" data-align=\"center\"><sup>[VOTES : 3]<\/sup><\/td><td class=\"has-text-align-center\" data-align=\"center\"><sup>[VOTES : 10]<\/sup><\/td><\/tr><\/tbody><\/table><\/figure>\n\n\n\n<hr class=\"wp-block-separator\"\/>\n\n\n\n<p><strong><strong>Aqui est\u00e1 a lista de candidatos qualificados, os eliminados s\u00e3o riscados<\/strong>.<\/strong><\/p>\n\n\n\n<figure class=\"wp-block-table is-style-stripes\"><table class=\"has-fixed-layout\"><tbody><tr><td class=\"has-text-align-center\" data-align=\"center\"><a href=\"https:\/\/www.barbie-secondlife.com\/br\/barbie\/world\/europe-est\/barbie-angelika\/\"><strong><s>Angelika<\/s><\/strong><\/a><\/td><td class=\"has-text-align-center\" data-align=\"center\"><a href=\"https:\/\/www.barbie-secondlife.com\/br\/barbie\/world\/europe-est\/barbie-anya\/\"><strong>Anya<\/strong><\/a><\/td><td class=\"has-text-align-center\" data-align=\"center\"><a href=\"https:\/\/www.barbie-secondlife.com\/br\/barbie\/world\/moyenorient\/barbie-astrid\/\"><strong>Astrid<\/strong><\/a><\/td><td class=\"has-text-align-center\" data-align=\"center\"><s><a href=\"https:\/\/www.barbie-secondlife.com\/br\/barbie\/world\/europe-ouest\/barbie-cynthia\/\">Cynthia<\/a><\/s><\/td><\/tr><tr><td class=\"has-text-align-center\" data-align=\"center\"><s><a href=\"https:\/\/www.barbie-secondlife.com\/br\/barbie\/world\/amerique-nord-centrale\/barbie-daisy\/\">Daisy<\/a><\/s><\/td><td class=\"has-text-align-center\" data-align=\"center\"><a href=\"https:\/\/www.barbie-secondlife.com\/br\/barbie\/world\/europe-est\/barbie-dunya\/\"><strong>Dunya<\/strong><\/a><\/td><td class=\"has-text-align-center\" data-align=\"center\"><s><a href=\"https:\/\/www.barbie-secondlife.com\/br\/barbie\/world\/europe-est\/barbie-francesca\/\">Francesca<\/a><\/s><\/td><td class=\"has-text-align-center\" data-align=\"center\"><s><a href=\"https:\/\/www.barbie-secondlife.com\/br\/barbie\/world\/europe-est\/barbie-ivana\/\">Ivana<\/a><\/s><\/td><\/tr><tr><td class=\"has-text-align-center\" data-align=\"center\"><a href=\"https:\/\/www.barbie-secondlife.com\/br\/barbie\/world\/amerique-nord-centrale\/barbie-jill\/\"><strong>Jill<\/strong><\/a><\/td><td class=\"has-text-align-center\" data-align=\"center\"><a href=\"https:\/\/www.barbie-secondlife.com\/br\/barbie\/world\/amerique-du-sud\/barbie-juliana\/\"><strong><s>Juliana<\/s><\/strong><\/a><\/td><td class=\"has-text-align-center\" data-align=\"center\"><s><a href=\"https:\/\/www.barbie-secondlife.com\/br\/barbie\/world\/europe-est\/barbie-katherine\/\">Katherine<\/a><\/s><\/td><td class=\"has-text-align-center\" data-align=\"center\"><a href=\"https:\/\/www.barbie-secondlife.com\/br\/barbie\/world\/europe-est\/barbie-katinka\/\"><strong>Katinka<\/strong><\/a><\/td><\/tr><tr><td class=\"has-text-align-center\" data-align=\"center\"><a href=\"https:\/\/www.barbie-secondlife.com\/br\/barbie\/world\/oceanie\/barbie-kiki\/\"><strong><s>Kiki<\/s><\/strong><\/a><\/td><td class=\"has-text-align-center\" data-align=\"center\"><a href=\"https:\/\/www.barbie-secondlife.com\/br\/barbie\/world\/oceanie\/barbie-moana\/\"><strong><s>Moana<\/s><\/strong><\/a><\/td><td class=\"has-text-align-center\" data-align=\"center\"><s><a href=\"https:\/\/www.barbie-secondlife.com\/br\/barbie\/world\/amerique-du-sud\/barbie-mylene\/\">Myl\u00e8ne<\/a><\/s><\/td><td class=\"has-text-align-center\" data-align=\"center\"><s><a href=\"https:\/\/www.barbie-secondlife.com\/br\/barbie\/world\/europe-est\/barbie-nadejda\/\">Nadejda<\/a><\/s><\/td><\/tr><tr><td class=\"has-text-align-center\" data-align=\"center\"><s><a href=\"https:\/\/www.barbie-secondlife.com\/br\/barbie\/world\/europe-est\/barbie-oxana\/\">Oxana<\/a><\/s><\/td><td class=\"has-text-align-center\" data-align=\"center\"><s><a href=\"https:\/\/www.barbie-secondlife.com\/br\/barbie\/world\/europe-ouest\/barbie-orianna\/\">Orianna<\/a><\/s><\/td><td class=\"has-text-align-center\" data-align=\"center\"><a href=\"https:\/\/www.barbie-secondlife.com\/br\/barbie\/world\/amerique-du-sud\/barbie-queenie\/\"><strong>Queenie<\/strong><\/a><\/td><td class=\"has-text-align-center\" data-align=\"center\"><s><a href=\"https:\/\/www.barbie-secondlife.com\/br\/barbie\/world\/europe-ouest\/barbie-raquelle\/\">Raquelle<\/a><\/s><\/td><\/tr><tr><td class=\"has-text-align-center\" data-align=\"center\"><a href=\"https:\/\/www.barbie-secondlife.com\/br\/barbie\/world\/europe-est\/barbie-sasha\/\"><strong><s>Sasha<\/s><\/strong><\/a><\/td><td class=\"has-text-align-center\" data-align=\"center\"><a href=\"https:\/\/www.barbie-secondlife.com\/br\/barbie\/world\/asie\/barbie-shirisha\/\"><strong>Shirisha<\/strong><\/a><\/td><td class=\"has-text-align-center\" data-align=\"center\"><s><a href=\"https:\/\/www.barbie-secondlife.com\/br\/barbie\/world\/oceanie\/barbie-vaimalama\/\">Vaimalama<\/a><\/s><\/td><td class=\"has-text-align-center\" data-align=\"center\"><s><a href=\"https:\/\/www.barbie-secondlife.com\/br\/barbie\/world\/europe-est\/barbie-vasilisa\/\">Vasilisa<\/a><\/s><\/td><\/tr><tr><td class=\"has-text-align-center\" data-align=\"center\"><a href=\"https:\/\/www.barbie-secondlife.com\/br\/barbie\/world\/afrique\/barbie-victoire\/\"><strong><s>Victoire<\/s><\/strong><\/a><\/td><td class=\"has-text-align-center\" data-align=\"center\"><a href=\"https:\/\/www.barbie-secondlife.com\/br\/barbie\/world\/moyenorient\/barbie-vika\/\"><strong><s>Vika<\/s><\/strong><\/a><\/td><td class=\"has-text-align-center\" data-align=\"center\"><a href=\"https:\/\/www.barbie-secondlife.com\/br\/barbie\/world\/europe-est\/barbie-yana\/\"><strong><s>Yana<\/s><\/strong><\/a><\/td><td class=\"has-text-align-center\" data-align=\"center\"><a href=\"https:\/\/www.barbie-secondlife.com\/br\/barbie\/world\/amerique-nord-centrale\/barbie-yvonne\/\"><strong>Yvonne<\/strong><\/a><\/td><\/tr><\/tbody><\/table><\/figure>\n\n\n\n<p><strong><strong>Mesa do concurso da Barbie \u2013 Sess\u00e3o de fotos<\/strong><\/strong><\/p>\n\n\n\n<hr class=\"wp-block-separator\"\/>\n\n\n\n<div class=\"wp-block-image\"><figure class=\"aligncenter size-large is-resized\"><a href=\"https:\/\/www.barbie-secondlife.com\/wp-content\/uploads\/2021\/09\/Tableau_PhotoShooting14F.png\"><img decoding=\"async\" data-src=\"https:\/\/www.barbie-secondlife.com\/wp-content\/uploads\/2021\/09\/Tableau_PhotoShooting14F-853x1024.png\" alt=\"Barbie Photo Shooting 1\/4 Finale\" class=\"wp-image-470697 lazyload\" width=\"427\" height=\"512\" data-srcset=\"https:\/\/www.barbie-secondlife.com\/wp-content\/uploads\/2021\/09\/Tableau_PhotoShooting14F-853x1024.png 853w, https:\/\/www.barbie-secondlife.com\/wp-content\/uploads\/2021\/09\/Tableau_PhotoShooting14F-302x362.png 302w, https:\/\/www.barbie-secondlife.com\/wp-content\/uploads\/2021\/09\/Tableau_PhotoShooting14F-200x240.png 200w, https:\/\/www.barbie-secondlife.com\/wp-content\/uploads\/2021\/09\/Tableau_PhotoShooting14F-500x600.png 500w, https:\/\/www.barbie-secondlife.com\/wp-content\/uploads\/2021\/09\/Tableau_PhotoShooting14F-350x420.png 350w, https:\/\/www.barbie-secondlife.com\/wp-content\/uploads\/2021\/09\/Tableau_PhotoShooting14F-250x300.png 250w, https:\/\/www.barbie-secondlife.com\/wp-content\/uploads\/2021\/09\/Tableau_PhotoShooting14F-768x922.png 768w, https:\/\/www.barbie-secondlife.com\/wp-content\/uploads\/2021\/09\/Tableau_PhotoShooting14F-1280x1536.png 1280w, https:\/\/www.barbie-secondlife.com\/wp-content\/uploads\/2021\/09\/Tableau_PhotoShooting14F.png 1500w\" data-sizes=\"(max-width: 427px) 100vw, 427px\" src=\"data:image\/svg+xml;base64,PHN2ZyB3aWR0aD0iMSIgaGVpZ2h0PSIxIiB4bWxucz0iaHR0cDovL3d3dy53My5vcmcvMjAwMC9zdmciPjwvc3ZnPg==\" style=\"--smush-placeholder-width: 427px; --smush-placeholder-aspect-ratio: 427\/512;\" \/><\/a><\/figure><\/div>\n\n\n\n<hr class=\"wp-block-separator\"\/>\n\n\n\n<p class=\"has-text-align-right\"><strong><strong>Veja a fase de qualifica\u00e7\u00e3o<\/strong><\/strong> <strong><a href=\"https:\/\/www.barbie-secondlife.com\/br\/evenements\/barbie-photo-shooting-2021\/barbie-photo-shooting-2021-qualifications\/\">aqui<\/a>.<\/strong><\/p>\n\n\n\n<p class=\"has-text-align-right\"><strong>Veja <a href=\"https:\/\/www.barbie-secondlife.com\/br\/evenements\/barbie-photo-shooting-2021\/barbie-photo-shooting-2021-1-8-f\/\">aqui<\/a> os 1\/8 de final.<\/strong><\/p>\n\n\n\n<p><\/p>\n","protected":false},"excerpt":{"rendered":"<p>Barbie &#8211; Photo Shooting 2021 &#8211; 1\/4 F Aqui est\u00e3o as 8 bonecas Barbie que voc\u00ea selecionou. Agora voc\u00ea escolher\u00e1 sua Barbie para cada uma das 4 combina\u00e7\u00f5es abaixo. 3\u00aa sess\u00e3o de fotos : Barbie fotog\u00eanica Vote nas suas 4 Barbies mais fotog\u00eanicas, clicando em &#8220;VOTE&#8221; abaixo da foto. 1 voto por jogo. Os melhores [&hellip;]<\/p>\n","protected":false},"author":1,"featured_media":469373,"parent":468676,"menu_order":0,"comment_status":"closed","ping_status":"closed","template":"","meta":{"footnotes":""},"class_list":["post-470668","page","type-page","status-publish","has-post-thumbnail","hentry"],"translation":{"provider":"WPGlobus","version":"3.0.2","language":"br","enabled_languages":["fr","en","es","br","de"],"languages":{"fr":{"title":true,"content":true,"excerpt":false},"en":{"title":true,"content":true,"excerpt":false},"es":{"title":true,"content":true,"excerpt":false},"br":{"title":true,"content":true,"excerpt":false},"de":{"title":true,"content":true,"excerpt":false}}},"_links":{"self":[{"href":"https:\/\/www.barbie-secondlife.com\/br\/wp-json\/wp\/v2\/pages\/470668","targetHints":{"allow":["GET"]}}],"collection":[{"href":"https:\/\/www.barbie-secondlife.com\/br\/wp-json\/wp\/v2\/pages"}],"about":[{"href":"https:\/\/www.barbie-secondlife.com\/br\/wp-json\/wp\/v2\/types\/page"}],"author":[{"embeddable":true,"href":"https:\/\/www.barbie-secondlife.com\/br\/wp-json\/wp\/v2\/users\/1"}],"replies":[{"embeddable":true,"href":"https:\/\/www.barbie-secondlife.com\/br\/wp-json\/wp\/v2\/comments?post=470668"}],"version-history":[{"count":0,"href":"https:\/\/www.barbie-secondlife.com\/br\/wp-json\/wp\/v2\/pages\/470668\/revisions"}],"up":[{"embeddable":true,"href":"https:\/\/www.barbie-secondlife.com\/br\/wp-json\/wp\/v2\/pages\/468676"}],"wp:featuredmedia":[{"embeddable":true,"href":"https:\/\/www.barbie-secondlife.com\/br\/wp-json\/wp\/v2\/media\/469373"}],"wp:attachment":[{"href":"https:\/\/www.barbie-secondlife.com\/br\/wp-json\/wp\/v2\/media?parent=470668"}],"curies":[{"name":"wp","href":"https:\/\/api.w.org\/{rel}","templated":true}]}}