{"id":4910,"date":"2016-12-29T01:17:08","date_gmt":"2016-12-29T00:17:08","guid":{"rendered":"http:\/\/www.barbie-secondlife.com\/?page_id=4910"},"modified":"2024-01-14T22:51:06","modified_gmt":"2024-01-14T21:51:06","slug":"collection","status":"publish","type":"page","link":"https:\/\/www.barbie-secondlife.com\/br\/collection\/","title":{"rendered":"Cole\u00e7\u00e3o"},"content":{"rendered":"\n<h2 class=\"wp-block-heading\"><strong><em>Barbie Cole\u00e7\u00e3o<\/em><\/strong><\/h2>\n\n\n\n<p>Essas s\u00e3o as principais \u201ccole\u00e7\u00f5es\u201d da minha Barbie\/Ken atrav\u00e9s dos links nas fotos abaixo (<b><a href=\"https:\/\/www.barbie-secondlife.com\/collection\/barbie-basics\/\">Barbie Basics<\/a>, <\/b> <a href=\"https:\/\/www.barbie-secondlife.com\/collection\/look\/\"><b>Look<\/b><\/a>, <a href=\"https:\/\/www.barbie-secondlife.com\/br\/tag\/inspiring-women\/\"><strong>Inspiring Women<\/strong><\/a> etc&#8230;). Outras est\u00e3o dispon\u00edveis, ent\u00e3o n\u00e3o hesite em usar o m\u00f3dulo de busca no canto superior direito da tela para encontrar cole\u00e7\u00f5es identificadas com outros termos como <a href=\"https:\/\/www.barbie-secondlife.com\/br\/tag\/fashionistas\/\">Fashionistas<\/a>, <a href=\"https:\/\/www.barbie-secondlife.com\/br\/tag\/so-in-style\/\">So In Style<\/a>, <a href=\"https:\/\/www.barbie-secondlife.com\/br\/tag\/extra\/\">Extra<\/a>&#8230;<\/p>\n\n\n\n<hr class=\"wp-block-separator has-css-opacity\"\/>\n\n\n\n<figure class=\"wp-block-table\"><table class=\"has-fixed-layout\"><tbody><tr><td class=\"has-text-align-center\" data-align=\"center\"><a href=\"https:\/\/www.barbie-secondlife.com\/br\/collection\/barbie-basics\/\"><img decoding=\"async\" width=\"300\" height=\"257\" class=\"wp-image-600570 lazyload\" style=\"--smush-placeholder-width: 300px; --smush-placeholder-aspect-ratio: 300\/257;width: 300px;\" data-src=\"https:\/\/www.barbie-secondlife.com\/wp-content\/uploads\/2024\/01\/Barbie_Basics.png\" alt=\"Barbie Basics\" data-srcset=\"https:\/\/www.barbie-secondlife.com\/wp-content\/uploads\/2024\/01\/Barbie_Basics.png 700w, https:\/\/www.barbie-secondlife.com\/wp-content\/uploads\/2024\/01\/Barbie_Basics-302x259.png 302w, https:\/\/www.barbie-secondlife.com\/wp-content\/uploads\/2024\/01\/Barbie_Basics-200x171.png 200w, https:\/\/www.barbie-secondlife.com\/wp-content\/uploads\/2024\/01\/Barbie_Basics-500x429.png 500w, https:\/\/www.barbie-secondlife.com\/wp-content\/uploads\/2024\/01\/Barbie_Basics-350x300.png 350w\" data-sizes=\"(max-width: 300px) 100vw, 300px\" src=\"data:image\/svg+xml;base64,PHN2ZyB3aWR0aD0iMSIgaGVpZ2h0PSIxIiB4bWxucz0iaHR0cDovL3d3dy53My5vcmcvMjAwMC9zdmciPjwvc3ZnPg==\" \/><\/a><\/td><td class=\"has-text-align-center\" data-align=\"center\"><a href=\"https:\/\/www.barbie-secondlife.com\/br\/collection\/look\/\"><img decoding=\"async\" width=\"300\" height=\"257\" class=\"wp-image-600577 lazyload\" style=\"--smush-placeholder-width: 300px; --smush-placeholder-aspect-ratio: 300\/257;width: 300px;\" data-src=\"https:\/\/www.barbie-secondlife.com\/wp-content\/uploads\/2024\/01\/Barbie_Looks.png\" alt=\"\" data-srcset=\"https:\/\/www.barbie-secondlife.com\/wp-content\/uploads\/2024\/01\/Barbie_Looks.png 700w, https:\/\/www.barbie-secondlife.com\/wp-content\/uploads\/2024\/01\/Barbie_Looks-302x259.png 302w, https:\/\/www.barbie-secondlife.com\/wp-content\/uploads\/2024\/01\/Barbie_Looks-200x171.png 200w, https:\/\/www.barbie-secondlife.com\/wp-content\/uploads\/2024\/01\/Barbie_Looks-500x429.png 500w, https:\/\/www.barbie-secondlife.com\/wp-content\/uploads\/2024\/01\/Barbie_Looks-350x300.png 350w\" data-sizes=\"(max-width: 300px) 100vw, 300px\" src=\"data:image\/svg+xml;base64,PHN2ZyB3aWR0aD0iMSIgaGVpZ2h0PSIxIiB4bWxucz0iaHR0cDovL3d3dy53My5vcmcvMjAwMC9zdmciPjwvc3ZnPg==\" \/><\/a><\/td><\/tr><tr><td class=\"has-text-align-center\" data-align=\"center\"><a href=\"https:\/\/www.barbie-secondlife.com\/br\/collection\/holiday\/\"><img decoding=\"async\" width=\"300\" height=\"257\" class=\"wp-image-600571 lazyload\" style=\"--smush-placeholder-width: 300px; --smush-placeholder-aspect-ratio: 300\/257;width: 300px;\" data-src=\"https:\/\/www.barbie-secondlife.com\/wp-content\/uploads\/2024\/01\/Barbie_Holidays.png\" alt=\"Barbie Holidays\" data-srcset=\"https:\/\/www.barbie-secondlife.com\/wp-content\/uploads\/2024\/01\/Barbie_Holidays.png 700w, https:\/\/www.barbie-secondlife.com\/wp-content\/uploads\/2024\/01\/Barbie_Holidays-302x259.png 302w, https:\/\/www.barbie-secondlife.com\/wp-content\/uploads\/2024\/01\/Barbie_Holidays-200x171.png 200w, https:\/\/www.barbie-secondlife.com\/wp-content\/uploads\/2024\/01\/Barbie_Holidays-500x429.png 500w, https:\/\/www.barbie-secondlife.com\/wp-content\/uploads\/2024\/01\/Barbie_Holidays-350x300.png 350w\" data-sizes=\"(max-width: 300px) 100vw, 300px\" src=\"data:image\/svg+xml;base64,PHN2ZyB3aWR0aD0iMSIgaGVpZ2h0PSIxIiB4bWxucz0iaHR0cDovL3d3dy53My5vcmcvMjAwMC9zdmciPjwvc3ZnPg==\" \/><\/a><\/td><td class=\"has-text-align-center\" data-align=\"center\"><a href=\"https:\/\/www.barbie-secondlife.com\/br\/collection\/birthday-wishes\/\"><img decoding=\"async\" width=\"300\" height=\"257\" class=\"wp-image-600576 lazyload\" style=\"--smush-placeholder-width: 300px; --smush-placeholder-aspect-ratio: 300\/257;width: 300px;\" data-src=\"https:\/\/www.barbie-secondlife.com\/wp-content\/uploads\/2024\/01\/Barbie_BirthdayWishes.png\" alt=\"\" data-srcset=\"https:\/\/www.barbie-secondlife.com\/wp-content\/uploads\/2024\/01\/Barbie_BirthdayWishes.png 700w, https:\/\/www.barbie-secondlife.com\/wp-content\/uploads\/2024\/01\/Barbie_BirthdayWishes-302x259.png 302w, https:\/\/www.barbie-secondlife.com\/wp-content\/uploads\/2024\/01\/Barbie_BirthdayWishes-200x171.png 200w, https:\/\/www.barbie-secondlife.com\/wp-content\/uploads\/2024\/01\/Barbie_BirthdayWishes-500x429.png 500w, https:\/\/www.barbie-secondlife.com\/wp-content\/uploads\/2024\/01\/Barbie_BirthdayWishes-350x300.png 350w\" data-sizes=\"(max-width: 300px) 100vw, 300px\" src=\"data:image\/svg+xml;base64,PHN2ZyB3aWR0aD0iMSIgaGVpZ2h0PSIxIiB4bWxucz0iaHR0cDovL3d3dy53My5vcmcvMjAwMC9zdmciPjwvc3ZnPg==\" \/><\/a><\/td><\/tr><tr><td class=\"has-text-align-center\" data-align=\"center\"><a href=\"https:\/\/www.barbie-secondlife.com\/br\/tag\/inspiring-women\/\"><img decoding=\"async\" width=\"300\" height=\"257\" class=\"wp-image-600572 lazyload\" style=\"--smush-placeholder-width: 300px; --smush-placeholder-aspect-ratio: 300\/257;width: 300px;\" data-src=\"https:\/\/www.barbie-secondlife.com\/wp-content\/uploads\/2024\/01\/Barbie8inspiring-Women.png\" alt=\"Barbie Inspiring Women\" data-srcset=\"https:\/\/www.barbie-secondlife.com\/wp-content\/uploads\/2024\/01\/Barbie8inspiring-Women.png 700w, https:\/\/www.barbie-secondlife.com\/wp-content\/uploads\/2024\/01\/Barbie8inspiring-Women-302x259.png 302w, https:\/\/www.barbie-secondlife.com\/wp-content\/uploads\/2024\/01\/Barbie8inspiring-Women-200x171.png 200w, https:\/\/www.barbie-secondlife.com\/wp-content\/uploads\/2024\/01\/Barbie8inspiring-Women-500x429.png 500w, https:\/\/www.barbie-secondlife.com\/wp-content\/uploads\/2024\/01\/Barbie8inspiring-Women-350x300.png 350w\" data-sizes=\"(max-width: 300px) 100vw, 300px\" src=\"data:image\/svg+xml;base64,PHN2ZyB3aWR0aD0iMSIgaGVpZ2h0PSIxIiB4bWxucz0iaHR0cDovL3d3dy53My5vcmcvMjAwMC9zdmciPjwvc3ZnPg==\" \/><\/a><\/td><td class=\"has-text-align-center\" data-align=\"center\"><a href=\"https:\/\/www.barbie-secondlife.com\/br\/collection\/dolls-of-the-world\/\"><img decoding=\"async\" width=\"300\" height=\"257\" class=\"wp-image-600574 lazyload\" style=\"--smush-placeholder-width: 300px; --smush-placeholder-aspect-ratio: 300\/257;width: 300px;\" data-src=\"https:\/\/www.barbie-secondlife.com\/wp-content\/uploads\/2024\/01\/Barbie_DollsOftheWorld.png\" alt=\"Barbie Dolls of the World\" data-srcset=\"https:\/\/www.barbie-secondlife.com\/wp-content\/uploads\/2024\/01\/Barbie_DollsOftheWorld.png 700w, https:\/\/www.barbie-secondlife.com\/wp-content\/uploads\/2024\/01\/Barbie_DollsOftheWorld-302x259.png 302w, https:\/\/www.barbie-secondlife.com\/wp-content\/uploads\/2024\/01\/Barbie_DollsOftheWorld-200x171.png 200w, https:\/\/www.barbie-secondlife.com\/wp-content\/uploads\/2024\/01\/Barbie_DollsOftheWorld-500x429.png 500w, https:\/\/www.barbie-secondlife.com\/wp-content\/uploads\/2024\/01\/Barbie_DollsOftheWorld-350x300.png 350w\" data-sizes=\"(max-width: 300px) 100vw, 300px\" src=\"data:image\/svg+xml;base64,PHN2ZyB3aWR0aD0iMSIgaGVpZ2h0PSIxIiB4bWxucz0iaHR0cDovL3d3dy53My5vcmcvMjAwMC9zdmciPjwvc3ZnPg==\" \/><\/a><\/td><\/tr><tr><td class=\"has-text-align-center\" data-align=\"center\"><a href=\"https:\/\/www.barbie-secondlife.com\/br\/tag\/bmr1959\/\"><img decoding=\"async\" width=\"300\" height=\"257\" class=\"wp-image-600573 lazyload\" style=\"--smush-placeholder-width: 300px; --smush-placeholder-aspect-ratio: 300\/257;width: 300px;\" data-src=\"https:\/\/www.barbie-secondlife.com\/wp-content\/uploads\/2024\/01\/Barbie_BMR1959.png\" alt=\"Barbie BMR1959\" data-srcset=\"https:\/\/www.barbie-secondlife.com\/wp-content\/uploads\/2024\/01\/Barbie_BMR1959.png 700w, https:\/\/www.barbie-secondlife.com\/wp-content\/uploads\/2024\/01\/Barbie_BMR1959-302x259.png 302w, https:\/\/www.barbie-secondlife.com\/wp-content\/uploads\/2024\/01\/Barbie_BMR1959-200x171.png 200w, https:\/\/www.barbie-secondlife.com\/wp-content\/uploads\/2024\/01\/Barbie_BMR1959-500x429.png 500w, https:\/\/www.barbie-secondlife.com\/wp-content\/uploads\/2024\/01\/Barbie_BMR1959-350x300.png 350w\" data-sizes=\"(max-width: 300px) 100vw, 300px\" src=\"data:image\/svg+xml;base64,PHN2ZyB3aWR0aD0iMSIgaGVpZ2h0PSIxIiB4bWxucz0iaHR0cDovL3d3dy53My5vcmcvMjAwMC9zdmciPjwvc3ZnPg==\" \/><\/a><\/td><td class=\"has-text-align-center\" data-align=\"center\"><a href=\"https:\/\/www.barbie-secondlife.com\/br\/tag\/pink-collection\/\"><img decoding=\"async\" width=\"300\" height=\"257\" class=\"wp-image-600578 lazyload\" style=\"--smush-placeholder-width: 300px; --smush-placeholder-aspect-ratio: 300\/257;width: 300px;\" data-src=\"https:\/\/www.barbie-secondlife.com\/wp-content\/uploads\/2024\/01\/Barbie_PinkCollection.png\" alt=\"Barbie Pink Collection\" data-srcset=\"https:\/\/www.barbie-secondlife.com\/wp-content\/uploads\/2024\/01\/Barbie_PinkCollection.png 700w, https:\/\/www.barbie-secondlife.com\/wp-content\/uploads\/2024\/01\/Barbie_PinkCollection-302x259.png 302w, https:\/\/www.barbie-secondlife.com\/wp-content\/uploads\/2024\/01\/Barbie_PinkCollection-200x171.png 200w, https:\/\/www.barbie-secondlife.com\/wp-content\/uploads\/2024\/01\/Barbie_PinkCollection-500x429.png 500w, https:\/\/www.barbie-secondlife.com\/wp-content\/uploads\/2024\/01\/Barbie_PinkCollection-350x300.png 350w\" data-sizes=\"(max-width: 300px) 100vw, 300px\" src=\"data:image\/svg+xml;base64,PHN2ZyB3aWR0aD0iMSIgaGVpZ2h0PSIxIiB4bWxucz0iaHR0cDovL3d3dy53My5vcmcvMjAwMC9zdmciPjwvc3ZnPg==\" \/><\/a><\/td><\/tr><tr><td class=\"has-text-align-center\" data-align=\"center\"><a href=\"https:\/\/www.barbie-secondlife.com\/br\/collection\/films-series-tv\/\"><img decoding=\"async\" width=\"300\" height=\"257\" class=\"wp-image-600658 lazyload\" style=\"--smush-placeholder-width: 300px; --smush-placeholder-aspect-ratio: 300\/257;width: 300px;\" data-src=\"https:\/\/www.barbie-secondlife.com\/wp-content\/uploads\/2024\/01\/Barbie_Films_BR.jpg\" alt=\"Barbie Filmes S\u00e9ries de TV\" data-srcset=\"https:\/\/www.barbie-secondlife.com\/wp-content\/uploads\/2024\/01\/Barbie_Films_BR.jpg 700w, https:\/\/www.barbie-secondlife.com\/wp-content\/uploads\/2024\/01\/Barbie_Films_BR-302x259.jpg 302w, https:\/\/www.barbie-secondlife.com\/wp-content\/uploads\/2024\/01\/Barbie_Films_BR-200x171.jpg 200w, https:\/\/www.barbie-secondlife.com\/wp-content\/uploads\/2024\/01\/Barbie_Films_BR-500x429.jpg 500w, https:\/\/www.barbie-secondlife.com\/wp-content\/uploads\/2024\/01\/Barbie_Films_BR-350x300.jpg 350w\" data-sizes=\"(max-width: 300px) 100vw, 300px\" src=\"data:image\/svg+xml;base64,PHN2ZyB3aWR0aD0iMSIgaGVpZ2h0PSIxIiB4bWxucz0iaHR0cDovL3d3dy53My5vcmcvMjAwMC9zdmciPjwvc3ZnPg==\" \/><\/a><\/td><td class=\"has-text-align-center\" data-align=\"center\"><a href=\"https:\/\/www.barbie-secondlife.com\/br\/collection\/barbie-celebrites\/\"><img decoding=\"async\" width=\"300\" height=\"257\" class=\"wp-image-600653 lazyload\" style=\"--smush-placeholder-width: 300px; --smush-placeholder-aspect-ratio: 300\/257;width: 300px;\" data-src=\"https:\/\/www.barbie-secondlife.com\/wp-content\/uploads\/2024\/01\/Barbie_Celebrites_BR.jpg\" alt=\"Barbie Collection Celebridades\" data-srcset=\"https:\/\/www.barbie-secondlife.com\/wp-content\/uploads\/2024\/01\/Barbie_Celebrites_BR.jpg 700w, https:\/\/www.barbie-secondlife.com\/wp-content\/uploads\/2024\/01\/Barbie_Celebrites_BR-302x259.jpg 302w, https:\/\/www.barbie-secondlife.com\/wp-content\/uploads\/2024\/01\/Barbie_Celebrites_BR-200x171.jpg 200w, https:\/\/www.barbie-secondlife.com\/wp-content\/uploads\/2024\/01\/Barbie_Celebrites_BR-500x429.jpg 500w, https:\/\/www.barbie-secondlife.com\/wp-content\/uploads\/2024\/01\/Barbie_Celebrites_BR-350x300.jpg 350w\" data-sizes=\"(max-width: 300px) 100vw, 300px\" src=\"data:image\/svg+xml;base64,PHN2ZyB3aWR0aD0iMSIgaGVpZ2h0PSIxIiB4bWxucz0iaHR0cDovL3d3dy53My5vcmcvMjAwMC9zdmciPjwvc3ZnPg==\" \/><\/a><\/td><\/tr><\/tbody><\/table><\/figure>\n\n\n\n<figure class=\"wp-block-table\"><table><tbody><tr><td class=\"has-text-align-center\" data-align=\"center\"><a href=\"https:\/\/www.barbie-secondlife.com\/br\/collection\/xautres\/\"><img decoding=\"async\" width=\"300\" height=\"100\" class=\"wp-image-600591 lazyload\" style=\"--smush-placeholder-width: 300px; --smush-placeholder-aspect-ratio: 300\/100;width: 300px;\" data-src=\"https:\/\/www.barbie-secondlife.com\/wp-content\/uploads\/2024\/01\/Barbie_Collections_BR.jpg\" alt=\"Barbie Collections\" data-srcset=\"https:\/\/www.barbie-secondlife.com\/wp-content\/uploads\/2024\/01\/Barbie_Collections_BR.jpg 600w, https:\/\/www.barbie-secondlife.com\/wp-content\/uploads\/2024\/01\/Barbie_Collections_BR-302x101.jpg 302w, https:\/\/www.barbie-secondlife.com\/wp-content\/uploads\/2024\/01\/Barbie_Collections_BR-200x67.jpg 200w, https:\/\/www.barbie-secondlife.com\/wp-content\/uploads\/2024\/01\/Barbie_Collections_BR-500x167.jpg 500w, https:\/\/www.barbie-secondlife.com\/wp-content\/uploads\/2024\/01\/Barbie_Collections_BR-350x117.jpg 350w\" data-sizes=\"(max-width: 300px) 100vw, 300px\" src=\"data:image\/svg+xml;base64,PHN2ZyB3aWR0aD0iMSIgaGVpZ2h0PSIxIiB4bWxucz0iaHR0cDovL3d3dy53My5vcmcvMjAwMC9zdmciPjwvc3ZnPg==\" \/><\/a><\/td><\/tr><\/tbody><\/table><\/figure>\n\n\n\n<hr class=\"wp-block-separator has-css-opacity\"\/>\n\n\n\n<p>O que seria de uma cole\u00e7\u00e3o sem um Designer? nada, eu acho. Listei aqui os principais <b><a href=\"https:\/\/www.barbie-secondlife.com\/collection\/designer\/\">Designer<\/a><\/b> que desenharam bonecas Barbie na Mattel associados a <b><a href=\"https:\/\/www.barbie-secondlife.com\/collection\/designer\/\">Designer<\/a><\/b> de Moda para determinadas Barbies como <a href=\"https:\/\/www.barbie-secondlife.com\/br\/tag\/yves-saint-laurent\/\">Yves Saint Laurent<\/a>, <a href=\"https:\/\/www.barbie-secondlife.com\/br\/tag\/versace\/\">Versace<\/a>, <a href=\"https:\/\/www.barbie-secondlife.com\/br\/tag\/bob-mackie\/\">Bob Mackie<\/a> etc&#8230;<\/p>\n\n\n\n<p>Para todas as suas cole\u00e7\u00f5es, a Mattel as identificou com um <b><a href=\"https:\/\/www.barbie-secondlife.com\/collection\/label\/\">Label<\/a><\/b> que permite saber a quantidade de reprodu\u00e7\u00f5es da Barbie no mundo.<\/p>\n\n\n\n<figure class=\"wp-block-table\"><table class=\"has-fixed-layout\"><tbody><tr><td class=\"has-text-align-center\" data-align=\"center\"><a href=\"https:\/\/www.barbie-secondlife.com\/br\/collection\/designer\/\"><img decoding=\"async\" width=\"458\" height=\"173\" class=\"wp-image-600589 lazyload\" data-src=\"https:\/\/www.barbie-secondlife.com\/wp-content\/uploads\/2024\/01\/Barbie_Designer2.jpg\" alt=\"Barbie Designer\" data-srcset=\"https:\/\/www.barbie-secondlife.com\/wp-content\/uploads\/2024\/01\/Barbie_Designer2.jpg 458w, https:\/\/www.barbie-secondlife.com\/wp-content\/uploads\/2024\/01\/Barbie_Designer2-302x114.jpg 302w, https:\/\/www.barbie-secondlife.com\/wp-content\/uploads\/2024\/01\/Barbie_Designer2-200x76.jpg 200w, https:\/\/www.barbie-secondlife.com\/wp-content\/uploads\/2024\/01\/Barbie_Designer2-350x132.jpg 350w\" data-sizes=\"(max-width: 458px) 100vw, 458px\" src=\"data:image\/svg+xml;base64,PHN2ZyB3aWR0aD0iMSIgaGVpZ2h0PSIxIiB4bWxucz0iaHR0cDovL3d3dy53My5vcmcvMjAwMC9zdmciPjwvc3ZnPg==\" style=\"--smush-placeholder-width: 458px; --smush-placeholder-aspect-ratio: 458\/173;\" \/><\/a><\/td><td class=\"has-text-align-center\" data-align=\"center\"><a href=\"https:\/\/www.barbie-secondlife.com\/br\/collection\/label\/\"><img decoding=\"async\" width=\"458\" height=\"173\" class=\"wp-image-600590 lazyload\" data-src=\"https:\/\/www.barbie-secondlife.com\/wp-content\/uploads\/2024\/01\/Barbie_Label2.jpg\" alt=\"Barbie Label\" data-srcset=\"https:\/\/www.barbie-secondlife.com\/wp-content\/uploads\/2024\/01\/Barbie_Label2.jpg 458w, https:\/\/www.barbie-secondlife.com\/wp-content\/uploads\/2024\/01\/Barbie_Label2-302x114.jpg 302w, https:\/\/www.barbie-secondlife.com\/wp-content\/uploads\/2024\/01\/Barbie_Label2-200x76.jpg 200w, https:\/\/www.barbie-secondlife.com\/wp-content\/uploads\/2024\/01\/Barbie_Label2-350x132.jpg 350w\" data-sizes=\"(max-width: 458px) 100vw, 458px\" src=\"data:image\/svg+xml;base64,PHN2ZyB3aWR0aD0iMSIgaGVpZ2h0PSIxIiB4bWxucz0iaHR0cDovL3d3dy53My5vcmcvMjAwMC9zdmciPjwvc3ZnPg==\" style=\"--smush-placeholder-width: 458px; --smush-placeholder-aspect-ratio: 458\/173;\" \/><\/a><\/td><\/tr><\/tbody><\/table><\/figure>\n","protected":false},"excerpt":{"rendered":"<p>Barbie Cole\u00e7\u00e3o Essas s\u00e3o as principais \u201ccole\u00e7\u00f5es\u201d da minha Barbie\/Ken atrav\u00e9s dos links nas fotos abaixo (Barbie Basics, Look, Inspiring Women etc&#8230;). Outras est\u00e3o dispon\u00edveis, ent\u00e3o n\u00e3o hesite em usar o m\u00f3dulo de busca no canto superior direito da tela para encontrar cole\u00e7\u00f5es identificadas com outros termos como Fashionistas, So In Style, Extra&#8230; O que [&hellip;]<\/p>\n","protected":false},"author":1,"featured_media":12253,"parent":0,"menu_order":0,"comment_status":"closed","ping_status":"closed","template":"","meta":{"footnotes":""},"class_list":["post-4910","page","type-page","status-publish","has-post-thumbnail","hentry"],"translation":{"provider":"WPGlobus","version":"3.0.2","language":"br","enabled_languages":["fr","en","es","br","de"],"languages":{"fr":{"title":true,"content":true,"excerpt":false},"en":{"title":true,"content":true,"excerpt":false},"es":{"title":true,"content":true,"excerpt":false},"br":{"title":true,"content":true,"excerpt":false},"de":{"title":true,"content":true,"excerpt":false}}},"_links":{"self":[{"href":"https:\/\/www.barbie-secondlife.com\/br\/wp-json\/wp\/v2\/pages\/4910","targetHints":{"allow":["GET"]}}],"collection":[{"href":"https:\/\/www.barbie-secondlife.com\/br\/wp-json\/wp\/v2\/pages"}],"about":[{"href":"https:\/\/www.barbie-secondlife.com\/br\/wp-json\/wp\/v2\/types\/page"}],"author":[{"embeddable":true,"href":"https:\/\/www.barbie-secondlife.com\/br\/wp-json\/wp\/v2\/users\/1"}],"replies":[{"embeddable":true,"href":"https:\/\/www.barbie-secondlife.com\/br\/wp-json\/wp\/v2\/comments?post=4910"}],"version-history":[{"count":5,"href":"https:\/\/www.barbie-secondlife.com\/br\/wp-json\/wp\/v2\/pages\/4910\/revisions"}],"predecessor-version":[{"id":600715,"href":"https:\/\/www.barbie-secondlife.com\/br\/wp-json\/wp\/v2\/pages\/4910\/revisions\/600715"}],"wp:featuredmedia":[{"embeddable":true,"href":"https:\/\/www.barbie-secondlife.com\/br\/wp-json\/wp\/v2\/media\/12253"}],"wp:attachment":[{"href":"https:\/\/www.barbie-secondlife.com\/br\/wp-json\/wp\/v2\/media?parent=4910"}],"curies":[{"name":"wp","href":"https:\/\/api.w.org\/{rel}","templated":true}]}}