{"id":4916,"date":"2016-12-29T01:22:50","date_gmt":"2016-12-29T00:22:50","guid":{"rendered":"http:\/\/www.barbie-secondlife.com\/?page_id=4916"},"modified":"2026-01-01T20:05:04","modified_gmt":"2026-01-01T19:05:04","slug":"annee","status":"publish","type":"page","link":"https:\/\/www.barbie-secondlife.com\/br\/annee\/","title":{"rendered":"Ano"},"content":{"rendered":"\n<figure class=\"wp-block-image size-full\"><img decoding=\"async\" width=\"1080\" height=\"100\" data-src=\"https:\/\/www.barbie-secondlife.com\/wp-content\/uploads\/2024\/01\/Barbie_Annee_Liste.jpg\" alt=\"Barbie Section Ann\u00e9e\" class=\"wp-image-600419 lazyload\" data-srcset=\"https:\/\/www.barbie-secondlife.com\/wp-content\/uploads\/2024\/01\/Barbie_Annee_Liste.jpg 1080w, https:\/\/www.barbie-secondlife.com\/wp-content\/uploads\/2024\/01\/Barbie_Annee_Liste-302x28.jpg 302w, https:\/\/www.barbie-secondlife.com\/wp-content\/uploads\/2024\/01\/Barbie_Annee_Liste-200x19.jpg 200w, https:\/\/www.barbie-secondlife.com\/wp-content\/uploads\/2024\/01\/Barbie_Annee_Liste-500x46.jpg 500w, https:\/\/www.barbie-secondlife.com\/wp-content\/uploads\/2024\/01\/Barbie_Annee_Liste-350x32.jpg 350w, https:\/\/www.barbie-secondlife.com\/wp-content\/uploads\/2024\/01\/Barbie_Annee_Liste-1024x95.jpg 1024w, https:\/\/www.barbie-secondlife.com\/wp-content\/uploads\/2024\/01\/Barbie_Annee_Liste-768x71.jpg 768w\" data-sizes=\"(max-width: 1080px) 100vw, 1080px\" src=\"data:image\/svg+xml;base64,PHN2ZyB3aWR0aD0iMSIgaGVpZ2h0PSIxIiB4bWxucz0iaHR0cDovL3d3dy53My5vcmcvMjAwMC9zdmciPjwvc3ZnPg==\" style=\"--smush-placeholder-width: 1080px; --smush-placeholder-aspect-ratio: 1080\/100;\" \/><\/figure>\n\n\n\n<h2 class=\"wp-block-heading\"><strong><em><strong><em><strong><em><strong><em>Barbie ao longo dos anos<\/em><\/strong><\/em><\/strong><\/em><\/strong><\/em><\/strong><\/h2>\n\n\n\n<p>Essa estatueta que sempre conhecemos, que n\u00e3o envelhece, tem uma hist\u00f3ria. Barbie nasceu em 1959 nos Estados Unidos. <\/p>\n\n\n\n<p>Sua criadora, Ruth Handler, esposa de Elliot Handler, cofundadora do grupo de brinquedos Mattel, teve essa id\u00e9ia quando viu sua filha Barbara brincando com bonecas de papel. Como muitas crian\u00e7as, ela se divertia imitando adultos. <\/p>\n\n\n\n<p>Ken conheceu Barbie em 1961. O nome est\u00e1 escondido atr\u00e1s do nome do filho de Ruth e Elliot Handler, Kenneth. <\/p>\n\n\n\n<p>Vice-presidente da empresa Mattel, Ruth luta para dar \u00e0 luz seu projeto.<\/p>\n\n\n<div class=\"wp-block-image\">\n<figure class=\"aligncenter size-full\"><img decoding=\"async\" width=\"750\" height=\"100\" data-src=\"https:\/\/www.barbie-secondlife.com\/wp-content\/uploads\/2024\/01\/Barbie_Annee_Logo.jpg\" alt=\"Barbie Annee Logo\" class=\"wp-image-600630 lazyload\" data-srcset=\"https:\/\/www.barbie-secondlife.com\/wp-content\/uploads\/2024\/01\/Barbie_Annee_Logo.jpg 750w, https:\/\/www.barbie-secondlife.com\/wp-content\/uploads\/2024\/01\/Barbie_Annee_Logo-302x40.jpg 302w, https:\/\/www.barbie-secondlife.com\/wp-content\/uploads\/2024\/01\/Barbie_Annee_Logo-200x27.jpg 200w, https:\/\/www.barbie-secondlife.com\/wp-content\/uploads\/2024\/01\/Barbie_Annee_Logo-500x67.jpg 500w, https:\/\/www.barbie-secondlife.com\/wp-content\/uploads\/2024\/01\/Barbie_Annee_Logo-350x47.jpg 350w\" data-sizes=\"(max-width: 750px) 100vw, 750px\" src=\"data:image\/svg+xml;base64,PHN2ZyB3aWR0aD0iMSIgaGVpZ2h0PSIxIiB4bWxucz0iaHR0cDovL3d3dy53My5vcmcvMjAwMC9zdmciPjwvc3ZnPg==\" style=\"--smush-placeholder-width: 750px; --smush-placeholder-aspect-ratio: 750\/100;\" \/><\/figure>\n<\/div>\n\n\n<p><strong><em><strong><strong><strong>VOC\u00ca SABIA !<\/strong><\/strong><\/strong><\/em><\/strong><\/p>\n\n\n\n<h2 class=\"wp-block-heading\"><strong><em><strong>Modern Barbie<\/strong><\/em><\/strong><\/h2>\n\n\n\n<p>A Collectors \/ Mattel considera uma Barbie como &#8220;Modern Barbie&#8221; se sua data de fabrica\u00e7\u00e3o for <strong>1972 ou superior<\/strong>.<\/p>\n\n\n\n<h2 class=\"wp-block-heading\"><strong><em><strong>Vintage Barbie<\/strong><\/em><\/strong><\/h2>\n\n\n\n<p>Todas as barbies fabricadas <strong>antes de 1972<\/strong> s\u00e3o barbies &#8220;Vintage&#8221;.<\/p>\n\n\n\n<h2 class=\"wp-block-heading\"><strong><em><strong><strong><strong>Minha Cole\u00e7\u00e3o<\/strong><\/strong><\/strong><\/em><\/strong><\/h2>\n\n\n\n<p>Aqui est\u00e3o todos os anos de publica\u00e7\u00e3o das Barbie em minha cole\u00e7\u00e3o, dos anos 80 aos dias de hoje.<\/p>\n\n\n\n<figure class=\"wp-block-image size-full\"><img decoding=\"async\" width=\"1080\" height=\"100\" data-src=\"https:\/\/www.barbie-secondlife.com\/wp-content\/uploads\/2024\/01\/Barbie_Annee_Liste.jpg\" alt=\"Barbie Section Ann\u00e9e\" class=\"wp-image-600419 lazyload\" data-srcset=\"https:\/\/www.barbie-secondlife.com\/wp-content\/uploads\/2024\/01\/Barbie_Annee_Liste.jpg 1080w, https:\/\/www.barbie-secondlife.com\/wp-content\/uploads\/2024\/01\/Barbie_Annee_Liste-302x28.jpg 302w, https:\/\/www.barbie-secondlife.com\/wp-content\/uploads\/2024\/01\/Barbie_Annee_Liste-200x19.jpg 200w, https:\/\/www.barbie-secondlife.com\/wp-content\/uploads\/2024\/01\/Barbie_Annee_Liste-500x46.jpg 500w, https:\/\/www.barbie-secondlife.com\/wp-content\/uploads\/2024\/01\/Barbie_Annee_Liste-350x32.jpg 350w, https:\/\/www.barbie-secondlife.com\/wp-content\/uploads\/2024\/01\/Barbie_Annee_Liste-1024x95.jpg 1024w, https:\/\/www.barbie-secondlife.com\/wp-content\/uploads\/2024\/01\/Barbie_Annee_Liste-768x71.jpg 768w\" data-sizes=\"(max-width: 1080px) 100vw, 1080px\" src=\"data:image\/svg+xml;base64,PHN2ZyB3aWR0aD0iMSIgaGVpZ2h0PSIxIiB4bWxucz0iaHR0cDovL3d3dy53My5vcmcvMjAwMC9zdmciPjwvc3ZnPg==\" style=\"--smush-placeholder-width: 1080px; --smush-placeholder-aspect-ratio: 1080\/100;\" \/><\/figure>\n\n\n\n<figure class=\"wp-block-table\"><table><tbody><tr><td class=\"has-text-align-center\" data-align=\"center\"><\/td><td class=\"has-text-align-center\" data-align=\"center\"><a href=\"https:\/\/www.barbie-secondlife.com\/br\/tag\/2026\/\"><img decoding=\"async\" width=\"150\" height=\"100\" class=\"wp-image-607832 lazyload\" style=\"--smush-placeholder-width: 150px; --smush-placeholder-aspect-ratio: 150\/100;width: 150px;\" data-src=\"https:\/\/www.barbie-secondlife.com\/wp-content\/uploads\/2026\/01\/Barbie_Annee_2026.png\" alt=\"Barbie Ann\u00e9e 2026\" src=\"data:image\/svg+xml;base64,PHN2ZyB3aWR0aD0iMSIgaGVpZ2h0PSIxIiB4bWxucz0iaHR0cDovL3d3dy53My5vcmcvMjAwMC9zdmciPjwvc3ZnPg==\"><\/a><\/td><td class=\"has-text-align-center\" data-align=\"center\"><a href=\"https:\/\/www.barbie-secondlife.com\/br\/tag\/2025\/\"><img decoding=\"async\" width=\"150\" height=\"100\" class=\"wp-image-603750 lazyload\" style=\"--smush-placeholder-width: 150px; --smush-placeholder-aspect-ratio: 150\/100;width: 150px;\" data-src=\"https:\/\/www.barbie-secondlife.com\/wp-content\/uploads\/2025\/01\/Barbie_Annee_2025.png\" alt=\"Barbie Ann\u00e9e 2025\" src=\"data:image\/svg+xml;base64,PHN2ZyB3aWR0aD0iMSIgaGVpZ2h0PSIxIiB4bWxucz0iaHR0cDovL3d3dy53My5vcmcvMjAwMC9zdmciPjwvc3ZnPg==\"><\/a><\/td><\/tr><tr><td class=\"has-text-align-center\" data-align=\"center\"><a href=\"https:\/\/www.barbie-secondlife.com\/br\/tag\/2024\/\"><img decoding=\"async\" width=\"150\" height=\"100\" class=\"wp-image-601539 lazyload\" style=\"--smush-placeholder-width: 150px; --smush-placeholder-aspect-ratio: 150\/100;width: 150px;\" data-src=\"https:\/\/www.barbie-secondlife.com\/wp-content\/uploads\/2024\/03\/Barbie_Annee_2024.png\" alt=\"Barbie Annee 2024\" src=\"data:image\/svg+xml;base64,PHN2ZyB3aWR0aD0iMSIgaGVpZ2h0PSIxIiB4bWxucz0iaHR0cDovL3d3dy53My5vcmcvMjAwMC9zdmciPjwvc3ZnPg==\"><\/a><\/td><td class=\"has-text-align-center\" data-align=\"center\"><a href=\"https:\/\/www.barbie-secondlife.com\/br\/tag\/2023\/\"><img decoding=\"async\" width=\"150\" height=\"100\" class=\"wp-image-600386 lazyload\" style=\"--smush-placeholder-width: 150px; --smush-placeholder-aspect-ratio: 150\/100;width: 150px;\" data-src=\"https:\/\/www.barbie-secondlife.com\/wp-content\/uploads\/2024\/01\/Barbie_Annee_2023.png\" alt=\"\" src=\"data:image\/svg+xml;base64,PHN2ZyB3aWR0aD0iMSIgaGVpZ2h0PSIxIiB4bWxucz0iaHR0cDovL3d3dy53My5vcmcvMjAwMC9zdmciPjwvc3ZnPg==\"><\/a><\/td><td class=\"has-text-align-center\" data-align=\"center\"><a href=\"https:\/\/www.barbie-secondlife.com\/br\/tag\/2022\/\"><img decoding=\"async\" width=\"150\" height=\"100\" class=\"wp-image-600384 lazyload\" style=\"--smush-placeholder-width: 150px; --smush-placeholder-aspect-ratio: 150\/100;width: 150px;\" data-src=\"https:\/\/www.barbie-secondlife.com\/wp-content\/uploads\/2024\/01\/Barbie_Annee_2022.png\" alt=\"\" src=\"data:image\/svg+xml;base64,PHN2ZyB3aWR0aD0iMSIgaGVpZ2h0PSIxIiB4bWxucz0iaHR0cDovL3d3dy53My5vcmcvMjAwMC9zdmciPjwvc3ZnPg==\"><\/a><\/td><\/tr><tr><td class=\"has-text-align-center\" data-align=\"center\"><a href=\"https:\/\/www.barbie-secondlife.com\/br\/tag\/2021\/\"><img decoding=\"async\" width=\"150\" height=\"100\" class=\"wp-image-600385 lazyload\" style=\"--smush-placeholder-width: 150px; --smush-placeholder-aspect-ratio: 150\/100;width: 150px;\" data-src=\"https:\/\/www.barbie-secondlife.com\/wp-content\/uploads\/2024\/01\/Barbie_Annee_2021.png\" alt=\"\" src=\"data:image\/svg+xml;base64,PHN2ZyB3aWR0aD0iMSIgaGVpZ2h0PSIxIiB4bWxucz0iaHR0cDovL3d3dy53My5vcmcvMjAwMC9zdmciPjwvc3ZnPg==\"><\/a><\/td><td class=\"has-text-align-center\" data-align=\"center\"><a href=\"https:\/\/www.barbie-secondlife.com\/br\/tag\/2020\/\"><img decoding=\"async\" width=\"150\" height=\"100\" class=\"wp-image-600401 lazyload\" style=\"--smush-placeholder-width: 150px; --smush-placeholder-aspect-ratio: 150\/100;width: 150px;\" data-src=\"https:\/\/www.barbie-secondlife.com\/wp-content\/uploads\/2024\/01\/Barbie_Annee_2020.png\" alt=\"Barbie Ann\u00e9e 2020\" src=\"data:image\/svg+xml;base64,PHN2ZyB3aWR0aD0iMSIgaGVpZ2h0PSIxIiB4bWxucz0iaHR0cDovL3d3dy53My5vcmcvMjAwMC9zdmciPjwvc3ZnPg==\"><\/a><\/td><td class=\"has-text-align-center\" data-align=\"center\"><a href=\"https:\/\/www.barbie-secondlife.com\/br\/tag\/2019\/\"><img decoding=\"async\" width=\"150\" height=\"100\" class=\"wp-image-600400 lazyload\" style=\"--smush-placeholder-width: 150px; --smush-placeholder-aspect-ratio: 150\/100;width: 150px;\" data-src=\"https:\/\/www.barbie-secondlife.com\/wp-content\/uploads\/2024\/01\/Barbie_Annee_2019.png\" alt=\"Barbie Ann\u00e9e 2019\" src=\"data:image\/svg+xml;base64,PHN2ZyB3aWR0aD0iMSIgaGVpZ2h0PSIxIiB4bWxucz0iaHR0cDovL3d3dy53My5vcmcvMjAwMC9zdmciPjwvc3ZnPg==\"><\/a><\/td><\/tr><tr><td class=\"has-text-align-center\" data-align=\"center\"><a href=\"https:\/\/www.barbie-secondlife.com\/br\/tag\/2018\/\"><img decoding=\"async\" width=\"150\" height=\"100\" class=\"wp-image-600399 lazyload\" style=\"--smush-placeholder-width: 150px; --smush-placeholder-aspect-ratio: 150\/100;width: 150px;\" data-src=\"https:\/\/www.barbie-secondlife.com\/wp-content\/uploads\/2024\/01\/Barbie_Annee_2018.png\" alt=\"Barbie Ann\u00e9e 2018\" src=\"data:image\/svg+xml;base64,PHN2ZyB3aWR0aD0iMSIgaGVpZ2h0PSIxIiB4bWxucz0iaHR0cDovL3d3dy53My5vcmcvMjAwMC9zdmciPjwvc3ZnPg==\"><\/a><\/td><td class=\"has-text-align-center\" data-align=\"center\"><a href=\"https:\/\/www.barbie-secondlife.com\/br\/tag\/2017\/\"><img decoding=\"async\" width=\"150\" height=\"100\" class=\"wp-image-600398 lazyload\" style=\"--smush-placeholder-width: 150px; --smush-placeholder-aspect-ratio: 150\/100;width: 150px;\" data-src=\"https:\/\/www.barbie-secondlife.com\/wp-content\/uploads\/2024\/01\/Barbie_Annee_2017.png\" alt=\"Barbie Ann\u00e9e 2017\" src=\"data:image\/svg+xml;base64,PHN2ZyB3aWR0aD0iMSIgaGVpZ2h0PSIxIiB4bWxucz0iaHR0cDovL3d3dy53My5vcmcvMjAwMC9zdmciPjwvc3ZnPg==\"><\/a><\/td><td class=\"has-text-align-center\" data-align=\"center\"><a href=\"https:\/\/www.barbie-secondlife.com\/br\/tag\/2016\/\"><img decoding=\"async\" width=\"150\" height=\"100\" class=\"wp-image-600397 lazyload\" style=\"--smush-placeholder-width: 150px; --smush-placeholder-aspect-ratio: 150\/100;width: 150px;\" data-src=\"https:\/\/www.barbie-secondlife.com\/wp-content\/uploads\/2024\/01\/Barbie_Annee_2016.png\" alt=\"Barbie Ann\u00e9e 2016\" src=\"data:image\/svg+xml;base64,PHN2ZyB3aWR0aD0iMSIgaGVpZ2h0PSIxIiB4bWxucz0iaHR0cDovL3d3dy53My5vcmcvMjAwMC9zdmciPjwvc3ZnPg==\"><\/a><\/td><\/tr><tr><td class=\"has-text-align-center\" data-align=\"center\"><a href=\"https:\/\/www.barbie-secondlife.com\/br\/tag\/2015\/\"><img decoding=\"async\" width=\"150\" height=\"100\" class=\"wp-image-600396 lazyload\" style=\"--smush-placeholder-width: 150px; --smush-placeholder-aspect-ratio: 150\/100;width: 150px;\" data-src=\"https:\/\/www.barbie-secondlife.com\/wp-content\/uploads\/2024\/01\/Barbie_Annee_2015.png\" alt=\"Barbie Ann\u00e9e 2015\" src=\"data:image\/svg+xml;base64,PHN2ZyB3aWR0aD0iMSIgaGVpZ2h0PSIxIiB4bWxucz0iaHR0cDovL3d3dy53My5vcmcvMjAwMC9zdmciPjwvc3ZnPg==\"><\/a><\/td><td class=\"has-text-align-center\" data-align=\"center\"><a href=\"https:\/\/www.barbie-secondlife.com\/br\/tag\/2014\/\"><img decoding=\"async\" width=\"150\" height=\"100\" class=\"wp-image-600395 lazyload\" style=\"--smush-placeholder-width: 150px; --smush-placeholder-aspect-ratio: 150\/100;width: 150px;\" data-src=\"https:\/\/www.barbie-secondlife.com\/wp-content\/uploads\/2024\/01\/Barbie_Annee_2014.png\" alt=\"Barbie Ann\u00e9e 2014\" src=\"data:image\/svg+xml;base64,PHN2ZyB3aWR0aD0iMSIgaGVpZ2h0PSIxIiB4bWxucz0iaHR0cDovL3d3dy53My5vcmcvMjAwMC9zdmciPjwvc3ZnPg==\"><\/a><\/td><td class=\"has-text-align-center\" data-align=\"center\"><a href=\"https:\/\/www.barbie-secondlife.com\/br\/tag\/2013\/\"><img decoding=\"async\" width=\"150\" height=\"100\" class=\"wp-image-600394 lazyload\" style=\"--smush-placeholder-width: 150px; --smush-placeholder-aspect-ratio: 150\/100;width: 150px;\" data-src=\"https:\/\/www.barbie-secondlife.com\/wp-content\/uploads\/2024\/01\/Barbie_Annee_2013.png\" alt=\"Barbie Ann\u00e9e 2013\" src=\"data:image\/svg+xml;base64,PHN2ZyB3aWR0aD0iMSIgaGVpZ2h0PSIxIiB4bWxucz0iaHR0cDovL3d3dy53My5vcmcvMjAwMC9zdmciPjwvc3ZnPg==\"><\/a><\/td><\/tr><tr><td class=\"has-text-align-center\" data-align=\"center\"><a href=\"https:\/\/www.barbie-secondlife.com\/br\/tag\/2012\/\"><img decoding=\"async\" width=\"150\" height=\"100\" class=\"wp-image-600393 lazyload\" style=\"--smush-placeholder-width: 150px; --smush-placeholder-aspect-ratio: 150\/100;width: 150px;\" data-src=\"https:\/\/www.barbie-secondlife.com\/wp-content\/uploads\/2024\/01\/Barbie_Annee_2012.png\" alt=\"Barbie Ann\u00e9e 2012\" src=\"data:image\/svg+xml;base64,PHN2ZyB3aWR0aD0iMSIgaGVpZ2h0PSIxIiB4bWxucz0iaHR0cDovL3d3dy53My5vcmcvMjAwMC9zdmciPjwvc3ZnPg==\"><\/a><\/td><td class=\"has-text-align-center\" data-align=\"center\"><a href=\"https:\/\/www.barbie-secondlife.com\/br\/tag\/2011\/\"><img decoding=\"async\" width=\"150\" height=\"100\" class=\"wp-image-600391 lazyload\" style=\"--smush-placeholder-width: 150px; --smush-placeholder-aspect-ratio: 150\/100;width: 150px;\" data-src=\"https:\/\/www.barbie-secondlife.com\/wp-content\/uploads\/2024\/01\/Barbie_Annee_2011.png\" alt=\"Barbie Ann\u00e9e 2011\" src=\"data:image\/svg+xml;base64,PHN2ZyB3aWR0aD0iMSIgaGVpZ2h0PSIxIiB4bWxucz0iaHR0cDovL3d3dy53My5vcmcvMjAwMC9zdmciPjwvc3ZnPg==\"><\/a><\/td><td class=\"has-text-align-center\" data-align=\"center\"><a href=\"https:\/\/www.barbie-secondlife.com\/br\/tag\/2010\/\"><img decoding=\"async\" width=\"150\" height=\"100\" class=\"wp-image-600390 lazyload\" style=\"--smush-placeholder-width: 150px; --smush-placeholder-aspect-ratio: 150\/100;width: 150px;\" data-src=\"https:\/\/www.barbie-secondlife.com\/wp-content\/uploads\/2024\/01\/Barbie_Annee_2010.png\" alt=\"Barbie Ann\u00e9e 2010\" src=\"data:image\/svg+xml;base64,PHN2ZyB3aWR0aD0iMSIgaGVpZ2h0PSIxIiB4bWxucz0iaHR0cDovL3d3dy53My5vcmcvMjAwMC9zdmciPjwvc3ZnPg==\"><\/a><\/td><\/tr><\/tbody><\/table><\/figure>\n\n\n\n<hr class=\"wp-block-separator has-alpha-channel-opacity\"\/>\n\n\n\n<figure class=\"wp-block-table\"><table><tbody><tr><td class=\"has-text-align-center\" data-align=\"center\"><a href=\"https:\/\/www.barbie-secondlife.com\/br\/tag\/2010-2019\/\"><img decoding=\"async\" width=\"150\" height=\"50\" class=\"wp-image-600408 lazyload\" style=\"--smush-placeholder-width: 150px; --smush-placeholder-aspect-ratio: 150\/50;width: 150px;\" data-src=\"https:\/\/www.barbie-secondlife.com\/wp-content\/uploads\/2024\/01\/Barbie_Annee_2010_2019.png\" alt=\"Barbie Ann\u00e9e 2010 - 2019\" data-srcset=\"https:\/\/www.barbie-secondlife.com\/wp-content\/uploads\/2024\/01\/Barbie_Annee_2010_2019.png 300w, https:\/\/www.barbie-secondlife.com\/wp-content\/uploads\/2024\/01\/Barbie_Annee_2010_2019-200x67.png 200w\" data-sizes=\"(max-width: 150px) 100vw, 150px\" src=\"data:image\/svg+xml;base64,PHN2ZyB3aWR0aD0iMSIgaGVpZ2h0PSIxIiB4bWxucz0iaHR0cDovL3d3dy53My5vcmcvMjAwMC9zdmciPjwvc3ZnPg==\" \/><\/a><\/td><td class=\"has-text-align-center\" data-align=\"center\"><a href=\"https:\/\/www.barbie-secondlife.com\/br\/tag\/2000-2009\/\"><img decoding=\"async\" width=\"150\" height=\"50\" class=\"wp-image-600402 lazyload\" style=\"--smush-placeholder-width: 150px; --smush-placeholder-aspect-ratio: 150\/50;width: 150px;\" data-src=\"https:\/\/www.barbie-secondlife.com\/wp-content\/uploads\/2024\/01\/Barbie_Annee_2000_2009.png\" alt=\"Barbie Ann\u00e9e 2000 - 2009\" data-srcset=\"https:\/\/www.barbie-secondlife.com\/wp-content\/uploads\/2024\/01\/Barbie_Annee_2000_2009.png 300w, https:\/\/www.barbie-secondlife.com\/wp-content\/uploads\/2024\/01\/Barbie_Annee_2000_2009-200x67.png 200w\" data-sizes=\"(max-width: 150px) 100vw, 150px\" src=\"data:image\/svg+xml;base64,PHN2ZyB3aWR0aD0iMSIgaGVpZ2h0PSIxIiB4bWxucz0iaHR0cDovL3d3dy53My5vcmcvMjAwMC9zdmciPjwvc3ZnPg==\" \/><\/a><\/td><\/tr><tr><td class=\"has-text-align-center\" data-align=\"center\"><a href=\"https:\/\/www.barbie-secondlife.com\/br\/tag\/1990-1999\/\"><img decoding=\"async\" width=\"150\" height=\"50\" class=\"wp-image-600403 lazyload\" style=\"--smush-placeholder-width: 150px; --smush-placeholder-aspect-ratio: 150\/50;width: 150px;\" data-src=\"https:\/\/www.barbie-secondlife.com\/wp-content\/uploads\/2024\/01\/Barbie_Annee_1990_1999.png\" alt=\"Barbie Ann\u00e9e 1990 - 1999\" data-srcset=\"https:\/\/www.barbie-secondlife.com\/wp-content\/uploads\/2024\/01\/Barbie_Annee_1990_1999.png 300w, https:\/\/www.barbie-secondlife.com\/wp-content\/uploads\/2024\/01\/Barbie_Annee_1990_1999-200x67.png 200w\" data-sizes=\"(max-width: 150px) 100vw, 150px\" src=\"data:image\/svg+xml;base64,PHN2ZyB3aWR0aD0iMSIgaGVpZ2h0PSIxIiB4bWxucz0iaHR0cDovL3d3dy53My5vcmcvMjAwMC9zdmciPjwvc3ZnPg==\" \/><\/a><\/td><td class=\"has-text-align-center\" data-align=\"center\"><a href=\"https:\/\/www.barbie-secondlife.com\/br\/tag\/1980-1989\/\"><img decoding=\"async\" width=\"150\" height=\"50\" class=\"wp-image-600407 lazyload\" style=\"--smush-placeholder-width: 150px; --smush-placeholder-aspect-ratio: 150\/50;width: 150px;\" data-src=\"https:\/\/www.barbie-secondlife.com\/wp-content\/uploads\/2024\/01\/Barbie_Annee_1980_1989.png\" alt=\"Barbie Ann\u00e9e 1980 - 1989\" data-srcset=\"https:\/\/www.barbie-secondlife.com\/wp-content\/uploads\/2024\/01\/Barbie_Annee_1980_1989.png 300w, https:\/\/www.barbie-secondlife.com\/wp-content\/uploads\/2024\/01\/Barbie_Annee_1980_1989-200x67.png 200w\" data-sizes=\"(max-width: 150px) 100vw, 150px\" src=\"data:image\/svg+xml;base64,PHN2ZyB3aWR0aD0iMSIgaGVpZ2h0PSIxIiB4bWxucz0iaHR0cDovL3d3dy53My5vcmcvMjAwMC9zdmciPjwvc3ZnPg==\" \/><\/a><\/td><\/tr><\/tbody><\/table><\/figure>\n\n\n\n<p><\/p>\n","protected":false},"excerpt":{"rendered":"<p>Barbie ao longo dos anos Essa estatueta que sempre conhecemos, que n\u00e3o envelhece, tem uma hist\u00f3ria. Barbie nasceu em 1959 nos Estados Unidos. Sua criadora, Ruth Handler, esposa de Elliot Handler, cofundadora do grupo de brinquedos Mattel, teve essa id\u00e9ia quando viu sua filha Barbara brincando com bonecas de papel. Como muitas crian\u00e7as, ela se [&hellip;]<\/p>\n","protected":false},"author":1,"featured_media":12268,"parent":0,"menu_order":0,"comment_status":"closed","ping_status":"closed","template":"","meta":{"footnotes":""},"class_list":["post-4916","page","type-page","status-publish","has-post-thumbnail","hentry"],"translation":{"provider":"WPGlobus","version":"3.0.2","language":"br","enabled_languages":["fr","en","es","br","de"],"languages":{"fr":{"title":true,"content":true,"excerpt":false},"en":{"title":true,"content":true,"excerpt":false},"es":{"title":true,"content":true,"excerpt":false},"br":{"title":true,"content":true,"excerpt":false},"de":{"title":true,"content":true,"excerpt":false}}},"_links":{"self":[{"href":"https:\/\/www.barbie-secondlife.com\/br\/wp-json\/wp\/v2\/pages\/4916","targetHints":{"allow":["GET"]}}],"collection":[{"href":"https:\/\/www.barbie-secondlife.com\/br\/wp-json\/wp\/v2\/pages"}],"about":[{"href":"https:\/\/www.barbie-secondlife.com\/br\/wp-json\/wp\/v2\/types\/page"}],"author":[{"embeddable":true,"href":"https:\/\/www.barbie-secondlife.com\/br\/wp-json\/wp\/v2\/users\/1"}],"replies":[{"embeddable":true,"href":"https:\/\/www.barbie-secondlife.com\/br\/wp-json\/wp\/v2\/comments?post=4916"}],"version-history":[{"count":15,"href":"https:\/\/www.barbie-secondlife.com\/br\/wp-json\/wp\/v2\/pages\/4916\/revisions"}],"predecessor-version":[{"id":607837,"href":"https:\/\/www.barbie-secondlife.com\/br\/wp-json\/wp\/v2\/pages\/4916\/revisions\/607837"}],"wp:featuredmedia":[{"embeddable":true,"href":"https:\/\/www.barbie-secondlife.com\/br\/wp-json\/wp\/v2\/media\/12268"}],"wp:attachment":[{"href":"https:\/\/www.barbie-secondlife.com\/br\/wp-json\/wp\/v2\/media?parent=4916"}],"curies":[{"name":"wp","href":"https:\/\/api.w.org\/{rel}","templated":true}]}}