{"id":5032,"date":"2017-02-04T23:24:25","date_gmt":"2017-02-04T22:24:25","guid":{"rendered":"http:\/\/www.barbie-secondlife.com\/?page_id=5032"},"modified":"2022-09-19T22:24:44","modified_gmt":"2022-09-19T20:24:44","slug":"concours-miss-barbie-2017","status":"publish","type":"page","link":"https:\/\/www.barbie-secondlife.com\/br\/evenements\/concours-miss-barbie-2017\/","title":{"rendered":"Miss Barbie World 2017"},"content":{"rendered":"\n<h2 class=\"wp-block-heading\"><strong><em>Miss Barbie World 2017<\/em><\/strong><\/h2>\n\n\n\n<p>Participar no primeiro concurso de&nbsp;<span style=\"color: #e67fb9;\"><strong>Miss Barbie World 2017<\/strong><\/span>, clique em um dos seguintes eventos para eleger o primeiro continente <strong>Miss Barbie<\/strong>.<br>A primeira elei\u00e7\u00e3o foi realizada no&nbsp;<strong>Rio de Janeiro<\/strong> para eleger uma&nbsp;<span style=\"color: #e67fb9;\"><strong>Miss Barbie South America 2017<\/strong><\/span>. As outras elei\u00e7\u00f5es se seguir\u00e3o.<br>Em seguida, a Miss e sua&nbsp;primeira princesa&nbsp;na regi\u00e3o vai para <strong>London<\/strong>&nbsp;para o&nbsp;<span style=\"color: #e67fb9;\"><strong>Miss Barbie World 2017<\/strong><\/span>.<\/p>\n\n\n\n<hr class=\"wp-block-separator has-css-opacity\"\/>\n\n\n\n<p class=\"has-text-align-center has-text-color\" style=\"color:#e67fb9;font-size:30px\"><a href=\"https:\/\/www.barbie-secondlife.com\/concours-miss-barbie-2017\/miss-barbie-world-2017-finale\/\"><strong>Miss Barbie World 2017 &#8211; Finale<\/strong><\/a><\/p>\n\n\n\n<figure class=\"wp-block-table\"><table><tbody><tr><td class=\"has-text-align-center\" data-align=\"center\"><a href=\"https:\/\/www.barbie-secondlife.com\/concours-miss-barbie-2017\/miss-barbie-world-2017-finale\/\"><img decoding=\"async\" title=\"Miss Barbie World 2017\" width=\"600\" height=\"337\" class=\"aligncenter wp-image-7178 size-full lazyload\" data-src=\"https:\/\/www.barbie-secondlife.com\/wp-content\/uploads\/2017\/02\/MissBarbieFinale_Londres2.jpg\" alt=\"Miss Barbie World 2017\" data-srcset=\"https:\/\/www.barbie-secondlife.com\/wp-content\/uploads\/2017\/02\/MissBarbieFinale_Londres2.jpg 600w, https:\/\/www.barbie-secondlife.com\/wp-content\/uploads\/2017\/02\/MissBarbieFinale_Londres2-302x170.jpg 302w, https:\/\/www.barbie-secondlife.com\/wp-content\/uploads\/2017\/02\/MissBarbieFinale_Londres2-200x112.jpg 200w, https:\/\/www.barbie-secondlife.com\/wp-content\/uploads\/2017\/02\/MissBarbieFinale_Londres2-500x281.jpg 500w, https:\/\/www.barbie-secondlife.com\/wp-content\/uploads\/2017\/02\/MissBarbieFinale_Londres2-350x197.jpg 350w, https:\/\/www.barbie-secondlife.com\/wp-content\/uploads\/2017\/02\/MissBarbieFinale_Londres2-300x169.jpg 300w\" data-sizes=\"(max-width: 600px) 100vw, 600px\" src=\"data:image\/svg+xml;base64,PHN2ZyB3aWR0aD0iMSIgaGVpZ2h0PSIxIiB4bWxucz0iaHR0cDovL3d3dy53My5vcmcvMjAwMC9zdmciPjwvc3ZnPg==\" style=\"--smush-placeholder-width: 600px; --smush-placeholder-aspect-ratio: 600\/337;\" \/><\/a><\/td><td class=\"has-text-align-center\" data-align=\"center\"><a style=\"font-size: 1.56em; font-weight: 600; font-family: inherit;\" href=\"https:\/\/www.barbie-secondlife.com\/concours-miss-barbie-2017\/miss-barbie-world-2017-finale\/\"><img decoding=\"async\" title=\"Ximena - Miss Barbie World 2017\" width=\"350\" height=\"339\" class=\"aligncenter wp-image-8818 lazyload\" data-src=\"https:\/\/www.barbie-secondlife.com\/wp-content\/uploads\/2017\/02\/Ximena_Cadre-300x290.png\" alt=\"Ximena - Miss Barbie World 2017\" data-srcset=\"https:\/\/www.barbie-secondlife.com\/wp-content\/uploads\/2017\/02\/Ximena_Cadre-300x290.png 300w, https:\/\/www.barbie-secondlife.com\/wp-content\/uploads\/2017\/02\/Ximena_Cadre-302x292.png 302w, https:\/\/www.barbie-secondlife.com\/wp-content\/uploads\/2017\/02\/Ximena_Cadre-200x194.png 200w, https:\/\/www.barbie-secondlife.com\/wp-content\/uploads\/2017\/02\/Ximena_Cadre-310x300.png 310w, https:\/\/www.barbie-secondlife.com\/wp-content\/uploads\/2017\/02\/Ximena_Cadre-350x339.png 350w, https:\/\/www.barbie-secondlife.com\/wp-content\/uploads\/2017\/02\/Ximena_Cadre.png 400w\" data-sizes=\"(max-width: 350px) 100vw, 350px\" src=\"data:image\/svg+xml;base64,PHN2ZyB3aWR0aD0iMSIgaGVpZ2h0PSIxIiB4bWxucz0iaHR0cDovL3d3dy53My5vcmcvMjAwMC9zdmciPjwvc3ZnPg==\" style=\"--smush-placeholder-width: 350px; --smush-placeholder-aspect-ratio: 350\/339;\" \/><\/a><\/td><\/tr><\/tbody><\/table><\/figure>\n\n\n\n<hr class=\"wp-block-separator has-css-opacity\"\/>\n\n\n\n<p class=\"has-text-align-center has-text-color\" style=\"color:#e67fb9;font-size:30px\"><strong><a href=\"https:\/\/www.barbie-secondlife.com\/br\/evenements\/concours-miss-barbie-2017\/miss-barbie-world-2017-12-finalistes\/\">Miss Barbie World 2017 &#8211; 1\/2 Finale<\/a><\/strong><\/p>\n\n\n\n<figure class=\"wp-block-table\"><table><tbody><tr><td class=\"has-text-align-center\" data-align=\"center\"><a href=\"https:\/\/www.barbie-secondlife.com\/br\/evenements\/concours-miss-barbie-2017\/miss-barbie-world-2017-12-finalistes\/\"><img decoding=\"async\" width=\"600\" height=\"337\" class=\"wp-image-7202 lazyload\" style=\"--smush-placeholder-width: 600px; --smush-placeholder-aspect-ratio: 600\/337;width: px;\" data-src=\"https:\/\/www.barbie-secondlife.com\/wp-content\/uploads\/2017\/05\/MissBarbieDemieFinale_Londres.jpg\" alt=\"Miss Barbie World 2017\" data-srcset=\"https:\/\/www.barbie-secondlife.com\/wp-content\/uploads\/2017\/05\/MissBarbieDemieFinale_Londres.jpg 600w, https:\/\/www.barbie-secondlife.com\/wp-content\/uploads\/2017\/05\/MissBarbieDemieFinale_Londres-302x170.jpg 302w, https:\/\/www.barbie-secondlife.com\/wp-content\/uploads\/2017\/05\/MissBarbieDemieFinale_Londres-200x112.jpg 200w, https:\/\/www.barbie-secondlife.com\/wp-content\/uploads\/2017\/05\/MissBarbieDemieFinale_Londres-500x281.jpg 500w, https:\/\/www.barbie-secondlife.com\/wp-content\/uploads\/2017\/05\/MissBarbieDemieFinale_Londres-350x197.jpg 350w, https:\/\/www.barbie-secondlife.com\/wp-content\/uploads\/2017\/05\/MissBarbieDemieFinale_Londres-300x169.jpg 300w\" data-sizes=\"(max-width: 600px) 100vw, 600px\" src=\"data:image\/svg+xml;base64,PHN2ZyB3aWR0aD0iMSIgaGVpZ2h0PSIxIiB4bWxucz0iaHR0cDovL3d3dy53My5vcmcvMjAwMC9zdmciPjwvc3ZnPg==\" \/><\/a><a href=\"https:\/\/www.barbie-secondlife.com\/br\/evenements\/concours-miss-barbie-2017\/miss-barbie-world-2017-12-finalistes\/\"><\/a><\/td><td class=\"has-text-align-center\" data-align=\"center\"><a href=\"https:\/\/www.barbie-secondlife.com\/br\/evenements\/concours-miss-barbie-2017\/miss-barbie-world-2017-12-finalistes\/\"><img decoding=\"async\" width=\"300\" height=\"249\" class=\"wp-image-24463 lazyload\" style=\"--smush-placeholder-width: 300px; --smush-placeholder-aspect-ratio: 300\/249;width: px;\" data-src=\"https:\/\/www.barbie-secondlife.com\/wp-content\/uploads\/2020\/04\/Finaliste2017-e1587657168768.jpg\" alt=\"Barbie World 2017 Finalistes\" data-srcset=\"https:\/\/www.barbie-secondlife.com\/wp-content\/uploads\/2020\/04\/Finaliste2017-e1587657168768.jpg 300w, https:\/\/www.barbie-secondlife.com\/wp-content\/uploads\/2020\/04\/Finaliste2017-e1587657168768-200x166.jpg 200w\" data-sizes=\"(max-width: 300px) 100vw, 300px\" src=\"data:image\/svg+xml;base64,PHN2ZyB3aWR0aD0iMSIgaGVpZ2h0PSIxIiB4bWxucz0iaHR0cDovL3d3dy53My5vcmcvMjAwMC9zdmciPjwvc3ZnPg==\" \/><\/a><h3 style=\"text-align: center;\"><\/h3><\/td><\/tr><\/tbody><\/table><\/figure>\n\n\n\n<hr class=\"wp-block-separator has-css-opacity\"\/>\n\n\n\n<p class=\"has-text-align-center has-text-color\" style=\"color:#e67fb9;font-size:30px\"><strong><a href=\"https:\/\/www.barbie-secondlife.com\/concours-miss-barbie-2017\/concours-miss-barbie-2017-amerique-sud\/\">Miss Barbie South America 2017<\/a><\/strong><\/p>\n\n\n\n<figure class=\"wp-block-table\"><table><tbody><tr><td class=\"has-text-align-center\" data-align=\"center\"><a href=\"https:\/\/www.barbie-secondlife.com\/concours-miss-barbie-2017\/concours-miss-barbie-2017-amerique-sud\/\"><img decoding=\"async\" width=\"600\" height=\"337\" data-src=\"https:\/\/www.barbie-secondlife.com\/wp-content\/uploads\/2017\/03\/MissBarbieAmeriqueSud.jpg\" alt=\"Miss Barbie South America 2017\" src=\"data:image\/svg+xml;base64,PHN2ZyB3aWR0aD0iMSIgaGVpZ2h0PSIxIiB4bWxucz0iaHR0cDovL3d3dy53My5vcmcvMjAwMC9zdmciPjwvc3ZnPg==\" class=\"lazyload\" style=\"--smush-placeholder-width: 600px; --smush-placeholder-aspect-ratio: 600\/337;\"><\/a><a href=\"https:\/\/www.barbie-secondlife.com\/br\/evenements\/concours-miss-barbie-2017\/miss-barbie-world-2017-12-finalistes\/\"><\/a><\/td><td class=\"has-text-align-center\" data-align=\"center\"><br><a href=\"https:\/\/www.barbie-secondlife.com\/concours-miss-barbie-2017\/concours-miss-barbie-2017-amerique-sud\/\"><img decoding=\"async\" width=\"228\" height=\"337\" data-src=\"https:\/\/www.barbie-secondlife.com\/wp-content\/uploads\/2017\/02\/MissSouthAmerica2017_petite.jpg\" alt=\"Miss Barbie South America 2017\" src=\"data:image\/svg+xml;base64,PHN2ZyB3aWR0aD0iMSIgaGVpZ2h0PSIxIiB4bWxucz0iaHR0cDovL3d3dy53My5vcmcvMjAwMC9zdmciPjwvc3ZnPg==\" class=\"lazyload\" style=\"--smush-placeholder-width: 228px; --smush-placeholder-aspect-ratio: 228\/337;\"><\/a><h3 style=\"text-align: center;\"><\/h3><\/td><\/tr><\/tbody><\/table><\/figure>\n\n\n\n<hr class=\"wp-block-separator has-css-opacity\"\/>\n\n\n\n<p class=\"has-text-align-center has-text-color\" style=\"color:#e67fb9;font-size:30px\"><strong><a href=\"https:\/\/www.barbie-secondlife.com\/br\/evenements\/concours-miss-barbie-2017\/concours-miss-barbie-2017-asie\/\">Miss Barbie Asia 2017<\/a><\/strong><\/p>\n\n\n\n<figure class=\"wp-block-table\"><table><tbody><tr><td class=\"has-text-align-center\" data-align=\"center\"><a href=\"https:\/\/www.barbie-secondlife.com\/br\/evenements\/concours-miss-barbie-2017\/concours-miss-barbie-2017-asie\/\"><img decoding=\"async\" width=\"600\" height=\"337\" data-src=\"https:\/\/www.barbie-secondlife.com\/wp-content\/uploads\/2017\/02\/MissBarbieAsie.jpg\" alt=\"Miss Barbie Asie 2017\" src=\"data:image\/svg+xml;base64,PHN2ZyB3aWR0aD0iMSIgaGVpZ2h0PSIxIiB4bWxucz0iaHR0cDovL3d3dy53My5vcmcvMjAwMC9zdmciPjwvc3ZnPg==\" class=\"lazyload\" style=\"--smush-placeholder-width: 600px; --smush-placeholder-aspect-ratio: 600\/337;\"><\/a><a href=\"https:\/\/www.barbie-secondlife.com\/br\/evenements\/concours-miss-barbie-2017\/miss-barbie-world-2017-12-finalistes\/\"><\/a><\/td><td class=\"has-text-align-center\" data-align=\"center\"><br><a href=\"https:\/\/www.barbie-secondlife.com\/br\/evenements\/concours-miss-barbie-2017\/concours-miss-barbie-2017-asie\/\"><img decoding=\"async\" width=\"228\" height=\"337\" data-src=\"https:\/\/www.barbie-secondlife.com\/wp-content\/uploads\/2017\/03\/MissBarbieWord-Asia_petite.jpg\" alt=\"Miss Barbie Asia 2017\" src=\"data:image\/svg+xml;base64,PHN2ZyB3aWR0aD0iMSIgaGVpZ2h0PSIxIiB4bWxucz0iaHR0cDovL3d3dy53My5vcmcvMjAwMC9zdmciPjwvc3ZnPg==\" class=\"lazyload\" style=\"--smush-placeholder-width: 228px; --smush-placeholder-aspect-ratio: 228\/337;\"><\/a><h3 style=\"text-align: center;\"><\/h3><\/td><\/tr><\/tbody><\/table><\/figure>\n\n\n\n<hr class=\"wp-block-separator has-css-opacity\"\/>\n\n\n\n<p class=\"has-text-align-center has-text-color\" style=\"color:#e67fb9;font-size:30px\"><strong><a href=\"https:\/\/www.barbie-secondlife.com\/br\/evenements\/concours-miss-barbie-2017\/concours-miss-barbie-2017-amerique-nord-centrale\/\">Miss Barbie North &amp; C. America 2017<\/a><\/strong><\/p>\n\n\n\n<figure class=\"wp-block-table\"><table><tbody><tr><td class=\"has-text-align-center\" data-align=\"center\"><a href=\"https:\/\/www.barbie-secondlife.com\/br\/evenements\/concours-miss-barbie-2017\/concours-miss-barbie-2017-amerique-nord-centrale\/\"><img decoding=\"async\" width=\"600\" height=\"337\" data-src=\"https:\/\/www.barbie-secondlife.com\/wp-content\/uploads\/2017\/02\/MissBarbieAmeriqueNord.jpg\" alt=\"Miss Barbie Amerique du Nord et Centrale 2017\" src=\"data:image\/svg+xml;base64,PHN2ZyB3aWR0aD0iMSIgaGVpZ2h0PSIxIiB4bWxucz0iaHR0cDovL3d3dy53My5vcmcvMjAwMC9zdmciPjwvc3ZnPg==\" class=\"lazyload\" style=\"--smush-placeholder-width: 600px; --smush-placeholder-aspect-ratio: 600\/337;\"><\/a><a href=\"https:\/\/www.barbie-secondlife.com\/br\/evenements\/concours-miss-barbie-2017\/miss-barbie-world-2017-12-finalistes\/\"><\/a><\/td><td class=\"has-text-align-center\" data-align=\"center\"><br><a href=\"https:\/\/www.barbie-secondlife.com\/br\/evenements\/concours-miss-barbie-2017\/concours-miss-barbie-2017-amerique-nord-centrale\/\"><img decoding=\"async\" width=\"228\" height=\"337\" data-src=\"https:\/\/www.barbie-secondlife.com\/wp-content\/uploads\/2017\/03\/MissNorthAmerica2017_petite.jpg\" alt=\"Miss Barbie North &amp; Central America 2017\" src=\"data:image\/svg+xml;base64,PHN2ZyB3aWR0aD0iMSIgaGVpZ2h0PSIxIiB4bWxucz0iaHR0cDovL3d3dy53My5vcmcvMjAwMC9zdmciPjwvc3ZnPg==\" class=\"lazyload\" style=\"--smush-placeholder-width: 228px; --smush-placeholder-aspect-ratio: 228\/337;\"><\/a><br><h3 style=\"text-align: center;\"><\/h3><\/td><\/tr><\/tbody><\/table><\/figure>\n\n\n\n<hr class=\"wp-block-separator has-css-opacity\"\/>\n\n\n\n<p class=\"has-text-align-center has-text-color\" style=\"color:#e67fb9;font-size:30px\"><strong><a href=\"https:\/\/www.barbie-secondlife.com\/br\/evenements\/concours-miss-barbie-2017\/concours-miss-barbie-2017-afrique\/\">Miss Barbie Africa 2017<\/a><\/strong><\/p>\n\n\n\n<figure class=\"wp-block-table\"><table><tbody><tr><td class=\"has-text-align-center\" data-align=\"center\"><a href=\"https:\/\/www.barbie-secondlife.com\/concours-miss-barbie-2017\/concours-miss-barbie-2017-amerique-sud\/\"><\/a><a href=\"https:\/\/www.barbie-secondlife.com\/br\/evenements\/concours-miss-barbie-2017\/concours-miss-barbie-2017-afrique\/\"><img decoding=\"async\" width=\"600\" height=\"337\" data-src=\"https:\/\/www.barbie-secondlife.com\/wp-content\/uploads\/2017\/02\/MissBarbieAfrique.jpg\" alt=\"Miss Barbie Afrique 2017\" src=\"data:image\/svg+xml;base64,PHN2ZyB3aWR0aD0iMSIgaGVpZ2h0PSIxIiB4bWxucz0iaHR0cDovL3d3dy53My5vcmcvMjAwMC9zdmciPjwvc3ZnPg==\" class=\"lazyload\" style=\"--smush-placeholder-width: 600px; --smush-placeholder-aspect-ratio: 600\/337;\"><\/a><a href=\"https:\/\/www.barbie-secondlife.com\/br\/evenements\/concours-miss-barbie-2017\/miss-barbie-world-2017-12-finalistes\/\"><\/a><\/td><td class=\"has-text-align-center\" data-align=\"center\"><br><a href=\"https:\/\/www.barbie-secondlife.com\/concours-miss-barbie-2017\/concours-miss-barbie-2017-amerique-sud\/\"><\/a><a href=\"https:\/\/www.barbie-secondlife.com\/br\/evenements\/concours-miss-barbie-2017\/concours-miss-barbie-2017-afrique\/\"><img decoding=\"async\" width=\"228\" height=\"337\" data-src=\"https:\/\/www.barbie-secondlife.com\/wp-content\/uploads\/2017\/03\/MissBarbieWord-Africa2017_coralie_petite.jpg\" alt=\"Miss Barbie Africa 2017\" src=\"data:image\/svg+xml;base64,PHN2ZyB3aWR0aD0iMSIgaGVpZ2h0PSIxIiB4bWxucz0iaHR0cDovL3d3dy53My5vcmcvMjAwMC9zdmciPjwvc3ZnPg==\" class=\"lazyload\" style=\"--smush-placeholder-width: 228px; --smush-placeholder-aspect-ratio: 228\/337;\"><\/a><h3 style=\"text-align: center;\"><\/h3><\/td><\/tr><\/tbody><\/table><\/figure>\n\n\n\n<hr class=\"wp-block-separator has-css-opacity\"\/>\n\n\n\n<p class=\"has-text-align-center has-text-color\" style=\"color:#e67fb9;font-size:30px\"><strong><a href=\"https:\/\/www.barbie-secondlife.com\/br\/evenements\/concours-miss-barbie-2017\/concours-miss-barbie-2017-oceanie\/\">Miss Barbie Oceania 2017<\/a><\/strong><\/p>\n\n\n\n<figure class=\"wp-block-table\"><table><tbody><tr><td class=\"has-text-align-center\" data-align=\"center\"><a href=\"https:\/\/www.barbie-secondlife.com\/concours-miss-barbie-2017\/concours-miss-barbie-2017-amerique-sud\/\"><\/a><a href=\"https:\/\/www.barbie-secondlife.com\/br\/evenements\/concours-miss-barbie-2017\/concours-miss-barbie-2017-oceanie\/\"><img decoding=\"async\" width=\"600\" height=\"337\" data-src=\"https:\/\/www.barbie-secondlife.com\/wp-content\/uploads\/2017\/02\/MissBarbieOceanie.jpg\" alt=\"Miss Barbie Oc\u00e9anie 2017\" src=\"data:image\/svg+xml;base64,PHN2ZyB3aWR0aD0iMSIgaGVpZ2h0PSIxIiB4bWxucz0iaHR0cDovL3d3dy53My5vcmcvMjAwMC9zdmciPjwvc3ZnPg==\" class=\"lazyload\" style=\"--smush-placeholder-width: 600px; --smush-placeholder-aspect-ratio: 600\/337;\"><\/a><a href=\"https:\/\/www.barbie-secondlife.com\/br\/evenements\/concours-miss-barbie-2017\/miss-barbie-world-2017-12-finalistes\/\"><\/a><\/td><td class=\"has-text-align-center\" data-align=\"center\"><br><a href=\"https:\/\/www.barbie-secondlife.com\/br\/evenements\/concours-miss-barbie-2017\/concours-miss-barbie-2017-oceanie\/\"><img decoding=\"async\" width=\"228\" height=\"337\" data-src=\"https:\/\/www.barbie-secondlife.com\/wp-content\/uploads\/2017\/02\/MissBarbieWord-Oceania_Mareva_petite.jpg\" alt=\"Miss Barbie Oceania 2017\" src=\"data:image\/svg+xml;base64,PHN2ZyB3aWR0aD0iMSIgaGVpZ2h0PSIxIiB4bWxucz0iaHR0cDovL3d3dy53My5vcmcvMjAwMC9zdmciPjwvc3ZnPg==\" class=\"lazyload\" style=\"--smush-placeholder-width: 228px; --smush-placeholder-aspect-ratio: 228\/337;\"><\/a><h3 style=\"text-align: center;\"><\/h3><\/td><\/tr><\/tbody><\/table><\/figure>\n\n\n\n<hr class=\"wp-block-separator has-css-opacity\"\/>\n\n\n\n<p class=\"has-text-align-center has-text-color\" style=\"color:#e67fb9;font-size:30px\"><strong><a href=\"https:\/\/www.barbie-secondlife.com\/br\/evenements\/concours-miss-barbie-2017\/concours-miss-barbie-2017-europe-de-lest\/\">Miss Barbie East Europe 2017<\/a><\/strong><\/p>\n\n\n\n<figure class=\"wp-block-table\"><table><tbody><tr><td class=\"has-text-align-center\" data-align=\"center\"><a href=\"https:\/\/www.barbie-secondlife.com\/concours-miss-barbie-2017\/concours-miss-barbie-2017-amerique-sud\/\"><\/a><a href=\"https:\/\/www.barbie-secondlife.com\/br\/evenements\/concours-miss-barbie-2017\/concours-miss-barbie-2017-europe-de-lest\/\"><img decoding=\"async\" width=\"600\" height=\"337\" data-src=\"https:\/\/www.barbie-secondlife.com\/wp-content\/uploads\/2017\/02\/MissBarbieEuropeEst.jpg\" alt=\"Miss Barbie Europe de l'Est 2017\" src=\"data:image\/svg+xml;base64,PHN2ZyB3aWR0aD0iMSIgaGVpZ2h0PSIxIiB4bWxucz0iaHR0cDovL3d3dy53My5vcmcvMjAwMC9zdmciPjwvc3ZnPg==\" class=\"lazyload\" style=\"--smush-placeholder-width: 600px; --smush-placeholder-aspect-ratio: 600\/337;\"><\/a><a href=\"https:\/\/www.barbie-secondlife.com\/br\/evenements\/concours-miss-barbie-2017\/miss-barbie-world-2017-12-finalistes\/\"><\/a><\/td><td class=\"has-text-align-center\" data-align=\"center\"><br><a href=\"https:\/\/www.barbie-secondlife.com\/concours-miss-barbie-2017\/concours-miss-barbie-2017-amerique-sud\/\"><\/a><a href=\"https:\/\/www.barbie-secondlife.com\/br\/evenements\/concours-miss-barbie-2017\/concours-miss-barbie-2017-europe-de-lest\/\"><img decoding=\"async\" width=\"228\" height=\"337\" data-src=\"https:\/\/www.barbie-secondlife.com\/wp-content\/uploads\/2017\/04\/MissBarbieWord-eastEurope_Tina_petite.jpg\" alt=\"Miss Barbie East Europe 2017\" src=\"data:image\/svg+xml;base64,PHN2ZyB3aWR0aD0iMSIgaGVpZ2h0PSIxIiB4bWxucz0iaHR0cDovL3d3dy53My5vcmcvMjAwMC9zdmciPjwvc3ZnPg==\" class=\"lazyload\" style=\"--smush-placeholder-width: 228px; --smush-placeholder-aspect-ratio: 228\/337;\"><\/a><h3 style=\"text-align: center;\"><\/h3><\/td><\/tr><\/tbody><\/table><\/figure>\n\n\n\n<hr class=\"wp-block-separator has-css-opacity\"\/>\n\n\n\n<p class=\"has-text-align-center has-text-color\" style=\"color:#e67fb9;font-size:30px\"><strong><a href=\"https:\/\/www.barbie-secondlife.com\/br\/evenements\/concours-miss-barbie-2017\/concours-miss-barbie-2017-europe-de-louest\/\">Miss Barbie West Europe 2017<\/a><\/strong><\/p>\n\n\n\n<figure class=\"wp-block-table\"><table><tbody><tr><td class=\"has-text-align-center\" data-align=\"center\"><a href=\"https:\/\/www.barbie-secondlife.com\/concours-miss-barbie-2017\/concours-miss-barbie-2017-amerique-sud\/\"><\/a><a href=\"https:\/\/www.barbie-secondlife.com\/br\/evenements\/concours-miss-barbie-2017\/concours-miss-barbie-2017-europe-de-louest\/\"><img decoding=\"async\" width=\"600\" height=\"337\" data-src=\"https:\/\/www.barbie-secondlife.com\/wp-content\/uploads\/2017\/02\/MissBarbieEuropeOuest.jpg\" alt=\"Miss Barbie Europe de l'Ouest 2017\" src=\"data:image\/svg+xml;base64,PHN2ZyB3aWR0aD0iMSIgaGVpZ2h0PSIxIiB4bWxucz0iaHR0cDovL3d3dy53My5vcmcvMjAwMC9zdmciPjwvc3ZnPg==\" class=\"lazyload\" style=\"--smush-placeholder-width: 600px; --smush-placeholder-aspect-ratio: 600\/337;\"><\/a><a href=\"https:\/\/www.barbie-secondlife.com\/br\/evenements\/concours-miss-barbie-2017\/miss-barbie-world-2017-12-finalistes\/\"><\/a><\/td><td class=\"has-text-align-center\" data-align=\"center\"><br><a href=\"https:\/\/www.barbie-secondlife.com\/concours-miss-barbie-2017\/concours-miss-barbie-2017-amerique-sud\/\"><\/a><a href=\"https:\/\/www.barbie-secondlife.com\/br\/evenements\/concours-miss-barbie-2017\/concours-miss-barbie-2017-europe-de-louest\/\"><img decoding=\"async\" width=\"228\" height=\"337\" data-src=\"https:\/\/www.barbie-secondlife.com\/wp-content\/uploads\/2017\/02\/MissBarbieWord-WestEurope_Marion_petite.jpg\" alt=\"Miss Barbie West Europe 2017\" src=\"data:image\/svg+xml;base64,PHN2ZyB3aWR0aD0iMSIgaGVpZ2h0PSIxIiB4bWxucz0iaHR0cDovL3d3dy53My5vcmcvMjAwMC9zdmciPjwvc3ZnPg==\" class=\"lazyload\" style=\"--smush-placeholder-width: 228px; --smush-placeholder-aspect-ratio: 228\/337;\"><\/a><h3 style=\"text-align: center;\"><\/h3><\/td><\/tr><\/tbody><\/table><\/figure>\n\n\n\n<hr class=\"wp-block-separator has-css-opacity\"\/>\n\n\n\n<p><\/p>\n","protected":false},"excerpt":{"rendered":"<p>Miss Barbie World 2017 Participar no primeiro concurso de&nbsp;Miss Barbie World 2017, clique em um dos seguintes eventos para eleger o primeiro continente Miss Barbie.A primeira elei\u00e7\u00e3o foi realizada no&nbsp;Rio de Janeiro para eleger uma&nbsp;Miss Barbie South America 2017. As outras elei\u00e7\u00f5es se seguir\u00e3o.Em seguida, a Miss e sua&nbsp;primeira princesa&nbsp;na regi\u00e3o vai para London&nbsp;para o&nbsp;Miss [&hellip;]<\/p>\n","protected":false},"author":1,"featured_media":13644,"parent":10511,"menu_order":0,"comment_status":"closed","ping_status":"closed","template":"","meta":{"footnotes":""},"class_list":["post-5032","page","type-page","status-publish","has-post-thumbnail","hentry"],"translation":{"provider":"WPGlobus","version":"3.0.2","language":"br","enabled_languages":["fr","en","es","br","de"],"languages":{"fr":{"title":true,"content":true,"excerpt":false},"en":{"title":true,"content":true,"excerpt":false},"es":{"title":true,"content":true,"excerpt":false},"br":{"title":true,"content":true,"excerpt":false},"de":{"title":true,"content":true,"excerpt":false}}},"_links":{"self":[{"href":"https:\/\/www.barbie-secondlife.com\/br\/wp-json\/wp\/v2\/pages\/5032","targetHints":{"allow":["GET"]}}],"collection":[{"href":"https:\/\/www.barbie-secondlife.com\/br\/wp-json\/wp\/v2\/pages"}],"about":[{"href":"https:\/\/www.barbie-secondlife.com\/br\/wp-json\/wp\/v2\/types\/page"}],"author":[{"embeddable":true,"href":"https:\/\/www.barbie-secondlife.com\/br\/wp-json\/wp\/v2\/users\/1"}],"replies":[{"embeddable":true,"href":"https:\/\/www.barbie-secondlife.com\/br\/wp-json\/wp\/v2\/comments?post=5032"}],"version-history":[{"count":0,"href":"https:\/\/www.barbie-secondlife.com\/br\/wp-json\/wp\/v2\/pages\/5032\/revisions"}],"up":[{"embeddable":true,"href":"https:\/\/www.barbie-secondlife.com\/br\/wp-json\/wp\/v2\/pages\/10511"}],"wp:featuredmedia":[{"embeddable":true,"href":"https:\/\/www.barbie-secondlife.com\/br\/wp-json\/wp\/v2\/media\/13644"}],"wp:attachment":[{"href":"https:\/\/www.barbie-secondlife.com\/br\/wp-json\/wp\/v2\/media?parent=5032"}],"curies":[{"name":"wp","href":"https:\/\/api.w.org\/{rel}","templated":true}]}}