{"id":543695,"date":"2021-11-30T20:57:27","date_gmt":"2021-11-30T19:57:27","guid":{"rendered":"https:\/\/www.barbie-secondlife.com\/?page_id=543695"},"modified":"2022-08-06T15:07:53","modified_gmt":"2022-08-06T13:07:53","slug":"barbie-calendrier-de-lavent-2021","status":"publish","type":"page","link":"https:\/\/www.barbie-secondlife.com\/br\/evenements\/barbie-calendrier-de-lavent-2021\/","title":{"rendered":"Barbie- Calend\u00e1rio do Advento 2021"},"content":{"rendered":"\n<h2 class=\"wp-block-heading\"><em><strong>Calend\u00e1rio do Advento Barbie &#8211; 1 dia, 1 Barbie<\/strong><\/em><\/h2>\n\n\n\n<p>O <strong>calend\u00e1rio do advento<\/strong> \u00e9 uma tradi\u00e7\u00e3o de origem germ\u00e2nica que visa fazer as crian\u00e7as esperarem at\u00e9 o Natal. O dia 25 de dezembro \u00e9, sem d\u00favida, um dos dias mais felizes do ano. Para ser paciente, descubra uma Barbie todos os dias antes do Natal. Todas as bonecas usam um vestido para esta ocasi\u00e3o.<\/p>\n\n\n\n<hr class=\"wp-block-separator\"\/>\n\n\n\n<p class=\"has-text-align-center\"> <a href=\"https:\/\/www.barbie-secondlife.com\/br\/barbie\/world\/europe-est\/barbie-purdey\/\">Barbie Purdey<\/a> &#8211; <strong>Barbie Lady of the Unicorns<\/strong> <\/p>\n\n\n\n<p class=\"has-text-align-center\">24 de dezembro de 2021<\/p>\n\n\n\n<hr class=\"wp-block-separator\"\/>\n\n\n\n<figure class=\"wp-block-table aligncenter\"><table><tbody><tr><td class=\"has-text-align-center\" data-align=\"center\"><img decoding=\"async\" width=\"350\" height=\"350\" class=\"wp-image-543823 lazyload\" style=\"--smush-placeholder-width: 350px; --smush-placeholder-aspect-ratio: 350\/350;width: px;\" data-src=\"https:\/\/www.barbie-secondlife.com\/wp-content\/uploads\/2021\/11\/CadreNoel_Purdey_Web.jpg\" alt=\"Barbie Unicorn\" data-srcset=\"https:\/\/www.barbie-secondlife.com\/wp-content\/uploads\/2021\/11\/CadreNoel_Purdey_Web.jpg 350w, https:\/\/www.barbie-secondlife.com\/wp-content\/uploads\/2021\/11\/CadreNoel_Purdey_Web-302x302.jpg 302w, https:\/\/www.barbie-secondlife.com\/wp-content\/uploads\/2021\/11\/CadreNoel_Purdey_Web-200x200.jpg 200w, https:\/\/www.barbie-secondlife.com\/wp-content\/uploads\/2021\/11\/CadreNoel_Purdey_Web-300x300.jpg 300w\" data-sizes=\"(max-width: 350px) 100vw, 350px\" src=\"data:image\/svg+xml;base64,PHN2ZyB3aWR0aD0iMSIgaGVpZ2h0PSIxIiB4bWxucz0iaHR0cDovL3d3dy53My5vcmcvMjAwMC9zdmciPjwvc3ZnPg==\" \/><\/td><td><img decoding=\"async\" width=\"500\" height=\"500\" class=\"wp-image-543874 lazyload\" style=\"--smush-placeholder-width: 500px; --smush-placeholder-aspect-ratio: 500\/500;width: px;\" data-src=\"https:\/\/www.barbie-secondlife.com\/wp-content\/uploads\/2021\/11\/calendrierAvent_24_Purdey_Web500px.jpg\" alt=\"Barbie Unicorn\" data-srcset=\"https:\/\/www.barbie-secondlife.com\/wp-content\/uploads\/2021\/11\/calendrierAvent_24_Purdey_Web500px.jpg 500w, https:\/\/www.barbie-secondlife.com\/wp-content\/uploads\/2021\/11\/calendrierAvent_24_Purdey_Web500px-302x302.jpg 302w, https:\/\/www.barbie-secondlife.com\/wp-content\/uploads\/2021\/11\/calendrierAvent_24_Purdey_Web500px-200x200.jpg 200w, https:\/\/www.barbie-secondlife.com\/wp-content\/uploads\/2021\/11\/calendrierAvent_24_Purdey_Web500px-350x350.jpg 350w, https:\/\/www.barbie-secondlife.com\/wp-content\/uploads\/2021\/11\/calendrierAvent_24_Purdey_Web500px-300x300.jpg 300w\" data-sizes=\"(max-width: 500px) 100vw, 500px\" src=\"data:image\/svg+xml;base64,PHN2ZyB3aWR0aD0iMSIgaGVpZ2h0PSIxIiB4bWxucz0iaHR0cDovL3d3dy53My5vcmcvMjAwMC9zdmciPjwvc3ZnPg==\" \/><\/td><\/tr><\/tbody><\/table><\/figure>\n\n\n\n<hr class=\"wp-block-separator\"\/>\n\n\n\n<figure class=\"wp-block-table\"><table><tbody><tr><td class=\"has-text-align-center\" data-align=\"center\"><a href=\"https:\/\/www.barbie-secondlife.com\/br\/evenements\/barbie-calendrier-de-lavent-2021\/barbie-calendrier-de-lavent-2021-1er-decembre\/\"><img decoding=\"async\" width=\"100\" height=\"100\" class=\"wp-image-544148 lazyload\" style=\"--smush-placeholder-width: 100px; --smush-placeholder-aspect-ratio: 100\/100;width: 100px;\" data-src=\"https:\/\/www.barbie-secondlife.com\/wp-content\/uploads\/2021\/11\/CadreNoel_Britney_Web_150.jpg\" alt=\"\" src=\"data:image\/svg+xml;base64,PHN2ZyB3aWR0aD0iMSIgaGVpZ2h0PSIxIiB4bWxucz0iaHR0cDovL3d3dy53My5vcmcvMjAwMC9zdmciPjwvc3ZnPg==\"><\/a><\/td><td class=\"has-text-align-center\" data-align=\"center\"><a href=\"https:\/\/www.barbie-secondlife.com\/br\/evenements\/barbie-calendrier-de-lavent-2021\/barbie-calendrier-de-lavent-2021-2-decembre\/\"><img decoding=\"async\" width=\"100\" height=\"100\" class=\"wp-image-544190 lazyload\" style=\"--smush-placeholder-width: 100px; --smush-placeholder-aspect-ratio: 100\/100;width: 100px;\" data-src=\"https:\/\/www.barbie-secondlife.com\/wp-content\/uploads\/2021\/11\/CadreNoel_Silvia_Web_150.jpg\" alt=\"\" src=\"data:image\/svg+xml;base64,PHN2ZyB3aWR0aD0iMSIgaGVpZ2h0PSIxIiB4bWxucz0iaHR0cDovL3d3dy53My5vcmcvMjAwMC9zdmciPjwvc3ZnPg==\"><\/a><\/td><td class=\"has-text-align-center\" data-align=\"center\"><a href=\"https:\/\/www.barbie-secondlife.com\/br\/evenements\/barbie-calendrier-de-lavent-2021\/barbie-calendrier-de-lavent-2021-3-decembre\/\"><img decoding=\"async\" width=\"100\" height=\"100\" class=\"wp-image-544191 lazyload\" style=\"--smush-placeholder-width: 100px; --smush-placeholder-aspect-ratio: 100\/100;width: 100px;\" data-src=\"https:\/\/www.barbie-secondlife.com\/wp-content\/uploads\/2021\/11\/CadreNoel_Suzan_Web_150.jpg\" alt=\"\" src=\"data:image\/svg+xml;base64,PHN2ZyB3aWR0aD0iMSIgaGVpZ2h0PSIxIiB4bWxucz0iaHR0cDovL3d3dy53My5vcmcvMjAwMC9zdmciPjwvc3ZnPg==\"><\/a><\/td><td class=\"has-text-align-center\" data-align=\"center\"><a href=\"https:\/\/www.barbie-secondlife.com\/br\/evenements\/barbie-calendrier-de-lavent-2021\/barbie-calendrier-de-lavent-2021-4-decembre\/\"><img decoding=\"async\" width=\"100\" height=\"100\" class=\"wp-image-544183 lazyload\" style=\"--smush-placeholder-width: 100px; --smush-placeholder-aspect-ratio: 100\/100;width: 100px;\" data-src=\"https:\/\/www.barbie-secondlife.com\/wp-content\/uploads\/2021\/11\/CadreNoel_Leanne_Web_150.jpg\" alt=\"\" src=\"data:image\/svg+xml;base64,PHN2ZyB3aWR0aD0iMSIgaGVpZ2h0PSIxIiB4bWxucz0iaHR0cDovL3d3dy53My5vcmcvMjAwMC9zdmciPjwvc3ZnPg==\"><\/a><\/td><td class=\"has-text-align-center\" data-align=\"center\"><a href=\"https:\/\/www.barbie-secondlife.com\/br\/evenements\/barbie-calendrier-de-lavent-2021\/barbie-calendrier-de-lavent-2021-5-decembre\/\"><img decoding=\"async\" width=\"100\" height=\"100\" class=\"wp-image-544145 lazyload\" style=\"--smush-placeholder-width: 100px; --smush-placeholder-aspect-ratio: 100\/100;width: 100px;\" data-src=\"https:\/\/www.barbie-secondlife.com\/wp-content\/uploads\/2021\/11\/CadreNoel_Adela_Web_150.jpg\" alt=\"\" src=\"data:image\/svg+xml;base64,PHN2ZyB3aWR0aD0iMSIgaGVpZ2h0PSIxIiB4bWxucz0iaHR0cDovL3d3dy53My5vcmcvMjAwMC9zdmciPjwvc3ZnPg==\"><\/a><\/td><td class=\"has-text-align-center\" data-align=\"center\"><a href=\"https:\/\/www.barbie-secondlife.com\/br\/evenements\/barbie-calendrier-de-lavent-2021\/barbie-calendrier-de-lavent-2021-6-decembre\/\"><img decoding=\"async\" width=\"100\" height=\"100\" class=\"wp-image-544151 lazyload\" style=\"--smush-placeholder-width: 100px; --smush-placeholder-aspect-ratio: 100\/100;width: 100px;\" data-src=\"https:\/\/www.barbie-secondlife.com\/wp-content\/uploads\/2021\/11\/CadreNoel_Elysabeth_Web_150.jpg\" alt=\"\" src=\"data:image\/svg+xml;base64,PHN2ZyB3aWR0aD0iMSIgaGVpZ2h0PSIxIiB4bWxucz0iaHR0cDovL3d3dy53My5vcmcvMjAwMC9zdmciPjwvc3ZnPg==\"><\/a><\/td><\/tr><\/tbody><\/table><\/figure>\n\n\n\n<figure class=\"wp-block-table\"><table><tbody><tr><td class=\"has-text-align-center\" data-align=\"center\"><a href=\"https:\/\/www.barbie-secondlife.com\/br\/evenements\/barbie-calendrier-de-lavent-2021\/barbie-calendrier-de-lavent-2021-7-decembre\/\"><img decoding=\"async\" width=\"100\" height=\"100\" class=\"wp-image-544188 lazyload\" style=\"--smush-placeholder-width: 100px; --smush-placeholder-aspect-ratio: 100\/100;width: 100px;\" data-src=\"https:\/\/www.barbie-secondlife.com\/wp-content\/uploads\/2021\/11\/CadreNoel_Ophelie_Web_150.jpg\" alt=\"\" src=\"data:image\/svg+xml;base64,PHN2ZyB3aWR0aD0iMSIgaGVpZ2h0PSIxIiB4bWxucz0iaHR0cDovL3d3dy53My5vcmcvMjAwMC9zdmciPjwvc3ZnPg==\"><\/a><\/td><td class=\"has-text-align-center\" data-align=\"center\"><a href=\"https:\/\/www.barbie-secondlife.com\/br\/evenements\/barbie-calendrier-de-lavent-2021\/barbie-calendrier-de-lavent-2021-8-decembre\/\"><img decoding=\"async\" width=\"100\" height=\"100\" class=\"wp-image-544182 lazyload\" style=\"--smush-placeholder-width: 100px; --smush-placeholder-aspect-ratio: 100\/100;width: 100px;\" data-src=\"https:\/\/www.barbie-secondlife.com\/wp-content\/uploads\/2021\/11\/CadreNoel_Kysha_Web_150.jpg\" alt=\"\" src=\"data:image\/svg+xml;base64,PHN2ZyB3aWR0aD0iMSIgaGVpZ2h0PSIxIiB4bWxucz0iaHR0cDovL3d3dy53My5vcmcvMjAwMC9zdmciPjwvc3ZnPg==\"><\/a><\/td><td class=\"has-text-align-center\" data-align=\"center\"><a href=\"https:\/\/www.barbie-secondlife.com\/br\/evenements\/barbie-calendrier-de-lavent-2021\/barbie-calendrier-de-lavent-2021-9-decembre\/\"><img decoding=\"async\" width=\"100\" height=\"100\" class=\"wp-image-544181 lazyload\" style=\"--smush-placeholder-width: 100px; --smush-placeholder-aspect-ratio: 100\/100;width: 100px;\" data-src=\"https:\/\/www.barbie-secondlife.com\/wp-content\/uploads\/2021\/11\/CadreNoel_Krystelle_Web_150.jpg\" alt=\"\" src=\"data:image\/svg+xml;base64,PHN2ZyB3aWR0aD0iMSIgaGVpZ2h0PSIxIiB4bWxucz0iaHR0cDovL3d3dy53My5vcmcvMjAwMC9zdmciPjwvc3ZnPg==\"><\/a><\/td><td class=\"has-text-align-center\" data-align=\"center\"><a href=\"https:\/\/www.barbie-secondlife.com\/br\/evenements\/barbie-calendrier-de-lavent-2021\/barbie-calendrier-de-lavent-2021-10-decembre\/\"><img decoding=\"async\" width=\"100\" height=\"100\" class=\"wp-image-544146 lazyload\" style=\"--smush-placeholder-width: 100px; --smush-placeholder-aspect-ratio: 100\/100;width: 100px;\" data-src=\"https:\/\/www.barbie-secondlife.com\/wp-content\/uploads\/2021\/11\/CadreNoel_Alondra_Web_150.jpg\" alt=\"\" src=\"data:image\/svg+xml;base64,PHN2ZyB3aWR0aD0iMSIgaGVpZ2h0PSIxIiB4bWxucz0iaHR0cDovL3d3dy53My5vcmcvMjAwMC9zdmciPjwvc3ZnPg==\"><\/a><\/td><td class=\"has-text-align-center\" data-align=\"center\"><a href=\"https:\/\/www.barbie-secondlife.com\/br\/evenements\/barbie-calendrier-de-lavent-2021\/barbie-calendrier-de-lavent-2021-11-decembre\/\"><img decoding=\"async\" width=\"100\" height=\"100\" class=\"wp-image-544185 lazyload\" style=\"--smush-placeholder-width: 100px; --smush-placeholder-aspect-ratio: 100\/100;width: 100px;\" data-src=\"https:\/\/www.barbie-secondlife.com\/wp-content\/uploads\/2021\/11\/CadreNoel_Madeline_Web_150.jpg\" alt=\"\" src=\"data:image\/svg+xml;base64,PHN2ZyB3aWR0aD0iMSIgaGVpZ2h0PSIxIiB4bWxucz0iaHR0cDovL3d3dy53My5vcmcvMjAwMC9zdmciPjwvc3ZnPg==\"><\/a><\/td><td class=\"has-text-align-center\" data-align=\"center\"><a href=\"https:\/\/www.barbie-secondlife.com\/br\/evenements\/barbie-calendrier-de-lavent-2021\/barbie-calendrier-de-lavent-2021-12-decembre\/\"><img decoding=\"async\" width=\"100\" height=\"100\" class=\"wp-image-544147 lazyload\" style=\"--smush-placeholder-width: 100px; --smush-placeholder-aspect-ratio: 100\/100;width: 100px;\" data-src=\"https:\/\/www.barbie-secondlife.com\/wp-content\/uploads\/2021\/11\/CadreNoel_Anahi_Web_150.jpg\" alt=\"\" src=\"data:image\/svg+xml;base64,PHN2ZyB3aWR0aD0iMSIgaGVpZ2h0PSIxIiB4bWxucz0iaHR0cDovL3d3dy53My5vcmcvMjAwMC9zdmciPjwvc3ZnPg==\"><\/a><\/td><\/tr><\/tbody><\/table><\/figure>\n\n\n\n<figure class=\"wp-block-table\"><table><tbody><tr><td class=\"has-text-align-center\" data-align=\"center\"><a href=\"https:\/\/www.barbie-secondlife.com\/br\/evenements\/barbie-calendrier-de-lavent-2021\/barbie-calendrier-de-lavent-2021-13-decembre\/\"><img decoding=\"async\" width=\"100\" height=\"100\" class=\"wp-image-544153 lazyload\" style=\"--smush-placeholder-width: 100px; --smush-placeholder-aspect-ratio: 100\/100;width: 100px;\" data-src=\"https:\/\/www.barbie-secondlife.com\/wp-content\/uploads\/2021\/11\/CadreNoel_Grace_Web_150.jpg\" alt=\"\" src=\"data:image\/svg+xml;base64,PHN2ZyB3aWR0aD0iMSIgaGVpZ2h0PSIxIiB4bWxucz0iaHR0cDovL3d3dy53My5vcmcvMjAwMC9zdmciPjwvc3ZnPg==\"><\/a><\/td><td class=\"has-text-align-center\" data-align=\"center\"><a href=\"https:\/\/www.barbie-secondlife.com\/br\/evenements\/barbie-calendrier-de-lavent-2021\/barbie-calendrier-de-lavent-2021-14-decembre\/\"><img decoding=\"async\" width=\"100\" height=\"100\" class=\"wp-image-544119 lazyload\" style=\"--smush-placeholder-width: 100px; --smush-placeholder-aspect-ratio: 100\/100;width: 100px;\" data-src=\"https:\/\/www.barbie-secondlife.com\/wp-content\/uploads\/2021\/11\/CadreNoel_Viridiana_Web_150.jpg\" alt=\"\" src=\"data:image\/svg+xml;base64,PHN2ZyB3aWR0aD0iMSIgaGVpZ2h0PSIxIiB4bWxucz0iaHR0cDovL3d3dy53My5vcmcvMjAwMC9zdmciPjwvc3ZnPg==\"><\/a><\/td><td class=\"has-text-align-center\" data-align=\"center\"><a href=\"https:\/\/www.barbie-secondlife.com\/br\/evenements\/barbie-calendrier-de-lavent-2021\/barbie-calendrier-de-lavent-2021-15-decembre\/\"><img decoding=\"async\" width=\"100\" height=\"100\" class=\"wp-image-544184 lazyload\" style=\"--smush-placeholder-width: 100px; --smush-placeholder-aspect-ratio: 100\/100;width: 100px;\" data-src=\"https:\/\/www.barbie-secondlife.com\/wp-content\/uploads\/2021\/11\/CadreNoel_Mabel_Web_150.jpg\" alt=\"\" src=\"data:image\/svg+xml;base64,PHN2ZyB3aWR0aD0iMSIgaGVpZ2h0PSIxIiB4bWxucz0iaHR0cDovL3d3dy53My5vcmcvMjAwMC9zdmciPjwvc3ZnPg==\"><\/a><\/td><td class=\"has-text-align-center\" data-align=\"center\"><a href=\"https:\/\/www.barbie-secondlife.com\/br\/evenements\/barbie-calendrier-de-lavent-2021\/barbie-calendrier-de-lavent-2021-16-decembre\/\"><img decoding=\"async\" width=\"100\" height=\"100\" class=\"wp-image-544187 lazyload\" style=\"--smush-placeholder-width: 100px; --smush-placeholder-aspect-ratio: 100\/100;width: 100px;\" data-src=\"https:\/\/www.barbie-secondlife.com\/wp-content\/uploads\/2021\/11\/CadreNoel_Marisol_Web_150.jpg\" alt=\"\" src=\"data:image\/svg+xml;base64,PHN2ZyB3aWR0aD0iMSIgaGVpZ2h0PSIxIiB4bWxucz0iaHR0cDovL3d3dy53My5vcmcvMjAwMC9zdmciPjwvc3ZnPg==\"><\/a><\/td><td class=\"has-text-align-center\" data-align=\"center\"><a href=\"https:\/\/www.barbie-secondlife.com\/br\/evenements\/barbie-calendrier-de-lavent-2021\/barbie-calendrier-de-lavent-2021-17-decembre\/\"><img decoding=\"async\" width=\"100\" height=\"100\" class=\"wp-image-544143 lazyload\" style=\"--smush-placeholder-width: 100px; --smush-placeholder-aspect-ratio: 100\/100;width: 100px;\" data-src=\"https:\/\/www.barbie-secondlife.com\/wp-content\/uploads\/2021\/11\/CadreNoel_Samya_Web_150.jpg\" alt=\"\" src=\"data:image\/svg+xml;base64,PHN2ZyB3aWR0aD0iMSIgaGVpZ2h0PSIxIiB4bWxucz0iaHR0cDovL3d3dy53My5vcmcvMjAwMC9zdmciPjwvc3ZnPg==\"><\/a><\/td><td class=\"has-text-align-center\" data-align=\"center\"><a href=\"https:\/\/www.barbie-secondlife.com\/br\/evenements\/barbie-calendrier-de-lavent-2021\/barbie-calendrier-de-lavent-2021-18-decembre\/\"><img decoding=\"async\" width=\"100\" height=\"100\" class=\"wp-image-544152 lazyload\" style=\"--smush-placeholder-width: 100px; --smush-placeholder-aspect-ratio: 100\/100;width: 100px;\" data-src=\"https:\/\/www.barbie-secondlife.com\/wp-content\/uploads\/2021\/11\/CadreNoel_Gina_Web_150.jpg\" alt=\"\" src=\"data:image\/svg+xml;base64,PHN2ZyB3aWR0aD0iMSIgaGVpZ2h0PSIxIiB4bWxucz0iaHR0cDovL3d3dy53My5vcmcvMjAwMC9zdmciPjwvc3ZnPg==\"><\/a><\/td><\/tr><\/tbody><\/table><\/figure>\n\n\n\n<figure class=\"wp-block-table\"><table><tbody><tr><td class=\"has-text-align-center\" data-align=\"center\"><a href=\"https:\/\/www.barbie-secondlife.com\/br\/evenements\/barbie-calendrier-de-lavent-2021\/barbie-calendrier-de-lavent-2021-19-decembre\/\"><img decoding=\"async\" width=\"100\" height=\"100\" class=\"wp-image-544193 lazyload\" style=\"--smush-placeholder-width: 100px; --smush-placeholder-aspect-ratio: 100\/100;width: 100px;\" data-src=\"https:\/\/www.barbie-secondlife.com\/wp-content\/uploads\/2021\/11\/CadreNoel_Viktorie_Web_150.jpg\" alt=\"\" src=\"data:image\/svg+xml;base64,PHN2ZyB3aWR0aD0iMSIgaGVpZ2h0PSIxIiB4bWxucz0iaHR0cDovL3d3dy53My5vcmcvMjAwMC9zdmciPjwvc3ZnPg==\"><\/a><\/td><td class=\"has-text-align-center\" data-align=\"center\"><a href=\"https:\/\/www.barbie-secondlife.com\/br\/evenements\/barbie-calendrier-de-lavent-2021\/barbie-calendrier-de-lavent-2021-20-decembre\/\"><img decoding=\"async\" width=\"100\" height=\"100\" class=\"wp-image-544150 lazyload\" style=\"--smush-placeholder-width: 100px; --smush-placeholder-aspect-ratio: 100\/100;width: 100px;\" data-src=\"https:\/\/www.barbie-secondlife.com\/wp-content\/uploads\/2021\/11\/CadreNoel_Dinara_Web_150.jpg\" alt=\"\" src=\"data:image\/svg+xml;base64,PHN2ZyB3aWR0aD0iMSIgaGVpZ2h0PSIxIiB4bWxucz0iaHR0cDovL3d3dy53My5vcmcvMjAwMC9zdmciPjwvc3ZnPg==\"><\/a><\/td><td class=\"has-text-align-center\" data-align=\"center\"><a href=\"https:\/\/www.barbie-secondlife.com\/br\/evenements\/barbie-calendrier-de-lavent-2021\/barbie-calendrier-de-lavent-2021-21-decembre\/\"><img decoding=\"async\" width=\"100\" height=\"100\" class=\"wp-image-544144 lazyload\" style=\"--smush-placeholder-width: 100px; --smush-placeholder-aspect-ratio: 100\/100;width: 100px;\" data-src=\"https:\/\/www.barbie-secondlife.com\/wp-content\/uploads\/2021\/11\/CadreNoel_Zeina_Web_150.jpg\" alt=\"\" src=\"data:image\/svg+xml;base64,PHN2ZyB3aWR0aD0iMSIgaGVpZ2h0PSIxIiB4bWxucz0iaHR0cDovL3d3dy53My5vcmcvMjAwMC9zdmciPjwvc3ZnPg==\"><\/a><\/td><td class=\"has-text-align-center\" data-align=\"center\"><a href=\"https:\/\/www.barbie-secondlife.com\/br\/evenements\/barbie-calendrier-de-lavent-2021\/barbie-calendrier-de-lavent-2021-22-decembre\/\"><img decoding=\"async\" width=\"100\" height=\"100\" class=\"wp-image-544192 lazyload\" style=\"--smush-placeholder-width: 100px; --smush-placeholder-aspect-ratio: 100\/100;width: 100px;\" data-src=\"https:\/\/www.barbie-secondlife.com\/wp-content\/uploads\/2021\/11\/CadreNoel_Veronica_Web_150.jpg\" alt=\"\" src=\"data:image\/svg+xml;base64,PHN2ZyB3aWR0aD0iMSIgaGVpZ2h0PSIxIiB4bWxucz0iaHR0cDovL3d3dy53My5vcmcvMjAwMC9zdmciPjwvc3ZnPg==\"><\/a><\/td><td class=\"has-text-align-center\" data-align=\"center\"><a href=\"https:\/\/www.barbie-secondlife.com\/br\/evenements\/barbie-calendrier-de-lavent-2021\/barbie-calendrier-de-lavent-2021-23-decembre\/\"><img decoding=\"async\" width=\"100\" height=\"100\" class=\"wp-image-544180 lazyload\" style=\"--smush-placeholder-width: 100px; --smush-placeholder-aspect-ratio: 100\/100;width: 100px;\" data-src=\"https:\/\/www.barbie-secondlife.com\/wp-content\/uploads\/2021\/11\/CadreNoel_Guadalupe_Web_150.jpg\" alt=\"\" src=\"data:image\/svg+xml;base64,PHN2ZyB3aWR0aD0iMSIgaGVpZ2h0PSIxIiB4bWxucz0iaHR0cDovL3d3dy53My5vcmcvMjAwMC9zdmciPjwvc3ZnPg==\"><\/a><\/td><td class=\"has-text-align-center\" data-align=\"center\"><a href=\"https:\/\/www.barbie-secondlife.com\/br\/evenements\/barbie-calendrier-de-lavent-2021\/barbie-calendrier-de-lavent-2021-24-decembre\/\"><img decoding=\"async\" width=\"100\" height=\"100\" class=\"wp-image-544189 lazyload\" style=\"--smush-placeholder-width: 100px; --smush-placeholder-aspect-ratio: 100\/100;width: 100px;\" data-src=\"https:\/\/www.barbie-secondlife.com\/wp-content\/uploads\/2021\/11\/CadreNoel_Purdey_Web_150.jpg\" alt=\"\" src=\"data:image\/svg+xml;base64,PHN2ZyB3aWR0aD0iMSIgaGVpZ2h0PSIxIiB4bWxucz0iaHR0cDovL3d3dy53My5vcmcvMjAwMC9zdmciPjwvc3ZnPg==\"><\/a><\/td><\/tr><\/tbody><\/table><\/figure>\n\n\n\n<hr class=\"wp-block-separator\"\/>\n\n\n\n<div class=\"wp-block-image\"><figure class=\"aligncenter size-full\"><a href=\"https:\/\/www.barbie-secondlife.com\/wp-content\/uploads\/2021\/11\/Calendrier_Barbie_500x500_Noel.jpg\"><img decoding=\"async\" width=\"500\" height=\"500\" data-src=\"https:\/\/www.barbie-secondlife.com\/wp-content\/uploads\/2021\/11\/Calendrier_Barbie_500x500_Noel.jpg\" alt=\"Evenement Barbie No\u00ebl\" class=\"wp-image-544080 lazyload\" data-srcset=\"https:\/\/www.barbie-secondlife.com\/wp-content\/uploads\/2021\/11\/Calendrier_Barbie_500x500_Noel.jpg 500w, https:\/\/www.barbie-secondlife.com\/wp-content\/uploads\/2021\/11\/Calendrier_Barbie_500x500_Noel-302x302.jpg 302w, https:\/\/www.barbie-secondlife.com\/wp-content\/uploads\/2021\/11\/Calendrier_Barbie_500x500_Noel-200x200.jpg 200w, https:\/\/www.barbie-secondlife.com\/wp-content\/uploads\/2021\/11\/Calendrier_Barbie_500x500_Noel-350x350.jpg 350w, https:\/\/www.barbie-secondlife.com\/wp-content\/uploads\/2021\/11\/Calendrier_Barbie_500x500_Noel-300x300.jpg 300w\" data-sizes=\"(max-width: 500px) 100vw, 500px\" src=\"data:image\/svg+xml;base64,PHN2ZyB3aWR0aD0iMSIgaGVpZ2h0PSIxIiB4bWxucz0iaHR0cDovL3d3dy53My5vcmcvMjAwMC9zdmciPjwvc3ZnPg==\" style=\"--smush-placeholder-width: 500px; --smush-placeholder-aspect-ratio: 500\/500;\" \/><\/a><\/figure><\/div>\n","protected":false},"excerpt":{"rendered":"<p>Calend\u00e1rio do Advento Barbie &#8211; 1 dia, 1 Barbie O calend\u00e1rio do advento \u00e9 uma tradi\u00e7\u00e3o de origem germ\u00e2nica que visa fazer as crian\u00e7as esperarem at\u00e9 o Natal. O dia 25 de dezembro \u00e9, sem d\u00favida, um dos dias mais felizes do ano. Para ser paciente, descubra uma Barbie todos os dias antes do Natal. [&hellip;]<\/p>\n","protected":false},"author":1,"featured_media":543723,"parent":10511,"menu_order":0,"comment_status":"closed","ping_status":"closed","template":"","meta":{"footnotes":""},"class_list":["post-543695","page","type-page","status-publish","has-post-thumbnail","hentry"],"translation":{"provider":"WPGlobus","version":"3.0.2","language":"br","enabled_languages":["fr","en","es","br","de"],"languages":{"fr":{"title":true,"content":true,"excerpt":false},"en":{"title":true,"content":true,"excerpt":false},"es":{"title":true,"content":true,"excerpt":false},"br":{"title":true,"content":true,"excerpt":false},"de":{"title":true,"content":true,"excerpt":false}}},"_links":{"self":[{"href":"https:\/\/www.barbie-secondlife.com\/br\/wp-json\/wp\/v2\/pages\/543695","targetHints":{"allow":["GET"]}}],"collection":[{"href":"https:\/\/www.barbie-secondlife.com\/br\/wp-json\/wp\/v2\/pages"}],"about":[{"href":"https:\/\/www.barbie-secondlife.com\/br\/wp-json\/wp\/v2\/types\/page"}],"author":[{"embeddable":true,"href":"https:\/\/www.barbie-secondlife.com\/br\/wp-json\/wp\/v2\/users\/1"}],"replies":[{"embeddable":true,"href":"https:\/\/www.barbie-secondlife.com\/br\/wp-json\/wp\/v2\/comments?post=543695"}],"version-history":[{"count":0,"href":"https:\/\/www.barbie-secondlife.com\/br\/wp-json\/wp\/v2\/pages\/543695\/revisions"}],"up":[{"embeddable":true,"href":"https:\/\/www.barbie-secondlife.com\/br\/wp-json\/wp\/v2\/pages\/10511"}],"wp:featuredmedia":[{"embeddable":true,"href":"https:\/\/www.barbie-secondlife.com\/br\/wp-json\/wp\/v2\/media\/543723"}],"wp:attachment":[{"href":"https:\/\/www.barbie-secondlife.com\/br\/wp-json\/wp\/v2\/media?parent=543695"}],"curies":[{"name":"wp","href":"https:\/\/api.w.org\/{rel}","templated":true}]}}