{"id":545318,"date":"2021-11-30T20:58:28","date_gmt":"2021-11-30T19:58:28","guid":{"rendered":"https:\/\/www.barbie-secondlife.com\/?page_id=545318"},"modified":"2022-08-06T16:30:46","modified_gmt":"2022-08-06T14:30:46","slug":"barbie-calendrier-de-lavent-2021-1er-decembre","status":"publish","type":"page","link":"https:\/\/www.barbie-secondlife.com\/br\/evenements\/barbie-calendrier-de-lavent-2021\/barbie-calendrier-de-lavent-2021-1er-decembre\/","title":{"rendered":"Barbie- Calend\u00e1rio do Advento 2021 &#8211; 1 de dezembro"},"content":{"rendered":"\n<h2 class=\"wp-block-heading\"><strong><em>Calend\u00e1rio do Advento Barbie &#8211; 1 dia, 1 Barbie<\/em><\/strong><\/h2>\n\n\n\n<p>O <strong>calend\u00e1rio do advento<\/strong> \u00e9 uma tradi\u00e7\u00e3o de origem germ\u00e2nica que visa fazer as crian\u00e7as esperarem at\u00e9 o Natal. O dia 25 de dezembro \u00e9, sem d\u00favida, um dos dias mais felizes do ano. Para ser paciente, descubra uma Barbie todos os dias antes do Natal. Todas as bonecas usam um vestido para esta ocasi\u00e3o.<\/p>\n\n\n\n<hr class=\"wp-block-separator\"\/>\n\n\n\n<p class=\"has-text-align-center\"> <a href=\"https:\/\/www.barbie-secondlife.com\/br\/barbie\/world\/amerique-nord-centrale\/barbie-britney\/\">Barbie Britney<\/a> &#8211; <strong>Barbie Heather Fonseca<\/strong> <\/p>\n\n\n\n<p class=\"has-text-align-center\">1 de dezembro de 2021<\/p>\n\n\n\n<hr class=\"wp-block-separator\"\/>\n\n\n\n<figure class=\"wp-block-table aligncenter\"><table><tbody><tr><td class=\"has-text-align-center\" data-align=\"center\"><img decoding=\"async\" data-src=\"https:\/\/www.barbie-secondlife.com\/wp-content\/uploads\/2021\/11\/CadreNoel_Britney_Web.jpg\" alt=\"\" src=\"data:image\/svg+xml;base64,PHN2ZyB3aWR0aD0iMSIgaGVpZ2h0PSIxIiB4bWxucz0iaHR0cDovL3d3dy53My5vcmcvMjAwMC9zdmciPjwvc3ZnPg==\" class=\"lazyload\" style=\"--smush-placeholder-width: 350px; --smush-placeholder-aspect-ratio: 350\/350;\"><\/td><td><img decoding=\"async\" width=\"500\" height=\"500\" class=\"wp-image-543905 lazyload\" style=\"--smush-placeholder-width: 500px; --smush-placeholder-aspect-ratio: 500\/500;width: px;\" data-src=\"https:\/\/www.barbie-secondlife.com\/wp-content\/uploads\/2021\/11\/calendrierAvent_1_Britney_web500px2.jpg\" alt=\"Barbie Heather Fonseca\" data-srcset=\"https:\/\/www.barbie-secondlife.com\/wp-content\/uploads\/2021\/11\/calendrierAvent_1_Britney_web500px2.jpg 500w, https:\/\/www.barbie-secondlife.com\/wp-content\/uploads\/2021\/11\/calendrierAvent_1_Britney_web500px2-302x302.jpg 302w, https:\/\/www.barbie-secondlife.com\/wp-content\/uploads\/2021\/11\/calendrierAvent_1_Britney_web500px2-200x200.jpg 200w, https:\/\/www.barbie-secondlife.com\/wp-content\/uploads\/2021\/11\/calendrierAvent_1_Britney_web500px2-350x350.jpg 350w, https:\/\/www.barbie-secondlife.com\/wp-content\/uploads\/2021\/11\/calendrierAvent_1_Britney_web500px2-300x300.jpg 300w\" data-sizes=\"(max-width: 500px) 100vw, 500px\" src=\"data:image\/svg+xml;base64,PHN2ZyB3aWR0aD0iMSIgaGVpZ2h0PSIxIiB4bWxucz0iaHR0cDovL3d3dy53My5vcmcvMjAwMC9zdmciPjwvc3ZnPg==\" \/><\/td><\/tr><\/tbody><\/table><\/figure>\n\n\n\n<hr class=\"wp-block-separator\"\/>\n\n\n\n<div class=\"wp-block-image\"><figure class=\"aligncenter size-full\"><a href=\"https:\/\/www.barbie-secondlife.com\/wp-content\/uploads\/2021\/11\/Calendrier_Barbie_500x500_1Dec.jpg\"><img decoding=\"async\" width=\"500\" height=\"500\" data-src=\"https:\/\/www.barbie-secondlife.com\/wp-content\/uploads\/2021\/11\/Calendrier_Barbie_500x500_1Dec.jpg\" alt=\"Evenement Barbie No\u00ebl\" class=\"wp-image-543975 lazyload\" data-srcset=\"https:\/\/www.barbie-secondlife.com\/wp-content\/uploads\/2021\/11\/Calendrier_Barbie_500x500_1Dec.jpg 500w, https:\/\/www.barbie-secondlife.com\/wp-content\/uploads\/2021\/11\/Calendrier_Barbie_500x500_1Dec-302x302.jpg 302w, https:\/\/www.barbie-secondlife.com\/wp-content\/uploads\/2021\/11\/Calendrier_Barbie_500x500_1Dec-200x200.jpg 200w, https:\/\/www.barbie-secondlife.com\/wp-content\/uploads\/2021\/11\/Calendrier_Barbie_500x500_1Dec-350x350.jpg 350w, https:\/\/www.barbie-secondlife.com\/wp-content\/uploads\/2021\/11\/Calendrier_Barbie_500x500_1Dec-300x300.jpg 300w\" data-sizes=\"(max-width: 500px) 100vw, 500px\" src=\"data:image\/svg+xml;base64,PHN2ZyB3aWR0aD0iMSIgaGVpZ2h0PSIxIiB4bWxucz0iaHR0cDovL3d3dy53My5vcmcvMjAwMC9zdmciPjwvc3ZnPg==\" style=\"--smush-placeholder-width: 500px; --smush-placeholder-aspect-ratio: 500\/500;\" \/><\/a><\/figure><\/div>\n\n\n\n<hr class=\"wp-block-separator\"\/>\n\n\n\n<div class=\"wp-block-image\"><figure class=\"aligncenter size-full\"><a href=\"https:\/\/www.barbie-secondlife.com\/br\/evenements\/barbie---calendrier-de-lavent-2021\/\"><img decoding=\"async\" width=\"400\" height=\"50\" data-src=\"https:\/\/www.barbie-secondlife.com\/wp-content\/uploads\/2021\/11\/PhotoduJour_BR.jpg\" alt=\"\" class=\"wp-image-545424 lazyload\" data-srcset=\"https:\/\/www.barbie-secondlife.com\/wp-content\/uploads\/2021\/11\/PhotoduJour_BR.jpg 400w, https:\/\/www.barbie-secondlife.com\/wp-content\/uploads\/2021\/11\/PhotoduJour_BR-302x38.jpg 302w, https:\/\/www.barbie-secondlife.com\/wp-content\/uploads\/2021\/11\/PhotoduJour_BR-200x25.jpg 200w, https:\/\/www.barbie-secondlife.com\/wp-content\/uploads\/2021\/11\/PhotoduJour_BR-350x44.jpg 350w\" data-sizes=\"(max-width: 400px) 100vw, 400px\" src=\"data:image\/svg+xml;base64,PHN2ZyB3aWR0aD0iMSIgaGVpZ2h0PSIxIiB4bWxucz0iaHR0cDovL3d3dy53My5vcmcvMjAwMC9zdmciPjwvc3ZnPg==\" style=\"--smush-placeholder-width: 400px; --smush-placeholder-aspect-ratio: 400\/50;\" \/><\/a><\/figure><\/div>\n","protected":false},"excerpt":{"rendered":"<p>Calend\u00e1rio do Advento Barbie &#8211; 1 dia, 1 Barbie O calend\u00e1rio do advento \u00e9 uma tradi\u00e7\u00e3o de origem germ\u00e2nica que visa fazer as crian\u00e7as esperarem at\u00e9 o Natal. O dia 25 de dezembro \u00e9, sem d\u00favida, um dos dias mais felizes do ano. Para ser paciente, descubra uma Barbie todos os dias antes do Natal. [&hellip;]<\/p>\n","protected":false},"author":1,"featured_media":543723,"parent":543695,"menu_order":0,"comment_status":"closed","ping_status":"closed","template":"","meta":{"footnotes":""},"class_list":["post-545318","page","type-page","status-publish","has-post-thumbnail","hentry"],"translation":{"provider":"WPGlobus","version":"3.0.2","language":"br","enabled_languages":["fr","en","es","br","de"],"languages":{"fr":{"title":true,"content":true,"excerpt":false},"en":{"title":true,"content":true,"excerpt":false},"es":{"title":true,"content":true,"excerpt":false},"br":{"title":true,"content":true,"excerpt":false},"de":{"title":true,"content":true,"excerpt":false}}},"_links":{"self":[{"href":"https:\/\/www.barbie-secondlife.com\/br\/wp-json\/wp\/v2\/pages\/545318","targetHints":{"allow":["GET"]}}],"collection":[{"href":"https:\/\/www.barbie-secondlife.com\/br\/wp-json\/wp\/v2\/pages"}],"about":[{"href":"https:\/\/www.barbie-secondlife.com\/br\/wp-json\/wp\/v2\/types\/page"}],"author":[{"embeddable":true,"href":"https:\/\/www.barbie-secondlife.com\/br\/wp-json\/wp\/v2\/users\/1"}],"replies":[{"embeddable":true,"href":"https:\/\/www.barbie-secondlife.com\/br\/wp-json\/wp\/v2\/comments?post=545318"}],"version-history":[{"count":0,"href":"https:\/\/www.barbie-secondlife.com\/br\/wp-json\/wp\/v2\/pages\/545318\/revisions"}],"up":[{"embeddable":true,"href":"https:\/\/www.barbie-secondlife.com\/br\/wp-json\/wp\/v2\/pages\/543695"}],"wp:featuredmedia":[{"embeddable":true,"href":"https:\/\/www.barbie-secondlife.com\/br\/wp-json\/wp\/v2\/media\/543723"}],"wp:attachment":[{"href":"https:\/\/www.barbie-secondlife.com\/br\/wp-json\/wp\/v2\/media?parent=545318"}],"curies":[{"name":"wp","href":"https:\/\/api.w.org\/{rel}","templated":true}]}}