{"id":57,"date":"2016-09-18T13:41:25","date_gmt":"2016-09-18T11:41:25","guid":{"rendered":"http:\/\/barbiesenm.cluster017.ovh.net\/?page_id=57"},"modified":"2026-03-08T23:41:05","modified_gmt":"2026-03-08T22:41:05","slug":"contact","status":"publish","type":"page","link":"https:\/\/www.barbie-secondlife.com\/br\/contact\/","title":{"rendered":"Contato"},"content":{"rendered":"\n<h2 class=\"wp-block-heading\"><strong><em>Contato<\/em><\/strong><\/h2>\n\n\n\n<div class=\"wp-block-columns is-layout-flex wp-container-core-columns-is-layout-9d6595d7 wp-block-columns-is-layout-flex\">\n<div class=\"wp-block-column is-layout-flow wp-block-column-is-layout-flow\" style=\"flex-basis:20%\">\n<figure class=\"wp-block-image size-large\"><img decoding=\"async\" width=\"494\" height=\"494\" data-src=\"https:\/\/www.barbie-secondlife.com\/wp-content\/uploads\/2020\/04\/ContactBSL.jpg\" alt=\"Contact BSL\" class=\"wp-image-23766 lazyload\" data-srcset=\"https:\/\/www.barbie-secondlife.com\/wp-content\/uploads\/2020\/04\/ContactBSL.jpg 494w, https:\/\/www.barbie-secondlife.com\/wp-content\/uploads\/2020\/04\/ContactBSL-302x302.jpg 302w, https:\/\/www.barbie-secondlife.com\/wp-content\/uploads\/2020\/04\/ContactBSL-200x200.jpg 200w, https:\/\/www.barbie-secondlife.com\/wp-content\/uploads\/2020\/04\/ContactBSL-350x350.jpg 350w, https:\/\/www.barbie-secondlife.com\/wp-content\/uploads\/2020\/04\/ContactBSL-300x300.jpg 300w\" data-sizes=\"(max-width: 494px) 100vw, 494px\" src=\"data:image\/svg+xml;base64,PHN2ZyB3aWR0aD0iMSIgaGVpZ2h0PSIxIiB4bWxucz0iaHR0cDovL3d3dy53My5vcmcvMjAwMC9zdmciPjwvc3ZnPg==\" style=\"--smush-placeholder-width: 494px; --smush-placeholder-aspect-ratio: 494\/494;\" \/><\/figure>\n<\/div>\n\n\n\n<div class=\"wp-block-column is-layout-flow wp-block-column-is-layout-flow\" style=\"flex-basis:80%\">\n<p>Sou um colecionador apaixonado pelas bonecas Barbie.<\/p>\n\n\n\n<p>Sugest\u00f5es sobre meu site s\u00e3o bem vindas. No caso de quest\u00f5es sobre uma boneca (outras fotos, informa\u00e7\u00f5es, etc..), obrigado por mencionar o nome da boneca na sua mensagem.<\/p>\n\n\n\n<p>N\u00e3o deixe de entrar em contato comigo na minha p\u00e1gina facebook e no meu perfil Instagram.<\/p>\n<\/div>\n<\/div>\n\n\n\n<hr class=\"wp-block-separator has-css-opacity\"\/>\n\n\n\n<p>Autor : Fr\u00e9d\u00e9ric R.<\/p>\n\n\n\n<p>Endere\u00e7o&nbsp;:&nbsp;Paris III&nbsp; &#8211; Fran\u00e7a<\/p>\n\n\n\n<p>Email :&nbsp;<a href=\"mailto:barbiesecondlife@yahoo.fr?subject=Informations\">barbiesecondlife@yahoo.fr<\/a><\/p>\n\n\n\n<p>Facebook :&nbsp;<a href=\"https:\/\/www.facebook.com\/BarbieSecondLife2026\/\">Barbie Second Life<\/a><\/p>\n\n\n\n<p>Flikr : <a href=\"https:\/\/www.flickr.com\/photos\/131288868@N06\/\">Barbie Second Life<\/a><\/p>\n\n\n\n<p>Instagram :&nbsp;<a href=\"https:\/\/www.instagram.com\/barbiesecondlife\/\">Barbie Second Life<\/a><\/p>\n\n\n\n<hr class=\"wp-block-separator has-css-opacity\"\/>\n\n\n\t\t<div id=\"sbi_mod_error\" >\n\t\t\t<span>Esta mensagem de erro \u00e9 vis\u00edvel apenas para administradores do WordPress<\/span><br\/>\n\t\t\t<p><strong>Erro: nenhum feed com a ID 1 foi encontrado.<\/strong>\n\t\t\t<p>V\u00e1 para a p\u00e1gina de configura\u00e7\u00f5es do Instagram Feed para criar um feed.<\/p>\n\t\t<\/div>\n\t\t\n\n\n\n<hr class=\"wp-block-separator has-css-opacity\"\/>\n\n\n\n<div class=\"wpcf7 no-js\" id=\"wpcf7-f3976-o1\" lang=\"fr-FR\" dir=\"ltr\" data-wpcf7-id=\"3976\">\n<div class=\"screen-reader-response\"><p role=\"status\" aria-live=\"polite\" aria-atomic=\"true\"><\/p> <ul><\/ul><\/div>\n<form action=\"\/br\/wp-json\/wp\/v2\/pages\/57#wpcf7-f3976-o1\" method=\"post\" class=\"wpcf7-form init\" aria-label=\"Formulaire de contact\" novalidate=\"novalidate\" data-status=\"init\">\n<fieldset class=\"hidden-fields-container\"><input type=\"hidden\" name=\"_wpcf7\" value=\"3976\" \/><input type=\"hidden\" name=\"_wpcf7_version\" value=\"6.1.5\" \/><input type=\"hidden\" name=\"_wpcf7_locale\" value=\"fr_FR\" \/><input type=\"hidden\" name=\"_wpcf7_unit_tag\" value=\"wpcf7-f3976-o1\" \/><input type=\"hidden\" name=\"_wpcf7_container_post\" value=\"0\" \/><input type=\"hidden\" name=\"_wpcf7_posted_data_hash\" value=\"\" \/>\n<\/fieldset>\n<p><label> Seu nome (obrigat\u00f3rio)<br \/>\n<span class=\"wpcf7-form-control-wrap\" data-name=\"your-name\"><input size=\"40\" maxlength=\"400\" class=\"wpcf7-form-control wpcf7-text wpcf7-validates-as-required\" aria-required=\"true\" aria-invalid=\"false\" value=\"\" type=\"text\" name=\"your-name\" \/><\/span> <\/label>\n<\/p>\n<p><label> Seu e-mail (obrigat\u00f3rio)<br \/>\n<span class=\"wpcf7-form-control-wrap\" data-name=\"your-email\"><input size=\"40\" maxlength=\"400\" class=\"wpcf7-form-control wpcf7-email wpcf7-validates-as-required wpcf7-text wpcf7-validates-as-email\" aria-required=\"true\" aria-invalid=\"false\" value=\"\" type=\"email\" name=\"your-email\" \/><\/span> <\/label>\n<\/p>\n<p><label> Sujeito<br \/>\n<span class=\"wpcf7-form-control-wrap\" data-name=\"your-subject\"><input size=\"40\" maxlength=\"400\" class=\"wpcf7-form-control wpcf7-text\" aria-invalid=\"false\" value=\"\" type=\"text\" name=\"your-subject\" \/><\/span> <\/label>\n<\/p>\n<p><label> Sua mensagem<br \/>\n<span class=\"wpcf7-form-control-wrap\" data-name=\"your-message\"><textarea cols=\"40\" rows=\"10\" maxlength=\"2000\" class=\"wpcf7-form-control wpcf7-textarea\" aria-invalid=\"false\" name=\"your-message\"><\/textarea><\/span> <\/label>\n<\/p>\n<p><input class=\"wpcf7-form-control wpcf7-submit has-spinner\" type=\"submit\" value=\"Enviar\" \/>\n<\/p><div class=\"wpcf7-response-output\" aria-hidden=\"true\"><\/div>\n<\/form>\n<\/div>\n\n","protected":false},"excerpt":{"rendered":"<p>Sou um colecionador apaixonado pelas bonecas Barbie&#8230;<\/p>\n","protected":false},"author":1,"featured_media":12263,"parent":0,"menu_order":0,"comment_status":"closed","ping_status":"closed","template":"","meta":{"footnotes":""},"class_list":["post-57","page","type-page","status-publish","has-post-thumbnail","hentry"],"translation":{"provider":"WPGlobus","version":"3.0.2","language":"br","enabled_languages":["fr","en","es","br","de"],"languages":{"fr":{"title":true,"content":true,"excerpt":true},"en":{"title":true,"content":true,"excerpt":true},"es":{"title":true,"content":true,"excerpt":true},"br":{"title":true,"content":true,"excerpt":true},"de":{"title":true,"content":true,"excerpt":true}}},"_links":{"self":[{"href":"https:\/\/www.barbie-secondlife.com\/br\/wp-json\/wp\/v2\/pages\/57","targetHints":{"allow":["GET"]}}],"collection":[{"href":"https:\/\/www.barbie-secondlife.com\/br\/wp-json\/wp\/v2\/pages"}],"about":[{"href":"https:\/\/www.barbie-secondlife.com\/br\/wp-json\/wp\/v2\/types\/page"}],"author":[{"embeddable":true,"href":"https:\/\/www.barbie-secondlife.com\/br\/wp-json\/wp\/v2\/users\/1"}],"replies":[{"embeddable":true,"href":"https:\/\/www.barbie-secondlife.com\/br\/wp-json\/wp\/v2\/comments?post=57"}],"version-history":[{"count":15,"href":"https:\/\/www.barbie-secondlife.com\/br\/wp-json\/wp\/v2\/pages\/57\/revisions"}],"predecessor-version":[{"id":608506,"href":"https:\/\/www.barbie-secondlife.com\/br\/wp-json\/wp\/v2\/pages\/57\/revisions\/608506"}],"wp:featuredmedia":[{"embeddable":true,"href":"https:\/\/www.barbie-secondlife.com\/br\/wp-json\/wp\/v2\/media\/12263"}],"wp:attachment":[{"href":"https:\/\/www.barbie-secondlife.com\/br\/wp-json\/wp\/v2\/media?parent=57"}],"curies":[{"name":"wp","href":"https:\/\/api.w.org\/{rel}","templated":true}]}}