{"id":588567,"date":"2022-03-18T14:10:16","date_gmt":"2022-03-18T13:10:16","guid":{"rendered":"https:\/\/www.barbie-secondlife.com\/?page_id=588567"},"modified":"2022-08-06T17:20:12","modified_gmt":"2022-08-06T15:20:12","slug":"bsl-magazine-2018","status":"publish","type":"page","link":"https:\/\/www.barbie-secondlife.com\/br\/bsl-magazine\/bsl-magazine-2018\/","title":{"rendered":"BSL Magazine 2018"},"content":{"rendered":"\n<h2 class=\"wp-block-heading\"><strong><em>Barbie &#8211; BSL Magazine 2018<\/em><\/strong><\/h2>\n\n\n\n<p><br>A <span style=\"font-family: lobster; color: #e67fb9;\">BSL Magazine<\/span> \u00e9 uma revista (em ingl\u00eas) que criei em 2017, foram 6 publica\u00e7\u00f5es em 2018, a nova edi\u00e7\u00e3o foi publicada em franc\u00eas, ingl\u00eas, espanhol, portugu\u00eas e alem\u00e3o.<\/p>\n\n\n\n<p>A nova vers\u00e3o (2022) destaca a <strong>Barbie do M\u00eas<\/strong>, uma se\u00e7\u00e3o de <strong>Moda\/Beleza<\/strong>, foco em uma <strong>Cole\u00e7\u00e3o de Barbie da Mattel<\/strong> e ainda a parte de <strong>Viagem<\/strong>.<br><br>A vers\u00e3o antiga (2017-2018) da revista oferece um destaque de uma <strong>Barbie <\/strong>da minha cole\u00e7\u00e3o, uma se\u00e7\u00e3o de <strong>Moda <\/strong>onde a Barbie apresenta suas escolhas de roupas, uma se\u00e7\u00e3o de <strong>Beleza <\/strong>com os diferentes cortes e \/ ou penteados da Barbie, uma se\u00e7\u00e3o de <strong>Viagens <\/strong>na qual 2 Barbies mostram a regi\u00e3o ou o pa\u00eds que representa e uma se\u00e7\u00e3o <strong>Esporte<\/strong>, onde est\u00e3o os principais eventos esportivos femininos do m\u00eas.<br><br>Publica\u00e7\u00e3o da revista mensal &#8211; BSL Magazine<\/p>\n\n\n\n<hr class=\"wp-block-separator\"\/>\n\n\n\n<div class=\"wp-block-columns is-layout-flex wp-container-core-columns-is-layout-9d6595d7 wp-block-columns-is-layout-flex\">\n<div class=\"wp-block-column is-layout-flow wp-block-column-is-layout-flow\">\n<p class=\"has-text-align-center has-text-color has-medium-font-size\" style=\"color:#e67fb9\"><strong>Junho de 2018<\/strong><\/p>\n\n\n\n<div class=\"wp-block-image\"><figure class=\"aligncenter size-full\"><a href=\"https:\/\/www.barbie-secondlife.com\/br\/bsl-magazine\/n12-juin-2018\/\"><img decoding=\"async\" width=\"352\" height=\"455\" data-src=\"https:\/\/www.barbie-secondlife.com\/wp-content\/uploads\/2018\/05\/BSL_Magazine_JUIN2018_EN_petite.jpg\" alt=\"\" class=\"wp-image-12421 lazyload\" data-srcset=\"https:\/\/www.barbie-secondlife.com\/wp-content\/uploads\/2018\/05\/BSL_Magazine_JUIN2018_EN_petite.jpg 352w, https:\/\/www.barbie-secondlife.com\/wp-content\/uploads\/2018\/05\/BSL_Magazine_JUIN2018_EN_petite-302x390.jpg 302w, https:\/\/www.barbie-secondlife.com\/wp-content\/uploads\/2018\/05\/BSL_Magazine_JUIN2018_EN_petite-200x259.jpg 200w, https:\/\/www.barbie-secondlife.com\/wp-content\/uploads\/2018\/05\/BSL_Magazine_JUIN2018_EN_petite-232x300.jpg 232w, https:\/\/www.barbie-secondlife.com\/wp-content\/uploads\/2018\/05\/BSL_Magazine_JUIN2018_EN_petite-350x452.jpg 350w, https:\/\/www.barbie-secondlife.com\/wp-content\/uploads\/2018\/05\/BSL_Magazine_JUIN2018_EN_petite-329x425.jpg 329w\" data-sizes=\"(max-width: 352px) 100vw, 352px\" src=\"data:image\/svg+xml;base64,PHN2ZyB3aWR0aD0iMSIgaGVpZ2h0PSIxIiB4bWxucz0iaHR0cDovL3d3dy53My5vcmcvMjAwMC9zdmciPjwvc3ZnPg==\" style=\"--smush-placeholder-width: 352px; --smush-placeholder-aspect-ratio: 352\/455;\" \/><\/a><\/figure><\/div>\n<\/div>\n\n\n\n<div class=\"wp-block-column is-layout-flow wp-block-column-is-layout-flow\">\n<p class=\"has-text-align-center has-text-color has-medium-font-size\" style=\"color:#e67fb9\"><strong>Maio de 2018<\/strong><\/p>\n\n\n\n<div class=\"wp-block-image\"><figure class=\"aligncenter size-full\"><a href=\"https:\/\/www.barbie-secondlife.com\/br\/bsl-magazine\/n11-mai-2018\/\"><img decoding=\"async\" width=\"352\" height=\"453\" data-src=\"https:\/\/www.barbie-secondlife.com\/wp-content\/uploads\/2018\/04\/BSL_Magazine_MAI2018_EN_petite.jpg\" alt=\"\" class=\"wp-image-11867 lazyload\" data-srcset=\"https:\/\/www.barbie-secondlife.com\/wp-content\/uploads\/2018\/04\/BSL_Magazine_MAI2018_EN_petite.jpg 352w, https:\/\/www.barbie-secondlife.com\/wp-content\/uploads\/2018\/04\/BSL_Magazine_MAI2018_EN_petite-302x389.jpg 302w, https:\/\/www.barbie-secondlife.com\/wp-content\/uploads\/2018\/04\/BSL_Magazine_MAI2018_EN_petite-200x257.jpg 200w, https:\/\/www.barbie-secondlife.com\/wp-content\/uploads\/2018\/04\/BSL_Magazine_MAI2018_EN_petite-233x300.jpg 233w, https:\/\/www.barbie-secondlife.com\/wp-content\/uploads\/2018\/04\/BSL_Magazine_MAI2018_EN_petite-350x450.jpg 350w, https:\/\/www.barbie-secondlife.com\/wp-content\/uploads\/2018\/04\/BSL_Magazine_MAI2018_EN_petite-330x425.jpg 330w, https:\/\/www.barbie-secondlife.com\/wp-content\/uploads\/2018\/04\/BSL_Magazine_MAI2018_EN_petite-300x386.jpg 300w\" data-sizes=\"(max-width: 352px) 100vw, 352px\" src=\"data:image\/svg+xml;base64,PHN2ZyB3aWR0aD0iMSIgaGVpZ2h0PSIxIiB4bWxucz0iaHR0cDovL3d3dy53My5vcmcvMjAwMC9zdmciPjwvc3ZnPg==\" style=\"--smush-placeholder-width: 352px; --smush-placeholder-aspect-ratio: 352\/453;\" \/><\/a><\/figure><\/div>\n<\/div>\n<\/div>\n\n\n\n<div class=\"wp-block-columns is-layout-flex wp-container-core-columns-is-layout-9d6595d7 wp-block-columns-is-layout-flex\">\n<div class=\"wp-block-column is-layout-flow wp-block-column-is-layout-flow\">\n<p class=\"has-text-align-center has-text-color has-medium-font-size\" style=\"color:#e67fb9\"><strong>Abril de 2018<\/strong><\/p>\n<\/div>\n\n\n\n<div class=\"wp-block-column is-layout-flow wp-block-column-is-layout-flow\">\n<p class=\"has-text-align-center has-text-color has-medium-font-size\" style=\"color:#e67fb9\"><strong><strong>Mar\u00e7o de <\/strong>2018<\/strong><\/p>\n<\/div>\n<\/div>\n\n\n\n<div class=\"wp-block-columns is-layout-flex wp-container-core-columns-is-layout-9d6595d7 wp-block-columns-is-layout-flex\">\n<div class=\"wp-block-column is-layout-flow wp-block-column-is-layout-flow\">\n<figure class=\"wp-block-image size-large\"><a href=\"https:\/\/www.barbie-secondlife.com\/br\/bsl-magazine\/n10-avril-2018\/\"><img decoding=\"async\" width=\"352\" height=\"453\" data-src=\"https:\/\/www.barbie-secondlife.com\/wp-content\/uploads\/2018\/03\/BSL_Magazine_AVRIL2018_EN_petite.jpg\" alt=\"BSL Magazine\" class=\"wp-image-11528 lazyload\" data-srcset=\"https:\/\/www.barbie-secondlife.com\/wp-content\/uploads\/2018\/03\/BSL_Magazine_AVRIL2018_EN_petite.jpg 352w, https:\/\/www.barbie-secondlife.com\/wp-content\/uploads\/2018\/03\/BSL_Magazine_AVRIL2018_EN_petite-302x389.jpg 302w, https:\/\/www.barbie-secondlife.com\/wp-content\/uploads\/2018\/03\/BSL_Magazine_AVRIL2018_EN_petite-200x257.jpg 200w, https:\/\/www.barbie-secondlife.com\/wp-content\/uploads\/2018\/03\/BSL_Magazine_AVRIL2018_EN_petite-233x300.jpg 233w, https:\/\/www.barbie-secondlife.com\/wp-content\/uploads\/2018\/03\/BSL_Magazine_AVRIL2018_EN_petite-350x450.jpg 350w, https:\/\/www.barbie-secondlife.com\/wp-content\/uploads\/2018\/03\/BSL_Magazine_AVRIL2018_EN_petite-330x425.jpg 330w, https:\/\/www.barbie-secondlife.com\/wp-content\/uploads\/2018\/03\/BSL_Magazine_AVRIL2018_EN_petite-300x386.jpg 300w\" data-sizes=\"(max-width: 352px) 100vw, 352px\" src=\"data:image\/svg+xml;base64,PHN2ZyB3aWR0aD0iMSIgaGVpZ2h0PSIxIiB4bWxucz0iaHR0cDovL3d3dy53My5vcmcvMjAwMC9zdmciPjwvc3ZnPg==\" style=\"--smush-placeholder-width: 352px; --smush-placeholder-aspect-ratio: 352\/453;\" \/><\/a><\/figure>\n\n\n\n<p><\/p>\n<\/div>\n\n\n\n<div class=\"wp-block-column is-layout-flow wp-block-column-is-layout-flow\">\n<figure class=\"wp-block-image size-large\"><a href=\"https:\/\/www.barbie-secondlife.com\/br\/bsl-magazine\/n9-mars-2018\/\"><img decoding=\"async\" width=\"350\" height=\"453\" data-src=\"https:\/\/www.barbie-secondlife.com\/wp-content\/uploads\/2018\/03\/BSL_Magazine_MARS2018_EN_petite.jpg\" alt=\"BSL Magazine\" class=\"wp-image-11436 lazyload\" data-srcset=\"https:\/\/www.barbie-secondlife.com\/wp-content\/uploads\/2018\/03\/BSL_Magazine_MARS2018_EN_petite.jpg 350w, https:\/\/www.barbie-secondlife.com\/wp-content\/uploads\/2018\/03\/BSL_Magazine_MARS2018_EN_petite-302x391.jpg 302w, https:\/\/www.barbie-secondlife.com\/wp-content\/uploads\/2018\/03\/BSL_Magazine_MARS2018_EN_petite-200x259.jpg 200w, https:\/\/www.barbie-secondlife.com\/wp-content\/uploads\/2018\/03\/BSL_Magazine_MARS2018_EN_petite-232x300.jpg 232w, https:\/\/www.barbie-secondlife.com\/wp-content\/uploads\/2018\/03\/BSL_Magazine_MARS2018_EN_petite-328x425.jpg 328w, https:\/\/www.barbie-secondlife.com\/wp-content\/uploads\/2018\/03\/BSL_Magazine_MARS2018_EN_petite-300x388.jpg 300w\" data-sizes=\"(max-width: 350px) 100vw, 350px\" src=\"data:image\/svg+xml;base64,PHN2ZyB3aWR0aD0iMSIgaGVpZ2h0PSIxIiB4bWxucz0iaHR0cDovL3d3dy53My5vcmcvMjAwMC9zdmciPjwvc3ZnPg==\" style=\"--smush-placeholder-width: 350px; --smush-placeholder-aspect-ratio: 350\/453;\" \/><\/a><\/figure>\n<\/div>\n<\/div>\n\n\n\n<div class=\"wp-block-columns is-layout-flex wp-container-core-columns-is-layout-9d6595d7 wp-block-columns-is-layout-flex\">\n<div class=\"wp-block-column is-layout-flow wp-block-column-is-layout-flow\">\n<p class=\"has-text-align-center has-text-color has-medium-font-size\" style=\"color:#e67fb9\"><strong><strong>Fevereiro<\/strong> <strong>de<\/strong><\/strong> <strong>2018<\/strong><\/p>\n<\/div>\n\n\n\n<div class=\"wp-block-column is-layout-flow wp-block-column-is-layout-flow\">\n<p class=\"has-text-align-center has-text-color has-medium-font-size\" style=\"color:#e67fb9\"><strong>Janeiro de 2018<\/strong><\/p>\n<\/div>\n<\/div>\n\n\n\n<div class=\"wp-block-columns is-layout-flex wp-container-core-columns-is-layout-9d6595d7 wp-block-columns-is-layout-flex\">\n<div class=\"wp-block-column is-layout-flow wp-block-column-is-layout-flow\">\n<figure class=\"wp-block-image size-large\"><a href=\"https:\/\/www.barbie-secondlife.com\/br\/bsl-magazine\/n8-fevrier-2018\/\"><img decoding=\"async\" width=\"350\" height=\"453\" data-src=\"https:\/\/www.barbie-secondlife.com\/wp-content\/uploads\/2018\/01\/BSL_Magazine_Fev2018_EN_petite.jpg\" alt=\"BSL Magazine\" class=\"wp-image-10931 lazyload\" data-srcset=\"https:\/\/www.barbie-secondlife.com\/wp-content\/uploads\/2018\/01\/BSL_Magazine_Fev2018_EN_petite.jpg 350w, https:\/\/www.barbie-secondlife.com\/wp-content\/uploads\/2018\/01\/BSL_Magazine_Fev2018_EN_petite-302x391.jpg 302w, https:\/\/www.barbie-secondlife.com\/wp-content\/uploads\/2018\/01\/BSL_Magazine_Fev2018_EN_petite-200x259.jpg 200w, https:\/\/www.barbie-secondlife.com\/wp-content\/uploads\/2018\/01\/BSL_Magazine_Fev2018_EN_petite-232x300.jpg 232w, https:\/\/www.barbie-secondlife.com\/wp-content\/uploads\/2018\/01\/BSL_Magazine_Fev2018_EN_petite-328x425.jpg 328w, https:\/\/www.barbie-secondlife.com\/wp-content\/uploads\/2018\/01\/BSL_Magazine_Fev2018_EN_petite-300x388.jpg 300w\" data-sizes=\"(max-width: 350px) 100vw, 350px\" src=\"data:image\/svg+xml;base64,PHN2ZyB3aWR0aD0iMSIgaGVpZ2h0PSIxIiB4bWxucz0iaHR0cDovL3d3dy53My5vcmcvMjAwMC9zdmciPjwvc3ZnPg==\" style=\"--smush-placeholder-width: 350px; --smush-placeholder-aspect-ratio: 350\/453;\" \/><\/a><\/figure>\n\n\n\n<p><\/p>\n<\/div>\n\n\n\n<div class=\"wp-block-column is-layout-flow wp-block-column-is-layout-flow\">\n<figure class=\"wp-block-image size-large\"><a href=\"https:\/\/www.barbie-secondlife.com\/br\/bsl-magazine\/n7-janvier-2018\/\"><img decoding=\"async\" width=\"350\" height=\"452\" data-src=\"https:\/\/www.barbie-secondlife.com\/wp-content\/uploads\/2017\/12\/BSL_Magazine_JAN2018_EN_petite.jpg\" alt=\"BSL Magazine\" class=\"wp-image-10855 lazyload\" data-srcset=\"https:\/\/www.barbie-secondlife.com\/wp-content\/uploads\/2017\/12\/BSL_Magazine_JAN2018_EN_petite.jpg 350w, https:\/\/www.barbie-secondlife.com\/wp-content\/uploads\/2017\/12\/BSL_Magazine_JAN2018_EN_petite-302x390.jpg 302w, https:\/\/www.barbie-secondlife.com\/wp-content\/uploads\/2017\/12\/BSL_Magazine_JAN2018_EN_petite-200x258.jpg 200w, https:\/\/www.barbie-secondlife.com\/wp-content\/uploads\/2017\/12\/BSL_Magazine_JAN2018_EN_petite-232x300.jpg 232w, https:\/\/www.barbie-secondlife.com\/wp-content\/uploads\/2017\/12\/BSL_Magazine_JAN2018_EN_petite-329x425.jpg 329w, https:\/\/www.barbie-secondlife.com\/wp-content\/uploads\/2017\/12\/BSL_Magazine_JAN2018_EN_petite-300x387.jpg 300w\" data-sizes=\"(max-width: 350px) 100vw, 350px\" src=\"data:image\/svg+xml;base64,PHN2ZyB3aWR0aD0iMSIgaGVpZ2h0PSIxIiB4bWxucz0iaHR0cDovL3d3dy53My5vcmcvMjAwMC9zdmciPjwvc3ZnPg==\" style=\"--smush-placeholder-width: 350px; --smush-placeholder-aspect-ratio: 350\/452;\" \/><\/a><\/figure>\n<\/div>\n<\/div>\n","protected":false},"excerpt":{"rendered":"<p>Barbie &#8211; BSL Magazine 2018 A BSL Magazine \u00e9 uma revista (em ingl\u00eas) que criei em 2017, foram 6 publica\u00e7\u00f5es em 2018, a nova edi\u00e7\u00e3o foi publicada em franc\u00eas, ingl\u00eas, espanhol, portugu\u00eas e alem\u00e3o. A nova vers\u00e3o (2022) destaca a Barbie do M\u00eas, uma se\u00e7\u00e3o de Moda\/Beleza, foco em uma Cole\u00e7\u00e3o de Barbie da Mattel [&hellip;]<\/p>\n","protected":false},"author":1,"featured_media":12258,"parent":8850,"menu_order":0,"comment_status":"closed","ping_status":"closed","template":"","meta":{"footnotes":""},"class_list":["post-588567","page","type-page","status-publish","has-post-thumbnail","hentry"],"translation":{"provider":"WPGlobus","version":"3.0.2","language":"br","enabled_languages":["fr","en","es","br","de"],"languages":{"fr":{"title":true,"content":true,"excerpt":false},"en":{"title":true,"content":true,"excerpt":false},"es":{"title":true,"content":true,"excerpt":false},"br":{"title":true,"content":true,"excerpt":false},"de":{"title":true,"content":true,"excerpt":false}}},"_links":{"self":[{"href":"https:\/\/www.barbie-secondlife.com\/br\/wp-json\/wp\/v2\/pages\/588567","targetHints":{"allow":["GET"]}}],"collection":[{"href":"https:\/\/www.barbie-secondlife.com\/br\/wp-json\/wp\/v2\/pages"}],"about":[{"href":"https:\/\/www.barbie-secondlife.com\/br\/wp-json\/wp\/v2\/types\/page"}],"author":[{"embeddable":true,"href":"https:\/\/www.barbie-secondlife.com\/br\/wp-json\/wp\/v2\/users\/1"}],"replies":[{"embeddable":true,"href":"https:\/\/www.barbie-secondlife.com\/br\/wp-json\/wp\/v2\/comments?post=588567"}],"version-history":[{"count":0,"href":"https:\/\/www.barbie-secondlife.com\/br\/wp-json\/wp\/v2\/pages\/588567\/revisions"}],"up":[{"embeddable":true,"href":"https:\/\/www.barbie-secondlife.com\/br\/wp-json\/wp\/v2\/pages\/8850"}],"wp:featuredmedia":[{"embeddable":true,"href":"https:\/\/www.barbie-secondlife.com\/br\/wp-json\/wp\/v2\/media\/12258"}],"wp:attachment":[{"href":"https:\/\/www.barbie-secondlife.com\/br\/wp-json\/wp\/v2\/media?parent=588567"}],"curies":[{"name":"wp","href":"https:\/\/api.w.org\/{rel}","templated":true}]}}