{"id":588568,"date":"2022-03-18T14:10:13","date_gmt":"2022-03-18T13:10:13","guid":{"rendered":"https:\/\/www.barbie-secondlife.com\/?page_id=588568"},"modified":"2022-08-06T17:20:06","modified_gmt":"2022-08-06T15:20:06","slug":"bsl-magazine-2017","status":"publish","type":"page","link":"https:\/\/www.barbie-secondlife.com\/br\/bsl-magazine\/bsl-magazine-2017\/","title":{"rendered":"BSL Magazine 2017"},"content":{"rendered":"\n<h2 class=\"wp-block-heading\"><strong><em>Barbie &#8211; BSL Magazine 2017<\/em><\/strong><\/h2>\n\n\n\n<p><br>A <span style=\"font-family: lobster; color: #e67fb9;\">BSL Magazine<\/span> \u00e9 uma revista (em ingl\u00eas) que criei em 2017, foram 6 publica\u00e7\u00f5es em 2017, a nova edi\u00e7\u00e3o foi publicada em franc\u00eas, ingl\u00eas, espanhol, portugu\u00eas e alem\u00e3o.<\/p>\n\n\n\n<p>A nova vers\u00e3o (2022) destaca a <strong>Barbie do M\u00eas<\/strong>, uma se\u00e7\u00e3o de <strong>Moda\/Beleza<\/strong>, foco em uma <strong>Cole\u00e7\u00e3o de Barbie da Mattel<\/strong> e ainda a parte de <strong>Viagem<\/strong>.<br><br>A vers\u00e3o antiga (2017-2018) da revista oferece um destaque de uma <strong>Barbie <\/strong>da minha cole\u00e7\u00e3o, uma se\u00e7\u00e3o de <strong>Moda <\/strong>onde a Barbie apresenta suas escolhas de roupas, uma se\u00e7\u00e3o de <strong>Beleza <\/strong>com os diferentes cortes e \/ ou penteados da Barbie, uma se\u00e7\u00e3o de <strong>Viagens <\/strong>na qual 2 Barbies mostram a regi\u00e3o ou o pa\u00eds que representa e uma se\u00e7\u00e3o <strong>Esporte<\/strong>, onde est\u00e3o os principais eventos esportivos femininos do m\u00eas.<br><br>Publica\u00e7\u00e3o da revista mensal &#8211; BSL Magazine<\/p>\n\n\n\n<hr class=\"wp-block-separator\"\/>\n\n\n\n<div class=\"wp-block-columns is-layout-flex wp-container-core-columns-is-layout-9d6595d7 wp-block-columns-is-layout-flex\">\n<div class=\"wp-block-column is-layout-flow wp-block-column-is-layout-flow\">\n<p class=\"has-text-align-center has-text-color has-medium-font-size\" style=\"color:#e67fb9\"><strong>Dezembro de 2017<\/strong><\/p>\n<\/div>\n\n\n\n<div class=\"wp-block-column is-layout-flow wp-block-column-is-layout-flow\">\n<p class=\"has-text-align-center has-text-color has-medium-font-size\" style=\"color:#e67fb9\"><strong><strong>Novembro de<\/strong><\/strong> <strong>2017<\/strong><\/p>\n<\/div>\n<\/div>\n\n\n\n<div class=\"wp-block-columns is-layout-flex wp-container-core-columns-is-layout-9d6595d7 wp-block-columns-is-layout-flex\">\n<div class=\"wp-block-column is-layout-flow wp-block-column-is-layout-flow\">\n<figure class=\"wp-block-image size-medium\"><a href=\"https:\/\/www.barbie-secondlife.com\/br\/bsl-magazine\/n6-decembre-2017\/\"><img decoding=\"async\" width=\"350\" height=\"455\" data-src=\"https:\/\/www.barbie-secondlife.com\/wp-content\/uploads\/2017\/11\/BSL_Magazine_Dec2017_EN-350x455.png\" alt=\"BSL Magazine\" class=\"wp-image-10327 lazyload\" data-srcset=\"https:\/\/www.barbie-secondlife.com\/wp-content\/uploads\/2017\/11\/BSL_Magazine_Dec2017_EN-350x455.png 350w, https:\/\/www.barbie-secondlife.com\/wp-content\/uploads\/2017\/11\/BSL_Magazine_Dec2017_EN-302x393.png 302w, https:\/\/www.barbie-secondlife.com\/wp-content\/uploads\/2017\/11\/BSL_Magazine_Dec2017_EN-200x260.png 200w, https:\/\/www.barbie-secondlife.com\/wp-content\/uploads\/2017\/11\/BSL_Magazine_Dec2017_EN-500x650.png 500w, https:\/\/www.barbie-secondlife.com\/wp-content\/uploads\/2017\/11\/BSL_Magazine_Dec2017_EN-231x300.png 231w, https:\/\/www.barbie-secondlife.com\/wp-content\/uploads\/2017\/11\/BSL_Magazine_Dec2017_EN-768x999.png 768w, https:\/\/www.barbie-secondlife.com\/wp-content\/uploads\/2017\/11\/BSL_Magazine_Dec2017_EN-787x1024.png 787w, https:\/\/www.barbie-secondlife.com\/wp-content\/uploads\/2017\/11\/BSL_Magazine_Dec2017_EN-327x425.png 327w, https:\/\/www.barbie-secondlife.com\/wp-content\/uploads\/2017\/11\/BSL_Magazine_Dec2017_EN-300x390.png 300w, https:\/\/www.barbie-secondlife.com\/wp-content\/uploads\/2017\/11\/BSL_Magazine_Dec2017_EN.png 1090w\" data-sizes=\"(max-width: 350px) 100vw, 350px\" src=\"data:image\/svg+xml;base64,PHN2ZyB3aWR0aD0iMSIgaGVpZ2h0PSIxIiB4bWxucz0iaHR0cDovL3d3dy53My5vcmcvMjAwMC9zdmciPjwvc3ZnPg==\" style=\"--smush-placeholder-width: 350px; --smush-placeholder-aspect-ratio: 350\/455;\" \/><\/a><\/figure>\n<\/div>\n\n\n\n<div class=\"wp-block-column is-layout-flow wp-block-column-is-layout-flow\">\n<figure class=\"wp-block-image size-medium\"><a href=\"https:\/\/www.barbie-secondlife.com\/br\/bsl-magazine\/n5-novembre-2017\/\"><img decoding=\"async\" width=\"350\" height=\"454\" data-src=\"https:\/\/www.barbie-secondlife.com\/wp-content\/uploads\/2017\/10\/Screen-Shot-2017-10-29-at-13.25.19-350x454.png\" alt=\"Barbie Heather\" class=\"wp-image-10121 lazyload\" data-srcset=\"https:\/\/www.barbie-secondlife.com\/wp-content\/uploads\/2017\/10\/Screen-Shot-2017-10-29-at-13.25.19-350x454.png 350w, https:\/\/www.barbie-secondlife.com\/wp-content\/uploads\/2017\/10\/Screen-Shot-2017-10-29-at-13.25.19-302x392.png 302w, https:\/\/www.barbie-secondlife.com\/wp-content\/uploads\/2017\/10\/Screen-Shot-2017-10-29-at-13.25.19-200x260.png 200w, https:\/\/www.barbie-secondlife.com\/wp-content\/uploads\/2017\/10\/Screen-Shot-2017-10-29-at-13.25.19-500x649.png 500w, https:\/\/www.barbie-secondlife.com\/wp-content\/uploads\/2017\/10\/Screen-Shot-2017-10-29-at-13.25.19-231x300.png 231w, https:\/\/www.barbie-secondlife.com\/wp-content\/uploads\/2017\/10\/Screen-Shot-2017-10-29-at-13.25.19-768x997.png 768w, https:\/\/www.barbie-secondlife.com\/wp-content\/uploads\/2017\/10\/Screen-Shot-2017-10-29-at-13.25.19-789x1024.png 789w, https:\/\/www.barbie-secondlife.com\/wp-content\/uploads\/2017\/10\/Screen-Shot-2017-10-29-at-13.25.19-327x425.png 327w, https:\/\/www.barbie-secondlife.com\/wp-content\/uploads\/2017\/10\/Screen-Shot-2017-10-29-at-13.25.19-300x389.png 300w, https:\/\/www.barbie-secondlife.com\/wp-content\/uploads\/2017\/10\/Screen-Shot-2017-10-29-at-13.25.19.png 1088w\" data-sizes=\"(max-width: 350px) 100vw, 350px\" src=\"data:image\/svg+xml;base64,PHN2ZyB3aWR0aD0iMSIgaGVpZ2h0PSIxIiB4bWxucz0iaHR0cDovL3d3dy53My5vcmcvMjAwMC9zdmciPjwvc3ZnPg==\" style=\"--smush-placeholder-width: 350px; --smush-placeholder-aspect-ratio: 350\/454;\" \/><\/a><\/figure>\n<\/div>\n<\/div>\n\n\n\n<div class=\"wp-block-columns is-layout-flex wp-container-core-columns-is-layout-9d6595d7 wp-block-columns-is-layout-flex\">\n<div class=\"wp-block-column is-layout-flow wp-block-column-is-layout-flow\">\n<p class=\"has-text-align-center has-text-color has-medium-font-size\" style=\"color:#e67fb9\"><strong>Outubro de 2017<\/strong><\/p>\n<\/div>\n\n\n\n<div class=\"wp-block-column is-layout-flow wp-block-column-is-layout-flow\">\n<p class=\"has-text-align-center has-text-color has-medium-font-size\" style=\"color:#e67fb9\"><strong><strong>Setembro de <\/strong>2017<\/strong><\/p>\n<\/div>\n<\/div>\n\n\n\n<div class=\"wp-block-columns is-layout-flex wp-container-core-columns-is-layout-9d6595d7 wp-block-columns-is-layout-flex\">\n<div class=\"wp-block-column is-layout-flow wp-block-column-is-layout-flow\">\n<figure class=\"wp-block-image size-medium\"><a href=\"https:\/\/www.barbie-secondlife.com\/br\/bsl-magazine\/n4-octobre-2017\/\"><img decoding=\"async\" width=\"350\" height=\"453\" data-src=\"https:\/\/www.barbie-secondlife.com\/wp-content\/uploads\/2017\/10\/BSL_Magazine4_EN-350x453.jpg\" alt=\"\" class=\"wp-image-9584 lazyload\" data-srcset=\"https:\/\/www.barbie-secondlife.com\/wp-content\/uploads\/2017\/10\/BSL_Magazine4_EN-350x453.jpg 350w, https:\/\/www.barbie-secondlife.com\/wp-content\/uploads\/2017\/10\/BSL_Magazine4_EN-302x390.jpg 302w, https:\/\/www.barbie-secondlife.com\/wp-content\/uploads\/2017\/10\/BSL_Magazine4_EN-200x259.jpg 200w, https:\/\/www.barbie-secondlife.com\/wp-content\/uploads\/2017\/10\/BSL_Magazine4_EN-500x646.jpg 500w, https:\/\/www.barbie-secondlife.com\/wp-content\/uploads\/2017\/10\/BSL_Magazine4_EN-232x300.jpg 232w, https:\/\/www.barbie-secondlife.com\/wp-content\/uploads\/2017\/10\/BSL_Magazine4_EN-768x993.jpg 768w, https:\/\/www.barbie-secondlife.com\/wp-content\/uploads\/2017\/10\/BSL_Magazine4_EN-792x1024.jpg 792w, https:\/\/www.barbie-secondlife.com\/wp-content\/uploads\/2017\/10\/BSL_Magazine4_EN-329x425.jpg 329w, https:\/\/www.barbie-secondlife.com\/wp-content\/uploads\/2017\/10\/BSL_Magazine4_EN-300x388.jpg 300w, https:\/\/www.barbie-secondlife.com\/wp-content\/uploads\/2017\/10\/BSL_Magazine4_EN.jpg 850w\" data-sizes=\"(max-width: 350px) 100vw, 350px\" src=\"data:image\/svg+xml;base64,PHN2ZyB3aWR0aD0iMSIgaGVpZ2h0PSIxIiB4bWxucz0iaHR0cDovL3d3dy53My5vcmcvMjAwMC9zdmciPjwvc3ZnPg==\" style=\"--smush-placeholder-width: 350px; --smush-placeholder-aspect-ratio: 350\/453;\" \/><\/a><\/figure>\n<\/div>\n\n\n\n<div class=\"wp-block-column is-layout-flow wp-block-column-is-layout-flow\">\n<figure class=\"wp-block-image size-medium\"><a href=\"https:\/\/www.barbie-secondlife.com\/br\/bsl-magazine\/n3-septembre-2017\/\"><img decoding=\"async\" width=\"350\" height=\"449\" data-src=\"https:\/\/www.barbie-secondlife.com\/wp-content\/uploads\/2017\/08\/BSL_Magazine_Sept_EN-350x449.jpg\" alt=\"\" class=\"wp-image-9308 lazyload\" data-srcset=\"https:\/\/www.barbie-secondlife.com\/wp-content\/uploads\/2017\/08\/BSL_Magazine_Sept_EN-350x449.jpg 350w, https:\/\/www.barbie-secondlife.com\/wp-content\/uploads\/2017\/08\/BSL_Magazine_Sept_EN-302x388.jpg 302w, https:\/\/www.barbie-secondlife.com\/wp-content\/uploads\/2017\/08\/BSL_Magazine_Sept_EN-200x257.jpg 200w, https:\/\/www.barbie-secondlife.com\/wp-content\/uploads\/2017\/08\/BSL_Magazine_Sept_EN-500x642.jpg 500w, https:\/\/www.barbie-secondlife.com\/wp-content\/uploads\/2017\/08\/BSL_Magazine_Sept_EN-234x300.jpg 234w, https:\/\/www.barbie-secondlife.com\/wp-content\/uploads\/2017\/08\/BSL_Magazine_Sept_EN-768x986.jpg 768w, https:\/\/www.barbie-secondlife.com\/wp-content\/uploads\/2017\/08\/BSL_Magazine_Sept_EN-798x1024.jpg 798w, https:\/\/www.barbie-secondlife.com\/wp-content\/uploads\/2017\/08\/BSL_Magazine_Sept_EN-331x425.jpg 331w, https:\/\/www.barbie-secondlife.com\/wp-content\/uploads\/2017\/08\/BSL_Magazine_Sept_EN-300x385.jpg 300w, https:\/\/www.barbie-secondlife.com\/wp-content\/uploads\/2017\/08\/BSL_Magazine_Sept_EN.jpg 938w\" data-sizes=\"(max-width: 350px) 100vw, 350px\" src=\"data:image\/svg+xml;base64,PHN2ZyB3aWR0aD0iMSIgaGVpZ2h0PSIxIiB4bWxucz0iaHR0cDovL3d3dy53My5vcmcvMjAwMC9zdmciPjwvc3ZnPg==\" style=\"--smush-placeholder-width: 350px; --smush-placeholder-aspect-ratio: 350\/449;\" \/><\/a><\/figure>\n<\/div>\n<\/div>\n\n\n\n<div class=\"wp-block-columns is-layout-flex wp-container-core-columns-is-layout-9d6595d7 wp-block-columns-is-layout-flex\">\n<div class=\"wp-block-column is-layout-flow wp-block-column-is-layout-flow\">\n<p class=\"has-text-align-center has-text-color has-medium-font-size\" style=\"color:#e67fb9\"><strong><strong>Agosto de<\/strong><\/strong> <strong>2017<\/strong><\/p>\n<\/div>\n\n\n\n<div class=\"wp-block-column is-layout-flow wp-block-column-is-layout-flow\">\n<p class=\"has-text-align-center has-text-color has-medium-font-size\" style=\"color:#e67fb9\"><strong>Julho de 2017<\/strong><\/p>\n<\/div>\n<\/div>\n\n\n\n<div class=\"wp-block-columns is-layout-flex wp-container-core-columns-is-layout-9d6595d7 wp-block-columns-is-layout-flex\">\n<div class=\"wp-block-column is-layout-flow wp-block-column-is-layout-flow\">\n<figure class=\"wp-block-image size-medium\"><a href=\"https:\/\/www.barbie-secondlife.com\/br\/bsl-magazine\/n2-aout-2017\/\"><img decoding=\"async\" width=\"350\" height=\"454\" data-src=\"https:\/\/www.barbie-secondlife.com\/wp-content\/uploads\/2017\/07\/BSL_Magazine2-350x454.jpg\" alt=\"\" class=\"wp-image-9100 lazyload\" data-srcset=\"https:\/\/www.barbie-secondlife.com\/wp-content\/uploads\/2017\/07\/BSL_Magazine2-350x454.jpg 350w, https:\/\/www.barbie-secondlife.com\/wp-content\/uploads\/2017\/07\/BSL_Magazine2-302x392.jpg 302w, https:\/\/www.barbie-secondlife.com\/wp-content\/uploads\/2017\/07\/BSL_Magazine2-200x259.jpg 200w, https:\/\/www.barbie-secondlife.com\/wp-content\/uploads\/2017\/07\/BSL_Magazine2-500x649.jpg 500w, https:\/\/www.barbie-secondlife.com\/wp-content\/uploads\/2017\/07\/BSL_Magazine2-231x300.jpg 231w, https:\/\/www.barbie-secondlife.com\/wp-content\/uploads\/2017\/07\/BSL_Magazine2-768x996.jpg 768w, https:\/\/www.barbie-secondlife.com\/wp-content\/uploads\/2017\/07\/BSL_Magazine2-790x1024.jpg 790w, https:\/\/www.barbie-secondlife.com\/wp-content\/uploads\/2017\/07\/BSL_Magazine2-328x425.jpg 328w, https:\/\/www.barbie-secondlife.com\/wp-content\/uploads\/2017\/07\/BSL_Magazine2-300x389.jpg 300w, https:\/\/www.barbie-secondlife.com\/wp-content\/uploads\/2017\/07\/BSL_Magazine2.jpg 936w\" data-sizes=\"(max-width: 350px) 100vw, 350px\" src=\"data:image\/svg+xml;base64,PHN2ZyB3aWR0aD0iMSIgaGVpZ2h0PSIxIiB4bWxucz0iaHR0cDovL3d3dy53My5vcmcvMjAwMC9zdmciPjwvc3ZnPg==\" style=\"--smush-placeholder-width: 350px; --smush-placeholder-aspect-ratio: 350\/454;\" \/><\/a><\/figure>\n\n\n\n<p><\/p>\n<\/div>\n\n\n\n<div class=\"wp-block-column is-layout-flow wp-block-column-is-layout-flow\">\n<figure class=\"wp-block-image size-medium\"><a href=\"https:\/\/www.barbie-secondlife.com\/br\/bsl-magazine\/n1-juillet-2017\/\"><img decoding=\"async\" width=\"350\" height=\"449\" data-src=\"https:\/\/www.barbie-secondlife.com\/wp-content\/uploads\/2017\/07\/BSL_Magazine1-350x449.jpg\" alt=\"\" class=\"wp-image-8852 lazyload\" data-srcset=\"https:\/\/www.barbie-secondlife.com\/wp-content\/uploads\/2017\/07\/BSL_Magazine1-350x449.jpg 350w, https:\/\/www.barbie-secondlife.com\/wp-content\/uploads\/2017\/07\/BSL_Magazine1-302x387.jpg 302w, https:\/\/www.barbie-secondlife.com\/wp-content\/uploads\/2017\/07\/BSL_Magazine1-200x256.jpg 200w, https:\/\/www.barbie-secondlife.com\/wp-content\/uploads\/2017\/07\/BSL_Magazine1-500x641.jpg 500w, https:\/\/www.barbie-secondlife.com\/wp-content\/uploads\/2017\/07\/BSL_Magazine1-234x300.jpg 234w, https:\/\/www.barbie-secondlife.com\/wp-content\/uploads\/2017\/07\/BSL_Magazine1-332x425.jpg 332w, https:\/\/www.barbie-secondlife.com\/wp-content\/uploads\/2017\/07\/BSL_Magazine1-300x384.jpg 300w, https:\/\/www.barbie-secondlife.com\/wp-content\/uploads\/2017\/07\/BSL_Magazine1.jpg 700w\" data-sizes=\"(max-width: 350px) 100vw, 350px\" src=\"data:image\/svg+xml;base64,PHN2ZyB3aWR0aD0iMSIgaGVpZ2h0PSIxIiB4bWxucz0iaHR0cDovL3d3dy53My5vcmcvMjAwMC9zdmciPjwvc3ZnPg==\" style=\"--smush-placeholder-width: 350px; --smush-placeholder-aspect-ratio: 350\/449;\" \/><\/a><\/figure>\n<\/div>\n<\/div>\n","protected":false},"excerpt":{"rendered":"<p>Barbie &#8211; BSL Magazine 2017 A BSL Magazine \u00e9 uma revista (em ingl\u00eas) que criei em 2017, foram 6 publica\u00e7\u00f5es em 2017, a nova edi\u00e7\u00e3o foi publicada em franc\u00eas, ingl\u00eas, espanhol, portugu\u00eas e alem\u00e3o. A nova vers\u00e3o (2022) destaca a Barbie do M\u00eas, uma se\u00e7\u00e3o de Moda\/Beleza, foco em uma Cole\u00e7\u00e3o de Barbie da Mattel [&hellip;]<\/p>\n","protected":false},"author":1,"featured_media":12258,"parent":8850,"menu_order":0,"comment_status":"closed","ping_status":"closed","template":"","meta":{"footnotes":""},"class_list":["post-588568","page","type-page","status-publish","has-post-thumbnail","hentry"],"translation":{"provider":"WPGlobus","version":"3.0.2","language":"br","enabled_languages":["fr","en","es","br","de"],"languages":{"fr":{"title":true,"content":true,"excerpt":false},"en":{"title":true,"content":true,"excerpt":false},"es":{"title":true,"content":true,"excerpt":false},"br":{"title":true,"content":true,"excerpt":false},"de":{"title":true,"content":true,"excerpt":false}}},"_links":{"self":[{"href":"https:\/\/www.barbie-secondlife.com\/br\/wp-json\/wp\/v2\/pages\/588568","targetHints":{"allow":["GET"]}}],"collection":[{"href":"https:\/\/www.barbie-secondlife.com\/br\/wp-json\/wp\/v2\/pages"}],"about":[{"href":"https:\/\/www.barbie-secondlife.com\/br\/wp-json\/wp\/v2\/types\/page"}],"author":[{"embeddable":true,"href":"https:\/\/www.barbie-secondlife.com\/br\/wp-json\/wp\/v2\/users\/1"}],"replies":[{"embeddable":true,"href":"https:\/\/www.barbie-secondlife.com\/br\/wp-json\/wp\/v2\/comments?post=588568"}],"version-history":[{"count":0,"href":"https:\/\/www.barbie-secondlife.com\/br\/wp-json\/wp\/v2\/pages\/588568\/revisions"}],"up":[{"embeddable":true,"href":"https:\/\/www.barbie-secondlife.com\/br\/wp-json\/wp\/v2\/pages\/8850"}],"wp:featuredmedia":[{"embeddable":true,"href":"https:\/\/www.barbie-secondlife.com\/br\/wp-json\/wp\/v2\/media\/12258"}],"wp:attachment":[{"href":"https:\/\/www.barbie-secondlife.com\/br\/wp-json\/wp\/v2\/media?parent=588568"}],"curies":[{"name":"wp","href":"https:\/\/api.w.org\/{rel}","templated":true}]}}