{"id":588652,"date":"2022-03-18T14:44:53","date_gmt":"2022-03-18T13:44:53","guid":{"rendered":"https:\/\/www.barbie-secondlife.com\/?page_id=588652"},"modified":"2022-08-06T17:20:19","modified_gmt":"2022-08-06T15:20:19","slug":"bsl-magazine-2022","status":"publish","type":"page","link":"https:\/\/www.barbie-secondlife.com\/br\/bsl-magazine\/bsl-magazine-2022\/","title":{"rendered":"BSL Magazine 2022"},"content":{"rendered":"\n<h2 class=\"wp-block-heading\"><strong><em>Barbie &#8211; BSL Magazine 2022<\/em><\/strong><\/h2>\n\n\n\n<p><br>A <span style=\"font-family: lobster; color: #e67fb9;\">BSL Magazine<\/span> \u00e9 uma revista (em ingl\u00eas) que criei em 2017, A nova edi\u00e7\u00e3o foi publicada em franc\u00eas, ingl\u00eas, espanhol, portugu\u00eas e alem\u00e3o.<\/p>\n\n\n\n<p>A nova vers\u00e3o (2022) destaca a <strong>Barbie do M\u00eas<\/strong>, uma se\u00e7\u00e3o de <strong>Moda\/Beleza<\/strong>, foco em uma <strong>Cole\u00e7\u00e3o de Barbie da Mattel<\/strong> e ainda a parte de <strong>Viagem<\/strong>.<br><br>A vers\u00e3o antiga (2017-2018) da revista oferece um destaque de uma <strong>Barbie <\/strong>da minha cole\u00e7\u00e3o, uma se\u00e7\u00e3o de <strong>Moda <\/strong>onde a Barbie apresenta suas escolhas de roupas, uma se\u00e7\u00e3o de <strong>Beleza <\/strong>com os diferentes cortes e \/ ou penteados da Barbie, uma se\u00e7\u00e3o de <strong>Viagens <\/strong>na qual 2 Barbies mostram a regi\u00e3o ou o pa\u00eds que representa e uma se\u00e7\u00e3o <strong>Esporte<\/strong>, onde est\u00e3o os principais eventos esportivos femininos do m\u00eas.<br><br>Publica\u00e7\u00e3o da revista mensal &#8211; BSL Magazine<\/p>\n\n\n\n<hr class=\"wp-block-separator\"\/>\n\n\n\n<div class=\"wp-block-columns is-layout-flex wp-container-core-columns-is-layout-9d6595d7 wp-block-columns-is-layout-flex\">\n<div class=\"wp-block-column is-layout-flow wp-block-column-is-layout-flow\">\n<p class=\"has-text-align-center has-text-color has-medium-font-size\" style=\"color:#e67fb9\"><strong>Abril de 2022<\/strong><\/p>\n\n\n<a href=\"https:\/\/www.barbie-secondlife.com\/wp-content\/uploads\/2022\/03\/BSLMagazine_Avril2022_BR.pdf\" class=\"pdfemb-viewer\" style=\"width:500px;height:647px;\" data-width=\"500\" data-height=\"647\" data-toolbar=\"both\" data-toolbar-fixed=\"on\">BSLMagazine_Avril2022_BR<\/a>\n<p class=\"wp-block-pdfemb-pdf-embedder-viewer\"><\/p>\n<\/div>\n\n\n\n<div class=\"wp-block-column is-layout-flow wp-block-column-is-layout-flow\">\n<p class=\"has-text-align-center has-text-color has-medium-font-size\" style=\"color:#e67fb9\"><strong>Mar\u00e7o de 2022<\/strong><\/p>\n\n\n<a href=\"https:\/\/www.barbie-secondlife.com\/wp-content\/uploads\/2022\/02\/BSLMagazine_Mars2022_BR.pdf\" class=\"pdfemb-viewer\" style=\"width:500px;height:647px;\" data-width=\"500\" data-height=\"647\" data-toolbar=\"both\" data-toolbar-fixed=\"on\">BSLMagazine_Mars2022_BR<\/a>\n<p class=\"wp-block-pdfemb-pdf-embedder-viewer\"><\/p>\n<\/div>\n<\/div>\n","protected":false},"excerpt":{"rendered":"<p>Barbie &#8211; BSL Magazine 2022 A BSL Magazine \u00e9 uma revista (em ingl\u00eas) que criei em 2017, A nova edi\u00e7\u00e3o foi publicada em franc\u00eas, ingl\u00eas, espanhol, portugu\u00eas e alem\u00e3o. A nova vers\u00e3o (2022) destaca a Barbie do M\u00eas, uma se\u00e7\u00e3o de Moda\/Beleza, foco em uma Cole\u00e7\u00e3o de Barbie da Mattel e ainda a parte de [&hellip;]<\/p>\n","protected":false},"author":1,"featured_media":12258,"parent":8850,"menu_order":0,"comment_status":"closed","ping_status":"closed","template":"","meta":{"footnotes":""},"class_list":["post-588652","page","type-page","status-publish","has-post-thumbnail","hentry"],"translation":{"provider":"WPGlobus","version":"3.0.2","language":"br","enabled_languages":["fr","en","es","br","de"],"languages":{"fr":{"title":true,"content":true,"excerpt":false},"en":{"title":true,"content":true,"excerpt":false},"es":{"title":true,"content":true,"excerpt":false},"br":{"title":true,"content":true,"excerpt":false},"de":{"title":true,"content":true,"excerpt":false}}},"_links":{"self":[{"href":"https:\/\/www.barbie-secondlife.com\/br\/wp-json\/wp\/v2\/pages\/588652","targetHints":{"allow":["GET"]}}],"collection":[{"href":"https:\/\/www.barbie-secondlife.com\/br\/wp-json\/wp\/v2\/pages"}],"about":[{"href":"https:\/\/www.barbie-secondlife.com\/br\/wp-json\/wp\/v2\/types\/page"}],"author":[{"embeddable":true,"href":"https:\/\/www.barbie-secondlife.com\/br\/wp-json\/wp\/v2\/users\/1"}],"replies":[{"embeddable":true,"href":"https:\/\/www.barbie-secondlife.com\/br\/wp-json\/wp\/v2\/comments?post=588652"}],"version-history":[{"count":0,"href":"https:\/\/www.barbie-secondlife.com\/br\/wp-json\/wp\/v2\/pages\/588652\/revisions"}],"up":[{"embeddable":true,"href":"https:\/\/www.barbie-secondlife.com\/br\/wp-json\/wp\/v2\/pages\/8850"}],"wp:featuredmedia":[{"embeddable":true,"href":"https:\/\/www.barbie-secondlife.com\/br\/wp-json\/wp\/v2\/media\/12258"}],"wp:attachment":[{"href":"https:\/\/www.barbie-secondlife.com\/br\/wp-json\/wp\/v2\/media?parent=588652"}],"curies":[{"name":"wp","href":"https:\/\/api.w.org\/{rel}","templated":true}]}}