{"id":592674,"date":"2022-07-17T19:26:05","date_gmt":"2022-07-17T17:26:05","guid":{"rendered":"https:\/\/www.barbie-secondlife.com\/?page_id=592674"},"modified":"2023-02-05T20:37:10","modified_gmt":"2023-02-05T19:37:10","slug":"teinte-de-peau-de-barbie","status":"publish","type":"page","link":"https:\/\/www.barbie-secondlife.com\/br\/attributs\/teinte-de-peau-de-barbie\/","title":{"rendered":"Barbie tom de pele"},"content":{"rendered":"\n<h2 class=\"wp-block-heading\"><strong><em>Barbie tons de pele<\/em><\/strong><\/h2>\n\n\n\n<p>S\u00e3o 10 cores de pele para a boneca Barbie, aqui est\u00e3o as refer\u00eancias da Mattel em termos de tonalidades. Ao clicar em uma das imagens abaixo, voc\u00ea descobrir\u00e1 as Barbies da minha cole\u00e7\u00e3o correspondentes ao tom<\/p>\n\n\n\n<figure class=\"wp-block-table\"><table><tbody><tr><td><a href=\"https:\/\/www.barbie-secondlife.com\/br\/barbies\/world\/?filter_25peau=noire&amp;query_type_25peau=or\"><img decoding=\"async\" width=\"150\" height=\"203\" class=\"wp-image-592662 lazyload\" style=\"--smush-placeholder-width: 150px; --smush-placeholder-aspect-ratio: 150\/203;width: 150px;\" data-src=\"https:\/\/www.barbie-secondlife.com\/wp-content\/uploads\/2022\/07\/Barbie_Espresso.jpg\" alt=\"\" data-srcset=\"https:\/\/www.barbie-secondlife.com\/wp-content\/uploads\/2022\/07\/Barbie_Espresso.jpg 288w, https:\/\/www.barbie-secondlife.com\/wp-content\/uploads\/2022\/07\/Barbie_Espresso-200x270.jpg 200w, https:\/\/www.barbie-secondlife.com\/wp-content\/uploads\/2022\/07\/Barbie_Espresso-222x300.jpg 222w\" data-sizes=\"(max-width: 150px) 100vw, 150px\" src=\"data:image\/svg+xml;base64,PHN2ZyB3aWR0aD0iMSIgaGVpZ2h0PSIxIiB4bWxucz0iaHR0cDovL3d3dy53My5vcmcvMjAwMC9zdmciPjwvc3ZnPg==\" \/><\/a><\/td><td><a href=\"https:\/\/www.barbie-secondlife.com\/br\/barbies\/world\/?query_type_25peau=or&amp;filter_25peau=cacao\"><img decoding=\"async\" width=\"150\" height=\"203\" class=\"wp-image-592661 lazyload\" style=\"--smush-placeholder-width: 150px; --smush-placeholder-aspect-ratio: 150\/203;width: 150px;\" data-src=\"https:\/\/www.barbie-secondlife.com\/wp-content\/uploads\/2022\/07\/Barbie_Cocoa.jpg\" alt=\"\" data-srcset=\"https:\/\/www.barbie-secondlife.com\/wp-content\/uploads\/2022\/07\/Barbie_Cocoa.jpg 288w, https:\/\/www.barbie-secondlife.com\/wp-content\/uploads\/2022\/07\/Barbie_Cocoa-200x270.jpg 200w, https:\/\/www.barbie-secondlife.com\/wp-content\/uploads\/2022\/07\/Barbie_Cocoa-222x300.jpg 222w\" data-sizes=\"(max-width: 150px) 100vw, 150px\" src=\"data:image\/svg+xml;base64,PHN2ZyB3aWR0aD0iMSIgaGVpZ2h0PSIxIiB4bWxucz0iaHR0cDovL3d3dy53My5vcmcvMjAwMC9zdmciPjwvc3ZnPg==\" \/><\/a><\/td><td><a href=\"https:\/\/www.barbie-secondlife.com\/br\/barbies\/world\/?query_type_25peau=or&amp;filter_25peau=noisette\"><img decoding=\"async\" width=\"150\" height=\"203\" class=\"wp-image-592660 lazyload\" style=\"--smush-placeholder-width: 150px; --smush-placeholder-aspect-ratio: 150\/203;width: 150px;\" data-src=\"https:\/\/www.barbie-secondlife.com\/wp-content\/uploads\/2022\/07\/Barbie_Hazelnut.jpg\" alt=\"\" data-srcset=\"https:\/\/www.barbie-secondlife.com\/wp-content\/uploads\/2022\/07\/Barbie_Hazelnut.jpg 288w, https:\/\/www.barbie-secondlife.com\/wp-content\/uploads\/2022\/07\/Barbie_Hazelnut-200x270.jpg 200w, https:\/\/www.barbie-secondlife.com\/wp-content\/uploads\/2022\/07\/Barbie_Hazelnut-222x300.jpg 222w\" data-sizes=\"(max-width: 150px) 100vw, 150px\" src=\"data:image\/svg+xml;base64,PHN2ZyB3aWR0aD0iMSIgaGVpZ2h0PSIxIiB4bWxucz0iaHR0cDovL3d3dy53My5vcmcvMjAwMC9zdmciPjwvc3ZnPg==\" \/><\/a><\/td><td><a href=\"https:\/\/www.barbie-secondlife.com\/br\/barbies\/world\/?query_type_25peau=or&amp;filter_25peau=moka\"><img decoding=\"async\" width=\"150\" height=\"203\" class=\"wp-image-592659 lazyload\" style=\"--smush-placeholder-width: 150px; --smush-placeholder-aspect-ratio: 150\/203;width: 150px;\" data-src=\"https:\/\/www.barbie-secondlife.com\/wp-content\/uploads\/2022\/07\/Barbie_Mocha.jpg\" alt=\"\" data-srcset=\"https:\/\/www.barbie-secondlife.com\/wp-content\/uploads\/2022\/07\/Barbie_Mocha.jpg 288w, https:\/\/www.barbie-secondlife.com\/wp-content\/uploads\/2022\/07\/Barbie_Mocha-200x270.jpg 200w, https:\/\/www.barbie-secondlife.com\/wp-content\/uploads\/2022\/07\/Barbie_Mocha-222x300.jpg 222w\" data-sizes=\"(max-width: 150px) 100vw, 150px\" src=\"data:image\/svg+xml;base64,PHN2ZyB3aWR0aD0iMSIgaGVpZ2h0PSIxIiB4bWxucz0iaHR0cDovL3d3dy53My5vcmcvMjAwMC9zdmciPjwvc3ZnPg==\" \/><\/a><\/td><td><a href=\"https:\/\/www.barbie-secondlife.com\/br\/barbies\/world\/?query_type_25peau=or&amp;filter_25peau=miel\"><img decoding=\"async\" width=\"150\" height=\"203\" class=\"wp-image-592658 lazyload\" style=\"--smush-placeholder-width: 150px; --smush-placeholder-aspect-ratio: 150\/203;width: 150px;\" data-src=\"https:\/\/www.barbie-secondlife.com\/wp-content\/uploads\/2022\/07\/Barbie_Honey.jpg\" alt=\"\" data-srcset=\"https:\/\/www.barbie-secondlife.com\/wp-content\/uploads\/2022\/07\/Barbie_Honey.jpg 288w, https:\/\/www.barbie-secondlife.com\/wp-content\/uploads\/2022\/07\/Barbie_Honey-200x270.jpg 200w, https:\/\/www.barbie-secondlife.com\/wp-content\/uploads\/2022\/07\/Barbie_Honey-222x300.jpg 222w\" data-sizes=\"(max-width: 150px) 100vw, 150px\" src=\"data:image\/svg+xml;base64,PHN2ZyB3aWR0aD0iMSIgaGVpZ2h0PSIxIiB4bWxucz0iaHR0cDovL3d3dy53My5vcmcvMjAwMC9zdmciPjwvc3ZnPg==\" \/><\/a><\/td><\/tr><tr><td><a href=\"https:\/\/www.barbie-secondlife.com\/br\/barbies\/world\/?query_type_25peau=or&amp;filter_25peau=blanche\"><img decoding=\"async\" width=\"150\" height=\"203\" class=\"wp-image-592653 lazyload\" style=\"--smush-placeholder-width: 150px; --smush-placeholder-aspect-ratio: 150\/203;width: 150px;\" data-src=\"https:\/\/www.barbie-secondlife.com\/wp-content\/uploads\/2022\/07\/Barbie_Coconut.jpg\" alt=\"\" data-srcset=\"https:\/\/www.barbie-secondlife.com\/wp-content\/uploads\/2022\/07\/Barbie_Coconut.jpg 288w, https:\/\/www.barbie-secondlife.com\/wp-content\/uploads\/2022\/07\/Barbie_Coconut-200x270.jpg 200w, https:\/\/www.barbie-secondlife.com\/wp-content\/uploads\/2022\/07\/Barbie_Coconut-222x300.jpg 222w\" data-sizes=\"(max-width: 150px) 100vw, 150px\" src=\"data:image\/svg+xml;base64,PHN2ZyB3aWR0aD0iMSIgaGVpZ2h0PSIxIiB4bWxucz0iaHR0cDovL3d3dy53My5vcmcvMjAwMC9zdmciPjwvc3ZnPg==\" \/><\/a><\/td><td><a href=\"https:\/\/www.barbie-secondlife.com\/br\/barbies\/world\/?query_type_25peau=or&amp;filter_25peau=vanille\"><img decoding=\"async\" width=\"150\" height=\"203\" class=\"wp-image-592654 lazyload\" style=\"--smush-placeholder-width: 150px; --smush-placeholder-aspect-ratio: 150\/203;width: 150px;\" data-src=\"https:\/\/www.barbie-secondlife.com\/wp-content\/uploads\/2022\/07\/Barbie_Vanilla.jpg\" alt=\"\" data-srcset=\"https:\/\/www.barbie-secondlife.com\/wp-content\/uploads\/2022\/07\/Barbie_Vanilla.jpg 288w, https:\/\/www.barbie-secondlife.com\/wp-content\/uploads\/2022\/07\/Barbie_Vanilla-200x270.jpg 200w, https:\/\/www.barbie-secondlife.com\/wp-content\/uploads\/2022\/07\/Barbie_Vanilla-222x300.jpg 222w\" data-sizes=\"(max-width: 150px) 100vw, 150px\" src=\"data:image\/svg+xml;base64,PHN2ZyB3aWR0aD0iMSIgaGVpZ2h0PSIxIiB4bWxucz0iaHR0cDovL3d3dy53My5vcmcvMjAwMC9zdmciPjwvc3ZnPg==\" \/><\/a><\/td><td><a href=\"https:\/\/www.barbie-secondlife.com\/br\/barbies\/world\/?query_type_25peau=or&amp;filter_25peau=peche\"><img decoding=\"async\" width=\"150\" height=\"203\" class=\"wp-image-592655 lazyload\" style=\"--smush-placeholder-width: 150px; --smush-placeholder-aspect-ratio: 150\/203;width: 150px;\" data-src=\"https:\/\/www.barbie-secondlife.com\/wp-content\/uploads\/2022\/07\/Barbie_Peach.jpg\" alt=\"\" data-srcset=\"https:\/\/www.barbie-secondlife.com\/wp-content\/uploads\/2022\/07\/Barbie_Peach.jpg 288w, https:\/\/www.barbie-secondlife.com\/wp-content\/uploads\/2022\/07\/Barbie_Peach-200x270.jpg 200w, https:\/\/www.barbie-secondlife.com\/wp-content\/uploads\/2022\/07\/Barbie_Peach-222x300.jpg 222w\" data-sizes=\"(max-width: 150px) 100vw, 150px\" src=\"data:image\/svg+xml;base64,PHN2ZyB3aWR0aD0iMSIgaGVpZ2h0PSIxIiB4bWxucz0iaHR0cDovL3d3dy53My5vcmcvMjAwMC9zdmciPjwvc3ZnPg==\" \/><\/a><\/td><td><a href=\"https:\/\/www.barbie-secondlife.com\/br\/barbies\/world\/?query_type_25peau=or&amp;filter_25peau=caramel\"><img decoding=\"async\" width=\"150\" height=\"203\" class=\"wp-image-592656 lazyload\" style=\"--smush-placeholder-width: 150px; --smush-placeholder-aspect-ratio: 150\/203;width: 150px;\" data-src=\"https:\/\/www.barbie-secondlife.com\/wp-content\/uploads\/2022\/07\/Barbie_Caramel.jpg\" alt=\"\" data-srcset=\"https:\/\/www.barbie-secondlife.com\/wp-content\/uploads\/2022\/07\/Barbie_Caramel.jpg 288w, https:\/\/www.barbie-secondlife.com\/wp-content\/uploads\/2022\/07\/Barbie_Caramel-200x270.jpg 200w, https:\/\/www.barbie-secondlife.com\/wp-content\/uploads\/2022\/07\/Barbie_Caramel-222x300.jpg 222w\" data-sizes=\"(max-width: 150px) 100vw, 150px\" src=\"data:image\/svg+xml;base64,PHN2ZyB3aWR0aD0iMSIgaGVpZ2h0PSIxIiB4bWxucz0iaHR0cDovL3d3dy53My5vcmcvMjAwMC9zdmciPjwvc3ZnPg==\" \/><\/a><\/td><td><a href=\"https:\/\/www.barbie-secondlife.com\/br\/barbies\/world\/?query_type_25peau=or&amp;filter_25peau=canelle\"><img decoding=\"async\" width=\"150\" height=\"203\" class=\"wp-image-592657 lazyload\" style=\"--smush-placeholder-width: 150px; --smush-placeholder-aspect-ratio: 150\/203;width: 150px;\" data-src=\"https:\/\/www.barbie-secondlife.com\/wp-content\/uploads\/2022\/07\/Barbie_Cinnamon.jpg\" alt=\"\" data-srcset=\"https:\/\/www.barbie-secondlife.com\/wp-content\/uploads\/2022\/07\/Barbie_Cinnamon.jpg 288w, https:\/\/www.barbie-secondlife.com\/wp-content\/uploads\/2022\/07\/Barbie_Cinnamon-200x270.jpg 200w, https:\/\/www.barbie-secondlife.com\/wp-content\/uploads\/2022\/07\/Barbie_Cinnamon-222x300.jpg 222w\" data-sizes=\"(max-width: 150px) 100vw, 150px\" src=\"data:image\/svg+xml;base64,PHN2ZyB3aWR0aD0iMSIgaGVpZ2h0PSIxIiB4bWxucz0iaHR0cDovL3d3dy53My5vcmcvMjAwMC9zdmciPjwvc3ZnPg==\" \/><\/a><\/td><\/tr><\/tbody><\/table><\/figure>\n\n\n\n<hr class=\"wp-block-separator has-css-opacity\"\/>\n\n\n\n<p class=\"has-text-color\" style=\"color:#e67fb9\"><strong>Espresso<\/strong> : <\/p>\n\n\n\n<p><a href=\"https:\/\/www.barbie-secondlife.com\/br\/barbie\/world\/afrique\/barbie-cheryl\/\">Barbie Fashionistas n\u00b090<\/a> &#8211; <a href=\"https:\/\/www.barbie-secondlife.com\/br\/barbie\/world\/afrique\/barbie-imany\/\">Barbie Looks<\/a> &#8211; <a href=\"https:\/\/www.barbie-secondlife.com\/br\/barbie\/world\/europe-ouest\/barbie-nichelle\/\">Barbie&nbsp;Model of the Moment Nichelle Urban Hipster<\/a> &#8211; <a href=\"https:\/\/www.barbie-secondlife.com\/br\/barbie\/world\/europe-est\/barbie-krystelle\/\">Barbie Chromatic Couture<\/a> &#8211; <a href=\"https:\/\/www.barbie-secondlife.com\/br\/barbie\/world\/afrique\/barbie-reine\/\">Barbie&nbsp;Basics Mod\u00e8le n\u00b04&nbsp;Collection 001<\/a> &#8211; <a href=\"https:\/\/www.barbie-secondlife.com\/br\/barbie\/world\/afrique\/barbie-rosie\/\">Barbie&nbsp;Stephen Burrows&nbsp;Pazette<\/a><\/p>\n\n\n\n<hr class=\"wp-block-separator has-css-opacity\"\/>\n\n\n\n<p class=\"has-text-color\" style=\"color:#e67fb9\"><strong>Cocoa <\/strong>: <\/p>\n\n\n\n<p><a href=\"https:\/\/www.barbie-secondlife.com\/br\/barbie\/world\/afrique\/barbie-hortense\/\">Barbie&nbsp;40th Anniversary&nbsp;First Black Selma<\/a> &#8211; <a href=\"https:\/\/www.barbie-secondlife.com\/br\/barbie\/world\/europe-est\/barbie-marisa\/\">Barbie&nbsp;BMR1959 Pazette<\/a> &#8211; <a href=\"https:\/\/www.barbie-secondlife.com\/br\/barbie\/world\/afrique\/barbie-judy\/\">Barbie&nbsp;City Shine Bronze Dress<\/a> &#8211; <a href=\"https:\/\/www.barbie-secondlife.com\/br\/barbie\/world\/amerique-nord-centrale\/barbie-viridiana\/\">Barbie&nbsp;Holiday&nbsp;2021 June<\/a> &#8211; <a href=\"https:\/\/www.barbie-secondlife.com\/br\/barbie\/world\/europe-est\/barbie-antonina\/\">Barbie&nbsp;75th Anniversary&nbsp;Brunette<\/a> &#8211; <a href=\"https:\/\/www.barbie-secondlife.com\/br\/barbie\/world\/amerique-nord-centrale\/barbie-quinn\/\">Barbie Collection&nbsp;on location Milan<\/a><\/p>\n\n\n\n<hr class=\"wp-block-separator has-css-opacity\"\/>\n\n\n\n<p class=\"has-text-color\" style=\"color:#e67fb9\"><strong>Hazelnut <\/strong>: <\/p>\n\n\n\n<p><a href=\"https:\/\/www.barbie-secondlife.com\/br\/barbie\/world\/afrique\/barbie-anissa\/\">Barbie Pink Collection 2 (Silkstone)<\/a> &#8211; <a href=\"https:\/\/www.barbie-secondlife.com\/br\/barbie\/world\/europe-est\/barbie-assya\/\">Barbie&nbsp;So In Style Kara Prom Doll<\/a> &#8211; <a href=\"https:\/\/www.barbie-secondlife.com\/br\/barbie\/world\/oceanie\/barbie-mareva\/\">Barbie Collection&nbsp;University&nbsp;Oklahoma<\/a> &#8211; <a href=\"https:\/\/www.barbie-secondlife.com\/br\/barbie\/world\/amerique-du-sud\/barbie-monique\/\">Barbie&nbsp;Basics Mod\u00e8le n\u00b08&nbsp;Collection 003<\/a> &#8211; <a href=\"https:\/\/www.barbie-secondlife.com\/br\/barbie\/world\/oceanie\/barbie-moana\/\">Barbie&nbsp;Holiday 2012<\/a> &#8211; <a href=\"https:\/\/www.barbie-secondlife.com\/br\/barbie\/world\/europe-est\/barbie-tasha\/\">Barbie&nbsp;BMR1959&nbsp;Claudette<\/a><\/p>\n\n\n\n<hr class=\"wp-block-separator has-css-opacity\"\/>\n\n\n\n<p class=\"has-text-color\" style=\"color:#e67fb9\"><strong>Mocha <\/strong>: <\/p>\n\n\n\n<p><a href=\"https:\/\/www.barbie-secondlife.com\/br\/barbie\/world\/afrique\/barbie-nyda\/\">Barbie&nbsp;Birthday Wishes 2017<\/a> &#8211; <a href=\"https:\/\/www.barbie-secondlife.com\/br\/barbie\/world\/oceanie\/barbie-nicinha\/\">Barbie Celebrate Disco<\/a> &#8211; <a href=\"https:\/\/www.barbie-secondlife.com\/br\/barbie\/world\/afrique\/barbie-rachael\/\">Barbie&nbsp;Star Trek Lt. Uhura<\/a> &#8211; <a href=\"https:\/\/www.barbie-secondlife.com\/br\/barbie\/world\/amerique-nord-centrale\/barbie-shiraine\/\">Barbie&nbsp;City Shopper<\/a> &#8211; <a href=\"https:\/\/www.barbie-secondlife.com\/br\/barbie\/world\/amerique-nord-centrale\/barbie-tracy\/\">Barbie Extra 7<\/a> &#8211; <a href=\"https:\/\/www.barbie-secondlife.com\/br\/barbie\/world\/amerique-du-sud\/barbie-maya\/\">Barbie Inspiring Women Maya Angelou<\/a>&nbsp;<\/p>\n\n\n\n<hr class=\"wp-block-separator has-css-opacity\"\/>\n\n\n\n<p class=\"has-text-color\" style=\"color:#e67fb9\"><strong>Honey <\/strong>: <\/p>\n\n\n\n<p><a href=\"https:\/\/www.barbie-secondlife.com\/br\/barbie\/world\/afrique\/barbie-flora\/\">Barbie Made to Move<\/a> &#8211; <a href=\"https:\/\/www.barbie-secondlife.com\/br\/barbie\/world\/amerique-du-sud\/barbie-heloisa\/\">Barbie&nbsp;American Idol&nbsp;Simone<\/a> &#8211; <a href=\"https:\/\/www.barbie-secondlife.com\/br\/barbie\/world\/oceanie\/barbie-keliesa\/\">Barbie Star Doll<\/a> &#8211; <a href=\"https:\/\/www.barbie-secondlife.com\/br\/barbie\/world\/europe-ouest\/barbie-jorunn\/\">Barbie&nbsp;Fashionistas&nbsp;N\u00b044<\/a> &#8211; <a href=\"https:\/\/www.barbie-secondlife.com\/br\/barbie\/world\/moyenorient\/barbie-niyusha\/\">Barbie&nbsp;Designer&nbsp;Christian Louboutin Anemone<\/a> &#8211; <a href=\"https:\/\/www.barbie-secondlife.com\/br\/barbie\/world\/amerique-nord-centrale\/barbie-sarai\/\">Barbie Northwest Coast Native American<\/a><\/p>\n\n\n\n<hr class=\"wp-block-separator has-css-opacity\"\/>\n\n\n\n<p class=\"has-text-color\" style=\"color:#e67fb9\"><strong>Cinnamon <\/strong>: <\/p>\n\n\n\n<p><a href=\"https:\/\/www.barbie-secondlife.com\/br\/barbie\/world\/amerique-du-sud\/barbie-anouk\/\">Barbie Collection&nbsp;Look&nbsp;Pool Chic<\/a> &#8211; <a href=\"https:\/\/www.barbie-secondlife.com\/br\/barbie\/world\/amerique-du-sud\/barbie-clarice\/\">Barbie&nbsp;Holiday 2017<\/a> &#8211; <a href=\"https:\/\/www.barbie-secondlife.com\/br\/barbie\/world\/afrique\/barbie-linda\/\">Barbie Diana Ross<\/a> &#8211; <a href=\"https:\/\/www.barbie-secondlife.com\/br\/barbie\/world\/europe-est\/barbie-pilar\/\">Barbie&nbsp;Fashion Fever&nbsp;Teresa<\/a> &#8211;  <a href=\"https:\/\/www.barbie-secondlife.com\/br\/barbie\/world\/oceanie\/barbie-shanelle\/\">Barbie Stephen Burrows&nbsp;Nisha<\/a> &#8211; <a href=\"https:\/\/www.barbie-secondlife.com\/br\/barbie\/world\/europe-ouest\/barbie-ryzlene\/\">Barbie Cher 70\u2019s&nbsp;Bob Mackie<\/a><\/p>\n\n\n\n<hr class=\"wp-block-separator has-css-opacity\"\/>\n\n\n\n<p class=\"has-text-color\" style=\"color:#e67fb9\"><strong>Caramel <\/strong>: <\/p>\n\n\n\n<p><a href=\"https:\/\/www.barbie-secondlife.com\/br\/barbie\/world\/amerique-du-sud\/barbie-alejandra\/\">Barbie&nbsp;Malibu&nbsp;by&nbsp;Trina Turk<\/a> &#8211; <a href=\"https:\/\/www.barbie-secondlife.com\/br\/barbie\/world\/moyenorient\/barbie-alice\/\">Barbie&nbsp;Top Model&nbsp;Hair Wear&nbsp;Teresa<\/a> &#8211; <a href=\"https:\/\/www.barbie-secondlife.com\/br\/barbie\/world\/amerique-nord-centrale\/barbie-anahi\/\">Barbie Elvis Presley<\/a> &#8211; <a href=\"https:\/\/www.barbie-secondlife.com\/br\/barbie\/world\/asie\/barbie-analyne\/\">Barbie&nbsp;Dolls of the World&nbsp;Italy<\/a> &#8211; <a href=\"https:\/\/www.barbie-secondlife.com\/br\/barbie\/world\/oceanie\/barbie-kahaia\/\">Barbie&nbsp;Holiday&nbsp;2022 Aphrodite<\/a> &#8211; <a href=\"https:\/\/www.barbie-secondlife.com\/br\/barbie\/world\/amerique-nord-centrale\/barbie-josefina\/\">Barbie&nbsp;Dolls of the World Hawaii<\/a><\/p>\n\n\n\n<hr class=\"wp-block-separator has-css-opacity\"\/>\n\n\n\n<p class=\"has-text-color\" style=\"color:#e67fb9\"><strong>Peach <\/strong>: <\/p>\n\n\n\n<p><a href=\"https:\/\/www.barbie-secondlife.com\/br\/barbie\/world\/europe-ouest\/barbie-agatha\/\">Barbie Designer Dooney &amp; Bourke<\/a> &#8211; <a href=\"https:\/\/www.barbie-secondlife.com\/br\/barbie\/world\/europe-est\/barbie-angelika\/\">Barbie Hippolyta&nbsp;Wonder Woman<\/a> &#8211; <a href=\"https:\/\/www.barbie-secondlife.com\/br\/barbie\/world\/amerique-nord-centrale\/barbie-axelle\/\">Barbie&nbsp;Diva&nbsp;Collection Gone Platinum<\/a> &#8211; <a href=\"https:\/\/www.barbie-secondlife.com\/br\/barbie\/world\/amerique-nord-centrale\/barbie-devan\/\">Barbie Shakira Rockin\u2019 Concert<\/a> &#8211; <a href=\"https:\/\/www.barbie-secondlife.com\/br\/barbie\/world\/amerique-du-sud\/barbie-eniko\/\">Barbie I Dream of Autumn (Dream Seasons)<\/a> &#8211; <a href=\"https:\/\/www.barbie-secondlife.com\/br\/barbie\/world\/europe-est\/barbie-donna\/\">Barbie Elton John<\/a><\/p>\n\n\n\n<hr class=\"wp-block-separator has-css-opacity\"\/>\n\n\n\n<p class=\"has-text-color\" style=\"color:#e67fb9\"><strong>Vanilla <\/strong>: <\/p>\n\n\n\n<p><a href=\"https:\/\/www.barbie-secondlife.com\/br\/barbie\/world\/amerique-du-sud\/barbie-ana-clara\/\">Barbie Couture Angel<\/a> &#8211; <a href=\"https:\/\/www.barbie-secondlife.com\/br\/barbie\/world\/amerique-nord-centrale\/barbie-belynda\/\">Barbie Way Out West Pin-Up Girls<\/a> &#8211; <a href=\"https:\/\/www.barbie-secondlife.com\/br\/barbie\/world\/europe-ouest\/barbie-daya\/\">Barbie Styled by&nbsp;Marni Senofonte&nbsp;Daya<\/a> &#8211; <a href=\"https:\/\/www.barbie-secondlife.com\/br\/barbie\/world\/europe-est\/barbie-dunya\/\">Barbie&nbsp;Star Wars&nbsp;Rey<\/a> &#8211; <a href=\"https:\/\/www.barbie-secondlife.com\/br\/barbie\/world\/amerique-nord-centrale\/barbie-erika\/\">Barbie&nbsp;Basics&nbsp;Mod\u00e8le n\u00b01&nbsp;Collection Red<\/a> &#8211; <a href=\"https:\/\/www.barbie-secondlife.com\/br\/barbie\/world\/oceanie\/barbie-ysalis\/\">Barbie The Wizard of Oz Fantasy Glamour Dorothy<\/a><\/p>\n\n\n\n<hr class=\"wp-block-separator has-css-opacity\"\/>\n\n\n\n<p class=\"has-text-color\" style=\"color:#e67fb9\"><strong>Coconut <\/strong>: <\/p>\n\n\n\n<p><a href=\"https:\/\/www.barbie-secondlife.com\/br\/barbie\/world\/amerique-du-sud\/barbie-ana-karina\/\">Barbie&nbsp;Holiday&nbsp;2021 Millie<\/a> &#8211; <a href=\"https:\/\/www.barbie-secondlife.com\/br\/barbie\/world\/asie\/barbie-glwadys\/\">Barbie Fan BingBing<\/a> &#8211; <a href=\"https:\/\/www.barbie-secondlife.com\/br\/barbie\/world\/europe-ouest\/barbie-katie\/\">Barbie The&nbsp;Birthstone&nbsp;Collection April Diamond<\/a> &#8211; <a href=\"https:\/\/www.barbie-secondlife.com\/br\/barbie\/world\/amerique-nord-centrale\/barbie-octavie\/\">Barbie The Global Glamour Sorcha<\/a> &#8211; <a href=\"https:\/\/www.barbie-secondlife.com\/br\/barbie\/world\/europe-est\/barbie-kornelia\/\">Barbie Dragon Empress<\/a> &#8211; <a href=\"https:\/\/www.barbie-secondlife.com\/br\/barbie\/world\/amerique-nord-centrale\/barbie-colleen\/\">Barbie&nbsp;Graduation Day&nbsp;June<\/a><\/p>\n\n\n\n<hr class=\"wp-block-separator has-css-opacity\"\/>\n","protected":false},"excerpt":{"rendered":"<p>Barbie tons de pele S\u00e3o 10 cores de pele para a boneca Barbie, aqui est\u00e3o as refer\u00eancias da Mattel em termos de tonalidades. Ao clicar em uma das imagens abaixo, voc\u00ea descobrir\u00e1 as Barbies da minha cole\u00e7\u00e3o correspondentes ao tom Espresso : Barbie Fashionistas n\u00b090 &#8211; Barbie Looks &#8211; Barbie&nbsp;Model of the Moment Nichelle Urban [&hellip;]<\/p>\n","protected":false},"author":1,"featured_media":592686,"parent":592649,"menu_order":0,"comment_status":"closed","ping_status":"closed","template":"","meta":{"footnotes":""},"class_list":["post-592674","page","type-page","status-publish","has-post-thumbnail","hentry"],"translation":{"provider":"WPGlobus","version":"3.0.2","language":"br","enabled_languages":["fr","en","es","br","de"],"languages":{"fr":{"title":true,"content":true,"excerpt":false},"en":{"title":true,"content":true,"excerpt":false},"es":{"title":true,"content":true,"excerpt":false},"br":{"title":true,"content":true,"excerpt":false},"de":{"title":true,"content":true,"excerpt":false}}},"_links":{"self":[{"href":"https:\/\/www.barbie-secondlife.com\/br\/wp-json\/wp\/v2\/pages\/592674","targetHints":{"allow":["GET"]}}],"collection":[{"href":"https:\/\/www.barbie-secondlife.com\/br\/wp-json\/wp\/v2\/pages"}],"about":[{"href":"https:\/\/www.barbie-secondlife.com\/br\/wp-json\/wp\/v2\/types\/page"}],"author":[{"embeddable":true,"href":"https:\/\/www.barbie-secondlife.com\/br\/wp-json\/wp\/v2\/users\/1"}],"replies":[{"embeddable":true,"href":"https:\/\/www.barbie-secondlife.com\/br\/wp-json\/wp\/v2\/comments?post=592674"}],"version-history":[{"count":5,"href":"https:\/\/www.barbie-secondlife.com\/br\/wp-json\/wp\/v2\/pages\/592674\/revisions"}],"predecessor-version":[{"id":597474,"href":"https:\/\/www.barbie-secondlife.com\/br\/wp-json\/wp\/v2\/pages\/592674\/revisions\/597474"}],"up":[{"embeddable":true,"href":"https:\/\/www.barbie-secondlife.com\/br\/wp-json\/wp\/v2\/pages\/592649"}],"wp:featuredmedia":[{"embeddable":true,"href":"https:\/\/www.barbie-secondlife.com\/br\/wp-json\/wp\/v2\/media\/592686"}],"wp:attachment":[{"href":"https:\/\/www.barbie-secondlife.com\/br\/wp-json\/wp\/v2\/media?parent=592674"}],"curies":[{"name":"wp","href":"https:\/\/api.w.org\/{rel}","templated":true}]}}