{"id":592764,"date":"2022-07-17T19:25:58","date_gmt":"2022-07-17T17:25:58","guid":{"rendered":"https:\/\/www.barbie-secondlife.com\/?page_id=592764"},"modified":"2022-11-27T20:16:49","modified_gmt":"2022-11-27T19:16:49","slug":"couleur-des-cheveux-de-barbie","status":"publish","type":"page","link":"https:\/\/www.barbie-secondlife.com\/br\/attributs\/couleur-des-cheveux-de-barbie\/","title":{"rendered":"Cor de cabelo da Barbie"},"content":{"rendered":"\n<h2 class=\"wp-block-heading\"><strong><em>Color de Pelo barbie<\/em><\/strong><\/h2>\n\n\n\n<p>Todas as cores de cabelo para bonecas Barbie, <a href=\"https:\/\/www.barbie-secondlife.com\/br\/barbies\/world\/?filter_10couleur=blond&amp;query_type_10couleur=or\">Barbie loira<\/a>, <a href=\"https:\/\/www.barbie-secondlife.com\/br\/barbies\/world\/?filter_10couleur=brun&amp;query_type_10couleur=or\">Barbie preta<\/a>, <a href=\"https:\/\/www.barbie-secondlife.com\/br\/barbies\/world\/?filter_10couleur=chatain&amp;query_type_10couleur=or\">Barbie castanho<\/a>, <a href=\"https:\/\/www.barbie-secondlife.com\/br\/barbies\/world\/?filter_10couleur=autre&amp;query_type_10couleur=or\">Barbie ruiva<\/a> ou <a href=\"https:\/\/www.barbie-secondlife.com\/br\/barbies\/world\/?filter_10couleur=roux&amp;query_type_10couleur=or\">outras cores<\/a> bem variadas fazem parte da minha cole\u00e7\u00e3o, todas ficam lindas com todos os tipos de cabelo. Ao clicar em uma das imagens abaixo, voc\u00ea descobrir\u00e1 as Barbies da minha cole\u00e7\u00e3o correspondentes \u00e0s diferentes cores de cabelo.<\/p>\n\n\n\n<figure class=\"wp-block-table\"><table><tbody><tr><td><a href=\"https:\/\/www.barbie-secondlife.com\/br\/barbies\/world\/?filter_10couleur=brun&amp;query_type_10couleur=or\"><img decoding=\"async\" width=\"300\" height=\"300\" class=\"wp-image-597182 lazyload\" style=\"--smush-placeholder-width: 300px; --smush-placeholder-aspect-ratio: 300\/300;width: 300px;\" data-src=\"https:\/\/www.barbie-secondlife.com\/wp-content\/uploads\/2022\/11\/Barbie_CheveuxBruns_BR.png\" alt=\"Barbie Preta\" data-srcset=\"https:\/\/www.barbie-secondlife.com\/wp-content\/uploads\/2022\/11\/Barbie_CheveuxBruns_BR.png 800w, https:\/\/www.barbie-secondlife.com\/wp-content\/uploads\/2022\/11\/Barbie_CheveuxBruns_BR-302x302.png 302w, https:\/\/www.barbie-secondlife.com\/wp-content\/uploads\/2022\/11\/Barbie_CheveuxBruns_BR-200x200.png 200w, https:\/\/www.barbie-secondlife.com\/wp-content\/uploads\/2022\/11\/Barbie_CheveuxBruns_BR-500x500.png 500w, https:\/\/www.barbie-secondlife.com\/wp-content\/uploads\/2022\/11\/Barbie_CheveuxBruns_BR-350x350.png 350w, https:\/\/www.barbie-secondlife.com\/wp-content\/uploads\/2022\/11\/Barbie_CheveuxBruns_BR-300x300.png 300w, https:\/\/www.barbie-secondlife.com\/wp-content\/uploads\/2022\/11\/Barbie_CheveuxBruns_BR-768x768.png 768w\" data-sizes=\"(max-width: 300px) 100vw, 300px\" src=\"data:image\/svg+xml;base64,PHN2ZyB3aWR0aD0iMSIgaGVpZ2h0PSIxIiB4bWxucz0iaHR0cDovL3d3dy53My5vcmcvMjAwMC9zdmciPjwvc3ZnPg==\" \/><\/a><\/td><td><\/td><td><a href=\"https:\/\/www.barbie-secondlife.com\/br\/barbies\/world\/?filter_10couleur=chatain&amp;query_type_10couleur=or\"><img decoding=\"async\" width=\"300\" height=\"300\" class=\"wp-image-597179 lazyload\" style=\"--smush-placeholder-width: 300px; --smush-placeholder-aspect-ratio: 300\/300;width: 300px;\" data-src=\"https:\/\/www.barbie-secondlife.com\/wp-content\/uploads\/2022\/11\/Barbie_Cheveux_Chatain_BR.png\" alt=\"Barbie Castanho\" data-srcset=\"https:\/\/www.barbie-secondlife.com\/wp-content\/uploads\/2022\/11\/Barbie_Cheveux_Chatain_BR.png 800w, https:\/\/www.barbie-secondlife.com\/wp-content\/uploads\/2022\/11\/Barbie_Cheveux_Chatain_BR-302x302.png 302w, https:\/\/www.barbie-secondlife.com\/wp-content\/uploads\/2022\/11\/Barbie_Cheveux_Chatain_BR-200x200.png 200w, https:\/\/www.barbie-secondlife.com\/wp-content\/uploads\/2022\/11\/Barbie_Cheveux_Chatain_BR-500x500.png 500w, https:\/\/www.barbie-secondlife.com\/wp-content\/uploads\/2022\/11\/Barbie_Cheveux_Chatain_BR-350x350.png 350w, https:\/\/www.barbie-secondlife.com\/wp-content\/uploads\/2022\/11\/Barbie_Cheveux_Chatain_BR-300x300.png 300w, https:\/\/www.barbie-secondlife.com\/wp-content\/uploads\/2022\/11\/Barbie_Cheveux_Chatain_BR-768x768.png 768w\" data-sizes=\"(max-width: 300px) 100vw, 300px\" src=\"data:image\/svg+xml;base64,PHN2ZyB3aWR0aD0iMSIgaGVpZ2h0PSIxIiB4bWxucz0iaHR0cDovL3d3dy53My5vcmcvMjAwMC9zdmciPjwvc3ZnPg==\" \/><\/a><\/td><\/tr><tr><td><\/td><td><a href=\"https:\/\/www.barbie-secondlife.com\/br\/barbies\/world\/?filter_10couleur=autre&amp;query_type_10couleur=or\"><img decoding=\"async\" width=\"300\" height=\"300\" class=\"wp-image-597181 lazyload\" style=\"--smush-placeholder-width: 300px; --smush-placeholder-aspect-ratio: 300\/300;width: 300px;\" data-src=\"https:\/\/www.barbie-secondlife.com\/wp-content\/uploads\/2022\/11\/Barbie_Cheveux_XCouleurs_BR.png\" alt=\"Barbie Xcor\" data-srcset=\"https:\/\/www.barbie-secondlife.com\/wp-content\/uploads\/2022\/11\/Barbie_Cheveux_XCouleurs_BR.png 800w, https:\/\/www.barbie-secondlife.com\/wp-content\/uploads\/2022\/11\/Barbie_Cheveux_XCouleurs_BR-302x302.png 302w, https:\/\/www.barbie-secondlife.com\/wp-content\/uploads\/2022\/11\/Barbie_Cheveux_XCouleurs_BR-200x200.png 200w, https:\/\/www.barbie-secondlife.com\/wp-content\/uploads\/2022\/11\/Barbie_Cheveux_XCouleurs_BR-500x500.png 500w, https:\/\/www.barbie-secondlife.com\/wp-content\/uploads\/2022\/11\/Barbie_Cheveux_XCouleurs_BR-350x350.png 350w, https:\/\/www.barbie-secondlife.com\/wp-content\/uploads\/2022\/11\/Barbie_Cheveux_XCouleurs_BR-300x300.png 300w, https:\/\/www.barbie-secondlife.com\/wp-content\/uploads\/2022\/11\/Barbie_Cheveux_XCouleurs_BR-768x768.png 768w\" data-sizes=\"(max-width: 300px) 100vw, 300px\" src=\"data:image\/svg+xml;base64,PHN2ZyB3aWR0aD0iMSIgaGVpZ2h0PSIxIiB4bWxucz0iaHR0cDovL3d3dy53My5vcmcvMjAwMC9zdmciPjwvc3ZnPg==\" \/><\/a><\/td><td><\/td><\/tr><tr><td><a href=\"https:\/\/www.barbie-secondlife.com\/br\/barbies\/world\/?filter_10couleur=blond&amp;query_type_10couleur=or\"><img decoding=\"async\" width=\"300\" height=\"300\" class=\"wp-image-597180 lazyload\" style=\"--smush-placeholder-width: 300px; --smush-placeholder-aspect-ratio: 300\/300;width: 300px;\" data-src=\"https:\/\/www.barbie-secondlife.com\/wp-content\/uploads\/2022\/11\/Barbie_Cheveux_Blond_BR.png\" alt=\"Barbie Loiro\" data-srcset=\"https:\/\/www.barbie-secondlife.com\/wp-content\/uploads\/2022\/11\/Barbie_Cheveux_Blond_BR.png 800w, https:\/\/www.barbie-secondlife.com\/wp-content\/uploads\/2022\/11\/Barbie_Cheveux_Blond_BR-302x302.png 302w, https:\/\/www.barbie-secondlife.com\/wp-content\/uploads\/2022\/11\/Barbie_Cheveux_Blond_BR-200x200.png 200w, https:\/\/www.barbie-secondlife.com\/wp-content\/uploads\/2022\/11\/Barbie_Cheveux_Blond_BR-500x500.png 500w, https:\/\/www.barbie-secondlife.com\/wp-content\/uploads\/2022\/11\/Barbie_Cheveux_Blond_BR-350x350.png 350w, https:\/\/www.barbie-secondlife.com\/wp-content\/uploads\/2022\/11\/Barbie_Cheveux_Blond_BR-300x300.png 300w, https:\/\/www.barbie-secondlife.com\/wp-content\/uploads\/2022\/11\/Barbie_Cheveux_Blond_BR-768x768.png 768w\" data-sizes=\"(max-width: 300px) 100vw, 300px\" src=\"data:image\/svg+xml;base64,PHN2ZyB3aWR0aD0iMSIgaGVpZ2h0PSIxIiB4bWxucz0iaHR0cDovL3d3dy53My5vcmcvMjAwMC9zdmciPjwvc3ZnPg==\" \/><\/a><\/td><td><\/td><td><a href=\"https:\/\/www.barbie-secondlife.com\/br\/barbies\/world\/?filter_10couleur=roux&amp;query_type_10couleur=or\"><img decoding=\"async\" width=\"300\" height=\"300\" class=\"wp-image-597183 lazyload\" style=\"--smush-placeholder-width: 300px; --smush-placeholder-aspect-ratio: 300\/300;width: 300px;\" data-src=\"https:\/\/www.barbie-secondlife.com\/wp-content\/uploads\/2022\/11\/Barbie_CheveuxRoux_BR.png\" alt=\"Barbie Ruiva\" data-srcset=\"https:\/\/www.barbie-secondlife.com\/wp-content\/uploads\/2022\/11\/Barbie_CheveuxRoux_BR.png 800w, https:\/\/www.barbie-secondlife.com\/wp-content\/uploads\/2022\/11\/Barbie_CheveuxRoux_BR-302x302.png 302w, https:\/\/www.barbie-secondlife.com\/wp-content\/uploads\/2022\/11\/Barbie_CheveuxRoux_BR-200x200.png 200w, https:\/\/www.barbie-secondlife.com\/wp-content\/uploads\/2022\/11\/Barbie_CheveuxRoux_BR-500x500.png 500w, https:\/\/www.barbie-secondlife.com\/wp-content\/uploads\/2022\/11\/Barbie_CheveuxRoux_BR-350x350.png 350w, https:\/\/www.barbie-secondlife.com\/wp-content\/uploads\/2022\/11\/Barbie_CheveuxRoux_BR-300x300.png 300w, https:\/\/www.barbie-secondlife.com\/wp-content\/uploads\/2022\/11\/Barbie_CheveuxRoux_BR-768x768.png 768w\" data-sizes=\"(max-width: 300px) 100vw, 300px\" src=\"data:image\/svg+xml;base64,PHN2ZyB3aWR0aD0iMSIgaGVpZ2h0PSIxIiB4bWxucz0iaHR0cDovL3d3dy53My5vcmcvMjAwMC9zdmciPjwvc3ZnPg==\" \/><\/a><\/td><\/tr><\/tbody><\/table><\/figure>\n","protected":false},"excerpt":{"rendered":"<p>Color de Pelo barbie Todas as cores de cabelo para bonecas Barbie, Barbie loira, Barbie preta, Barbie castanho, Barbie ruiva ou outras cores bem variadas fazem parte da minha cole\u00e7\u00e3o, todas ficam lindas com todos os tipos de cabelo. Ao clicar em uma das imagens abaixo, voc\u00ea descobrir\u00e1 as Barbies da minha cole\u00e7\u00e3o correspondentes \u00e0s [&hellip;]<\/p>\n","protected":false},"author":1,"featured_media":592686,"parent":592649,"menu_order":0,"comment_status":"closed","ping_status":"closed","template":"","meta":{"footnotes":""},"class_list":["post-592764","page","type-page","status-publish","has-post-thumbnail","hentry"],"translation":{"provider":"WPGlobus","version":"3.0.2","language":"br","enabled_languages":["fr","en","es","br","de"],"languages":{"fr":{"title":true,"content":true,"excerpt":false},"en":{"title":true,"content":true,"excerpt":false},"es":{"title":true,"content":true,"excerpt":false},"br":{"title":true,"content":true,"excerpt":false},"de":{"title":true,"content":true,"excerpt":false}}},"_links":{"self":[{"href":"https:\/\/www.barbie-secondlife.com\/br\/wp-json\/wp\/v2\/pages\/592764","targetHints":{"allow":["GET"]}}],"collection":[{"href":"https:\/\/www.barbie-secondlife.com\/br\/wp-json\/wp\/v2\/pages"}],"about":[{"href":"https:\/\/www.barbie-secondlife.com\/br\/wp-json\/wp\/v2\/types\/page"}],"author":[{"embeddable":true,"href":"https:\/\/www.barbie-secondlife.com\/br\/wp-json\/wp\/v2\/users\/1"}],"replies":[{"embeddable":true,"href":"https:\/\/www.barbie-secondlife.com\/br\/wp-json\/wp\/v2\/comments?post=592764"}],"version-history":[{"count":5,"href":"https:\/\/www.barbie-secondlife.com\/br\/wp-json\/wp\/v2\/pages\/592764\/revisions"}],"predecessor-version":[{"id":597213,"href":"https:\/\/www.barbie-secondlife.com\/br\/wp-json\/wp\/v2\/pages\/592764\/revisions\/597213"}],"up":[{"embeddable":true,"href":"https:\/\/www.barbie-secondlife.com\/br\/wp-json\/wp\/v2\/pages\/592649"}],"wp:featuredmedia":[{"embeddable":true,"href":"https:\/\/www.barbie-secondlife.com\/br\/wp-json\/wp\/v2\/media\/592686"}],"wp:attachment":[{"href":"https:\/\/www.barbie-secondlife.com\/br\/wp-json\/wp\/v2\/media?parent=592764"}],"curies":[{"name":"wp","href":"https:\/\/api.w.org\/{rel}","templated":true}]}}