{"id":600498,"date":"2024-01-13T11:50:31","date_gmt":"2024-01-13T10:50:31","guid":{"rendered":"https:\/\/www.barbie-secondlife.com\/?page_id=600498"},"modified":"2024-01-14T21:14:34","modified_gmt":"2024-01-14T20:14:34","slug":"films-series-tv","status":"publish","type":"page","link":"https:\/\/www.barbie-secondlife.com\/br\/collection\/films-series-tv\/","title":{"rendered":"Filmes\/s\u00e9ries de TV"},"content":{"rendered":"\n<h2 class=\"wp-block-heading\"><strong><em>Barbie e os filmes\/s\u00e9ries de TV<\/em><\/strong><\/h2>\n\n\n\n<p>Aqui est\u00e3o a Barbie e o Ken da minha cole\u00e7\u00e3o que representa um filme ou s\u00e9rie de TV. Em 2023, o filme evento <a href=\"https:\/\/www.barbie-secondlife.com\/br\/tag\/the-movie-2023\/\">Barbie The Movie<\/a> possibilitou, gra\u00e7as ao seu sucesso, o lan\u00e7amento de uma cole\u00e7\u00e3o inteira de bonecas Barbie e bonecos Ken. Todas as principais produ\u00e7\u00f5es de filmes e s\u00e9ries de televis\u00e3o viram uma ou mais Barbies \u00e0 sua semelhan\u00e7a, por exemplo <a href=\"https:\/\/www.barbie-secondlife.com\/br\/tag\/marvel\/\">Marvel<\/a> com os <a href=\"https:\/\/www.barbie-secondlife.com\/br\/tag\/xmen\/\">Xmen <\/a>o <a href=\"https:\/\/www.barbie-secondlife.com\/br\/tag\/black-widow\/\">Black Widow<\/a>. <a href=\"https:\/\/www.barbie-secondlife.com\/br\/tag\/star-wars\/\">Barbie Star Wars<\/a> com 2 cole\u00e7\u00f5es, uma em 2019 e outra em 2020 com at\u00e9 uma <a href=\"https:\/\/www.barbie-secondlife.com\/barbie\/world\/europe-est\/barbie-anya\/\">Barbie Chewbacca<\/a> (<a href=\"https:\/\/www.barbie-secondlife.com\/br\/tag\/platinum-label\/\">Platinum label<\/a> com no m\u00e1ximo 5.000 exemplares em todo o mundo). <a href=\"https:\/\/www.barbie-secondlife.com\/br\/tag\/james-bond\/\">James Bond<\/a> e a s\u00e9rie de TV The <a href=\"https:\/\/www.barbie-secondlife.com\/br\/tag\/clueless\/\">Clueless<\/a> tamb\u00e9m t\u00eam suas Barbies. Abaixo da Barbie e do Ken da minha cole\u00e7\u00e3o, descubra-os clicando na imagem<\/p>\n\n\n\n<hr class=\"wp-block-separator has-alpha-channel-opacity\"\/>\n\n\n\n<figure class=\"wp-block-table\"><table class=\"has-fixed-layout\"><tbody><tr><td class=\"has-text-align-center\" data-align=\"center\"><a href=\"https:\/\/www.barbie-secondlife.com\/br\/tag\/the-movie-2023\/\"><img decoding=\"async\" width=\"150\" height=\"360\" class=\"wp-image-598885 lazyload\" style=\"--smush-placeholder-width: 150px; --smush-placeholder-aspect-ratio: 150\/360;width: 150px;\" data-src=\"https:\/\/www.barbie-secondlife.com\/wp-content\/uploads\/2023\/06\/Barbie_Urielle_Original.png\" alt=\"Barbie The Movie 2023\" data-srcset=\"https:\/\/www.barbie-secondlife.com\/wp-content\/uploads\/2023\/06\/Barbie_Urielle_Original.png 177w, https:\/\/www.barbie-secondlife.com\/wp-content\/uploads\/2023\/06\/Barbie_Urielle_Original-125x300.png 125w\" data-sizes=\"(max-width: 150px) 100vw, 150px\" src=\"data:image\/svg+xml;base64,PHN2ZyB3aWR0aD0iMSIgaGVpZ2h0PSIxIiB4bWxucz0iaHR0cDovL3d3dy53My5vcmcvMjAwMC9zdmciPjwvc3ZnPg==\" \/><\/a><\/td><td><span style=\"text-decoration: underline;\"><strong><a href=\"https:\/\/www.barbie-secondlife.com\/br\/tag\/the-movie-2023\/\">Barbie the Movie 2023<\/a><\/strong><\/span><br><em><strong>Barbie<\/strong>&nbsp;<\/em>\u00e9 um filme americano-brit\u00e2nico co-escrito e dirigido por Greta Gerwig, com lan\u00e7amento previsto para 2023. \u00c9 baseado na linha de bonecas de mesmo nome da empresa Mattel e \u00e9 a primeira produ\u00e7\u00e3o live-action do mundo das bonecas depois de v\u00e1rios filmes de anima\u00e7\u00e3o e s\u00e9ries de televis\u00e3o.<\/td><\/tr><\/tbody><\/table><\/figure>\n\n\n\n<hr class=\"wp-block-separator has-alpha-channel-opacity\"\/>\n\n\n\n<h2 class=\"wp-block-heading\"><strong><em>Filmes<\/em><\/strong><\/h2>\n\n\n\n<figure class=\"wp-block-table\"><table><tbody><tr><td class=\"has-text-align-center\" data-align=\"center\"><a href=\"https:\/\/www.barbie-secondlife.com\/br\/tag\/the-movie-2023\/\"><img decoding=\"async\" width=\"150\" height=\"59\" class=\"wp-image-600499 lazyload\" style=\"--smush-placeholder-width: 150px; --smush-placeholder-aspect-ratio: 150\/59;width: 150px;\" data-src=\"https:\/\/www.barbie-secondlife.com\/wp-content\/uploads\/2024\/01\/Barbie_TheMovie.png\" alt=\"Barbie The Movie 2023\" data-srcset=\"https:\/\/www.barbie-secondlife.com\/wp-content\/uploads\/2024\/01\/Barbie_TheMovie.png 300w, https:\/\/www.barbie-secondlife.com\/wp-content\/uploads\/2024\/01\/Barbie_TheMovie-200x79.png 200w\" data-sizes=\"(max-width: 150px) 100vw, 150px\" src=\"data:image\/svg+xml;base64,PHN2ZyB3aWR0aD0iMSIgaGVpZ2h0PSIxIiB4bWxucz0iaHR0cDovL3d3dy53My5vcmcvMjAwMC9zdmciPjwvc3ZnPg==\" \/><\/a><\/td><td class=\"has-text-align-center\" data-align=\"center\"><a href=\"https:\/\/www.barbie-secondlife.com\/br\/tag\/star-wars\/\"><img decoding=\"async\" width=\"150\" height=\"91\" class=\"wp-image-600501 lazyload\" style=\"--smush-placeholder-width: 150px; --smush-placeholder-aspect-ratio: 150\/91;width: 150px;\" data-src=\"https:\/\/www.barbie-secondlife.com\/wp-content\/uploads\/2024\/01\/Barbie_StarWars.jpg\" alt=\"Barbie Star Wars\" data-srcset=\"https:\/\/www.barbie-secondlife.com\/wp-content\/uploads\/2024\/01\/Barbie_StarWars.jpg 300w, https:\/\/www.barbie-secondlife.com\/wp-content\/uploads\/2024\/01\/Barbie_StarWars-200x121.jpg 200w\" data-sizes=\"(max-width: 150px) 100vw, 150px\" src=\"data:image\/svg+xml;base64,PHN2ZyB3aWR0aD0iMSIgaGVpZ2h0PSIxIiB4bWxucz0iaHR0cDovL3d3dy53My5vcmcvMjAwMC9zdmciPjwvc3ZnPg==\" \/><\/a><\/td><td class=\"has-text-align-center\" data-align=\"center\"><a href=\"https:\/\/www.barbie-secondlife.com\/br\/tag\/james-bond\/\"><img decoding=\"async\" width=\"150\" height=\"62\" class=\"wp-image-600503 lazyload\" style=\"--smush-placeholder-width: 150px; --smush-placeholder-aspect-ratio: 150\/62;width: 150px;\" data-src=\"https:\/\/www.barbie-secondlife.com\/wp-content\/uploads\/2024\/01\/Barbie_JamesBond.png\" alt=\"Barbie James Bond 007\" data-srcset=\"https:\/\/www.barbie-secondlife.com\/wp-content\/uploads\/2024\/01\/Barbie_JamesBond.png 300w, https:\/\/www.barbie-secondlife.com\/wp-content\/uploads\/2024\/01\/Barbie_JamesBond-200x83.png 200w\" data-sizes=\"(max-width: 150px) 100vw, 150px\" src=\"data:image\/svg+xml;base64,PHN2ZyB3aWR0aD0iMSIgaGVpZ2h0PSIxIiB4bWxucz0iaHR0cDovL3d3dy53My5vcmcvMjAwMC9zdmciPjwvc3ZnPg==\" \/><\/a><\/td><td class=\"has-text-align-center\" data-align=\"center\"><a href=\"https:\/\/www.barbie-secondlife.com\/br\/tag\/the-twilight-saga\/\"><img decoding=\"async\" width=\"150\" height=\"52\" class=\"wp-image-600504 lazyload\" style=\"--smush-placeholder-width: 150px; --smush-placeholder-aspect-ratio: 150\/52;width: 150px;\" data-src=\"https:\/\/www.barbie-secondlife.com\/wp-content\/uploads\/2024\/01\/Barbie_Twilight.png\" alt=\"Barbie The Twilight Saga\" data-srcset=\"https:\/\/www.barbie-secondlife.com\/wp-content\/uploads\/2024\/01\/Barbie_Twilight.png 300w, https:\/\/www.barbie-secondlife.com\/wp-content\/uploads\/2024\/01\/Barbie_Twilight-200x69.png 200w\" data-sizes=\"(max-width: 150px) 100vw, 150px\" src=\"data:image\/svg+xml;base64,PHN2ZyB3aWR0aD0iMSIgaGVpZ2h0PSIxIiB4bWxucz0iaHR0cDovL3d3dy53My5vcmcvMjAwMC9zdmciPjwvc3ZnPg==\" \/><\/a><\/td><\/tr><tr><td class=\"has-text-align-center\" data-align=\"center\"><a href=\"https:\/\/www.barbie-secondlife.com\/br\/tag\/wonder-woman\/\"><img decoding=\"async\" width=\"150\" height=\"76\" class=\"wp-image-600507 lazyload\" style=\"--smush-placeholder-width: 150px; --smush-placeholder-aspect-ratio: 150\/76;width: 150px;\" data-src=\"https:\/\/www.barbie-secondlife.com\/wp-content\/uploads\/2024\/01\/Barbie_WonderWoman.png\" alt=\"Barbie Wonder Woman\" data-srcset=\"https:\/\/www.barbie-secondlife.com\/wp-content\/uploads\/2024\/01\/Barbie_WonderWoman.png 300w, https:\/\/www.barbie-secondlife.com\/wp-content\/uploads\/2024\/01\/Barbie_WonderWoman-200x101.png 200w\" data-sizes=\"(max-width: 150px) 100vw, 150px\" src=\"data:image\/svg+xml;base64,PHN2ZyB3aWR0aD0iMSIgaGVpZ2h0PSIxIiB4bWxucz0iaHR0cDovL3d3dy53My5vcmcvMjAwMC9zdmciPjwvc3ZnPg==\" \/><\/a><\/td><td class=\"has-text-align-center\" data-align=\"center\"><a href=\"https:\/\/www.barbie-secondlife.com\/br\/tag\/little-mermaid\/\"><img decoding=\"async\" width=\"150\" height=\"53\" class=\"wp-image-600506 lazyload\" style=\"--smush-placeholder-width: 150px; --smush-placeholder-aspect-ratio: 150\/53;width: 150px;\" data-src=\"https:\/\/www.barbie-secondlife.com\/wp-content\/uploads\/2024\/01\/Barbie_LaPetiteSirene.png\" alt=\"Barbie La Petite Sirene\" data-srcset=\"https:\/\/www.barbie-secondlife.com\/wp-content\/uploads\/2024\/01\/Barbie_LaPetiteSirene.png 300w, https:\/\/www.barbie-secondlife.com\/wp-content\/uploads\/2024\/01\/Barbie_LaPetiteSirene-200x70.png 200w\" data-sizes=\"(max-width: 150px) 100vw, 150px\" src=\"data:image\/svg+xml;base64,PHN2ZyB3aWR0aD0iMSIgaGVpZ2h0PSIxIiB4bWxucz0iaHR0cDovL3d3dy53My5vcmcvMjAwMC9zdmciPjwvc3ZnPg==\" \/><\/a><\/td><td class=\"has-text-align-center\" data-align=\"center\"><a href=\"https:\/\/www.barbie-secondlife.com\/br\/tag\/harry-potter\/\"><img decoding=\"async\" width=\"150\" height=\"51\" class=\"wp-image-600510 lazyload\" style=\"--smush-placeholder-width: 150px; --smush-placeholder-aspect-ratio: 150\/51;width: 150px;\" data-src=\"https:\/\/www.barbie-secondlife.com\/wp-content\/uploads\/2024\/01\/Barbie_Harry_Potter.png\" alt=\"Barbie Harry Potter\" data-srcset=\"https:\/\/www.barbie-secondlife.com\/wp-content\/uploads\/2024\/01\/Barbie_Harry_Potter.png 300w, https:\/\/www.barbie-secondlife.com\/wp-content\/uploads\/2024\/01\/Barbie_Harry_Potter-200x68.png 200w\" data-sizes=\"(max-width: 150px) 100vw, 150px\" src=\"data:image\/svg+xml;base64,PHN2ZyB3aWR0aD0iMSIgaGVpZ2h0PSIxIiB4bWxucz0iaHR0cDovL3d3dy53My5vcmcvMjAwMC9zdmciPjwvc3ZnPg==\" \/><\/a><\/td><td class=\"has-text-align-center\" data-align=\"center\"><a href=\"https:\/\/www.barbie-secondlife.com\/br\/tag\/marvel\/\"><img decoding=\"async\" width=\"150\" height=\"61\" class=\"wp-image-600511 lazyload\" style=\"--smush-placeholder-width: 150px; --smush-placeholder-aspect-ratio: 150\/61;width: 150px;\" data-src=\"https:\/\/www.barbie-secondlife.com\/wp-content\/uploads\/2024\/01\/Barbie_Marvel.png\" alt=\"Barbie Marvel\" data-srcset=\"https:\/\/www.barbie-secondlife.com\/wp-content\/uploads\/2024\/01\/Barbie_Marvel.png 300w, https:\/\/www.barbie-secondlife.com\/wp-content\/uploads\/2024\/01\/Barbie_Marvel-200x81.png 200w\" data-sizes=\"(max-width: 150px) 100vw, 150px\" src=\"data:image\/svg+xml;base64,PHN2ZyB3aWR0aD0iMSIgaGVpZ2h0PSIxIiB4bWxucz0iaHR0cDovL3d3dy53My5vcmcvMjAwMC9zdmciPjwvc3ZnPg==\" \/><\/a><\/td><\/tr><tr><td class=\"has-text-align-center\" data-align=\"center\"><a href=\"https:\/\/www.barbie-secondlife.com\/br\/tag\/titanic\/\"><img decoding=\"async\" width=\"150\" height=\"44\" class=\"wp-image-600512 lazyload\" style=\"--smush-placeholder-width: 150px; --smush-placeholder-aspect-ratio: 150\/44;width: 150px;\" data-src=\"https:\/\/www.barbie-secondlife.com\/wp-content\/uploads\/2024\/01\/Barbie_Titanic.png\" alt=\"Barbie Titanic\" data-srcset=\"https:\/\/www.barbie-secondlife.com\/wp-content\/uploads\/2024\/01\/Barbie_Titanic.png 300w, https:\/\/www.barbie-secondlife.com\/wp-content\/uploads\/2024\/01\/Barbie_Titanic-200x59.png 200w\" data-sizes=\"(max-width: 150px) 100vw, 150px\" src=\"data:image\/svg+xml;base64,PHN2ZyB3aWR0aD0iMSIgaGVpZ2h0PSIxIiB4bWxucz0iaHR0cDovL3d3dy53My5vcmcvMjAwMC9zdmciPjwvc3ZnPg==\" \/><\/a><\/td><td class=\"has-text-align-center\" data-align=\"center\"><a href=\"https:\/\/www.barbie-secondlife.com\/br\/tag\/dc-comics\/\"><img decoding=\"async\" width=\"150\" height=\"150\" class=\"wp-image-600509 lazyload\" style=\"--smush-placeholder-width: 150px; --smush-placeholder-aspect-ratio: 150\/150;width: 150px;\" data-src=\"https:\/\/www.barbie-secondlife.com\/wp-content\/uploads\/2024\/01\/Barbie_DCComics.png\" alt=\"Barbie DC Comics\" data-srcset=\"https:\/\/www.barbie-secondlife.com\/wp-content\/uploads\/2024\/01\/Barbie_DCComics.png 300w, https:\/\/www.barbie-secondlife.com\/wp-content\/uploads\/2024\/01\/Barbie_DCComics-200x200.png 200w\" data-sizes=\"(max-width: 150px) 100vw, 150px\" src=\"data:image\/svg+xml;base64,PHN2ZyB3aWR0aD0iMSIgaGVpZ2h0PSIxIiB4bWxucz0iaHR0cDovL3d3dy53My5vcmcvMjAwMC9zdmciPjwvc3ZnPg==\" \/><\/a><\/td><td class=\"has-text-align-center\" data-align=\"center\"><a href=\"https:\/\/www.barbie-secondlife.com\/br\/tag\/disney\/\"><img decoding=\"async\" width=\"150\" height=\"64\" class=\"wp-image-600514 lazyload\" style=\"--smush-placeholder-width: 150px; --smush-placeholder-aspect-ratio: 150\/64;width: 150px;\" data-src=\"https:\/\/www.barbie-secondlife.com\/wp-content\/uploads\/2024\/01\/Barbie_Disney.png\" alt=\"Barbie Disney\" data-srcset=\"https:\/\/www.barbie-secondlife.com\/wp-content\/uploads\/2024\/01\/Barbie_Disney.png 300w, https:\/\/www.barbie-secondlife.com\/wp-content\/uploads\/2024\/01\/Barbie_Disney-200x85.png 200w\" data-sizes=\"(max-width: 150px) 100vw, 150px\" src=\"data:image\/svg+xml;base64,PHN2ZyB3aWR0aD0iMSIgaGVpZ2h0PSIxIiB4bWxucz0iaHR0cDovL3d3dy53My5vcmcvMjAwMC9zdmciPjwvc3ZnPg==\" \/><\/a><\/td><td class=\"has-text-align-center\" data-align=\"center\"><a href=\"https:\/\/www.barbie-secondlife.com\/br\/tag\/wizard-of-oz\/\"><img decoding=\"async\" width=\"150\" height=\"86\" class=\"wp-image-600515 lazyload\" style=\"--smush-placeholder-width: 150px; --smush-placeholder-aspect-ratio: 150\/86;width: 150px;\" data-src=\"https:\/\/www.barbie-secondlife.com\/wp-content\/uploads\/2024\/01\/Barbie_Wizardofoz.png\" alt=\"Barbie The Wizard Of Oz\" data-srcset=\"https:\/\/www.barbie-secondlife.com\/wp-content\/uploads\/2024\/01\/Barbie_Wizardofoz.png 300w, https:\/\/www.barbie-secondlife.com\/wp-content\/uploads\/2024\/01\/Barbie_Wizardofoz-200x115.png 200w\" data-sizes=\"(max-width: 150px) 100vw, 150px\" src=\"data:image\/svg+xml;base64,PHN2ZyB3aWR0aD0iMSIgaGVpZ2h0PSIxIiB4bWxucz0iaHR0cDovL3d3dy53My5vcmcvMjAwMC9zdmciPjwvc3ZnPg==\" \/><\/a><\/td><\/tr><tr><td class=\"has-text-align-center\" data-align=\"center\"><a href=\"https:\/\/www.barbie-secondlife.com\/br\/tag\/jurassic-world\/\"><img decoding=\"async\" width=\"150\" height=\"100\" class=\"wp-image-600541 lazyload\" style=\"--smush-placeholder-width: 150px; --smush-placeholder-aspect-ratio: 150\/100;width: 150px;\" data-src=\"https:\/\/www.barbie-secondlife.com\/wp-content\/uploads\/2024\/01\/Barbie_JurassicWorld.png\" alt=\"Barbie Jurassic World\" data-srcset=\"https:\/\/www.barbie-secondlife.com\/wp-content\/uploads\/2024\/01\/Barbie_JurassicWorld.png 300w, https:\/\/www.barbie-secondlife.com\/wp-content\/uploads\/2024\/01\/Barbie_JurassicWorld-200x133.png 200w\" data-sizes=\"(max-width: 150px) 100vw, 150px\" src=\"data:image\/svg+xml;base64,PHN2ZyB3aWR0aD0iMSIgaGVpZ2h0PSIxIiB4bWxucz0iaHR0cDovL3d3dy53My5vcmcvMjAwMC9zdmciPjwvc3ZnPg==\" \/><\/a><\/td><td class=\"has-text-align-center\" data-align=\"center\"><a href=\"https:\/\/www.barbie-secondlife.com\/br\/tag\/star-trek\/\"><img decoding=\"async\" width=\"150\" height=\"61\" class=\"wp-image-600542 lazyload\" style=\"--smush-placeholder-width: 150px; --smush-placeholder-aspect-ratio: 150\/61;width: 150px;\" data-src=\"https:\/\/www.barbie-secondlife.com\/wp-content\/uploads\/2024\/01\/Barbie_StarTrek.png\" alt=\"Barbie Star Trek\" data-srcset=\"https:\/\/www.barbie-secondlife.com\/wp-content\/uploads\/2024\/01\/Barbie_StarTrek.png 300w, https:\/\/www.barbie-secondlife.com\/wp-content\/uploads\/2024\/01\/Barbie_StarTrek-200x81.png 200w\" data-sizes=\"(max-width: 150px) 100vw, 150px\" src=\"data:image\/svg+xml;base64,PHN2ZyB3aWR0aD0iMSIgaGVpZ2h0PSIxIiB4bWxucz0iaHR0cDovL3d3dy53My5vcmcvMjAwMC9zdmciPjwvc3ZnPg==\" \/><\/a><\/td><td class=\"has-text-align-center\" data-align=\"center\"><a href=\"https:\/\/www.barbie-secondlife.com\/br\/tag\/divergent\/\"><img decoding=\"async\" width=\"150\" height=\"25\" class=\"wp-image-600668 lazyload\" style=\"--smush-placeholder-width: 150px; --smush-placeholder-aspect-ratio: 150\/25;width: 150px;\" data-src=\"https:\/\/www.barbie-secondlife.com\/wp-content\/uploads\/2024\/01\/Barbie_Divergent.png\" alt=\"Barbie Divergent\" data-srcset=\"https:\/\/www.barbie-secondlife.com\/wp-content\/uploads\/2024\/01\/Barbie_Divergent.png 300w, https:\/\/www.barbie-secondlife.com\/wp-content\/uploads\/2024\/01\/Barbie_Divergent-200x33.png 200w\" data-sizes=\"(max-width: 150px) 100vw, 150px\" src=\"data:image\/svg+xml;base64,PHN2ZyB3aWR0aD0iMSIgaGVpZ2h0PSIxIiB4bWxucz0iaHR0cDovL3d3dy53My5vcmcvMjAwMC9zdmciPjwvc3ZnPg==\" \/><\/a><\/td><td class=\"has-text-align-center\" data-align=\"center\"><a href=\"https:\/\/www.barbie-secondlife.com\/br\/tag\/aquaman\/\"><img decoding=\"async\" width=\"150\" height=\"60\" class=\"wp-image-600672 lazyload\" style=\"--smush-placeholder-width: 150px; --smush-placeholder-aspect-ratio: 150\/60;width: 150px;\" data-src=\"https:\/\/www.barbie-secondlife.com\/wp-content\/uploads\/2024\/01\/Barbie_Aquaman.jpg\" alt=\"Barbie Aquaman\" data-srcset=\"https:\/\/www.barbie-secondlife.com\/wp-content\/uploads\/2024\/01\/Barbie_Aquaman.jpg 300w, https:\/\/www.barbie-secondlife.com\/wp-content\/uploads\/2024\/01\/Barbie_Aquaman-200x79.jpg 200w\" data-sizes=\"(max-width: 150px) 100vw, 150px\" src=\"data:image\/svg+xml;base64,PHN2ZyB3aWR0aD0iMSIgaGVpZ2h0PSIxIiB4bWxucz0iaHR0cDovL3d3dy53My5vcmcvMjAwMC9zdmciPjwvc3ZnPg==\" \/><\/a><\/td><\/tr><tr><td class=\"has-text-align-center\" data-align=\"center\"><a href=\"https:\/\/www.barbie-secondlife.com\/br\/tag\/the-lord-of-the-rings\/\"><img decoding=\"async\" width=\"150\" height=\"42\" class=\"wp-image-600671 lazyload\" style=\"--smush-placeholder-width: 150px; --smush-placeholder-aspect-ratio: 150\/42;width: 150px;\" data-src=\"https:\/\/www.barbie-secondlife.com\/wp-content\/uploads\/2024\/01\/Barbie_LordOfTheRing.jpg\" alt=\"Barbie The Lord Of The Ring\" data-srcset=\"https:\/\/www.barbie-secondlife.com\/wp-content\/uploads\/2024\/01\/Barbie_LordOfTheRing.jpg 300w, https:\/\/www.barbie-secondlife.com\/wp-content\/uploads\/2024\/01\/Barbie_LordOfTheRing-200x56.jpg 200w\" data-sizes=\"(max-width: 150px) 100vw, 150px\" src=\"data:image\/svg+xml;base64,PHN2ZyB3aWR0aD0iMSIgaGVpZ2h0PSIxIiB4bWxucz0iaHR0cDovL3d3dy53My5vcmcvMjAwMC9zdmciPjwvc3ZnPg==\" \/><\/a><\/td><td class=\"has-text-align-center\" data-align=\"center\"><a href=\"https:\/\/www.barbie-secondlife.com\/br\/tag\/hunger-games\/\"><img decoding=\"async\" width=\"150\" height=\"70\" class=\"wp-image-600670 lazyload\" style=\"--smush-placeholder-width: 150px; --smush-placeholder-aspect-ratio: 150\/70;width: 150px;\" data-src=\"https:\/\/www.barbie-secondlife.com\/wp-content\/uploads\/2024\/01\/Barbie_HungerGames.jpg\" alt=\"Barbie The Hunger Games\" data-srcset=\"https:\/\/www.barbie-secondlife.com\/wp-content\/uploads\/2024\/01\/Barbie_HungerGames.jpg 571w, https:\/\/www.barbie-secondlife.com\/wp-content\/uploads\/2024\/01\/Barbie_HungerGames-302x141.jpg 302w, https:\/\/www.barbie-secondlife.com\/wp-content\/uploads\/2024\/01\/Barbie_HungerGames-200x94.jpg 200w, https:\/\/www.barbie-secondlife.com\/wp-content\/uploads\/2024\/01\/Barbie_HungerGames-500x234.jpg 500w, https:\/\/www.barbie-secondlife.com\/wp-content\/uploads\/2024\/01\/Barbie_HungerGames-350x164.jpg 350w\" data-sizes=\"(max-width: 150px) 100vw, 150px\" src=\"data:image\/svg+xml;base64,PHN2ZyB3aWR0aD0iMSIgaGVpZ2h0PSIxIiB4bWxucz0iaHR0cDovL3d3dy53My5vcmcvMjAwMC9zdmciPjwvc3ZnPg==\" \/><\/a><\/td><td class=\"has-text-align-center\" data-align=\"center\"><a href=\"https:\/\/www.barbie-secondlife.com\/br\/tag\/pirates-of-the-caribbean\/\"><img decoding=\"async\" width=\"150\" height=\"39\" class=\"wp-image-600678 lazyload\" style=\"--smush-placeholder-width: 150px; --smush-placeholder-aspect-ratio: 150\/39;width: 150px;\" data-src=\"https:\/\/www.barbie-secondlife.com\/wp-content\/uploads\/2024\/01\/Barbie_Pirates.png\" alt=\"Barbie Pirates Of the Caribbean\" data-srcset=\"https:\/\/www.barbie-secondlife.com\/wp-content\/uploads\/2024\/01\/Barbie_Pirates.png 300w, https:\/\/www.barbie-secondlife.com\/wp-content\/uploads\/2024\/01\/Barbie_Pirates-200x52.png 200w\" data-sizes=\"(max-width: 150px) 100vw, 150px\" src=\"data:image\/svg+xml;base64,PHN2ZyB3aWR0aD0iMSIgaGVpZ2h0PSIxIiB4bWxucz0iaHR0cDovL3d3dy53My5vcmcvMjAwMC9zdmciPjwvc3ZnPg==\" \/><\/a><\/td><td class=\"has-text-align-center\" data-align=\"center\"><a href=\"https:\/\/www.barbie-secondlife.com\/br\/tag\/tomb-raider\/\"><img decoding=\"async\" width=\"150\" height=\"108\" class=\"wp-image-600679 lazyload\" style=\"--smush-placeholder-width: 150px; --smush-placeholder-aspect-ratio: 150\/108;width: 150px;\" data-src=\"https:\/\/www.barbie-secondlife.com\/wp-content\/uploads\/2024\/01\/Barbie_TombRaider.jpg\" alt=\"Barbie Tomb Raider\" data-srcset=\"https:\/\/www.barbie-secondlife.com\/wp-content\/uploads\/2024\/01\/Barbie_TombRaider.jpg 300w, https:\/\/www.barbie-secondlife.com\/wp-content\/uploads\/2024\/01\/Barbie_TombRaider-200x144.jpg 200w\" data-sizes=\"(max-width: 150px) 100vw, 150px\" src=\"data:image\/svg+xml;base64,PHN2ZyB3aWR0aD0iMSIgaGVpZ2h0PSIxIiB4bWxucz0iaHR0cDovL3d3dy53My5vcmcvMjAwMC9zdmciPjwvc3ZnPg==\" \/><\/a><\/td><\/tr><\/tbody><\/table><\/figure>\n\n\n\n<hr class=\"wp-block-separator has-alpha-channel-opacity\"\/>\n\n\n\n<h2 class=\"wp-block-heading\"><strong><em>S\u00e9ries de Televis\u00e3o<\/em><\/strong><\/h2>\n\n\n\n<figure class=\"wp-block-table\"><table><tbody><tr><td class=\"has-text-align-center\" data-align=\"center\"><a href=\"https:\/\/www.barbie-secondlife.com\/br\/tag\/rebelde\/\"><img decoding=\"async\" width=\"150\" height=\"119\" class=\"wp-image-600521 lazyload\" style=\"--smush-placeholder-width: 150px; --smush-placeholder-aspect-ratio: 150\/119;width: 150px;\" data-src=\"https:\/\/www.barbie-secondlife.com\/wp-content\/uploads\/2024\/01\/Barbie_Rebelde.png\" alt=\"Barbie Rebelde\" data-srcset=\"https:\/\/www.barbie-secondlife.com\/wp-content\/uploads\/2024\/01\/Barbie_Rebelde.png 300w, https:\/\/www.barbie-secondlife.com\/wp-content\/uploads\/2024\/01\/Barbie_Rebelde-200x158.png 200w\" data-sizes=\"(max-width: 150px) 100vw, 150px\" src=\"data:image\/svg+xml;base64,PHN2ZyB3aWR0aD0iMSIgaGVpZ2h0PSIxIiB4bWxucz0iaHR0cDovL3d3dy53My5vcmcvMjAwMC9zdmciPjwvc3ZnPg==\" \/><\/a><\/td><td class=\"has-text-align-center\" data-align=\"center\"><a href=\"https:\/\/www.barbie-secondlife.com\/br\/tag\/clueless\/\"><img decoding=\"async\" width=\"150\" height=\"51\" class=\"wp-image-600520 lazyload\" style=\"--smush-placeholder-width: 150px; --smush-placeholder-aspect-ratio: 150\/51;width: 150px;\" data-src=\"https:\/\/www.barbie-secondlife.com\/wp-content\/uploads\/2024\/01\/Barbie_Clueless.png\" alt=\"Barbie Clueless\" data-srcset=\"https:\/\/www.barbie-secondlife.com\/wp-content\/uploads\/2024\/01\/Barbie_Clueless.png 300w, https:\/\/www.barbie-secondlife.com\/wp-content\/uploads\/2024\/01\/Barbie_Clueless-200x68.png 200w\" data-sizes=\"(max-width: 150px) 100vw, 150px\" src=\"data:image\/svg+xml;base64,PHN2ZyB3aWR0aD0iMSIgaGVpZ2h0PSIxIiB4bWxucz0iaHR0cDovL3d3dy53My5vcmcvMjAwMC9zdmciPjwvc3ZnPg==\" \/><\/a><\/td><td class=\"has-text-align-center\" data-align=\"center\"><a href=\"https:\/\/www.barbie-secondlife.com\/br\/tag\/beverly-hills\/\"><img decoding=\"async\" width=\"150\" height=\"154\" class=\"wp-image-600530 lazyload\" style=\"--smush-placeholder-width: 150px; --smush-placeholder-aspect-ratio: 150\/154;width: 150px;\" data-src=\"https:\/\/www.barbie-secondlife.com\/wp-content\/uploads\/2024\/01\/Barbie_BeverlyHills2.png\" alt=\"Barbie Beverly Hills\" data-srcset=\"https:\/\/www.barbie-secondlife.com\/wp-content\/uploads\/2024\/01\/Barbie_BeverlyHills2.png 300w, https:\/\/www.barbie-secondlife.com\/wp-content\/uploads\/2024\/01\/Barbie_BeverlyHills2-200x205.png 200w, https:\/\/www.barbie-secondlife.com\/wp-content\/uploads\/2024\/01\/Barbie_BeverlyHills2-293x300.png 293w\" data-sizes=\"(max-width: 150px) 100vw, 150px\" src=\"data:image\/svg+xml;base64,PHN2ZyB3aWR0aD0iMSIgaGVpZ2h0PSIxIiB4bWxucz0iaHR0cDovL3d3dy53My5vcmcvMjAwMC9zdmciPjwvc3ZnPg==\" \/><\/a><\/td><td class=\"has-text-align-center\" data-align=\"center\"><a href=\"https:\/\/www.barbie-secondlife.com\/br\/tag\/dynasty\/\"><img decoding=\"async\" width=\"150\" height=\"35\" class=\"wp-image-600669 lazyload\" style=\"--smush-placeholder-width: 150px; --smush-placeholder-aspect-ratio: 150\/35;width: 150px;\" data-src=\"https:\/\/www.barbie-secondlife.com\/wp-content\/uploads\/2024\/01\/Barbie_Dynasty.png\" alt=\"Barbie Dynasty\" data-srcset=\"https:\/\/www.barbie-secondlife.com\/wp-content\/uploads\/2024\/01\/Barbie_Dynasty.png 300w, https:\/\/www.barbie-secondlife.com\/wp-content\/uploads\/2024\/01\/Barbie_Dynasty-200x46.png 200w\" data-sizes=\"(max-width: 150px) 100vw, 150px\" src=\"data:image\/svg+xml;base64,PHN2ZyB3aWR0aD0iMSIgaGVpZ2h0PSIxIiB4bWxucz0iaHR0cDovL3d3dy53My5vcmcvMjAwMC9zdmciPjwvc3ZnPg==\" \/><\/a><\/td><\/tr><\/tbody><\/table><\/figure>\n","protected":false},"excerpt":{"rendered":"<p>Barbie e os filmes\/s\u00e9ries de TV Aqui est\u00e3o a Barbie e o Ken da minha cole\u00e7\u00e3o que representa um filme ou s\u00e9rie de TV. Em 2023, o filme evento Barbie The Movie possibilitou, gra\u00e7as ao seu sucesso, o lan\u00e7amento de uma cole\u00e7\u00e3o inteira de bonecas Barbie e bonecos Ken. Todas as principais produ\u00e7\u00f5es de filmes [&hellip;]<\/p>\n","protected":false},"author":1,"featured_media":600533,"parent":4910,"menu_order":0,"comment_status":"closed","ping_status":"closed","template":"","meta":{"footnotes":""},"class_list":["post-600498","page","type-page","status-publish","has-post-thumbnail","hentry"],"translation":{"provider":"WPGlobus","version":"3.0.2","language":"br","enabled_languages":["fr","en","es","br","de"],"languages":{"fr":{"title":true,"content":true,"excerpt":false},"en":{"title":true,"content":true,"excerpt":false},"es":{"title":true,"content":true,"excerpt":false},"br":{"title":true,"content":true,"excerpt":false},"de":{"title":true,"content":true,"excerpt":false}}},"_links":{"self":[{"href":"https:\/\/www.barbie-secondlife.com\/br\/wp-json\/wp\/v2\/pages\/600498","targetHints":{"allow":["GET"]}}],"collection":[{"href":"https:\/\/www.barbie-secondlife.com\/br\/wp-json\/wp\/v2\/pages"}],"about":[{"href":"https:\/\/www.barbie-secondlife.com\/br\/wp-json\/wp\/v2\/types\/page"}],"author":[{"embeddable":true,"href":"https:\/\/www.barbie-secondlife.com\/br\/wp-json\/wp\/v2\/users\/1"}],"replies":[{"embeddable":true,"href":"https:\/\/www.barbie-secondlife.com\/br\/wp-json\/wp\/v2\/comments?post=600498"}],"version-history":[{"count":5,"href":"https:\/\/www.barbie-secondlife.com\/br\/wp-json\/wp\/v2\/pages\/600498\/revisions"}],"predecessor-version":[{"id":600684,"href":"https:\/\/www.barbie-secondlife.com\/br\/wp-json\/wp\/v2\/pages\/600498\/revisions\/600684"}],"up":[{"embeddable":true,"href":"https:\/\/www.barbie-secondlife.com\/br\/wp-json\/wp\/v2\/pages\/4910"}],"wp:featuredmedia":[{"embeddable":true,"href":"https:\/\/www.barbie-secondlife.com\/br\/wp-json\/wp\/v2\/media\/600533"}],"wp:attachment":[{"href":"https:\/\/www.barbie-secondlife.com\/br\/wp-json\/wp\/v2\/media?parent=600498"}],"curies":[{"name":"wp","href":"https:\/\/api.w.org\/{rel}","templated":true}]}}