{"id":600664,"date":"2024-01-14T22:40:52","date_gmt":"2024-01-14T21:40:52","guid":{"rendered":"https:\/\/www.barbie-secondlife.com\/?page_id=600664"},"modified":"2024-01-14T22:54:46","modified_gmt":"2024-01-14T21:54:46","slug":"barbie-celebrites","status":"publish","type":"page","link":"https:\/\/www.barbie-secondlife.com\/br\/collection\/barbie-celebrites\/","title":{"rendered":"Celebridades"},"content":{"rendered":"\n<h2 class=\"wp-block-heading\"><strong><em>Barbie \u00e0 semelhan\u00e7a de uma celebridade<\/em><\/strong><\/h2>\n\n\n\n<p>Quem diz grande estrela, diz Barbie \u00e0 sua imagem. Muitas delas t\u00eam sua boneca de pl\u00e1stico dobrada, mais que uma honra, \u00e9 uma consagra\u00e7\u00e3o. Personalidades de todas as esferas da vida, do mundo do esporte (<a href=\"https:\/\/www.barbie-secondlife.com\/br\/tag\/dale-earnhardt\/\">Dale Earnhardt<\/a> &#8211; <a href=\"https:\/\/www.barbie-secondlife.com\/br\/tag\/gabby-douglas\/\">Gabby Douglas<\/a>), do cinema (<a href=\"https:\/\/www.barbie-secondlife.com\/br\/tag\/grace-kelly\/\">Grace Kelly<\/a> &#8211; <a href=\"https:\/\/www.barbie-secondlife.com\/br\/tag\/audrey-hepburn\/\">Audrey Hepburn<\/a>), da m\u00fasica (<a href=\"https:\/\/www.barbie-secondlife.com\/br\/tag\/elton-john\/\">Elton John<\/a> &#8211; <a href=\"https:\/\/www.barbie-secondlife.com\/br\/tag\/shakira\/\">Shakira <\/a>&#8211; <a href=\"https:\/\/www.barbie-secondlife.com\/br\/tag\/jennifer-lopez\/\">Jennifer Lopez<\/a> &#8211; <a href=\"https:\/\/www.barbie-secondlife.com\/br\/tag\/mariah-carey\/\">Mariah Carey<\/a>, da pintura (<a href=\"https:\/\/www.barbie-secondlife.com\/br\/tag\/keith-haring\/\">Keith Haring<\/a> &#8211; <a href=\"https:\/\/www.barbie-secondlife.com\/br\/tag\/jean-michel-basquiat\/\">Jean Michel Basquiat<\/a>), ou moda (<a href=\"https:\/\/www.barbie-secondlife.com\/br\/tag\/gigi-hadid\/\">Gigi Hadid<\/a> &#8211; <a href=\"https:\/\/www.barbie-secondlife.com\/br\/tag\/natalia-vodianova\/\">Natalia Vodianova<\/a>). Outras celebridades est\u00e3o agrupadas na cole\u00e7\u00e3o <a href=\"https:\/\/www.barbie-secondlife.com\/br\/tag\/inspiring-women\/\">Inspiring Women<\/a>. Descubra todos os outros clicando em seus nomes abaixo<\/p>\n\n\n\n<figure class=\"wp-block-table\"><table class=\"has-fixed-layout\"><tbody><tr><td class=\"has-text-align-center\" data-align=\"center\"><img decoding=\"async\" width=\"100\" height=\"100\" class=\"wp-image-600666 lazyload\" style=\"--smush-placeholder-width: 100px; --smush-placeholder-aspect-ratio: 100\/100;width: 100px;\" data-src=\"https:\/\/www.barbie-secondlife.com\/wp-content\/uploads\/2024\/01\/Etoile_Barbie.jpg\" alt=\"\" data-srcset=\"https:\/\/www.barbie-secondlife.com\/wp-content\/uploads\/2024\/01\/Etoile_Barbie.jpg 400w, https:\/\/www.barbie-secondlife.com\/wp-content\/uploads\/2024\/01\/Etoile_Barbie-302x302.jpg 302w, https:\/\/www.barbie-secondlife.com\/wp-content\/uploads\/2024\/01\/Etoile_Barbie-200x200.jpg 200w, https:\/\/www.barbie-secondlife.com\/wp-content\/uploads\/2024\/01\/Etoile_Barbie-350x350.jpg 350w, https:\/\/www.barbie-secondlife.com\/wp-content\/uploads\/2024\/01\/Etoile_Barbie-300x300.jpg 300w\" data-sizes=\"(max-width: 100px) 100vw, 100px\" src=\"data:image\/svg+xml;base64,PHN2ZyB3aWR0aD0iMSIgaGVpZ2h0PSIxIiB4bWxucz0iaHR0cDovL3d3dy53My5vcmcvMjAwMC9zdmciPjwvc3ZnPg==\" \/><\/td><td class=\"has-text-align-center\" data-align=\"center\"><img decoding=\"async\" width=\"100\" height=\"100\" class=\"wp-image-600666 lazyload\" style=\"--smush-placeholder-width: 100px; --smush-placeholder-aspect-ratio: 100\/100;width: 100px;\" data-src=\"https:\/\/www.barbie-secondlife.com\/wp-content\/uploads\/2024\/01\/Etoile_Barbie.jpg\" alt=\"\" data-srcset=\"https:\/\/www.barbie-secondlife.com\/wp-content\/uploads\/2024\/01\/Etoile_Barbie.jpg 400w, https:\/\/www.barbie-secondlife.com\/wp-content\/uploads\/2024\/01\/Etoile_Barbie-302x302.jpg 302w, https:\/\/www.barbie-secondlife.com\/wp-content\/uploads\/2024\/01\/Etoile_Barbie-200x200.jpg 200w, https:\/\/www.barbie-secondlife.com\/wp-content\/uploads\/2024\/01\/Etoile_Barbie-350x350.jpg 350w, https:\/\/www.barbie-secondlife.com\/wp-content\/uploads\/2024\/01\/Etoile_Barbie-300x300.jpg 300w\" data-sizes=\"(max-width: 100px) 100vw, 100px\" src=\"data:image\/svg+xml;base64,PHN2ZyB3aWR0aD0iMSIgaGVpZ2h0PSIxIiB4bWxucz0iaHR0cDovL3d3dy53My5vcmcvMjAwMC9zdmciPjwvc3ZnPg==\" \/><\/td><\/tr><tr><td class=\"has-text-align-center\" data-align=\"center\"><a href=\"https:\/\/www.barbie-secondlife.com\/br\/tag\/audrey-hepburn\/\">Audrey Hepburn<\/a><\/td><td class=\"has-text-align-center\" data-align=\"center\"><a href=\"https:\/\/www.barbie-secondlife.com\/br\/tag\/brandy\/\">Brandy<\/a><\/td><\/tr><tr><td class=\"has-text-align-center\" data-align=\"center\"><a href=\"https:\/\/www.barbie-secondlife.com\/br\/tag\/cher\/\">Cher<\/a><\/td><td class=\"has-text-align-center\" data-align=\"center\"><a href=\"https:\/\/www.barbie-secondlife.com\/br\/tag\/cyndi-lauper\/\">Cindy Lauper<\/a><\/td><\/tr><tr><td class=\"has-text-align-center\" data-align=\"center\"><a href=\"https:\/\/www.barbie-secondlife.com\/br\/tag\/dale-earnhardt\/\">Dale Earnhardt<\/a><\/td><td class=\"has-text-align-center\" data-align=\"center\"><a href=\"https:\/\/www.barbie-secondlife.com\/br\/tag\/debbie-harry\/\">Debbie Harry<\/a><\/td><\/tr><tr><td class=\"has-text-align-center\" data-align=\"center\"><a href=\"https:\/\/www.barbie-secondlife.com\/br\/tag\/diana-ross\/\">Diana Ross<\/a><\/td><td class=\"has-text-align-center\" data-align=\"center\"><a href=\"https:\/\/www.barbie-secondlife.com\/br\/tag\/elton-john\/\">Elton John<\/a><\/td><\/tr><tr><td class=\"has-text-align-center\" data-align=\"center\"><a href=\"https:\/\/www.barbie-secondlife.com\/br\/tag\/elvis-presley\/\">Elvis Presley<\/a><\/td><td class=\"has-text-align-center\" data-align=\"center\"><a href=\"https:\/\/www.barbie-secondlife.com\/br\/tag\/faith-hill\/\">Faith Hill<\/a><\/td><\/tr><tr><td class=\"has-text-align-center\" data-align=\"center\"><a href=\"https:\/\/www.barbie-secondlife.com\/br\/tag\/fan-bingbing\/\">Fan BingBing<\/a><\/td><td class=\"has-text-align-center\" data-align=\"center\"><a href=\"https:\/\/www.barbie-secondlife.com\/br\/tag\/gabby-douglas\/\">Gabby Douglas<\/a><\/td><\/tr><tr><td class=\"has-text-align-center\" data-align=\"center\"><a href=\"https:\/\/www.barbie-secondlife.com\/br\/tag\/gigi-hadid\/\">Gigi Hadid<\/a><\/td><td class=\"has-text-align-center\" data-align=\"center\"><a href=\"https:\/\/www.barbie-secondlife.com\/br\/tag\/gloria-estefan\/\">Gloria Estefan<\/a><\/td><\/tr><tr><td class=\"has-text-align-center\" data-align=\"center\"><a href=\"https:\/\/www.barbie-secondlife.com\/br\/tag\/goldie-hawn\/\">Goldie Hawn<\/a><\/td><td class=\"has-text-align-center\" data-align=\"center\"><a href=\"https:\/\/www.barbie-secondlife.com\/br\/tag\/grace-kelly\/\">Grace Kelly<\/a><\/td><\/tr><tr><td class=\"has-text-align-center\" data-align=\"center\"><a href=\"https:\/\/www.barbie-secondlife.com\/br\/tag\/hannah-montana\/\">Hannah Montana<\/a><\/td><td class=\"has-text-align-center\" data-align=\"center\"><a href=\"https:\/\/www.barbie-secondlife.com\/br\/tag\/heidi-klum\/\">Heidi Klum<\/a><\/td><\/tr><tr><td class=\"has-text-align-center\" data-align=\"center\"><a href=\"https:\/\/www.barbie-secondlife.com\/br\/tag\/hilary-duff\/\">Hilary Duff<\/a><\/td><td class=\"has-text-align-center\" data-align=\"center\"><a href=\"https:\/\/www.barbie-secondlife.com\/br\/tag\/jean-michel-basquiat\/\">Jean Michel Basquiat<\/a><\/td><\/tr><tr><td class=\"has-text-align-center\" data-align=\"center\"><a href=\"https:\/\/www.barbie-secondlife.com\/br\/tag\/jennifer-lopez\/\">Jennifer Lopez<\/a><\/td><td class=\"has-text-align-center\" data-align=\"center\"><a href=\"https:\/\/www.barbie-secondlife.com\/br\/tag\/keith-haring\/\">Keith Haring<\/a><\/td><\/tr><tr><td class=\"has-text-align-center\" data-align=\"center\"><a href=\"https:\/\/www.barbie-secondlife.com\/br\/tag\/laverne-cox\/\">Laverne Cox<\/a><\/td><td class=\"has-text-align-center\" data-align=\"center\"><a href=\"https:\/\/www.barbie-secondlife.com\/br\/tag\/lucille-ball\/\">Lucille Ball<\/a><\/td><\/tr><tr><td class=\"has-text-align-center\" data-align=\"center\"><a href=\"https:\/\/www.barbie-secondlife.com\/br\/tag\/maria-felix\/\">Mar\u00eda Felix<\/a><\/td><td class=\"has-text-align-center\" data-align=\"center\"><a href=\"https:\/\/www.barbie-secondlife.com\/br\/tag\/marilyn-monroe\/\">Marilyn Monroe<\/a><\/td><\/tr><tr><td class=\"has-text-align-center\" data-align=\"center\"><a href=\"https:\/\/www.barbie-secondlife.com\/br\/tag\/natalia-vodianova\/\">Natalia Vodianova<\/a><\/td><td class=\"has-text-align-center\" data-align=\"center\"><a href=\"https:\/\/www.barbie-secondlife.com\/br\/tag\/shakira\/\">Shakira<\/a><\/td><\/tr><tr><td class=\"has-text-align-center\" data-align=\"center\"><a href=\"https:\/\/www.barbie-secondlife.com\/br\/tag\/ted-lasso\/\">Ted Lasso<\/a><\/td><td class=\"has-text-align-center\" data-align=\"center\"><a href=\"https:\/\/www.barbie-secondlife.com\/br\/tag\/tim-mcgraw\/\">Tim McGraw<\/a><\/td><\/tr><tr><td class=\"has-text-align-center\" data-align=\"center\"><a href=\"https:\/\/www.barbie-secondlife.com\/br\/tag\/vera-wang\/\">Vera Wang<\/a><\/td><td class=\"has-text-align-center\" data-align=\"center\"><a href=\"https:\/\/www.barbie-secondlife.com\/br\/tag\/vincent-van-gogh\/\">Vincent Van Gogh<\/a><\/td><\/tr><tr><td class=\"has-text-align-center\" data-align=\"center\"><img decoding=\"async\" width=\"100\" height=\"100\" class=\"wp-image-600666 lazyload\" style=\"--smush-placeholder-width: 100px; --smush-placeholder-aspect-ratio: 100\/100;width: 100px;\" data-src=\"https:\/\/www.barbie-secondlife.com\/wp-content\/uploads\/2024\/01\/Etoile_Barbie.jpg\" alt=\"\" data-srcset=\"https:\/\/www.barbie-secondlife.com\/wp-content\/uploads\/2024\/01\/Etoile_Barbie.jpg 400w, https:\/\/www.barbie-secondlife.com\/wp-content\/uploads\/2024\/01\/Etoile_Barbie-302x302.jpg 302w, https:\/\/www.barbie-secondlife.com\/wp-content\/uploads\/2024\/01\/Etoile_Barbie-200x200.jpg 200w, https:\/\/www.barbie-secondlife.com\/wp-content\/uploads\/2024\/01\/Etoile_Barbie-350x350.jpg 350w, https:\/\/www.barbie-secondlife.com\/wp-content\/uploads\/2024\/01\/Etoile_Barbie-300x300.jpg 300w\" data-sizes=\"(max-width: 100px) 100vw, 100px\" src=\"data:image\/svg+xml;base64,PHN2ZyB3aWR0aD0iMSIgaGVpZ2h0PSIxIiB4bWxucz0iaHR0cDovL3d3dy53My5vcmcvMjAwMC9zdmciPjwvc3ZnPg==\" \/><\/td><td class=\"has-text-align-center\" data-align=\"center\"><img decoding=\"async\" width=\"100\" height=\"100\" class=\"wp-image-600666 lazyload\" style=\"--smush-placeholder-width: 100px; --smush-placeholder-aspect-ratio: 100\/100;width: 100px;\" data-src=\"https:\/\/www.barbie-secondlife.com\/wp-content\/uploads\/2024\/01\/Etoile_Barbie.jpg\" alt=\"\" data-srcset=\"https:\/\/www.barbie-secondlife.com\/wp-content\/uploads\/2024\/01\/Etoile_Barbie.jpg 400w, https:\/\/www.barbie-secondlife.com\/wp-content\/uploads\/2024\/01\/Etoile_Barbie-302x302.jpg 302w, https:\/\/www.barbie-secondlife.com\/wp-content\/uploads\/2024\/01\/Etoile_Barbie-200x200.jpg 200w, https:\/\/www.barbie-secondlife.com\/wp-content\/uploads\/2024\/01\/Etoile_Barbie-350x350.jpg 350w, https:\/\/www.barbie-secondlife.com\/wp-content\/uploads\/2024\/01\/Etoile_Barbie-300x300.jpg 300w\" data-sizes=\"(max-width: 100px) 100vw, 100px\" src=\"data:image\/svg+xml;base64,PHN2ZyB3aWR0aD0iMSIgaGVpZ2h0PSIxIiB4bWxucz0iaHR0cDovL3d3dy53My5vcmcvMjAwMC9zdmciPjwvc3ZnPg==\" \/><\/td><\/tr><\/tbody><\/table><\/figure>\n","protected":false},"excerpt":{"rendered":"<p>Barbie \u00e0 semelhan\u00e7a de uma celebridade Quem diz grande estrela, diz Barbie \u00e0 sua imagem. Muitas delas t\u00eam sua boneca de pl\u00e1stico dobrada, mais que uma honra, \u00e9 uma consagra\u00e7\u00e3o. Personalidades de todas as esferas da vida, do mundo do esporte (Dale Earnhardt &#8211; Gabby Douglas), do cinema (Grace Kelly &#8211; Audrey Hepburn), da m\u00fasica [&hellip;]<\/p>\n","protected":false},"author":1,"featured_media":600710,"parent":4910,"menu_order":0,"comment_status":"closed","ping_status":"closed","template":"","meta":{"footnotes":""},"class_list":["post-600664","page","type-page","status-publish","has-post-thumbnail","hentry"],"translation":{"provider":"WPGlobus","version":"3.0.2","language":"br","enabled_languages":["fr","en","es","br","de"],"languages":{"fr":{"title":true,"content":true,"excerpt":false},"en":{"title":true,"content":true,"excerpt":false},"es":{"title":true,"content":true,"excerpt":false},"br":{"title":true,"content":true,"excerpt":false},"de":{"title":true,"content":true,"excerpt":false}}},"_links":{"self":[{"href":"https:\/\/www.barbie-secondlife.com\/br\/wp-json\/wp\/v2\/pages\/600664","targetHints":{"allow":["GET"]}}],"collection":[{"href":"https:\/\/www.barbie-secondlife.com\/br\/wp-json\/wp\/v2\/pages"}],"about":[{"href":"https:\/\/www.barbie-secondlife.com\/br\/wp-json\/wp\/v2\/types\/page"}],"author":[{"embeddable":true,"href":"https:\/\/www.barbie-secondlife.com\/br\/wp-json\/wp\/v2\/users\/1"}],"replies":[{"embeddable":true,"href":"https:\/\/www.barbie-secondlife.com\/br\/wp-json\/wp\/v2\/comments?post=600664"}],"version-history":[{"count":5,"href":"https:\/\/www.barbie-secondlife.com\/br\/wp-json\/wp\/v2\/pages\/600664\/revisions"}],"predecessor-version":[{"id":600717,"href":"https:\/\/www.barbie-secondlife.com\/br\/wp-json\/wp\/v2\/pages\/600664\/revisions\/600717"}],"up":[{"embeddable":true,"href":"https:\/\/www.barbie-secondlife.com\/br\/wp-json\/wp\/v2\/pages\/4910"}],"wp:featuredmedia":[{"embeddable":true,"href":"https:\/\/www.barbie-secondlife.com\/br\/wp-json\/wp\/v2\/media\/600710"}],"wp:attachment":[{"href":"https:\/\/www.barbie-secondlife.com\/br\/wp-json\/wp\/v2\/media?parent=600664"}],"curies":[{"name":"wp","href":"https:\/\/api.w.org\/{rel}","templated":true}]}}