{"id":602756,"date":"2024-10-05T21:11:23","date_gmt":"2024-10-05T19:11:23","guid":{"rendered":"https:\/\/www.barbie-secondlife.com\/politique-de-cookies-ca\/"},"modified":"2024-10-05T21:11:23","modified_gmt":"2024-10-05T19:11:23","slug":"politique-de-cookies-ca","status":"publish","type":"page","link":"https:\/\/www.barbie-secondlife.com\/br\/politique-de-cookies-ca\/","title":{"rendered":"Politique de cookies (CA)"},"content":{"rendered":"\n<!-- Legal document generated by Complianz | GDPR\/CCPA Cookie Consent https:\/\/wordpress.org\/plugins\/complianz-gdpr -->\n<div id=\"cmplz-document\" class=\"cmplz-document cookie-statement cmplz-document-ca\"><p><i>Esta p\u00e1gina foi alterada pela \u00faltima vez em 5 outubro 2024, verificada pela \u00faltima vez em 5 outubro 2024 e se aplica a cidad\u00e3os e residentes permanentes legais do Canad\u00e1.<\/i><br \/><\/p><h2>1. Introdu\u00e7\u00e3o<\/h2><p>Nosso site, <a href=\"https:\/\/www.barbie-secondlife.com\/br\">https:\/\/www.barbie-secondlife.com\/br<\/a> (doravante: \u201co site\u201d), usa cookies e outras tecnologias relacionadas (por conveni\u00eancia, todas as tecnologias s\u00e3o chamadas de \u201ccookies\u201d). Os cookies tamb\u00e9m podem ser inseridos por terceiros que sejam nossos parceiros. No documento abaixo, informamos sobre o uso de cookies no nosso site.<\/p><h2>2. O que s\u00e3o cookies?<\/h2><p>Um cookie \u00e9 um pequeno arquivo simples, que \u00e9 enviado junto com as p\u00e1ginas deste site e armazenado pelo seu navegador no disco r\u00edgido do seu computador ou em outro dispositivo. As informa\u00e7\u00f5es armazenadas nele podem ser retornadas aos nossos servidores, ou aos servidores de terceiros relevantes, durante um acesso posterior.<\/p><h2>3. O que s\u00e3o scripts?<\/h2><p>Um script \u00e9 um trecho de c\u00f3digo de programa, usado para fazer com que nosso site funcione de forma adequada e interativa. Esse c\u00f3digo \u00e9 executado em nosso servidor ou no seu dispositivo.<\/p><h2>4. O que \u00e9 um web beacon?<\/h2><p>Um web beacon (ou pixel de rastreamento) \u00e9 um pequeno trecho invis\u00edvel de texto ou imagem em um site, usado para monitorar o tr\u00e1fego. Para isso, v\u00e1rios dados sobre voc\u00ea s\u00e3o armazenados usando web beacons.<\/p><h2>5. Terceiros<\/h2><p>Fizemos acordos sobre o uso de cookies com outras empresas que inserem cookies. No entanto, n\u00e3o podemos garantir que esses sites de terceiros processem seus dados pessoais de maneira confi\u00e1vel ou segura. Empresas como o Google devem ser consideradas controladoras de dados independentes. Recomendamos que voc\u00ea leia as declara\u00e7\u00f5es de privacidade dessas empresas.<\/p><h2>6. Cookies<\/h2><p class=\"cmplz-subtitle\">6.1 Cookies t\u00e9cnicos ou funcionais<\/p><p>Alguns cookies garantem que determinadas partes do site funcionem corretamente, e que suas prefer\u00eancias de usu\u00e1rio sejam armazenadas. Ao inserir cookies funcionais, facilitamos o seu acesso ao nosso site. Assim, voc\u00ea n\u00e3o precisa inserir repetidamente as mesmas informa\u00e7\u00f5es ao acessar nosso site e, por exemplo, os itens permanecem no carrinho de compras at\u00e9 que voc\u00ea conclua o pagamento.<\/p><p class=\"cmplz-subtitle\">6.2 Cookies de estat\u00edsticas<\/p><p>Usamos cookies de estat\u00edsticas, para otimizar a experi\u00eancia do site para nossos usu\u00e1rios. Com esses cookies de estat\u00edsticas, recebemos informa\u00e7\u00f5es sobre o uso do nosso site.<\/p><p class=\"cmplz-subtitle\">6.3 Cookies de publicidade<\/p><p>Neste site, usamos cookies de publicidade, o que nos permite ter informa\u00e7\u00f5es sobre os resultados da campanha. Isso acontece com base em um perfil que criamos baseado no seu comportamento em <a href=\"https:\/\/www.barbie-secondlife.com\/br\">https:\/\/www.barbie-secondlife.com\/br<\/a>. Com esses cookies, voc\u00ea, como visitante do site, \u00e9 vinculado a um ID \u00fanico, mas esses cookies n\u00e3o criar\u00e3o um perfil do seu comportamento e interesses para veicular an\u00fancios personalizados.<\/p><p>Voc\u00ea pode se opor ao rastreamento desses cookies, clicando no bot\u00e3o \u201cGerenciar consentimento\u201d.<\/p><p class=\"cmplz-subtitle\">6.4 Cookies de marketing\/rastreamento<\/p><p>Cookies de marketing\/rastreamento s\u00e3o cookies ou qualquer outra forma de armazenamento local, usados para criar perfis de usu\u00e1rio, para exibir publicidade ou para rastrear o usu\u00e1rio neste site, ou em v\u00e1rios sites, com objetivos de marketing semelhantes.<\/p><p class=\"cmplz-subtitle\">6.5 Redes sociais<\/p><p>Em nosso site, inclu\u00edmos conte\u00fado de X (Formerly Twitter), Facebook, Pinterest e Instagram para promover p\u00e1ginas da internet (ex.: \u201ccurtir\u201d, \u201cpin\u201d) ou compartilhar (ex.: \u201ctwittar\u201d) em redes sociais como X (Formerly Twitter), Facebook, Pinterest e Instagram. Esse conte\u00fado \u00e9 incorporado com c\u00f3digo derivado de X (Formerly Twitter), Facebook, Pinterest e Instagram e insere cookies. Esse conte\u00fado pode armazenar e processar determinadas informa\u00e7\u00f5es para publicidade personalizada.<\/p><p>Leia a declara\u00e7\u00e3o de privacidade dessas redes sociais (que pode ser alterada regularmente) para saber o que elas fazem com seus dados (pessoais) que processam usando esses cookies. Os dados coletados s\u00e3o anonimizados o m\u00e1ximo poss\u00edvel. X (Formerly Twitter), Facebook, Pinterest e Instagram est\u00e3o localizados nos Estados Unidos.<\/p><h2>7. Cookies inseridos<\/h2><div id=\"cmplz-cookies-overview\"><\/div><h2>8. Consentimento<\/h2><p>Quando voc\u00ea acessar nosso site pela primeira vez, mostraremos um pop-up com uma explica\u00e7\u00e3o sobre cookies. Ao clicar em \u201cAccepter\u201d, voc\u00ea concorda com o uso de todos os cookies e plugins conforme descrito no pop-up e nesta pol\u00edtica de cookies. Voc\u00ea pode desativar o uso de cookies pelo navegador, mas observe que nosso site pode deixar de funcionar corretamente.<\/p><p class=\"cmplz-subtitle\">8.1 Gerencie suas configura\u00e7\u00f5es de consentimento<\/p><div id=\"cmplz-manage-consent-container-nojavascript\">A pol\u00edtica de cookies foi carregada sem suporte a JavaScript.&nbsp;No AMP, voc\u00ea pode usar o bot\u00e3o \u201cGerenciar consentimento\u201d na parte inferior da p\u00e1gina.<\/div><div id=\"cmplz-manage-consent-container\" name=\"cmplz-manage-consent-container\" class=\"cmplz-manage-consent-container\"><\/div><p>Voc\u00ea tamb\u00e9m pode desativar o uso de cookies pelo navegador, mas observe que nosso site pode deixar de funcionar corretamente.<\/p><h2>9. Ativa\u00e7\u00e3o\/desativa\u00e7\u00e3o e exclus\u00e3o de cookies<\/h2><p>Voc\u00ea pode usar seu navegador para excluir cookies autom\u00e1tica ou manualmente. Voc\u00ea tamb\u00e9m pode especificar que determinados cookies n\u00e3o podem ser inseridos. Outra op\u00e7\u00e3o \u00e9 alterar as configura\u00e7\u00f5es do navegador para que voc\u00ea receba uma mensagem sempre que um cookie for inserido. Para mais informa\u00e7\u00f5es sobre essas op\u00e7\u00f5es, consulte as instru\u00e7\u00f5es na se\u00e7\u00e3o de ajuda do seu navegador. Ou voc\u00ea pode indicar suas prefer\u00eancias na p\u00e1gina a seguir: <a href=\"https:\/\/youradchoices.ca\" rel=\"noopener noreferrer nofollow\" target=\"_blank\">youradchoices.ca<\/a><\/p><p>Observe que nosso site pode n\u00e3o funcionar corretamente se todos os cookies estiverem desativados. Se voc\u00ea excluir os cookies do seu navegador, eles ser\u00e3o inseridos novamente, ap\u00f3s seu consentimento, quando voc\u00ea acessar nosso site novamente.<\/p><h2>10. Seus direitos em rela\u00e7\u00e3o aos dados pessoais<\/h2><p>Voc\u00ea tem os seguintes direitos em rela\u00e7\u00e3o aos seus dados pessoais:<\/p><ul>\n                <li>voc\u00ea pode enviar uma solicita\u00e7\u00e3o de acesso aos dados que processamos sobre voc\u00ea;<\/li>\n                <li>voc\u00ea pode se opor ao processamento;<\/li>\n                <li>voc\u00ea pode solicitar uma vis\u00e3o geral, em um formato comumente usado, dos dados que processamos sobre voc\u00ea;<\/li>\n                <li>voc\u00ea pode solicitar a corre\u00e7\u00e3o ou a exclus\u00e3o dos dados se eles estiverem incorretos ou n\u00e3o forem mais relevantes. Quando apropriado, as informa\u00e7\u00f5es corrigidas ser\u00e3o transmitidas a terceiros que tenham acesso \u00e0s informa\u00e7\u00f5es em quest\u00e3o.<\/li>\n                <li>Voc\u00ea tem o direito de revogar o consentimento a qualquer momento, sujeito a restri\u00e7\u00f5es legais ou contratuais e a uma notifica\u00e7\u00e3o pr\u00e9via razo\u00e1vel. Voc\u00ea ser\u00e1 informado sobre as implica\u00e7\u00f5es dessa revoga\u00e7\u00e3o.<\/li>\n                <li>Voc\u00ea tem o direito de apresentar uma contesta\u00e7\u00e3o referente \u00e0 n\u00e3o conformidade com a PIPEDA \u00e0 nossa organiza\u00e7\u00e3o e, se o problema n\u00e3o for solucionado, ao Escrit\u00f3rio do Comiss\u00e1rio de Privacidade do Canad\u00e1.<\/li>\n            <\/ul><p>Para exercer esses direitos, fale conosco. Consulte os detalhes de contato na parte inferior desta pol\u00edtica de cookies. Se tiver alguma reclama\u00e7\u00e3o sobre como processamos seus dados, gostar\u00edamos de ouvi-lo.<\/p><h2>11. Detalhes de contato<\/h2><p>Em caso de d\u00favidas e\/ou coment\u00e1rios sobre nossa pol\u00edtica de cookies e esta declara\u00e7\u00e3o, fale conosco usando os seguintes dados de contato:<\/p><p><span class=\"cmplz-contact-organisation\">ROUSSEL<\/span><br \/>\n                    <span class=\"cmplz-contact-address\">51 Boulevard Saint Martin<\/span><br \/>\n                    <span class=\"cmplz-contact-country\">Fran\u00e7a<\/span><br \/>\n                    <span class=\"cmplz-contact-domain\">Site: <a href=\"https:\/\/www.barbie-secondlife.com\/br\">https:\/\/www.barbie-secondlife.com\/br<\/a><\/span><br>\n                    <span class=\"cmplz-contact-email\">E-mail: <span class=\"cmplz-obfuscate\">&#114;&#111;&#117;s&#115;e&#108;_&#102;&#114;ede&#114;&#105;&#099;@<span class=\"cmplz-fmail-domain\">e&#120;&#046;co&#109;<\/span>o&#117;&#116;&#108;&#111;o&#107;&#046;c&#111;&#109;<\/span><\/span><br>\n                    <span class=\"cmplz-contact-telephone\"><\/span><\/p><p>Esta pol\u00edtica de cookies foi sincronizada com o <a href=\"https:\/\/cookiedatabase.org\/\" target=\"_blank\">cookiedatabase.org<\/a> em 11 novembro 2024.<\/p><\/div>","protected":false},"excerpt":{"rendered":"","protected":false},"author":1,"featured_media":0,"parent":0,"menu_order":0,"comment_status":"closed","ping_status":"closed","template":"","meta":{"footnotes":""},"class_list":["post-602756","page","type-page","status-publish","hentry"],"translation":{"provider":"WPGlobus","version":"3.0.2","language":"br","enabled_languages":["fr","en","es","br","de"],"languages":{"fr":{"title":true,"content":true,"excerpt":false},"en":{"title":false,"content":false,"excerpt":false},"es":{"title":false,"content":false,"excerpt":false},"br":{"title":false,"content":false,"excerpt":false},"de":{"title":false,"content":false,"excerpt":false}}},"_links":{"self":[{"href":"https:\/\/www.barbie-secondlife.com\/br\/wp-json\/wp\/v2\/pages\/602756","targetHints":{"allow":["GET"]}}],"collection":[{"href":"https:\/\/www.barbie-secondlife.com\/br\/wp-json\/wp\/v2\/pages"}],"about":[{"href":"https:\/\/www.barbie-secondlife.com\/br\/wp-json\/wp\/v2\/types\/page"}],"author":[{"embeddable":true,"href":"https:\/\/www.barbie-secondlife.com\/br\/wp-json\/wp\/v2\/users\/1"}],"replies":[{"embeddable":true,"href":"https:\/\/www.barbie-secondlife.com\/br\/wp-json\/wp\/v2\/comments?post=602756"}],"version-history":[{"count":0,"href":"https:\/\/www.barbie-secondlife.com\/br\/wp-json\/wp\/v2\/pages\/602756\/revisions"}],"wp:attachment":[{"href":"https:\/\/www.barbie-secondlife.com\/br\/wp-json\/wp\/v2\/media?parent=602756"}],"curies":[{"name":"wp","href":"https:\/\/api.w.org\/{rel}","templated":true}]}}