{"id":604767,"date":"2025-07-27T20:36:32","date_gmt":"2025-07-27T18:36:32","guid":{"rendered":"https:\/\/www.barbie-secondlife.com\/?page_id=604767"},"modified":"2025-12-13T22:47:46","modified_gmt":"2025-12-13T21:47:46","slug":"barbies-next-top-model-2025","status":"publish","type":"page","link":"https:\/\/www.barbie-secondlife.com\/br\/evenements\/barbies-next-top-model-2025\/","title":{"rendered":"Barbie&#8217;s Next Top Model"},"content":{"rendered":"<div class=\"wp-block-image\">\n<figure class=\"aligncenter size-full\"><img decoding=\"async\" width=\"700\" height=\"184\" data-src=\"https:\/\/www.barbie-secondlife.com\/wp-content\/uploads\/2025\/07\/BNTM-1.gif\" alt=\"Barbie Next's Top Model\" class=\"wp-image-604981 lazyload\" src=\"data:image\/svg+xml;base64,PHN2ZyB3aWR0aD0iMSIgaGVpZ2h0PSIxIiB4bWxucz0iaHR0cDovL3d3dy53My5vcmcvMjAwMC9zdmciPjwvc3ZnPg==\" style=\"--smush-placeholder-width: 700px; --smush-placeholder-aspect-ratio: 700\/184;\" \/><\/figure>\n<\/div>\n\n\n<h2 class=\"wp-block-heading has-text-align-center\">O Concurso Internacional da Barbie<\/h2>\n\n\n\n<p>Bem-vindo ao <strong>Barbie-SecondLife.com<\/strong>, seu destino essencial para descobrir e votar no nosso incr\u00edvel <strong>concurso Barbie&#8217;s Next Top Model<\/strong>! Embarque em uma jornada \u00fanica ao redor do mundo com nossa sele\u00e7\u00e3o exclusiva de trajes Barbie inspirados nas culturas e tradi\u00e7\u00f5es de diversos continentes: Am\u00e9rica do Norte, Am\u00e9rica do Sul, \u00c1frica, \u00c1sia, Oceania, Europa Oriental, Europa Ocidental e Oriente M\u00e9dio.<br>S\u00e3o 15 Barbies desfilando cada traje, mas apenas uma conquistar\u00e1 o pr\u00eamio m\u00e1ximo. <br>&#8211; <strong>Uma celebra\u00e7\u00e3o da diversidade cultural<\/strong> por meio da moda Barbie.<br>&#8211; <strong>Uma oportunidade \u00fanica de fazer sua voz ser ouvida<\/strong> e apoiar a criatividade ao redor do mundo votando na sua Barbie favorita.<\/p>\n\n\n\n<p><\/p>\n\n\n\n<hr class=\"wp-block-separator has-alpha-channel-opacity\"\/>\n\n\n\n<figure class=\"wp-block-gallery has-nested-images columns-4 is-cropped wp-block-gallery-1 is-layout-flex wp-block-gallery-is-layout-flex\">\n<figure class=\"wp-block-image size-full\"><a href=\"https:\/\/www.barbie-secondlife.com\/br\/evenements\/barbies-next-top-model-2025\/barbie-nexts-top-model-oceanie\/\"><img decoding=\"async\" width=\"400\" height=\"800\" data-id=\"607644\" data-src=\"https:\/\/www.barbie-secondlife.com\/wp-content\/uploads\/2025\/12\/BNTM_Oceanie_Griselda_BR.jpg\" alt=\"Barbie's Next Top Model 2025\" class=\"wp-image-607644 lazyload\" data-srcset=\"https:\/\/www.barbie-secondlife.com\/wp-content\/uploads\/2025\/12\/BNTM_Oceanie_Griselda_BR.jpg 400w, https:\/\/www.barbie-secondlife.com\/wp-content\/uploads\/2025\/12\/BNTM_Oceanie_Griselda_BR-350x700.jpg 350w, https:\/\/www.barbie-secondlife.com\/wp-content\/uploads\/2025\/12\/BNTM_Oceanie_Griselda_BR-150x300.jpg 150w, https:\/\/www.barbie-secondlife.com\/wp-content\/uploads\/2025\/12\/BNTM_Oceanie_Griselda_BR-302x604.jpg 302w, https:\/\/www.barbie-secondlife.com\/wp-content\/uploads\/2025\/12\/BNTM_Oceanie_Griselda_BR-200x400.jpg 200w\" data-sizes=\"(max-width: 400px) 100vw, 400px\" src=\"data:image\/svg+xml;base64,PHN2ZyB3aWR0aD0iMSIgaGVpZ2h0PSIxIiB4bWxucz0iaHR0cDovL3d3dy53My5vcmcvMjAwMC9zdmciPjwvc3ZnPg==\" style=\"--smush-placeholder-width: 400px; --smush-placeholder-aspect-ratio: 400\/800;\" \/><\/a><\/figure>\n\n\n\n<figure class=\"wp-block-image size-full\"><a href=\"https:\/\/www.barbie-secondlife.com\/br\/evenements\/barbies-next-top-model-2025\/barbie-nexts-top-model-moyen-orient\/\"><img decoding=\"async\" width=\"400\" height=\"800\" data-id=\"607623\" data-src=\"https:\/\/www.barbie-secondlife.com\/wp-content\/uploads\/2025\/12\/BNTM_MoyenOrient_Majka_BR.jpg\" alt=\"Barbie's Next Top Model 2025\" class=\"wp-image-607623 lazyload\" data-srcset=\"https:\/\/www.barbie-secondlife.com\/wp-content\/uploads\/2025\/12\/BNTM_MoyenOrient_Majka_BR.jpg 400w, https:\/\/www.barbie-secondlife.com\/wp-content\/uploads\/2025\/12\/BNTM_MoyenOrient_Majka_BR-350x700.jpg 350w, https:\/\/www.barbie-secondlife.com\/wp-content\/uploads\/2025\/12\/BNTM_MoyenOrient_Majka_BR-150x300.jpg 150w, https:\/\/www.barbie-secondlife.com\/wp-content\/uploads\/2025\/12\/BNTM_MoyenOrient_Majka_BR-302x604.jpg 302w, https:\/\/www.barbie-secondlife.com\/wp-content\/uploads\/2025\/12\/BNTM_MoyenOrient_Majka_BR-200x400.jpg 200w\" data-sizes=\"(max-width: 400px) 100vw, 400px\" src=\"data:image\/svg+xml;base64,PHN2ZyB3aWR0aD0iMSIgaGVpZ2h0PSIxIiB4bWxucz0iaHR0cDovL3d3dy53My5vcmcvMjAwMC9zdmciPjwvc3ZnPg==\" style=\"--smush-placeholder-width: 400px; --smush-placeholder-aspect-ratio: 400\/800;\" \/><\/a><\/figure>\n\n\n\n<figure class=\"wp-block-image size-full\"><a href=\"https:\/\/www.barbie-secondlife.com\/br\/evenements\/barbies-next-top-model-2025\/barbie-nexts-top-model-asie\/\"><img decoding=\"async\" width=\"400\" height=\"800\" data-id=\"607604\" data-src=\"https:\/\/www.barbie-secondlife.com\/wp-content\/uploads\/2025\/12\/BNTM_Asie_Hadeel_BR.jpg\" alt=\"Barbie's Next Top Model 2025\" class=\"wp-image-607604 lazyload\" data-srcset=\"https:\/\/www.barbie-secondlife.com\/wp-content\/uploads\/2025\/12\/BNTM_Asie_Hadeel_BR.jpg 400w, https:\/\/www.barbie-secondlife.com\/wp-content\/uploads\/2025\/12\/BNTM_Asie_Hadeel_BR-350x700.jpg 350w, https:\/\/www.barbie-secondlife.com\/wp-content\/uploads\/2025\/12\/BNTM_Asie_Hadeel_BR-150x300.jpg 150w, https:\/\/www.barbie-secondlife.com\/wp-content\/uploads\/2025\/12\/BNTM_Asie_Hadeel_BR-302x604.jpg 302w, https:\/\/www.barbie-secondlife.com\/wp-content\/uploads\/2025\/12\/BNTM_Asie_Hadeel_BR-200x400.jpg 200w\" data-sizes=\"(max-width: 400px) 100vw, 400px\" src=\"data:image\/svg+xml;base64,PHN2ZyB3aWR0aD0iMSIgaGVpZ2h0PSIxIiB4bWxucz0iaHR0cDovL3d3dy53My5vcmcvMjAwMC9zdmciPjwvc3ZnPg==\" style=\"--smush-placeholder-width: 400px; --smush-placeholder-aspect-ratio: 400\/800;\" \/><\/a><\/figure>\n\n\n\n<figure class=\"wp-block-image size-full\"><a href=\"https:\/\/www.barbie-secondlife.com\/br\/evenements\/barbies-next-top-model-2025\/barbie-nexts-top-model-europe-de-lest\/\"><img decoding=\"async\" width=\"400\" height=\"800\" data-id=\"607455\" data-src=\"https:\/\/www.barbie-secondlife.com\/wp-content\/uploads\/2025\/11\/BNTM_EuropeEst_Rita_BR.jpg\" alt=\"Barbie's Next Top Model 2025\" class=\"wp-image-607455 lazyload\" data-srcset=\"https:\/\/www.barbie-secondlife.com\/wp-content\/uploads\/2025\/11\/BNTM_EuropeEst_Rita_BR.jpg 400w, https:\/\/www.barbie-secondlife.com\/wp-content\/uploads\/2025\/11\/BNTM_EuropeEst_Rita_BR-350x700.jpg 350w, https:\/\/www.barbie-secondlife.com\/wp-content\/uploads\/2025\/11\/BNTM_EuropeEst_Rita_BR-150x300.jpg 150w, https:\/\/www.barbie-secondlife.com\/wp-content\/uploads\/2025\/11\/BNTM_EuropeEst_Rita_BR-302x604.jpg 302w, https:\/\/www.barbie-secondlife.com\/wp-content\/uploads\/2025\/11\/BNTM_EuropeEst_Rita_BR-200x400.jpg 200w\" data-sizes=\"(max-width: 400px) 100vw, 400px\" src=\"data:image\/svg+xml;base64,PHN2ZyB3aWR0aD0iMSIgaGVpZ2h0PSIxIiB4bWxucz0iaHR0cDovL3d3dy53My5vcmcvMjAwMC9zdmciPjwvc3ZnPg==\" style=\"--smush-placeholder-width: 400px; --smush-placeholder-aspect-ratio: 400\/800;\" \/><\/a><\/figure>\n<\/figure>\n\n\n\n<hr class=\"wp-block-separator has-alpha-channel-opacity\"\/>\n\n\n\n<figure class=\"wp-block-gallery has-nested-images columns-4 is-cropped wp-block-gallery-2 is-layout-flex wp-block-gallery-is-layout-flex\">\n<figure class=\"wp-block-image size-full\"><a href=\"https:\/\/www.barbie-secondlife.com\/br\/evenements\/barbies-next-top-model-2025\/barbie-nexts-top-model-afrique\/\"><img decoding=\"async\" width=\"400\" height=\"800\" data-id=\"607176\" data-src=\"https:\/\/www.barbie-secondlife.com\/wp-content\/uploads\/2025\/10\/BNTM_Afrique_Iqra_BR.jpg\" alt=\"Barbie's Next Top Model 2025\" class=\"wp-image-607176 lazyload\" data-srcset=\"https:\/\/www.barbie-secondlife.com\/wp-content\/uploads\/2025\/10\/BNTM_Afrique_Iqra_BR.jpg 400w, https:\/\/www.barbie-secondlife.com\/wp-content\/uploads\/2025\/10\/BNTM_Afrique_Iqra_BR-350x700.jpg 350w, https:\/\/www.barbie-secondlife.com\/wp-content\/uploads\/2025\/10\/BNTM_Afrique_Iqra_BR-150x300.jpg 150w, https:\/\/www.barbie-secondlife.com\/wp-content\/uploads\/2025\/10\/BNTM_Afrique_Iqra_BR-302x604.jpg 302w, https:\/\/www.barbie-secondlife.com\/wp-content\/uploads\/2025\/10\/BNTM_Afrique_Iqra_BR-200x400.jpg 200w\" data-sizes=\"(max-width: 400px) 100vw, 400px\" src=\"data:image\/svg+xml;base64,PHN2ZyB3aWR0aD0iMSIgaGVpZ2h0PSIxIiB4bWxucz0iaHR0cDovL3d3dy53My5vcmcvMjAwMC9zdmciPjwvc3ZnPg==\" style=\"--smush-placeholder-width: 400px; --smush-placeholder-aspect-ratio: 400\/800;\" \/><\/a><\/figure>\n\n\n\n<figure class=\"wp-block-image size-large\"><a href=\"https:\/\/www.barbie-secondlife.com\/br\/evenements\/barbies-next-top-model-2025\/barbie-nexts-top-model-europe-de-louest\/\"><img decoding=\"async\" width=\"400\" height=\"800\" data-id=\"607089\" data-src=\"https:\/\/www.barbie-secondlife.com\/wp-content\/uploads\/2025\/10\/BNTM_EuropeOuest_Deborah_BR.jpg\" alt=\"Barbie's Next Top Model 2025\" class=\"wp-image-607089 lazyload\" data-srcset=\"https:\/\/www.barbie-secondlife.com\/wp-content\/uploads\/2025\/10\/BNTM_EuropeOuest_Deborah_BR.jpg 400w, https:\/\/www.barbie-secondlife.com\/wp-content\/uploads\/2025\/10\/BNTM_EuropeOuest_Deborah_BR-350x700.jpg 350w, https:\/\/www.barbie-secondlife.com\/wp-content\/uploads\/2025\/10\/BNTM_EuropeOuest_Deborah_BR-150x300.jpg 150w, https:\/\/www.barbie-secondlife.com\/wp-content\/uploads\/2025\/10\/BNTM_EuropeOuest_Deborah_BR-302x604.jpg 302w, https:\/\/www.barbie-secondlife.com\/wp-content\/uploads\/2025\/10\/BNTM_EuropeOuest_Deborah_BR-200x400.jpg 200w\" data-sizes=\"(max-width: 400px) 100vw, 400px\" src=\"data:image\/svg+xml;base64,PHN2ZyB3aWR0aD0iMSIgaGVpZ2h0PSIxIiB4bWxucz0iaHR0cDovL3d3dy53My5vcmcvMjAwMC9zdmciPjwvc3ZnPg==\" style=\"--smush-placeholder-width: 400px; --smush-placeholder-aspect-ratio: 400\/800;\" \/><\/a><\/figure>\n\n\n\n<figure class=\"wp-block-image size-full\"><a href=\"https:\/\/www.barbie-secondlife.com\/br\/evenements\/barbies-next-top-model-2025\/barbie-nexts-top-model-amerique-du-sud\/\"><img decoding=\"async\" width=\"400\" height=\"800\" data-id=\"606944\" data-src=\"https:\/\/www.barbie-secondlife.com\/wp-content\/uploads\/2025\/09\/BNTM_AmeriqueSud_Catriona_BR.jpg\" alt=\"Barbie's Next Top Model 2025\" class=\"wp-image-606944 lazyload\" data-srcset=\"https:\/\/www.barbie-secondlife.com\/wp-content\/uploads\/2025\/09\/BNTM_AmeriqueSud_Catriona_BR.jpg 400w, https:\/\/www.barbie-secondlife.com\/wp-content\/uploads\/2025\/09\/BNTM_AmeriqueSud_Catriona_BR-350x700.jpg 350w, https:\/\/www.barbie-secondlife.com\/wp-content\/uploads\/2025\/09\/BNTM_AmeriqueSud_Catriona_BR-150x300.jpg 150w, https:\/\/www.barbie-secondlife.com\/wp-content\/uploads\/2025\/09\/BNTM_AmeriqueSud_Catriona_BR-302x604.jpg 302w, https:\/\/www.barbie-secondlife.com\/wp-content\/uploads\/2025\/09\/BNTM_AmeriqueSud_Catriona_BR-200x400.jpg 200w\" data-sizes=\"(max-width: 400px) 100vw, 400px\" src=\"data:image\/svg+xml;base64,PHN2ZyB3aWR0aD0iMSIgaGVpZ2h0PSIxIiB4bWxucz0iaHR0cDovL3d3dy53My5vcmcvMjAwMC9zdmciPjwvc3ZnPg==\" style=\"--smush-placeholder-width: 400px; --smush-placeholder-aspect-ratio: 400\/800;\" \/><\/a><\/figure>\n\n\n\n<figure class=\"wp-block-image size-full\"><a href=\"https:\/\/www.barbie-secondlife.com\/br\/evenements\/barbies-next-top-model-2025\/barbie-nexts-top-model-amerique-du-nord\/\"><img decoding=\"async\" width=\"400\" height=\"800\" data-id=\"606915\" data-src=\"https:\/\/www.barbie-secondlife.com\/wp-content\/uploads\/2025\/09\/BNTM_AmeriqueNord_Catriona_BR.jpg\" alt=\"Barbie's Next Top Model 2025\" class=\"wp-image-606915 lazyload\" data-srcset=\"https:\/\/www.barbie-secondlife.com\/wp-content\/uploads\/2025\/09\/BNTM_AmeriqueNord_Catriona_BR.jpg 400w, https:\/\/www.barbie-secondlife.com\/wp-content\/uploads\/2025\/09\/BNTM_AmeriqueNord_Catriona_BR-350x700.jpg 350w, https:\/\/www.barbie-secondlife.com\/wp-content\/uploads\/2025\/09\/BNTM_AmeriqueNord_Catriona_BR-150x300.jpg 150w, https:\/\/www.barbie-secondlife.com\/wp-content\/uploads\/2025\/09\/BNTM_AmeriqueNord_Catriona_BR-302x604.jpg 302w, https:\/\/www.barbie-secondlife.com\/wp-content\/uploads\/2025\/09\/BNTM_AmeriqueNord_Catriona_BR-200x400.jpg 200w\" data-sizes=\"(max-width: 400px) 100vw, 400px\" src=\"data:image\/svg+xml;base64,PHN2ZyB3aWR0aD0iMSIgaGVpZ2h0PSIxIiB4bWxucz0iaHR0cDovL3d3dy53My5vcmcvMjAwMC9zdmciPjwvc3ZnPg==\" style=\"--smush-placeholder-width: 400px; --smush-placeholder-aspect-ratio: 400\/800;\" \/><\/a><\/figure>\n<\/figure>\n\n\n\n<hr class=\"wp-block-separator has-alpha-channel-opacity\"\/>\n\n\n<div class=\"wp-block-image\">\n<figure class=\"aligncenter size-full\"><img decoding=\"async\" width=\"1024\" height=\"358\" data-src=\"https:\/\/www.barbie-secondlife.com\/wp-content\/uploads\/2025\/06\/Barbie_Next_Top_Model_2025.jpg\" alt=\"Barbie Next's Top Model 2025\" class=\"wp-image-604768 lazyload\" data-srcset=\"https:\/\/www.barbie-secondlife.com\/wp-content\/uploads\/2025\/06\/Barbie_Next_Top_Model_2025.jpg 1024w, https:\/\/www.barbie-secondlife.com\/wp-content\/uploads\/2025\/06\/Barbie_Next_Top_Model_2025-302x106.jpg 302w, https:\/\/www.barbie-secondlife.com\/wp-content\/uploads\/2025\/06\/Barbie_Next_Top_Model_2025-200x70.jpg 200w, https:\/\/www.barbie-secondlife.com\/wp-content\/uploads\/2025\/06\/Barbie_Next_Top_Model_2025-500x175.jpg 500w, https:\/\/www.barbie-secondlife.com\/wp-content\/uploads\/2025\/06\/Barbie_Next_Top_Model_2025-350x122.jpg 350w, https:\/\/www.barbie-secondlife.com\/wp-content\/uploads\/2025\/06\/Barbie_Next_Top_Model_2025-768x269.jpg 768w\" data-sizes=\"(max-width: 1024px) 100vw, 1024px\" src=\"data:image\/svg+xml;base64,PHN2ZyB3aWR0aD0iMSIgaGVpZ2h0PSIxIiB4bWxucz0iaHR0cDovL3d3dy53My5vcmcvMjAwMC9zdmciPjwvc3ZnPg==\" style=\"--smush-placeholder-width: 1024px; --smush-placeholder-aspect-ratio: 1024\/358;\" \/><\/figure>\n<\/div>\n\n\n<h2 class=\"wp-block-heading\">Descubra os Trajes Barbie do Mundo Todo<\/h2>\n\n\n\n<p>Cada participa\u00e7\u00e3o no concurso destaca cria\u00e7\u00f5es originais, aut\u00eanticas e coloridas, representando a diversidade cultural por meio de trajes tradicionais e modernos. Seja voc\u00ea f\u00e3 da sofistica\u00e7\u00e3o europeia, da riqueza dos padr\u00f5es africanos, das cores vibrantes da Am\u00e9rica do Sul ou da eleg\u00e2ncia oriental, certamente encontrar\u00e1 sua favorita entre esses modelos \u00fanicos e <strong>votar\u00e1 na Barbie que melhor representa o traje<\/strong>.<\/p>\n\n\n\n<p><\/p>\n","protected":false},"excerpt":{"rendered":"<p>O Concurso Internacional da Barbie Bem-vindo ao Barbie-SecondLife.com, seu destino essencial para descobrir e votar no nosso incr\u00edvel concurso Barbie&#8217;s Next Top Model! Embarque em uma jornada \u00fanica ao redor do mundo com nossa sele\u00e7\u00e3o exclusiva de trajes Barbie inspirados nas culturas e tradi\u00e7\u00f5es de diversos continentes: Am\u00e9rica do Norte, Am\u00e9rica do Sul, \u00c1frica, \u00c1sia, [&hellip;]<\/p>\n","protected":false},"author":1,"featured_media":604768,"parent":10511,"menu_order":0,"comment_status":"closed","ping_status":"closed","template":"","meta":{"footnotes":""},"class_list":["post-604767","page","type-page","status-publish","has-post-thumbnail","hentry"],"translation":{"provider":"WPGlobus","version":"3.0.2","language":"br","enabled_languages":["fr","en","es","br","de"],"languages":{"fr":{"title":true,"content":true,"excerpt":false},"en":{"title":true,"content":true,"excerpt":false},"es":{"title":true,"content":true,"excerpt":false},"br":{"title":true,"content":true,"excerpt":false},"de":{"title":true,"content":true,"excerpt":false}}},"_links":{"self":[{"href":"https:\/\/www.barbie-secondlife.com\/br\/wp-json\/wp\/v2\/pages\/604767","targetHints":{"allow":["GET"]}}],"collection":[{"href":"https:\/\/www.barbie-secondlife.com\/br\/wp-json\/wp\/v2\/pages"}],"about":[{"href":"https:\/\/www.barbie-secondlife.com\/br\/wp-json\/wp\/v2\/types\/page"}],"author":[{"embeddable":true,"href":"https:\/\/www.barbie-secondlife.com\/br\/wp-json\/wp\/v2\/users\/1"}],"replies":[{"embeddable":true,"href":"https:\/\/www.barbie-secondlife.com\/br\/wp-json\/wp\/v2\/comments?post=604767"}],"version-history":[{"count":20,"href":"https:\/\/www.barbie-secondlife.com\/br\/wp-json\/wp\/v2\/pages\/604767\/revisions"}],"predecessor-version":[{"id":607654,"href":"https:\/\/www.barbie-secondlife.com\/br\/wp-json\/wp\/v2\/pages\/604767\/revisions\/607654"}],"up":[{"embeddable":true,"href":"https:\/\/www.barbie-secondlife.com\/br\/wp-json\/wp\/v2\/pages\/10511"}],"wp:featuredmedia":[{"embeddable":true,"href":"https:\/\/www.barbie-secondlife.com\/br\/wp-json\/wp\/v2\/media\/604768"}],"wp:attachment":[{"href":"https:\/\/www.barbie-secondlife.com\/br\/wp-json\/wp\/v2\/media?parent=604767"}],"curies":[{"name":"wp","href":"https:\/\/api.w.org\/{rel}","templated":true}]}}