{"id":605091,"date":"2025-07-27T20:52:51","date_gmt":"2025-07-27T18:52:51","guid":{"rendered":"https:\/\/www.barbie-secondlife.com\/?page_id=605091"},"modified":"2025-10-12T00:22:37","modified_gmt":"2025-10-11T22:22:37","slug":"barbie-nexts-top-model-europe-de-louest","status":"publish","type":"page","link":"https:\/\/www.barbie-secondlife.com\/br\/evenements\/barbies-next-top-model-2025\/barbie-nexts-top-model-europe-de-louest\/","title":{"rendered":"Barbie&#8217;s Next Top Model &#8211; Europa Ocidental"},"content":{"rendered":"<div class=\"wp-block-image\">\n<figure class=\"aligncenter size-full\"><img decoding=\"async\" width=\"700\" height=\"184\" data-src=\"https:\/\/www.barbie-secondlife.com\/wp-content\/uploads\/2025\/07\/BNTM-1.gif\" alt=\"Barbie Next's Top Model\" class=\"wp-image-604981 lazyload\" src=\"data:image\/svg+xml;base64,PHN2ZyB3aWR0aD0iMSIgaGVpZ2h0PSIxIiB4bWxucz0iaHR0cDovL3d3dy53My5vcmcvMjAwMC9zdmciPjwvc3ZnPg==\" style=\"--smush-placeholder-width: 700px; --smush-placeholder-aspect-ratio: 700\/184;\" \/><\/figure>\n<\/div>\n\n\n<div class=\"wp-block-media-text is-stacked-on-mobile is-vertically-aligned-center\"><figure class=\"wp-block-media-text__media\"><img decoding=\"async\" width=\"500\" height=\"500\" data-src=\"https:\/\/www.barbie-secondlife.com\/wp-content\/uploads\/2025\/10\/PAGE_TENUE_GAGNANTE_OUEST.png\" alt=\"\" class=\"wp-image-607100 size-full lazyload\" data-srcset=\"https:\/\/www.barbie-secondlife.com\/wp-content\/uploads\/2025\/10\/PAGE_TENUE_GAGNANTE_OUEST.png 500w, https:\/\/www.barbie-secondlife.com\/wp-content\/uploads\/2025\/10\/PAGE_TENUE_GAGNANTE_OUEST-350x350.png 350w, https:\/\/www.barbie-secondlife.com\/wp-content\/uploads\/2025\/10\/PAGE_TENUE_GAGNANTE_OUEST-300x300.png 300w, https:\/\/www.barbie-secondlife.com\/wp-content\/uploads\/2025\/10\/PAGE_TENUE_GAGNANTE_OUEST-302x302.png 302w, https:\/\/www.barbie-secondlife.com\/wp-content\/uploads\/2025\/10\/PAGE_TENUE_GAGNANTE_OUEST-200x200.png 200w\" data-sizes=\"(max-width: 500px) 100vw, 500px\" src=\"data:image\/svg+xml;base64,PHN2ZyB3aWR0aD0iMSIgaGVpZ2h0PSIxIiB4bWxucz0iaHR0cDovL3d3dy53My5vcmcvMjAwMC9zdmciPjwvc3ZnPg==\" style=\"--smush-placeholder-width: 500px; --smush-placeholder-aspect-ratio: 500\/500;\" \/><\/figure><div class=\"wp-block-media-text__content\">\n<p><strong><span style=\"text-decoration: underline;\">Europa Ocidental<\/span><\/strong> : Este look representa a eleg\u00e2ncia parisiense atemporal. Um <strong>blazer preto ajustado<\/strong> na cintura com um cinto largo de couro, combinado com um <strong>short jeans bruto<\/strong> para um contraste moderno e ousado. O visual \u00e9 valorizado por uma <strong>meia-cal\u00e7a listrada fina<\/strong> que alonga a silhueta e botinhas pretas de salto \u2014 perfeitas para desfilar com confian\u00e7a pelas ruas de Paris.<br>A pe\u00e7a principal? Uma suntuosa <strong>capa xadrez pied-de-poule<\/strong> em tons terrosos, que traz um toque retr\u00f4 e sofisticado. A <strong>boina preta<\/strong> inclinada finaliza esse look ic\u00f4nico com uma eleg\u00e2ncia natural.<br>Este visual revisita os c\u00f3digos da moda parisiense ao unir tradi\u00e7\u00e3o e modernidade. Uma presen\u00e7a irresist\u00edvel\u2026 Mas <strong>qual Barbie<\/strong> ser\u00e1 capaz de encarnar perfeitamente esse estilo de &#8220;alta-costura urbana&#8221;?<\/p>\n<\/div><\/div>\n\n\n\n<hr class=\"wp-block-separator has-alpha-channel-opacity\"\/>\n\n\n\n<p class=\"has-text-align-center has-text-color has-link-color wp-elements-8ec165ec361052f21b5ab047a5a3aa4b\" style=\"color:#b61b66;font-size:24px\"><strong>RESULTADOS<\/strong><\/p>\n\n\n\n<hr class=\"wp-block-separator has-alpha-channel-opacity\"\/>\n\n\n\n<div class=\"wp-block-columns is-layout-flex wp-container-core-columns-is-layout-9d6595d7 wp-block-columns-is-layout-flex\">\n<div class=\"wp-block-column is-layout-flow wp-block-column-is-layout-flow\" style=\"flex-basis:100%\">\n<figure class=\"wp-block-table aligncenter\"><table class=\"has-fixed-layout\"><tbody><tr><td class=\"has-text-align-center\" data-align=\"center\"><img decoding=\"async\" width=\"400\" height=\"800\" class=\"wp-image-606101 lazyload\" style=\"--smush-placeholder-width: 400px; --smush-placeholder-aspect-ratio: 400\/800;width: px;\" data-src=\"https:\/\/www.barbie-secondlife.com\/wp-content\/uploads\/2025\/08\/BarbiesNextTopModel_Deborah_EuropeOuest.jpg\" alt=\"Barbie's Next Top Model 2025\" data-srcset=\"https:\/\/www.barbie-secondlife.com\/wp-content\/uploads\/2025\/08\/BarbiesNextTopModel_Deborah_EuropeOuest.jpg 400w, https:\/\/www.barbie-secondlife.com\/wp-content\/uploads\/2025\/08\/BarbiesNextTopModel_Deborah_EuropeOuest-302x604.jpg 302w, https:\/\/www.barbie-secondlife.com\/wp-content\/uploads\/2025\/08\/BarbiesNextTopModel_Deborah_EuropeOuest-200x400.jpg 200w, https:\/\/www.barbie-secondlife.com\/wp-content\/uploads\/2025\/08\/BarbiesNextTopModel_Deborah_EuropeOuest-350x700.jpg 350w, https:\/\/www.barbie-secondlife.com\/wp-content\/uploads\/2025\/08\/BarbiesNextTopModel_Deborah_EuropeOuest-150x300.jpg 150w\" data-sizes=\"(max-width: 400px) 100vw, 400px\" src=\"data:image\/svg+xml;base64,PHN2ZyB3aWR0aD0iMSIgaGVpZ2h0PSIxIiB4bWxucz0iaHR0cDovL3d3dy53My5vcmcvMjAwMC9zdmciPjwvc3ZnPg==\" \/><\/td><td class=\"has-text-align-center\" data-align=\"center\"><img decoding=\"async\" width=\"400\" height=\"800\" class=\"wp-image-606099 lazyload\" style=\"--smush-placeholder-width: 400px; --smush-placeholder-aspect-ratio: 400\/800;width: px;\" data-src=\"https:\/\/www.barbie-secondlife.com\/wp-content\/uploads\/2025\/08\/BarbiesNextTopModel_Catriona_EuropeOuest.jpg\" alt=\"Barbie's Next Top Model 2025\" data-srcset=\"https:\/\/www.barbie-secondlife.com\/wp-content\/uploads\/2025\/08\/BarbiesNextTopModel_Catriona_EuropeOuest.jpg 400w, https:\/\/www.barbie-secondlife.com\/wp-content\/uploads\/2025\/08\/BarbiesNextTopModel_Catriona_EuropeOuest-302x604.jpg 302w, https:\/\/www.barbie-secondlife.com\/wp-content\/uploads\/2025\/08\/BarbiesNextTopModel_Catriona_EuropeOuest-200x400.jpg 200w, https:\/\/www.barbie-secondlife.com\/wp-content\/uploads\/2025\/08\/BarbiesNextTopModel_Catriona_EuropeOuest-350x700.jpg 350w, https:\/\/www.barbie-secondlife.com\/wp-content\/uploads\/2025\/08\/BarbiesNextTopModel_Catriona_EuropeOuest-150x300.jpg 150w\" data-sizes=\"(max-width: 400px) 100vw, 400px\" src=\"data:image\/svg+xml;base64,PHN2ZyB3aWR0aD0iMSIgaGVpZ2h0PSIxIiB4bWxucz0iaHR0cDovL3d3dy53My5vcmcvMjAwMC9zdmciPjwvc3ZnPg==\" \/><\/td><td class=\"has-text-align-center\" data-align=\"center\"><img decoding=\"async\" width=\"400\" height=\"800\" class=\"wp-image-606103 lazyload\" style=\"--smush-placeholder-width: 400px; --smush-placeholder-aspect-ratio: 400\/800;width: px;\" data-src=\"https:\/\/www.barbie-secondlife.com\/wp-content\/uploads\/2025\/08\/BarbiesNextTopModel_Franka_EuropeOuest.jpg\" alt=\"Barbie's Next Top Model 2025\" data-srcset=\"https:\/\/www.barbie-secondlife.com\/wp-content\/uploads\/2025\/08\/BarbiesNextTopModel_Franka_EuropeOuest.jpg 400w, https:\/\/www.barbie-secondlife.com\/wp-content\/uploads\/2025\/08\/BarbiesNextTopModel_Franka_EuropeOuest-302x604.jpg 302w, https:\/\/www.barbie-secondlife.com\/wp-content\/uploads\/2025\/08\/BarbiesNextTopModel_Franka_EuropeOuest-200x400.jpg 200w, https:\/\/www.barbie-secondlife.com\/wp-content\/uploads\/2025\/08\/BarbiesNextTopModel_Franka_EuropeOuest-350x700.jpg 350w, https:\/\/www.barbie-secondlife.com\/wp-content\/uploads\/2025\/08\/BarbiesNextTopModel_Franka_EuropeOuest-150x300.jpg 150w\" data-sizes=\"(max-width: 400px) 100vw, 400px\" src=\"data:image\/svg+xml;base64,PHN2ZyB3aWR0aD0iMSIgaGVpZ2h0PSIxIiB4bWxucz0iaHR0cDovL3d3dy53My5vcmcvMjAwMC9zdmciPjwvc3ZnPg==\" \/><\/td><\/tr><tr><td class=\"has-text-align-center\" data-align=\"center\"><strong>VOTE : 12<\/strong><\/td><td class=\"has-text-align-center\" data-align=\"center\"><strong>VOTE : 7<\/strong><\/td><td class=\"has-text-align-center\" data-align=\"center\"><strong>VOTE : 7<\/strong><\/td><\/tr><\/tbody><\/table><\/figure>\n\n\n\n<hr class=\"wp-block-separator has-alpha-channel-opacity\"\/>\n\n\n\n<figure class=\"wp-block-table aligncenter\"><table class=\"has-fixed-layout\"><tbody><tr><td class=\"has-text-align-center\" data-align=\"center\"><img decoding=\"async\" width=\"400\" height=\"800\" class=\"wp-image-606107 lazyload\" style=\"--smush-placeholder-width: 400px; --smush-placeholder-aspect-ratio: 400\/800;width: px;\" data-src=\"https:\/\/www.barbie-secondlife.com\/wp-content\/uploads\/2025\/08\/BarbiesNextTopModel_Majka_EuropeOuest.jpg\" alt=\"Barbie's Next Top Model 2025\" data-srcset=\"https:\/\/www.barbie-secondlife.com\/wp-content\/uploads\/2025\/08\/BarbiesNextTopModel_Majka_EuropeOuest.jpg 400w, https:\/\/www.barbie-secondlife.com\/wp-content\/uploads\/2025\/08\/BarbiesNextTopModel_Majka_EuropeOuest-302x604.jpg 302w, https:\/\/www.barbie-secondlife.com\/wp-content\/uploads\/2025\/08\/BarbiesNextTopModel_Majka_EuropeOuest-200x400.jpg 200w, https:\/\/www.barbie-secondlife.com\/wp-content\/uploads\/2025\/08\/BarbiesNextTopModel_Majka_EuropeOuest-350x700.jpg 350w, https:\/\/www.barbie-secondlife.com\/wp-content\/uploads\/2025\/08\/BarbiesNextTopModel_Majka_EuropeOuest-150x300.jpg 150w\" data-sizes=\"(max-width: 400px) 100vw, 400px\" src=\"data:image\/svg+xml;base64,PHN2ZyB3aWR0aD0iMSIgaGVpZ2h0PSIxIiB4bWxucz0iaHR0cDovL3d3dy53My5vcmcvMjAwMC9zdmciPjwvc3ZnPg==\" \/><\/td><td class=\"has-text-align-center\" data-align=\"center\"><img decoding=\"async\" width=\"400\" height=\"800\" class=\"wp-image-606105 lazyload\" style=\"--smush-placeholder-width: 400px; --smush-placeholder-aspect-ratio: 400\/800;text-align: start; white-space: normal;\" data-src=\"https:\/\/www.barbie-secondlife.com\/wp-content\/uploads\/2025\/08\/BarbiesNextTopModel_Hadeel_EuropeOuest.jpg\" alt=\"Barbie's Next Top Model 2025\" data-srcset=\"https:\/\/www.barbie-secondlife.com\/wp-content\/uploads\/2025\/08\/BarbiesNextTopModel_Hadeel_EuropeOuest.jpg 400w, https:\/\/www.barbie-secondlife.com\/wp-content\/uploads\/2025\/08\/BarbiesNextTopModel_Hadeel_EuropeOuest-302x604.jpg 302w, https:\/\/www.barbie-secondlife.com\/wp-content\/uploads\/2025\/08\/BarbiesNextTopModel_Hadeel_EuropeOuest-200x400.jpg 200w, https:\/\/www.barbie-secondlife.com\/wp-content\/uploads\/2025\/08\/BarbiesNextTopModel_Hadeel_EuropeOuest-350x700.jpg 350w, https:\/\/www.barbie-secondlife.com\/wp-content\/uploads\/2025\/08\/BarbiesNextTopModel_Hadeel_EuropeOuest-150x300.jpg 150w\" data-sizes=\"(max-width: 400px) 100vw, 400px\" src=\"data:image\/svg+xml;base64,PHN2ZyB3aWR0aD0iMSIgaGVpZ2h0PSIxIiB4bWxucz0iaHR0cDovL3d3dy53My5vcmcvMjAwMC9zdmciPjwvc3ZnPg==\" \/><\/td><td class=\"has-text-align-center\" data-align=\"center\"><img decoding=\"async\" width=\"400\" height=\"800\" class=\"wp-image-606108 lazyload\" style=\"--smush-placeholder-width: 400px; --smush-placeholder-aspect-ratio: 400\/800;text-align: start; white-space: normal;\" data-src=\"https:\/\/www.barbie-secondlife.com\/wp-content\/uploads\/2025\/08\/BarbiesNextTopModel_Marysia_EuropeOuest.jpg\" alt=\"Barbie's Next Top Model 2025\" data-srcset=\"https:\/\/www.barbie-secondlife.com\/wp-content\/uploads\/2025\/08\/BarbiesNextTopModel_Marysia_EuropeOuest.jpg 400w, https:\/\/www.barbie-secondlife.com\/wp-content\/uploads\/2025\/08\/BarbiesNextTopModel_Marysia_EuropeOuest-302x604.jpg 302w, https:\/\/www.barbie-secondlife.com\/wp-content\/uploads\/2025\/08\/BarbiesNextTopModel_Marysia_EuropeOuest-200x400.jpg 200w, https:\/\/www.barbie-secondlife.com\/wp-content\/uploads\/2025\/08\/BarbiesNextTopModel_Marysia_EuropeOuest-350x700.jpg 350w, https:\/\/www.barbie-secondlife.com\/wp-content\/uploads\/2025\/08\/BarbiesNextTopModel_Marysia_EuropeOuest-150x300.jpg 150w\" data-sizes=\"(max-width: 400px) 100vw, 400px\" src=\"data:image\/svg+xml;base64,PHN2ZyB3aWR0aD0iMSIgaGVpZ2h0PSIxIiB4bWxucz0iaHR0cDovL3d3dy53My5vcmcvMjAwMC9zdmciPjwvc3ZnPg==\" \/><\/td><\/tr><tr><td class=\"has-text-align-center\" data-align=\"center\"><strong>VOTE : 6<\/strong><\/td><td class=\"has-text-align-center\" data-align=\"center\"><strong>VOTE : 5<\/strong><\/td><td class=\"has-text-align-center\" data-align=\"center\"><strong>VOTE : 5<\/strong><\/td><\/tr><\/tbody><\/table><\/figure>\n\n\n\n<hr class=\"wp-block-separator has-alpha-channel-opacity\"\/>\n\n\n\n<figure class=\"wp-block-table aligncenter\"><table class=\"has-fixed-layout\"><tbody><tr><td class=\"has-text-align-center\" data-align=\"center\"><img decoding=\"async\" width=\"400\" height=\"800\" class=\"wp-image-606111 lazyload\" style=\"--smush-placeholder-width: 400px; --smush-placeholder-aspect-ratio: 400\/800;width: px;\" data-src=\"https:\/\/www.barbie-secondlife.com\/wp-content\/uploads\/2025\/08\/BarbiesNextTopModel_Rita_EuropeOuest.jpg\" alt=\"Barbie's Next Top Model 2025\" data-srcset=\"https:\/\/www.barbie-secondlife.com\/wp-content\/uploads\/2025\/08\/BarbiesNextTopModel_Rita_EuropeOuest.jpg 400w, https:\/\/www.barbie-secondlife.com\/wp-content\/uploads\/2025\/08\/BarbiesNextTopModel_Rita_EuropeOuest-302x604.jpg 302w, https:\/\/www.barbie-secondlife.com\/wp-content\/uploads\/2025\/08\/BarbiesNextTopModel_Rita_EuropeOuest-200x400.jpg 200w, https:\/\/www.barbie-secondlife.com\/wp-content\/uploads\/2025\/08\/BarbiesNextTopModel_Rita_EuropeOuest-350x700.jpg 350w, https:\/\/www.barbie-secondlife.com\/wp-content\/uploads\/2025\/08\/BarbiesNextTopModel_Rita_EuropeOuest-150x300.jpg 150w\" data-sizes=\"(max-width: 400px) 100vw, 400px\" src=\"data:image\/svg+xml;base64,PHN2ZyB3aWR0aD0iMSIgaGVpZ2h0PSIxIiB4bWxucz0iaHR0cDovL3d3dy53My5vcmcvMjAwMC9zdmciPjwvc3ZnPg==\" \/><\/td><td class=\"has-text-align-center\" data-align=\"center\"><img decoding=\"async\" width=\"400\" height=\"800\" class=\"wp-image-606098 lazyload\" style=\"--smush-placeholder-width: 400px; --smush-placeholder-aspect-ratio: 400\/800;text-align: start; white-space: normal;\" data-src=\"https:\/\/www.barbie-secondlife.com\/wp-content\/uploads\/2025\/08\/BarbiesNextTopModel_Beryl_EuropeOuest.jpg\" alt=\"Barbie's Next Top Model 2025\" data-srcset=\"https:\/\/www.barbie-secondlife.com\/wp-content\/uploads\/2025\/08\/BarbiesNextTopModel_Beryl_EuropeOuest.jpg 400w, https:\/\/www.barbie-secondlife.com\/wp-content\/uploads\/2025\/08\/BarbiesNextTopModel_Beryl_EuropeOuest-302x604.jpg 302w, https:\/\/www.barbie-secondlife.com\/wp-content\/uploads\/2025\/08\/BarbiesNextTopModel_Beryl_EuropeOuest-200x400.jpg 200w, https:\/\/www.barbie-secondlife.com\/wp-content\/uploads\/2025\/08\/BarbiesNextTopModel_Beryl_EuropeOuest-350x700.jpg 350w, https:\/\/www.barbie-secondlife.com\/wp-content\/uploads\/2025\/08\/BarbiesNextTopModel_Beryl_EuropeOuest-150x300.jpg 150w\" data-sizes=\"(max-width: 400px) 100vw, 400px\" src=\"data:image\/svg+xml;base64,PHN2ZyB3aWR0aD0iMSIgaGVpZ2h0PSIxIiB4bWxucz0iaHR0cDovL3d3dy53My5vcmcvMjAwMC9zdmciPjwvc3ZnPg==\" \/><\/td><td class=\"has-text-align-center\" data-align=\"center\"><img decoding=\"async\" width=\"400\" height=\"800\" class=\"wp-image-606100 lazyload\" style=\"--smush-placeholder-width: 400px; --smush-placeholder-aspect-ratio: 400\/800;text-align: start; white-space: normal;\" data-src=\"https:\/\/www.barbie-secondlife.com\/wp-content\/uploads\/2025\/08\/BarbiesNextTopModel_Chantou_EuropeOuest.jpg\" alt=\"Barbie's Next Top Model 2025\" data-srcset=\"https:\/\/www.barbie-secondlife.com\/wp-content\/uploads\/2025\/08\/BarbiesNextTopModel_Chantou_EuropeOuest.jpg 400w, https:\/\/www.barbie-secondlife.com\/wp-content\/uploads\/2025\/08\/BarbiesNextTopModel_Chantou_EuropeOuest-302x604.jpg 302w, https:\/\/www.barbie-secondlife.com\/wp-content\/uploads\/2025\/08\/BarbiesNextTopModel_Chantou_EuropeOuest-200x400.jpg 200w, https:\/\/www.barbie-secondlife.com\/wp-content\/uploads\/2025\/08\/BarbiesNextTopModel_Chantou_EuropeOuest-350x700.jpg 350w, https:\/\/www.barbie-secondlife.com\/wp-content\/uploads\/2025\/08\/BarbiesNextTopModel_Chantou_EuropeOuest-150x300.jpg 150w\" data-sizes=\"(max-width: 400px) 100vw, 400px\" src=\"data:image\/svg+xml;base64,PHN2ZyB3aWR0aD0iMSIgaGVpZ2h0PSIxIiB4bWxucz0iaHR0cDovL3d3dy53My5vcmcvMjAwMC9zdmciPjwvc3ZnPg==\" \/><\/td><\/tr><tr><td class=\"has-text-align-center\" data-align=\"center\"><strong>VOTE : 5<\/strong><\/td><td class=\"has-text-align-center\" data-align=\"center\"><strong>VOTE : 3<\/strong><\/td><td class=\"has-text-align-center\" data-align=\"center\"><strong>VOTE : 2<\/strong><\/td><\/tr><\/tbody><\/table><\/figure>\n\n\n\n<hr class=\"wp-block-separator has-alpha-channel-opacity\"\/>\n\n\n\n<figure class=\"wp-block-table aligncenter\"><table class=\"has-fixed-layout\"><tbody><tr><td class=\"has-text-align-center\" data-align=\"center\"><img decoding=\"async\" width=\"400\" height=\"800\" class=\"wp-image-606112 lazyload\" style=\"--smush-placeholder-width: 400px; --smush-placeholder-aspect-ratio: 400\/800;width: px;\" data-src=\"https:\/\/www.barbie-secondlife.com\/wp-content\/uploads\/2025\/08\/BarbiesNextTopModel_Vesna_EuropeOuest.jpg\" alt=\"Barbie's Next Top Model 2025\" data-srcset=\"https:\/\/www.barbie-secondlife.com\/wp-content\/uploads\/2025\/08\/BarbiesNextTopModel_Vesna_EuropeOuest.jpg 400w, https:\/\/www.barbie-secondlife.com\/wp-content\/uploads\/2025\/08\/BarbiesNextTopModel_Vesna_EuropeOuest-302x604.jpg 302w, https:\/\/www.barbie-secondlife.com\/wp-content\/uploads\/2025\/08\/BarbiesNextTopModel_Vesna_EuropeOuest-200x400.jpg 200w, https:\/\/www.barbie-secondlife.com\/wp-content\/uploads\/2025\/08\/BarbiesNextTopModel_Vesna_EuropeOuest-350x700.jpg 350w, https:\/\/www.barbie-secondlife.com\/wp-content\/uploads\/2025\/08\/BarbiesNextTopModel_Vesna_EuropeOuest-150x300.jpg 150w\" data-sizes=\"(max-width: 400px) 100vw, 400px\" src=\"data:image\/svg+xml;base64,PHN2ZyB3aWR0aD0iMSIgaGVpZ2h0PSIxIiB4bWxucz0iaHR0cDovL3d3dy53My5vcmcvMjAwMC9zdmciPjwvc3ZnPg==\" \/><\/td><td class=\"has-text-align-center\" data-align=\"center\"><img decoding=\"async\" width=\"400\" height=\"800\" class=\"wp-image-606104 lazyload\" style=\"--smush-placeholder-width: 400px; --smush-placeholder-aspect-ratio: 400\/800;width: px;\" data-src=\"https:\/\/www.barbie-secondlife.com\/wp-content\/uploads\/2025\/08\/BarbiesNextTopModel_Griselda_EuropeOuest.jpg\" alt=\"Barbie's Next Top Model 2025\" data-srcset=\"https:\/\/www.barbie-secondlife.com\/wp-content\/uploads\/2025\/08\/BarbiesNextTopModel_Griselda_EuropeOuest.jpg 400w, https:\/\/www.barbie-secondlife.com\/wp-content\/uploads\/2025\/08\/BarbiesNextTopModel_Griselda_EuropeOuest-302x604.jpg 302w, https:\/\/www.barbie-secondlife.com\/wp-content\/uploads\/2025\/08\/BarbiesNextTopModel_Griselda_EuropeOuest-200x400.jpg 200w, https:\/\/www.barbie-secondlife.com\/wp-content\/uploads\/2025\/08\/BarbiesNextTopModel_Griselda_EuropeOuest-350x700.jpg 350w, https:\/\/www.barbie-secondlife.com\/wp-content\/uploads\/2025\/08\/BarbiesNextTopModel_Griselda_EuropeOuest-150x300.jpg 150w\" data-sizes=\"(max-width: 400px) 100vw, 400px\" src=\"data:image\/svg+xml;base64,PHN2ZyB3aWR0aD0iMSIgaGVpZ2h0PSIxIiB4bWxucz0iaHR0cDovL3d3dy53My5vcmcvMjAwMC9zdmciPjwvc3ZnPg==\" \/><\/td><td class=\"has-text-align-center\" data-align=\"center\"><img decoding=\"async\" width=\"400\" height=\"800\" class=\"wp-image-606106 lazyload\" style=\"--smush-placeholder-width: 400px; --smush-placeholder-aspect-ratio: 400\/800;width: px;\" data-src=\"https:\/\/www.barbie-secondlife.com\/wp-content\/uploads\/2025\/08\/BarbiesNextTopModel_Iqra_EuropeOuest.jpg\" alt=\"Barbie's Next Top Model 2025\" data-srcset=\"https:\/\/www.barbie-secondlife.com\/wp-content\/uploads\/2025\/08\/BarbiesNextTopModel_Iqra_EuropeOuest.jpg 400w, https:\/\/www.barbie-secondlife.com\/wp-content\/uploads\/2025\/08\/BarbiesNextTopModel_Iqra_EuropeOuest-302x604.jpg 302w, https:\/\/www.barbie-secondlife.com\/wp-content\/uploads\/2025\/08\/BarbiesNextTopModel_Iqra_EuropeOuest-200x400.jpg 200w, https:\/\/www.barbie-secondlife.com\/wp-content\/uploads\/2025\/08\/BarbiesNextTopModel_Iqra_EuropeOuest-350x700.jpg 350w, https:\/\/www.barbie-secondlife.com\/wp-content\/uploads\/2025\/08\/BarbiesNextTopModel_Iqra_EuropeOuest-150x300.jpg 150w\" data-sizes=\"(max-width: 400px) 100vw, 400px\" src=\"data:image\/svg+xml;base64,PHN2ZyB3aWR0aD0iMSIgaGVpZ2h0PSIxIiB4bWxucz0iaHR0cDovL3d3dy53My5vcmcvMjAwMC9zdmciPjwvc3ZnPg==\" \/><\/td><\/tr><tr><td class=\"has-text-align-center\" data-align=\"center\"><strong>VOTE : 2<\/strong><\/td><td class=\"has-text-align-center\" data-align=\"center\"><strong>VOTE : 1<\/strong><\/td><td class=\"has-text-align-center\" data-align=\"center\"><strong><strong>VOTE : 1<\/strong><\/strong><\/td><\/tr><\/tbody><\/table><\/figure>\n\n\n\n<hr class=\"wp-block-separator has-alpha-channel-opacity\"\/>\n\n\n\n<figure class=\"wp-block-table aligncenter\"><table class=\"has-fixed-layout\"><tbody><tr><td class=\"has-text-align-center\" data-align=\"center\"><img decoding=\"async\" width=\"400\" height=\"800\" class=\"wp-image-606110 lazyload\" style=\"--smush-placeholder-width: 400px; --smush-placeholder-aspect-ratio: 400\/800;text-align: start; white-space: normal;\" data-src=\"https:\/\/www.barbie-secondlife.com\/wp-content\/uploads\/2025\/08\/BarbiesNextTopModel_Nichelle_EuropeOuest.jpg\" alt=\"Barbie's Next Top Model 2025\" data-srcset=\"https:\/\/www.barbie-secondlife.com\/wp-content\/uploads\/2025\/08\/BarbiesNextTopModel_Nichelle_EuropeOuest.jpg 400w, https:\/\/www.barbie-secondlife.com\/wp-content\/uploads\/2025\/08\/BarbiesNextTopModel_Nichelle_EuropeOuest-302x604.jpg 302w, https:\/\/www.barbie-secondlife.com\/wp-content\/uploads\/2025\/08\/BarbiesNextTopModel_Nichelle_EuropeOuest-200x400.jpg 200w, https:\/\/www.barbie-secondlife.com\/wp-content\/uploads\/2025\/08\/BarbiesNextTopModel_Nichelle_EuropeOuest-350x700.jpg 350w, https:\/\/www.barbie-secondlife.com\/wp-content\/uploads\/2025\/08\/BarbiesNextTopModel_Nichelle_EuropeOuest-150x300.jpg 150w\" data-sizes=\"(max-width: 400px) 100vw, 400px\" src=\"data:image\/svg+xml;base64,PHN2ZyB3aWR0aD0iMSIgaGVpZ2h0PSIxIiB4bWxucz0iaHR0cDovL3d3dy53My5vcmcvMjAwMC9zdmciPjwvc3ZnPg==\" \/><\/td><td class=\"has-text-align-center\" data-align=\"center\"><img decoding=\"async\" width=\"400\" height=\"800\" class=\"wp-image-606102 lazyload\" style=\"--smush-placeholder-width: 400px; --smush-placeholder-aspect-ratio: 400\/800;width: px;\" data-src=\"https:\/\/www.barbie-secondlife.com\/wp-content\/uploads\/2025\/08\/BarbiesNextTopModel_Eleanor_EuropeOuest.jpg\" alt=\"Barbie's Next Top Model 2025\" data-srcset=\"https:\/\/www.barbie-secondlife.com\/wp-content\/uploads\/2025\/08\/BarbiesNextTopModel_Eleanor_EuropeOuest.jpg 400w, https:\/\/www.barbie-secondlife.com\/wp-content\/uploads\/2025\/08\/BarbiesNextTopModel_Eleanor_EuropeOuest-302x604.jpg 302w, https:\/\/www.barbie-secondlife.com\/wp-content\/uploads\/2025\/08\/BarbiesNextTopModel_Eleanor_EuropeOuest-200x400.jpg 200w, https:\/\/www.barbie-secondlife.com\/wp-content\/uploads\/2025\/08\/BarbiesNextTopModel_Eleanor_EuropeOuest-350x700.jpg 350w, https:\/\/www.barbie-secondlife.com\/wp-content\/uploads\/2025\/08\/BarbiesNextTopModel_Eleanor_EuropeOuest-150x300.jpg 150w\" data-sizes=\"(max-width: 400px) 100vw, 400px\" src=\"data:image\/svg+xml;base64,PHN2ZyB3aWR0aD0iMSIgaGVpZ2h0PSIxIiB4bWxucz0iaHR0cDovL3d3dy53My5vcmcvMjAwMC9zdmciPjwvc3ZnPg==\" \/><\/td><td class=\"has-text-align-center\" data-align=\"center\"><img decoding=\"async\" width=\"400\" height=\"800\" class=\"wp-image-606109 lazyload\" style=\"--smush-placeholder-width: 400px; --smush-placeholder-aspect-ratio: 400\/800;width: px;\" data-src=\"https:\/\/www.barbie-secondlife.com\/wp-content\/uploads\/2025\/08\/BarbiesNextTopModel_Maya_EuropeOuest.jpg\" alt=\"Barbie's Next Top Model 2025\" data-srcset=\"https:\/\/www.barbie-secondlife.com\/wp-content\/uploads\/2025\/08\/BarbiesNextTopModel_Maya_EuropeOuest.jpg 400w, https:\/\/www.barbie-secondlife.com\/wp-content\/uploads\/2025\/08\/BarbiesNextTopModel_Maya_EuropeOuest-302x604.jpg 302w, https:\/\/www.barbie-secondlife.com\/wp-content\/uploads\/2025\/08\/BarbiesNextTopModel_Maya_EuropeOuest-200x400.jpg 200w, https:\/\/www.barbie-secondlife.com\/wp-content\/uploads\/2025\/08\/BarbiesNextTopModel_Maya_EuropeOuest-350x700.jpg 350w, https:\/\/www.barbie-secondlife.com\/wp-content\/uploads\/2025\/08\/BarbiesNextTopModel_Maya_EuropeOuest-150x300.jpg 150w\" data-sizes=\"(max-width: 400px) 100vw, 400px\" src=\"data:image\/svg+xml;base64,PHN2ZyB3aWR0aD0iMSIgaGVpZ2h0PSIxIiB4bWxucz0iaHR0cDovL3d3dy53My5vcmcvMjAwMC9zdmciPjwvc3ZnPg==\" \/><\/td><\/tr><tr><td class=\"has-text-align-center\" data-align=\"center\"><strong>VOTE : 1<\/strong><\/td><td class=\"has-text-align-center\" data-align=\"center\"><strong>VOTE : 1<\/strong><\/td><td class=\"has-text-align-center\" data-align=\"center\"><strong>VOTE : 1<\/strong><\/td><\/tr><\/tbody><\/table><\/figure>\n<\/div>\n<\/div>\n\n\n\n<hr class=\"wp-block-separator has-alpha-channel-opacity\"\/>\n\n\n\n<p><\/p>\n","protected":false},"excerpt":{"rendered":"<p>Europa Ocidental : Este look representa a eleg\u00e2ncia parisiense atemporal. Um blazer preto ajustado na cintura com um cinto largo de couro, combinado com um short jeans bruto para um contraste moderno e ousado. O visual \u00e9 valorizado por uma meia-cal\u00e7a listrada fina que alonga a silhueta e botinhas pretas de salto \u2014 perfeitas para [&hellip;]<\/p>\n","protected":false},"author":1,"featured_media":604768,"parent":604767,"menu_order":0,"comment_status":"closed","ping_status":"closed","template":"","meta":{"footnotes":""},"class_list":["post-605091","page","type-page","status-publish","has-post-thumbnail","hentry"],"translation":{"provider":"WPGlobus","version":"3.0.2","language":"br","enabled_languages":["fr","en","es","br","de"],"languages":{"fr":{"title":true,"content":true,"excerpt":false},"en":{"title":true,"content":true,"excerpt":false},"es":{"title":true,"content":true,"excerpt":false},"br":{"title":true,"content":true,"excerpt":false},"de":{"title":true,"content":true,"excerpt":false}}},"_links":{"self":[{"href":"https:\/\/www.barbie-secondlife.com\/br\/wp-json\/wp\/v2\/pages\/605091","targetHints":{"allow":["GET"]}}],"collection":[{"href":"https:\/\/www.barbie-secondlife.com\/br\/wp-json\/wp\/v2\/pages"}],"about":[{"href":"https:\/\/www.barbie-secondlife.com\/br\/wp-json\/wp\/v2\/types\/page"}],"author":[{"embeddable":true,"href":"https:\/\/www.barbie-secondlife.com\/br\/wp-json\/wp\/v2\/users\/1"}],"replies":[{"embeddable":true,"href":"https:\/\/www.barbie-secondlife.com\/br\/wp-json\/wp\/v2\/comments?post=605091"}],"version-history":[{"count":20,"href":"https:\/\/www.barbie-secondlife.com\/br\/wp-json\/wp\/v2\/pages\/605091\/revisions"}],"predecessor-version":[{"id":607106,"href":"https:\/\/www.barbie-secondlife.com\/br\/wp-json\/wp\/v2\/pages\/605091\/revisions\/607106"}],"up":[{"embeddable":true,"href":"https:\/\/www.barbie-secondlife.com\/br\/wp-json\/wp\/v2\/pages\/604767"}],"wp:featuredmedia":[{"embeddable":true,"href":"https:\/\/www.barbie-secondlife.com\/br\/wp-json\/wp\/v2\/media\/604768"}],"wp:attachment":[{"href":"https:\/\/www.barbie-secondlife.com\/br\/wp-json\/wp\/v2\/media?parent=605091"}],"curies":[{"name":"wp","href":"https:\/\/api.w.org\/{rel}","templated":true}]}}