{"id":7301,"date":"2018-05-11T17:10:00","date_gmt":"2018-05-11T15:10:00","guid":{"rendered":"http:\/\/www.barbie-secondlife.com\/?page_id=7301"},"modified":"2022-08-06T15:08:56","modified_gmt":"2022-08-06T13:08:56","slug":"eurovision-2017-kiev-ukraine","status":"publish","type":"page","link":"https:\/\/www.barbie-secondlife.com\/br\/evenements\/eurovision-2017-kiev-ukraine\/","title":{"rendered":"Eurovision 2017 &#8211; Kiev (Ucr\u00e2nia)"},"content":{"rendered":"\n<h2 class=\"wp-block-heading\"><strong><em>Barbie Eurovision 2017<\/em><\/strong><\/h2>\n\n\n\n<div class=\"wp-block-image\"><figure class=\"aligncenter\"><img decoding=\"async\" width=\"600\" height=\"287\" data-src=\"https:\/\/www.barbie-secondlife.com\/wp-content\/uploads\/2017\/05\/logo_kiev.png\" alt=\"Eurovision 2017\" class=\"wp-image-7287 lazyload\" title=\"Eurovision 2017\" data-srcset=\"https:\/\/www.barbie-secondlife.com\/wp-content\/uploads\/2017\/05\/logo_kiev.png 600w, https:\/\/www.barbie-secondlife.com\/wp-content\/uploads\/2017\/05\/logo_kiev-302x144.png 302w, https:\/\/www.barbie-secondlife.com\/wp-content\/uploads\/2017\/05\/logo_kiev-200x96.png 200w, https:\/\/www.barbie-secondlife.com\/wp-content\/uploads\/2017\/05\/logo_kiev-500x239.png 500w, https:\/\/www.barbie-secondlife.com\/wp-content\/uploads\/2017\/05\/logo_kiev-350x167.png 350w, https:\/\/www.barbie-secondlife.com\/wp-content\/uploads\/2017\/05\/logo_kiev-300x144.png 300w\" data-sizes=\"(max-width: 600px) 100vw, 600px\" src=\"data:image\/svg+xml;base64,PHN2ZyB3aWR0aD0iMSIgaGVpZ2h0PSIxIiB4bWxucz0iaHR0cDovL3d3dy53My5vcmcvMjAwMC9zdmciPjwvc3ZnPg==\" style=\"--smush-placeholder-width: 600px; --smush-placeholder-aspect-ratio: 600\/287;\" \/><\/figure><\/div>\n\n\n\n<p>Resultados de Eurovision 2017 em Kiev (Ucr\u00e2nia).<br>Cada Barbie apresentar a can\u00e7\u00e3o em seu pa\u00eds.<\/p>\n\n\n\n<figure class=\"wp-block-table\"><table><tbody><tr><td>&nbsp;<\/td><\/tr><tr><td>\n<h4 style=\"text-align: center;\"><a href=\"https:\/\/www.barbie-secondlife.com\/br\/eurovision-2017-kiev-ukraine\/eurovision-2017-finale-barbie\/\">Final &#8211; Barbie<\/a><\/h4>\n<\/td><\/tr><tr><td>&nbsp;<\/td><\/tr><tr><td>\n<h4 style=\"text-align: center;\"><a href=\"https:\/\/www.barbie-secondlife.com\/br\/eurovision-2017-kiev-ukraine\/eurovision-2017-premiere-12-finale-barbie\/\">Primeira&nbsp;1\/2 Final &#8211; Barbie<\/a><\/h4>\n<\/td><\/tr><tr><td>&nbsp;<\/td><\/tr><tr><td>\n<h4 style=\"text-align: center;\"><a href=\"https:\/\/www.barbie-secondlife.com\/br\/eurovision-2017-kiev-ukraine\/eurovision-2017-deuxieme-12-finale-barbie\/\">Segundo&nbsp;1\/2 Final &#8211; Barbie<\/a><\/h4>\n<\/td><\/tr><tr><td>&nbsp;<\/td><\/tr><\/tbody><\/table><\/figure>\n","protected":false},"excerpt":{"rendered":"<p>Barbie Eurovision 2017 Resultados de Eurovision 2017 em Kiev (Ucr\u00e2nia).Cada Barbie apresentar a can\u00e7\u00e3o em seu pa\u00eds. &nbsp; Final &#8211; Barbie &nbsp; Primeira&nbsp;1\/2 Final &#8211; Barbie &nbsp; Segundo&nbsp;1\/2 Final &#8211; Barbie &nbsp;<\/p>\n","protected":false},"author":1,"featured_media":12245,"parent":10511,"menu_order":0,"comment_status":"closed","ping_status":"closed","template":"","meta":{"footnotes":""},"class_list":["post-7301","page","type-page","status-publish","has-post-thumbnail","hentry"],"translation":{"provider":"WPGlobus","version":"3.0.2","language":"br","enabled_languages":["fr","en","es","br","de"],"languages":{"fr":{"title":true,"content":true,"excerpt":false},"en":{"title":true,"content":true,"excerpt":false},"es":{"title":true,"content":true,"excerpt":false},"br":{"title":true,"content":true,"excerpt":false},"de":{"title":true,"content":true,"excerpt":false}}},"_links":{"self":[{"href":"https:\/\/www.barbie-secondlife.com\/br\/wp-json\/wp\/v2\/pages\/7301","targetHints":{"allow":["GET"]}}],"collection":[{"href":"https:\/\/www.barbie-secondlife.com\/br\/wp-json\/wp\/v2\/pages"}],"about":[{"href":"https:\/\/www.barbie-secondlife.com\/br\/wp-json\/wp\/v2\/types\/page"}],"author":[{"embeddable":true,"href":"https:\/\/www.barbie-secondlife.com\/br\/wp-json\/wp\/v2\/users\/1"}],"replies":[{"embeddable":true,"href":"https:\/\/www.barbie-secondlife.com\/br\/wp-json\/wp\/v2\/comments?post=7301"}],"version-history":[{"count":0,"href":"https:\/\/www.barbie-secondlife.com\/br\/wp-json\/wp\/v2\/pages\/7301\/revisions"}],"up":[{"embeddable":true,"href":"https:\/\/www.barbie-secondlife.com\/br\/wp-json\/wp\/v2\/pages\/10511"}],"wp:featuredmedia":[{"embeddable":true,"href":"https:\/\/www.barbie-secondlife.com\/br\/wp-json\/wp\/v2\/media\/12245"}],"wp:attachment":[{"href":"https:\/\/www.barbie-secondlife.com\/br\/wp-json\/wp\/v2\/media?parent=7301"}],"curies":[{"name":"wp","href":"https:\/\/api.w.org\/{rel}","templated":true}]}}