{"id":9303,"date":"2017-08-31T16:41:50","date_gmt":"2017-08-31T14:41:50","guid":{"rendered":"http:\/\/www.barbie-secondlife.com\/?page_id=9303"},"modified":"2022-03-18T14:32:58","modified_gmt":"2022-03-18T13:32:58","slug":"n3-septembre-2017","status":"publish","type":"page","link":"https:\/\/www.barbie-secondlife.com\/br\/bsl-magazine\/bsl-magazine-2017\/n3-septembre-2017\/","title":{"rendered":"N\u00b03 Setembro de 2017"},"content":{"rendered":"\n<h1 class=\"wp-block-heading\">Barbie &#8211; BSL Magazine &#8211; Setembro de 2017<\/h1>\n\n\n\n<p class=\"has-normal-font-size\">Cada revista oferece um destaque de uma <strong>Barbie <\/strong>da minha cole\u00e7\u00e3o, uma se\u00e7\u00e3o de <strong>Moda <\/strong>onde a Barbie apresenta suas escolhas de roupas, uma se\u00e7\u00e3o de <strong>Beleza <\/strong>com os diferentes cortes e \/ ou penteados da Barbie, uma se\u00e7\u00e3o de <strong>Viagens <\/strong>na qual 2 Barbies mostram a regi\u00e3o ou o pa\u00eds que representa e uma se\u00e7\u00e3o <strong>Esporte<\/strong>, onde est\u00e3o os principais eventos esportivos femininos do m\u00eas.<br><br>Publica\u00e7\u00e3o da revista mensal &#8211; BSL Magazine (em ingl\u00eas)<\/p>\n\n\n<a href=\"https:\/\/www.barbie-secondlife.com\/wp-content\/uploads\/2017\/08\/BSL_Magazine_Sept_EN.pdf\" class=\"pdfemb-viewer\" style=\"width:500px;height:647px;\" data-width=\"500\" data-height=\"647\" data-toolbar=\"both\" data-toolbar-fixed=\"on\">BSL_Magazine_Sept_EN<\/a>\n<p class=\"wp-block-pdfemb-pdf-embedder-viewer\"><\/p>\n","protected":false},"excerpt":{"rendered":"<p>Barbie &#8211; BSL Magazine &#8211; Setembro de 2017 Cada revista oferece um destaque de uma Barbie da minha cole\u00e7\u00e3o, uma se\u00e7\u00e3o de Moda onde a Barbie apresenta suas escolhas de roupas, uma se\u00e7\u00e3o de Beleza com os diferentes cortes e \/ ou penteados da Barbie, uma se\u00e7\u00e3o de Viagens na qual 2 Barbies mostram a [&hellip;]<\/p>\n","protected":false},"author":1,"featured_media":12258,"parent":588568,"menu_order":0,"comment_status":"closed","ping_status":"closed","template":"","meta":{"footnotes":""},"class_list":["post-9303","page","type-page","status-publish","has-post-thumbnail","hentry"],"translation":{"provider":"WPGlobus","version":"3.0.2","language":"br","enabled_languages":["fr","en","es","br","de"],"languages":{"fr":{"title":true,"content":true,"excerpt":false},"en":{"title":true,"content":true,"excerpt":false},"es":{"title":true,"content":true,"excerpt":false},"br":{"title":true,"content":true,"excerpt":false},"de":{"title":true,"content":true,"excerpt":false}}},"_links":{"self":[{"href":"https:\/\/www.barbie-secondlife.com\/br\/wp-json\/wp\/v2\/pages\/9303","targetHints":{"allow":["GET"]}}],"collection":[{"href":"https:\/\/www.barbie-secondlife.com\/br\/wp-json\/wp\/v2\/pages"}],"about":[{"href":"https:\/\/www.barbie-secondlife.com\/br\/wp-json\/wp\/v2\/types\/page"}],"author":[{"embeddable":true,"href":"https:\/\/www.barbie-secondlife.com\/br\/wp-json\/wp\/v2\/users\/1"}],"replies":[{"embeddable":true,"href":"https:\/\/www.barbie-secondlife.com\/br\/wp-json\/wp\/v2\/comments?post=9303"}],"version-history":[{"count":0,"href":"https:\/\/www.barbie-secondlife.com\/br\/wp-json\/wp\/v2\/pages\/9303\/revisions"}],"up":[{"embeddable":true,"href":"https:\/\/www.barbie-secondlife.com\/br\/wp-json\/wp\/v2\/pages\/588568"}],"wp:featuredmedia":[{"embeddable":true,"href":"https:\/\/www.barbie-secondlife.com\/br\/wp-json\/wp\/v2\/media\/12258"}],"wp:attachment":[{"href":"https:\/\/www.barbie-secondlife.com\/br\/wp-json\/wp\/v2\/media?parent=9303"}],"curies":[{"name":"wp","href":"https:\/\/api.w.org\/{rel}","templated":true}]}}