{"id":490991,"date":"2021-11-07T17:19:48","date_gmt":"2021-11-07T16:19:48","guid":{"rendered":"https:\/\/www.barbie-secondlife.com\/?post_type=product&#038;p=490991"},"modified":"2024-12-08T19:37:42","modified_gmt":"2024-12-08T18:37:42","slug":"barbie-pavlina","status":"publish","type":"product","link":"https:\/\/www.barbie-secondlife.com\/br\/barbie\/world\/europe-est\/barbie-pavlina\/","title":{"rendered":"Barbie Pavlina<br\/><span class='attTitleSecondLine'>(Lucille Ball)<\/span>"},"content":{"rendered":"<table width=\"100%\">\n<tbody>\n<tr>\n<td align=\"left\" width=\"70\">Idade<\/td>\n<td align=\"left\"><strong>25 anos<\/strong><\/td>\n<\/tr>\n<tr>\n<td align=\"left\" width=\"70\">Cabelos<\/td>\n<td align=\"left\"><strong>Ruivo<\/strong><\/td>\n<\/tr>\n<tr>\n<td align=\"left\" width=\"70\">Olhos<\/td>\n<td align=\"left\"><strong>Azul<\/strong><\/td>\n<\/tr>\n<tr>\n<td align=\"left\" width=\"70\">Altura<\/td>\n<td align=\"left\"><strong>1,76<\/strong><\/td>\n<\/tr>\n<\/tbody>\n<\/table>\n<table width=\"100%\">\n<tbody>\n<tr>\n<td align=\"left\" valign=\"top\">\n<p class=\"p1\">Barbie Lucille Ball<\/p>\n<p>Barbie desenhada por <a href=\"https:\/\/www.barbie-secondlife.com\/br\/tag\/bill-greening\/\">Bill Greening<\/a> em <a href=\"https:\/\/www.barbie-secondlife.com\/br\/tag\/2021\/\">2021<\/a><\/p>\n<p>Cole\u00e7\u00e3o <a href=\"https:\/\/www.barbie-secondlife.com\/br\/tag\/black-label\/\">Black Label<\/a>.<\/p>\n<p>Barbie <a href=\"https:\/\/www.barbie-secondlife.com\/br\/tag\/ooak\/\">ooak<\/a> com um corpo de <a href=\"https:\/\/www.barbie-secondlife.com\/br\/tag\/muse\/\">musa<\/a> (<a href=\"https:\/\/www.barbie-secondlife.com\/br\/barbie\/world\/amerique-nord-centrale\/barbie-isabelle\/\">DGW29<\/a>)<\/p>\n<p>C\u00f3digo do produto: GXL16<\/p>\n<p><strong><a href=\"https:\/\/www.barbie-secondlife.com\/br\/galerie-photos\/europe-est\/galerie-barbie-pavlina\/\">Mais Fotos<\/a><\/strong><\/td>\n<td align=\"center\"><img decoding=\"async\" class=\"aligncenter wp-image-473432 size-full lazyload\" title=\"Barbie Pavlina\" data-src=\"https:\/\/www.barbie-secondlife.com\/wp-content\/uploads\/2021\/10\/Barbie_Pavlina_Original.png\" alt=\"Barbie Pavlina\" width=\"200\" height=\"425\" data-srcset=\"https:\/\/www.barbie-secondlife.com\/wp-content\/uploads\/2021\/10\/Barbie_Pavlina_Original.png 200w, https:\/\/www.barbie-secondlife.com\/wp-content\/uploads\/2021\/10\/Barbie_Pavlina_Original-141x300.png 141w\" data-sizes=\"(max-width: 200px) 100vw, 200px\" src=\"data:image\/svg+xml;base64,PHN2ZyB3aWR0aD0iMSIgaGVpZ2h0PSIxIiB4bWxucz0iaHR0cDovL3d3dy53My5vcmcvMjAwMC9zdmciPjwvc3ZnPg==\" style=\"--smush-placeholder-width: 200px; --smush-placeholder-aspect-ratio: 200\/425;\" \/><\/td>\n<\/tr>\n<\/tbody>\n<\/table>\n","protected":false},"excerpt":{"rendered":"<table width=\"100%\">\n<tbody>\n<tr>\n<td align=\"left\" width=\"70\"><img decoding=\"async\" class=\"aligncenter wp-image-470491 lazyload\" title=\"Drapeau St\u0159edo\u010desk\u00fd\" data-src=\"https:\/\/www.barbie-secondlife.com\/wp-content\/uploads\/2021\/09\/Drapeau_Stredocesky.png\" alt=\"Drapeau St\u0159edo\u010desk\u00fd\" width=\"60\" height=\"40\" src=\"data:image\/svg+xml;base64,PHN2ZyB3aWR0aD0iMSIgaGVpZ2h0PSIxIiB4bWxucz0iaHR0cDovL3d3dy53My5vcmcvMjAwMC9zdmciPjwvc3ZnPg==\" style=\"--smush-placeholder-width: 60px; --smush-placeholder-aspect-ratio: 60\/40;\" \/><\/td>\n<td align=\"left\">\n<h3 id=\"firstHeading\" class=\"firstHeading\" lang=\"fr\">St\u0159edo\u010desk\u00fd (CZE)<\/h3>\n<\/td>\n<\/tr>\n<\/tbody>\n<\/table>\n","protected":false},"featured_media":591473,"comment_status":"open","ping_status":"closed","template":"","meta":[],"product_brand":[],"product_cat":[11,1299],"product_tag":[1094,97,94,2499,117,1309,143],"class_list":{"0":"post-490991","1":"product","2":"type-product","3":"status-publish","4":"has-post-thumbnail","6":"product_cat-europe-est","7":"product_cat-regions-de-republique-tcheque","8":"product_tag-1094","9":"product_tag-bill-greening","10":"product_tag-black-label","11":"product_tag-collector","12":"product_tag-hollywood","13":"product_tag-lucille-ball","14":"product_tag-ooak","15":"pa_10couleur-roux","16":"pa_15couleur-yeux-bleus","17":"pa_25peau-vanille","18":"pa_45forme_cheveux-ondules","19":"pa_50longueur-cheveux-mi-longs","20":"pa_face-lucille-ball","22":"first","23":"instock","24":"shipping-taxable","25":"product-type-simple"},"translation":{"provider":"WPGlobus","version":"3.0.2","language":"br","enabled_languages":["fr","en","es","br","de"],"languages":{"fr":{"title":true,"content":true,"excerpt":true},"en":{"title":true,"content":true,"excerpt":true},"es":{"title":true,"content":true,"excerpt":true},"br":{"title":true,"content":true,"excerpt":true},"de":{"title":true,"content":true,"excerpt":true}}},"_links":{"self":[{"href":"https:\/\/www.barbie-secondlife.com\/br\/wp-json\/wp\/v2\/product\/490991","targetHints":{"allow":["GET"]}}],"collection":[{"href":"https:\/\/www.barbie-secondlife.com\/br\/wp-json\/wp\/v2\/product"}],"about":[{"href":"https:\/\/www.barbie-secondlife.com\/br\/wp-json\/wp\/v2\/types\/product"}],"replies":[{"embeddable":true,"href":"https:\/\/www.barbie-secondlife.com\/br\/wp-json\/wp\/v2\/comments?post=490991"}],"wp:featuredmedia":[{"embeddable":true,"href":"https:\/\/www.barbie-secondlife.com\/br\/wp-json\/wp\/v2\/media\/591473"}],"wp:attachment":[{"href":"https:\/\/www.barbie-secondlife.com\/br\/wp-json\/wp\/v2\/media?parent=490991"}],"wp:term":[{"taxonomy":"product_brand","embeddable":true,"href":"https:\/\/www.barbie-secondlife.com\/br\/wp-json\/wp\/v2\/product_brand?post=490991"},{"taxonomy":"product_cat","embeddable":true,"href":"https:\/\/www.barbie-secondlife.com\/br\/wp-json\/wp\/v2\/product_cat?post=490991"},{"taxonomy":"product_tag","embeddable":true,"href":"https:\/\/www.barbie-secondlife.com\/br\/wp-json\/wp\/v2\/product_tag?post=490991"}],"curies":[{"name":"wp","href":"https:\/\/api.w.org\/{rel}","templated":true}]}}