{"id":21974,"date":"2020-04-08T19:40:21","date_gmt":"2020-04-08T17:40:21","guid":{"rendered":"http:\/\/www.barbie-secondlife.com\/?page_id=21974"},"modified":"2022-09-19T22:24:33","modified_gmt":"2022-09-19T20:24:33","slug":"misspolynesie2020","status":"publish","type":"page","link":"https:\/\/www.barbie-secondlife.com\/de\/evenements\/misspolynesie2020\/","title":{"rendered":"Miss Franz\u00f6sisch Polynesien 2020"},"content":{"rendered":"\n<h2 class=\"wp-block-heading\"><strong><em>Miss Franz\u00f6sisch Polynesien 2020<\/em><\/strong><\/h2>\n\n\n\n<figure class=\"wp-block-table\"><table><tbody><tr><td><img decoding=\"async\" class=\"aligncenter wp-image-21988 lazyload\" title=\"Couronne Miss Polyn\u00e9sie Fran\u00e7aise\" data-src=\"https:\/\/www.barbie-secondlife.com\/wp-content\/uploads\/2020\/04\/couronneMiss.jpg\" alt=\"Couronne Miss Polyn\u00e9sie Fran\u00e7aise\" width=\"200\" height=\"200\" data-srcset=\"https:\/\/www.barbie-secondlife.com\/wp-content\/uploads\/2020\/04\/couronneMiss.jpg 350w, https:\/\/www.barbie-secondlife.com\/wp-content\/uploads\/2020\/04\/couronneMiss-302x302.jpg 302w, https:\/\/www.barbie-secondlife.com\/wp-content\/uploads\/2020\/04\/couronneMiss-200x200.jpg 200w, https:\/\/www.barbie-secondlife.com\/wp-content\/uploads\/2020\/04\/couronneMiss-300x300.jpg 300w\" data-sizes=\"(max-width: 200px) 100vw, 200px\" src=\"data:image\/svg+xml;base64,PHN2ZyB3aWR0aD0iMSIgaGVpZ2h0PSIxIiB4bWxucz0iaHR0cDovL3d3dy53My5vcmcvMjAwMC9zdmciPjwvc3ZnPg==\" style=\"--smush-placeholder-width: 200px; --smush-placeholder-aspect-ratio: 200\/200;\" \/><\/td><td><strong><span style=\"color: #e67fb9;\">Miss Barbie Franz\u00f6sisch-Polynesien 2020<\/span><\/strong>. Ihre Lieblings-Miss Barbie Franz\u00f6sisch-Polynesien bleibt <strong><span style=\"color: #e67fb9;\">Mareva <\/span><\/strong>f\u00fcr 2020.\n<p>&nbsp;<\/p>\n<p>Die 10 Kandidaten von den Inseln Franz\u00f6sisch-Polynesiens waren :<\/p>\n<\/td><\/tr><\/tbody><\/table><\/figure>\n\n\n\n<div class=\"wp-block-columns is-layout-flex wp-container-core-columns-is-layout-9d6595d7 wp-block-columns-is-layout-flex\">\n<div class=\"wp-block-column is-layout-flow wp-block-column-is-layout-flow\" style=\"flex-basis:50%\">\n<p class=\"has-text-align-right\">&#8211; <strong>Heinoa<\/strong><br>&#8211; <strong>Kelya<\/strong><br>&#8211; <strong>Moana<\/strong><br>&#8211; <strong>Maeva<\/strong><br>&#8211; <strong>Poema<\/strong><\/p>\n<\/div>\n\n\n\n<div class=\"wp-block-column is-layout-flow wp-block-column-is-layout-flow\" style=\"flex-basis:50%\">\n<p class=\"has-text-align-left\">&#8211; <strong>Mareva<\/strong> ( Miss 2019)<br>&#8211; <strong>Tiar\u00e9<\/strong><br>&#8211; <strong>Tym\u00e9a<\/strong><br>&#8211; <strong>Vaimalama<\/strong><br>&#8211; <strong>Vaipua<\/strong><\/p>\n<\/div>\n<\/div>\n\n\n<div class=\"wp-block-image\">\n<figure class=\"aligncenter size-large is-resized\"><img decoding=\"async\" data-src=\"https:\/\/www.barbie-secondlife.com\/wp-content\/uploads\/2020\/04\/Mareva.jpg\" alt=\"\" class=\"wp-image-23417 lazyload\" width=\"750\" height=\"750\" data-srcset=\"https:\/\/www.barbie-secondlife.com\/wp-content\/uploads\/2020\/04\/Mareva.jpg 1000w, https:\/\/www.barbie-secondlife.com\/wp-content\/uploads\/2020\/04\/Mareva-302x302.jpg 302w, https:\/\/www.barbie-secondlife.com\/wp-content\/uploads\/2020\/04\/Mareva-200x200.jpg 200w, https:\/\/www.barbie-secondlife.com\/wp-content\/uploads\/2020\/04\/Mareva-500x500.jpg 500w, https:\/\/www.barbie-secondlife.com\/wp-content\/uploads\/2020\/04\/Mareva-350x350.jpg 350w, https:\/\/www.barbie-secondlife.com\/wp-content\/uploads\/2020\/04\/Mareva-300x300.jpg 300w, https:\/\/www.barbie-secondlife.com\/wp-content\/uploads\/2020\/04\/Mareva-768x768.jpg 768w\" data-sizes=\"(max-width: 750px) 100vw, 750px\" src=\"data:image\/svg+xml;base64,PHN2ZyB3aWR0aD0iMSIgaGVpZ2h0PSIxIiB4bWxucz0iaHR0cDovL3d3dy53My5vcmcvMjAwMC9zdmciPjwvc3ZnPg==\" style=\"--smush-placeholder-width: 750px; --smush-placeholder-aspect-ratio: 750\/750;\" \/><\/figure>\n<\/div>\n\n\n<hr class=\"wp-block-separator has-css-opacity\"\/>\n\n\n\n<div class=\"wp-block-columns is-layout-flex wp-container-core-columns-is-layout-9d6595d7 wp-block-columns-is-layout-flex\">\n<div class=\"wp-block-column is-layout-flow wp-block-column-is-layout-flow\" style=\"flex-basis:66.66%\">\n<figure class=\"wp-block-image size-large\"><img decoding=\"async\" width=\"1024\" height=\"614\" data-src=\"https:\/\/www.barbie-secondlife.com\/wp-content\/uploads\/2020\/03\/mareva-1024x614.jpg\" alt=\"Barbie Mareva\" class=\"wp-image-20944 lazyload\" data-srcset=\"https:\/\/www.barbie-secondlife.com\/wp-content\/uploads\/2020\/03\/mareva-1024x614.jpg 1024w, https:\/\/www.barbie-secondlife.com\/wp-content\/uploads\/2020\/03\/mareva-302x181.jpg 302w, https:\/\/www.barbie-secondlife.com\/wp-content\/uploads\/2020\/03\/mareva-200x120.jpg 200w, https:\/\/www.barbie-secondlife.com\/wp-content\/uploads\/2020\/03\/mareva-500x300.jpg 500w, https:\/\/www.barbie-secondlife.com\/wp-content\/uploads\/2020\/03\/mareva-350x210.jpg 350w, https:\/\/www.barbie-secondlife.com\/wp-content\/uploads\/2020\/03\/mareva-768x461.jpg 768w, https:\/\/www.barbie-secondlife.com\/wp-content\/uploads\/2020\/03\/mareva.jpg 1080w\" data-sizes=\"(max-width: 1024px) 100vw, 1024px\" src=\"data:image\/svg+xml;base64,PHN2ZyB3aWR0aD0iMSIgaGVpZ2h0PSIxIiB4bWxucz0iaHR0cDovL3d3dy53My5vcmcvMjAwMC9zdmciPjwvc3ZnPg==\" style=\"--smush-placeholder-width: 1024px; --smush-placeholder-aspect-ratio: 1024\/614;\" \/><\/figure>\n<\/div>\n\n\n\n<div class=\"wp-block-column is-layout-flow wp-block-column-is-layout-flow\" style=\"flex-basis:33.33%\">\n<p class=\"has-text-color has-large-font-size\" style=\"color:#e67fb9\"><strong>12 pts<\/strong><\/p>\n<\/div>\n<\/div>\n\n\n\n<hr class=\"wp-block-separator has-css-opacity\"\/>\n\n\n\n<div class=\"wp-block-columns is-layout-flex wp-container-core-columns-is-layout-9d6595d7 wp-block-columns-is-layout-flex\">\n<div class=\"wp-block-column is-layout-flow wp-block-column-is-layout-flow\" style=\"flex-basis:66.66%\">\n<figure class=\"wp-block-image size-large\"><img decoding=\"async\" width=\"1024\" height=\"614\" data-src=\"https:\/\/www.barbie-secondlife.com\/wp-content\/uploads\/2020\/03\/tiare-1024x614.jpg\" alt=\"Barbie Tiar\u00e9\" class=\"wp-image-20948 lazyload\" data-srcset=\"https:\/\/www.barbie-secondlife.com\/wp-content\/uploads\/2020\/03\/tiare-1024x614.jpg 1024w, https:\/\/www.barbie-secondlife.com\/wp-content\/uploads\/2020\/03\/tiare-302x181.jpg 302w, https:\/\/www.barbie-secondlife.com\/wp-content\/uploads\/2020\/03\/tiare-200x120.jpg 200w, https:\/\/www.barbie-secondlife.com\/wp-content\/uploads\/2020\/03\/tiare-500x300.jpg 500w, https:\/\/www.barbie-secondlife.com\/wp-content\/uploads\/2020\/03\/tiare-350x210.jpg 350w, https:\/\/www.barbie-secondlife.com\/wp-content\/uploads\/2020\/03\/tiare-768x461.jpg 768w, https:\/\/www.barbie-secondlife.com\/wp-content\/uploads\/2020\/03\/tiare.jpg 1080w\" data-sizes=\"(max-width: 1024px) 100vw, 1024px\" src=\"data:image\/svg+xml;base64,PHN2ZyB3aWR0aD0iMSIgaGVpZ2h0PSIxIiB4bWxucz0iaHR0cDovL3d3dy53My5vcmcvMjAwMC9zdmciPjwvc3ZnPg==\" style=\"--smush-placeholder-width: 1024px; --smush-placeholder-aspect-ratio: 1024\/614;\" \/><\/figure>\n<\/div>\n\n\n\n<div class=\"wp-block-column is-layout-flow wp-block-column-is-layout-flow\" style=\"flex-basis:33.33%\">\n<p class=\"has-text-color has-large-font-size\" style=\"color:#e67fb9\"><strong>10 pts<\/strong><\/p>\n<\/div>\n<\/div>\n\n\n\n<hr class=\"wp-block-separator has-css-opacity\"\/>\n\n\n\n<div class=\"wp-block-columns is-layout-flex wp-container-core-columns-is-layout-9d6595d7 wp-block-columns-is-layout-flex\">\n<div class=\"wp-block-column is-layout-flow wp-block-column-is-layout-flow\" style=\"flex-basis:66.66%\">\n<figure class=\"wp-block-image size-large\"><img decoding=\"async\" width=\"1024\" height=\"614\" data-src=\"https:\/\/www.barbie-secondlife.com\/wp-content\/uploads\/2018\/04\/Maeva-1024x614.jpg\" alt=\"Barbie Maeva\" class=\"wp-image-21963 lazyload\" data-srcset=\"https:\/\/www.barbie-secondlife.com\/wp-content\/uploads\/2018\/04\/Maeva-1024x614.jpg 1024w, https:\/\/www.barbie-secondlife.com\/wp-content\/uploads\/2018\/04\/Maeva-302x181.jpg 302w, https:\/\/www.barbie-secondlife.com\/wp-content\/uploads\/2018\/04\/Maeva-200x120.jpg 200w, https:\/\/www.barbie-secondlife.com\/wp-content\/uploads\/2018\/04\/Maeva-500x300.jpg 500w, https:\/\/www.barbie-secondlife.com\/wp-content\/uploads\/2018\/04\/Maeva-350x210.jpg 350w, https:\/\/www.barbie-secondlife.com\/wp-content\/uploads\/2018\/04\/Maeva-768x461.jpg 768w, https:\/\/www.barbie-secondlife.com\/wp-content\/uploads\/2018\/04\/Maeva.jpg 1080w\" data-sizes=\"(max-width: 1024px) 100vw, 1024px\" src=\"data:image\/svg+xml;base64,PHN2ZyB3aWR0aD0iMSIgaGVpZ2h0PSIxIiB4bWxucz0iaHR0cDovL3d3dy53My5vcmcvMjAwMC9zdmciPjwvc3ZnPg==\" style=\"--smush-placeholder-width: 1024px; --smush-placeholder-aspect-ratio: 1024\/614;\" \/><\/figure>\n<\/div>\n\n\n\n<div class=\"wp-block-column is-layout-flow wp-block-column-is-layout-flow\" style=\"flex-basis:33.33%\">\n<p class=\"has-text-color has-large-font-size\" style=\"color:#e67fb9\"><strong>6 pts<\/strong><\/p>\n<\/div>\n<\/div>\n\n\n\n<hr class=\"wp-block-separator has-css-opacity\"\/>\n\n\n\n<div class=\"wp-block-columns is-layout-flex wp-container-core-columns-is-layout-9d6595d7 wp-block-columns-is-layout-flex\">\n<div class=\"wp-block-column is-layout-flow wp-block-column-is-layout-flow\" style=\"flex-basis:66.66%\">\n<figure class=\"wp-block-image size-large\"><img decoding=\"async\" width=\"1024\" height=\"614\" data-src=\"https:\/\/www.barbie-secondlife.com\/wp-content\/uploads\/2020\/03\/Kelya-1024x614.jpg\" alt=\"Barbie Kelya\" class=\"wp-image-20942 lazyload\" data-srcset=\"https:\/\/www.barbie-secondlife.com\/wp-content\/uploads\/2020\/03\/Kelya-1024x614.jpg 1024w, https:\/\/www.barbie-secondlife.com\/wp-content\/uploads\/2020\/03\/Kelya-302x181.jpg 302w, https:\/\/www.barbie-secondlife.com\/wp-content\/uploads\/2020\/03\/Kelya-200x120.jpg 200w, https:\/\/www.barbie-secondlife.com\/wp-content\/uploads\/2020\/03\/Kelya-500x300.jpg 500w, https:\/\/www.barbie-secondlife.com\/wp-content\/uploads\/2020\/03\/Kelya-350x210.jpg 350w, https:\/\/www.barbie-secondlife.com\/wp-content\/uploads\/2020\/03\/Kelya-768x461.jpg 768w, https:\/\/www.barbie-secondlife.com\/wp-content\/uploads\/2020\/03\/Kelya.jpg 1080w\" data-sizes=\"(max-width: 1024px) 100vw, 1024px\" src=\"data:image\/svg+xml;base64,PHN2ZyB3aWR0aD0iMSIgaGVpZ2h0PSIxIiB4bWxucz0iaHR0cDovL3d3dy53My5vcmcvMjAwMC9zdmciPjwvc3ZnPg==\" style=\"--smush-placeholder-width: 1024px; --smush-placeholder-aspect-ratio: 1024\/614;\" \/><\/figure>\n<\/div>\n\n\n\n<div class=\"wp-block-column is-layout-flow wp-block-column-is-layout-flow\" style=\"flex-basis:33.33%\">\n<p class=\"has-text-color has-large-font-size\" style=\"color:#e67fb9\"><strong>5 pts<\/strong><\/p>\n<\/div>\n<\/div>\n\n\n\n<hr class=\"wp-block-separator has-css-opacity\"\/>\n\n\n\n<div class=\"wp-block-columns is-layout-flex wp-container-core-columns-is-layout-9d6595d7 wp-block-columns-is-layout-flex\">\n<div class=\"wp-block-column is-layout-flow wp-block-column-is-layout-flow\" style=\"flex-basis:66.66%\">\n<figure class=\"wp-block-image size-large\"><img decoding=\"async\" width=\"1024\" height=\"614\" data-src=\"https:\/\/www.barbie-secondlife.com\/wp-content\/uploads\/2018\/04\/Heinoa-1024x614.jpg\" alt=\"Barbie Heinoa\" class=\"wp-image-21962 lazyload\" data-srcset=\"https:\/\/www.barbie-secondlife.com\/wp-content\/uploads\/2018\/04\/Heinoa-1024x614.jpg 1024w, https:\/\/www.barbie-secondlife.com\/wp-content\/uploads\/2018\/04\/Heinoa-302x181.jpg 302w, https:\/\/www.barbie-secondlife.com\/wp-content\/uploads\/2018\/04\/Heinoa-200x120.jpg 200w, https:\/\/www.barbie-secondlife.com\/wp-content\/uploads\/2018\/04\/Heinoa-500x300.jpg 500w, https:\/\/www.barbie-secondlife.com\/wp-content\/uploads\/2018\/04\/Heinoa-350x210.jpg 350w, https:\/\/www.barbie-secondlife.com\/wp-content\/uploads\/2018\/04\/Heinoa-768x461.jpg 768w, https:\/\/www.barbie-secondlife.com\/wp-content\/uploads\/2018\/04\/Heinoa.jpg 1080w\" data-sizes=\"(max-width: 1024px) 100vw, 1024px\" src=\"data:image\/svg+xml;base64,PHN2ZyB3aWR0aD0iMSIgaGVpZ2h0PSIxIiB4bWxucz0iaHR0cDovL3d3dy53My5vcmcvMjAwMC9zdmciPjwvc3ZnPg==\" style=\"--smush-placeholder-width: 1024px; --smush-placeholder-aspect-ratio: 1024\/614;\" \/><\/figure>\n<\/div>\n\n\n\n<div class=\"wp-block-column is-layout-flow wp-block-column-is-layout-flow\" style=\"flex-basis:33.33%\">\n<p class=\"has-text-color has-large-font-size\" style=\"color:#e67fb9\"><strong>5 pts<\/strong><\/p>\n<\/div>\n<\/div>\n\n\n\n<hr class=\"wp-block-separator has-css-opacity\"\/>\n\n\n\n<div class=\"wp-block-columns is-layout-flex wp-container-core-columns-is-layout-9d6595d7 wp-block-columns-is-layout-flex\">\n<div class=\"wp-block-column is-layout-flow wp-block-column-is-layout-flow\" style=\"flex-basis:66.66%\">\n<figure class=\"wp-block-image size-large\"><img decoding=\"async\" width=\"1024\" height=\"614\" data-src=\"https:\/\/www.barbie-secondlife.com\/wp-content\/uploads\/2018\/04\/Moana-1024x614.jpg\" alt=\"Barbie Moana\" class=\"wp-image-21964 lazyload\" data-srcset=\"https:\/\/www.barbie-secondlife.com\/wp-content\/uploads\/2018\/04\/Moana-1024x614.jpg 1024w, https:\/\/www.barbie-secondlife.com\/wp-content\/uploads\/2018\/04\/Moana-302x181.jpg 302w, https:\/\/www.barbie-secondlife.com\/wp-content\/uploads\/2018\/04\/Moana-200x120.jpg 200w, https:\/\/www.barbie-secondlife.com\/wp-content\/uploads\/2018\/04\/Moana-500x300.jpg 500w, https:\/\/www.barbie-secondlife.com\/wp-content\/uploads\/2018\/04\/Moana-350x210.jpg 350w, https:\/\/www.barbie-secondlife.com\/wp-content\/uploads\/2018\/04\/Moana-768x461.jpg 768w, https:\/\/www.barbie-secondlife.com\/wp-content\/uploads\/2018\/04\/Moana.jpg 1080w\" data-sizes=\"(max-width: 1024px) 100vw, 1024px\" src=\"data:image\/svg+xml;base64,PHN2ZyB3aWR0aD0iMSIgaGVpZ2h0PSIxIiB4bWxucz0iaHR0cDovL3d3dy53My5vcmcvMjAwMC9zdmciPjwvc3ZnPg==\" style=\"--smush-placeholder-width: 1024px; --smush-placeholder-aspect-ratio: 1024\/614;\" \/><\/figure>\n<\/div>\n\n\n\n<div class=\"wp-block-column is-layout-flow wp-block-column-is-layout-flow\" style=\"flex-basis:33.33%\">\n<p class=\"has-text-color has-large-font-size\" style=\"color:#e67fb9\"><strong>4 pts<\/strong><\/p>\n<\/div>\n<\/div>\n\n\n\n<hr class=\"wp-block-separator has-css-opacity\"\/>\n\n\n\n<div class=\"wp-block-columns is-layout-flex wp-container-core-columns-is-layout-9d6595d7 wp-block-columns-is-layout-flex\">\n<div class=\"wp-block-column is-layout-flow wp-block-column-is-layout-flow\" style=\"flex-basis:66.66%\">\n<figure class=\"wp-block-image size-large\"><img decoding=\"async\" width=\"1024\" height=\"614\" data-src=\"https:\/\/www.barbie-secondlife.com\/wp-content\/uploads\/2020\/03\/vaimalama-1024x614.jpg\" alt=\"Barbie Vaimalama\" class=\"wp-image-20950 lazyload\" data-srcset=\"https:\/\/www.barbie-secondlife.com\/wp-content\/uploads\/2020\/03\/vaimalama-1024x614.jpg 1024w, https:\/\/www.barbie-secondlife.com\/wp-content\/uploads\/2020\/03\/vaimalama-302x181.jpg 302w, https:\/\/www.barbie-secondlife.com\/wp-content\/uploads\/2020\/03\/vaimalama-200x120.jpg 200w, https:\/\/www.barbie-secondlife.com\/wp-content\/uploads\/2020\/03\/vaimalama-500x300.jpg 500w, https:\/\/www.barbie-secondlife.com\/wp-content\/uploads\/2020\/03\/vaimalama-350x210.jpg 350w, https:\/\/www.barbie-secondlife.com\/wp-content\/uploads\/2020\/03\/vaimalama-768x461.jpg 768w, https:\/\/www.barbie-secondlife.com\/wp-content\/uploads\/2020\/03\/vaimalama.jpg 1080w\" data-sizes=\"(max-width: 1024px) 100vw, 1024px\" src=\"data:image\/svg+xml;base64,PHN2ZyB3aWR0aD0iMSIgaGVpZ2h0PSIxIiB4bWxucz0iaHR0cDovL3d3dy53My5vcmcvMjAwMC9zdmciPjwvc3ZnPg==\" style=\"--smush-placeholder-width: 1024px; --smush-placeholder-aspect-ratio: 1024\/614;\" \/><\/figure>\n<\/div>\n\n\n\n<div class=\"wp-block-column is-layout-flow wp-block-column-is-layout-flow\" style=\"flex-basis:33.33%\">\n<p class=\"has-text-color has-large-font-size\" style=\"color:#e67fb9\"><strong>4 pts<\/strong><\/p>\n<\/div>\n<\/div>\n\n\n\n<hr class=\"wp-block-separator has-css-opacity\"\/>\n\n\n\n<div class=\"wp-block-columns is-layout-flex wp-container-core-columns-is-layout-9d6595d7 wp-block-columns-is-layout-flex\">\n<div class=\"wp-block-column is-layout-flow wp-block-column-is-layout-flow\" style=\"flex-basis:66.66%\">\n<figure class=\"wp-block-image size-large\"><img decoding=\"async\" width=\"1024\" height=\"614\" data-src=\"https:\/\/www.barbie-secondlife.com\/wp-content\/uploads\/2018\/04\/Vaipua-1024x614.jpg\" alt=\"Barbie Vaipua\" class=\"wp-image-21965 lazyload\" data-srcset=\"https:\/\/www.barbie-secondlife.com\/wp-content\/uploads\/2018\/04\/Vaipua-1024x614.jpg 1024w, https:\/\/www.barbie-secondlife.com\/wp-content\/uploads\/2018\/04\/Vaipua-302x181.jpg 302w, https:\/\/www.barbie-secondlife.com\/wp-content\/uploads\/2018\/04\/Vaipua-200x120.jpg 200w, https:\/\/www.barbie-secondlife.com\/wp-content\/uploads\/2018\/04\/Vaipua-500x300.jpg 500w, https:\/\/www.barbie-secondlife.com\/wp-content\/uploads\/2018\/04\/Vaipua-350x210.jpg 350w, https:\/\/www.barbie-secondlife.com\/wp-content\/uploads\/2018\/04\/Vaipua-768x461.jpg 768w, https:\/\/www.barbie-secondlife.com\/wp-content\/uploads\/2018\/04\/Vaipua.jpg 1080w\" data-sizes=\"(max-width: 1024px) 100vw, 1024px\" src=\"data:image\/svg+xml;base64,PHN2ZyB3aWR0aD0iMSIgaGVpZ2h0PSIxIiB4bWxucz0iaHR0cDovL3d3dy53My5vcmcvMjAwMC9zdmciPjwvc3ZnPg==\" style=\"--smush-placeholder-width: 1024px; --smush-placeholder-aspect-ratio: 1024\/614;\" \/><\/figure>\n<\/div>\n\n\n\n<div class=\"wp-block-column is-layout-flow wp-block-column-is-layout-flow\" style=\"flex-basis:33.33%\">\n<p class=\"has-text-color has-large-font-size\" style=\"color:#e67fb9\"><strong>4 pts<\/strong><\/p>\n<\/div>\n<\/div>\n\n\n\n<hr class=\"wp-block-separator has-css-opacity\"\/>\n\n\n\n<div class=\"wp-block-columns is-layout-flex wp-container-core-columns-is-layout-9d6595d7 wp-block-columns-is-layout-flex\">\n<div class=\"wp-block-column is-layout-flow wp-block-column-is-layout-flow\" style=\"flex-basis:66.66%\">\n<figure class=\"wp-block-image size-large\"><img decoding=\"async\" width=\"1024\" height=\"614\" data-src=\"https:\/\/www.barbie-secondlife.com\/wp-content\/uploads\/2020\/03\/tymea-1024x614.jpg\" alt=\"Barbie Tym\u00e9a\" class=\"wp-image-20949 lazyload\" data-srcset=\"https:\/\/www.barbie-secondlife.com\/wp-content\/uploads\/2020\/03\/tymea-1024x614.jpg 1024w, https:\/\/www.barbie-secondlife.com\/wp-content\/uploads\/2020\/03\/tymea-302x181.jpg 302w, https:\/\/www.barbie-secondlife.com\/wp-content\/uploads\/2020\/03\/tymea-200x120.jpg 200w, https:\/\/www.barbie-secondlife.com\/wp-content\/uploads\/2020\/03\/tymea-500x300.jpg 500w, https:\/\/www.barbie-secondlife.com\/wp-content\/uploads\/2020\/03\/tymea-350x210.jpg 350w, https:\/\/www.barbie-secondlife.com\/wp-content\/uploads\/2020\/03\/tymea-768x461.jpg 768w, https:\/\/www.barbie-secondlife.com\/wp-content\/uploads\/2020\/03\/tymea.jpg 1080w\" data-sizes=\"(max-width: 1024px) 100vw, 1024px\" src=\"data:image\/svg+xml;base64,PHN2ZyB3aWR0aD0iMSIgaGVpZ2h0PSIxIiB4bWxucz0iaHR0cDovL3d3dy53My5vcmcvMjAwMC9zdmciPjwvc3ZnPg==\" style=\"--smush-placeholder-width: 1024px; --smush-placeholder-aspect-ratio: 1024\/614;\" \/><\/figure>\n<\/div>\n\n\n\n<div class=\"wp-block-column is-layout-flow wp-block-column-is-layout-flow\" style=\"flex-basis:33.33%\">\n<p class=\"has-text-color has-large-font-size\" style=\"color:#e67fb9\"><strong>1 pt<\/strong><\/p>\n<\/div>\n<\/div>\n\n\n\n<hr class=\"wp-block-separator has-css-opacity\"\/>\n\n\n\n<div class=\"wp-block-columns is-layout-flex wp-container-core-columns-is-layout-9d6595d7 wp-block-columns-is-layout-flex\">\n<div class=\"wp-block-column is-layout-flow wp-block-column-is-layout-flow\" style=\"flex-basis:66.66%\">\n<figure class=\"wp-block-image size-large\"><img decoding=\"async\" width=\"1024\" height=\"614\" data-src=\"https:\/\/www.barbie-secondlife.com\/wp-content\/uploads\/2020\/03\/Poema-1024x614.jpg\" alt=\"Barbie Poema\" class=\"wp-image-20945 lazyload\" data-srcset=\"https:\/\/www.barbie-secondlife.com\/wp-content\/uploads\/2020\/03\/Poema-1024x614.jpg 1024w, https:\/\/www.barbie-secondlife.com\/wp-content\/uploads\/2020\/03\/Poema-302x181.jpg 302w, https:\/\/www.barbie-secondlife.com\/wp-content\/uploads\/2020\/03\/Poema-200x120.jpg 200w, https:\/\/www.barbie-secondlife.com\/wp-content\/uploads\/2020\/03\/Poema-500x300.jpg 500w, https:\/\/www.barbie-secondlife.com\/wp-content\/uploads\/2020\/03\/Poema-350x210.jpg 350w, https:\/\/www.barbie-secondlife.com\/wp-content\/uploads\/2020\/03\/Poema-768x461.jpg 768w, https:\/\/www.barbie-secondlife.com\/wp-content\/uploads\/2020\/03\/Poema.jpg 1080w\" data-sizes=\"(max-width: 1024px) 100vw, 1024px\" src=\"data:image\/svg+xml;base64,PHN2ZyB3aWR0aD0iMSIgaGVpZ2h0PSIxIiB4bWxucz0iaHR0cDovL3d3dy53My5vcmcvMjAwMC9zdmciPjwvc3ZnPg==\" style=\"--smush-placeholder-width: 1024px; --smush-placeholder-aspect-ratio: 1024\/614;\" \/><\/figure>\n<\/div>\n\n\n\n<div class=\"wp-block-column is-layout-flow wp-block-column-is-layout-flow\" style=\"flex-basis:33.33%\">\n<p class=\"has-text-color has-large-font-size\" style=\"color:#e67fb9\"><strong>1 pt<\/strong><\/p>\n<\/div>\n<\/div>\n\n\n\n<hr class=\"wp-block-separator has-css-opacity\"\/>\n","protected":false},"excerpt":{"rendered":"<p>Miss Franz\u00f6sisch Polynesien 2020 Miss Barbie Franz\u00f6sisch-Polynesien 2020. Ihre Lieblings-Miss Barbie Franz\u00f6sisch-Polynesien bleibt Mareva f\u00fcr 2020. &nbsp; Die 10 Kandidaten von den Inseln Franz\u00f6sisch-Polynesiens waren : &#8211; Heinoa&#8211; Kelya&#8211; Moana&#8211; Maeva&#8211; Poema &#8211; Mareva ( Miss 2019)&#8211; Tiar\u00e9&#8211; Tym\u00e9a&#8211; Vaimalama&#8211; Vaipua 12 pts 10 pts 6 pts 5 pts 5 pts 4 pts 4 pts [&hellip;]<\/p>\n","protected":false},"author":1,"featured_media":21986,"parent":10511,"menu_order":0,"comment_status":"closed","ping_status":"closed","template":"","meta":{"footnotes":""},"class_list":["post-21974","page","type-page","status-publish","has-post-thumbnail","hentry"],"translation":{"provider":"WPGlobus","version":"3.0.2","language":"de","enabled_languages":["fr","en","es","br","de"],"languages":{"fr":{"title":true,"content":true,"excerpt":false},"en":{"title":true,"content":true,"excerpt":false},"es":{"title":true,"content":true,"excerpt":false},"br":{"title":true,"content":true,"excerpt":false},"de":{"title":true,"content":true,"excerpt":false}}},"_links":{"self":[{"href":"https:\/\/www.barbie-secondlife.com\/de\/wp-json\/wp\/v2\/pages\/21974","targetHints":{"allow":["GET"]}}],"collection":[{"href":"https:\/\/www.barbie-secondlife.com\/de\/wp-json\/wp\/v2\/pages"}],"about":[{"href":"https:\/\/www.barbie-secondlife.com\/de\/wp-json\/wp\/v2\/types\/page"}],"author":[{"embeddable":true,"href":"https:\/\/www.barbie-secondlife.com\/de\/wp-json\/wp\/v2\/users\/1"}],"replies":[{"embeddable":true,"href":"https:\/\/www.barbie-secondlife.com\/de\/wp-json\/wp\/v2\/comments?post=21974"}],"version-history":[{"count":0,"href":"https:\/\/www.barbie-secondlife.com\/de\/wp-json\/wp\/v2\/pages\/21974\/revisions"}],"up":[{"embeddable":true,"href":"https:\/\/www.barbie-secondlife.com\/de\/wp-json\/wp\/v2\/pages\/10511"}],"wp:featuredmedia":[{"embeddable":true,"href":"https:\/\/www.barbie-secondlife.com\/de\/wp-json\/wp\/v2\/media\/21986"}],"wp:attachment":[{"href":"https:\/\/www.barbie-secondlife.com\/de\/wp-json\/wp\/v2\/media?parent=21974"}],"curies":[{"name":"wp","href":"https:\/\/api.w.org\/{rel}","templated":true}]}}