{"id":23557,"date":"2020-04-21T16:42:09","date_gmt":"2020-04-21T14:42:09","guid":{"rendered":"http:\/\/www.barbie-secondlife.com\/?page_id=23557"},"modified":"2022-08-06T14:46:18","modified_gmt":"2022-08-06T12:46:18","slug":"look","status":"publish","type":"page","link":"https:\/\/www.barbie-secondlife.com\/de\/collection\/look\/","title":{"rendered":"Look"},"content":{"rendered":"\n<h2 class=\"wp-block-heading\"><strong><em>Barbie Sammlung Look<\/em><\/strong><\/h2>\n\n\n\n<hr class=\"wp-block-separator\"\/>\n\n\n\n<figure class=\"wp-block-table\"><table class=\"has-fixed-layout\"><tbody><tr><td class=\"has-text-align-center\" data-align=\"center\"><a href=\"https:\/\/www.barbie-secondlife.com\/de\/tag\/looks\/\"><img decoding=\"async\" width=\"100\" height=\"253\" class=\"wp-image-468405 lazyload\" style=\"--smush-placeholder-width: 100px; --smush-placeholder-aspect-ratio: 100\/253;width: 100px;\" data-src=\"https:\/\/www.barbie-secondlife.com\/wp-content\/uploads\/2021\/07\/Barbie_Jill_Original.jpg\" alt=\"Barbie Jill\" data-srcset=\"https:\/\/www.barbie-secondlife.com\/wp-content\/uploads\/2021\/07\/Barbie_Jill_Original.jpg 168w, https:\/\/www.barbie-secondlife.com\/wp-content\/uploads\/2021\/07\/Barbie_Jill_Original-119x300.jpg 119w\" data-sizes=\"(max-width: 100px) 100vw, 100px\" src=\"data:image\/svg+xml;base64,PHN2ZyB3aWR0aD0iMSIgaGVpZ2h0PSIxIiB4bWxucz0iaHR0cDovL3d3dy53My5vcmcvMjAwMC9zdmciPjwvc3ZnPg==\" \/><\/a><\/td><td><a href=\"https:\/\/www.barbie-secondlife.com\/de\/tag\/looks\/\">Barbie Looks<\/a><br>Die Barbie Looks-Puppen pr\u00e4sentieren trendige Kleidung mit fotow\u00fcrdigen Details und inspirieren die Stylistin, die sich darin befindet. Mit allen neuen Gesichtsskulpturen. Mit einem frischen Look und stilvoller Pers\u00f6nlichkeit sind Barbie Looks Puppen das perfekte Geschenk f\u00fcr Stylisten, Modebegeisterte und Barbie-Sammler.<\/td><\/tr><\/tbody><\/table><\/figure>\n\n\n\n<hr class=\"wp-block-separator\"\/>\n\n\n\n<figure class=\"wp-block-table\"><table class=\"has-fixed-layout\"><tbody><tr><td class=\"has-text-align-left\" data-align=\"left\"><a href=\"https:\/\/www.barbie-secondlife.com\/de\/tag\/city-shopper\/\">Barbie Look &#8211; City Shopper<\/a><br>Sie haben definitiv \u201eThe Look! Gut gekleidet ist ein Muss in der Welt der Barbie-Puppen. Immer stylisch und immer umwerfend sind die Barbie-Puppen aus der &#8218;City Shopper&#8216;-Kollektion mit einem eleganten Kleid, Schmuck, Sonnenbrille und nat\u00fcrlich einer Einkaufstasche bereit zum Einkaufen. Sie verk\u00f6rpern die &#8218;Barbie Look &#8211; City Shopper&#8216; Kollektion!<\/td><td class=\"has-text-align-center\" data-align=\"center\"><a href=\"https:\/\/www.barbie-secondlife.com\/de\/tag\/city-shopper\/\"><img decoding=\"async\" data-src=\"https:\/\/www.barbie-secondlife.com\/wp-content\/uploads\/2016\/09\/Original-Silje.png\" alt=\"Barbie - Collection City Shopper\" style=\"--smush-placeholder-width: 164px; --smush-placeholder-aspect-ratio: 164\/425;width: 100px;\" src=\"data:image\/svg+xml;base64,PHN2ZyB3aWR0aD0iMSIgaGVpZ2h0PSIxIiB4bWxucz0iaHR0cDovL3d3dy53My5vcmcvMjAwMC9zdmciPjwvc3ZnPg==\" class=\"lazyload\"><\/a><\/td><\/tr><\/tbody><\/table><\/figure>\n\n\n\n<hr class=\"wp-block-separator\"\/>\n\n\n\n<figure class=\"wp-block-table\"><table class=\"has-fixed-layout\"><tbody><tr><td class=\"has-text-align-center\" data-align=\"center\"><a href=\"https:\/\/www.barbie-secondlife.com\/de\/tag\/look-city-shine\/\"><img decoding=\"async\" width=\"80\" height=\"266\" class=\"wp-image-4381 lazyload\" style=\"--smush-placeholder-width: 80px; --smush-placeholder-aspect-ratio: 80\/266;width: 80px;\" data-src=\"https:\/\/www.barbie-secondlife.com\/wp-content\/uploads\/2016\/09\/Original-June.png\" alt=\"Barbie Collection Look - City Shine - Red Dress\" data-srcset=\"https:\/\/www.barbie-secondlife.com\/wp-content\/uploads\/2016\/09\/Original-June.png 128w, https:\/\/www.barbie-secondlife.com\/wp-content\/uploads\/2016\/09\/Original-June-90x300.png 90w\" data-sizes=\"(max-width: 80px) 100vw, 80px\" src=\"data:image\/svg+xml;base64,PHN2ZyB3aWR0aD0iMSIgaGVpZ2h0PSIxIiB4bWxucz0iaHR0cDovL3d3dy53My5vcmcvMjAwMC9zdmciPjwvc3ZnPg==\" \/><\/a><\/td><td><a href=\"https:\/\/www.barbie-secondlife.com\/de\/tag\/look-city-shine\/\">Barbie Look &#8211; City Shine<\/a><br>Wenn Sie eine globale Modeikone wie Barbie sind, haben Sie immer das perfekte Outfit f\u00fcr den perfekten Anlass. Diese au\u00dfergew\u00f6hnliche Kollektion farbenfroher &#8218;Look &#8211; City Shine&#8216;-Puppen zeigt, wo immer sie hingehen und was auch immer sie tun, dass Barbie-Puppe immer &#8222;den Look&#8220; hat!.<\/td><\/tr><\/tbody><\/table><\/figure>\n\n\n\n<hr class=\"wp-block-separator\"\/>\n\n\n\n<figure class=\"wp-block-table\"><table class=\"has-fixed-layout\"><tbody><tr><td class=\"has-text-align-left\" data-align=\"left\"><a href=\"https:\/\/www.barbie-secondlife.com\/de\/tag\/the-look-red-carpet\/\">Barbie The Look Red Carpet<\/a><br>Die Barbie-Puppengarderobe enth\u00e4lt glamour\u00f6se Kleidung f\u00fcr jedes erdenkliche Event, von der Premiere auf dem roten Teppich \u00fcber Galas bis hin zu den tollsten Partys der Welt! Jede Puppe der &#8222;The Look Red Carpet&#8220;-Kollektion bietet schicke Mode, verwurzelte Wimpern, dramatische Ohrringe, Armband, Handtasche und Schuhe.<\/td><td class=\"has-text-align-center\" data-align=\"center\"><a href=\"https:\/\/www.barbie-secondlife.com\/de\/tag\/the-look-red-carpet\/\"><img decoding=\"async\" width=\"80\" height=\"250\" class=\"wp-image-4392 lazyload\" style=\"--smush-placeholder-width: 80px; --smush-placeholder-aspect-ratio: 80\/250;width: 80px;\" data-src=\"https:\/\/www.barbie-secondlife.com\/wp-content\/uploads\/2016\/12\/Original-Mandy.png\" alt=\"Barbie Collection Look - Red Carpet - Black Gown\" data-srcset=\"https:\/\/www.barbie-secondlife.com\/wp-content\/uploads\/2016\/12\/Original-Mandy.png 136w, https:\/\/www.barbie-secondlife.com\/wp-content\/uploads\/2016\/12\/Original-Mandy-96x300.png 96w\" data-sizes=\"(max-width: 80px) 100vw, 80px\" src=\"data:image\/svg+xml;base64,PHN2ZyB3aWR0aD0iMSIgaGVpZ2h0PSIxIiB4bWxucz0iaHR0cDovL3d3dy53My5vcmcvMjAwMC9zdmciPjwvc3ZnPg==\" \/><\/a><\/td><\/tr><\/tbody><\/table><\/figure>\n\n\n\n<hr class=\"wp-block-separator\"\/>\n\n\n\n<figure class=\"wp-block-table\"><table class=\"has-fixed-layout\"><tbody><tr><td class=\"has-text-align-center\" data-align=\"center\"><a href=\"https:\/\/www.barbie-secondlife.com\/de\/tag\/the-barbie-look\/\"><img decoding=\"async\" width=\"100\" height=\"276\" class=\"wp-image-4312 lazyload\" style=\"--smush-placeholder-width: 100px; --smush-placeholder-aspect-ratio: 100\/276;width: 100px;\" data-src=\"https:\/\/www.barbie-secondlife.com\/wp-content\/uploads\/2016\/12\/Original-Rocio.png\" alt=\"The Barbie Look - Festival\" data-srcset=\"https:\/\/www.barbie-secondlife.com\/wp-content\/uploads\/2016\/12\/Original-Rocio.png 154w, https:\/\/www.barbie-secondlife.com\/wp-content\/uploads\/2016\/12\/Original-Rocio-109x300.png 109w, https:\/\/www.barbie-secondlife.com\/wp-content\/uploads\/2016\/12\/Original-Rocio-151x417.png 151w\" data-sizes=\"(max-width: 100px) 100vw, 100px\" src=\"data:image\/svg+xml;base64,PHN2ZyB3aWR0aD0iMSIgaGVpZ2h0PSIxIiB4bWxucz0iaHR0cDovL3d3dy53My5vcmcvMjAwMC9zdmciPjwvc3ZnPg==\" \/><\/a><\/td><td><a href=\"https:\/\/www.barbie-secondlife.com\/de\/tag\/the-barbie-look\/\">The Barbie Look<\/a><br>Sie ist Ihre modischste Freundin, immer up to date, inspiriert und unendlich inspirierend. Mit dem #TheBarbieLook, Barbie-Puppensortiment macht Mode Spa\u00df, inspiriert von internationalen Laufstegen und Street-Looks. Die Barbie-Puppe kombiniert ihre beneidenswerte Garderobe mit einer aktiven Fantasie, um einen pers\u00f6nlichen Stil zu kreieren, der zum Fotografieren einl\u00e4dt. Das #TheBarbieLook, Barbie Puppensortiment ist der Inbegriff von Glamour mit herausragenden Accessoires, die jedes Outfit erg\u00e4nzen.<\/td><\/tr><\/tbody><\/table><\/figure>\n\n\n\n<hr class=\"wp-block-separator\"\/>\n\n\n\n<p><span style=\"font-family: lobster; color: #e67fb9;\"><b>Looks<\/b><\/span> : puppen, die 2021 ver\u00f6ffentlicht wurden, sind 4 Barbies und 2 Ken, die Outfits tragen, die der Modenschau w\u00fcrdig sind.<\/p>\n\n\n\n<p><span style=\"font-family: lobster; color: #e67fb9;\"><b>City Shopper<\/b><\/span> : puppen, die 2012\/2013 ver\u00f6ffentlicht wurden, tragen ein sehr stilvolles Outfit, um ihre Eink\u00e4ufe mit ihrer Tasche zu erledigen &#8222;Barbie&#8220;.<\/p>\n\n\n\n<p><b><span style=\"font-family: lobster; color: #e67fb9;\">Look City Shine<\/span><\/b> : puppen, die 2014\/2015 ver\u00f6ffentlicht wurden, tragen Abendkleider und sind bereit zum Ausgehen.<\/p>\n\n\n\n<p><b><span style=\"font-family: lobster; color: #e67fb9;\">Look Red Carpet<\/span><\/b> : puppen 2013\/2014 ver\u00f6ffentlicht, auf den &#8222;Roten Teppich&#8220; eingeladen, kleideten sie sich entsprechend.<\/p>\n\n\n\n<p><strong><span style=\"font-family: lobster; color: #e67fb9;\">The Barbie Look<\/span><\/strong> : puppen, die 2015\/2016 ver\u00f6ffentlicht wurden, tragen ein Outfit, das ihrem Erscheinungsanlass und ihrem Stil entspricht. Jeder ist einzigartig.<\/p>\n","protected":false},"excerpt":{"rendered":"<p>Barbie Sammlung Look Barbie LooksDie Barbie Looks-Puppen pr\u00e4sentieren trendige Kleidung mit fotow\u00fcrdigen Details und inspirieren die Stylistin, die sich darin befindet. Mit allen neuen Gesichtsskulpturen. Mit einem frischen Look und stilvoller Pers\u00f6nlichkeit sind Barbie Looks Puppen das perfekte Geschenk f\u00fcr Stylisten, Modebegeisterte und Barbie-Sammler. Barbie Look &#8211; City ShopperSie haben definitiv \u201eThe Look! Gut gekleidet [&hellip;]<\/p>\n","protected":false},"author":1,"featured_media":469625,"parent":4910,"menu_order":0,"comment_status":"closed","ping_status":"closed","template":"","meta":{"footnotes":""},"class_list":["post-23557","page","type-page","status-publish","has-post-thumbnail","hentry"],"translation":{"provider":"WPGlobus","version":"3.0.2","language":"de","enabled_languages":["fr","en","es","br","de"],"languages":{"fr":{"title":true,"content":true,"excerpt":false},"en":{"title":true,"content":true,"excerpt":false},"es":{"title":true,"content":true,"excerpt":false},"br":{"title":true,"content":true,"excerpt":false},"de":{"title":true,"content":true,"excerpt":false}}},"_links":{"self":[{"href":"https:\/\/www.barbie-secondlife.com\/de\/wp-json\/wp\/v2\/pages\/23557","targetHints":{"allow":["GET"]}}],"collection":[{"href":"https:\/\/www.barbie-secondlife.com\/de\/wp-json\/wp\/v2\/pages"}],"about":[{"href":"https:\/\/www.barbie-secondlife.com\/de\/wp-json\/wp\/v2\/types\/page"}],"author":[{"embeddable":true,"href":"https:\/\/www.barbie-secondlife.com\/de\/wp-json\/wp\/v2\/users\/1"}],"replies":[{"embeddable":true,"href":"https:\/\/www.barbie-secondlife.com\/de\/wp-json\/wp\/v2\/comments?post=23557"}],"version-history":[{"count":0,"href":"https:\/\/www.barbie-secondlife.com\/de\/wp-json\/wp\/v2\/pages\/23557\/revisions"}],"up":[{"embeddable":true,"href":"https:\/\/www.barbie-secondlife.com\/de\/wp-json\/wp\/v2\/pages\/4910"}],"wp:featuredmedia":[{"embeddable":true,"href":"https:\/\/www.barbie-secondlife.com\/de\/wp-json\/wp\/v2\/media\/469625"}],"wp:attachment":[{"href":"https:\/\/www.barbie-secondlife.com\/de\/wp-json\/wp\/v2\/media?parent=23557"}],"curies":[{"name":"wp","href":"https:\/\/api.w.org\/{rel}","templated":true}]}}