{"id":23822,"date":"2020-04-22T15:23:31","date_gmt":"2020-04-22T13:23:31","guid":{"rendered":"http:\/\/www.barbie-secondlife.com\/?page_id=23822"},"modified":"2026-01-11T14:59:04","modified_gmt":"2026-01-11T13:59:04","slug":"designer","status":"publish","type":"page","link":"https:\/\/www.barbie-secondlife.com\/de\/collection\/designer\/","title":{"rendered":"Designer"},"content":{"rendered":"\n<h2 class=\"wp-block-heading\"><em><strong>Barbie Designer<\/strong><\/em><\/h2>\n\n\n\n<p>Was w\u00e4re eine Kollektion ohne einen Designer? nichts, was ich denke. Modedesigner (<b><a href=\"https:\/\/www.barbie-secondlife.com\/de\/tag\/bob-mackie\/\">Bob Mackie<\/a><\/b> &#8211; <a href=\"https:\/\/www.barbie-secondlife.com\/de\/tag\/badgley-mischka\/\">Badgley Mischka<\/a> &#8211; <a href=\"https:\/\/www.barbie-secondlife.com\/de\/tag\/christian-louboutin\/\">Christian Louboutin<\/a> &#8211; <a href=\"https:\/\/www.barbie-secondlife.com\/de\/tag\/yves-saint-laurent\/\">Yves St Laurent<\/a> usw.) kleiden und versch\u00f6nern die Barbies, aber auch Designer (bei Mattel) der Puppe mit dem bekanntesten von ihnen (<b><a href=\"https:\/\/www.barbie-secondlife.com\/de\/tag\/bill-greening\/\">Bill Greening<\/a><\/b>). Ich habe hier die wichtigsten Barbie-Designer aufgelistet, die in meiner Sammlung sind. Sie haben wundersch\u00f6ne Barbie oder Outfits f\u00fcr Barbie entworfen. Andere Designer sind verf\u00fcgbar. Z\u00f6gern Sie also nicht, das Suchmodul oben rechts auf dem Bildschirm zu verwenden, um von <b><a href=\"https:\/\/www.barbie-secondlife.com\/de\/tag\/versace\/\">Versace<\/a><\/b>, <b><a href=\"https:\/\/www.barbie-secondlife.com\/de\/tag\/anna-sui\/\">Anna Sui<\/a><\/b> oder sogar <b><a href=\"https:\/\/www.barbie-secondlife.com\/de\/tag\/dooney-bourke\/\">Dooney&amp;Bourke<\/a><\/b> entworfene Puppen zu finden, oder klicken Sie auf deren Namen, um die Designer-Barbies anzuzeigen<\/p>\n\n\n\n<hr class=\"wp-block-separator has-css-opacity\"\/>\n\n\n\n<h2 class=\"wp-block-heading\"><strong><em>Barbie-Outfit-Designer<\/em><\/strong><\/h2>\n\n\n\n<figure class=\"wp-block-table\"><table class=\"has-fixed-layout\"><tbody><tr><td class=\"has-text-align-center\" data-align=\"center\"><a href=\"https:\/\/www.barbie-secondlife.com\/de\/tag\/anna-sui\/\"><img decoding=\"async\" width=\"150\" height=\"132\" class=\"wp-image-600720 lazyload\" style=\"--smush-placeholder-width: 150px; --smush-placeholder-aspect-ratio: 150\/132;width: 150px;\" data-src=\"https:\/\/www.barbie-secondlife.com\/wp-content\/uploads\/2024\/01\/Barbie_Designer_AnnaSui.png\" alt=\"Barbie Designer Anna Sui\" data-srcset=\"https:\/\/www.barbie-secondlife.com\/wp-content\/uploads\/2024\/01\/Barbie_Designer_AnnaSui.png 300w, https:\/\/www.barbie-secondlife.com\/wp-content\/uploads\/2024\/01\/Barbie_Designer_AnnaSui-200x175.png 200w\" data-sizes=\"(max-width: 150px) 100vw, 150px\" src=\"data:image\/svg+xml;base64,PHN2ZyB3aWR0aD0iMSIgaGVpZ2h0PSIxIiB4bWxucz0iaHR0cDovL3d3dy53My5vcmcvMjAwMC9zdmciPjwvc3ZnPg==\" \/><\/a><\/td><td class=\"has-text-align-center\" data-align=\"center\"><a href=\"https:\/\/www.barbie-secondlife.com\/de\/tag\/badgley-mischka\/\"><img decoding=\"async\" width=\"150\" height=\"115\" class=\"wp-image-600721 lazyload\" style=\"--smush-placeholder-width: 150px; --smush-placeholder-aspect-ratio: 150\/115;width: 150px;\" data-src=\"https:\/\/www.barbie-secondlife.com\/wp-content\/uploads\/2024\/01\/Barbie_Designer_BadgleyMischka.png\" alt=\"Barbie Designer Badgley Mischka\" data-srcset=\"https:\/\/www.barbie-secondlife.com\/wp-content\/uploads\/2024\/01\/Barbie_Designer_BadgleyMischka.png 300w, https:\/\/www.barbie-secondlife.com\/wp-content\/uploads\/2024\/01\/Barbie_Designer_BadgleyMischka-200x153.png 200w\" data-sizes=\"(max-width: 150px) 100vw, 150px\" src=\"data:image\/svg+xml;base64,PHN2ZyB3aWR0aD0iMSIgaGVpZ2h0PSIxIiB4bWxucz0iaHR0cDovL3d3dy53My5vcmcvMjAwMC9zdmciPjwvc3ZnPg==\" \/><\/a><\/td><td class=\"has-text-align-center\" data-align=\"center\"><a href=\"https:\/\/www.barbie-secondlife.com\/de\/tag\/bob-mackie\/\"><img decoding=\"async\" width=\"150\" height=\"75\" class=\"wp-image-600722 lazyload\" style=\"--smush-placeholder-width: 150px; --smush-placeholder-aspect-ratio: 150\/75;width: 150px;\" data-src=\"https:\/\/www.barbie-secondlife.com\/wp-content\/uploads\/2024\/01\/Barbie_Designer_BobMackie.png\" alt=\"Barbie Designer Bob Mackie\" data-srcset=\"https:\/\/www.barbie-secondlife.com\/wp-content\/uploads\/2024\/01\/Barbie_Designer_BobMackie.png 300w, https:\/\/www.barbie-secondlife.com\/wp-content\/uploads\/2024\/01\/Barbie_Designer_BobMackie-200x99.png 200w\" data-sizes=\"(max-width: 150px) 100vw, 150px\" src=\"data:image\/svg+xml;base64,PHN2ZyB3aWR0aD0iMSIgaGVpZ2h0PSIxIiB4bWxucz0iaHR0cDovL3d3dy53My5vcmcvMjAwMC9zdmciPjwvc3ZnPg==\" \/><\/a><\/td><\/tr><tr><td class=\"has-text-align-center\" data-align=\"center\"><a href=\"https:\/\/www.barbie-secondlife.com\/de\/tag\/byron-lars\/\"><img decoding=\"async\" width=\"150\" height=\"67\" class=\"wp-image-600723 lazyload\" style=\"--smush-placeholder-width: 150px; --smush-placeholder-aspect-ratio: 150\/67;width: 150px;\" data-src=\"https:\/\/www.barbie-secondlife.com\/wp-content\/uploads\/2024\/01\/Barbie_Designer_ByronLars.png\" alt=\"Barbie Designer Byron Lars\" data-srcset=\"https:\/\/www.barbie-secondlife.com\/wp-content\/uploads\/2024\/01\/Barbie_Designer_ByronLars.png 300w, https:\/\/www.barbie-secondlife.com\/wp-content\/uploads\/2024\/01\/Barbie_Designer_ByronLars-200x89.png 200w\" data-sizes=\"(max-width: 150px) 100vw, 150px\" src=\"data:image\/svg+xml;base64,PHN2ZyB3aWR0aD0iMSIgaGVpZ2h0PSIxIiB4bWxucz0iaHR0cDovL3d3dy53My5vcmcvMjAwMC9zdmciPjwvc3ZnPg==\" \/><\/a><\/td><td class=\"has-text-align-center\" data-align=\"center\"><a href=\"https:\/\/www.barbie-secondlife.com\/de\/tag\/carolina-herrera\/\"><img decoding=\"async\" width=\"150\" height=\"85\" class=\"wp-image-600724 lazyload\" style=\"--smush-placeholder-width: 150px; --smush-placeholder-aspect-ratio: 150\/85;width: 150px;\" data-src=\"https:\/\/www.barbie-secondlife.com\/wp-content\/uploads\/2024\/01\/Barbie_Designer_CarolinaHerrera.png\" alt=\"Barbie Designer Carolina Herrera\" data-srcset=\"https:\/\/www.barbie-secondlife.com\/wp-content\/uploads\/2024\/01\/Barbie_Designer_CarolinaHerrera.png 300w, https:\/\/www.barbie-secondlife.com\/wp-content\/uploads\/2024\/01\/Barbie_Designer_CarolinaHerrera-200x113.png 200w\" data-sizes=\"(max-width: 150px) 100vw, 150px\" src=\"data:image\/svg+xml;base64,PHN2ZyB3aWR0aD0iMSIgaGVpZ2h0PSIxIiB4bWxucz0iaHR0cDovL3d3dy53My5vcmcvMjAwMC9zdmciPjwvc3ZnPg==\" \/><\/a><\/td><td class=\"has-text-align-center\" data-align=\"center\"><a href=\"https:\/\/www.barbie-secondlife.com\/de\/tag\/christian-louboutin\/\"><img decoding=\"async\" width=\"150\" height=\"117\" class=\"wp-image-600725 lazyload\" style=\"--smush-placeholder-width: 150px; --smush-placeholder-aspect-ratio: 150\/117;width: 150px;\" data-src=\"https:\/\/www.barbie-secondlife.com\/wp-content\/uploads\/2024\/01\/Barbie_Designer_ChristianLouboutin.png\" alt=\"Barbie Designer Christian Louboutin\" data-srcset=\"https:\/\/www.barbie-secondlife.com\/wp-content\/uploads\/2024\/01\/Barbie_Designer_ChristianLouboutin.png 300w, https:\/\/www.barbie-secondlife.com\/wp-content\/uploads\/2024\/01\/Barbie_Designer_ChristianLouboutin-200x156.png 200w\" data-sizes=\"(max-width: 150px) 100vw, 150px\" src=\"data:image\/svg+xml;base64,PHN2ZyB3aWR0aD0iMSIgaGVpZ2h0PSIxIiB4bWxucz0iaHR0cDovL3d3dy53My5vcmcvMjAwMC9zdmciPjwvc3ZnPg==\" \/><\/a><\/td><\/tr><tr><td class=\"has-text-align-center\" data-align=\"center\"><a href=\"https:\/\/www.barbie-secondlife.com\/de\/tag\/versace\/\"><img decoding=\"async\" width=\"150\" height=\"93\" class=\"wp-image-600726 lazyload\" style=\"--smush-placeholder-width: 150px; --smush-placeholder-aspect-ratio: 150\/93;width: 150px;\" data-src=\"https:\/\/www.barbie-secondlife.com\/wp-content\/uploads\/2024\/01\/Barbie_Designer_Versace.png\" alt=\"Barbie Designer Versace\" data-srcset=\"https:\/\/www.barbie-secondlife.com\/wp-content\/uploads\/2024\/01\/Barbie_Designer_Versace.png 300w, https:\/\/www.barbie-secondlife.com\/wp-content\/uploads\/2024\/01\/Barbie_Designer_Versace-200x123.png 200w\" data-sizes=\"(max-width: 150px) 100vw, 150px\" src=\"data:image\/svg+xml;base64,PHN2ZyB3aWR0aD0iMSIgaGVpZ2h0PSIxIiB4bWxucz0iaHR0cDovL3d3dy53My5vcmcvMjAwMC9zdmciPjwvc3ZnPg==\" \/><\/a><\/td><td class=\"has-text-align-center\" data-align=\"center\"><a href=\"https:\/\/www.barbie-secondlife.com\/de\/tag\/yves-saint-laurent\/\"><img decoding=\"async\" width=\"150\" height=\"101\" class=\"wp-image-600727 lazyload\" style=\"--smush-placeholder-width: 150px; --smush-placeholder-aspect-ratio: 150\/101;width: 150px;\" data-src=\"https:\/\/www.barbie-secondlife.com\/wp-content\/uploads\/2024\/01\/Barbie_Designer_YSL.png\" alt=\"Barbie Designer Yves Saint Laurent\" data-srcset=\"https:\/\/www.barbie-secondlife.com\/wp-content\/uploads\/2024\/01\/Barbie_Designer_YSL.png 300w, https:\/\/www.barbie-secondlife.com\/wp-content\/uploads\/2024\/01\/Barbie_Designer_YSL-200x134.png 200w\" data-sizes=\"(max-width: 150px) 100vw, 150px\" src=\"data:image\/svg+xml;base64,PHN2ZyB3aWR0aD0iMSIgaGVpZ2h0PSIxIiB4bWxucz0iaHR0cDovL3d3dy53My5vcmcvMjAwMC9zdmciPjwvc3ZnPg==\" \/><\/a><\/td><td class=\"has-text-align-center\" data-align=\"center\"><a href=\"https:\/\/www.barbie-secondlife.com\/de\/tag\/diane-von-furstenberg\/\"><img decoding=\"async\" width=\"150\" height=\"150\" class=\"wp-image-600728 lazyload\" style=\"--smush-placeholder-width: 150px; --smush-placeholder-aspect-ratio: 150\/150;width: 150px;\" data-src=\"https:\/\/www.barbie-secondlife.com\/wp-content\/uploads\/2024\/01\/Barbie_Designer_DianeVonFurstenberg.png\" alt=\"Barbie Designer Diane Von Furstenberg\" data-srcset=\"https:\/\/www.barbie-secondlife.com\/wp-content\/uploads\/2024\/01\/Barbie_Designer_DianeVonFurstenberg.png 300w, https:\/\/www.barbie-secondlife.com\/wp-content\/uploads\/2024\/01\/Barbie_Designer_DianeVonFurstenberg-200x200.png 200w\" data-sizes=\"(max-width: 150px) 100vw, 150px\" src=\"data:image\/svg+xml;base64,PHN2ZyB3aWR0aD0iMSIgaGVpZ2h0PSIxIiB4bWxucz0iaHR0cDovL3d3dy53My5vcmcvMjAwMC9zdmciPjwvc3ZnPg==\" \/><\/a><\/td><\/tr><tr><td class=\"has-text-align-center\" data-align=\"center\"><\/td><td class=\"has-text-align-center\" data-align=\"center\"><\/td><td class=\"has-text-align-center\" data-align=\"center\"><\/td><\/tr><\/tbody><\/table><\/figure>\n\n\n\n<hr class=\"wp-block-separator has-css-opacity\"\/>\n\n\n\n<figure class=\"wp-block-table\"><table class=\"has-fixed-layout\"><tbody><tr><td class=\"has-text-align-center\" data-align=\"center\"><a href=\"https:\/\/www.barbie-secondlife.com\/de\/tag\/cynthia-rowley\/\">Cynthia Rowley<\/a><\/td><td class=\"has-text-align-center\" data-align=\"center\"><a href=\"https:\/\/www.barbie-secondlife.com\/de\/tag\/dooney-bourke\/\">Dooney &amp; Bourke<\/a><\/td><\/tr><tr><td class=\"has-text-align-center\" data-align=\"center\"><a href=\"https:\/\/www.barbie-secondlife.com\/de\/tag\/heather-fonseca\/\">Heather Fonseca<\/a><\/td><td class=\"has-text-align-center\" data-align=\"center\"> <a href=\"https:\/\/www.barbie-secondlife.com\/de\/tag\/herve-leger\/\">Herv\u00e9 L\u00e9ger<\/a><\/td><\/tr><tr><td class=\"has-text-align-center\" data-align=\"center\"><a href=\"https:\/\/www.barbie-secondlife.com\/de\/tag\/iris-apfel\/\">Iris Apfel<\/a><\/td><td class=\"has-text-align-center\" data-align=\"center\"><a href=\"https:\/\/www.barbie-secondlife.com\/de\/tag\/katiana-jimenez\/\">Katiana Jimenez<\/a><\/td><\/tr><tr><td class=\"has-text-align-center\" data-align=\"center\"> <a href=\"https:\/\/www.barbie-secondlife.com\/de\/tag\/kimora-lee-simmons\/\">Kimora Lee Simmons<\/a><\/td><td class=\"has-text-align-center\" data-align=\"center\"><a href=\"https:\/\/www.barbie-secondlife.com\/de\/tag\/marni-senofonte\/\">Marni Senofonte<\/a><\/td><\/tr><tr><td class=\"has-text-align-center\" data-align=\"center\"><a href=\"https:\/\/www.barbie-secondlife.com\/de\/tag\/moschino\/\">Moschino<\/a><\/td><td class=\"has-text-align-center\" data-align=\"center\"><a href=\"https:\/\/www.barbie-secondlife.com\/de\/tag\/nolan-miller\/\">Nolan Miller<\/a><\/td><\/tr><tr><td class=\"has-text-align-center\" data-align=\"center\"><a href=\"https:\/\/www.barbie-secondlife.com\/de\/tag\/stephen-burrows\/\">Stephen Burrows<\/a><\/td><td class=\"has-text-align-center\" data-align=\"center\"><a href=\"https:\/\/www.barbie-secondlife.com\/de\/tag\/tim-gunn\/\">Tim Gunn<\/a><\/td><\/tr><tr><td class=\"has-text-align-center\" data-align=\"center\"><a href=\"https:\/\/www.barbie-secondlife.com\/de\/tag\/trina-turk\/\">Trina Turk<\/a><\/td><td class=\"has-text-align-center\" data-align=\"center\"><\/td><\/tr><\/tbody><\/table><\/figure>\n\n\n\n<hr class=\"wp-block-separator has-css-opacity\"\/>\n\n\n\n<h2 class=\"wp-block-heading\"><strong><em>Barbie-Puppendesigner (Mattel)<\/em><\/strong><\/h2>\n\n\n\n<figure class=\"wp-block-table\"><table class=\"has-fixed-layout\"><tbody><tr><td class=\"has-text-align-center\" data-align=\"center\"><a href=\"https:\/\/www.barbie-secondlife.com\/de\/tag\/bill-greening\/\"><img decoding=\"async\" width=\"267\" height=\"227\" class=\"wp-image-469756 lazyload\" style=\"--smush-placeholder-width: 267px; --smush-placeholder-aspect-ratio: 267\/227;width: px;\" data-src=\"https:\/\/www.barbie-secondlife.com\/wp-content\/uploads\/2021\/08\/BillGreening.jpg\" alt=\"Barbie Bill Greening\" data-srcset=\"https:\/\/www.barbie-secondlife.com\/wp-content\/uploads\/2021\/08\/BillGreening.jpg 267w, https:\/\/www.barbie-secondlife.com\/wp-content\/uploads\/2021\/08\/BillGreening-200x170.jpg 200w\" data-sizes=\"(max-width: 267px) 100vw, 267px\" src=\"data:image\/svg+xml;base64,PHN2ZyB3aWR0aD0iMSIgaGVpZ2h0PSIxIiB4bWxucz0iaHR0cDovL3d3dy53My5vcmcvMjAwMC9zdmciPjwvc3ZnPg==\" \/><\/a><\/td><td><strong><span style=\"text-decoration: underline;\"><a href=\"https:\/\/www.barbie-secondlife.com\/de\/tag\/bill-greening\/\">Bill Greening<\/a><\/span><\/strong> ist seit mehreren Jahren Barbies \u201eChefdesigner\u201c bei Mattel. Die bekanntesten Kollektionen sind Barbie Basics, Barbie Look Red Carpet, The Barbie Look, Barbie Star Trek, Barbie Holiday Dolls, Barbie Hello Kitty, Barbie Tim Gunn, Barbie Cher 80&#8217;s Bob Mackie, Barbie Birthstone, Barbie City Shine, Barbie City Shopper, Barbie Pop Life, Barbie &#8211; Ken Faraway Forest &#8211; Fairy Kingdom Wedding, Barbie Malibu von Trina Turk, Barbie Hippolyta &#8211; Wonder Woman&#8230;<\/td><\/tr><\/tbody><\/table><\/figure>\n\n\n\n<figure class=\"wp-block-table\"><table class=\"has-fixed-layout\"><tbody><tr><td><span style=\"text-decoration: underline;\"><strong><a href=\"https:\/\/www.barbie-secondlife.com\/de\/tag\/carlyle-nuera\/\">Carlyle Nuera<\/a><\/strong><\/span> ist seit mehreren Jahren Barbies \u201eLead Designer\u201c f\u00fcr Mattel. Seine bekanntesten Kollektionen sind Barbie Styled by Iris Apfel, Barbie Quincea\u00f1era, Barbie Styled by Marni Senofonte \u2013 Crystal, Ken BMR1959, Barbie BMR1959, Barbie Collection Mutya, Barbie \u2013 The Global Glamour Sorcha, Barbie Gabby Douglas, Barbie Collection Birthday Wishes, Barbie Selma DuPar James, Barbie A Wrinkle in Time \u2013 Oprah Winfrey.<\/td><td class=\"has-text-align-center\" data-align=\"center\"><a href=\"https:\/\/www.barbie-secondlife.com\/de\/tag\/carlyle-nuera\/\"><img decoding=\"async\" width=\"267\" height=\"227\" class=\"wp-image-469758 lazyload\" style=\"--smush-placeholder-width: 267px; --smush-placeholder-aspect-ratio: 267\/227;width: px;\" data-src=\"https:\/\/www.barbie-secondlife.com\/wp-content\/uploads\/2021\/08\/CarlyleNuera.jpg\" alt=\"Barbie Carlyle Nuera\" data-srcset=\"https:\/\/www.barbie-secondlife.com\/wp-content\/uploads\/2021\/08\/CarlyleNuera.jpg 267w, https:\/\/www.barbie-secondlife.com\/wp-content\/uploads\/2021\/08\/CarlyleNuera-200x170.jpg 200w\" data-sizes=\"(max-width: 267px) 100vw, 267px\" src=\"data:image\/svg+xml;base64,PHN2ZyB3aWR0aD0iMSIgaGVpZ2h0PSIxIiB4bWxucz0iaHR0cDovL3d3dy53My5vcmcvMjAwMC9zdmciPjwvc3ZnPg==\" \/><\/a><\/td><\/tr><\/tbody><\/table><\/figure>\n\n\n\n<figure class=\"wp-block-table\"><table class=\"has-fixed-layout\"><tbody><tr><td class=\"has-text-align-center\" data-align=\"center\"><a href=\"https:\/\/www.barbie-secondlife.com\/de\/tag\/linda-kyaw\/\"><img decoding=\"async\" width=\"267\" height=\"227\" class=\"wp-image-469757 lazyload\" style=\"--smush-placeholder-width: 267px; --smush-placeholder-aspect-ratio: 267\/227;width: px;\" data-src=\"https:\/\/www.barbie-secondlife.com\/wp-content\/uploads\/2021\/08\/LindaKyaw.jpg\" alt=\"Barbie Linda Kyaw\" data-srcset=\"https:\/\/www.barbie-secondlife.com\/wp-content\/uploads\/2021\/08\/LindaKyaw.jpg 267w, https:\/\/www.barbie-secondlife.com\/wp-content\/uploads\/2021\/08\/LindaKyaw-200x170.jpg 200w\" data-sizes=\"(max-width: 267px) 100vw, 267px\" src=\"data:image\/svg+xml;base64,PHN2ZyB3aWR0aD0iMSIgaGVpZ2h0PSIxIiB4bWxucz0iaHR0cDovL3d3dy53My5vcmcvMjAwMC9zdmciPjwvc3ZnPg==\" \/><\/a><\/td><td><span style=\"text-decoration: underline;\"><strong><a href=\"https:\/\/www.barbie-secondlife.com\/de\/tag\/linda-kyaw\/\">Linda Kyaw<\/a><\/strong><\/span> ist seit mehreren Jahren \u201eManager Product Design\u201c bei Mattel. Ihre ber\u00fchmtesten Kreationen sind Barbie Hershey&#8217;s, Barbie Collection Dolls of the World, Barbie Collection Pop Culture \u2013 Dancing with the Stars Samba, Barbie \u2013 Collection Holiday Dolls, Barbie Collection Pop Culture \u2013 Shoe Obsession, Ken The Twilight Saga, Barbie Collection Birthday Wishes, Barbie-Sammlung Universit\u00e4t, Barbie-Sammlung Popkultur \u2013 Elvis.<\/td><\/tr><\/tbody><\/table><\/figure>\n\n\n\n<hr class=\"wp-block-separator has-css-opacity\"\/>\n\n\n\n<figure class=\"wp-block-table\"><table class=\"has-fixed-layout\"><tbody><tr><td class=\"has-text-align-center\" data-align=\"center\"><a href=\"https:\/\/www.barbie-secondlife.com\/de\/tag\/sharon-zuckerman\/\">Sharon Zuckerman<\/a><\/td><td class=\"has-text-align-center\" data-align=\"center\"><a href=\"https:\/\/www.barbie-secondlife.com\/de\/tag\/robert-best\/\">Robert Best<\/a><\/td><\/tr><tr><td class=\"has-text-align-center\" data-align=\"center\"><a href=\"https:\/\/www.barbie-secondlife.com\/de\/tag\/kelley-lindberg\/\">Kelley Lindberg<\/a><\/td><td class=\"has-text-align-center\" data-align=\"center\"><a href=\"https:\/\/www.barbie-secondlife.com\/de\/tag\/caroline-demersseman\/\">Caroline DeMersseman<\/a><\/td><\/tr><tr><td class=\"has-text-align-center\" data-align=\"center\"><a href=\"https:\/\/www.barbie-secondlife.com\/de\/tag\/carter-bryant\/\">Carter Bryant<\/a><\/td><td class=\"has-text-align-center\" data-align=\"center\"><a href=\"https:\/\/www.barbie-secondlife.com\/de\/tag\/suim-noh\/\">Suim Noh<\/a><\/td><\/tr><tr><td class=\"has-text-align-center\" data-align=\"center\"><a href=\"https:\/\/www.barbie-secondlife.com\/de\/tag\/javier-meabe\/\">Javier Meabe<\/a><\/td><td class=\"has-text-align-center\" data-align=\"center\"><a href=\"https:\/\/www.barbie-secondlife.com\/de\/tag\/judy-choi\/\">Judy Choi<\/a><\/td><\/tr><tr><td class=\"has-text-align-center\" data-align=\"center\"><a href=\"https:\/\/www.barbie-secondlife.com\/de\/tag\/lauri-sipos\/\">Lauri Sipos<\/a><\/td><td class=\"has-text-align-center\" data-align=\"center\"><a href=\"https:\/\/www.barbie-secondlife.com\/de\/tag\/joyce-chen\/\">Joyce Chen<\/a><\/td><\/tr><tr><td class=\"has-text-align-center\" data-align=\"center\"><a href=\"https:\/\/www.barbie-secondlife.com\/de\/tag\/amy-lee\/\">Amy Lee<\/a><\/td><td class=\"has-text-align-center\" data-align=\"center\"><a href=\"https:\/\/www.barbie-secondlife.com\/de\/tag\/angel-kent\/\">Angel Kent<\/a><\/td><\/tr><tr><td class=\"has-text-align-center\" data-align=\"center\"><a href=\"https:\/\/www.barbie-secondlife.com\/de\/tag\/ann-driskill\/\">Ann Driskill<\/a><\/td><td class=\"has-text-align-center\" data-align=\"center\"><a href=\"https:\/\/www.barbie-secondlife.com\/de\/tag\/anna-choi\/\">Anna Choi<\/a><\/td><\/tr><tr><td class=\"has-text-align-center\" data-align=\"center\"><a href=\"https:\/\/www.barbie-secondlife.com\/de\/tag\/connie-tsai\/\">Connie Tsai<\/a><\/td><td class=\"has-text-align-center\" data-align=\"center\"><a href=\"https:\/\/www.barbie-secondlife.com\/de\/tag\/tayler-pierce\/\">Tayler Pierce<\/a><\/td><\/tr><\/tbody><\/table><\/figure>\n","protected":false},"excerpt":{"rendered":"<p>Barbie Designer Was w\u00e4re eine Kollektion ohne einen Designer? nichts, was ich denke. Modedesigner (Bob Mackie &#8211; Badgley Mischka &#8211; Christian Louboutin &#8211; Yves St Laurent usw.) kleiden und versch\u00f6nern die Barbies, aber auch Designer (bei Mattel) der Puppe mit dem bekanntesten von ihnen (Bill Greening). Ich habe hier die wichtigsten Barbie-Designer aufgelistet, die in [&hellip;]<\/p>\n","protected":false},"author":1,"featured_media":469619,"parent":4910,"menu_order":0,"comment_status":"closed","ping_status":"closed","template":"","meta":{"footnotes":""},"class_list":["post-23822","page","type-page","status-publish","has-post-thumbnail","hentry"],"translation":{"provider":"WPGlobus","version":"3.0.2","language":"de","enabled_languages":["fr","en","es","br","de"],"languages":{"fr":{"title":true,"content":true,"excerpt":false},"en":{"title":true,"content":true,"excerpt":false},"es":{"title":true,"content":true,"excerpt":false},"br":{"title":true,"content":true,"excerpt":false},"de":{"title":true,"content":true,"excerpt":false}}},"_links":{"self":[{"href":"https:\/\/www.barbie-secondlife.com\/de\/wp-json\/wp\/v2\/pages\/23822","targetHints":{"allow":["GET"]}}],"collection":[{"href":"https:\/\/www.barbie-secondlife.com\/de\/wp-json\/wp\/v2\/pages"}],"about":[{"href":"https:\/\/www.barbie-secondlife.com\/de\/wp-json\/wp\/v2\/types\/page"}],"author":[{"embeddable":true,"href":"https:\/\/www.barbie-secondlife.com\/de\/wp-json\/wp\/v2\/users\/1"}],"replies":[{"embeddable":true,"href":"https:\/\/www.barbie-secondlife.com\/de\/wp-json\/wp\/v2\/comments?post=23822"}],"version-history":[{"count":10,"href":"https:\/\/www.barbie-secondlife.com\/de\/wp-json\/wp\/v2\/pages\/23822\/revisions"}],"predecessor-version":[{"id":607999,"href":"https:\/\/www.barbie-secondlife.com\/de\/wp-json\/wp\/v2\/pages\/23822\/revisions\/607999"}],"up":[{"embeddable":true,"href":"https:\/\/www.barbie-secondlife.com\/de\/wp-json\/wp\/v2\/pages\/4910"}],"wp:featuredmedia":[{"embeddable":true,"href":"https:\/\/www.barbie-secondlife.com\/de\/wp-json\/wp\/v2\/media\/469619"}],"wp:attachment":[{"href":"https:\/\/www.barbie-secondlife.com\/de\/wp-json\/wp\/v2\/media?parent=23822"}],"curies":[{"name":"wp","href":"https:\/\/api.w.org\/{rel}","templated":true}]}}