{"id":23825,"date":"2020-04-22T14:31:25","date_gmt":"2020-04-22T12:31:25","guid":{"rendered":"http:\/\/www.barbie-secondlife.com\/?page_id=23825"},"modified":"2026-01-01T19:23:39","modified_gmt":"2026-01-01T18:23:39","slug":"xautres","status":"publish","type":"page","link":"https:\/\/www.barbie-secondlife.com\/de\/collection\/xautres\/","title":{"rendered":"Andere Sammlungen"},"content":{"rendered":"\n<h2 class=\"wp-block-heading\"><strong><em>Barbie Sammlung<\/em><\/strong><\/h2>\n\n\n\n<p>Einige andere Sammlungen, <strong><a href=\"https:\/\/www.barbie-secondlife.com\/de\/tag\/avon\/\">Avon<\/a>, Barbie <a href=\"https:\/\/www.barbie-secondlife.com\/de\/tag\/university\/\">University<\/a>, Barbie <a href=\"https:\/\/www.barbie-secondlife.com\/de\/tag\/pop-culture\/\">Pop Culture<\/a>, Barbie <a href=\"https:\/\/www.barbie-secondlife.com\/de\/tag\/so-in-style\/\">So In Style<\/a>, Barbie <a href=\"https:\/\/www.barbie-secondlife.com\/de\/tag\/on-location\/\">On Location<\/a> (South Beach, Monte Carlo, Barcelona, Milan), Barbie <a href=\"https:\/\/www.barbie-secondlife.com\/de\/tag\/top-model\/\">Top Model<\/a>&#8230;<\/strong> Sie k\u00f6nnen sie gerne verwenden das Suchmodul oben rechts auf dem Bildschirm, um andere <strong><a href=\"https:\/\/www.barbie-secondlife.com\/de\/tag\/hello-kitty\/\">Hello Kitty<\/a><\/strong>, <strong><a href=\"https:\/\/www.barbie-secondlife.com\/de\/tag\/hard-rock-cafe\/\">Hard Rock Caf\u00e9<\/a><\/strong> oder sogar <span style=\"text-decoration: underline;\"><strong><a href=\"https:\/\/www.barbie-secondlife.com\/de\/tag\/birthstone\/\">Birthstone<\/a><\/strong><\/span>-Kollektionen zu finden\u2026<\/p>\n\n\n\n<hr class=\"wp-block-separator has-css-opacity\"\/>\n\n\n\n<figure class=\"wp-block-table\"><table class=\"has-fixed-layout\"><tbody><tr><td class=\"has-text-align-center\" data-align=\"center\"><a href=\"https:\/\/www.barbie-secondlife.com\/de\/tag\/birthstone\/\"><img decoding=\"async\" width=\"120\" height=\"364\" class=\"wp-image-4668 lazyload\" style=\"--smush-placeholder-width: 120px; --smush-placeholder-aspect-ratio: 120\/364;width: 120px;\" data-src=\"https:\/\/www.barbie-secondlife.com\/wp-content\/uploads\/2016\/09\/Original-MariaLuisa.png\" alt=\"Barbie - Collection - Birthstone - Miss Peridot\" data-srcset=\"https:\/\/www.barbie-secondlife.com\/wp-content\/uploads\/2016\/09\/Original-MariaLuisa.png 140w, https:\/\/www.barbie-secondlife.com\/wp-content\/uploads\/2016\/09\/Original-MariaLuisa-99x300.png 99w\" data-sizes=\"(max-width: 120px) 100vw, 120px\" src=\"data:image\/svg+xml;base64,PHN2ZyB3aWR0aD0iMSIgaGVpZ2h0PSIxIiB4bWxucz0iaHR0cDovL3d3dy53My5vcmcvMjAwMC9zdmciPjwvc3ZnPg==\" \/><\/a><\/td><td><span style=\"text-decoration: underline;\"><strong><a href=\"https:\/\/www.barbie-secondlife.com\/de\/tag\/birthstone\/\">Barbie Birthstone<\/a><\/strong><\/span><br>Die Birthstone-Sammlung ist eine Sammlung, die in zwei Unterkategorien unterteilt ist: Die Sammlung \u201eThe Birthstone Collection\u201c und die Sammlung \u201eBirthstone Beauties\u201c. &#8222;The Birthstone Collection&#8220; ist eine Serie von 36 Puppen, die 2003 ver\u00f6ffentlicht wurde. Sie repr\u00e4sentiert einen Edelstein und einen Monat des Jahres. &#8222;Birthstone Beauties&#8220; ist eine Serie von 24 Puppen, die 2007 ver\u00f6ffentlicht wurden. Sie stellen auch einen Edelstein dar. Sie haben einen Musen-K\u00f6rper und einen &#8222;Steffie&#8220; -Kopf. Sie sind blond, braun, braun und rot. Sie werden jeweils von einem kleinen Hund begleitet.<\/td><\/tr><\/tbody><\/table><\/figure>\n\n\n\n<figure class=\"wp-block-table\"><table class=\"has-fixed-layout\"><tbody><tr><td><span style=\"text-decoration: underline;\"><a href=\"https:\/\/www.barbie-secondlife.com\/de\/tag\/extra\/\"><strong>Barbie Extra<\/strong><\/a><\/span><br>Barbie &#8218;Extra&#8216; Puppen zeichnen sich durch k\u00fchne Mode und leuchtende Farben aus! Jede Barbie-Puppe hat ihren eigenen einzigartigen, verspielten und \u00fcbertriebenen Stil. Und ihre Haustiere, alle unterschiedlich und alle bezaubernd, haben auch jede Menge Pers\u00f6nlichkeit! Barbie &#8218;Extra&#8216; erm\u00f6glicht es Kindern, sich durch Stil auszudr\u00fccken und bietet ein aufregendes Spielerlebnis mit Mode und Stil. <a href=\"https:\/\/www.barbie-secondlife.com\/de\/tag\/extra\/\">Barbie Extra<\/a>, <a href=\"https:\/\/www.barbie-secondlife.com\/de\/tag\/extra-fly\/\">Barbie Extra Fly<\/a>, <a href=\"https:\/\/www.barbie-secondlife.com\/de\/tag\/extra-fancy\/\">Barbie Extra Fancy<\/a> <\/td><td class=\"has-text-align-center\" data-align=\"center\"><a href=\"https:\/\/www.barbie-secondlife.com\/de\/tag\/extra\/\"><img decoding=\"async\" width=\"200\" height=\"313\" class=\"wp-image-595174 lazyload\" style=\"--smush-placeholder-width: 200px; --smush-placeholder-aspect-ratio: 200\/313;width: 200px;\" data-src=\"https:\/\/www.barbie-secondlife.com\/wp-content\/uploads\/2022\/09\/Barbie_Carla_Original.jpg\" alt=\"Barbie Extra Fancy\" data-srcset=\"https:\/\/www.barbie-secondlife.com\/wp-content\/uploads\/2022\/09\/Barbie_Carla_Original.jpg 272w, https:\/\/www.barbie-secondlife.com\/wp-content\/uploads\/2022\/09\/Barbie_Carla_Original-200x313.jpg 200w, https:\/\/www.barbie-secondlife.com\/wp-content\/uploads\/2022\/09\/Barbie_Carla_Original-192x300.jpg 192w\" data-sizes=\"(max-width: 200px) 100vw, 200px\" src=\"data:image\/svg+xml;base64,PHN2ZyB3aWR0aD0iMSIgaGVpZ2h0PSIxIiB4bWxucz0iaHR0cDovL3d3dy53My5vcmcvMjAwMC9zdmciPjwvc3ZnPg==\" \/><\/a><\/td><\/tr><\/tbody><\/table><\/figure>\n\n\n\n<figure class=\"wp-block-table\"><table class=\"has-fixed-layout\"><tbody><tr><td class=\"has-text-align-center\" data-align=\"center\"><a href=\"https:\/\/www.barbie-secondlife.com\/de\/tag\/so-in-style\/\"><img decoding=\"async\" width=\"120\" height=\"359\" class=\"wp-image-598477 lazyload\" style=\"--smush-placeholder-width: 120px; --smush-placeholder-aspect-ratio: 120\/359;width: 120px;\" data-src=\"https:\/\/www.barbie-secondlife.com\/wp-content\/uploads\/2023\/05\/Barbie_Hamelle_Original.png\" alt=\"Barbie So In Style\" data-srcset=\"https:\/\/www.barbie-secondlife.com\/wp-content\/uploads\/2023\/05\/Barbie_Hamelle_Original.png 142w, https:\/\/www.barbie-secondlife.com\/wp-content\/uploads\/2023\/05\/Barbie_Hamelle_Original-100x300.png 100w\" data-sizes=\"(max-width: 120px) 100vw, 120px\" src=\"data:image\/svg+xml;base64,PHN2ZyB3aWR0aD0iMSIgaGVpZ2h0PSIxIiB4bWxucz0iaHR0cDovL3d3dy53My5vcmcvMjAwMC9zdmciPjwvc3ZnPg==\" \/><\/a><\/td><td><span style=\"text-decoration: underline;\"><strong><a href=\"https:\/\/www.barbie-secondlife.com\/de\/tag\/so-in-style\/\">Barbie So in Style<\/a><\/strong><\/span><br>Barbie &#8222;So In Style&#8220; ist eine Kollektion bestehend aus afroamerikanischer Barbie-Puppe. Diese Kollektion wurde zwischen 2009 und 2014 mit verschiedenen Varianten mit Barbies kleiner Schwester ver\u00f6ffentlicht. 6 Barbies sind in meiner Sammlung, darunter ein Barbie, dessen Haare ich neu gepflanzt habe (rerooting), Olympe Barbie So In Style Trichelle, Trish, Barbie so in style baby phat Kara, Naomi, Barbie So In Style \u2013 Kara, Cherifa, Barbie So In Style \u2013 Grace, Amina, Barbie So In Style baby phat Marisa.<\/td><\/tr><\/tbody><\/table><\/figure>\n\n\n\n<hr class=\"wp-block-separator has-css-opacity\"\/>\n\n\n\n<h2 class=\"wp-block-heading\"><strong><em>Andere Sammlungen<\/em><\/strong><\/h2>\n\n\n\n<figure class=\"wp-block-table is-style-stripes\" style=\"font-size:15px\"><table class=\"has-fixed-layout\"><tbody><tr><td class=\"has-text-align-center\" data-align=\"center\"><a href=\"https:\/\/www.barbie-secondlife.com\/de\/tag\/amazing-nails\/\">Amazing Nails<\/a><\/td><td class=\"has-text-align-center\" data-align=\"center\"><a href=\"https:\/\/www.barbie-secondlife.com\/de\/tag\/avon\/\">Avon<\/a><\/td><td class=\"has-text-align-center\" data-align=\"center\"><a href=\"https:\/\/www.barbie-secondlife.com\/de\/tag\/ballet-wishes\/\">Ballet Wishes<\/a><\/td><\/tr><tr><td class=\"has-text-align-center\" data-align=\"center\"><a href=\"https:\/\/www.barbie-secondlife.com\/de\/tag\/cali-girl\/\">Cali Girl<\/a><\/td><td class=\"has-text-align-center\" data-align=\"center\"><a href=\"https:\/\/www.barbie-secondlife.com\/de\/tag\/california-girl\/\">California Girl<\/a><\/td><td class=\"has-text-align-center\" data-align=\"center\"><a href=\"https:\/\/www.barbie-secondlife.com\/de\/tag\/careers\/\">Careers<\/a><\/td><\/tr><tr><td class=\"has-text-align-center\" data-align=\"center\"><a href=\"https:\/\/www.barbie-secondlife.com\/de\/tag\/chromatic-couture\/\">Chromatic Couture<\/a><\/td><td class=\"has-text-align-center\" data-align=\"center\"><a href=\"https:\/\/www.barbie-secondlife.com\/de\/tag\/convention\/\">Convention<\/a><\/td><td class=\"has-text-align-center\" data-align=\"center\"><a href=\"https:\/\/www.barbie-secondlife.com\/de\/tag\/dallas-cowboy\/\">Dallas Cowboy Cheerleaders<\/a><\/td><\/tr><tr><td class=\"has-text-align-center\" data-align=\"center\"><a href=\"https:\/\/www.barbie-secondlife.com\/de\/tag\/deluxe\/\">Deluxe<\/a><\/td><td class=\"has-text-align-center\" data-align=\"center\"><a href=\"https:\/\/www.barbie-secondlife.com\/de\/tag\/dreamtopia\/\">Dreamtopia<\/a><\/td><td class=\"has-text-align-center\" data-align=\"center\"><a href=\"https:\/\/www.barbie-secondlife.com\/de\/tag\/dream-seasons\/\">Dream Seasons<\/a><\/td><\/tr><tr><td class=\"has-text-align-center\" data-align=\"center\"><a href=\"https:\/\/www.barbie-secondlife.com\/de\/tag\/fairytopia\/\">Fairytopia<\/a><\/td><td class=\"has-text-align-center\" data-align=\"center\"><a href=\"https:\/\/www.barbie-secondlife.com\/de\/tag\/fantasy\/\">Fantasy<\/a><\/td><td class=\"has-text-align-center\" data-align=\"center\"><a href=\"https:\/\/www.barbie-secondlife.com\/de\/tag\/fao-schwarz\/\">FAO Schwarz<\/a><\/td><\/tr><tr><td class=\"has-text-align-center\" data-align=\"center\"><a href=\"https:\/\/www.barbie-secondlife.com\/de\/tag\/fashion-fever\/\">Fashion Fever<\/a><\/td><td class=\"has-text-align-center\" data-align=\"center\"><a href=\"https:\/\/www.barbie-secondlife.com\/de\/tag\/fashionistas\/\">Fashionistas<\/a><\/td><td class=\"has-text-align-center\" data-align=\"center\"><a href=\"https:\/\/www.barbie-secondlife.com\/de\/tag\/flavor-obsession\/\">Flavor Obsession<\/a><\/td><\/tr><tr><td class=\"has-text-align-center\" data-align=\"center\"><a href=\"https:\/\/www.barbie-secondlife.com\/de\/tag\/generation-girl\/\">Generation Girl<\/a><\/td><td class=\"has-text-align-center\" data-align=\"center\"><a href=\"https:\/\/www.barbie-secondlife.com\/de\/tag\/graduation-day\/\">Graduation Day<\/a><\/td><td class=\"has-text-align-center\" data-align=\"center\"><a href=\"https:\/\/www.barbie-secondlife.com\/de\/tag\/hairtastic\/\">HairTastic<\/a><\/td><\/tr><tr><td class=\"has-text-align-center\" data-align=\"center\"><a href=\"https:\/\/www.barbie-secondlife.com\/de\/tag\/hard-rock-cafe\/\">Hard Rock Caf\u00e9<\/a><\/td><td class=\"has-text-align-center\" data-align=\"center\"><a href=\"https:\/\/www.barbie-secondlife.com\/de\/tag\/harley-davidson\/\">Harley Davidson<\/a><\/td><td class=\"has-text-align-center\" data-align=\"center\"><a href=\"https:\/\/www.barbie-secondlife.com\/de\/tag\/hello-kitty\/\">Hello Kitty<\/a><\/td><\/tr><tr><td class=\"has-text-align-center\" data-align=\"center\"><a href=\"https:\/\/www.barbie-secondlife.com\/de\/tag\/juicy-couture\/\">Juicy Couture<\/a><\/td><td class=\"has-text-align-center\" data-align=\"center\"><a href=\"https:\/\/www.barbie-secondlife.com\/de\/tag\/loves-the-ocean\/\">Loves the Ocean<\/a><\/td><td class=\"has-text-align-center\" data-align=\"center\"><a href=\"https:\/\/www.barbie-secondlife.com\/de\/tag\/lunar-new-year\/\">Lunar New Year<\/a><\/td><\/tr><tr><td class=\"has-text-align-center\" data-align=\"center\"><a href=\"https:\/\/www.barbie-secondlife.com\/de\/tag\/made-to-move\/\">Made to Move<\/a><\/td><td class=\"has-text-align-center\" data-align=\"center\"><a href=\"https:\/\/www.barbie-secondlife.com\/de\/tag\/model-of-the-moment\/\">Model of the Moment<\/a><\/td><td class=\"has-text-align-center\" data-align=\"center\"><a href=\"https:\/\/www.barbie-secondlife.com\/de\/tag\/on-location\/\">On Location<\/a><\/td><\/tr><tr><td class=\"has-text-align-center\" data-align=\"center\"><a href=\"https:\/\/www.barbie-secondlife.com\/de\/tag\/pop-culture\/\">Pop Culture<\/a><\/td><td class=\"has-text-align-center\" data-align=\"center\"><a href=\"https:\/\/www.barbie-secondlife.com\/de\/tag\/puma\/\">Puma<\/a><\/td><td class=\"has-text-align-center\" data-align=\"center\"><a href=\"https:\/\/www.barbie-secondlife.com\/de\/tag\/really-rose\/\">Really Rosy<\/a><\/td><\/tr><tr><td class=\"has-text-align-center\" data-align=\"center\"><a href=\"https:\/\/www.barbie-secondlife.com\/de\/tag\/rio-de-janeiro\/\">Rio de Janeiro<\/a><\/td><td class=\"has-text-align-center\" data-align=\"center\"><a href=\"https:\/\/www.barbie-secondlife.com\/de\/tag\/rose-splendor\/\">Rose Splendor<\/a><\/td><td class=\"has-text-align-center\" data-align=\"center\"><a href=\"https:\/\/www.barbie-secondlife.com\/de\/tag\/star-doll\/\">Star Doll<\/a><\/td><\/tr><tr><td class=\"has-text-align-center\" data-align=\"center\"><a href=\"https:\/\/www.barbie-secondlife.com\/de\/tag\/ted-lasso\/\">Ted Lasso<\/a><\/td><td class=\"has-text-align-center\" data-align=\"center\"><a href=\"https:\/\/www.barbie-secondlife.com\/de\/tag\/top-model\/\">Top Model<\/a><\/td><td class=\"has-text-align-center\" data-align=\"center\"><a href=\"https:\/\/www.barbie-secondlife.com\/de\/tag\/tribute\/\">Tribute<\/a><\/td><\/tr><tr><td class=\"has-text-align-center\" data-align=\"center\"><a href=\"https:\/\/www.barbie-secondlife.com\/de\/tag\/university\/\">University<\/a><\/td><td class=\"has-text-align-center\" data-align=\"center\"><a href=\"https:\/\/www.barbie-secondlife.com\/de\/tag\/wwe\/\">WWE Catch<\/a><\/td><td class=\"has-text-align-center\" data-align=\"center\"><a href=\"https:\/\/www.barbie-secondlife.com\/de\/tag\/you-can-be-anything\/\">You Can be Anything<\/a><\/td><\/tr><tr><td class=\"has-text-align-center\" data-align=\"center\"><a href=\"https:\/\/www.barbie-secondlife.com\/de\/tag\/zodiac\/\">Zodiac<\/a><\/td><td class=\"has-text-align-center\" data-align=\"center\"><\/td><td class=\"has-text-align-center\" data-align=\"center\"><\/td><\/tr><\/tbody><\/table><\/figure>\n","protected":false},"excerpt":{"rendered":"<p>Barbie Sammlung Einige andere Sammlungen, Avon, Barbie University, Barbie Pop Culture, Barbie So In Style, Barbie On Location (South Beach, Monte Carlo, Barcelona, Milan), Barbie Top Model&#8230; Sie k\u00f6nnen sie gerne verwenden das Suchmodul oben rechts auf dem Bildschirm, um andere Hello Kitty, Hard Rock Caf\u00e9 oder sogar Birthstone-Kollektionen zu finden\u2026 Barbie BirthstoneDie Birthstone-Sammlung ist [&hellip;]<\/p>\n","protected":false},"author":1,"featured_media":469792,"parent":4910,"menu_order":0,"comment_status":"closed","ping_status":"closed","template":"","meta":{"footnotes":""},"class_list":["post-23825","page","type-page","status-publish","has-post-thumbnail","hentry"],"translation":{"provider":"WPGlobus","version":"3.0.2","language":"de","enabled_languages":["fr","en","es","br","de"],"languages":{"fr":{"title":true,"content":true,"excerpt":false},"en":{"title":true,"content":true,"excerpt":false},"es":{"title":true,"content":true,"excerpt":false},"br":{"title":true,"content":true,"excerpt":false},"de":{"title":true,"content":true,"excerpt":false}}},"_links":{"self":[{"href":"https:\/\/www.barbie-secondlife.com\/de\/wp-json\/wp\/v2\/pages\/23825","targetHints":{"allow":["GET"]}}],"collection":[{"href":"https:\/\/www.barbie-secondlife.com\/de\/wp-json\/wp\/v2\/pages"}],"about":[{"href":"https:\/\/www.barbie-secondlife.com\/de\/wp-json\/wp\/v2\/types\/page"}],"author":[{"embeddable":true,"href":"https:\/\/www.barbie-secondlife.com\/de\/wp-json\/wp\/v2\/users\/1"}],"replies":[{"embeddable":true,"href":"https:\/\/www.barbie-secondlife.com\/de\/wp-json\/wp\/v2\/comments?post=23825"}],"version-history":[{"count":12,"href":"https:\/\/www.barbie-secondlife.com\/de\/wp-json\/wp\/v2\/pages\/23825\/revisions"}],"predecessor-version":[{"id":607825,"href":"https:\/\/www.barbie-secondlife.com\/de\/wp-json\/wp\/v2\/pages\/23825\/revisions\/607825"}],"up":[{"embeddable":true,"href":"https:\/\/www.barbie-secondlife.com\/de\/wp-json\/wp\/v2\/pages\/4910"}],"wp:featuredmedia":[{"embeddable":true,"href":"https:\/\/www.barbie-secondlife.com\/de\/wp-json\/wp\/v2\/media\/469792"}],"wp:attachment":[{"href":"https:\/\/www.barbie-secondlife.com\/de\/wp-json\/wp\/v2\/media?parent=23825"}],"curies":[{"name":"wp","href":"https:\/\/api.w.org\/{rel}","templated":true}]}}