{"id":251688,"date":"2021-01-17T19:16:05","date_gmt":"2021-01-17T18:16:05","guid":{"rendered":"https:\/\/www.barbie-secondlife.com\/?page_id=251688"},"modified":"2022-09-14T21:28:55","modified_gmt":"2022-09-14T19:28:55","slug":"barbie-xmen","status":"publish","type":"page","link":"https:\/\/www.barbie-secondlife.com\/de\/collection\/xautres\/barbie-xmen\/","title":{"rendered":"Xmen (Marvel)"},"content":{"rendered":"\n<h2 class=\"wp-block-heading\"><strong><em>Barbie Xmen Marvel<\/em><\/strong><\/h2>\n\n\n\n<p>Diese Sammlung von 3 Barbies feiert das 80-j\u00e4hrige Bestehen von Marvel Comics mit einer Hommage an die legend\u00e4re Superheldin: Storm, Dark Phoenix und Mystique. Diese gro\u00dfartige Kollektion wurde 2019 ver\u00f6ffentlicht und vom ber\u00fchmten Designer Bill Greening hergestellt.<\/p>\n\n\n\n<hr class=\"wp-block-separator has-css-opacity\"\/>\n\n\n\n<div class=\"wp-block-media-text alignwide is-stacked-on-mobile is-vertically-aligned-top is-image-fill\" style=\"grid-template-columns:42% auto\"><figure class=\"wp-block-media-text__media lazyload\" style=\"background-image:inherit;background-position:50% 27%\" data-bg-image=\"url(https:\/\/www.barbie-secondlife.com\/wp-content\/uploads\/2021\/01\/Storm_Tornade.jpg)\"><img decoding=\"async\" width=\"500\" height=\"500\" data-src=\"https:\/\/www.barbie-secondlife.com\/wp-content\/uploads\/2021\/01\/Storm_Tornade.jpg\" alt=\"\" class=\"wp-image-251886 size-full lazyload\" data-srcset=\"https:\/\/www.barbie-secondlife.com\/wp-content\/uploads\/2021\/01\/Storm_Tornade.jpg 500w, https:\/\/www.barbie-secondlife.com\/wp-content\/uploads\/2021\/01\/Storm_Tornade-302x302.jpg 302w, https:\/\/www.barbie-secondlife.com\/wp-content\/uploads\/2021\/01\/Storm_Tornade-200x200.jpg 200w, https:\/\/www.barbie-secondlife.com\/wp-content\/uploads\/2021\/01\/Storm_Tornade-350x350.jpg 350w, https:\/\/www.barbie-secondlife.com\/wp-content\/uploads\/2021\/01\/Storm_Tornade-300x300.jpg 300w\" data-sizes=\"(max-width: 500px) 100vw, 500px\" src=\"data:image\/svg+xml;base64,PHN2ZyB3aWR0aD0iMSIgaGVpZ2h0PSIxIiB4bWxucz0iaHR0cDovL3d3dy53My5vcmcvMjAwMC9zdmciPjwvc3ZnPg==\" style=\"--smush-placeholder-width: 500px; --smush-placeholder-aspect-ratio: 500\/500;\" \/><\/figure><div class=\"wp-block-media-text__content\">\n<div class=\"wp-block-group\"><div class=\"wp-block-group__inner-container is-layout-flow wp-block-group-is-layout-flow\">\n<h2 class=\"has-text-align-center wp-block-heading\"><strong><a href=\"https:\/\/www.barbie-secondlife.com\/de\/barbie\/world\/barbie-storm\/\">Barbie Storm<\/a><\/strong><\/h2>\n\n\n\n<hr class=\"wp-block-separator has-css-opacity\"\/>\n\n\n\n<p>Storm wurde als Ororo Munroe geboren und ist eine der m\u00e4chtigsten Mutanten der Erde. Als Mitglied der X-Men l\u00e4sst sie ihre Gegner mit ihrer F\u00e4higkeit, Wetter und Klima zu manipulieren, zittern. Barbie Storm Puppe ist so berauschend wie die Figur, die sie darstellt. Diese sammelbare Barbie-Puppe reproduziert Storms ikonischen Look in einem gl\u00e4nzenden schwarzen Overall mit Umhang und oberschenkelhohen Stiefeln, die alle mit einem metallischen Goldrand eingefasst sind. Handschuhe, ein Kopfschmuck und ihre ikonische Brosche vervollst\u00e4ndigen ihren wilden Blick. Barbie Storm Puppe wurde geschaffen, um wie sie mit platinfarbenen Haaren und hellblauen Augen auszusehen. Feiern Sie 80 Jahre Action, Leidenschaft und Marvel-Comics mit der Barbie Storm-Puppe. Beinhaltet ein Echtheitszertifikat. Farben und Dekorationen k\u00f6nnen variieren.<\/p>\n\n\n\n<hr class=\"wp-block-separator has-css-opacity\"\/>\n<\/div><\/div>\n\n\n\n<div class=\"wp-block-columns is-layout-flex wp-container-core-columns-is-layout-9d6595d7 wp-block-columns-is-layout-flex\">\n<div class=\"wp-block-column is-layout-flow wp-block-column-is-layout-flow\">\n<ul class=\"wp-block-list\"><li><strong>Etikett<\/strong> <strong>:<\/strong>&nbsp;<a href=\"https:\/\/www.barbie-secondlife.com\/de\/tag\/gold-label\/\">Gold Label<\/a><\/li><li><strong>Designer<\/strong> :&nbsp;<a href=\"https:\/\/www.barbie-secondlife.com\/de\/tag\/bill-greening\/\">Bill Greening<\/a><\/li><li><strong>Erscheinungsdatum :<\/strong>&nbsp;<strong><a href=\"https:\/\/www.barbie-secondlife.com\/de\/tag\/2019\/\">2019<\/a><\/strong><\/li><li><strong>Mode :<\/strong>&nbsp;Body, Umhang, Stiefel.<\/li><li><strong>K\u00f6rper<\/strong> <strong>:<\/strong>&nbsp;Gelenk<\/li><li><strong>Gesicht:<\/strong>&nbsp;Selma<\/li><li><strong>Sammlung<\/strong> : MARVEL<\/li><li><strong>Produktcode<\/strong> : GLJ52<\/li><\/ul>\n<\/div>\n\n\n\n<div class=\"wp-block-column is-layout-flow wp-block-column-is-layout-flow\">\n<figure class=\"wp-block-image size-large\"><img decoding=\"async\" width=\"332\" height=\"425\" data-src=\"https:\/\/www.barbie-secondlife.com\/wp-content\/uploads\/2021\/01\/Barbie_Storm_Original.jpg\" alt=\"\" class=\"wp-image-251823 lazyload\" data-srcset=\"https:\/\/www.barbie-secondlife.com\/wp-content\/uploads\/2021\/01\/Barbie_Storm_Original.jpg 332w, https:\/\/www.barbie-secondlife.com\/wp-content\/uploads\/2021\/01\/Barbie_Storm_Original-302x387.jpg 302w, https:\/\/www.barbie-secondlife.com\/wp-content\/uploads\/2021\/01\/Barbie_Storm_Original-200x256.jpg 200w, https:\/\/www.barbie-secondlife.com\/wp-content\/uploads\/2021\/01\/Barbie_Storm_Original-234x300.jpg 234w\" data-sizes=\"(max-width: 332px) 100vw, 332px\" src=\"data:image\/svg+xml;base64,PHN2ZyB3aWR0aD0iMSIgaGVpZ2h0PSIxIiB4bWxucz0iaHR0cDovL3d3dy53My5vcmcvMjAwMC9zdmciPjwvc3ZnPg==\" style=\"--smush-placeholder-width: 332px; --smush-placeholder-aspect-ratio: 332\/425;\" \/><\/figure>\n<\/div>\n<\/div>\n<\/div><\/div>\n\n\n\n<hr class=\"wp-block-separator has-css-opacity\"\/>\n\n\n\n<div class=\"wp-block-media-text alignwide is-stacked-on-mobile is-vertically-aligned-top is-image-fill\" style=\"grid-template-columns:42% auto\"><figure class=\"wp-block-media-text__media lazyload\" style=\"background-image:inherit;background-position:50% 43%\" data-bg-image=\"url(https:\/\/www.barbie-secondlife.com\/wp-content\/uploads\/2021\/01\/phoenix-1.jpg)\"><img decoding=\"async\" width=\"500\" height=\"500\" data-src=\"https:\/\/www.barbie-secondlife.com\/wp-content\/uploads\/2021\/01\/phoenix-1.jpg\" alt=\"Barbie Dark Phoenix\" class=\"wp-image-251876 size-full lazyload\" data-srcset=\"https:\/\/www.barbie-secondlife.com\/wp-content\/uploads\/2021\/01\/phoenix-1.jpg 500w, https:\/\/www.barbie-secondlife.com\/wp-content\/uploads\/2021\/01\/phoenix-1-302x302.jpg 302w, https:\/\/www.barbie-secondlife.com\/wp-content\/uploads\/2021\/01\/phoenix-1-200x200.jpg 200w, https:\/\/www.barbie-secondlife.com\/wp-content\/uploads\/2021\/01\/phoenix-1-350x350.jpg 350w, https:\/\/www.barbie-secondlife.com\/wp-content\/uploads\/2021\/01\/phoenix-1-300x300.jpg 300w\" data-sizes=\"(max-width: 500px) 100vw, 500px\" src=\"data:image\/svg+xml;base64,PHN2ZyB3aWR0aD0iMSIgaGVpZ2h0PSIxIiB4bWxucz0iaHR0cDovL3d3dy53My5vcmcvMjAwMC9zdmciPjwvc3ZnPg==\" style=\"--smush-placeholder-width: 500px; --smush-placeholder-aspect-ratio: 500\/500;\" \/><\/figure><div class=\"wp-block-media-text__content\">\n<div class=\"wp-block-group\"><div class=\"wp-block-group__inner-container is-layout-flow wp-block-group-is-layout-flow\">\n<h2 class=\"has-text-align-center wp-block-heading\"><strong><a href=\"https:\/\/www.barbie-secondlife.com\/de\/barbie\/world\/barbie-phoenix\/\">Barbie Dark Phoenix<\/a><\/strong><\/h2>\n\n\n\n<hr class=\"wp-block-separator has-css-opacity\"\/>\n\n\n\n<p>Jean Gray-Summers, Dark Phoenix ist ein Omega-Level-Mutant mit telepathischen und telekinetischen Kr\u00e4ften. Dieser geliebte Charakter, der mehrere Todesf\u00e4lle und Auferstehungen erlebt hat, k\u00e4mpft mit seinen pers\u00f6nlichen D\u00e4monen. Barbie Dark Phoenix Puppe ist so unbezwingbar wie die Figur, die sie darstellt. Diese sammelbare Barbie-Puppe reproduziert originalgetreu den legend\u00e4ren Dark Phoenix-Look mit einem roten Overall mit gl\u00e4nzenden goldenen Details wie dem goldenen Ph\u00f6nix-Symbol, Overknee-Stiefeln, Handschuhen und einem G\u00fcrtel. Barbie Dark Phoenix Puppe wurde geschaffen, um wie sie mit leuchtend gelben Augen und langen roten Haaren auszusehen. Feiern Sie 80 Jahre Action, Leidenschaft und Marvel-Comics mit der Barbie Dark Phoenix-Puppe. Beinhaltet ein Echtheitszertifikat. Farben und Dekorationen k\u00f6nnen variieren.<\/p>\n\n\n\n<hr class=\"wp-block-separator has-css-opacity\"\/>\n<\/div><\/div>\n\n\n\n<div class=\"wp-block-columns is-layout-flex wp-container-core-columns-is-layout-9d6595d7 wp-block-columns-is-layout-flex\">\n<div class=\"wp-block-column is-layout-flow wp-block-column-is-layout-flow\">\n<ul class=\"wp-block-list\"><li><strong>Etikett<\/strong> <strong>:<\/strong>&nbsp;<a href=\"https:\/\/www.barbie-secondlife.com\/de\/tag\/gold-label\/\">Gold Label<\/a><\/li><li><strong>Designer<\/strong> :&nbsp;<a href=\"https:\/\/www.barbie-secondlife.com\/de\/tag\/bill-greening\/\">Bill Greening<\/a><\/li><li><strong>Erscheinungsdatum :<\/strong>&nbsp;<strong><a href=\"https:\/\/www.barbie-secondlife.com\/de\/tag\/2019\/\">2019<\/a><\/strong><\/li><li><strong>Mode :<\/strong>&nbsp;Body, Umhang, Stiefel, Handschuhe<\/li><li><strong>K\u00f6rper<\/strong> <strong>:<\/strong>&nbsp;Gelenk<\/li><li><strong>Gesicht :<\/strong>&nbsp;Mermaid<\/li><li><strong>Sammlung<\/strong> : MARVEL<\/li><li><strong>Produktcode<\/strong> : GLJ54<\/li><\/ul>\n<\/div>\n\n\n\n<div class=\"wp-block-column is-layout-flow wp-block-column-is-layout-flow\">\n<figure class=\"wp-block-image size-large\"><img decoding=\"async\" width=\"188\" height=\"425\" data-src=\"https:\/\/www.barbie-secondlife.com\/wp-content\/uploads\/2021\/01\/Barbie_Phoenix_Original.png\" alt=\"\" class=\"wp-image-251903 lazyload\" data-srcset=\"https:\/\/www.barbie-secondlife.com\/wp-content\/uploads\/2021\/01\/Barbie_Phoenix_Original.png 188w, https:\/\/www.barbie-secondlife.com\/wp-content\/uploads\/2021\/01\/Barbie_Phoenix_Original-133x300.png 133w\" data-sizes=\"(max-width: 188px) 100vw, 188px\" src=\"data:image\/svg+xml;base64,PHN2ZyB3aWR0aD0iMSIgaGVpZ2h0PSIxIiB4bWxucz0iaHR0cDovL3d3dy53My5vcmcvMjAwMC9zdmciPjwvc3ZnPg==\" style=\"--smush-placeholder-width: 188px; --smush-placeholder-aspect-ratio: 188\/425;\" \/><\/figure>\n<\/div>\n<\/div>\n<\/div><\/div>\n\n\n\n<hr class=\"wp-block-separator has-css-opacity\"\/>\n\n\n\n<div class=\"wp-block-media-text alignwide is-stacked-on-mobile is-vertically-aligned-top is-image-fill\" style=\"grid-template-columns:42% auto\"><figure class=\"wp-block-media-text__media lazyload\" style=\"background-image:inherit;background-position:51% 18%\" data-bg-image=\"url(https:\/\/www.barbie-secondlife.com\/wp-content\/uploads\/2021\/01\/mystique.jpg)\"><img decoding=\"async\" width=\"500\" height=\"500\" data-src=\"https:\/\/www.barbie-secondlife.com\/wp-content\/uploads\/2021\/01\/mystique.jpg\" alt=\"Barbie Mystique\" class=\"wp-image-251877 size-full lazyload\" data-srcset=\"https:\/\/www.barbie-secondlife.com\/wp-content\/uploads\/2021\/01\/mystique.jpg 500w, https:\/\/www.barbie-secondlife.com\/wp-content\/uploads\/2021\/01\/mystique-302x302.jpg 302w, https:\/\/www.barbie-secondlife.com\/wp-content\/uploads\/2021\/01\/mystique-200x200.jpg 200w, https:\/\/www.barbie-secondlife.com\/wp-content\/uploads\/2021\/01\/mystique-350x350.jpg 350w, https:\/\/www.barbie-secondlife.com\/wp-content\/uploads\/2021\/01\/mystique-300x300.jpg 300w\" data-sizes=\"(max-width: 500px) 100vw, 500px\" src=\"data:image\/svg+xml;base64,PHN2ZyB3aWR0aD0iMSIgaGVpZ2h0PSIxIiB4bWxucz0iaHR0cDovL3d3dy53My5vcmcvMjAwMC9zdmciPjwvc3ZnPg==\" style=\"--smush-placeholder-width: 500px; --smush-placeholder-aspect-ratio: 500\/500;\" \/><\/figure><div class=\"wp-block-media-text__content\">\n<div class=\"wp-block-group\"><div class=\"wp-block-group__inner-container is-layout-flow wp-block-group-is-layout-flow\">\n<h2 class=\"has-text-align-center wp-block-heading\"><strong><a href=\"https:\/\/www.barbie-secondlife.com\/de\/barbie\/world\/barbie-mystique\/\">Barbie Mystique<\/a><\/strong><\/h2>\n\n\n\n<hr class=\"wp-block-separator has-css-opacity\"\/>\n\n\n\n<p>Dieser Superschurke ist eine Mutante, die mit der F\u00e4higkeit zur Metamorphose geboren wurde. Sie t\u00e4uscht ihre Feinde, indem sie das Aussehen und die Stimme einer Person kopiert. Barbie Mystique Puppe ist so verlockend wie die Figur, die sie darstellt. Diese sammelbare Barbie-Puppe bildet den ikonischen Superschurken-Look mit einem wei\u00dfen Kleid mit Seitenschlitzen und einem Sch\u00e4delg\u00fcrtel originalgetreu nach. Wei\u00dfe Handschuhe, Stiefel und der ikonische Sch\u00e4del auf ihrer Stirn runden ihr Outfit ab. Barbie Mystique Puppe wurde geschaffen, um wie sie mit durchdringenden gelben Augen, blauer Haut und leuchtend roten Haaren auszusehen. Feiern Sie 80 Jahre Action, Leidenschaft und Marvel-Comics mit der Barbie Mystique-Puppe. Beinhaltet ein Echtheitszertifikat. 3 Farben und Dekorationen k\u00f6nnen variieren.<\/p>\n\n\n\n<hr class=\"wp-block-separator has-css-opacity\"\/>\n<\/div><\/div>\n\n\n\n<div class=\"wp-block-columns is-layout-flex wp-container-core-columns-is-layout-9d6595d7 wp-block-columns-is-layout-flex\">\n<div class=\"wp-block-column is-layout-flow wp-block-column-is-layout-flow\">\n<ul class=\"wp-block-list\"><li><strong>Etikett<\/strong> <strong>:<\/strong>&nbsp;<a href=\"https:\/\/www.barbie-secondlife.com\/de\/tag\/gold-label\/\">Gold Label<\/a><\/li><li><strong>Designer<\/strong> :&nbsp;<a href=\"https:\/\/www.barbie-secondlife.com\/tag\/bill-greening\/\">B<\/a><a href=\"https:\/\/www.barbie-secondlife.com\/de\/tag\/bill-greening\/\">i<\/a><a href=\"https:\/\/www.barbie-secondlife.com\/tag\/bill-greening\/\">ll Greening<\/a><\/li><li><strong>Erscheinungsdatum :<\/strong>&nbsp;<strong><a href=\"https:\/\/www.barbie-secondlife.com\/de\/tag\/2019\/\">2019<\/a><\/strong><\/li><li><strong>Mode :<\/strong>&nbsp;wei\u00dfes Kleid, Totenkopfg\u00fcrtel<\/li><li><strong>K\u00f6rper<\/strong> <strong>:<\/strong>&nbsp;Gelenk<\/li><li><strong>Gesicht :<\/strong>&nbsp;Glimmer of God<\/li><li><strong>Sammlung<\/strong> : MARVEL<\/li><li><strong>Produktcode<\/strong> : GLJ53<\/li><\/ul>\n<\/div>\n\n\n\n<div class=\"wp-block-column is-layout-flow wp-block-column-is-layout-flow\">\n<figure class=\"wp-block-image size-large\"><img decoding=\"async\" width=\"306\" height=\"425\" data-src=\"https:\/\/www.barbie-secondlife.com\/wp-content\/uploads\/2021\/01\/Barbie_Mystique_Original.jpg\" alt=\"\" class=\"wp-image-251906 lazyload\" data-srcset=\"https:\/\/www.barbie-secondlife.com\/wp-content\/uploads\/2021\/01\/Barbie_Mystique_Original.jpg 306w, https:\/\/www.barbie-secondlife.com\/wp-content\/uploads\/2021\/01\/Barbie_Mystique_Original-302x419.jpg 302w, https:\/\/www.barbie-secondlife.com\/wp-content\/uploads\/2021\/01\/Barbie_Mystique_Original-200x278.jpg 200w, https:\/\/www.barbie-secondlife.com\/wp-content\/uploads\/2021\/01\/Barbie_Mystique_Original-216x300.jpg 216w\" data-sizes=\"(max-width: 306px) 100vw, 306px\" src=\"data:image\/svg+xml;base64,PHN2ZyB3aWR0aD0iMSIgaGVpZ2h0PSIxIiB4bWxucz0iaHR0cDovL3d3dy53My5vcmcvMjAwMC9zdmciPjwvc3ZnPg==\" style=\"--smush-placeholder-width: 306px; --smush-placeholder-aspect-ratio: 306\/425;\" \/><\/figure>\n<\/div>\n<\/div>\n<\/div><\/div>\n","protected":false},"excerpt":{"rendered":"<p>Barbie Xmen Marvel Diese Sammlung von 3 Barbies feiert das 80-j\u00e4hrige Bestehen von Marvel Comics mit einer Hommage an die legend\u00e4re Superheldin: Storm, Dark Phoenix und Mystique. Diese gro\u00dfartige Kollektion wurde 2019 ver\u00f6ffentlicht und vom ber\u00fchmten Designer Bill Greening hergestellt.<\/p>\n","protected":false},"author":1,"featured_media":252087,"parent":23825,"menu_order":0,"comment_status":"closed","ping_status":"closed","template":"","meta":{"footnotes":""},"class_list":["post-251688","page","type-page","status-publish","has-post-thumbnail","hentry"],"translation":{"provider":"WPGlobus","version":"3.0.2","language":"de","enabled_languages":["fr","en","es","br","de"],"languages":{"fr":{"title":true,"content":true,"excerpt":false},"en":{"title":true,"content":true,"excerpt":false},"es":{"title":true,"content":true,"excerpt":false},"br":{"title":true,"content":true,"excerpt":false},"de":{"title":true,"content":true,"excerpt":false}}},"_links":{"self":[{"href":"https:\/\/www.barbie-secondlife.com\/de\/wp-json\/wp\/v2\/pages\/251688","targetHints":{"allow":["GET"]}}],"collection":[{"href":"https:\/\/www.barbie-secondlife.com\/de\/wp-json\/wp\/v2\/pages"}],"about":[{"href":"https:\/\/www.barbie-secondlife.com\/de\/wp-json\/wp\/v2\/types\/page"}],"author":[{"embeddable":true,"href":"https:\/\/www.barbie-secondlife.com\/de\/wp-json\/wp\/v2\/users\/1"}],"replies":[{"embeddable":true,"href":"https:\/\/www.barbie-secondlife.com\/de\/wp-json\/wp\/v2\/comments?post=251688"}],"version-history":[{"count":0,"href":"https:\/\/www.barbie-secondlife.com\/de\/wp-json\/wp\/v2\/pages\/251688\/revisions"}],"up":[{"embeddable":true,"href":"https:\/\/www.barbie-secondlife.com\/de\/wp-json\/wp\/v2\/pages\/23825"}],"wp:featuredmedia":[{"embeddable":true,"href":"https:\/\/www.barbie-secondlife.com\/de\/wp-json\/wp\/v2\/media\/252087"}],"wp:attachment":[{"href":"https:\/\/www.barbie-secondlife.com\/de\/wp-json\/wp\/v2\/media?parent=251688"}],"curies":[{"name":"wp","href":"https:\/\/api.w.org\/{rel}","templated":true}]}}