{"id":28464,"date":"2020-05-06T03:19:07","date_gmt":"2020-05-06T01:19:07","guid":{"rendered":"https:\/\/www.barbie-secondlife.com\/?page_id=28464"},"modified":"2022-08-06T15:52:21","modified_gmt":"2022-08-06T13:52:21","slug":"finalstep","status":"publish","type":"page","link":"https:\/\/www.barbie-secondlife.com\/de\/evenements\/barbie-basics\/finalstep\/","title":{"rendered":"ENDPHASE"},"content":{"rendered":"\n<h2 class=\"has-text-color wp-block-heading\" style=\"color:#e67fb9\"><em><strong>Wettbewerb<\/strong> <strong>Barbie Basics &#8211; ENDPHASE<\/strong><\/em><\/h2>\n\n\n\n<p><br>Nehmen Sie an der 1. Phase des Barbie Basics-Wettbewerbs teil. Alle <a href=\"https:\/\/www.barbie-secondlife.com\/de\/collection\/barbie-basics\/\">Barbie Basics<\/a> aus meiner Sammlung kommen zusammen, um um die sch\u00f6nsten Barbie Basics zu k\u00e4mpfen. Es wird 6 Stufen geben, die den 6 Outfits der verschiedenen Kollektionen von entsprechen. <a href=\"https:\/\/www.barbie-secondlife.com\/de\/tag\/collection-001\/\">Collection 001<\/a>, <a href=\"https:\/\/www.barbie-secondlife.com\/de\/tag\/collection-001-5\/\">Collection 001.5<\/a>, <a href=\"https:\/\/www.barbie-secondlife.com\/de\/tag\/collection-002\/\">Collection 002<\/a>, <a href=\"https:\/\/www.barbie-secondlife.com\/de\/tag\/collection-002-5\/\">Collection 002.5<\/a>, <a href=\"https:\/\/www.barbie-secondlife.com\/de\/tag\/collection-003\/\">Collection 003<\/a>, <a href=\"https:\/\/www.barbie-secondlife.com\/de\/tag\/collection-red\/\">Collection Red<\/a>.<\/p>\n\n\n\n<hr class=\"wp-block-separator\"\/>\n\n\n\n<p>Die <strong>EndPhase<\/strong> besteht darin, die sch\u00f6nste Barbie unter den 6 Barbie zu w\u00e4hlen, die Sie in den verschiedenen Phasen w\u00e4hlen werden. Der Gewinner des <strong>Wettbewerb Barbie Basics<\/strong> ist..<\/p>\n\n\n\n<hr class=\"wp-block-separator\"\/>\n\n\n\n<div class=\"wp-block-image\"><figure class=\"aligncenter size-large\"><img decoding=\"async\" width=\"135\" height=\"425\" data-src=\"https:\/\/www.barbie-secondlife.com\/wp-content\/uploads\/2020\/05\/Gagnante.gif\" alt=\"Concours Barbie Basics\" class=\"wp-image-29967 lazyload\" src=\"data:image\/svg+xml;base64,PHN2ZyB3aWR0aD0iMSIgaGVpZ2h0PSIxIiB4bWxucz0iaHR0cDovL3d3dy53My5vcmcvMjAwMC9zdmciPjwvc3ZnPg==\" style=\"--smush-placeholder-width: 135px; --smush-placeholder-aspect-ratio: 135\/425;\" \/><\/figure><\/div>\n\n\n\n<div class=\"wp-block-image\"><figure class=\"aligncenter size-large\"><img decoding=\"async\" width=\"1024\" height=\"853\" data-src=\"https:\/\/www.barbie-secondlife.com\/wp-content\/uploads\/2020\/05\/Souraya_Gagnante-1-1024x853.jpg\" alt=\"Gagnante Souraya Barbie Basics\" class=\"wp-image-30030 lazyload\" data-srcset=\"https:\/\/www.barbie-secondlife.com\/wp-content\/uploads\/2020\/05\/Souraya_Gagnante-1-1024x853.jpg 1024w, https:\/\/www.barbie-secondlife.com\/wp-content\/uploads\/2020\/05\/Souraya_Gagnante-1-302x252.jpg 302w, https:\/\/www.barbie-secondlife.com\/wp-content\/uploads\/2020\/05\/Souraya_Gagnante-1-200x167.jpg 200w, https:\/\/www.barbie-secondlife.com\/wp-content\/uploads\/2020\/05\/Souraya_Gagnante-1-500x417.jpg 500w, https:\/\/www.barbie-secondlife.com\/wp-content\/uploads\/2020\/05\/Souraya_Gagnante-1-350x292.jpg 350w, https:\/\/www.barbie-secondlife.com\/wp-content\/uploads\/2020\/05\/Souraya_Gagnante-1-768x640.jpg 768w, https:\/\/www.barbie-secondlife.com\/wp-content\/uploads\/2020\/05\/Souraya_Gagnante-1.jpg 1200w\" data-sizes=\"(max-width: 1024px) 100vw, 1024px\" src=\"data:image\/svg+xml;base64,PHN2ZyB3aWR0aD0iMSIgaGVpZ2h0PSIxIiB4bWxucz0iaHR0cDovL3d3dy53My5vcmcvMjAwMC9zdmciPjwvc3ZnPg==\" style=\"--smush-placeholder-width: 1024px; --smush-placeholder-aspect-ratio: 1024\/853;\" \/><\/figure><\/div>\n","protected":false},"excerpt":{"rendered":"<p>Wettbewerb Barbie Basics &#8211; ENDPHASE Nehmen Sie an der 1. Phase des Barbie Basics-Wettbewerbs teil. Alle Barbie Basics aus meiner Sammlung kommen zusammen, um um die sch\u00f6nsten Barbie Basics zu k\u00e4mpfen. Es wird 6 Stufen geben, die den 6 Outfits der verschiedenen Kollektionen von entsprechen. Collection 001, Collection 001.5, Collection 002, Collection 002.5, Collection 003, [&hellip;]<\/p>\n","protected":false},"author":1,"featured_media":0,"parent":28285,"menu_order":0,"comment_status":"closed","ping_status":"closed","template":"","meta":{"footnotes":""},"class_list":["post-28464","page","type-page","status-publish","hentry"],"translation":{"provider":"WPGlobus","version":"3.0.2","language":"de","enabled_languages":["fr","en","es","br","de"],"languages":{"fr":{"title":true,"content":true,"excerpt":false},"en":{"title":true,"content":true,"excerpt":false},"es":{"title":true,"content":true,"excerpt":false},"br":{"title":true,"content":true,"excerpt":false},"de":{"title":true,"content":true,"excerpt":false}}},"_links":{"self":[{"href":"https:\/\/www.barbie-secondlife.com\/de\/wp-json\/wp\/v2\/pages\/28464","targetHints":{"allow":["GET"]}}],"collection":[{"href":"https:\/\/www.barbie-secondlife.com\/de\/wp-json\/wp\/v2\/pages"}],"about":[{"href":"https:\/\/www.barbie-secondlife.com\/de\/wp-json\/wp\/v2\/types\/page"}],"author":[{"embeddable":true,"href":"https:\/\/www.barbie-secondlife.com\/de\/wp-json\/wp\/v2\/users\/1"}],"replies":[{"embeddable":true,"href":"https:\/\/www.barbie-secondlife.com\/de\/wp-json\/wp\/v2\/comments?post=28464"}],"version-history":[{"count":0,"href":"https:\/\/www.barbie-secondlife.com\/de\/wp-json\/wp\/v2\/pages\/28464\/revisions"}],"up":[{"embeddable":true,"href":"https:\/\/www.barbie-secondlife.com\/de\/wp-json\/wp\/v2\/pages\/28285"}],"wp:attachment":[{"href":"https:\/\/www.barbie-secondlife.com\/de\/wp-json\/wp\/v2\/media?parent=28464"}],"curies":[{"name":"wp","href":"https:\/\/api.w.org\/{rel}","templated":true}]}}