{"id":469477,"date":"2021-08-11T22:15:39","date_gmt":"2021-08-11T20:15:39","guid":{"rendered":"https:\/\/www.barbie-secondlife.com\/?page_id=469477"},"modified":"2022-08-06T14:36:40","modified_gmt":"2022-08-06T12:36:40","slug":"holiday","status":"publish","type":"page","link":"https:\/\/www.barbie-secondlife.com\/de\/collection\/holiday\/","title":{"rendered":"Holiday"},"content":{"rendered":"\n<h2 class=\"wp-block-heading\"><strong><em>Barbie Holiday<\/em><\/strong><\/h2>\n\n\n\n<p>Barbie &#8218;<strong>Holiday<\/strong>&#8218; ist eine Kollektion, die ein sch\u00f6nes Geschenk f\u00fcr die Weihnachtszeit ist. Sie tr\u00e4gt in den letzten Jahren (2022-2020-2019-2018-2017) immer ein sch\u00f6nes Kleid, oft rot. Diese Kollektion beginnt 1988 und seit 2007 ver\u00e4ndert sich der K\u00f6rper dieser Barbie, sie wird zu einem K\u00f6rper von &#8218;Muse&#8216;. <a href=\"https:\/\/www.barbie-secondlife.com\/de\/tag\/bob-mackie\/\">Bob Mackie<\/a>, ber\u00fchmter <a href=\"https:\/\/www.barbie-secondlife.com\/de\/collection\/designer\/\">Designer<\/a>, kleidet die Barbie Holiday 2005 und 2006 in der &#8218;<a href=\"https:\/\/www.barbie-secondlife.com\/de\/tag\/special-occasion\/\">Special Occasion<\/a>&#8218;-Kollektion. Die Kollektion \u201eBarbie <strong>Holiday<\/strong>\u201c besteht jedes Jahr aus 3 verschiedenen Puppen. Ich habe 3 Arten von &#8218;Holidays&#8216; Barbie in meiner Sammlung, &#8218;Barbie Holiday Anniversary&#8216;, &#8218;Barbie Holiday Special Occasion&#8216; und &#8218;Barbie Holiday (Weihnachten).<\/p>\n\n\n\n<hr class=\"wp-block-separator\"\/>\n\n\n\n<figure class=\"wp-block-table\"><table class=\"has-fixed-layout\"><tbody><tr><td class=\"has-text-align-center\" data-align=\"center\"><a href=\"https:\/\/www.barbie-secondlife.com\/de\/collection\/holiday\/holiday-noel\/\"><img decoding=\"async\" data-src=\"https:\/\/www.barbie-secondlife.com\/wp-content\/uploads\/2021\/08\/Barbie_AnaKarina_Original.jpg\" alt=\"Barbie Ana Karina\" style=\"--smush-placeholder-width: 349px; --smush-placeholder-aspect-ratio: 349\/425;width: 200px;\" src=\"data:image\/svg+xml;base64,PHN2ZyB3aWR0aD0iMSIgaGVpZ2h0PSIxIiB4bWxucz0iaHR0cDovL3d3dy53My5vcmcvMjAwMC9zdmciPjwvc3ZnPg==\" class=\"lazyload\"><\/a><\/td><td><strong><a href=\"https:\/\/www.barbie-secondlife.com\/de\/collection\/holiday\/holiday-noel\/\">Barbie Holiday (Weihnachten)<\/a><br><\/strong>Es ist die ber\u00fchmteste der &#8218;Holiday&#8216;-Kollektionen. Jedes Jahr bilden 3 Barbies die Serie mit einer blonden Barbie, einer braunen Barbie und einer mit braunen Haaren (Au\u00dfer 2022, 4 Barbies). An diesen Kollektionen haben mehrere <a href=\"https:\/\/www.barbie-secondlife.com\/de\/collection\/designer\/\">Designer <\/a>zusammengearbeitet, darunter <a href=\"https:\/\/www.barbie-secondlife.com\/de\/tag\/bill-greening\/\">Bill Greening<\/a>, <a href=\"https:\/\/www.barbie-secondlife.com\/de\/tag\/linda-kyaw\/\">Linda Kyaw<\/a>, <a href=\"https:\/\/www.barbie-secondlife.com\/de\/tag\/carlyle-nuera\/\">Carlyle Nuera<\/a> und <a href=\"https:\/\/www.barbie-secondlife.com\/de\/tag\/caroline-demersseman\/\">Caroline DeMersseman<\/a>. Alle meine Barbies in dieser Kollektion haben einen <a href=\"https:\/\/www.barbie-secondlife.com\/de\/tag\/muse\/\">Muse<\/a>-K\u00f6rper<\/td><\/tr><\/tbody><\/table><\/figure>\n\n\n\n<hr class=\"wp-block-separator\"\/>\n\n\n\n<figure class=\"wp-block-table\"><table class=\"has-fixed-layout\"><tbody><tr><td><strong><a href=\"https:\/\/www.barbie-secondlife.com\/de\/collection\/holiday\/holiday-anniversary\/\">Barbie Holiday Anniversary<\/a><br><\/strong>Diese Kollektion erscheint anl\u00e4sslich der Feierlichkeiten zum Jahresende, schl\u00e4gt aber vor, ein besonderes Ereignis f\u00fcr die Barbie-Puppe zu feiern, wie den <a href=\"https:\/\/www.barbie-secondlife.com\/de\/tag\/50th-anniversary\/\">50<\/a>. An diesen Barbies haben verschiedene <a href=\"https:\/\/www.barbie-secondlife.com\/de\/collection\/designer\/\">Designer <\/a>wie <a href=\"https:\/\/www.barbie-secondlife.com\/de\/tag\/judy-choi\/\">Judy Choi<\/a> oder <a href=\"https:\/\/www.barbie-secondlife.com\/de\/tag\/sharon-zuckerman\/\">Sharon Zuckerman<\/a> teilgenommen. Alle meine Barbies in dieser Kollektion haben einen <a href=\"https:\/\/www.barbie-secondlife.com\/de\/tag\/muse\/\">Muse<\/a>-K\u00f6rper<\/td><td class=\"has-text-align-center\" data-align=\"center\"><a href=\"https:\/\/www.barbie-secondlife.com\/de\/collection\/holiday\/holiday-anniversary\/\"><img decoding=\"async\" width=\"250\" height=\"230\" class=\"wp-image-33888 lazyload\" style=\"--smush-placeholder-width: 250px; --smush-placeholder-aspect-ratio: 250\/230;width: 250px;\" data-src=\"https:\/\/www.barbie-secondlife.com\/wp-content\/uploads\/2016\/09\/Barbie_Agnese_Original.jpg\" alt=\"Barbie Agnese\" data-srcset=\"https:\/\/www.barbie-secondlife.com\/wp-content\/uploads\/2016\/09\/Barbie_Agnese_Original.jpg 461w, https:\/\/www.barbie-secondlife.com\/wp-content\/uploads\/2016\/09\/Barbie_Agnese_Original-302x278.jpg 302w, https:\/\/www.barbie-secondlife.com\/wp-content\/uploads\/2016\/09\/Barbie_Agnese_Original-200x184.jpg 200w, https:\/\/www.barbie-secondlife.com\/wp-content\/uploads\/2016\/09\/Barbie_Agnese_Original-350x323.jpg 350w, https:\/\/www.barbie-secondlife.com\/wp-content\/uploads\/2016\/09\/Barbie_Agnese_Original-325x300.jpg 325w\" data-sizes=\"(max-width: 250px) 100vw, 250px\" src=\"data:image\/svg+xml;base64,PHN2ZyB3aWR0aD0iMSIgaGVpZ2h0PSIxIiB4bWxucz0iaHR0cDovL3d3dy53My5vcmcvMjAwMC9zdmciPjwvc3ZnPg==\" \/><\/a><\/td><\/tr><\/tbody><\/table><\/figure>\n\n\n\n<hr class=\"wp-block-separator\"\/>\n\n\n\n<figure class=\"wp-block-table\"><table class=\"has-fixed-layout\"><tbody><tr><td class=\"has-text-align-center\" data-align=\"center\"><a href=\"https:\/\/www.barbie-secondlife.com\/de\/collection\/holiday\/holiday-special-occasion\/\"><img decoding=\"async\" width=\"220\" height=\"282\" class=\"wp-image-469479 lazyload\" style=\"--smush-placeholder-width: 220px; --smush-placeholder-aspect-ratio: 220\/282;width: 220px;\" data-src=\"https:\/\/www.barbie-secondlife.com\/wp-content\/uploads\/2021\/08\/Yvelise_2000HolidayCelebration.jpg\" alt=\"Barbie Holiday Celebration 2000\" data-srcset=\"https:\/\/www.barbie-secondlife.com\/wp-content\/uploads\/2021\/08\/Yvelise_2000HolidayCelebration.jpg 390w, https:\/\/www.barbie-secondlife.com\/wp-content\/uploads\/2021\/08\/Yvelise_2000HolidayCelebration-302x387.jpg 302w, https:\/\/www.barbie-secondlife.com\/wp-content\/uploads\/2021\/08\/Yvelise_2000HolidayCelebration-200x256.jpg 200w, https:\/\/www.barbie-secondlife.com\/wp-content\/uploads\/2021\/08\/Yvelise_2000HolidayCelebration-350x449.jpg 350w, https:\/\/www.barbie-secondlife.com\/wp-content\/uploads\/2021\/08\/Yvelise_2000HolidayCelebration-234x300.jpg 234w\" data-sizes=\"(max-width: 220px) 100vw, 220px\" src=\"data:image\/svg+xml;base64,PHN2ZyB3aWR0aD0iMSIgaGVpZ2h0PSIxIiB4bWxucz0iaHR0cDovL3d3dy53My5vcmcvMjAwMC9zdmciPjwvc3ZnPg==\" \/><\/a><\/td><td><strong><a href=\"https:\/\/www.barbie-secondlife.com\/de\/collection\/holiday\/holiday-special-occasion\/\">Barbie Holiday Special Occasion<\/a><\/strong><br>Diese Puppen wurden speziell geschaffen, um den \u00dcbergang in ein neues Jahr zu feiern, insbesondere um das Jahr 2000 zu feiern oder den Eintritt in ein neues Jahrhundert (2001) einzuleiten. <a href=\"https:\/\/www.barbie-secondlife.com\/de\/tag\/bob-mackie\/\">Bob Mackie<\/a>, ber\u00fchmter Barbie-<a href=\"https:\/\/www.barbie-secondlife.com\/de\/collection\/designer\/\">Designer<\/a>, arbeitete 2005 und 2006 mit Mattel zusammen. Ich habe den K\u00f6rper dieser Barbies mit einem K\u00f6rper von &#8222;<a href=\"https:\/\/www.barbie-secondlife.com\/de\/tag\/muse\/\">Muse<\/a>&#8220; modifiziert.<\/td><\/tr><\/tbody><\/table><\/figure>\n","protected":false},"excerpt":{"rendered":"<p>Barbie Holiday Barbie &#8218;Holiday&#8218; ist eine Kollektion, die ein sch\u00f6nes Geschenk f\u00fcr die Weihnachtszeit ist. Sie tr\u00e4gt in den letzten Jahren (2022-2020-2019-2018-2017) immer ein sch\u00f6nes Kleid, oft rot. Diese Kollektion beginnt 1988 und seit 2007 ver\u00e4ndert sich der K\u00f6rper dieser Barbie, sie wird zu einem K\u00f6rper von &#8218;Muse&#8216;. Bob Mackie, ber\u00fchmter Designer, kleidet die Barbie [&hellip;]<\/p>\n","protected":false},"author":1,"featured_media":469498,"parent":4910,"menu_order":0,"comment_status":"closed","ping_status":"closed","template":"","meta":{"footnotes":""},"class_list":["post-469477","page","type-page","status-publish","has-post-thumbnail","hentry"],"translation":{"provider":"WPGlobus","version":"3.0.2","language":"de","enabled_languages":["fr","en","es","br","de"],"languages":{"fr":{"title":true,"content":true,"excerpt":false},"en":{"title":true,"content":true,"excerpt":false},"es":{"title":true,"content":true,"excerpt":false},"br":{"title":true,"content":true,"excerpt":false},"de":{"title":true,"content":true,"excerpt":false}}},"_links":{"self":[{"href":"https:\/\/www.barbie-secondlife.com\/de\/wp-json\/wp\/v2\/pages\/469477","targetHints":{"allow":["GET"]}}],"collection":[{"href":"https:\/\/www.barbie-secondlife.com\/de\/wp-json\/wp\/v2\/pages"}],"about":[{"href":"https:\/\/www.barbie-secondlife.com\/de\/wp-json\/wp\/v2\/types\/page"}],"author":[{"embeddable":true,"href":"https:\/\/www.barbie-secondlife.com\/de\/wp-json\/wp\/v2\/users\/1"}],"replies":[{"embeddable":true,"href":"https:\/\/www.barbie-secondlife.com\/de\/wp-json\/wp\/v2\/comments?post=469477"}],"version-history":[{"count":0,"href":"https:\/\/www.barbie-secondlife.com\/de\/wp-json\/wp\/v2\/pages\/469477\/revisions"}],"up":[{"embeddable":true,"href":"https:\/\/www.barbie-secondlife.com\/de\/wp-json\/wp\/v2\/pages\/4910"}],"wp:featuredmedia":[{"embeddable":true,"href":"https:\/\/www.barbie-secondlife.com\/de\/wp-json\/wp\/v2\/media\/469498"}],"wp:attachment":[{"href":"https:\/\/www.barbie-secondlife.com\/de\/wp-json\/wp\/v2\/media?parent=469477"}],"curies":[{"name":"wp","href":"https:\/\/api.w.org\/{rel}","templated":true}]}}