{"id":469554,"date":"2021-08-12T13:17:45","date_gmt":"2021-08-12T11:17:45","guid":{"rendered":"https:\/\/www.barbie-secondlife.com\/?page_id=469554"},"modified":"2022-08-06T14:46:22","modified_gmt":"2022-08-06T12:46:22","slug":"holiday-anniversary","status":"publish","type":"page","link":"https:\/\/www.barbie-secondlife.com\/de\/collection\/holiday\/holiday-anniversary\/","title":{"rendered":"Holiday Anniversary"},"content":{"rendered":"\n<h2 class=\"wp-block-heading\"><strong><em>Barbie Holiday Anniversary<\/em><\/strong><\/h2>\n\n\n\n<p>Barbie Holiday Anniversary Puppen feiern eine festliche Zeit des Jahres und ein besonderes Ereignis im Zusammenhang mit der Geschichte von Barbie, dem Jubil\u00e4um ihrer Kreation oder dem Jubil\u00e4um einer besonderen Kollektion. Hier sind die Puppen aus meiner Sammlung unten.<\/p>\n\n\n\n<hr class=\"wp-block-separator\"\/>\n\n\n\n<figure class=\"wp-block-table\"><table class=\"has-fixed-layout\"><tbody><tr><td class=\"has-text-align-center\" data-align=\"center\"><a href=\"https:\/\/www.barbie-secondlife.com\/de\/tag\/50th-anniversary\/\"><img decoding=\"async\" width=\"200\" height=\"188\" class=\"wp-image-469555 lazyload\" style=\"--smush-placeholder-width: 200px; --smush-placeholder-aspect-ratio: 200\/188;width: 200px;\" data-src=\"https:\/\/www.barbie-secondlife.com\/wp-content\/uploads\/2021\/08\/Priscilla.jpg\" alt=\"Barbie Holiday 50th Anniversary\" data-srcset=\"https:\/\/www.barbie-secondlife.com\/wp-content\/uploads\/2021\/08\/Priscilla.jpg 451w, https:\/\/www.barbie-secondlife.com\/wp-content\/uploads\/2021\/08\/Priscilla-302x285.jpg 302w, https:\/\/www.barbie-secondlife.com\/wp-content\/uploads\/2021\/08\/Priscilla-200x188.jpg 200w, https:\/\/www.barbie-secondlife.com\/wp-content\/uploads\/2021\/08\/Priscilla-350x330.jpg 350w, https:\/\/www.barbie-secondlife.com\/wp-content\/uploads\/2021\/08\/Priscilla-318x300.jpg 318w\" data-sizes=\"(max-width: 200px) 100vw, 200px\" src=\"data:image\/svg+xml;base64,PHN2ZyB3aWR0aD0iMSIgaGVpZ2h0PSIxIiB4bWxucz0iaHR0cDovL3d3dy53My5vcmcvMjAwMC9zdmciPjwvc3ZnPg==\" \/><\/a><\/td><td><a href=\"https:\/\/www.barbie-secondlife.com\/de\/tag\/50th-anniversary\/\">Barbie 50th Anniversary<\/a><br>Eine Vision von der Perfektion der Ferien zum Jahresende! Die Holiday Barbie 2009 Puppe gl\u00e4nzt als Spiegelbild eines aufregenden Jahres, in dem das 50-j\u00e4hrige Jubil\u00e4um der Barbie-Puppe gefeiert wird.<\/td><\/tr><\/tbody><\/table><\/figure>\n\n\n\n<hr class=\"wp-block-separator\"\/>\n\n\n\n<figure class=\"wp-block-table\"><table class=\"has-fixed-layout\"><tbody><tr><td><a href=\"https:\/\/www.barbie-secondlife.com\/de\/tag\/25th-anniversary\/\">Barbie 25th Anniversary<\/a><br>Eine winterliche Welt aus silbernen Schneeflocken, Familie, Freunden und ganz viel Liebe: Diese wundervolle Jahreszeit inspiriert Barbie seit 25 Jahren! Jetzt feiert sie diese schillernde Jahreszeit. Die Barbie-Puppe Holiday 2013 erinnert an dieses silberne Jubil\u00e4um in einem festlichen und schimmernden Kleid. 3 Barbie bilden diese Sammlung (2 in meiner Sammlung)<\/td><td class=\"has-text-align-center\" data-align=\"center\"><a href=\"https:\/\/www.barbie-secondlife.com\/de\/tag\/25th-anniversary\/\"><img decoding=\"async\" width=\"170\" height=\"225\" class=\"wp-image-19071 lazyload\" style=\"--smush-placeholder-width: 170px; --smush-placeholder-aspect-ratio: 170\/225;width: 170px;\" data-src=\"https:\/\/www.barbie-secondlife.com\/wp-content\/uploads\/2019\/07\/Barbie_Celeste_Original.png\" alt=\"Barbie Holiday 25th Anniversary\" data-srcset=\"https:\/\/www.barbie-secondlife.com\/wp-content\/uploads\/2019\/07\/Barbie_Celeste_Original.png 321w, https:\/\/www.barbie-secondlife.com\/wp-content\/uploads\/2019\/07\/Barbie_Celeste_Original-302x400.png 302w, https:\/\/www.barbie-secondlife.com\/wp-content\/uploads\/2019\/07\/Barbie_Celeste_Original-200x265.png 200w, https:\/\/www.barbie-secondlife.com\/wp-content\/uploads\/2019\/07\/Barbie_Celeste_Original-227x300.png 227w\" data-sizes=\"(max-width: 170px) 100vw, 170px\" src=\"data:image\/svg+xml;base64,PHN2ZyB3aWR0aD0iMSIgaGVpZ2h0PSIxIiB4bWxucz0iaHR0cDovL3d3dy53My5vcmcvMjAwMC9zdmciPjwvc3ZnPg==\" \/><\/a><\/td><\/tr><\/tbody><\/table><\/figure>\n\n\n\n<hr class=\"wp-block-separator\"\/>\n\n\n\n<figure class=\"wp-block-table\"><table class=\"has-fixed-layout\"><tbody><tr><td class=\"has-text-align-center\" data-align=\"center\"><a href=\"https:\/\/www.barbie-secondlife.com\/de\/tag\/20th-anniversary\/\"><img decoding=\"async\" width=\"200\" height=\"219\" class=\"wp-image-469558 lazyload\" style=\"--smush-placeholder-width: 200px; --smush-placeholder-aspect-ratio: 200\/219;width: 200px;\" data-src=\"https:\/\/www.barbie-secondlife.com\/wp-content\/uploads\/2021\/08\/Barbie20thanniversary.jpg\" alt=\"Barbie Holiday 20th Anniversary\" data-srcset=\"https:\/\/www.barbie-secondlife.com\/wp-content\/uploads\/2021\/08\/Barbie20thanniversary.jpg 1015w, https:\/\/www.barbie-secondlife.com\/wp-content\/uploads\/2021\/08\/Barbie20thanniversary-302x331.jpg 302w, https:\/\/www.barbie-secondlife.com\/wp-content\/uploads\/2021\/08\/Barbie20thanniversary-200x219.jpg 200w, https:\/\/www.barbie-secondlife.com\/wp-content\/uploads\/2021\/08\/Barbie20thanniversary-500x547.jpg 500w, https:\/\/www.barbie-secondlife.com\/wp-content\/uploads\/2021\/08\/Barbie20thanniversary-350x383.jpg 350w, https:\/\/www.barbie-secondlife.com\/wp-content\/uploads\/2021\/08\/Barbie20thanniversary-936x1024.jpg 936w, https:\/\/www.barbie-secondlife.com\/wp-content\/uploads\/2021\/08\/Barbie20thanniversary-274x300.jpg 274w, https:\/\/www.barbie-secondlife.com\/wp-content\/uploads\/2021\/08\/Barbie20thanniversary-768x841.jpg 768w\" data-sizes=\"(max-width: 200px) 100vw, 200px\" src=\"data:image\/svg+xml;base64,PHN2ZyB3aWR0aD0iMSIgaGVpZ2h0PSIxIiB4bWxucz0iaHR0cDovL3d3dy53My5vcmcvMjAwMC9zdmciPjwvc3ZnPg==\" \/><\/a><\/td><td><a href=\"https:\/\/www.barbie-secondlife.com\/de\/tag\/20th-anniversary\/\">Barbie 20th Anniversary<\/a><br>Die Barbie Holiday 2008 Puppe ist eine Hommage an 20 Jahre Barbie-Puppen mit Weihnachtsmotiven! Tr\u00e4gt ein wundersch\u00f6nes funkelndes silbernes Kleid mit silbernen Ohrringen, langes, \u00fcppiges Haar hochgesteckt und weg von einem wundersch\u00f6n bemalten Gesicht. Es gibt 2 Variationen dieser Barbie, eine blonde Barbie und eine Br\u00fcnette (Afroamerikaner)<\/td><\/tr><\/tbody><\/table><\/figure>\n","protected":false},"excerpt":{"rendered":"<p>Barbie Holiday Anniversary Barbie Holiday Anniversary Puppen feiern eine festliche Zeit des Jahres und ein besonderes Ereignis im Zusammenhang mit der Geschichte von Barbie, dem Jubil\u00e4um ihrer Kreation oder dem Jubil\u00e4um einer besonderen Kollektion. Hier sind die Puppen aus meiner Sammlung unten. Barbie 50th AnniversaryEine Vision von der Perfektion der Ferien zum Jahresende! Die Holiday [&hellip;]<\/p>\n","protected":false},"author":1,"featured_media":469587,"parent":469477,"menu_order":0,"comment_status":"closed","ping_status":"closed","template":"","meta":{"footnotes":""},"class_list":["post-469554","page","type-page","status-publish","has-post-thumbnail","hentry"],"translation":{"provider":"WPGlobus","version":"3.0.2","language":"de","enabled_languages":["fr","en","es","br","de"],"languages":{"fr":{"title":true,"content":true,"excerpt":false},"en":{"title":true,"content":true,"excerpt":false},"es":{"title":true,"content":true,"excerpt":false},"br":{"title":true,"content":true,"excerpt":false},"de":{"title":true,"content":true,"excerpt":false}}},"_links":{"self":[{"href":"https:\/\/www.barbie-secondlife.com\/de\/wp-json\/wp\/v2\/pages\/469554","targetHints":{"allow":["GET"]}}],"collection":[{"href":"https:\/\/www.barbie-secondlife.com\/de\/wp-json\/wp\/v2\/pages"}],"about":[{"href":"https:\/\/www.barbie-secondlife.com\/de\/wp-json\/wp\/v2\/types\/page"}],"author":[{"embeddable":true,"href":"https:\/\/www.barbie-secondlife.com\/de\/wp-json\/wp\/v2\/users\/1"}],"replies":[{"embeddable":true,"href":"https:\/\/www.barbie-secondlife.com\/de\/wp-json\/wp\/v2\/comments?post=469554"}],"version-history":[{"count":0,"href":"https:\/\/www.barbie-secondlife.com\/de\/wp-json\/wp\/v2\/pages\/469554\/revisions"}],"up":[{"embeddable":true,"href":"https:\/\/www.barbie-secondlife.com\/de\/wp-json\/wp\/v2\/pages\/469477"}],"wp:featuredmedia":[{"embeddable":true,"href":"https:\/\/www.barbie-secondlife.com\/de\/wp-json\/wp\/v2\/media\/469587"}],"wp:attachment":[{"href":"https:\/\/www.barbie-secondlife.com\/de\/wp-json\/wp\/v2\/media?parent=469554"}],"curies":[{"name":"wp","href":"https:\/\/api.w.org\/{rel}","templated":true}]}}