{"id":469594,"date":"2021-08-12T13:33:03","date_gmt":"2021-08-12T11:33:03","guid":{"rendered":"https:\/\/www.barbie-secondlife.com\/?page_id=469594"},"modified":"2024-01-15T16:36:26","modified_gmt":"2024-01-15T15:36:26","slug":"holiday-special-occasion","status":"publish","type":"page","link":"https:\/\/www.barbie-secondlife.com\/de\/collection\/holiday\/holiday-special-occasion\/","title":{"rendered":"Holiday Special Occasion"},"content":{"rendered":"\n<h2 class=\"wp-block-heading\"><strong><em>Barbie Holiday Special Occasion<\/em><\/strong><\/h2>\n\n\n\n<hr class=\"wp-block-separator has-css-opacity\"\/>\n\n\n\n<figure class=\"wp-block-table\"><table class=\"has-fixed-layout\"><tbody><tr><td class=\"has-text-align-center\" data-align=\"center\"><a href=\"https:\/\/www.barbie-secondlife.com\/de\/tag\/holiday-bob-mackie\/\"><img decoding=\"async\" width=\"241\" height=\"425\" class=\"wp-image-19548 lazyload\" style=\"--smush-placeholder-width: 241px; --smush-placeholder-aspect-ratio: 241\/425;width: px;\" data-src=\"https:\/\/www.barbie-secondlife.com\/wp-content\/uploads\/2019\/08\/Barbie_Raven_Original.jpg\" alt=\"Barbie Raven\" data-srcset=\"https:\/\/www.barbie-secondlife.com\/wp-content\/uploads\/2019\/08\/Barbie_Raven_Original.jpg 241w, https:\/\/www.barbie-secondlife.com\/wp-content\/uploads\/2019\/08\/Barbie_Raven_Original-200x353.jpg 200w, https:\/\/www.barbie-secondlife.com\/wp-content\/uploads\/2019\/08\/Barbie_Raven_Original-170x300.jpg 170w\" data-sizes=\"(max-width: 241px) 100vw, 241px\" src=\"data:image\/svg+xml;base64,PHN2ZyB3aWR0aD0iMSIgaGVpZ2h0PSIxIiB4bWxucz0iaHR0cDovL3d3dy53My5vcmcvMjAwMC9zdmciPjwvc3ZnPg==\" \/><\/a><\/td><td><a href=\"https:\/\/www.barbie-secondlife.com\/de\/tag\/holiday-bob-mackie\/\">Barbie Holiday Bob Mackie<\/a><br>Die Weihnachtszeit <strong>2005 <\/strong>bringt eine atemberaubende Erg\u00e4nzung zur Tradition der Weihnachts-Barbie-Puppen! Das Kleid wurde vom renommierten Designer Bob Mackie entworfen und ist wundersch\u00f6n aus Jacquard mit Pailletten-Print, T\u00fcll mit Pilzfalten, fuchsiafarbenem glitzernden Organza und rosa Satin gefertigt. Der bordeauxrote Flockg\u00fcrtel hat einen silbernen Rand. Ein sternenklares Glitzermuster ziert die Schulter. Die Brosche, Halskette, Ohrringe und Krone sind die sch\u00f6nen Accessoires.<br><strong>2006 <\/strong>pr\u00e4sentiert Bob Mackie wieder ein sch\u00f6nes Geschenk f\u00fcr diese besondere Jahreszeit. Bob Mackies Barbie Holiday 2006 (Foto gegen\u00fcber) sieht wunderbar edel aus in einem schwarzen Kleid und wei\u00dfem Kunstpelz, verziert mit festlichen bunten Sternen. 2006 Holiday Barbie ist Mr. Mackies zweite Holiday Barbie Puppenkreation.<\/td><\/tr><\/tbody><\/table><\/figure>\n\n\n\n<hr class=\"wp-block-separator has-css-opacity\"\/>\n\n\n\n<figure class=\"wp-block-table\"><table class=\"has-fixed-layout\"><tbody><tr><td><a href=\"https:\/\/www.barbie-secondlife.com\/de\/tag\/holiday-celebration\/\">Barbie Holiday Celebration<\/a><br>im Jahr <strong>2000 <\/strong>die absolut wundersch\u00f6ne Barbie Celebration-Puppe. Um den ersten Urlaub des neuen Jahrtausends zu etwas Besonderem zu machen, tr\u00e4gt sie ein \u00fcppiges, glitzerndes Goldkleid mit einem vollen Taft-Petticoat. Ihr goldschimmerndes Mieder und der luxuri\u00f6s weiche Kunstpelzkragen verleihen ihrer Sch\u00f6nheit eine au\u00dfergew\u00f6hnliche Prinzessinnen-Aura. Mit einem schillernden Ornament, das dem Jahr 2000 huldigt, ist sie eine wundervolle Erinnerung an dieses bedeutsame Jahr.<br>Wir feiern die Feiertage Barbie <strong>2001 <\/strong>ist die zweite in einer neuen Puppenserie, die den Weihnachtsgeist des neuen Jahrtausends symbolisiert. Sie sieht absolut umwerfend aus in einem funkelnden wei\u00dfen Kleid, das mit silbernen Sternen besetzt ist, und einem roten Mantel, der mit einer wei\u00dfen Kunstpelz-Schmuckkette verziert ist, und ihr langes blondes Haar lockt sich weit unter ihrer Taille.<\/td><td class=\"has-text-align-center\" data-align=\"center\"><a href=\"https:\/\/www.barbie-secondlife.com\/de\/tag\/celebration-holiday\/\"><img decoding=\"async\" width=\"357\" height=\"425\" class=\"wp-image-288789 lazyload\" style=\"--smush-placeholder-width: 357px; --smush-placeholder-aspect-ratio: 357\/425;width: px;\" data-src=\"https:\/\/www.barbie-secondlife.com\/wp-content\/uploads\/2021\/02\/Barbie_Yvelise_Original.jpg\" alt=\"Barbie Yvelise\" data-srcset=\"https:\/\/www.barbie-secondlife.com\/wp-content\/uploads\/2021\/02\/Barbie_Yvelise_Original.jpg 357w, https:\/\/www.barbie-secondlife.com\/wp-content\/uploads\/2021\/02\/Barbie_Yvelise_Original-302x360.jpg 302w, https:\/\/www.barbie-secondlife.com\/wp-content\/uploads\/2021\/02\/Barbie_Yvelise_Original-200x238.jpg 200w, https:\/\/www.barbie-secondlife.com\/wp-content\/uploads\/2021\/02\/Barbie_Yvelise_Original-350x417.jpg 350w, https:\/\/www.barbie-secondlife.com\/wp-content\/uploads\/2021\/02\/Barbie_Yvelise_Original-252x300.jpg 252w\" data-sizes=\"(max-width: 357px) 100vw, 357px\" src=\"data:image\/svg+xml;base64,PHN2ZyB3aWR0aD0iMSIgaGVpZ2h0PSIxIiB4bWxucz0iaHR0cDovL3d3dy53My5vcmcvMjAwMC9zdmciPjwvc3ZnPg==\" \/><\/a><\/td><\/tr><\/tbody><\/table><\/figure>\n\n\n\n<p><\/p>\n","protected":false},"excerpt":{"rendered":"<p>Barbie Holiday Special Occasion Barbie Holiday Bob MackieDie Weihnachtszeit 2005 bringt eine atemberaubende Erg\u00e4nzung zur Tradition der Weihnachts-Barbie-Puppen! Das Kleid wurde vom renommierten Designer Bob Mackie entworfen und ist wundersch\u00f6n aus Jacquard mit Pailletten-Print, T\u00fcll mit Pilzfalten, fuchsiafarbenem glitzernden Organza und rosa Satin gefertigt. Der bordeauxrote Flockg\u00fcrtel hat einen silbernen Rand. Ein sternenklares Glitzermuster ziert [&hellip;]<\/p>\n","protected":false},"author":1,"featured_media":469616,"parent":469477,"menu_order":0,"comment_status":"closed","ping_status":"closed","template":"","meta":{"footnotes":""},"class_list":["post-469594","page","type-page","status-publish","has-post-thumbnail","hentry"],"translation":{"provider":"WPGlobus","version":"3.0.2","language":"de","enabled_languages":["fr","en","es","br","de"],"languages":{"fr":{"title":true,"content":true,"excerpt":false},"en":{"title":true,"content":true,"excerpt":false},"es":{"title":true,"content":true,"excerpt":false},"br":{"title":true,"content":true,"excerpt":false},"de":{"title":true,"content":true,"excerpt":false}}},"_links":{"self":[{"href":"https:\/\/www.barbie-secondlife.com\/de\/wp-json\/wp\/v2\/pages\/469594","targetHints":{"allow":["GET"]}}],"collection":[{"href":"https:\/\/www.barbie-secondlife.com\/de\/wp-json\/wp\/v2\/pages"}],"about":[{"href":"https:\/\/www.barbie-secondlife.com\/de\/wp-json\/wp\/v2\/types\/page"}],"author":[{"embeddable":true,"href":"https:\/\/www.barbie-secondlife.com\/de\/wp-json\/wp\/v2\/users\/1"}],"replies":[{"embeddable":true,"href":"https:\/\/www.barbie-secondlife.com\/de\/wp-json\/wp\/v2\/comments?post=469594"}],"version-history":[{"count":5,"href":"https:\/\/www.barbie-secondlife.com\/de\/wp-json\/wp\/v2\/pages\/469594\/revisions"}],"predecessor-version":[{"id":600748,"href":"https:\/\/www.barbie-secondlife.com\/de\/wp-json\/wp\/v2\/pages\/469594\/revisions\/600748"}],"up":[{"embeddable":true,"href":"https:\/\/www.barbie-secondlife.com\/de\/wp-json\/wp\/v2\/pages\/469477"}],"wp:featuredmedia":[{"embeddable":true,"href":"https:\/\/www.barbie-secondlife.com\/de\/wp-json\/wp\/v2\/media\/469616"}],"wp:attachment":[{"href":"https:\/\/www.barbie-secondlife.com\/de\/wp-json\/wp\/v2\/media?parent=469594"}],"curies":[{"name":"wp","href":"https:\/\/api.w.org\/{rel}","templated":true}]}}