{"id":469669,"date":"2021-08-13T15:15:59","date_gmt":"2021-08-13T13:15:59","guid":{"rendered":"https:\/\/www.barbie-secondlife.com\/?page_id=469669"},"modified":"2022-10-05T21:38:44","modified_gmt":"2022-10-05T19:38:44","slug":"dolls-of-the-world","status":"publish","type":"page","link":"https:\/\/www.barbie-secondlife.com\/de\/collection\/dolls-of-the-world\/","title":{"rendered":"Dolls of the World"},"content":{"rendered":"\n<h2 class=\"wp-block-heading\"><strong><em>Barbie Dolls of the World<\/em><\/strong><\/h2>\n\n\n\n<p>Die komplette Kollektion von &#8222;Barbie &#8211; Dolls of the World&#8220; umfasst 91 Puppen auf allen Kontinenten. Sondereditionen &#8222;Festivals of the World&#8220; (7 Puppen 2005 und 2006), &#8222;Landmark Collection&#8220; (4 Puppen mit &#8222;Muse&#8220;-K\u00f6rper 2010 und 2011) &#8222;The Princess Collection&#8220; (21 Puppen erschienen zwischen 2001 und 2005) sind Teil dieser Sammlung. Es begann 1980 und endete 2014.<\/p>\n\n\n\n<hr class=\"wp-block-separator has-css-opacity\"\/>\n\n\n\n<figure class=\"wp-block-table\"><table class=\"has-fixed-layout\"><tbody><tr><td class=\"has-text-align-center\" data-align=\"center\"><a href=\"https:\/\/www.barbie-secondlife.com\/de\/tag\/dolls-of-the-world\/\"><img decoding=\"async\" width=\"150\" height=\"298\" class=\"wp-image-467994 lazyload\" style=\"--smush-placeholder-width: 150px; --smush-placeholder-aspect-ratio: 150\/298;width: 150px;\" data-src=\"https:\/\/www.barbie-secondlife.com\/wp-content\/uploads\/2021\/06\/Barbie_Josefina_Original.jpg\" alt=\"Barbie Josefina\" data-srcset=\"https:\/\/www.barbie-secondlife.com\/wp-content\/uploads\/2021\/06\/Barbie_Josefina_Original.jpg 214w, https:\/\/www.barbie-secondlife.com\/wp-content\/uploads\/2021\/06\/Barbie_Josefina_Original-200x397.jpg 200w, https:\/\/www.barbie-secondlife.com\/wp-content\/uploads\/2021\/06\/Barbie_Josefina_Original-151x300.jpg 151w\" data-sizes=\"(max-width: 150px) 100vw, 150px\" src=\"data:image\/svg+xml;base64,PHN2ZyB3aWR0aD0iMSIgaGVpZ2h0PSIxIiB4bWxucz0iaHR0cDovL3d3dy53My5vcmcvMjAwMC9zdmciPjwvc3ZnPg==\" \/><\/a><\/td><td><a href=\"https:\/\/www.barbie-secondlife.com\/de\/tag\/dolls-of-the-world\/\">Barbie Dolls of the World<\/a><br>Von den 91 Barbie-Puppen in der Sammlung befinden sich 36 in meiner Sammlung. Alle meine Barbies haben den K\u00f6rper von &#8218;Muse&#8216;, der nicht ihr urspr\u00fcnglicher K\u00f6rper ist. Sie alle haben ein Outfit, das ihr Land repr\u00e4sentiert. Diese Kollektion erinnert an die Universalit\u00e4t der Barbie-Puppe und beleuchtet unterschiedliche Kulturen und f\u00f6rdert die Vielfalt. Von Russland bis zu den pazifischen Inseln \u00fcber Afrika sind alle Regionen der Welt in dieser gro\u00dfartigen Sammlung vertreten, die mich zu meiner Seite inspiriert hat. <\/td><\/tr><\/tbody><\/table><\/figure>\n\n\n\n<hr class=\"wp-block-separator has-css-opacity\"\/>\n\n\n\n<figure class=\"wp-block-table\"><table class=\"has-fixed-layout\"><tbody><tr><td><a href=\"https:\/\/www.barbie-secondlife.com\/de\/tag\/festivals-of-the-world\/\">Barbie Dolls of the World &#8211; Festivals of the World<\/a><br>Diese Puppenkollektion besteht aus 7 Barbies und l\u00e4dt uns ein, an Festivals auf der ganzen Welt teilzunehmen. 6 Barbie-Puppen befinden sich in meiner Sammlung, sie haben Outfits mit sehr gut durchdachten Details f\u00fcr eine noch realistischere Darstellung <\/td><td class=\"has-text-align-center\" data-align=\"center\"><a href=\"https:\/\/www.barbie-secondlife.com\/de\/tag\/festival-of-the-world\/\"><img decoding=\"async\" width=\"150\" height=\"319\" class=\"wp-image-10364 lazyload\" style=\"--smush-placeholder-width: 150px; --smush-placeholder-aspect-ratio: 150\/319;width: 150px;\" data-src=\"https:\/\/www.barbie-secondlife.com\/wp-content\/uploads\/2017\/11\/Queenie_Original.jpeg\" alt=\"Barbie Queenie\" src=\"data:image\/svg+xml;base64,PHN2ZyB3aWR0aD0iMSIgaGVpZ2h0PSIxIiB4bWxucz0iaHR0cDovL3d3dy53My5vcmcvMjAwMC9zdmciPjwvc3ZnPg==\"><\/a><\/td><\/tr><\/tbody><\/table><\/figure>\n\n\n\n<hr class=\"wp-block-separator has-css-opacity\"\/>\n\n\n\n<figure class=\"wp-block-table\"><table class=\"has-fixed-layout\"><tbody><tr><td class=\"has-text-align-center\" data-align=\"center\"><a href=\"https:\/\/www.barbie-secondlife.com\/de\/tag\/landmark\/\"><img decoding=\"async\" width=\"200\" height=\"281\" class=\"wp-image-16309 lazyload\" style=\"--smush-placeholder-width: 200px; --smush-placeholder-aspect-ratio: 200\/281;width: 200px;\" data-src=\"https:\/\/www.barbie-secondlife.com\/wp-content\/uploads\/2019\/02\/Barbie_Julia_Original.png\" alt=\"Barbie Julia\" data-srcset=\"https:\/\/www.barbie-secondlife.com\/wp-content\/uploads\/2019\/02\/Barbie_Julia_Original.png 302w, https:\/\/www.barbie-secondlife.com\/wp-content\/uploads\/2019\/02\/Barbie_Julia_Original-200x281.png 200w, https:\/\/www.barbie-secondlife.com\/wp-content\/uploads\/2019\/02\/Barbie_Julia_Original-213x300.png 213w\" data-sizes=\"(max-width: 200px) 100vw, 200px\" src=\"data:image\/svg+xml;base64,PHN2ZyB3aWR0aD0iMSIgaGVpZ2h0PSIxIiB4bWxucz0iaHR0cDovL3d3dy53My5vcmcvMjAwMC9zdmciPjwvc3ZnPg==\" \/><\/a><\/td><td><a href=\"https:\/\/www.barbie-secondlife.com\/de\/tag\/landmark\/\">Barbie Dolls of the World &#8211; Landmark Collection<\/a><br>Diese Kollektion von 4 Barbies greift ikonische Monumente der Welt im Barbie-Outfit auf, wie den Eiffelturm, Big Ben, das Sydney Opera House oder die Freiheitsstatue. Dies ist die einzige Kollektion von &#8218;Barbie &#8211; Dolls of the World&#8216;, bei der Mattel einen Musenk\u00f6rper verwendet hat. <\/td><\/tr><\/tbody><\/table><\/figure>\n\n\n\n<hr class=\"wp-block-separator has-css-opacity\"\/>\n\n\n\n<figure class=\"wp-block-table\"><table class=\"has-fixed-layout\"><tbody><tr><td><a href=\"https:\/\/www.barbie-secondlife.com\/de\/tag\/princess-collection\/\">Barbie Dolls of the World &#8211; The Princess Collection<\/a><br>Dies ist die 3. Kategorie der &#8218;Barbie &#8211; Dolls of the World&#8216;-Kollektion. Sie sind insgesamt 21 und repr\u00e4sentieren eine Prinzessin einer Zivilisation, sei es des antiken Griechenlands, des Inka-Volkes oder neuerdings der Navajo-Indianer. 8 Puppen sind in meiner Sammlung, sie haben alle ein Outfit ihrer Zeit und lassen uns in die Geschichte reisen.<\/td><td class=\"has-text-align-center\" data-align=\"center\"><a href=\"https:\/\/www.barbie-secondlife.com\/de\/tag\/princess-collection\/\"><img decoding=\"async\" width=\"130\" height=\"288\" class=\"wp-image-13111 lazyload\" style=\"--smush-placeholder-width: 130px; --smush-placeholder-aspect-ratio: 130\/288;width: 130px;\" data-src=\"https:\/\/www.barbie-secondlife.com\/wp-content\/uploads\/2018\/08\/Barbie_Eleanor_Original.jpg\" alt=\"\" data-srcset=\"https:\/\/www.barbie-secondlife.com\/wp-content\/uploads\/2018\/08\/Barbie_Eleanor_Original.jpg 192w, https:\/\/www.barbie-secondlife.com\/wp-content\/uploads\/2018\/08\/Barbie_Eleanor_Original-136x300.jpg 136w\" data-sizes=\"(max-width: 130px) 100vw, 130px\" src=\"data:image\/svg+xml;base64,PHN2ZyB3aWR0aD0iMSIgaGVpZ2h0PSIxIiB4bWxucz0iaHR0cDovL3d3dy53My5vcmcvMjAwMC9zdmciPjwvc3ZnPg==\" \/><\/a><\/td><\/tr><\/tbody><\/table><\/figure>\n","protected":false},"excerpt":{"rendered":"<p>Barbie Dolls of the World Die komplette Kollektion von &#8222;Barbie &#8211; Dolls of the World&#8220; umfasst 91 Puppen auf allen Kontinenten. Sondereditionen &#8222;Festivals of the World&#8220; (7 Puppen 2005 und 2006), &#8222;Landmark Collection&#8220; (4 Puppen mit &#8222;Muse&#8220;-K\u00f6rper 2010 und 2011) &#8222;The Princess Collection&#8220; (21 Puppen erschienen zwischen 2001 und 2005) sind Teil dieser Sammlung. Es [&hellip;]<\/p>\n","protected":false},"author":1,"featured_media":469705,"parent":4910,"menu_order":0,"comment_status":"closed","ping_status":"closed","template":"","meta":{"footnotes":""},"class_list":["post-469669","page","type-page","status-publish","has-post-thumbnail","hentry"],"translation":{"provider":"WPGlobus","version":"3.0.2","language":"de","enabled_languages":["fr","en","es","br","de"],"languages":{"fr":{"title":true,"content":true,"excerpt":false},"en":{"title":true,"content":true,"excerpt":false},"es":{"title":true,"content":true,"excerpt":false},"br":{"title":true,"content":true,"excerpt":false},"de":{"title":true,"content":true,"excerpt":false}}},"_links":{"self":[{"href":"https:\/\/www.barbie-secondlife.com\/de\/wp-json\/wp\/v2\/pages\/469669","targetHints":{"allow":["GET"]}}],"collection":[{"href":"https:\/\/www.barbie-secondlife.com\/de\/wp-json\/wp\/v2\/pages"}],"about":[{"href":"https:\/\/www.barbie-secondlife.com\/de\/wp-json\/wp\/v2\/types\/page"}],"author":[{"embeddable":true,"href":"https:\/\/www.barbie-secondlife.com\/de\/wp-json\/wp\/v2\/users\/1"}],"replies":[{"embeddable":true,"href":"https:\/\/www.barbie-secondlife.com\/de\/wp-json\/wp\/v2\/comments?post=469669"}],"version-history":[{"count":5,"href":"https:\/\/www.barbie-secondlife.com\/de\/wp-json\/wp\/v2\/pages\/469669\/revisions"}],"predecessor-version":[{"id":595849,"href":"https:\/\/www.barbie-secondlife.com\/de\/wp-json\/wp\/v2\/pages\/469669\/revisions\/595849"}],"up":[{"embeddable":true,"href":"https:\/\/www.barbie-secondlife.com\/de\/wp-json\/wp\/v2\/pages\/4910"}],"wp:featuredmedia":[{"embeddable":true,"href":"https:\/\/www.barbie-secondlife.com\/de\/wp-json\/wp\/v2\/media\/469705"}],"wp:attachment":[{"href":"https:\/\/www.barbie-secondlife.com\/de\/wp-json\/wp\/v2\/media?parent=469669"}],"curies":[{"name":"wp","href":"https:\/\/api.w.org\/{rel}","templated":true}]}}