{"id":592649,"date":"2022-07-17T19:22:53","date_gmt":"2022-07-17T17:22:53","guid":{"rendered":"https:\/\/www.barbie-secondlife.com\/?page_id=592649"},"modified":"2022-11-27T20:12:43","modified_gmt":"2022-11-27T19:12:43","slug":"attributs","status":"publish","type":"page","link":"https:\/\/www.barbie-secondlife.com\/de\/attributs\/","title":{"rendered":"Attribute"},"content":{"rendered":"\n<h2 class=\"wp-block-heading\"><strong><em>Barbie-Attribute<\/em><\/strong><\/h2>\n\n\n\n<p class=\"has-black-color has-text-color\"><strong>Barbie<\/strong> ist eine 29 cm gro\u00dfe Puppe, die seit 1959 von Mattel, einem amerikanischen Spielzeug- und Spieleunternehmen, vertrieben wird. Sie nahm die erwachsene Gestalt, die blonden Haare und das Prinzip von Bild Lilli an, der ersten Schaufensterpuppe, die etwas fr\u00fcher in Deutschland auf den Markt kam.<\/p>\n\n\n\n<p>W\u00e4hrend die charakteristische Barbie blond mit langen Haaren und europ\u00e4ischen Gesichtsz\u00fcgen ist, variiert ihre Haarfarbe tats\u00e4chlich erheblich und ihr ethnischer Typ wurde bereits 1967 und systematischer ab 1980 diversifiziert, sodass es bis heute f\u00fcr nahezu jede Ethnie eine Barbie gibt Welt.<\/p>\n\n\n\n<p>Hier sind verschiedene Attribute der Barbie-Puppe, die eine Barbie besser identifizieren k\u00f6nnen, Haarfarbe, Augenfarbe, Hautfarbe und Gesichtsform. <\/p>\n\n\n\n<hr class=\"wp-block-separator has-css-opacity\"\/>\n\n\n\n<h3 class=\"has-text-align-center has-text-color wp-block-heading\" style=\"color:#e67fb9\"><strong>Barbie-Haarfarbe<\/strong><\/h3>\n\n\n<div class=\"wp-block-image\">\n<figure class=\"aligncenter size-full is-resized\"><a href=\"https:\/\/www.barbie-secondlife.com\/de\/attributs\/couleur-des-cheveux-de-barbie\/\"><img decoding=\"async\" data-src=\"https:\/\/www.barbie-secondlife.com\/wp-content\/uploads\/2022\/11\/Barbie_Attribut_Cheveux_DE-2.png\" alt=\"\" class=\"wp-image-597207 lazyload\" width=\"525\" height=\"450\" data-srcset=\"https:\/\/www.barbie-secondlife.com\/wp-content\/uploads\/2022\/11\/Barbie_Attribut_Cheveux_DE-2.png 700w, https:\/\/www.barbie-secondlife.com\/wp-content\/uploads\/2022\/11\/Barbie_Attribut_Cheveux_DE-2-302x259.png 302w, https:\/\/www.barbie-secondlife.com\/wp-content\/uploads\/2022\/11\/Barbie_Attribut_Cheveux_DE-2-200x171.png 200w, https:\/\/www.barbie-secondlife.com\/wp-content\/uploads\/2022\/11\/Barbie_Attribut_Cheveux_DE-2-500x429.png 500w, https:\/\/www.barbie-secondlife.com\/wp-content\/uploads\/2022\/11\/Barbie_Attribut_Cheveux_DE-2-350x300.png 350w\" data-sizes=\"(max-width: 525px) 100vw, 525px\" src=\"data:image\/svg+xml;base64,PHN2ZyB3aWR0aD0iMSIgaGVpZ2h0PSIxIiB4bWxucz0iaHR0cDovL3d3dy53My5vcmcvMjAwMC9zdmciPjwvc3ZnPg==\" style=\"--smush-placeholder-width: 525px; --smush-placeholder-aspect-ratio: 525\/450;\" \/><\/a><\/figure>\n<\/div>\n\n\n<hr class=\"wp-block-separator has-css-opacity\"\/>\n\n\n\n<h3 class=\"has-text-align-center has-text-color wp-block-heading\" style=\"color:#e67fb9\"><strong>Barbie-Hautfarbe<\/strong><\/h3>\n\n\n<div class=\"wp-block-image\">\n<figure class=\"aligncenter size-full\"><a href=\"https:\/\/www.barbie-secondlife.com\/de\/attributs\/teinte-de-peau-de-barbie\/\"><img decoding=\"async\" width=\"700\" height=\"318\" data-src=\"https:\/\/www.barbie-secondlife.com\/wp-content\/uploads\/2022\/07\/Barbie_Attribut_Peau.png\" alt=\"\" class=\"wp-image-592669 lazyload\" data-srcset=\"https:\/\/www.barbie-secondlife.com\/wp-content\/uploads\/2022\/07\/Barbie_Attribut_Peau.png 700w, https:\/\/www.barbie-secondlife.com\/wp-content\/uploads\/2022\/07\/Barbie_Attribut_Peau-302x137.png 302w, https:\/\/www.barbie-secondlife.com\/wp-content\/uploads\/2022\/07\/Barbie_Attribut_Peau-200x91.png 200w, https:\/\/www.barbie-secondlife.com\/wp-content\/uploads\/2022\/07\/Barbie_Attribut_Peau-500x227.png 500w, https:\/\/www.barbie-secondlife.com\/wp-content\/uploads\/2022\/07\/Barbie_Attribut_Peau-350x159.png 350w\" data-sizes=\"(max-width: 700px) 100vw, 700px\" src=\"data:image\/svg+xml;base64,PHN2ZyB3aWR0aD0iMSIgaGVpZ2h0PSIxIiB4bWxucz0iaHR0cDovL3d3dy53My5vcmcvMjAwMC9zdmciPjwvc3ZnPg==\" style=\"--smush-placeholder-width: 700px; --smush-placeholder-aspect-ratio: 700\/318;\" \/><\/a><\/figure>\n<\/div>\n\n\n<hr class=\"wp-block-separator has-css-opacity\"\/>\n\n\n\n<h3 class=\"has-text-align-center has-text-color wp-block-heading\" style=\"color:#e67fb9\"><strong>Barbie Augenfarbe<\/strong><\/h3>\n\n\n<div class=\"wp-block-image\">\n<figure class=\"aligncenter size-full is-resized\"><a href=\"https:\/\/www.barbie-secondlife.com\/de\/attributs\/couleur-des-yeux-de-barbie\/\"><img decoding=\"async\" data-src=\"https:\/\/www.barbie-secondlife.com\/wp-content\/uploads\/2022\/07\/Barbie_Attribut_Yeux.jpg\" alt=\"Barbie Couleur Yeux FR\" class=\"wp-image-592672 lazyload\" width=\"525\" height=\"356\" data-srcset=\"https:\/\/www.barbie-secondlife.com\/wp-content\/uploads\/2022\/07\/Barbie_Attribut_Yeux.jpg 700w, https:\/\/www.barbie-secondlife.com\/wp-content\/uploads\/2022\/07\/Barbie_Attribut_Yeux-302x205.jpg 302w, https:\/\/www.barbie-secondlife.com\/wp-content\/uploads\/2022\/07\/Barbie_Attribut_Yeux-200x136.jpg 200w, https:\/\/www.barbie-secondlife.com\/wp-content\/uploads\/2022\/07\/Barbie_Attribut_Yeux-500x339.jpg 500w, https:\/\/www.barbie-secondlife.com\/wp-content\/uploads\/2022\/07\/Barbie_Attribut_Yeux-350x238.jpg 350w\" data-sizes=\"(max-width: 525px) 100vw, 525px\" src=\"data:image\/svg+xml;base64,PHN2ZyB3aWR0aD0iMSIgaGVpZ2h0PSIxIiB4bWxucz0iaHR0cDovL3d3dy53My5vcmcvMjAwMC9zdmciPjwvc3ZnPg==\" style=\"--smush-placeholder-width: 525px; --smush-placeholder-aspect-ratio: 525\/356;\" \/><\/a><\/figure>\n<\/div>\n\n\n<hr class=\"wp-block-separator has-css-opacity\"\/>\n\n\n\n<h3 class=\"has-text-align-center has-text-color wp-block-heading\" style=\"color:#e67fb9\"><strong>Barbie-Gesichtsformen<\/strong><\/h3>\n\n\n<div class=\"wp-block-image\">\n<figure class=\"aligncenter size-full\"><a href=\"https:\/\/www.barbie-secondlife.com\/de\/attributs\/moule-de-visage-de-barbie\/\"><img decoding=\"async\" width=\"1000\" height=\"450\" data-src=\"https:\/\/www.barbie-secondlife.com\/wp-content\/uploads\/2022\/07\/Moule_Barbie_Visage2.jpg\" alt=\"Moule de Visage Barbie\" class=\"wp-image-593089 lazyload\" data-srcset=\"https:\/\/www.barbie-secondlife.com\/wp-content\/uploads\/2022\/07\/Moule_Barbie_Visage2.jpg 1000w, https:\/\/www.barbie-secondlife.com\/wp-content\/uploads\/2022\/07\/Moule_Barbie_Visage2-302x136.jpg 302w, https:\/\/www.barbie-secondlife.com\/wp-content\/uploads\/2022\/07\/Moule_Barbie_Visage2-200x90.jpg 200w, https:\/\/www.barbie-secondlife.com\/wp-content\/uploads\/2022\/07\/Moule_Barbie_Visage2-500x225.jpg 500w, https:\/\/www.barbie-secondlife.com\/wp-content\/uploads\/2022\/07\/Moule_Barbie_Visage2-350x158.jpg 350w, https:\/\/www.barbie-secondlife.com\/wp-content\/uploads\/2022\/07\/Moule_Barbie_Visage2-768x346.jpg 768w\" data-sizes=\"(max-width: 1000px) 100vw, 1000px\" src=\"data:image\/svg+xml;base64,PHN2ZyB3aWR0aD0iMSIgaGVpZ2h0PSIxIiB4bWxucz0iaHR0cDovL3d3dy53My5vcmcvMjAwMC9zdmciPjwvc3ZnPg==\" style=\"--smush-placeholder-width: 1000px; --smush-placeholder-aspect-ratio: 1000\/450;\" \/><\/a><\/figure>\n<\/div>\n\n\n<hr class=\"wp-block-separator has-css-opacity\"\/>\n","protected":false},"excerpt":{"rendered":"<p>Barbie-Attribute Barbie ist eine 29 cm gro\u00dfe Puppe, die seit 1959 von Mattel, einem amerikanischen Spielzeug- und Spieleunternehmen, vertrieben wird. Sie nahm die erwachsene Gestalt, die blonden Haare und das Prinzip von Bild Lilli an, der ersten Schaufensterpuppe, die etwas fr\u00fcher in Deutschland auf den Markt kam. W\u00e4hrend die charakteristische Barbie blond mit langen Haaren [&hellip;]<\/p>\n","protected":false},"author":1,"featured_media":592686,"parent":0,"menu_order":0,"comment_status":"closed","ping_status":"closed","template":"","meta":{"footnotes":""},"class_list":["post-592649","page","type-page","status-publish","has-post-thumbnail","hentry"],"translation":{"provider":"WPGlobus","version":"3.0.2","language":"de","enabled_languages":["fr","en","es","br","de"],"languages":{"fr":{"title":true,"content":true,"excerpt":false},"en":{"title":true,"content":true,"excerpt":false},"es":{"title":true,"content":true,"excerpt":false},"br":{"title":true,"content":true,"excerpt":false},"de":{"title":true,"content":true,"excerpt":false}}},"_links":{"self":[{"href":"https:\/\/www.barbie-secondlife.com\/de\/wp-json\/wp\/v2\/pages\/592649","targetHints":{"allow":["GET"]}}],"collection":[{"href":"https:\/\/www.barbie-secondlife.com\/de\/wp-json\/wp\/v2\/pages"}],"about":[{"href":"https:\/\/www.barbie-secondlife.com\/de\/wp-json\/wp\/v2\/types\/page"}],"author":[{"embeddable":true,"href":"https:\/\/www.barbie-secondlife.com\/de\/wp-json\/wp\/v2\/users\/1"}],"replies":[{"embeddable":true,"href":"https:\/\/www.barbie-secondlife.com\/de\/wp-json\/wp\/v2\/comments?post=592649"}],"version-history":[{"count":5,"href":"https:\/\/www.barbie-secondlife.com\/de\/wp-json\/wp\/v2\/pages\/592649\/revisions"}],"predecessor-version":[{"id":597208,"href":"https:\/\/www.barbie-secondlife.com\/de\/wp-json\/wp\/v2\/pages\/592649\/revisions\/597208"}],"wp:featuredmedia":[{"embeddable":true,"href":"https:\/\/www.barbie-secondlife.com\/de\/wp-json\/wp\/v2\/media\/592686"}],"wp:attachment":[{"href":"https:\/\/www.barbie-secondlife.com\/de\/wp-json\/wp\/v2\/media?parent=592649"}],"curies":[{"name":"wp","href":"https:\/\/api.w.org\/{rel}","templated":true}]}}