{"id":600498,"date":"2024-01-13T11:50:31","date_gmt":"2024-01-13T10:50:31","guid":{"rendered":"https:\/\/www.barbie-secondlife.com\/?page_id=600498"},"modified":"2024-01-14T21:14:34","modified_gmt":"2024-01-14T20:14:34","slug":"films-series-tv","status":"publish","type":"page","link":"https:\/\/www.barbie-secondlife.com\/de\/collection\/films-series-tv\/","title":{"rendered":"Filme\/TV-Serien"},"content":{"rendered":"\n<h2 class=\"wp-block-heading\"><strong><em>Barbie und die Filme \/ Fernsehserien<\/em><\/strong><\/h2>\n\n\n\n<p>Hier sind Barbie und Ken aus meiner Sammlung, die einen Film oder eine Fernsehserie darstellen. Im Jahr 2023 erm\u00f6glichte der Eventfilm <a href=\"https:\/\/www.barbie-secondlife.com\/de\/tag\/the-movie-2023\/\">Barbie The Movie<\/a> dank seines Erfolgs die Ver\u00f6ffentlichung einer ganzen Sammlung von Barbie-Puppen und Ken-Puppen. Alle gro\u00dfen Film- und Fernsehserienproduktionen haben eine oder mehrere Barbies in ihrem Konterfei gesehen, zum Beispiel <a href=\"https:\/\/www.barbie-secondlife.com\/de\/tag\/marvel\/\">Marvel<\/a> mit den <a href=\"https:\/\/www.barbie-secondlife.com\/de\/tag\/xmen\/\">Xmen<\/a> oder <a href=\"https:\/\/www.barbie-secondlife.com\/de\/tag\/black-widow\/\">Black Widow<\/a>. <a href=\"https:\/\/www.barbie-secondlife.com\/de\/tag\/star-wars\/\">Barbie Star Wars<\/a> mit 2 Kollektionen, eine im Jahr 2019 und die andere im Jahr 2020 mit sogar einer <a href=\"https:\/\/www.barbie-secondlife.com\/barbie\/world\/europe-est\/barbie-anya\/\">Barbie Chewbacca<\/a> (<a href=\"https:\/\/www.barbie-secondlife.com\/de\/tag\/platinum-label\/\">Platinum label<\/a> mit maximal 5.000 Exemplaren weltweit). <a href=\"https:\/\/www.barbie-secondlife.com\/de\/tag\/james-bond\/\">James Bond<\/a> und auch die Fernsehserien The <a href=\"https:\/\/www.barbie-secondlife.com\/de\/tag\/clueless\/\">Clueless<\/a> haben ihre Barbies. Entdecken Sie unten Barbie und Ken aus meiner Sammlung, indem Sie auf das Bild klicken<\/p>\n\n\n\n<hr class=\"wp-block-separator has-alpha-channel-opacity\"\/>\n\n\n\n<figure class=\"wp-block-table\"><table class=\"has-fixed-layout\"><tbody><tr><td class=\"has-text-align-center\" data-align=\"center\"><a href=\"https:\/\/www.barbie-secondlife.com\/de\/tag\/the-movie-2023\/\"><img decoding=\"async\" width=\"150\" height=\"360\" class=\"wp-image-598885 lazyload\" style=\"--smush-placeholder-width: 150px; --smush-placeholder-aspect-ratio: 150\/360;width: 150px;\" data-src=\"https:\/\/www.barbie-secondlife.com\/wp-content\/uploads\/2023\/06\/Barbie_Urielle_Original.png\" alt=\"Barbie The Movie 2023\" data-srcset=\"https:\/\/www.barbie-secondlife.com\/wp-content\/uploads\/2023\/06\/Barbie_Urielle_Original.png 177w, https:\/\/www.barbie-secondlife.com\/wp-content\/uploads\/2023\/06\/Barbie_Urielle_Original-125x300.png 125w\" data-sizes=\"(max-width: 150px) 100vw, 150px\" src=\"data:image\/svg+xml;base64,PHN2ZyB3aWR0aD0iMSIgaGVpZ2h0PSIxIiB4bWxucz0iaHR0cDovL3d3dy53My5vcmcvMjAwMC9zdmciPjwvc3ZnPg==\" \/><\/a><\/td><td><span style=\"text-decoration: underline;\"><strong><a href=\"https:\/\/www.barbie-secondlife.com\/de\/tag\/the-movie-2023\/\">Barbie the Movie 2023<\/a><\/strong><\/span><br><em><strong>Barbie<\/strong>&nbsp;<\/em>ist ein amerikanisch-britischer Film, der von Greta Gerwig gemeinsam geschrieben und inszeniert wurde und 2023 in die Kinos kommen soll. Es basiert auf der gleichnamigen Puppenlinie der Firma Mattel und ist nach mehreren Zeichentrickfilmen und Fernsehserien die erste Realfilmproduktion aus der Puppenwelt.<\/td><\/tr><\/tbody><\/table><\/figure>\n\n\n\n<hr class=\"wp-block-separator has-alpha-channel-opacity\"\/>\n\n\n\n<h2 class=\"wp-block-heading\"><strong><em>Filme<\/em><\/strong><\/h2>\n\n\n\n<figure class=\"wp-block-table\"><table><tbody><tr><td class=\"has-text-align-center\" data-align=\"center\"><a href=\"https:\/\/www.barbie-secondlife.com\/de\/tag\/the-movie-2023\/\"><img decoding=\"async\" width=\"150\" height=\"59\" class=\"wp-image-600499 lazyload\" style=\"--smush-placeholder-width: 150px; --smush-placeholder-aspect-ratio: 150\/59;width: 150px;\" data-src=\"https:\/\/www.barbie-secondlife.com\/wp-content\/uploads\/2024\/01\/Barbie_TheMovie.png\" alt=\"Barbie The Movie 2023\" data-srcset=\"https:\/\/www.barbie-secondlife.com\/wp-content\/uploads\/2024\/01\/Barbie_TheMovie.png 300w, https:\/\/www.barbie-secondlife.com\/wp-content\/uploads\/2024\/01\/Barbie_TheMovie-200x79.png 200w\" data-sizes=\"(max-width: 150px) 100vw, 150px\" src=\"data:image\/svg+xml;base64,PHN2ZyB3aWR0aD0iMSIgaGVpZ2h0PSIxIiB4bWxucz0iaHR0cDovL3d3dy53My5vcmcvMjAwMC9zdmciPjwvc3ZnPg==\" \/><\/a><\/td><td class=\"has-text-align-center\" data-align=\"center\"><a href=\"https:\/\/www.barbie-secondlife.com\/de\/tag\/star-wars\/\"><img decoding=\"async\" width=\"150\" height=\"91\" class=\"wp-image-600501 lazyload\" style=\"--smush-placeholder-width: 150px; --smush-placeholder-aspect-ratio: 150\/91;width: 150px;\" data-src=\"https:\/\/www.barbie-secondlife.com\/wp-content\/uploads\/2024\/01\/Barbie_StarWars.jpg\" alt=\"Barbie Star Wars\" data-srcset=\"https:\/\/www.barbie-secondlife.com\/wp-content\/uploads\/2024\/01\/Barbie_StarWars.jpg 300w, https:\/\/www.barbie-secondlife.com\/wp-content\/uploads\/2024\/01\/Barbie_StarWars-200x121.jpg 200w\" data-sizes=\"(max-width: 150px) 100vw, 150px\" src=\"data:image\/svg+xml;base64,PHN2ZyB3aWR0aD0iMSIgaGVpZ2h0PSIxIiB4bWxucz0iaHR0cDovL3d3dy53My5vcmcvMjAwMC9zdmciPjwvc3ZnPg==\" \/><\/a><\/td><td class=\"has-text-align-center\" data-align=\"center\"><a href=\"https:\/\/www.barbie-secondlife.com\/de\/tag\/james-bond\/\"><img decoding=\"async\" width=\"150\" height=\"62\" class=\"wp-image-600503 lazyload\" style=\"--smush-placeholder-width: 150px; --smush-placeholder-aspect-ratio: 150\/62;width: 150px;\" data-src=\"https:\/\/www.barbie-secondlife.com\/wp-content\/uploads\/2024\/01\/Barbie_JamesBond.png\" alt=\"Barbie James Bond 007\" data-srcset=\"https:\/\/www.barbie-secondlife.com\/wp-content\/uploads\/2024\/01\/Barbie_JamesBond.png 300w, https:\/\/www.barbie-secondlife.com\/wp-content\/uploads\/2024\/01\/Barbie_JamesBond-200x83.png 200w\" data-sizes=\"(max-width: 150px) 100vw, 150px\" src=\"data:image\/svg+xml;base64,PHN2ZyB3aWR0aD0iMSIgaGVpZ2h0PSIxIiB4bWxucz0iaHR0cDovL3d3dy53My5vcmcvMjAwMC9zdmciPjwvc3ZnPg==\" \/><\/a><\/td><td class=\"has-text-align-center\" data-align=\"center\"><a href=\"https:\/\/www.barbie-secondlife.com\/de\/tag\/the-twilight-saga\/\"><img decoding=\"async\" width=\"150\" height=\"52\" class=\"wp-image-600504 lazyload\" style=\"--smush-placeholder-width: 150px; --smush-placeholder-aspect-ratio: 150\/52;width: 150px;\" data-src=\"https:\/\/www.barbie-secondlife.com\/wp-content\/uploads\/2024\/01\/Barbie_Twilight.png\" alt=\"Barbie The Twilight Saga\" data-srcset=\"https:\/\/www.barbie-secondlife.com\/wp-content\/uploads\/2024\/01\/Barbie_Twilight.png 300w, https:\/\/www.barbie-secondlife.com\/wp-content\/uploads\/2024\/01\/Barbie_Twilight-200x69.png 200w\" data-sizes=\"(max-width: 150px) 100vw, 150px\" src=\"data:image\/svg+xml;base64,PHN2ZyB3aWR0aD0iMSIgaGVpZ2h0PSIxIiB4bWxucz0iaHR0cDovL3d3dy53My5vcmcvMjAwMC9zdmciPjwvc3ZnPg==\" \/><\/a><\/td><\/tr><tr><td class=\"has-text-align-center\" data-align=\"center\"><a href=\"https:\/\/www.barbie-secondlife.com\/de\/tag\/wonder-woman\/\"><img decoding=\"async\" width=\"150\" height=\"76\" class=\"wp-image-600507 lazyload\" style=\"--smush-placeholder-width: 150px; --smush-placeholder-aspect-ratio: 150\/76;width: 150px;\" data-src=\"https:\/\/www.barbie-secondlife.com\/wp-content\/uploads\/2024\/01\/Barbie_WonderWoman.png\" alt=\"Barbie Wonder Woman\" data-srcset=\"https:\/\/www.barbie-secondlife.com\/wp-content\/uploads\/2024\/01\/Barbie_WonderWoman.png 300w, https:\/\/www.barbie-secondlife.com\/wp-content\/uploads\/2024\/01\/Barbie_WonderWoman-200x101.png 200w\" data-sizes=\"(max-width: 150px) 100vw, 150px\" src=\"data:image\/svg+xml;base64,PHN2ZyB3aWR0aD0iMSIgaGVpZ2h0PSIxIiB4bWxucz0iaHR0cDovL3d3dy53My5vcmcvMjAwMC9zdmciPjwvc3ZnPg==\" \/><\/a><\/td><td class=\"has-text-align-center\" data-align=\"center\"><a href=\"https:\/\/www.barbie-secondlife.com\/de\/tag\/little-mermaid\/\"><img decoding=\"async\" width=\"150\" height=\"53\" class=\"wp-image-600506 lazyload\" style=\"--smush-placeholder-width: 150px; --smush-placeholder-aspect-ratio: 150\/53;width: 150px;\" data-src=\"https:\/\/www.barbie-secondlife.com\/wp-content\/uploads\/2024\/01\/Barbie_LaPetiteSirene.png\" alt=\"Barbie La Petite Sirene\" data-srcset=\"https:\/\/www.barbie-secondlife.com\/wp-content\/uploads\/2024\/01\/Barbie_LaPetiteSirene.png 300w, https:\/\/www.barbie-secondlife.com\/wp-content\/uploads\/2024\/01\/Barbie_LaPetiteSirene-200x70.png 200w\" data-sizes=\"(max-width: 150px) 100vw, 150px\" src=\"data:image\/svg+xml;base64,PHN2ZyB3aWR0aD0iMSIgaGVpZ2h0PSIxIiB4bWxucz0iaHR0cDovL3d3dy53My5vcmcvMjAwMC9zdmciPjwvc3ZnPg==\" \/><\/a><\/td><td class=\"has-text-align-center\" data-align=\"center\"><a href=\"https:\/\/www.barbie-secondlife.com\/de\/tag\/harry-potter\/\"><img decoding=\"async\" width=\"150\" height=\"51\" class=\"wp-image-600510 lazyload\" style=\"--smush-placeholder-width: 150px; --smush-placeholder-aspect-ratio: 150\/51;width: 150px;\" data-src=\"https:\/\/www.barbie-secondlife.com\/wp-content\/uploads\/2024\/01\/Barbie_Harry_Potter.png\" alt=\"Barbie Harry Potter\" data-srcset=\"https:\/\/www.barbie-secondlife.com\/wp-content\/uploads\/2024\/01\/Barbie_Harry_Potter.png 300w, https:\/\/www.barbie-secondlife.com\/wp-content\/uploads\/2024\/01\/Barbie_Harry_Potter-200x68.png 200w\" data-sizes=\"(max-width: 150px) 100vw, 150px\" src=\"data:image\/svg+xml;base64,PHN2ZyB3aWR0aD0iMSIgaGVpZ2h0PSIxIiB4bWxucz0iaHR0cDovL3d3dy53My5vcmcvMjAwMC9zdmciPjwvc3ZnPg==\" \/><\/a><\/td><td class=\"has-text-align-center\" data-align=\"center\"><a href=\"https:\/\/www.barbie-secondlife.com\/de\/tag\/marvel\/\"><img decoding=\"async\" width=\"150\" height=\"61\" class=\"wp-image-600511 lazyload\" style=\"--smush-placeholder-width: 150px; --smush-placeholder-aspect-ratio: 150\/61;width: 150px;\" data-src=\"https:\/\/www.barbie-secondlife.com\/wp-content\/uploads\/2024\/01\/Barbie_Marvel.png\" alt=\"Barbie Marvel\" data-srcset=\"https:\/\/www.barbie-secondlife.com\/wp-content\/uploads\/2024\/01\/Barbie_Marvel.png 300w, https:\/\/www.barbie-secondlife.com\/wp-content\/uploads\/2024\/01\/Barbie_Marvel-200x81.png 200w\" data-sizes=\"(max-width: 150px) 100vw, 150px\" src=\"data:image\/svg+xml;base64,PHN2ZyB3aWR0aD0iMSIgaGVpZ2h0PSIxIiB4bWxucz0iaHR0cDovL3d3dy53My5vcmcvMjAwMC9zdmciPjwvc3ZnPg==\" \/><\/a><\/td><\/tr><tr><td class=\"has-text-align-center\" data-align=\"center\"><a href=\"https:\/\/www.barbie-secondlife.com\/de\/tag\/titanic\/\"><img decoding=\"async\" width=\"150\" height=\"44\" class=\"wp-image-600512 lazyload\" style=\"--smush-placeholder-width: 150px; --smush-placeholder-aspect-ratio: 150\/44;width: 150px;\" data-src=\"https:\/\/www.barbie-secondlife.com\/wp-content\/uploads\/2024\/01\/Barbie_Titanic.png\" alt=\"Barbie Titanic\" data-srcset=\"https:\/\/www.barbie-secondlife.com\/wp-content\/uploads\/2024\/01\/Barbie_Titanic.png 300w, https:\/\/www.barbie-secondlife.com\/wp-content\/uploads\/2024\/01\/Barbie_Titanic-200x59.png 200w\" data-sizes=\"(max-width: 150px) 100vw, 150px\" src=\"data:image\/svg+xml;base64,PHN2ZyB3aWR0aD0iMSIgaGVpZ2h0PSIxIiB4bWxucz0iaHR0cDovL3d3dy53My5vcmcvMjAwMC9zdmciPjwvc3ZnPg==\" \/><\/a><\/td><td class=\"has-text-align-center\" data-align=\"center\"><a href=\"https:\/\/www.barbie-secondlife.com\/de\/tag\/dc-comics\/\"><img decoding=\"async\" width=\"150\" height=\"150\" class=\"wp-image-600509 lazyload\" style=\"--smush-placeholder-width: 150px; --smush-placeholder-aspect-ratio: 150\/150;width: 150px;\" data-src=\"https:\/\/www.barbie-secondlife.com\/wp-content\/uploads\/2024\/01\/Barbie_DCComics.png\" alt=\"Barbie DC Comics\" data-srcset=\"https:\/\/www.barbie-secondlife.com\/wp-content\/uploads\/2024\/01\/Barbie_DCComics.png 300w, https:\/\/www.barbie-secondlife.com\/wp-content\/uploads\/2024\/01\/Barbie_DCComics-200x200.png 200w\" data-sizes=\"(max-width: 150px) 100vw, 150px\" src=\"data:image\/svg+xml;base64,PHN2ZyB3aWR0aD0iMSIgaGVpZ2h0PSIxIiB4bWxucz0iaHR0cDovL3d3dy53My5vcmcvMjAwMC9zdmciPjwvc3ZnPg==\" \/><\/a><\/td><td class=\"has-text-align-center\" data-align=\"center\"><a href=\"https:\/\/www.barbie-secondlife.com\/de\/tag\/disney\/\"><img decoding=\"async\" width=\"150\" height=\"64\" class=\"wp-image-600514 lazyload\" style=\"--smush-placeholder-width: 150px; --smush-placeholder-aspect-ratio: 150\/64;width: 150px;\" data-src=\"https:\/\/www.barbie-secondlife.com\/wp-content\/uploads\/2024\/01\/Barbie_Disney.png\" alt=\"Barbie Disney\" data-srcset=\"https:\/\/www.barbie-secondlife.com\/wp-content\/uploads\/2024\/01\/Barbie_Disney.png 300w, https:\/\/www.barbie-secondlife.com\/wp-content\/uploads\/2024\/01\/Barbie_Disney-200x85.png 200w\" data-sizes=\"(max-width: 150px) 100vw, 150px\" src=\"data:image\/svg+xml;base64,PHN2ZyB3aWR0aD0iMSIgaGVpZ2h0PSIxIiB4bWxucz0iaHR0cDovL3d3dy53My5vcmcvMjAwMC9zdmciPjwvc3ZnPg==\" \/><\/a><\/td><td class=\"has-text-align-center\" data-align=\"center\"><a href=\"https:\/\/www.barbie-secondlife.com\/de\/tag\/wizard-of-oz\/\"><img decoding=\"async\" width=\"150\" height=\"86\" class=\"wp-image-600515 lazyload\" style=\"--smush-placeholder-width: 150px; --smush-placeholder-aspect-ratio: 150\/86;width: 150px;\" data-src=\"https:\/\/www.barbie-secondlife.com\/wp-content\/uploads\/2024\/01\/Barbie_Wizardofoz.png\" alt=\"Barbie The Wizard Of Oz\" data-srcset=\"https:\/\/www.barbie-secondlife.com\/wp-content\/uploads\/2024\/01\/Barbie_Wizardofoz.png 300w, https:\/\/www.barbie-secondlife.com\/wp-content\/uploads\/2024\/01\/Barbie_Wizardofoz-200x115.png 200w\" data-sizes=\"(max-width: 150px) 100vw, 150px\" src=\"data:image\/svg+xml;base64,PHN2ZyB3aWR0aD0iMSIgaGVpZ2h0PSIxIiB4bWxucz0iaHR0cDovL3d3dy53My5vcmcvMjAwMC9zdmciPjwvc3ZnPg==\" \/><\/a><\/td><\/tr><tr><td class=\"has-text-align-center\" data-align=\"center\"><a href=\"https:\/\/www.barbie-secondlife.com\/de\/tag\/jurassic-world\/\"><img decoding=\"async\" width=\"150\" height=\"100\" class=\"wp-image-600541 lazyload\" style=\"--smush-placeholder-width: 150px; --smush-placeholder-aspect-ratio: 150\/100;width: 150px;\" data-src=\"https:\/\/www.barbie-secondlife.com\/wp-content\/uploads\/2024\/01\/Barbie_JurassicWorld.png\" alt=\"Barbie Jurassic World\" data-srcset=\"https:\/\/www.barbie-secondlife.com\/wp-content\/uploads\/2024\/01\/Barbie_JurassicWorld.png 300w, https:\/\/www.barbie-secondlife.com\/wp-content\/uploads\/2024\/01\/Barbie_JurassicWorld-200x133.png 200w\" data-sizes=\"(max-width: 150px) 100vw, 150px\" src=\"data:image\/svg+xml;base64,PHN2ZyB3aWR0aD0iMSIgaGVpZ2h0PSIxIiB4bWxucz0iaHR0cDovL3d3dy53My5vcmcvMjAwMC9zdmciPjwvc3ZnPg==\" \/><\/a><\/td><td class=\"has-text-align-center\" data-align=\"center\"><a href=\"https:\/\/www.barbie-secondlife.com\/de\/tag\/star-trek\/\"><img decoding=\"async\" width=\"150\" height=\"61\" class=\"wp-image-600542 lazyload\" style=\"--smush-placeholder-width: 150px; --smush-placeholder-aspect-ratio: 150\/61;width: 150px;\" data-src=\"https:\/\/www.barbie-secondlife.com\/wp-content\/uploads\/2024\/01\/Barbie_StarTrek.png\" alt=\"Barbie Star Trek\" data-srcset=\"https:\/\/www.barbie-secondlife.com\/wp-content\/uploads\/2024\/01\/Barbie_StarTrek.png 300w, https:\/\/www.barbie-secondlife.com\/wp-content\/uploads\/2024\/01\/Barbie_StarTrek-200x81.png 200w\" data-sizes=\"(max-width: 150px) 100vw, 150px\" src=\"data:image\/svg+xml;base64,PHN2ZyB3aWR0aD0iMSIgaGVpZ2h0PSIxIiB4bWxucz0iaHR0cDovL3d3dy53My5vcmcvMjAwMC9zdmciPjwvc3ZnPg==\" \/><\/a><\/td><td class=\"has-text-align-center\" data-align=\"center\"><a href=\"https:\/\/www.barbie-secondlife.com\/de\/tag\/divergent\/\"><img decoding=\"async\" width=\"150\" height=\"25\" class=\"wp-image-600668 lazyload\" style=\"--smush-placeholder-width: 150px; --smush-placeholder-aspect-ratio: 150\/25;width: 150px;\" data-src=\"https:\/\/www.barbie-secondlife.com\/wp-content\/uploads\/2024\/01\/Barbie_Divergent.png\" alt=\"Barbie Divergent\" data-srcset=\"https:\/\/www.barbie-secondlife.com\/wp-content\/uploads\/2024\/01\/Barbie_Divergent.png 300w, https:\/\/www.barbie-secondlife.com\/wp-content\/uploads\/2024\/01\/Barbie_Divergent-200x33.png 200w\" data-sizes=\"(max-width: 150px) 100vw, 150px\" src=\"data:image\/svg+xml;base64,PHN2ZyB3aWR0aD0iMSIgaGVpZ2h0PSIxIiB4bWxucz0iaHR0cDovL3d3dy53My5vcmcvMjAwMC9zdmciPjwvc3ZnPg==\" \/><\/a><\/td><td class=\"has-text-align-center\" data-align=\"center\"><a href=\"https:\/\/www.barbie-secondlife.com\/de\/tag\/aquaman\/\"><img decoding=\"async\" width=\"150\" height=\"60\" class=\"wp-image-600672 lazyload\" style=\"--smush-placeholder-width: 150px; --smush-placeholder-aspect-ratio: 150\/60;width: 150px;\" data-src=\"https:\/\/www.barbie-secondlife.com\/wp-content\/uploads\/2024\/01\/Barbie_Aquaman.jpg\" alt=\"Barbie Aquaman\" data-srcset=\"https:\/\/www.barbie-secondlife.com\/wp-content\/uploads\/2024\/01\/Barbie_Aquaman.jpg 300w, https:\/\/www.barbie-secondlife.com\/wp-content\/uploads\/2024\/01\/Barbie_Aquaman-200x79.jpg 200w\" data-sizes=\"(max-width: 150px) 100vw, 150px\" src=\"data:image\/svg+xml;base64,PHN2ZyB3aWR0aD0iMSIgaGVpZ2h0PSIxIiB4bWxucz0iaHR0cDovL3d3dy53My5vcmcvMjAwMC9zdmciPjwvc3ZnPg==\" \/><\/a><\/td><\/tr><tr><td class=\"has-text-align-center\" data-align=\"center\"><a href=\"https:\/\/www.barbie-secondlife.com\/de\/tag\/the-lord-of-the-rings\/\"><img decoding=\"async\" width=\"150\" height=\"42\" class=\"wp-image-600671 lazyload\" style=\"--smush-placeholder-width: 150px; --smush-placeholder-aspect-ratio: 150\/42;width: 150px;\" data-src=\"https:\/\/www.barbie-secondlife.com\/wp-content\/uploads\/2024\/01\/Barbie_LordOfTheRing.jpg\" alt=\"Barbie The Lord Of The Ring\" data-srcset=\"https:\/\/www.barbie-secondlife.com\/wp-content\/uploads\/2024\/01\/Barbie_LordOfTheRing.jpg 300w, https:\/\/www.barbie-secondlife.com\/wp-content\/uploads\/2024\/01\/Barbie_LordOfTheRing-200x56.jpg 200w\" data-sizes=\"(max-width: 150px) 100vw, 150px\" src=\"data:image\/svg+xml;base64,PHN2ZyB3aWR0aD0iMSIgaGVpZ2h0PSIxIiB4bWxucz0iaHR0cDovL3d3dy53My5vcmcvMjAwMC9zdmciPjwvc3ZnPg==\" \/><\/a><\/td><td class=\"has-text-align-center\" data-align=\"center\"><a href=\"https:\/\/www.barbie-secondlife.com\/de\/tag\/hunger-games\/\"><img decoding=\"async\" width=\"150\" height=\"70\" class=\"wp-image-600670 lazyload\" style=\"--smush-placeholder-width: 150px; --smush-placeholder-aspect-ratio: 150\/70;width: 150px;\" data-src=\"https:\/\/www.barbie-secondlife.com\/wp-content\/uploads\/2024\/01\/Barbie_HungerGames.jpg\" alt=\"Barbie The Hunger Games\" data-srcset=\"https:\/\/www.barbie-secondlife.com\/wp-content\/uploads\/2024\/01\/Barbie_HungerGames.jpg 571w, https:\/\/www.barbie-secondlife.com\/wp-content\/uploads\/2024\/01\/Barbie_HungerGames-302x141.jpg 302w, https:\/\/www.barbie-secondlife.com\/wp-content\/uploads\/2024\/01\/Barbie_HungerGames-200x94.jpg 200w, https:\/\/www.barbie-secondlife.com\/wp-content\/uploads\/2024\/01\/Barbie_HungerGames-500x234.jpg 500w, https:\/\/www.barbie-secondlife.com\/wp-content\/uploads\/2024\/01\/Barbie_HungerGames-350x164.jpg 350w\" data-sizes=\"(max-width: 150px) 100vw, 150px\" src=\"data:image\/svg+xml;base64,PHN2ZyB3aWR0aD0iMSIgaGVpZ2h0PSIxIiB4bWxucz0iaHR0cDovL3d3dy53My5vcmcvMjAwMC9zdmciPjwvc3ZnPg==\" \/><\/a><\/td><td class=\"has-text-align-center\" data-align=\"center\"><a href=\"https:\/\/www.barbie-secondlife.com\/de\/tag\/pirates-of-the-caribbean\/\"><img decoding=\"async\" width=\"150\" height=\"39\" class=\"wp-image-600678 lazyload\" style=\"--smush-placeholder-width: 150px; --smush-placeholder-aspect-ratio: 150\/39;width: 150px;\" data-src=\"https:\/\/www.barbie-secondlife.com\/wp-content\/uploads\/2024\/01\/Barbie_Pirates.png\" alt=\"Barbie Pirates Of the Caribbean\" data-srcset=\"https:\/\/www.barbie-secondlife.com\/wp-content\/uploads\/2024\/01\/Barbie_Pirates.png 300w, https:\/\/www.barbie-secondlife.com\/wp-content\/uploads\/2024\/01\/Barbie_Pirates-200x52.png 200w\" data-sizes=\"(max-width: 150px) 100vw, 150px\" src=\"data:image\/svg+xml;base64,PHN2ZyB3aWR0aD0iMSIgaGVpZ2h0PSIxIiB4bWxucz0iaHR0cDovL3d3dy53My5vcmcvMjAwMC9zdmciPjwvc3ZnPg==\" \/><\/a><\/td><td class=\"has-text-align-center\" data-align=\"center\"><a href=\"https:\/\/www.barbie-secondlife.com\/de\/tag\/tomb-raider\/\"><img decoding=\"async\" width=\"150\" height=\"108\" class=\"wp-image-600679 lazyload\" style=\"--smush-placeholder-width: 150px; --smush-placeholder-aspect-ratio: 150\/108;width: 150px;\" data-src=\"https:\/\/www.barbie-secondlife.com\/wp-content\/uploads\/2024\/01\/Barbie_TombRaider.jpg\" alt=\"Barbie Tomb Raider\" data-srcset=\"https:\/\/www.barbie-secondlife.com\/wp-content\/uploads\/2024\/01\/Barbie_TombRaider.jpg 300w, https:\/\/www.barbie-secondlife.com\/wp-content\/uploads\/2024\/01\/Barbie_TombRaider-200x144.jpg 200w\" data-sizes=\"(max-width: 150px) 100vw, 150px\" src=\"data:image\/svg+xml;base64,PHN2ZyB3aWR0aD0iMSIgaGVpZ2h0PSIxIiB4bWxucz0iaHR0cDovL3d3dy53My5vcmcvMjAwMC9zdmciPjwvc3ZnPg==\" \/><\/a><\/td><\/tr><\/tbody><\/table><\/figure>\n\n\n\n<hr class=\"wp-block-separator has-alpha-channel-opacity\"\/>\n\n\n\n<h2 class=\"wp-block-heading\"><strong><em><strong><em>Fernsehserien<\/em><\/strong><\/em><\/strong><\/h2>\n\n\n\n<figure class=\"wp-block-table\"><table><tbody><tr><td class=\"has-text-align-center\" data-align=\"center\"><a href=\"https:\/\/www.barbie-secondlife.com\/de\/tag\/rebelde\/\"><img decoding=\"async\" width=\"150\" height=\"119\" class=\"wp-image-600521 lazyload\" style=\"--smush-placeholder-width: 150px; --smush-placeholder-aspect-ratio: 150\/119;width: 150px;\" data-src=\"https:\/\/www.barbie-secondlife.com\/wp-content\/uploads\/2024\/01\/Barbie_Rebelde.png\" alt=\"Barbie Rebelde\" data-srcset=\"https:\/\/www.barbie-secondlife.com\/wp-content\/uploads\/2024\/01\/Barbie_Rebelde.png 300w, https:\/\/www.barbie-secondlife.com\/wp-content\/uploads\/2024\/01\/Barbie_Rebelde-200x158.png 200w\" data-sizes=\"(max-width: 150px) 100vw, 150px\" src=\"data:image\/svg+xml;base64,PHN2ZyB3aWR0aD0iMSIgaGVpZ2h0PSIxIiB4bWxucz0iaHR0cDovL3d3dy53My5vcmcvMjAwMC9zdmciPjwvc3ZnPg==\" \/><\/a><\/td><td class=\"has-text-align-center\" data-align=\"center\"><a href=\"https:\/\/www.barbie-secondlife.com\/de\/tag\/clueless\/\"><img decoding=\"async\" width=\"150\" height=\"51\" class=\"wp-image-600520 lazyload\" style=\"--smush-placeholder-width: 150px; --smush-placeholder-aspect-ratio: 150\/51;width: 150px;\" data-src=\"https:\/\/www.barbie-secondlife.com\/wp-content\/uploads\/2024\/01\/Barbie_Clueless.png\" alt=\"Barbie Clueless\" data-srcset=\"https:\/\/www.barbie-secondlife.com\/wp-content\/uploads\/2024\/01\/Barbie_Clueless.png 300w, https:\/\/www.barbie-secondlife.com\/wp-content\/uploads\/2024\/01\/Barbie_Clueless-200x68.png 200w\" data-sizes=\"(max-width: 150px) 100vw, 150px\" src=\"data:image\/svg+xml;base64,PHN2ZyB3aWR0aD0iMSIgaGVpZ2h0PSIxIiB4bWxucz0iaHR0cDovL3d3dy53My5vcmcvMjAwMC9zdmciPjwvc3ZnPg==\" \/><\/a><\/td><td class=\"has-text-align-center\" data-align=\"center\"><a href=\"https:\/\/www.barbie-secondlife.com\/de\/tag\/beverly-hills\/\"><img decoding=\"async\" width=\"150\" height=\"154\" class=\"wp-image-600530 lazyload\" style=\"--smush-placeholder-width: 150px; --smush-placeholder-aspect-ratio: 150\/154;width: 150px;\" data-src=\"https:\/\/www.barbie-secondlife.com\/wp-content\/uploads\/2024\/01\/Barbie_BeverlyHills2.png\" alt=\"Barbie Beverly Hills\" data-srcset=\"https:\/\/www.barbie-secondlife.com\/wp-content\/uploads\/2024\/01\/Barbie_BeverlyHills2.png 300w, https:\/\/www.barbie-secondlife.com\/wp-content\/uploads\/2024\/01\/Barbie_BeverlyHills2-200x205.png 200w, https:\/\/www.barbie-secondlife.com\/wp-content\/uploads\/2024\/01\/Barbie_BeverlyHills2-293x300.png 293w\" data-sizes=\"(max-width: 150px) 100vw, 150px\" src=\"data:image\/svg+xml;base64,PHN2ZyB3aWR0aD0iMSIgaGVpZ2h0PSIxIiB4bWxucz0iaHR0cDovL3d3dy53My5vcmcvMjAwMC9zdmciPjwvc3ZnPg==\" \/><\/a><\/td><td class=\"has-text-align-center\" data-align=\"center\"><a href=\"https:\/\/www.barbie-secondlife.com\/de\/tag\/dynasty\/\"><img decoding=\"async\" width=\"150\" height=\"35\" class=\"wp-image-600669 lazyload\" style=\"--smush-placeholder-width: 150px; --smush-placeholder-aspect-ratio: 150\/35;width: 150px;\" data-src=\"https:\/\/www.barbie-secondlife.com\/wp-content\/uploads\/2024\/01\/Barbie_Dynasty.png\" alt=\"Barbie Dynasty\" data-srcset=\"https:\/\/www.barbie-secondlife.com\/wp-content\/uploads\/2024\/01\/Barbie_Dynasty.png 300w, https:\/\/www.barbie-secondlife.com\/wp-content\/uploads\/2024\/01\/Barbie_Dynasty-200x46.png 200w\" data-sizes=\"(max-width: 150px) 100vw, 150px\" src=\"data:image\/svg+xml;base64,PHN2ZyB3aWR0aD0iMSIgaGVpZ2h0PSIxIiB4bWxucz0iaHR0cDovL3d3dy53My5vcmcvMjAwMC9zdmciPjwvc3ZnPg==\" \/><\/a><\/td><\/tr><\/tbody><\/table><\/figure>\n","protected":false},"excerpt":{"rendered":"<p>Barbie und die Filme \/ Fernsehserien Hier sind Barbie und Ken aus meiner Sammlung, die einen Film oder eine Fernsehserie darstellen. Im Jahr 2023 erm\u00f6glichte der Eventfilm Barbie The Movie dank seines Erfolgs die Ver\u00f6ffentlichung einer ganzen Sammlung von Barbie-Puppen und Ken-Puppen. Alle gro\u00dfen Film- und Fernsehserienproduktionen haben eine oder mehrere Barbies in ihrem Konterfei [&hellip;]<\/p>\n","protected":false},"author":1,"featured_media":600533,"parent":4910,"menu_order":0,"comment_status":"closed","ping_status":"closed","template":"","meta":{"footnotes":""},"class_list":["post-600498","page","type-page","status-publish","has-post-thumbnail","hentry"],"translation":{"provider":"WPGlobus","version":"3.0.2","language":"de","enabled_languages":["fr","en","es","br","de"],"languages":{"fr":{"title":true,"content":true,"excerpt":false},"en":{"title":true,"content":true,"excerpt":false},"es":{"title":true,"content":true,"excerpt":false},"br":{"title":true,"content":true,"excerpt":false},"de":{"title":true,"content":true,"excerpt":false}}},"_links":{"self":[{"href":"https:\/\/www.barbie-secondlife.com\/de\/wp-json\/wp\/v2\/pages\/600498","targetHints":{"allow":["GET"]}}],"collection":[{"href":"https:\/\/www.barbie-secondlife.com\/de\/wp-json\/wp\/v2\/pages"}],"about":[{"href":"https:\/\/www.barbie-secondlife.com\/de\/wp-json\/wp\/v2\/types\/page"}],"author":[{"embeddable":true,"href":"https:\/\/www.barbie-secondlife.com\/de\/wp-json\/wp\/v2\/users\/1"}],"replies":[{"embeddable":true,"href":"https:\/\/www.barbie-secondlife.com\/de\/wp-json\/wp\/v2\/comments?post=600498"}],"version-history":[{"count":5,"href":"https:\/\/www.barbie-secondlife.com\/de\/wp-json\/wp\/v2\/pages\/600498\/revisions"}],"predecessor-version":[{"id":600684,"href":"https:\/\/www.barbie-secondlife.com\/de\/wp-json\/wp\/v2\/pages\/600498\/revisions\/600684"}],"up":[{"embeddable":true,"href":"https:\/\/www.barbie-secondlife.com\/de\/wp-json\/wp\/v2\/pages\/4910"}],"wp:featuredmedia":[{"embeddable":true,"href":"https:\/\/www.barbie-secondlife.com\/de\/wp-json\/wp\/v2\/media\/600533"}],"wp:attachment":[{"href":"https:\/\/www.barbie-secondlife.com\/de\/wp-json\/wp\/v2\/media?parent=600498"}],"curies":[{"name":"wp","href":"https:\/\/api.w.org\/{rel}","templated":true}]}}