{"id":601082,"date":"2024-03-18T21:36:46","date_gmt":"2024-03-18T20:36:46","guid":{"rendered":"https:\/\/www.barbie-secondlife.com\/?page_id=601082"},"modified":"2024-04-21T23:25:53","modified_gmt":"2024-04-21T21:25:53","slug":"barbie-ken-couple-de-lannee-2024","status":"publish","type":"page","link":"https:\/\/www.barbie-secondlife.com\/de\/evenements\/barbie-ken-couple-de-lannee-2024\/","title":{"rendered":"Barbie &#038; Ken \u2013 Paar des Jahres 2024"},"content":{"rendered":"\n<h2 class=\"wp-block-heading\"><strong><em>W\u00e4hlen Sie das Paar Barbie und Ken des Jahres 2024<\/em><\/strong><\/h2>\n\n\n\n<p>Beteiligen Sie sich an der Wahl des sch\u00f6nen Paares Barbie &amp; Ken. 4 Gruppen zu je 4 Paaren, jede Woche w\u00e4hlen Sie das sch\u00f6nste Paar aus jeder Gruppe, beginnend mit Gruppe 1. Klicken Sie auf die Gruppe &#8222;WAHL IN FORTSCHRITT\u201c oder auf das Bild der Paare, dann w\u00e4hlen Sie Ihr Lieblingspaar aus. Am Ende des Wettbewerbs k\u00e4mpft jedes Gewinnerpaar der Gruppe um den Titel &#8222;<strong>Barbie &amp; Ken-PAAR des Jahres 2024<\/strong>\u201c. <\/p>\n\n\n\n<hr class=\"wp-block-separator has-alpha-channel-opacity\"\/>\n\n\n\n<p class=\"has-text-align-center has-medium-font-size\"><strong><mark style=\"background-color:rgba(0, 0, 0, 0);color:#e67fb9\" class=\"has-inline-color\"><a href=\"https:\/\/www.barbie-secondlife.com\/de\/evenements\/barbie-ken-couple-de-lannee-2024\/barbie-ken-couple-de-lannee-2024-groupe-4\/\">GRUPPE 4 (<strong><mark style=\"background-color:rgba(0, 0, 0, 0);color:#e67fb9\" class=\"has-inline-color\"><strong><mark style=\"background-color:rgba(0, 0, 0, 0);color:#e67fb9\" class=\"has-inline-color\"><strong><strong><mark style=\"background-color:rgba(0, 0, 0, 0);color:#e67fb9\" class=\"has-inline-color\"><strong><mark style=\"background-color:rgba(0, 0, 0, 0);color:#e67fb9\" class=\"has-inline-color\"><strong><mark style=\"background-color:rgba(0, 0, 0, 0);color:#e67fb9\" class=\"has-inline-color\"><strong><strong>Geschlossene Abstimmung<\/strong><\/strong><\/mark><\/strong><\/mark><\/strong><\/mark><\/strong><\/strong><\/mark><\/strong><\/mark><\/strong>)<\/a><\/mark><\/strong><\/p>\n\n\n<div class=\"wp-block-image\">\n<figure class=\"aligncenter size-full\"><a href=\"https:\/\/www.barbie-secondlife.com\/de\/evenements\/barbie-ken-couple-de-lannee-2024\/barbie-ken-couple-de-lannee-2024-groupe-4\/\"><img decoding=\"async\" width=\"800\" height=\"180\" data-src=\"https:\/\/www.barbie-secondlife.com\/wp-content\/uploads\/2024\/04\/Barbie_Ken_Couple_Groupe4.png\" alt=\"Couple 2024 : Barbie Ken Gagnant Groupe 4\" class=\"wp-image-601954 lazyload\" data-srcset=\"https:\/\/www.barbie-secondlife.com\/wp-content\/uploads\/2024\/04\/Barbie_Ken_Couple_Groupe4.png 800w, https:\/\/www.barbie-secondlife.com\/wp-content\/uploads\/2024\/04\/Barbie_Ken_Couple_Groupe4-302x68.png 302w, https:\/\/www.barbie-secondlife.com\/wp-content\/uploads\/2024\/04\/Barbie_Ken_Couple_Groupe4-200x45.png 200w, https:\/\/www.barbie-secondlife.com\/wp-content\/uploads\/2024\/04\/Barbie_Ken_Couple_Groupe4-500x113.png 500w, https:\/\/www.barbie-secondlife.com\/wp-content\/uploads\/2024\/04\/Barbie_Ken_Couple_Groupe4-350x79.png 350w, https:\/\/www.barbie-secondlife.com\/wp-content\/uploads\/2024\/04\/Barbie_Ken_Couple_Groupe4-768x173.png 768w\" data-sizes=\"(max-width: 800px) 100vw, 800px\" src=\"data:image\/svg+xml;base64,PHN2ZyB3aWR0aD0iMSIgaGVpZ2h0PSIxIiB4bWxucz0iaHR0cDovL3d3dy53My5vcmcvMjAwMC9zdmciPjwvc3ZnPg==\" style=\"--smush-placeholder-width: 800px; --smush-placeholder-aspect-ratio: 800\/180;\" \/><\/a><\/figure>\n<\/div>\n\n\n<hr class=\"wp-block-separator has-alpha-channel-opacity\"\/>\n\n\n\n<p class=\"has-text-align-center has-medium-font-size\"><strong><mark style=\"background-color:rgba(0, 0, 0, 0);color:#e67fb9\" class=\"has-inline-color\"><a href=\"https:\/\/www.barbie-secondlife.com\/de\/evenements\/barbie-ken-couple-de-lannee-2024\/barbie-ken-couple-de-lannee-2024-groupe-3\/\">GRUPPE 3 (<strong><mark style=\"background-color:rgba(0, 0, 0, 0);color:#e67fb9\" class=\"has-inline-color\"><strong><mark style=\"background-color:rgba(0, 0, 0, 0);color:#e67fb9\" class=\"has-inline-color\"><strong><strong>Geschlossene Abstimmung<\/strong><\/strong><\/mark><\/strong><\/mark><\/strong>)<\/a><\/mark><\/strong><\/p>\n\n\n<div class=\"wp-block-image\">\n<figure class=\"aligncenter size-full\"><a href=\"https:\/\/www.barbie-secondlife.com\/de\/evenements\/barbie-ken-couple-de-lannee-2024\/barbie-ken-couple-de-lannee-2024-groupe-3\/\"><img decoding=\"async\" width=\"800\" height=\"180\" data-src=\"https:\/\/www.barbie-secondlife.com\/wp-content\/uploads\/2024\/04\/Barbie_Ken_Couple_Groupe3_Gagnant.png\" alt=\"Couple 2024 : Barbie Ken Gagnant Groupe 3\" class=\"wp-image-601879 lazyload\" data-srcset=\"https:\/\/www.barbie-secondlife.com\/wp-content\/uploads\/2024\/04\/Barbie_Ken_Couple_Groupe3_Gagnant.png 800w, https:\/\/www.barbie-secondlife.com\/wp-content\/uploads\/2024\/04\/Barbie_Ken_Couple_Groupe3_Gagnant-302x68.png 302w, https:\/\/www.barbie-secondlife.com\/wp-content\/uploads\/2024\/04\/Barbie_Ken_Couple_Groupe3_Gagnant-200x45.png 200w, https:\/\/www.barbie-secondlife.com\/wp-content\/uploads\/2024\/04\/Barbie_Ken_Couple_Groupe3_Gagnant-500x113.png 500w, https:\/\/www.barbie-secondlife.com\/wp-content\/uploads\/2024\/04\/Barbie_Ken_Couple_Groupe3_Gagnant-350x79.png 350w, https:\/\/www.barbie-secondlife.com\/wp-content\/uploads\/2024\/04\/Barbie_Ken_Couple_Groupe3_Gagnant-768x173.png 768w\" data-sizes=\"(max-width: 800px) 100vw, 800px\" src=\"data:image\/svg+xml;base64,PHN2ZyB3aWR0aD0iMSIgaGVpZ2h0PSIxIiB4bWxucz0iaHR0cDovL3d3dy53My5vcmcvMjAwMC9zdmciPjwvc3ZnPg==\" style=\"--smush-placeholder-width: 800px; --smush-placeholder-aspect-ratio: 800\/180;\" \/><\/a><\/figure>\n<\/div>\n\n\n<hr class=\"wp-block-separator has-alpha-channel-opacity\"\/>\n\n\n\n<p class=\"has-text-align-center has-medium-font-size\"><a href=\"https:\/\/www.barbie-secondlife.com\/de\/evenements\/barbie-ken-couple-de-lannee-2024\/barbie-ken-couple-de-lannee-2024-groupe-2\/\"><strong><mark style=\"background-color:rgba(0, 0, 0, 0);color:#e67fb9\" class=\"has-inline-color\">GRUPPE 2 (<strong><mark style=\"background-color:rgba(0, 0, 0, 0);color:#e67fb9\" class=\"has-inline-color\"><\/mark><\/strong><\/mark>Geschlossene Abstimmung)<\/strong><\/a><\/p>\n\n\n<div class=\"wp-block-image\">\n<figure class=\"aligncenter size-full\"><a href=\"https:\/\/www.barbie-secondlife.com\/de\/evenements\/barbie-ken-couple-de-lannee-2024\/barbie-ken-couple-de-lannee-2024-groupe-2\/\"><img decoding=\"async\" width=\"800\" height=\"180\" data-src=\"https:\/\/www.barbie-secondlife.com\/wp-content\/uploads\/2024\/04\/Barbie_Ken_Couple_Groupe2_Gagnant.png\" alt=\"Couple 2024 : Barbie Ken Gagnant Groupe 2\" class=\"wp-image-601762 lazyload\" data-srcset=\"https:\/\/www.barbie-secondlife.com\/wp-content\/uploads\/2024\/04\/Barbie_Ken_Couple_Groupe2_Gagnant.png 800w, https:\/\/www.barbie-secondlife.com\/wp-content\/uploads\/2024\/04\/Barbie_Ken_Couple_Groupe2_Gagnant-302x68.png 302w, https:\/\/www.barbie-secondlife.com\/wp-content\/uploads\/2024\/04\/Barbie_Ken_Couple_Groupe2_Gagnant-200x45.png 200w, https:\/\/www.barbie-secondlife.com\/wp-content\/uploads\/2024\/04\/Barbie_Ken_Couple_Groupe2_Gagnant-500x113.png 500w, https:\/\/www.barbie-secondlife.com\/wp-content\/uploads\/2024\/04\/Barbie_Ken_Couple_Groupe2_Gagnant-350x79.png 350w, https:\/\/www.barbie-secondlife.com\/wp-content\/uploads\/2024\/04\/Barbie_Ken_Couple_Groupe2_Gagnant-768x173.png 768w\" data-sizes=\"(max-width: 800px) 100vw, 800px\" src=\"data:image\/svg+xml;base64,PHN2ZyB3aWR0aD0iMSIgaGVpZ2h0PSIxIiB4bWxucz0iaHR0cDovL3d3dy53My5vcmcvMjAwMC9zdmciPjwvc3ZnPg==\" style=\"--smush-placeholder-width: 800px; --smush-placeholder-aspect-ratio: 800\/180;\" \/><\/a><\/figure>\n<\/div>\n\n\n<hr class=\"wp-block-separator has-alpha-channel-opacity\"\/>\n\n\n\n<p class=\"has-text-align-center has-medium-font-size\"><strong><mark style=\"background-color:rgba(0, 0, 0, 0);color:#e67fb9\" class=\"has-inline-color\"><a href=\"https:\/\/www.barbie-secondlife.com\/de\/evenements\/barbie-ken-couple-de-lannee-2024\/barbie-ken-couple-de-lannee-2024-groupe-1\/\">GRUPPE 1 (Geschlossene Abstimmung)<\/a><\/mark><\/strong><\/p>\n\n\n<div class=\"wp-block-image\">\n<figure class=\"aligncenter size-full\"><a href=\"https:\/\/www.barbie-secondlife.com\/de\/evenements\/barbie-ken-couple-de-lannee-2024\/barbie-ken-couple-de-lannee-2024-groupe-1\/\"><img decoding=\"async\" width=\"800\" height=\"180\" data-src=\"https:\/\/www.barbie-secondlife.com\/wp-content\/uploads\/2024\/04\/Barbie_Ken_Couple_Groupe1_Gagnant.png\" alt=\"Couple 2024 : Barbie Ken Gagnant Groupe 1\" class=\"wp-image-601750 lazyload\" data-srcset=\"https:\/\/www.barbie-secondlife.com\/wp-content\/uploads\/2024\/04\/Barbie_Ken_Couple_Groupe1_Gagnant.png 800w, https:\/\/www.barbie-secondlife.com\/wp-content\/uploads\/2024\/04\/Barbie_Ken_Couple_Groupe1_Gagnant-302x68.png 302w, https:\/\/www.barbie-secondlife.com\/wp-content\/uploads\/2024\/04\/Barbie_Ken_Couple_Groupe1_Gagnant-200x45.png 200w, https:\/\/www.barbie-secondlife.com\/wp-content\/uploads\/2024\/04\/Barbie_Ken_Couple_Groupe1_Gagnant-500x113.png 500w, https:\/\/www.barbie-secondlife.com\/wp-content\/uploads\/2024\/04\/Barbie_Ken_Couple_Groupe1_Gagnant-350x79.png 350w, https:\/\/www.barbie-secondlife.com\/wp-content\/uploads\/2024\/04\/Barbie_Ken_Couple_Groupe1_Gagnant-768x173.png 768w\" data-sizes=\"(max-width: 800px) 100vw, 800px\" src=\"data:image\/svg+xml;base64,PHN2ZyB3aWR0aD0iMSIgaGVpZ2h0PSIxIiB4bWxucz0iaHR0cDovL3d3dy53My5vcmcvMjAwMC9zdmciPjwvc3ZnPg==\" style=\"--smush-placeholder-width: 800px; --smush-placeholder-aspect-ratio: 800\/180;\" \/><\/a><\/figure>\n<\/div>\n\n\n<hr class=\"wp-block-separator has-alpha-channel-opacity\"\/>\n\n\n\n<h2 class=\"wp-block-heading\">Gruppe 1<\/h2>\n\n\n\n<p><strong>Paar n\u00b01<\/strong> : <a href=\"https:\/\/www.barbie-secondlife.com\/de\/barbie\/world\/amerique-du-sud\/barbie-germana\/\">Barbie Germana<\/a> (Barbie <a href=\"https:\/\/www.barbie-secondlife.com\/de\/tag\/style\/\">Style<\/a> &#8211; <a href=\"https:\/\/www.barbie-secondlife.com\/de\/tag\/2014\/\">2014<\/a>&#8211; BLR57) mit <a href=\"https:\/\/www.barbie-secondlife.com\/de\/barbie\/kens-dans-le-monde\/ken-william\/\">Ken William<\/a> (Ken <a href=\"https:\/\/www.barbie-secondlife.com\/de\/tag\/fashionistas\/\">Fashionistas<\/a> n\u00b0162 &#8211; <a href=\"https:\/\/www.barbie-secondlife.com\/de\/tag\/2021\/\">2021<\/a> &#8211; GRB87)<\/p>\n\n\n\n<p><strong>Paar n\u00b02<\/strong> : <a href=\"https:\/\/www.barbie-secondlife.com\/de\/barbie\/world\/asie\/barbie-tessa\/\">Barbie Tessa<\/a> (Barbie <a href=\"https:\/\/www.barbie-secondlife.com\/de\/tag\/dolls-of-the-world\/\">Dolls of the World<\/a> Princess of the Incas &#8211; <a href=\"https:\/\/www.barbie-secondlife.com\/de\/tag\/2001\/\">2001<\/a> &#8211; 28373) mit <a href=\"https:\/\/www.barbie-secondlife.com\/de\/barbie\/kens-dans-le-monde\/ken-luuk\/\">Ken Luuk<\/a> (Ken <a href=\"https:\/\/www.barbie-secondlife.com\/de\/tag\/ken-basics\/\">Basics<\/a>&nbsp;Model No. 16 \u2013&nbsp;<a href=\"https:\/\/www.barbie-secondlife.com\/de\/tag\/collection-002\/\">Collection 002<\/a> &#8211; <a href=\"https:\/\/www.barbie-secondlife.com\/de\/tag\/2011\/\">2011<\/a> &#8211; T7750)<\/p>\n\n\n\n<p><strong>Paar n\u00b03<\/strong> : <a href=\"https:\/\/www.barbie-secondlife.com\/de\/barbie\/world\/europe-est\/barbie-francesca\/\">Barbie Francesca<\/a> (Barbie Chinese New Rat Year Wishes &#8211; <a href=\"https:\/\/www.barbie-secondlife.com\/de\/tag\/2008\/\">2008<\/a> &#8211; M6037) mit <a href=\"https:\/\/www.barbie-secondlife.com\/de\/barbie\/kens-dans-le-monde\/ken-thiago\/\">Ken Thiago<\/a> <a href=\"https:\/\/www.barbie-secondlife.com\/de\/tag\/ooak\/\">ooak<\/a> (Ken&nbsp;<a href=\"https:\/\/www.barbie-secondlife.com\/de\/tag\/fashionistas\/\">Fashionistas<\/a>&nbsp;N\u00b0193 &#8211; <a href=\"https:\/\/www.barbie-secondlife.com\/de\/tag\/2022\/\">2022<\/a> &#8211; HBV27)<\/p>\n\n\n\n<p><strong>Paar n\u00b04<\/strong> : <a href=\"https:\/\/www.barbie-secondlife.com\/de\/barbie\/world\/oceanie\/barbie-heinoa\/\">Barbie Heinoa<\/a> (Barbie&nbsp;<a href=\"https:\/\/www.barbie-secondlife.com\/de\/tag\/yves-saint-laurent\/\">Yves Saint Laurent<\/a> &#8211; <a href=\"https:\/\/www.barbie-secondlife.com\/de\/tag\/2018\/\">2018<\/a> &#8211; FPV66) mit <a href=\"https:\/\/www.barbie-secondlife.com\/de\/barbie\/kens-dans-le-monde\/ken-ulysse\/\">Ken Ulysse<\/a> (Ken Wonder Woman 1984 (WW84)&nbsp;<a href=\"https:\/\/www.barbie-secondlife.com\/de\/tag\/rerooted\/\">rerooted<\/a>&nbsp;&amp;&nbsp;<a href=\"https:\/\/www.barbie-secondlife.com\/de\/tag\/ooak\/\">ooak<\/a> &#8211; <a href=\"https:\/\/www.barbie-secondlife.com\/de\/tag\/2020\/\">2020<\/a> &#8211; GJJ49)<\/p>\n\n\n\n<hr class=\"wp-block-separator has-alpha-channel-opacity\"\/>\n\n\n\n<h2 class=\"wp-block-heading\">Gruppe 2<\/h2>\n\n\n\n<p><strong>Paar n\u00b01<\/strong> : <a href=\"https:\/\/www.barbie-secondlife.com\/de\/barbie\/world\/oceanie\/barbie-ysalis\/\">Barbie Ysalys<\/a> (Barbie The Wizard of Oz Fantasy Glamour Dorothy &#8211; <a href=\"https:\/\/www.barbie-secondlife.com\/de\/tag\/2013\/\">2013<\/a>&#8211; Y3355) mit <a href=\"https:\/\/www.barbie-secondlife.com\/de\/barbie\/kens-dans-le-monde\/ken-viktor\/\">Ken Viktor<\/a> (Ken in White and Gold Tracksuit&nbsp;<a href=\"https:\/\/www.barbie-secondlife.com\/de\/tag\/the-movie-2023\/\">Barbie The Movie<\/a> &#8211; <a href=\"https:\/\/www.barbie-secondlife.com\/de\/tag\/2023\/\">2023<\/a> &#8211; HPK04)<\/p>\n\n\n\n<p><strong>Paar n\u00b02<\/strong> : <a href=\"https:\/\/www.barbie-secondlife.com\/de\/barbie\/world\/oceanie\/barbie-shirley\/\">Barbie Shirley<\/a> (Barbie&nbsp;<a href=\"https:\/\/www.barbie-secondlife.com\/de\/tag\/yves-saint-laurent\/\">Yves Saint Laurent<\/a> &#8211; <a href=\"https:\/\/www.barbie-secondlife.com\/de\/tag\/2018\/\">2018<\/a> &#8211; FJH71) mit <a href=\"https:\/\/www.barbie-secondlife.com\/de\/barbie\/kens-dans-le-monde\/ken-zoran\/\">Ken Zoran<\/a> (Ken&nbsp;<a href=\"https:\/\/www.barbie-secondlife.com\/de\/tag\/bmr1959\/\">BMR1959<\/a> &#8211; <a href=\"https:\/\/www.barbie-secondlife.com\/de\/tag\/2019\/\">2019<\/a> &#8211; GHT93)<\/p>\n\n\n\n<p><strong>Paar n\u00b03<\/strong> : <a href=\"https:\/\/www.barbie-secondlife.com\/de\/barbie\/kens-dans-le-monde\/ken-juan\/\">Ken Juan<\/a> (Ken&nbsp;<a href=\"https:\/\/www.barbie-secondlife.com\/de\/tag\/looks\/\">Looks<\/a> n\u00b09- <a href=\"https:\/\/www.barbie-secondlife.com\/de\/tag\/2021\/\">2021<\/a> &#8211; HCB79) mit <a href=\"https:\/\/www.barbie-secondlife.com\/de\/barbie\/world\/amerique-du-sud\/barbie-mabel\/\">Barbie Mabel<\/a> (Barbie&nbsp;<a href=\"https:\/\/www.barbie-secondlife.com\/de\/tag\/looks\/\">Looks<\/a> n\u00b02 &#8211; <a href=\"https:\/\/www.barbie-secondlife.com\/de\/tag\/2021\/\">2021<\/a> &#8211; GTD91)<\/p>\n\n\n\n<p><strong>Paar n\u00b04<\/strong> : <a href=\"https:\/\/www.barbie-secondlife.com\/de\/barbie\/world\/amerique-nord-centrale\/barbie-gina\/\">Barbie Gina<\/a> (Barbie&nbsp;<a href=\"https:\/\/www.barbie-secondlife.com\/de\/tag\/looks\/\">Looks<\/a> n\u00b01 &#8211; <a href=\"https:\/\/www.barbie-secondlife.com\/de\/tag\/2021\/\">2021<\/a> &#8211; GTD89) mit <a href=\"https:\/\/www.barbie-secondlife.com\/de\/barbie\/kens-dans-le-monde\/ken-pablo\/\">Ken Pablo<\/a> (Ken&nbsp;<a href=\"https:\/\/www.barbie-secondlife.com\/de\/tag\/looks\/\">Looks<\/a>&nbsp;n\u00b018 &#8211; <a href=\"https:\/\/www.barbie-secondlife.com\/de\/tag\/2023\/\">2023<\/a> &#8211; HJW85)<\/p>\n\n\n\n<hr class=\"wp-block-separator has-alpha-channel-opacity\"\/>\n\n\n\n<h2 class=\"wp-block-heading\">Gruppe 3<\/h2>\n\n\n\n<p><strong>Paar n\u00b01<\/strong> : <a href=\"https:\/\/www.barbie-secondlife.com\/de\/barbie\/world\/amerique-du-sud\/barbie-sue\/\">Barbie Sue<\/a> (Barbie&nbsp;<a href=\"https:\/\/www.barbie-secondlife.com\/de\/tag\/fashionistas\/\">Fashionistas<\/a>&nbsp;n\u00b0103 &#8211; <a href=\"https:\/\/www.barbie-secondlife.com\/de\/tag\/2018\/\">2018<\/a> &#8211; FXL43) mit <a href=\"https:\/\/www.barbie-secondlife.com\/de\/barbie\/kens-dans-le-monde\/ken-javier\/\">Ken Javier<\/a> (Ken&nbsp;<a href=\"https:\/\/www.barbie-secondlife.com\/de\/tag\/the-twilight-saga\/\">The Twilight Saga<\/a> : New Moon Jacob &#8211; <a href=\"https:\/\/www.barbie-secondlife.com\/de\/tag\/2010\/\">2010<\/a> &#8211; R9909)<\/p>\n\n\n\n<p><strong>Paar n\u00b02<\/strong> : <a href=\"https:\/\/www.barbie-secondlife.com\/de\/barbie\/world\/amerique-du-sud\/barbie-tisha\/\">Barbie Tisha<\/a> (Barbie&nbsp;<a href=\"https:\/\/www.barbie-secondlife.com\/de\/tag\/looks\/\">Looks<\/a> n\u00b08 &#8211; 2021 &#8211; HCB78) mit <a href=\"https:\/\/www.barbie-secondlife.com\/de\/barbie\/kens-dans-le-monde\/ken-francisco\/\">Ken Francisco<\/a> (Ken&nbsp;<a href=\"https:\/\/www.barbie-secondlife.com\/de\/tag\/ken-basics\/\">Basics<\/a>&nbsp;Model No. 17&nbsp;<a href=\"https:\/\/www.barbie-secondlife.com\/de\/tag\/collection-002\/\">Collection 002<\/a> &#8211; <a href=\"https:\/\/www.barbie-secondlife.com\/de\/tag\/2011\/\">2011<\/a> &#8211; T7751)<\/p>\n\n\n\n<p><strong>Paar n\u00b03<\/strong> : <a href=\"https:\/\/www.barbie-secondlife.com\/de\/barbie\/world\/afrique\/barbie-olympe\/\">Barbie Olympe<\/a> (Barbie&nbsp;<a href=\"https:\/\/www.barbie-secondlife.com\/de\/tag\/so-in-style\/\">So In Style<\/a>&nbsp;Trichelle (<a href=\"https:\/\/www.barbie-secondlife.com\/de\/tag\/rerooted\/\">rerooted<\/a>) &#8211; <a href=\"https:\/\/www.barbie-secondlife.com\/de\/tag\/2012\/\">2012<\/a> &#8211; W3185) mit <a href=\"https:\/\/www.barbie-secondlife.com\/de\/barbie\/kens-dans-le-monde\/ken-maximilian\/\">Ken Maximilian<\/a> (Ken&nbsp;<a href=\"https:\/\/www.barbie-secondlife.com\/de\/tag\/faraway-forest\/\">Faraway Forest<\/a>&nbsp;\u2013 Fairy Kingdom Wedding and Ken &#8211; <a href=\"https:\/\/www.barbie-secondlife.com\/de\/tag\/2018\/\">2018<\/a> &#8211; FJH81)<\/p>\n\n\n\n<p><strong>Paar n\u00b04<\/strong> : <a href=\"https:\/\/www.barbie-secondlife.com\/de\/barbie\/world\/afrique\/barbie-valeriane\/\">Barbie Val\u00e9riane<\/a> (Barbie&nbsp;<a href=\"https:\/\/www.barbie-secondlife.com\/de\/tag\/star-wars\/\">Star Wars<\/a>&nbsp;C-3PO &#8211; <a href=\"https:\/\/www.barbie-secondlife.com\/de\/tag\/2020\/\">2020<\/a> &#8211; GLY30) mit <a href=\"https:\/\/www.barbie-secondlife.com\/de\/barbie\/kens-dans-le-monde\/ken-soulayman\/\">Ken Soulayman<\/a> (Ken&nbsp;<a href=\"https:\/\/www.barbie-secondlife.com\/de\/tag\/cali-guy\/\">Cali Guy<\/a> Steven &#8211; <a href=\"https:\/\/www.barbie-secondlife.com\/de\/tag\/2004\/\">2004<\/a> &#8211; G8668)<\/p>\n\n\n\n<hr class=\"wp-block-separator has-alpha-channel-opacity\"\/>\n\n\n\n<h2 class=\"wp-block-heading\">Gruppe 4<\/h2>\n\n\n\n<p><strong>Paar n\u00b01<\/strong> : <a href=\"https:\/\/www.barbie-secondlife.com\/de\/barbie\/kens-dans-le-monde\/ken-moise\/\">Ken Mo\u00efse<\/a> (Ken&nbsp;<a href=\"https:\/\/www.barbie-secondlife.com\/de\/tag\/looks\/\">Looks<\/a> n\u00b04 &#8211; <a href=\"https:\/\/www.barbie-secondlife.com\/de\/tag\/2021\/\">2021<\/a> &#8211; GXL14) mit <a href=\"https:\/\/www.barbie-secondlife.com\/de\/barbie\/world\/asie\/barbie-hamsa\/\">Barbie Hamsa<\/a> (Barbie&nbsp;<a href=\"https:\/\/www.barbie-secondlife.com\/de\/tag\/looks\/\">Looks<\/a> n\u00b011 &#8211; <a href=\"https:\/\/www.barbie-secondlife.com\/de\/tag\/2022\/\">2022<\/a> &#8211; HBX94)<\/p>\n\n\n\n<p><strong>Paar n\u00b02<\/strong> : <a href=\"https:\/\/www.barbie-secondlife.com\/de\/barbie\/world\/afrique\/barbie-jalia\/\">Barbie Jalia<\/a> (Barbie&nbsp;<a href=\"https:\/\/www.barbie-secondlife.com\/de\/tag\/looks\/\">Looks<\/a> n\u00b012 &#8211; <a href=\"https:\/\/www.barbie-secondlife.com\/de\/tag\/2022\/\">2022<\/a> &#8211; HBX95) mit <a href=\"https:\/\/www.barbie-secondlife.com\/de\/barbie\/kens-dans-le-monde\/ken-luka\/\">Ken Luka<\/a> (Ken&nbsp;<a href=\"https:\/\/www.barbie-secondlife.com\/de\/tag\/looks\/\">Looks<\/a>&nbsp;n\u00b017 &#8211; <a href=\"https:\/\/www.barbie-secondlife.com\/de\/tag\/2023\/\">2023<\/a> &#8211; HJW84)<\/p>\n\n\n\n<p><strong>Paar n\u00b03<\/strong> : <a href=\"https:\/\/www.barbie-secondlife.com\/de\/barbie\/kens-dans-le-monde\/ken-hayden\/\">Ken Hayden<\/a> (Ken&nbsp;<a href=\"https:\/\/www.barbie-secondlife.com\/de\/tag\/bmr1959\/\">BMR1959<\/a> &#8211; <a href=\"https:\/\/www.barbie-secondlife.com\/de\/tag\/2020\/\">2020<\/a> &#8211; GPF17) mit <a href=\"https:\/\/www.barbie-secondlife.com\/de\/barbie\/world\/europe-ouest\/barbie-karolyn\/\">Barbie Karolyn<\/a> (Barbie The X-Files Agent Dana Scully &#8211; <a href=\"https:\/\/www.barbie-secondlife.com\/de\/tag\/2018\/\">2018<\/a> &#8211; FRN95)<\/p>\n\n\n\n<p><strong>Paar n\u00b04<\/strong> : <a href=\"https:\/\/www.barbie-secondlife.com\/de\/barbie\/kens-dans-le-monde\/ken-paul\/\">Ken Paul<\/a> (Ken&nbsp;<a href=\"https:\/\/www.barbie-secondlife.com\/de\/tag\/the-twilight-saga\/\">The Twilight Saga<\/a>: Breaking Dawn Part 2 Carlisle &#8211; <a href=\"https:\/\/www.barbie-secondlife.com\/de\/tag\/2012\/\">2012<\/a>&nbsp;&#8211; X8246) mit <a href=\"https:\/\/www.barbie-secondlife.com\/de\/barbie\/world\/afrique\/barbie-tamika\/\">Barbie Tamika<\/a> (Barbie&nbsp;<a href=\"https:\/\/www.barbie-secondlife.com\/de\/tag\/disney\/\">Disney<\/a>&nbsp;die kleine Meerjungfrau Tamika &#8211; <a href=\"https:\/\/www.barbie-secondlife.com\/de\/tag\/2023\/\">2023<\/a> &#8211; HPT16)<\/p>\n","protected":false},"excerpt":{"rendered":"<p>W\u00e4hlen Sie das Paar Barbie und Ken des Jahres 2024 Beteiligen Sie sich an der Wahl des sch\u00f6nen Paares Barbie &amp; Ken. 4 Gruppen zu je 4 Paaren, jede Woche w\u00e4hlen Sie das sch\u00f6nste Paar aus jeder Gruppe, beginnend mit Gruppe 1. Klicken Sie auf die Gruppe &#8222;WAHL IN FORTSCHRITT\u201c oder auf das Bild der [&hellip;]<\/p>\n","protected":false},"author":1,"featured_media":601359,"parent":10511,"menu_order":0,"comment_status":"closed","ping_status":"closed","template":"","meta":{"footnotes":""},"class_list":["post-601082","page","type-page","status-publish","has-post-thumbnail","hentry"],"translation":{"provider":"WPGlobus","version":"3.0.2","language":"de","enabled_languages":["fr","en","es","br","de"],"languages":{"fr":{"title":true,"content":true,"excerpt":false},"en":{"title":true,"content":true,"excerpt":false},"es":{"title":true,"content":true,"excerpt":false},"br":{"title":true,"content":true,"excerpt":false},"de":{"title":true,"content":true,"excerpt":false}}},"_links":{"self":[{"href":"https:\/\/www.barbie-secondlife.com\/de\/wp-json\/wp\/v2\/pages\/601082","targetHints":{"allow":["GET"]}}],"collection":[{"href":"https:\/\/www.barbie-secondlife.com\/de\/wp-json\/wp\/v2\/pages"}],"about":[{"href":"https:\/\/www.barbie-secondlife.com\/de\/wp-json\/wp\/v2\/types\/page"}],"author":[{"embeddable":true,"href":"https:\/\/www.barbie-secondlife.com\/de\/wp-json\/wp\/v2\/users\/1"}],"replies":[{"embeddable":true,"href":"https:\/\/www.barbie-secondlife.com\/de\/wp-json\/wp\/v2\/comments?post=601082"}],"version-history":[{"count":5,"href":"https:\/\/www.barbie-secondlife.com\/de\/wp-json\/wp\/v2\/pages\/601082\/revisions"}],"predecessor-version":[{"id":601965,"href":"https:\/\/www.barbie-secondlife.com\/de\/wp-json\/wp\/v2\/pages\/601082\/revisions\/601965"}],"up":[{"embeddable":true,"href":"https:\/\/www.barbie-secondlife.com\/de\/wp-json\/wp\/v2\/pages\/10511"}],"wp:featuredmedia":[{"embeddable":true,"href":"https:\/\/www.barbie-secondlife.com\/de\/wp-json\/wp\/v2\/media\/601359"}],"wp:attachment":[{"href":"https:\/\/www.barbie-secondlife.com\/de\/wp-json\/wp\/v2\/media?parent=601082"}],"curies":[{"name":"wp","href":"https:\/\/api.w.org\/{rel}","templated":true}]}}