{"id":602754,"date":"2024-10-05T21:11:22","date_gmt":"2024-10-05T19:11:22","guid":{"rendered":"https:\/\/www.barbie-secondlife.com\/opt-out-preferences\/"},"modified":"2024-10-05T21:11:22","modified_gmt":"2024-10-05T19:11:22","slug":"opt-out-preferences","status":"publish","type":"page","link":"https:\/\/www.barbie-secondlife.com\/de\/opt-out-preferences\/","title":{"rendered":"Opt-out preferences"},"content":{"rendered":"\n<!-- Legal document generated by Complianz | GDPR\/CCPA Cookie Consent https:\/\/wordpress.org\/plugins\/complianz-gdpr -->\n<div id=\"cmplz-document\" class=\"cmplz-document cookie-statement cmplz-document-us\"><p><i>This page was last changed on 5 Oktober 2024, last checked on 5 Oktober 2024 and applies to citizens and legal permanent residents of the United States. <\/i><br \/><\/p><h2>1. Introduction<\/h2><p>Our website, <a href=\"https:\/\/www.barbie-secondlife.com\/de\">https:\/\/www.barbie-secondlife.com\/de<\/a> (hereinafter: &#8222;the website&#8220;) uses cookies and other related technologies (for convenience all technologies are referred to as &#8222;cookies&#8220;). Cookies are also placed by third parties we have engaged. In the document below we inform you about the use of cookies on our website.<\/p><h2>2. Cookies<\/h2><p>When you visit our website it can be necessary to store and\/or read certain data from your device by using technologies such as cookies.<\/p><p class=\"cmplz-subtitle\">2.1 Technical or functional cookies<\/p><p>Some cookies ensure that certain parts of the website work properly and that your user preferences remain known. By placing functional cookies, we make it easier for you to visit our website. This way, you do not need to repeatedly enter the same information when visiting our website and, for example, the items remain in your shopping cart until you have paid. We may place these cookies without your consent.<\/p><p class=\"cmplz-subtitle\">2.2 Statistics cookies<\/p><p>We use statistics cookies to optimize the website experience for our users. With these statistics cookies we get insights in the usage of our website.<\/p><p class=\"cmplz-subtitle\">2.3 Advertising cookies<\/p><p>On this website we use advertising cookies, enabling us to gain insights into the campaign results. This happens based on a profile we create based on your behavior on <a href=\"https:\/\/www.barbie-secondlife.com\/de\">https:\/\/www.barbie-secondlife.com\/de<\/a>. With these cookies you, as website visitor, are linked to a unique ID but these cookies will not profile your behavior and interests to serve personalized ads.<\/p><p>You can object to the tracking by these cookies by clicking the &#8222;Manage Consent&#8220; button.<\/p><p class=\"cmplz-subtitle\">2.4 Marketing\/Tracking cookies<\/p><p>Marketing\/Tracking cookies are cookies or any other form of local storage, used to create user profiles to display advertising or to track the user on this website or across several websites for similar marketing purposes.<\/p><p class=\"cmplz-subtitle\">2.5 Social media<\/p><p>Auf unserer Website haben wir Inhalte von X (Formerly Twitter), Facebook, Pinterest und Instagram eingebunden, um Webseiten in sozialen Netzwerken wie X (Formerly Twitter), Facebook, Pinterest und Instagram zu bewerben (z. B. &#8222;Gef\u00e4llt mir&#8220;, &#8222;Pin&#8220;) oder zu teilen (z. B. &#8222;Tweet&#8220;). Dieser Inhalt ist mit einem Code eingebettet, der von X (Formerly Twitter), Facebook, Pinterest und Instagram stammt und Cookies platziert. Diese Inhalte k\u00f6nnen bestimmte Informationen f\u00fcr personalisierte Werbung speichern und verarbeiten.<\/p><p>Bitte lies die Datenschutzerkl\u00e4rung dieser sozialen Netzwerke (die sich regelm\u00e4\u00dfig \u00e4ndern kann), um zu erfahren, wie sie mit deinen (pers\u00f6nlichen) Daten umgehen, die sie mithilfe dieser Cookies verarbeiten. Die abgerufenen Daten werden so weit wie m\u00f6glich anonymisiert. X (Formerly Twitter), Facebook, Pinterest und Instagram hat seine Sitze in den Vereinigten Staaten<\/p><h2>3. Placed cookies<\/h2><p><p>Most of these technologies have a function, a purpose, and an expiration period.<\/p><ol>\n                      <li>A function is a particular task a technology has. So a function can be to &#8222;store certain data.&#8220;<\/li>\n                      <li>Purpose is &#8222;the Why&#8220; behind the function. Maybe the data is stored because it is needed for statistics.<\/li>\n                      <li>The expiration period shows the length of the period the used technology can \u201cstore or read certain data.&#8220;<\/li>\n                  <\/ol><\/p><div id=\"cmplz-cookies-overview\"><\/div><h2>4. Browser and Device based Consent<\/h2><p>When you visit our website for the first time, we will show you a pop-up with an explanation about cookies. You do have the right to opt-out and to object against the further use of non-functional cookies.<\/p><p class=\"cmplz-subtitle\">4.1 Manage your opt-out preferences<\/p><div id=\"cmplz-manage-consent-container-nojavascript\">Du hast die Cookie-Richtlinie ohne Javascript-Unterst\u00fctzung geladen.&nbsp;Unter AMP kannst du den Button zum Zustimmen der Einwilligung unten auf der Seite verwenden.<\/div><div id=\"cmplz-manage-consent-container\" name=\"cmplz-manage-consent-container\" class=\"cmplz-manage-consent-container\"><\/div><h2>5. Enabling\/disabling and deleting cookies<\/h2><p>You can use your internet browser to automatically or manually delete cookies. You can also specify that certain cookies may not be placed. Another option is to change the settings of your internet browser so that you receive a message each time a cookie is placed. For more information about these options, please refer to the instructions in the Help section of your browser.<\/p><p>Bitte nimm zur Kenntnis, dass unsere Website m\u00f6glicherweise nicht richtig funktioniert, wenn alle Cookies deaktiviert sind. Wenn du die Cookies in deinem Browser l\u00f6scht, werden diese neu platziert, wenn du unsere Website erneut besuchst.<\/p><h2>6. Your rights with respect to personal data<\/h2><p>You have the following rights with respect to your personal data:<\/p><ul>\n                <li>you may submit a request for access to the data we process about you;<\/li>\n                <li>you may object to the processing;<\/li>\n                <li>you may request an overview, in a commonly used format, of the data we process about you;<\/li>\n                <li>you may request correction or deletion of the data if it is incorrect or not or no longer relevant, or to ask to restrict the processing of the data.<\/li>\n            <\/ul><p>To exercise these rights, please contact us. Please refer to the contact details at the bottom of this Cookie Policy. If you have a complaint about how we handle your data, we would like to hear from you.<\/p><p>For more information about your rights with respect to personal data, please refer to our <a href=\"#\" target=\"_blank\">Privacy Statement<\/a><\/p><h2>7. Contact details<\/h2><p>For questions and\/or comments about our Cookie Policy and this statement, please contact us by using the following contact details:<\/p><p><span class=\"cmplz-contact-organisation\">ROUSSEL<\/span><br \/>\n                      <span class=\"cmplz-contact-address\">51 Boulevard Saint Martin<\/span><br \/>\n                      <span class=\"cmplz-contact-country\">Frankreich<\/span><br \/>\n                      <span class=\"cmplz-contact-domain\">Website: <a href=\"https:\/\/www.barbie-secondlife.com\/de\">https:\/\/www.barbie-secondlife.com\/de<\/a><\/span><br \/>\n                      <span class=\"cmplz-contact-email\">Email: <span class=\"cmplz-obfuscate\">&#114;oussel&#095;&#102;&#114;&#101;de&#114;&#105;c@<span class=\"cmplz-fmail-domain\">e&#120;&#046;co&#109;<\/span>o&#117;&#116;l&#111;ok.co&#109;<\/span><\/span><br \/>\n                      <span class=\"cmplz-contact-telephone\"><\/span><\/p><p>This Cookie Policy was synchronized with <a href=\"https:\/\/cookiedatabase.org\/\" target=\"_blank\">cookiedatabase.org<\/a> on 11 November 2024.<\/p><\/div>","protected":false},"excerpt":{"rendered":"","protected":false},"author":1,"featured_media":0,"parent":0,"menu_order":0,"comment_status":"closed","ping_status":"closed","template":"","meta":{"footnotes":""},"class_list":["post-602754","page","type-page","status-publish","hentry"],"translation":{"provider":"WPGlobus","version":"3.0.2","language":"de","enabled_languages":["fr","en","es","br","de"],"languages":{"fr":{"title":true,"content":true,"excerpt":false},"en":{"title":false,"content":false,"excerpt":false},"es":{"title":false,"content":false,"excerpt":false},"br":{"title":false,"content":false,"excerpt":false},"de":{"title":false,"content":false,"excerpt":false}}},"_links":{"self":[{"href":"https:\/\/www.barbie-secondlife.com\/de\/wp-json\/wp\/v2\/pages\/602754","targetHints":{"allow":["GET"]}}],"collection":[{"href":"https:\/\/www.barbie-secondlife.com\/de\/wp-json\/wp\/v2\/pages"}],"about":[{"href":"https:\/\/www.barbie-secondlife.com\/de\/wp-json\/wp\/v2\/types\/page"}],"author":[{"embeddable":true,"href":"https:\/\/www.barbie-secondlife.com\/de\/wp-json\/wp\/v2\/users\/1"}],"replies":[{"embeddable":true,"href":"https:\/\/www.barbie-secondlife.com\/de\/wp-json\/wp\/v2\/comments?post=602754"}],"version-history":[{"count":0,"href":"https:\/\/www.barbie-secondlife.com\/de\/wp-json\/wp\/v2\/pages\/602754\/revisions"}],"wp:attachment":[{"href":"https:\/\/www.barbie-secondlife.com\/de\/wp-json\/wp\/v2\/media?parent=602754"}],"curies":[{"name":"wp","href":"https:\/\/api.w.org\/{rel}","templated":true}]}}